{"id":47959,"date":"2025-05-29T15:57:58","date_gmt":"2025-05-29T12:57:58","guid":{"rendered":"https:\/\/miumjau.ee\/toode\/dabisks-100-galas-naskis-frigera-trusisu-kubini-250-g\/"},"modified":"2026-01-07T21:20:31","modified_gmt":"2026-01-07T19:20:31","slug":"dabisks-100-galas-naskis-frigera-trusisu-kubini-250-g","status":"publish","type":"product","link":"https:\/\/miumjau.ee\/lv\/produkts\/dabisks-100-galas-naskis-frigera-trusisu-kubini-250-g\/","title":{"rendered":"Dabisks 100% ga\u013cas na\u0161\u0137is, Frigera trus\u012b\u0161u kubi\u0146i 250 g"},"content":{"rendered":"","protected":false},"excerpt":{"rendered":"<p data-start=\"1969\" data-end=\"2220\">friGERA trus\u012b\u0161u ga\u013cas kubi\u0146i ir gardi, bezglut\u0113na un bezgraudu na\u0161\u0137i ar augstu ga\u013cas saturu, bez m\u0101ksl\u012bg\u0101m gar\u0161\u0101m, kr\u0101sviel\u0101m vai konservantiem. Vissvar\u012bg\u0101kais \u2013 tie ir bag\u0101ti ar olbaltumviel\u0101m un sniedz sunim v\u0113rt\u012bgu ener\u0123iju n\u0101kamajam piedz\u012bvojumam!<\/p>\n<p data-start=\"2222\" data-end=\"2428\">T\u0101 k\u0101 tie ir mazi, porcij\u0101s sadal\u012bti un viegli sagremojami, tie lieliski der ar\u012b maziem, jauniem vai liek\u0101 svara su\u0146iem. Patiesi gar\u0161\u012bgs k\u0101rums tavam m\u012blulim un absol\u016bti nepiecie\u0161ams katram su\u0146u saimniekam!<\/p>\n<p data-start=\"2430\" data-end=\"2453\">Sast\u0101vs: 100 % trusis<\/p>\n<p data-start=\"2455\" data-end=\"2631\">Lieto\u0161anas instrukcija: Dod k\u0101 na\u0161\u0137i starp \u0113dienreiz\u0113m vai k\u0101 balvu sabalans\u0113ta uztura sast\u0101v\u0101. Baro\u0161anas laik\u0101 uzraugi suni un nodro\u0161ini svaigu \u016bdeni. Nav paredz\u0113ts cilv\u0113kiem.<\/p>\n<p data-start=\"2633\" data-end=\"2705\">Anal\u012btiskais sast\u0101vs: Olbaltumvielas 40,2 %, Tauki 23,4 %, Mitrums 9,1 %<\/p>\n","protected":false},"featured_media":47957,"template":"","meta":[],"product_brand":[],"product_cat":[573,576],"product_tag":[],"class_list":{"0":"post-47959","1":"product","2":"type-product","3":"status-publish","4":"has-post-thumbnail","6":"product_cat-kaup24-lv","7":"product_cat-naski-suniem","9":"first","10":"instock","11":"taxable","12":"shipping-taxable","13":"purchasable","14":"product-type-simple"},"yoast_head":"<!-- This site is optimized with the Yoast SEO plugin v27.4 - https:\/\/yoast.com\/product\/yoast-seo-wordpress\/ -->\n<title>Dabisks 100% ga\u013cas na\u0161\u0137is, Frigera trus\u012b\u0161u kubi\u0146i 250 g - MiuMjau<\/title>\n<meta name=\"robots\" content=\"index, follow, max-snippet:-1, max-image-preview:large, max-video-preview:-1\" \/>\n<link rel=\"canonical\" href=\"https:\/\/miumjau.ee\/lv\/produkts\/dabisks-100-galas-naskis-frigera-trusisu-kubini-250-g\/\" \/>\n<meta property=\"og:locale\" content=\"lv_LV\" \/>\n<meta property=\"og:type\" content=\"article\" \/>\n<meta property=\"og:title\" content=\"Dabisks 100% ga\u013cas na\u0161\u0137is, Frigera trus\u012b\u0161u kubi\u0146i 250 g - MiuMjau\" \/>\n<meta property=\"og:description\" content=\"friGERA trus\u012b\u0161u ga\u013cas kubi\u0146i ir gardi, bezglut\u0113na un bezgraudu na\u0161\u0137i ar augstu ga\u013cas saturu, bez m\u0101ksl\u012bg\u0101m gar\u0161\u0101m, kr\u0101sviel\u0101m vai konservantiem. Vissvar\u012bg\u0101kais \u2013 tie ir bag\u0101ti ar olbaltumviel\u0101m un sniedz sunim v\u0113rt\u012bgu ener\u0123iju n\u0101kamajam piedz\u012bvojumam! T\u0101 k\u0101 tie ir mazi, porcij\u0101s sadal\u012bti un viegli sagremojami, tie lieliski der ar\u012b maziem, jauniem vai liek\u0101 svara su\u0146iem. Patiesi gar\u0161\u012bgs k\u0101rums tavam m\u012blulim un absol\u016bti nepiecie\u0161ams katram su\u0146u saimniekam! Sast\u0101vs: 100 % trusis Lieto\u0161anas instrukcija: Dod k\u0101 na\u0161\u0137i starp \u0113dienreiz\u0113m vai k\u0101 balvu sabalans\u0113ta uztura sast\u0101v\u0101. Baro\u0161anas laik\u0101 uzraugi suni un nodro\u0161ini svaigu \u016bdeni. Nav paredz\u0113ts cilv\u0113kiem. Anal\u012btiskais sast\u0101vs: Olbaltumvielas 40,2 %, Tauki 23,4 %, Mitrums 9,1 %\" \/>\n<meta property=\"og:url\" content=\"https:\/\/miumjau.ee\/lv\/produkts\/dabisks-100-galas-naskis-frigera-trusisu-kubini-250-g\/\" \/>\n<meta property=\"og:site_name\" content=\"MiuMjau\" \/>\n<meta property=\"article:publisher\" content=\"https:\/\/www.facebook.com\/miumjaupood\/\" \/>\n<meta property=\"article:modified_time\" content=\"2026-01-07T19:20:31+00:00\" \/>\n<meta property=\"og:image\" content=\"https:\/\/miumjau.ee\/wp-content\/uploads\/2025\/05\/frigera-koerte-maius-janeseliha-kuubikud-250-g-1-Photoroom.jpg\" \/>\n\t<meta property=\"og:image:width\" content=\"600\" \/>\n\t<meta property=\"og:image:height\" content=\"800\" \/>\n\t<meta property=\"og:image:type\" content=\"image\/jpeg\" \/>\n<meta name=\"twitter:card\" content=\"summary_large_image\" \/>\n<script type=\"application\/ld+json\" class=\"yoast-schema-graph\">{\"@context\":\"https:\\\/\\\/schema.org\",\"@graph\":[{\"@type\":\"WebPage\",\"@id\":\"https:\\\/\\\/miumjau.ee\\\/lv\\\/produkts\\\/dabisks-100-galas-naskis-frigera-trusisu-kubini-250-g\\\/\",\"url\":\"https:\\\/\\\/miumjau.ee\\\/lv\\\/produkts\\\/dabisks-100-galas-naskis-frigera-trusisu-kubini-250-g\\\/\",\"name\":\"Dabisks 100% ga\u013cas na\u0161\u0137is, Frigera trus\u012b\u0161u kubi\u0146i 250 g - MiuMjau\",\"isPartOf\":{\"@id\":\"https:\\\/\\\/miumjau.ee\\\/#website\"},\"primaryImageOfPage\":{\"@id\":\"https:\\\/\\\/miumjau.ee\\\/lv\\\/produkts\\\/dabisks-100-galas-naskis-frigera-trusisu-kubini-250-g\\\/#primaryimage\"},\"image\":{\"@id\":\"https:\\\/\\\/miumjau.ee\\\/lv\\\/produkts\\\/dabisks-100-galas-naskis-frigera-trusisu-kubini-250-g\\\/#primaryimage\"},\"thumbnailUrl\":\"https:\\\/\\\/miumjau.ee\\\/wp-content\\\/uploads\\\/2025\\\/05\\\/frigera-koerte-maius-janeseliha-kuubikud-250-g-1-Photoroom.jpg\",\"datePublished\":\"2025-05-29T12:57:58+00:00\",\"dateModified\":\"2026-01-07T19:20:31+00:00\",\"breadcrumb\":{\"@id\":\"https:\\\/\\\/miumjau.ee\\\/lv\\\/produkts\\\/dabisks-100-galas-naskis-frigera-trusisu-kubini-250-g\\\/#breadcrumb\"},\"inLanguage\":\"lv-LV\",\"potentialAction\":[{\"@type\":\"ReadAction\",\"target\":[\"https:\\\/\\\/miumjau.ee\\\/lv\\\/produkts\\\/dabisks-100-galas-naskis-frigera-trusisu-kubini-250-g\\\/\"]}]},{\"@type\":\"ImageObject\",\"inLanguage\":\"lv-LV\",\"@id\":\"https:\\\/\\\/miumjau.ee\\\/lv\\\/produkts\\\/dabisks-100-galas-naskis-frigera-trusisu-kubini-250-g\\\/#primaryimage\",\"url\":\"https:\\\/\\\/miumjau.ee\\\/wp-content\\\/uploads\\\/2025\\\/05\\\/frigera-koerte-maius-janeseliha-kuubikud-250-g-1-Photoroom.jpg\",\"contentUrl\":\"https:\\\/\\\/miumjau.ee\\\/wp-content\\\/uploads\\\/2025\\\/05\\\/frigera-koerte-maius-janeseliha-kuubikud-250-g-1-Photoroom.jpg\",\"width\":600,\"height\":800},{\"@type\":\"BreadcrumbList\",\"@id\":\"https:\\\/\\\/miumjau.ee\\\/lv\\\/produkts\\\/dabisks-100-galas-naskis-frigera-trusisu-kubini-250-g\\\/#breadcrumb\",\"itemListElement\":[{\"@type\":\"ListItem\",\"position\":1,\"name\":\"Home\",\"item\":\"https:\\\/\\\/miumjau.ee\\\/lv\\\/\"},{\"@type\":\"ListItem\",\"position\":2,\"name\":\"Veikals\",\"item\":\"https:\\\/\\\/miumjau.ee\\\/lv\\\/veikals\\\/\"},{\"@type\":\"ListItem\",\"position\":3,\"name\":\"Dabisks 100% ga\u013cas na\u0161\u0137is, Frigera trus\u012b\u0161u kubi\u0146i 250 g\"}]},{\"@type\":\"WebSite\",\"@id\":\"https:\\\/\\\/miumjau.ee\\\/#website\",\"url\":\"https:\\\/\\\/miumjau.ee\\\/\",\"name\":\"MiuMjau\",\"description\":\"Kraapimispuud kassidele\",\"publisher\":{\"@id\":\"https:\\\/\\\/miumjau.ee\\\/#organization\"},\"potentialAction\":[{\"@type\":\"SearchAction\",\"target\":{\"@type\":\"EntryPoint\",\"urlTemplate\":\"https:\\\/\\\/miumjau.ee\\\/?s={search_term_string}\"},\"query-input\":{\"@type\":\"PropertyValueSpecification\",\"valueRequired\":true,\"valueName\":\"search_term_string\"}}],\"inLanguage\":\"lv-LV\"},{\"@type\":\"Organization\",\"@id\":\"https:\\\/\\\/miumjau.ee\\\/#organization\",\"name\":\"MiuMjau O\u00dc\",\"url\":\"https:\\\/\\\/miumjau.ee\\\/\",\"logo\":{\"@type\":\"ImageObject\",\"inLanguage\":\"lv-LV\",\"@id\":\"https:\\\/\\\/miumjau.ee\\\/#\\\/schema\\\/logo\\\/image\\\/\",\"url\":\"https:\\\/\\\/miumjau.ee\\\/wp-content\\\/uploads\\\/2022\\\/04\\\/MiuMjau-logo-kollane.png\",\"contentUrl\":\"https:\\\/\\\/miumjau.ee\\\/wp-content\\\/uploads\\\/2022\\\/04\\\/MiuMjau-logo-kollane.png\",\"width\":219,\"height\":100,\"caption\":\"MiuMjau O\u00dc\"},\"image\":{\"@id\":\"https:\\\/\\\/miumjau.ee\\\/#\\\/schema\\\/logo\\\/image\\\/\"},\"sameAs\":[\"https:\\\/\\\/www.facebook.com\\\/miumjaupood\\\/\"]}]}<\/script>\n<!-- \/ Yoast SEO plugin. -->","yoast_head_json":{"title":"Dabisks 100% ga\u013cas na\u0161\u0137is, Frigera trus\u012b\u0161u kubi\u0146i 250 g - MiuMjau","robots":{"index":"index","follow":"follow","max-snippet":"max-snippet:-1","max-image-preview":"max-image-preview:large","max-video-preview":"max-video-preview:-1"},"canonical":"https:\/\/miumjau.ee\/lv\/produkts\/dabisks-100-galas-naskis-frigera-trusisu-kubini-250-g\/","og_locale":"lv_LV","og_type":"article","og_title":"Dabisks 100% ga\u013cas na\u0161\u0137is, Frigera trus\u012b\u0161u kubi\u0146i 250 g - MiuMjau","og_description":"friGERA trus\u012b\u0161u ga\u013cas kubi\u0146i ir gardi, bezglut\u0113na un bezgraudu na\u0161\u0137i ar augstu ga\u013cas saturu, bez m\u0101ksl\u012bg\u0101m gar\u0161\u0101m, kr\u0101sviel\u0101m vai konservantiem. Vissvar\u012bg\u0101kais \u2013 tie ir bag\u0101ti ar olbaltumviel\u0101m un sniedz sunim v\u0113rt\u012bgu ener\u0123iju n\u0101kamajam piedz\u012bvojumam! T\u0101 k\u0101 tie ir mazi, porcij\u0101s sadal\u012bti un viegli sagremojami, tie lieliski der ar\u012b maziem, jauniem vai liek\u0101 svara su\u0146iem. Patiesi gar\u0161\u012bgs k\u0101rums tavam m\u012blulim un absol\u016bti nepiecie\u0161ams katram su\u0146u saimniekam! Sast\u0101vs: 100 % trusis Lieto\u0161anas instrukcija: Dod k\u0101 na\u0161\u0137i starp \u0113dienreiz\u0113m vai k\u0101 balvu sabalans\u0113ta uztura sast\u0101v\u0101. Baro\u0161anas laik\u0101 uzraugi suni un nodro\u0161ini svaigu \u016bdeni. Nav paredz\u0113ts cilv\u0113kiem. Anal\u012btiskais sast\u0101vs: Olbaltumvielas 40,2 %, Tauki 23,4 %, Mitrums 9,1 %","og_url":"https:\/\/miumjau.ee\/lv\/produkts\/dabisks-100-galas-naskis-frigera-trusisu-kubini-250-g\/","og_site_name":"MiuMjau","article_publisher":"https:\/\/www.facebook.com\/miumjaupood\/","article_modified_time":"2026-01-07T19:20:31+00:00","og_image":[{"width":600,"height":800,"url":"https:\/\/miumjau.ee\/wp-content\/uploads\/2025\/05\/frigera-koerte-maius-janeseliha-kuubikud-250-g-1-Photoroom.jpg","type":"image\/jpeg"}],"twitter_card":"summary_large_image","schema":{"@context":"https:\/\/schema.org","@graph":[{"@type":"WebPage","@id":"https:\/\/miumjau.ee\/lv\/produkts\/dabisks-100-galas-naskis-frigera-trusisu-kubini-250-g\/","url":"https:\/\/miumjau.ee\/lv\/produkts\/dabisks-100-galas-naskis-frigera-trusisu-kubini-250-g\/","name":"Dabisks 100% ga\u013cas na\u0161\u0137is, Frigera trus\u012b\u0161u kubi\u0146i 250 g - MiuMjau","isPartOf":{"@id":"https:\/\/miumjau.ee\/#website"},"primaryImageOfPage":{"@id":"https:\/\/miumjau.ee\/lv\/produkts\/dabisks-100-galas-naskis-frigera-trusisu-kubini-250-g\/#primaryimage"},"image":{"@id":"https:\/\/miumjau.ee\/lv\/produkts\/dabisks-100-galas-naskis-frigera-trusisu-kubini-250-g\/#primaryimage"},"thumbnailUrl":"https:\/\/miumjau.ee\/wp-content\/uploads\/2025\/05\/frigera-koerte-maius-janeseliha-kuubikud-250-g-1-Photoroom.jpg","datePublished":"2025-05-29T12:57:58+00:00","dateModified":"2026-01-07T19:20:31+00:00","breadcrumb":{"@id":"https:\/\/miumjau.ee\/lv\/produkts\/dabisks-100-galas-naskis-frigera-trusisu-kubini-250-g\/#breadcrumb"},"inLanguage":"lv-LV","potentialAction":[{"@type":"ReadAction","target":["https:\/\/miumjau.ee\/lv\/produkts\/dabisks-100-galas-naskis-frigera-trusisu-kubini-250-g\/"]}]},{"@type":"ImageObject","inLanguage":"lv-LV","@id":"https:\/\/miumjau.ee\/lv\/produkts\/dabisks-100-galas-naskis-frigera-trusisu-kubini-250-g\/#primaryimage","url":"https:\/\/miumjau.ee\/wp-content\/uploads\/2025\/05\/frigera-koerte-maius-janeseliha-kuubikud-250-g-1-Photoroom.jpg","contentUrl":"https:\/\/miumjau.ee\/wp-content\/uploads\/2025\/05\/frigera-koerte-maius-janeseliha-kuubikud-250-g-1-Photoroom.jpg","width":600,"height":800},{"@type":"BreadcrumbList","@id":"https:\/\/miumjau.ee\/lv\/produkts\/dabisks-100-galas-naskis-frigera-trusisu-kubini-250-g\/#breadcrumb","itemListElement":[{"@type":"ListItem","position":1,"name":"Home","item":"https:\/\/miumjau.ee\/lv\/"},{"@type":"ListItem","position":2,"name":"Veikals","item":"https:\/\/miumjau.ee\/lv\/veikals\/"},{"@type":"ListItem","position":3,"name":"Dabisks 100% ga\u013cas na\u0161\u0137is, Frigera trus\u012b\u0161u kubi\u0146i 250 g"}]},{"@type":"WebSite","@id":"https:\/\/miumjau.ee\/#website","url":"https:\/\/miumjau.ee\/","name":"MiuMjau","description":"Kraapimispuud kassidele","publisher":{"@id":"https:\/\/miumjau.ee\/#organization"},"potentialAction":[{"@type":"SearchAction","target":{"@type":"EntryPoint","urlTemplate":"https:\/\/miumjau.ee\/?s={search_term_string}"},"query-input":{"@type":"PropertyValueSpecification","valueRequired":true,"valueName":"search_term_string"}}],"inLanguage":"lv-LV"},{"@type":"Organization","@id":"https:\/\/miumjau.ee\/#organization","name":"MiuMjau O\u00dc","url":"https:\/\/miumjau.ee\/","logo":{"@type":"ImageObject","inLanguage":"lv-LV","@id":"https:\/\/miumjau.ee\/#\/schema\/logo\/image\/","url":"https:\/\/miumjau.ee\/wp-content\/uploads\/2022\/04\/MiuMjau-logo-kollane.png","contentUrl":"https:\/\/miumjau.ee\/wp-content\/uploads\/2022\/04\/MiuMjau-logo-kollane.png","width":219,"height":100,"caption":"MiuMjau O\u00dc"},"image":{"@id":"https:\/\/miumjau.ee\/#\/schema\/logo\/image\/"},"sameAs":["https:\/\/www.facebook.com\/miumjaupood\/"]}]}},"_links":{"self":[{"href":"https:\/\/miumjau.ee\/lv\/wp-json\/wp\/v2\/product\/47959","targetHints":{"allow":["GET"]}}],"collection":[{"href":"https:\/\/miumjau.ee\/lv\/wp-json\/wp\/v2\/product"}],"about":[{"href":"https:\/\/miumjau.ee\/lv\/wp-json\/wp\/v2\/types\/product"}],"wp:featuredmedia":[{"embeddable":true,"href":"https:\/\/miumjau.ee\/lv\/wp-json\/wp\/v2\/media\/47957"}],"wp:attachment":[{"href":"https:\/\/miumjau.ee\/lv\/wp-json\/wp\/v2\/media?parent=47959"}],"wp:term":[{"taxonomy":"product_brand","embeddable":true,"href":"https:\/\/miumjau.ee\/lv\/wp-json\/wp\/v2\/product_brand?post=47959"},{"taxonomy":"product_cat","embeddable":true,"href":"https:\/\/miumjau.ee\/lv\/wp-json\/wp\/v2\/product_cat?post=47959"},{"taxonomy":"product_tag","embeddable":true,"href":"https:\/\/miumjau.ee\/lv\/wp-json\/wp\/v2\/product_tag?post=47959"}],"curies":[{"name":"wp","href":"https:\/\/api.w.org\/{rel}","templated":true}]}}