{"id":47949,"date":"2025-05-29T21:04:42","date_gmt":"2025-05-29T18:04:42","guid":{"rendered":"https:\/\/miumjau.ee\/toode\/dabigi-zaveti-liellopa-filejas-gabali-frigera-100-g\/"},"modified":"2026-01-07T21:20:31","modified_gmt":"2026-01-07T19:20:31","slug":"dabigi-zaveti-liellopa-filejas-gabali-frigera-100-g","status":"publish","type":"product","link":"https:\/\/miumjau.ee\/lv\/produkts\/dabigi-zaveti-liellopa-filejas-gabali-frigera-100-g\/","title":{"rendered":"Dab\u012bgi \u017e\u0101v\u0113ti liellopa filejas gabali Frigera 100 g"},"content":{"rendered":"","protected":false},"excerpt":{"rendered":"<p data-start=\"2459\" data-end=\"2592\">Vai v\u0113lies patiesi palutin\u0101t savu m\u012b\u013co \u010detrk\u0101jaino draugu? Iepl\u016bc friGERA liellopa filejas \u0161\u0137\u0113les \u2013 lielisks veids, k\u0101 apbalvot suni!<\/p>\n<p data-start=\"2594\" data-end=\"2877\">M\u016bsu liellopa \u0161\u0137\u0113les ir gar\u0161\u012bgi na\u0161\u0137i, kas gatavoti no augstas kvalit\u0101tes ga\u013cas. T\u0101s tiek saudz\u012bgi kalt\u0113tas, lai ieg\u016btu m\u012bkstu, bet viegli krauk\u0161\u0137\u012bgu tekst\u016bru. Ide\u0101li, lai suns var\u0113tu ilgsto\u0161i nodarbin\u0101t sevi, piem\u0113ram, kad esi darb\u0101. Un pats lab\u0101kais \u2013 \u0161is k\u0101rums ir piln\u012bgi dab\u012bgs!<\/p>\n<p data-start=\"2879\" data-end=\"3149\">\u0160\u0137\u0113les ir ar augstu olbaltumvielu saturu un bag\u0101tas ar dzelzi, cinku, magniju un B12 vitam\u012bnu, kas atbalsta musku\u013cu vesel\u012bbu un nodro\u0161ina svar\u012bgas uzturvielas. Pateicoties \u0113rtajam izm\u0113ram un vieglai porciju sadal\u012b\u0161anai, katrs suns \u2013 ar\u012b kuc\u0113ni \u2013 var izbaud\u012bt \u0161o gardumu!<\/p>\n<p data-start=\"3151\" data-end=\"3181\">Sast\u0101vs: 100 % liellopu ga\u013ca<\/p>\n<p data-start=\"3183\" data-end=\"3365\">Lieto\u0161anas instrukcija: Dod k\u0101 na\u0161\u0137i vai balvu starp \u0113dienreiz\u0113m k\u0101 da\u013cu no sabalans\u0113ta uztura. Baro\u0161anas laik\u0101 uzraugi suni un nodro\u0161ini svaigu \u016bdeni. Nav paredz\u0113ts cilv\u0113ku uzturam.<\/p>\n<p data-start=\"3367\" data-end=\"3463\">Anal\u012btiskais sast\u0101vs: Olbaltumvielas 65 %, Tauki 4,6 %, Pelni 3,2 %, \u0160\u0137iedra 1,8 %, Mitrums 13 %<\/p>\n","protected":false},"featured_media":47950,"template":"","meta":[],"product_brand":[],"product_cat":[576],"product_tag":[],"class_list":{"0":"post-47949","1":"product","2":"type-product","3":"status-publish","4":"has-post-thumbnail","6":"product_cat-naski-suniem","8":"first","9":"instock","10":"taxable","11":"shipping-taxable","12":"purchasable","13":"product-type-simple"},"yoast_head":"<!-- This site is optimized with the Yoast SEO plugin v27.2 - https:\/\/yoast.com\/product\/yoast-seo-wordpress\/ -->\n<title>Dab\u012bgi \u017e\u0101v\u0113ti liellopa filejas gabali Frigera 100 g - MiuMjau<\/title>\n<meta name=\"robots\" content=\"index, follow, max-snippet:-1, max-image-preview:large, max-video-preview:-1\" \/>\n<link rel=\"canonical\" href=\"https:\/\/miumjau.ee\/lv\/produkts\/dabigi-zaveti-liellopa-filejas-gabali-frigera-100-g\/\" \/>\n<meta property=\"og:locale\" content=\"lv_LV\" \/>\n<meta property=\"og:type\" content=\"article\" \/>\n<meta property=\"og:title\" content=\"Dab\u012bgi \u017e\u0101v\u0113ti liellopa filejas gabali Frigera 100 g - MiuMjau\" \/>\n<meta property=\"og:description\" content=\"Vai v\u0113lies patiesi palutin\u0101t savu m\u012b\u013co \u010detrk\u0101jaino draugu? Iepl\u016bc friGERA liellopa filejas \u0161\u0137\u0113les \u2013 lielisks veids, k\u0101 apbalvot suni! M\u016bsu liellopa \u0161\u0137\u0113les ir gar\u0161\u012bgi na\u0161\u0137i, kas gatavoti no augstas kvalit\u0101tes ga\u013cas. T\u0101s tiek saudz\u012bgi kalt\u0113tas, lai ieg\u016btu m\u012bkstu, bet viegli krauk\u0161\u0137\u012bgu tekst\u016bru. Ide\u0101li, lai suns var\u0113tu ilgsto\u0161i nodarbin\u0101t sevi, piem\u0113ram, kad esi darb\u0101. Un pats lab\u0101kais \u2013 \u0161is k\u0101rums ir piln\u012bgi dab\u012bgs! \u0160\u0137\u0113les ir ar augstu olbaltumvielu saturu un bag\u0101tas ar dzelzi, cinku, magniju un B12 vitam\u012bnu, kas atbalsta musku\u013cu vesel\u012bbu un nodro\u0161ina svar\u012bgas uzturvielas. Pateicoties \u0113rtajam izm\u0113ram un vieglai porciju sadal\u012b\u0161anai, katrs suns \u2013 ar\u012b kuc\u0113ni \u2013 var izbaud\u012bt \u0161o gardumu! Sast\u0101vs: 100 % liellopu ga\u013ca Lieto\u0161anas instrukcija: Dod k\u0101 na\u0161\u0137i vai balvu starp \u0113dienreiz\u0113m k\u0101 da\u013cu no sabalans\u0113ta uztura. Baro\u0161anas laik\u0101 uzraugi suni un nodro\u0161ini svaigu \u016bdeni. Nav paredz\u0113ts cilv\u0113ku uzturam. Anal\u012btiskais sast\u0101vs: Olbaltumvielas 65 %, Tauki 4,6 %, Pelni 3,2 %, \u0160\u0137iedra 1,8 %, Mitrums 13 %\" \/>\n<meta property=\"og:url\" content=\"https:\/\/miumjau.ee\/lv\/produkts\/dabigi-zaveti-liellopa-filejas-gabali-frigera-100-g\/\" \/>\n<meta property=\"og:site_name\" content=\"MiuMjau\" \/>\n<meta property=\"article:publisher\" content=\"https:\/\/www.facebook.com\/miumjaupood\/\" \/>\n<meta property=\"article:modified_time\" content=\"2026-01-07T19:20:31+00:00\" \/>\n<meta property=\"og:image\" content=\"https:\/\/miumjau.ee\/wp-content\/uploads\/2025\/05\/frigera-koerte-maius-naturaalsed-veiselihaloigud-100-g-1-Photoroom.webp\" \/>\n\t<meta property=\"og:image:width\" content=\"600\" \/>\n\t<meta property=\"og:image:height\" content=\"800\" \/>\n\t<meta property=\"og:image:type\" content=\"image\/webp\" \/>\n<meta name=\"twitter:card\" content=\"summary_large_image\" \/>\n<script type=\"application\/ld+json\" class=\"yoast-schema-graph\">{\"@context\":\"https:\/\/schema.org\",\"@graph\":[{\"@type\":\"WebPage\",\"@id\":\"https:\/\/miumjau.ee\/lv\/produkts\/dabigi-zaveti-liellopa-filejas-gabali-frigera-100-g\/\",\"url\":\"https:\/\/miumjau.ee\/lv\/produkts\/dabigi-zaveti-liellopa-filejas-gabali-frigera-100-g\/\",\"name\":\"Dab\u012bgi \u017e\u0101v\u0113ti liellopa filejas gabali Frigera 100 g - MiuMjau\",\"isPartOf\":{\"@id\":\"https:\/\/miumjau.ee\/#website\"},\"primaryImageOfPage\":{\"@id\":\"https:\/\/miumjau.ee\/lv\/produkts\/dabigi-zaveti-liellopa-filejas-gabali-frigera-100-g\/#primaryimage\"},\"image\":{\"@id\":\"https:\/\/miumjau.ee\/lv\/produkts\/dabigi-zaveti-liellopa-filejas-gabali-frigera-100-g\/#primaryimage\"},\"thumbnailUrl\":\"https:\/\/miumjau.ee\/wp-content\/uploads\/2025\/05\/frigera-koerte-maius-naturaalsed-veiselihaloigud-100-g-1-Photoroom.webp\",\"datePublished\":\"2025-05-29T18:04:42+00:00\",\"dateModified\":\"2026-01-07T19:20:31+00:00\",\"breadcrumb\":{\"@id\":\"https:\/\/miumjau.ee\/lv\/produkts\/dabigi-zaveti-liellopa-filejas-gabali-frigera-100-g\/#breadcrumb\"},\"inLanguage\":\"lv-LV\",\"potentialAction\":[{\"@type\":\"ReadAction\",\"target\":[\"https:\/\/miumjau.ee\/lv\/produkts\/dabigi-zaveti-liellopa-filejas-gabali-frigera-100-g\/\"]}]},{\"@type\":\"ImageObject\",\"inLanguage\":\"lv-LV\",\"@id\":\"https:\/\/miumjau.ee\/lv\/produkts\/dabigi-zaveti-liellopa-filejas-gabali-frigera-100-g\/#primaryimage\",\"url\":\"https:\/\/miumjau.ee\/wp-content\/uploads\/2025\/05\/frigera-koerte-maius-naturaalsed-veiselihaloigud-100-g-1-Photoroom.webp\",\"contentUrl\":\"https:\/\/miumjau.ee\/wp-content\/uploads\/2025\/05\/frigera-koerte-maius-naturaalsed-veiselihaloigud-100-g-1-Photoroom.webp\",\"width\":600,\"height\":800},{\"@type\":\"BreadcrumbList\",\"@id\":\"https:\/\/miumjau.ee\/lv\/produkts\/dabigi-zaveti-liellopa-filejas-gabali-frigera-100-g\/#breadcrumb\",\"itemListElement\":[{\"@type\":\"ListItem\",\"position\":1,\"name\":\"Home\",\"item\":\"https:\/\/miumjau.ee\/lv\/\"},{\"@type\":\"ListItem\",\"position\":2,\"name\":\"Veikals\",\"item\":\"https:\/\/miumjau.ee\/lv\/veikals\/\"},{\"@type\":\"ListItem\",\"position\":3,\"name\":\"Dab\u012bgi \u017e\u0101v\u0113ti liellopa filejas gabali Frigera 100 g\"}]},{\"@type\":\"WebSite\",\"@id\":\"https:\/\/miumjau.ee\/#website\",\"url\":\"https:\/\/miumjau.ee\/\",\"name\":\"MiuMjau\",\"description\":\"Kraapimispuud kassidele\",\"publisher\":{\"@id\":\"https:\/\/miumjau.ee\/#organization\"},\"potentialAction\":[{\"@type\":\"SearchAction\",\"target\":{\"@type\":\"EntryPoint\",\"urlTemplate\":\"https:\/\/miumjau.ee\/?s={search_term_string}\"},\"query-input\":{\"@type\":\"PropertyValueSpecification\",\"valueRequired\":true,\"valueName\":\"search_term_string\"}}],\"inLanguage\":\"lv-LV\"},{\"@type\":\"Organization\",\"@id\":\"https:\/\/miumjau.ee\/#organization\",\"name\":\"MiuMjau O\u00dc\",\"url\":\"https:\/\/miumjau.ee\/\",\"logo\":{\"@type\":\"ImageObject\",\"inLanguage\":\"lv-LV\",\"@id\":\"https:\/\/miumjau.ee\/#\/schema\/logo\/image\/\",\"url\":\"https:\/\/miumjau.ee\/wp-content\/uploads\/2022\/04\/MiuMjau-logo-kollane.png\",\"contentUrl\":\"https:\/\/miumjau.ee\/wp-content\/uploads\/2022\/04\/MiuMjau-logo-kollane.png\",\"width\":219,\"height\":100,\"caption\":\"MiuMjau O\u00dc\"},\"image\":{\"@id\":\"https:\/\/miumjau.ee\/#\/schema\/logo\/image\/\"},\"sameAs\":[\"https:\/\/www.facebook.com\/miumjaupood\/\"]}]}<\/script>\n<!-- \/ Yoast SEO plugin. -->","yoast_head_json":{"title":"Dab\u012bgi \u017e\u0101v\u0113ti liellopa filejas gabali Frigera 100 g - MiuMjau","robots":{"index":"index","follow":"follow","max-snippet":"max-snippet:-1","max-image-preview":"max-image-preview:large","max-video-preview":"max-video-preview:-1"},"canonical":"https:\/\/miumjau.ee\/lv\/produkts\/dabigi-zaveti-liellopa-filejas-gabali-frigera-100-g\/","og_locale":"lv_LV","og_type":"article","og_title":"Dab\u012bgi \u017e\u0101v\u0113ti liellopa filejas gabali Frigera 100 g - MiuMjau","og_description":"Vai v\u0113lies patiesi palutin\u0101t savu m\u012b\u013co \u010detrk\u0101jaino draugu? Iepl\u016bc friGERA liellopa filejas \u0161\u0137\u0113les \u2013 lielisks veids, k\u0101 apbalvot suni! M\u016bsu liellopa \u0161\u0137\u0113les ir gar\u0161\u012bgi na\u0161\u0137i, kas gatavoti no augstas kvalit\u0101tes ga\u013cas. T\u0101s tiek saudz\u012bgi kalt\u0113tas, lai ieg\u016btu m\u012bkstu, bet viegli krauk\u0161\u0137\u012bgu tekst\u016bru. Ide\u0101li, lai suns var\u0113tu ilgsto\u0161i nodarbin\u0101t sevi, piem\u0113ram, kad esi darb\u0101. Un pats lab\u0101kais \u2013 \u0161is k\u0101rums ir piln\u012bgi dab\u012bgs! \u0160\u0137\u0113les ir ar augstu olbaltumvielu saturu un bag\u0101tas ar dzelzi, cinku, magniju un B12 vitam\u012bnu, kas atbalsta musku\u013cu vesel\u012bbu un nodro\u0161ina svar\u012bgas uzturvielas. Pateicoties \u0113rtajam izm\u0113ram un vieglai porciju sadal\u012b\u0161anai, katrs suns \u2013 ar\u012b kuc\u0113ni \u2013 var izbaud\u012bt \u0161o gardumu! Sast\u0101vs: 100 % liellopu ga\u013ca Lieto\u0161anas instrukcija: Dod k\u0101 na\u0161\u0137i vai balvu starp \u0113dienreiz\u0113m k\u0101 da\u013cu no sabalans\u0113ta uztura. Baro\u0161anas laik\u0101 uzraugi suni un nodro\u0161ini svaigu \u016bdeni. Nav paredz\u0113ts cilv\u0113ku uzturam. Anal\u012btiskais sast\u0101vs: Olbaltumvielas 65 %, Tauki 4,6 %, Pelni 3,2 %, \u0160\u0137iedra 1,8 %, Mitrums 13 %","og_url":"https:\/\/miumjau.ee\/lv\/produkts\/dabigi-zaveti-liellopa-filejas-gabali-frigera-100-g\/","og_site_name":"MiuMjau","article_publisher":"https:\/\/www.facebook.com\/miumjaupood\/","article_modified_time":"2026-01-07T19:20:31+00:00","og_image":[{"width":600,"height":800,"url":"https:\/\/miumjau.ee\/wp-content\/uploads\/2025\/05\/frigera-koerte-maius-naturaalsed-veiselihaloigud-100-g-1-Photoroom.webp","type":"image\/webp"}],"twitter_card":"summary_large_image","schema":{"@context":"https:\/\/schema.org","@graph":[{"@type":"WebPage","@id":"https:\/\/miumjau.ee\/lv\/produkts\/dabigi-zaveti-liellopa-filejas-gabali-frigera-100-g\/","url":"https:\/\/miumjau.ee\/lv\/produkts\/dabigi-zaveti-liellopa-filejas-gabali-frigera-100-g\/","name":"Dab\u012bgi \u017e\u0101v\u0113ti liellopa filejas gabali Frigera 100 g - MiuMjau","isPartOf":{"@id":"https:\/\/miumjau.ee\/#website"},"primaryImageOfPage":{"@id":"https:\/\/miumjau.ee\/lv\/produkts\/dabigi-zaveti-liellopa-filejas-gabali-frigera-100-g\/#primaryimage"},"image":{"@id":"https:\/\/miumjau.ee\/lv\/produkts\/dabigi-zaveti-liellopa-filejas-gabali-frigera-100-g\/#primaryimage"},"thumbnailUrl":"https:\/\/miumjau.ee\/wp-content\/uploads\/2025\/05\/frigera-koerte-maius-naturaalsed-veiselihaloigud-100-g-1-Photoroom.webp","datePublished":"2025-05-29T18:04:42+00:00","dateModified":"2026-01-07T19:20:31+00:00","breadcrumb":{"@id":"https:\/\/miumjau.ee\/lv\/produkts\/dabigi-zaveti-liellopa-filejas-gabali-frigera-100-g\/#breadcrumb"},"inLanguage":"lv-LV","potentialAction":[{"@type":"ReadAction","target":["https:\/\/miumjau.ee\/lv\/produkts\/dabigi-zaveti-liellopa-filejas-gabali-frigera-100-g\/"]}]},{"@type":"ImageObject","inLanguage":"lv-LV","@id":"https:\/\/miumjau.ee\/lv\/produkts\/dabigi-zaveti-liellopa-filejas-gabali-frigera-100-g\/#primaryimage","url":"https:\/\/miumjau.ee\/wp-content\/uploads\/2025\/05\/frigera-koerte-maius-naturaalsed-veiselihaloigud-100-g-1-Photoroom.webp","contentUrl":"https:\/\/miumjau.ee\/wp-content\/uploads\/2025\/05\/frigera-koerte-maius-naturaalsed-veiselihaloigud-100-g-1-Photoroom.webp","width":600,"height":800},{"@type":"BreadcrumbList","@id":"https:\/\/miumjau.ee\/lv\/produkts\/dabigi-zaveti-liellopa-filejas-gabali-frigera-100-g\/#breadcrumb","itemListElement":[{"@type":"ListItem","position":1,"name":"Home","item":"https:\/\/miumjau.ee\/lv\/"},{"@type":"ListItem","position":2,"name":"Veikals","item":"https:\/\/miumjau.ee\/lv\/veikals\/"},{"@type":"ListItem","position":3,"name":"Dab\u012bgi \u017e\u0101v\u0113ti liellopa filejas gabali Frigera 100 g"}]},{"@type":"WebSite","@id":"https:\/\/miumjau.ee\/#website","url":"https:\/\/miumjau.ee\/","name":"MiuMjau","description":"Kraapimispuud kassidele","publisher":{"@id":"https:\/\/miumjau.ee\/#organization"},"potentialAction":[{"@type":"SearchAction","target":{"@type":"EntryPoint","urlTemplate":"https:\/\/miumjau.ee\/?s={search_term_string}"},"query-input":{"@type":"PropertyValueSpecification","valueRequired":true,"valueName":"search_term_string"}}],"inLanguage":"lv-LV"},{"@type":"Organization","@id":"https:\/\/miumjau.ee\/#organization","name":"MiuMjau O\u00dc","url":"https:\/\/miumjau.ee\/","logo":{"@type":"ImageObject","inLanguage":"lv-LV","@id":"https:\/\/miumjau.ee\/#\/schema\/logo\/image\/","url":"https:\/\/miumjau.ee\/wp-content\/uploads\/2022\/04\/MiuMjau-logo-kollane.png","contentUrl":"https:\/\/miumjau.ee\/wp-content\/uploads\/2022\/04\/MiuMjau-logo-kollane.png","width":219,"height":100,"caption":"MiuMjau O\u00dc"},"image":{"@id":"https:\/\/miumjau.ee\/#\/schema\/logo\/image\/"},"sameAs":["https:\/\/www.facebook.com\/miumjaupood\/"]}]}},"_links":{"self":[{"href":"https:\/\/miumjau.ee\/lv\/wp-json\/wp\/v2\/product\/47949","targetHints":{"allow":["GET"]}}],"collection":[{"href":"https:\/\/miumjau.ee\/lv\/wp-json\/wp\/v2\/product"}],"about":[{"href":"https:\/\/miumjau.ee\/lv\/wp-json\/wp\/v2\/types\/product"}],"wp:featuredmedia":[{"embeddable":true,"href":"https:\/\/miumjau.ee\/lv\/wp-json\/wp\/v2\/media\/47950"}],"wp:attachment":[{"href":"https:\/\/miumjau.ee\/lv\/wp-json\/wp\/v2\/media?parent=47949"}],"wp:term":[{"taxonomy":"product_brand","embeddable":true,"href":"https:\/\/miumjau.ee\/lv\/wp-json\/wp\/v2\/product_brand?post=47949"},{"taxonomy":"product_cat","embeddable":true,"href":"https:\/\/miumjau.ee\/lv\/wp-json\/wp\/v2\/product_cat?post=47949"},{"taxonomy":"product_tag","embeddable":true,"href":"https:\/\/miumjau.ee\/lv\/wp-json\/wp\/v2\/product_tag?post=47949"}],"curies":[{"name":"wp","href":"https:\/\/api.w.org\/{rel}","templated":true}]}}