{"id":47943,"date":"2025-05-29T21:16:49","date_gmt":"2025-05-29T18:16:49","guid":{"rendered":"https:\/\/miumjau.ee\/toode\/tela-nagi-dabigs-karums-frigera-10-gab\/"},"modified":"2026-01-07T21:20:38","modified_gmt":"2026-01-07T19:20:38","slug":"tela-nagi-dabigs-karums-frigera-10-gab","status":"publish","type":"product","link":"https:\/\/miumjau.ee\/lv\/produkts\/tela-nagi-dabigs-karums-frigera-10-gab\/","title":{"rendered":"Te\u013ca nagi, dab\u012bgs k\u0101rums Frigera 10 gab."},"content":{"rendered":"","protected":false},"excerpt":{"rendered":"<p data-start=\"2967\" data-end=\"3126\">K\u0101p\u0113c t\u0113r\u0113t naudu d\u0101rgiem sint\u0113tiskiem ko\u0161\u013c\u0101\u0161anas rota\u013clietu variantiem, ja daba pied\u0101v\u0101 lab\u0101ku un vesel\u012bg\u0101ku alternat\u012bvu? Tie\u0161i t\u0101 \u2013 te\u013ca nagi ir \u012bst\u0101 izv\u0113le!<\/p>\n<p data-start=\"3128\" data-end=\"3438\">friGERA te\u013ca nagi ir lieliski k\u0101rumi jauniem su\u0146iem ar sp\u0113c\u012bgu ko\u0161\u013c\u0101\u0161anas vajadz\u012bbu \u2013 tie veicina mutes higi\u0113nu un pal\u012bdz kuc\u0113niem zobu mai\u0146as laik\u0101. Nagi ir bag\u0101ti ar kerat\u012bnu (olbaltumvielu veidu) un \u013coti ar zemu tauku saturu, t\u0101p\u0113c tie atbalsta vesel\u012bgu musku\u013cu un apmatojuma att\u012bst\u012bbu bez liek\u0101m kalorij\u0101m.<\/p>\n<p data-start=\"3440\" data-end=\"3759\">Nagi ir viegli sagremojami un ar maigu arom\u0101tu, t\u0101p\u0113c tie ir piem\u0113roti ar\u012b lieto\u0161anai telp\u0101s vai pils\u0113tvid\u0113! Padoms: piepildi nagus ar kaut ko gar\u0161\u012bgu, kas pat\u012bk tavam sunim \u2013 pasta, ga\u013cas biezenis, mitr\u0101 bar\u012bba utt. Iesp\u0113jas ir nebeidzamas! Tas ir pieejams un efekt\u012bvs veids, k\u0101 m\u0101c\u012bt kuc\u0113nam labu ko\u0161\u013c\u0101\u0161anas uzved\u012bbu.<\/p>\n<p data-start=\"3761\" data-end=\"3996\">At\u0161\u0137ir\u012bb\u0101 no parastaj\u0101m rota\u013cliet\u0101m, kas vairs nesniedz uzturv\u0113rt\u012bbu, kad pild\u012bjums ir beidzies, nags pats par sevi paliek p\u0101ri \u2013 papildu bonuss apm\u0101c\u012bbai un rota\u013c\u0101m! Vajag iedvesmu pild\u012bjumiem? Tie\u0161saist\u0113 ir milz\u012bga kopiena ar idej\u0101m!<\/p>\n<p data-start=\"3998\" data-end=\"4023\">Sast\u0101vs: 100 % liellops<\/p>\n<p data-start=\"4025\" data-end=\"4215\">Lieto\u0161anas instrukcija: Dod k\u0101 na\u0161\u0137i vai balvu starp \u0113dienreiz\u0113m k\u0101 da\u013cu no sabalans\u0113ta uztura. Vienm\u0113r uzraugi suni baro\u0161anas laik\u0101 un nodro\u0161ini svaigu \u016bdeni. Nav paredz\u0113ts cilv\u0113ku uzturam.<\/p>\n<p data-start=\"4217\" data-end=\"4290\">Anal\u012btiskais sast\u0101vs: Olbaltumvielas 86,44 %, Tauki 3,07 %, Mitrums 7,4 %<\/p>\n","protected":false},"featured_media":47944,"template":"","meta":[],"product_brand":[],"product_cat":[576],"product_tag":[],"class_list":{"0":"post-47943","1":"product","2":"type-product","3":"status-publish","4":"has-post-thumbnail","6":"product_cat-naski-suniem","8":"first","9":"instock","10":"sale","11":"taxable","12":"shipping-taxable","13":"purchasable","14":"product-type-simple"},"yoast_head":"<!-- This site is optimized with the Yoast SEO plugin v27.4 - https:\/\/yoast.com\/product\/yoast-seo-wordpress\/ -->\n<title>Te\u013ca nagi, dab\u012bgs k\u0101rums Frigera 10 gab. - MiuMjau<\/title>\n<meta name=\"robots\" content=\"index, follow, max-snippet:-1, max-image-preview:large, max-video-preview:-1\" \/>\n<link rel=\"canonical\" href=\"https:\/\/miumjau.ee\/lv\/produkts\/tela-nagi-dabigs-karums-frigera-10-gab\/\" \/>\n<meta property=\"og:locale\" content=\"lv_LV\" \/>\n<meta property=\"og:type\" content=\"article\" \/>\n<meta property=\"og:title\" content=\"Te\u013ca nagi, dab\u012bgs k\u0101rums Frigera 10 gab. - MiuMjau\" \/>\n<meta property=\"og:description\" content=\"K\u0101p\u0113c t\u0113r\u0113t naudu d\u0101rgiem sint\u0113tiskiem ko\u0161\u013c\u0101\u0161anas rota\u013clietu variantiem, ja daba pied\u0101v\u0101 lab\u0101ku un vesel\u012bg\u0101ku alternat\u012bvu? Tie\u0161i t\u0101 \u2013 te\u013ca nagi ir \u012bst\u0101 izv\u0113le! friGERA te\u013ca nagi ir lieliski k\u0101rumi jauniem su\u0146iem ar sp\u0113c\u012bgu ko\u0161\u013c\u0101\u0161anas vajadz\u012bbu \u2013 tie veicina mutes higi\u0113nu un pal\u012bdz kuc\u0113niem zobu mai\u0146as laik\u0101. Nagi ir bag\u0101ti ar kerat\u012bnu (olbaltumvielu veidu) un \u013coti ar zemu tauku saturu, t\u0101p\u0113c tie atbalsta vesel\u012bgu musku\u013cu un apmatojuma att\u012bst\u012bbu bez liek\u0101m kalorij\u0101m. Nagi ir viegli sagremojami un ar maigu arom\u0101tu, t\u0101p\u0113c tie ir piem\u0113roti ar\u012b lieto\u0161anai telp\u0101s vai pils\u0113tvid\u0113! Padoms: piepildi nagus ar kaut ko gar\u0161\u012bgu, kas pat\u012bk tavam sunim \u2013 pasta, ga\u013cas biezenis, mitr\u0101 bar\u012bba utt. Iesp\u0113jas ir nebeidzamas! Tas ir pieejams un efekt\u012bvs veids, k\u0101 m\u0101c\u012bt kuc\u0113nam labu ko\u0161\u013c\u0101\u0161anas uzved\u012bbu. At\u0161\u0137ir\u012bb\u0101 no parastaj\u0101m rota\u013cliet\u0101m, kas vairs nesniedz uzturv\u0113rt\u012bbu, kad pild\u012bjums ir beidzies, nags pats par sevi paliek p\u0101ri \u2013 papildu bonuss apm\u0101c\u012bbai un rota\u013c\u0101m! Vajag iedvesmu pild\u012bjumiem? Tie\u0161saist\u0113 ir milz\u012bga kopiena ar idej\u0101m! Sast\u0101vs: 100 % liellops Lieto\u0161anas instrukcija: Dod k\u0101 na\u0161\u0137i vai balvu starp \u0113dienreiz\u0113m k\u0101 da\u013cu no sabalans\u0113ta uztura. Vienm\u0113r uzraugi suni baro\u0161anas laik\u0101 un nodro\u0161ini svaigu \u016bdeni. Nav paredz\u0113ts cilv\u0113ku uzturam. Anal\u012btiskais sast\u0101vs: Olbaltumvielas 86,44 %, Tauki 3,07 %, Mitrums 7,4 %\" \/>\n<meta property=\"og:url\" content=\"https:\/\/miumjau.ee\/lv\/produkts\/tela-nagi-dabigs-karums-frigera-10-gab\/\" \/>\n<meta property=\"og:site_name\" content=\"MiuMjau\" \/>\n<meta property=\"article:publisher\" content=\"https:\/\/www.facebook.com\/miumjaupood\/\" \/>\n<meta property=\"article:modified_time\" content=\"2026-01-07T19:20:38+00:00\" \/>\n<meta property=\"og:image\" content=\"https:\/\/miumjau.ee\/wp-content\/uploads\/2025\/05\/frigera-koerte-maius-vasikakabjad-10tk-1-Photoroom.webp\" \/>\n\t<meta property=\"og:image:width\" content=\"600\" \/>\n\t<meta property=\"og:image:height\" content=\"800\" \/>\n\t<meta property=\"og:image:type\" content=\"image\/webp\" \/>\n<meta name=\"twitter:card\" content=\"summary_large_image\" \/>\n<script type=\"application\/ld+json\" class=\"yoast-schema-graph\">{\"@context\":\"https:\\\/\\\/schema.org\",\"@graph\":[{\"@type\":\"WebPage\",\"@id\":\"https:\\\/\\\/miumjau.ee\\\/lv\\\/produkts\\\/tela-nagi-dabigs-karums-frigera-10-gab\\\/\",\"url\":\"https:\\\/\\\/miumjau.ee\\\/lv\\\/produkts\\\/tela-nagi-dabigs-karums-frigera-10-gab\\\/\",\"name\":\"Te\u013ca nagi, dab\u012bgs k\u0101rums Frigera 10 gab. - MiuMjau\",\"isPartOf\":{\"@id\":\"https:\\\/\\\/miumjau.ee\\\/#website\"},\"primaryImageOfPage\":{\"@id\":\"https:\\\/\\\/miumjau.ee\\\/lv\\\/produkts\\\/tela-nagi-dabigs-karums-frigera-10-gab\\\/#primaryimage\"},\"image\":{\"@id\":\"https:\\\/\\\/miumjau.ee\\\/lv\\\/produkts\\\/tela-nagi-dabigs-karums-frigera-10-gab\\\/#primaryimage\"},\"thumbnailUrl\":\"https:\\\/\\\/miumjau.ee\\\/wp-content\\\/uploads\\\/2025\\\/05\\\/frigera-koerte-maius-vasikakabjad-10tk-1-Photoroom.webp\",\"datePublished\":\"2025-05-29T18:16:49+00:00\",\"dateModified\":\"2026-01-07T19:20:38+00:00\",\"breadcrumb\":{\"@id\":\"https:\\\/\\\/miumjau.ee\\\/lv\\\/produkts\\\/tela-nagi-dabigs-karums-frigera-10-gab\\\/#breadcrumb\"},\"inLanguage\":\"lv-LV\",\"potentialAction\":[{\"@type\":\"ReadAction\",\"target\":[\"https:\\\/\\\/miumjau.ee\\\/lv\\\/produkts\\\/tela-nagi-dabigs-karums-frigera-10-gab\\\/\"]}]},{\"@type\":\"ImageObject\",\"inLanguage\":\"lv-LV\",\"@id\":\"https:\\\/\\\/miumjau.ee\\\/lv\\\/produkts\\\/tela-nagi-dabigs-karums-frigera-10-gab\\\/#primaryimage\",\"url\":\"https:\\\/\\\/miumjau.ee\\\/wp-content\\\/uploads\\\/2025\\\/05\\\/frigera-koerte-maius-vasikakabjad-10tk-1-Photoroom.webp\",\"contentUrl\":\"https:\\\/\\\/miumjau.ee\\\/wp-content\\\/uploads\\\/2025\\\/05\\\/frigera-koerte-maius-vasikakabjad-10tk-1-Photoroom.webp\",\"width\":600,\"height\":800},{\"@type\":\"BreadcrumbList\",\"@id\":\"https:\\\/\\\/miumjau.ee\\\/lv\\\/produkts\\\/tela-nagi-dabigs-karums-frigera-10-gab\\\/#breadcrumb\",\"itemListElement\":[{\"@type\":\"ListItem\",\"position\":1,\"name\":\"Home\",\"item\":\"https:\\\/\\\/miumjau.ee\\\/lv\\\/\"},{\"@type\":\"ListItem\",\"position\":2,\"name\":\"Veikals\",\"item\":\"https:\\\/\\\/miumjau.ee\\\/lv\\\/veikals\\\/\"},{\"@type\":\"ListItem\",\"position\":3,\"name\":\"Te\u013ca nagi, dab\u012bgs k\u0101rums Frigera 10 gab.\"}]},{\"@type\":\"WebSite\",\"@id\":\"https:\\\/\\\/miumjau.ee\\\/#website\",\"url\":\"https:\\\/\\\/miumjau.ee\\\/\",\"name\":\"MiuMjau\",\"description\":\"Kraapimispuud kassidele\",\"publisher\":{\"@id\":\"https:\\\/\\\/miumjau.ee\\\/#organization\"},\"potentialAction\":[{\"@type\":\"SearchAction\",\"target\":{\"@type\":\"EntryPoint\",\"urlTemplate\":\"https:\\\/\\\/miumjau.ee\\\/?s={search_term_string}\"},\"query-input\":{\"@type\":\"PropertyValueSpecification\",\"valueRequired\":true,\"valueName\":\"search_term_string\"}}],\"inLanguage\":\"lv-LV\"},{\"@type\":\"Organization\",\"@id\":\"https:\\\/\\\/miumjau.ee\\\/#organization\",\"name\":\"MiuMjau O\u00dc\",\"url\":\"https:\\\/\\\/miumjau.ee\\\/\",\"logo\":{\"@type\":\"ImageObject\",\"inLanguage\":\"lv-LV\",\"@id\":\"https:\\\/\\\/miumjau.ee\\\/#\\\/schema\\\/logo\\\/image\\\/\",\"url\":\"https:\\\/\\\/miumjau.ee\\\/wp-content\\\/uploads\\\/2022\\\/04\\\/MiuMjau-logo-kollane.png\",\"contentUrl\":\"https:\\\/\\\/miumjau.ee\\\/wp-content\\\/uploads\\\/2022\\\/04\\\/MiuMjau-logo-kollane.png\",\"width\":219,\"height\":100,\"caption\":\"MiuMjau O\u00dc\"},\"image\":{\"@id\":\"https:\\\/\\\/miumjau.ee\\\/#\\\/schema\\\/logo\\\/image\\\/\"},\"sameAs\":[\"https:\\\/\\\/www.facebook.com\\\/miumjaupood\\\/\"]}]}<\/script>\n<!-- \/ Yoast SEO plugin. -->","yoast_head_json":{"title":"Te\u013ca nagi, dab\u012bgs k\u0101rums Frigera 10 gab. - MiuMjau","robots":{"index":"index","follow":"follow","max-snippet":"max-snippet:-1","max-image-preview":"max-image-preview:large","max-video-preview":"max-video-preview:-1"},"canonical":"https:\/\/miumjau.ee\/lv\/produkts\/tela-nagi-dabigs-karums-frigera-10-gab\/","og_locale":"lv_LV","og_type":"article","og_title":"Te\u013ca nagi, dab\u012bgs k\u0101rums Frigera 10 gab. - MiuMjau","og_description":"K\u0101p\u0113c t\u0113r\u0113t naudu d\u0101rgiem sint\u0113tiskiem ko\u0161\u013c\u0101\u0161anas rota\u013clietu variantiem, ja daba pied\u0101v\u0101 lab\u0101ku un vesel\u012bg\u0101ku alternat\u012bvu? Tie\u0161i t\u0101 \u2013 te\u013ca nagi ir \u012bst\u0101 izv\u0113le! friGERA te\u013ca nagi ir lieliski k\u0101rumi jauniem su\u0146iem ar sp\u0113c\u012bgu ko\u0161\u013c\u0101\u0161anas vajadz\u012bbu \u2013 tie veicina mutes higi\u0113nu un pal\u012bdz kuc\u0113niem zobu mai\u0146as laik\u0101. Nagi ir bag\u0101ti ar kerat\u012bnu (olbaltumvielu veidu) un \u013coti ar zemu tauku saturu, t\u0101p\u0113c tie atbalsta vesel\u012bgu musku\u013cu un apmatojuma att\u012bst\u012bbu bez liek\u0101m kalorij\u0101m. Nagi ir viegli sagremojami un ar maigu arom\u0101tu, t\u0101p\u0113c tie ir piem\u0113roti ar\u012b lieto\u0161anai telp\u0101s vai pils\u0113tvid\u0113! Padoms: piepildi nagus ar kaut ko gar\u0161\u012bgu, kas pat\u012bk tavam sunim \u2013 pasta, ga\u013cas biezenis, mitr\u0101 bar\u012bba utt. Iesp\u0113jas ir nebeidzamas! Tas ir pieejams un efekt\u012bvs veids, k\u0101 m\u0101c\u012bt kuc\u0113nam labu ko\u0161\u013c\u0101\u0161anas uzved\u012bbu. At\u0161\u0137ir\u012bb\u0101 no parastaj\u0101m rota\u013cliet\u0101m, kas vairs nesniedz uzturv\u0113rt\u012bbu, kad pild\u012bjums ir beidzies, nags pats par sevi paliek p\u0101ri \u2013 papildu bonuss apm\u0101c\u012bbai un rota\u013c\u0101m! Vajag iedvesmu pild\u012bjumiem? Tie\u0161saist\u0113 ir milz\u012bga kopiena ar idej\u0101m! Sast\u0101vs: 100 % liellops Lieto\u0161anas instrukcija: Dod k\u0101 na\u0161\u0137i vai balvu starp \u0113dienreiz\u0113m k\u0101 da\u013cu no sabalans\u0113ta uztura. Vienm\u0113r uzraugi suni baro\u0161anas laik\u0101 un nodro\u0161ini svaigu \u016bdeni. Nav paredz\u0113ts cilv\u0113ku uzturam. Anal\u012btiskais sast\u0101vs: Olbaltumvielas 86,44 %, Tauki 3,07 %, Mitrums 7,4 %","og_url":"https:\/\/miumjau.ee\/lv\/produkts\/tela-nagi-dabigs-karums-frigera-10-gab\/","og_site_name":"MiuMjau","article_publisher":"https:\/\/www.facebook.com\/miumjaupood\/","article_modified_time":"2026-01-07T19:20:38+00:00","og_image":[{"width":600,"height":800,"url":"https:\/\/miumjau.ee\/wp-content\/uploads\/2025\/05\/frigera-koerte-maius-vasikakabjad-10tk-1-Photoroom.webp","type":"image\/webp"}],"twitter_card":"summary_large_image","schema":{"@context":"https:\/\/schema.org","@graph":[{"@type":"WebPage","@id":"https:\/\/miumjau.ee\/lv\/produkts\/tela-nagi-dabigs-karums-frigera-10-gab\/","url":"https:\/\/miumjau.ee\/lv\/produkts\/tela-nagi-dabigs-karums-frigera-10-gab\/","name":"Te\u013ca nagi, dab\u012bgs k\u0101rums Frigera 10 gab. - MiuMjau","isPartOf":{"@id":"https:\/\/miumjau.ee\/#website"},"primaryImageOfPage":{"@id":"https:\/\/miumjau.ee\/lv\/produkts\/tela-nagi-dabigs-karums-frigera-10-gab\/#primaryimage"},"image":{"@id":"https:\/\/miumjau.ee\/lv\/produkts\/tela-nagi-dabigs-karums-frigera-10-gab\/#primaryimage"},"thumbnailUrl":"https:\/\/miumjau.ee\/wp-content\/uploads\/2025\/05\/frigera-koerte-maius-vasikakabjad-10tk-1-Photoroom.webp","datePublished":"2025-05-29T18:16:49+00:00","dateModified":"2026-01-07T19:20:38+00:00","breadcrumb":{"@id":"https:\/\/miumjau.ee\/lv\/produkts\/tela-nagi-dabigs-karums-frigera-10-gab\/#breadcrumb"},"inLanguage":"lv-LV","potentialAction":[{"@type":"ReadAction","target":["https:\/\/miumjau.ee\/lv\/produkts\/tela-nagi-dabigs-karums-frigera-10-gab\/"]}]},{"@type":"ImageObject","inLanguage":"lv-LV","@id":"https:\/\/miumjau.ee\/lv\/produkts\/tela-nagi-dabigs-karums-frigera-10-gab\/#primaryimage","url":"https:\/\/miumjau.ee\/wp-content\/uploads\/2025\/05\/frigera-koerte-maius-vasikakabjad-10tk-1-Photoroom.webp","contentUrl":"https:\/\/miumjau.ee\/wp-content\/uploads\/2025\/05\/frigera-koerte-maius-vasikakabjad-10tk-1-Photoroom.webp","width":600,"height":800},{"@type":"BreadcrumbList","@id":"https:\/\/miumjau.ee\/lv\/produkts\/tela-nagi-dabigs-karums-frigera-10-gab\/#breadcrumb","itemListElement":[{"@type":"ListItem","position":1,"name":"Home","item":"https:\/\/miumjau.ee\/lv\/"},{"@type":"ListItem","position":2,"name":"Veikals","item":"https:\/\/miumjau.ee\/lv\/veikals\/"},{"@type":"ListItem","position":3,"name":"Te\u013ca nagi, dab\u012bgs k\u0101rums Frigera 10 gab."}]},{"@type":"WebSite","@id":"https:\/\/miumjau.ee\/#website","url":"https:\/\/miumjau.ee\/","name":"MiuMjau","description":"Kraapimispuud kassidele","publisher":{"@id":"https:\/\/miumjau.ee\/#organization"},"potentialAction":[{"@type":"SearchAction","target":{"@type":"EntryPoint","urlTemplate":"https:\/\/miumjau.ee\/?s={search_term_string}"},"query-input":{"@type":"PropertyValueSpecification","valueRequired":true,"valueName":"search_term_string"}}],"inLanguage":"lv-LV"},{"@type":"Organization","@id":"https:\/\/miumjau.ee\/#organization","name":"MiuMjau O\u00dc","url":"https:\/\/miumjau.ee\/","logo":{"@type":"ImageObject","inLanguage":"lv-LV","@id":"https:\/\/miumjau.ee\/#\/schema\/logo\/image\/","url":"https:\/\/miumjau.ee\/wp-content\/uploads\/2022\/04\/MiuMjau-logo-kollane.png","contentUrl":"https:\/\/miumjau.ee\/wp-content\/uploads\/2022\/04\/MiuMjau-logo-kollane.png","width":219,"height":100,"caption":"MiuMjau O\u00dc"},"image":{"@id":"https:\/\/miumjau.ee\/#\/schema\/logo\/image\/"},"sameAs":["https:\/\/www.facebook.com\/miumjaupood\/"]}]}},"_links":{"self":[{"href":"https:\/\/miumjau.ee\/lv\/wp-json\/wp\/v2\/product\/47943","targetHints":{"allow":["GET"]}}],"collection":[{"href":"https:\/\/miumjau.ee\/lv\/wp-json\/wp\/v2\/product"}],"about":[{"href":"https:\/\/miumjau.ee\/lv\/wp-json\/wp\/v2\/types\/product"}],"wp:featuredmedia":[{"embeddable":true,"href":"https:\/\/miumjau.ee\/lv\/wp-json\/wp\/v2\/media\/47944"}],"wp:attachment":[{"href":"https:\/\/miumjau.ee\/lv\/wp-json\/wp\/v2\/media?parent=47943"}],"wp:term":[{"taxonomy":"product_brand","embeddable":true,"href":"https:\/\/miumjau.ee\/lv\/wp-json\/wp\/v2\/product_brand?post=47943"},{"taxonomy":"product_cat","embeddable":true,"href":"https:\/\/miumjau.ee\/lv\/wp-json\/wp\/v2\/product_cat?post=47943"},{"taxonomy":"product_tag","embeddable":true,"href":"https:\/\/miumjau.ee\/lv\/wp-json\/wp\/v2\/product_tag?post=47943"}],"curies":[{"name":"wp","href":"https:\/\/api.w.org\/{rel}","templated":true}]}}