{"id":47938,"date":"2025-05-29T21:34:42","date_gmt":"2025-05-29T18:34:42","guid":{"rendered":"https:\/\/miumjau.ee\/toode\/izturigs-koslajamais-karums-liellopa-aste-frigera-250-g\/"},"modified":"2026-01-07T21:20:38","modified_gmt":"2026-01-07T19:20:38","slug":"izturigs-koslajamais-karums-liellopa-aste-frigera-250-g","status":"publish","type":"product","link":"https:\/\/miumjau.ee\/lv\/produkts\/izturigs-koslajamais-karums-liellopa-aste-frigera-250-g\/","title":{"rendered":"Iztur\u012bgs ko\u0161\u013c\u0101jamais k\u0101rums, liellopa aste Frigera 250 g"},"content":{"rendered":"","protected":false},"excerpt":{"rendered":"<p data-start=\"2499\" data-end=\"2844\">friGERA liellopa astes \u2013 ide\u0101li stipri un ilgi ko\u0161\u013c\u0101jami gardumi, kas piem\u0113roti visu izm\u0113ru su\u0146iem! M\u016bsu liellopa aste ir gar\u0161\u012bga uzkoda, kas gatavota no t\u012bras, saudz\u012bgi kalt\u0113tas br\u012bvgan\u012bbu liellopu astes, kas tiek izmantota ar\u012b cilv\u0113ku p\u0101rtik\u0101. Dz\u012bvnieki tiek audz\u0113ti bez antibiotik\u0101m, stero\u012bdiem vai hormoniem \u2013 dabiskums vispaties\u0101kaj\u0101 form\u0101!<\/p>\n<p data-start=\"2846\" data-end=\"3140\">\u0160is k\u0101rums sast\u0101v galvenok\u0101rt no kaula, skrim\u0161\u013ciem, saistaudiem un \u0101das, t\u0101p\u0113c tas ir bag\u0101ts ar olbaltumviel\u0101m, ar zemu tauku saturu un satur A vitam\u012bnu, sel\u0113nu, cinku, dzelzi, kalciju, hol\u012bnu un glikozam\u012bnu \u2013 visas vielas, kas atbalsta su\u0146a loc\u012btavu vesel\u012bbu. Ko\u0161\u013c\u0101\u0161ana ar\u012b pal\u012bdz t\u012br\u012bt zobus!<\/p>\n<p data-start=\"3142\" data-end=\"3277\">Ja mekl\u0113 alternat\u012bvu izejvielu \u0101dai vai citiem klasiskajiem ko\u0161\u013c\u0101jamiem gardumiem, \u0161is var b\u016bt tie\u0161i tas, kas tavam sunim nepiecie\u0161ams!<\/p>\n<p data-start=\"3279\" data-end=\"3304\">Sast\u0101vs: 100 % liellops<\/p>\n<p data-start=\"3306\" data-end=\"3496\">Lieto\u0161anas instrukcija: Dod starp \u0113dienreiz\u0113m k\u0101 na\u0161\u0137i vai balvu k\u0101 da\u013cu no sabalans\u0113ta uztura. Vienm\u0113r uzraugi suni baro\u0161anas laik\u0101 un nodro\u0161ini svaigu \u016bdeni. Nav paredz\u0113ts cilv\u0113ku uzturam.<\/p>\n<p data-start=\"3498\" data-end=\"3572\">Anal\u012btiskais sast\u0101vs: Olbaltumvielas 49,84 %, Tauki 15,3 %, Mitrums 7,65 %<\/p>\n","protected":false},"featured_media":47936,"template":"","meta":[],"product_brand":[],"product_cat":[573,576],"product_tag":[],"class_list":{"0":"post-47938","1":"product","2":"type-product","3":"status-publish","4":"has-post-thumbnail","6":"product_cat-kaup24-lv","7":"product_cat-naski-suniem","9":"first","10":"instock","11":"taxable","12":"shipping-taxable","13":"purchasable","14":"product-type-simple"},"yoast_head":"<!-- This site is optimized with the Yoast SEO plugin v27.4 - https:\/\/yoast.com\/product\/yoast-seo-wordpress\/ -->\n<title>Iztur\u012bgs ko\u0161\u013c\u0101jamais k\u0101rums, liellopa aste Frigera 250 g - MiuMjau<\/title>\n<meta name=\"robots\" content=\"index, follow, max-snippet:-1, max-image-preview:large, max-video-preview:-1\" \/>\n<link rel=\"canonical\" href=\"https:\/\/miumjau.ee\/lv\/produkts\/izturigs-koslajamais-karums-liellopa-aste-frigera-250-g\/\" \/>\n<meta property=\"og:locale\" content=\"lv_LV\" \/>\n<meta property=\"og:type\" content=\"article\" \/>\n<meta property=\"og:title\" content=\"Iztur\u012bgs ko\u0161\u013c\u0101jamais k\u0101rums, liellopa aste Frigera 250 g - MiuMjau\" \/>\n<meta property=\"og:description\" content=\"friGERA liellopa astes \u2013 ide\u0101li stipri un ilgi ko\u0161\u013c\u0101jami gardumi, kas piem\u0113roti visu izm\u0113ru su\u0146iem! M\u016bsu liellopa aste ir gar\u0161\u012bga uzkoda, kas gatavota no t\u012bras, saudz\u012bgi kalt\u0113tas br\u012bvgan\u012bbu liellopu astes, kas tiek izmantota ar\u012b cilv\u0113ku p\u0101rtik\u0101. Dz\u012bvnieki tiek audz\u0113ti bez antibiotik\u0101m, stero\u012bdiem vai hormoniem \u2013 dabiskums vispaties\u0101kaj\u0101 form\u0101! \u0160is k\u0101rums sast\u0101v galvenok\u0101rt no kaula, skrim\u0161\u013ciem, saistaudiem un \u0101das, t\u0101p\u0113c tas ir bag\u0101ts ar olbaltumviel\u0101m, ar zemu tauku saturu un satur A vitam\u012bnu, sel\u0113nu, cinku, dzelzi, kalciju, hol\u012bnu un glikozam\u012bnu \u2013 visas vielas, kas atbalsta su\u0146a loc\u012btavu vesel\u012bbu. Ko\u0161\u013c\u0101\u0161ana ar\u012b pal\u012bdz t\u012br\u012bt zobus! Ja mekl\u0113 alternat\u012bvu izejvielu \u0101dai vai citiem klasiskajiem ko\u0161\u013c\u0101jamiem gardumiem, \u0161is var b\u016bt tie\u0161i tas, kas tavam sunim nepiecie\u0161ams! Sast\u0101vs: 100 % liellops Lieto\u0161anas instrukcija: Dod starp \u0113dienreiz\u0113m k\u0101 na\u0161\u0137i vai balvu k\u0101 da\u013cu no sabalans\u0113ta uztura. Vienm\u0113r uzraugi suni baro\u0161anas laik\u0101 un nodro\u0161ini svaigu \u016bdeni. Nav paredz\u0113ts cilv\u0113ku uzturam. Anal\u012btiskais sast\u0101vs: Olbaltumvielas 49,84 %, Tauki 15,3 %, Mitrums 7,65 %\" \/>\n<meta property=\"og:url\" content=\"https:\/\/miumjau.ee\/lv\/produkts\/izturigs-koslajamais-karums-liellopa-aste-frigera-250-g\/\" \/>\n<meta property=\"og:site_name\" content=\"MiuMjau\" \/>\n<meta property=\"article:publisher\" content=\"https:\/\/www.facebook.com\/miumjaupood\/\" \/>\n<meta property=\"article:modified_time\" content=\"2026-01-07T19:20:38+00:00\" \/>\n<meta property=\"og:image\" content=\"https:\/\/miumjau.ee\/wp-content\/uploads\/2025\/05\/frigera-koerte-maius-harjasaba-250g-1-Photoroom.jpg\" \/>\n\t<meta property=\"og:image:width\" content=\"600\" \/>\n\t<meta property=\"og:image:height\" content=\"800\" \/>\n\t<meta property=\"og:image:type\" content=\"image\/jpeg\" \/>\n<meta name=\"twitter:card\" content=\"summary_large_image\" \/>\n<script type=\"application\/ld+json\" class=\"yoast-schema-graph\">{\"@context\":\"https:\\\/\\\/schema.org\",\"@graph\":[{\"@type\":\"WebPage\",\"@id\":\"https:\\\/\\\/miumjau.ee\\\/lv\\\/produkts\\\/izturigs-koslajamais-karums-liellopa-aste-frigera-250-g\\\/\",\"url\":\"https:\\\/\\\/miumjau.ee\\\/lv\\\/produkts\\\/izturigs-koslajamais-karums-liellopa-aste-frigera-250-g\\\/\",\"name\":\"Iztur\u012bgs ko\u0161\u013c\u0101jamais k\u0101rums, liellopa aste Frigera 250 g - MiuMjau\",\"isPartOf\":{\"@id\":\"https:\\\/\\\/miumjau.ee\\\/#website\"},\"primaryImageOfPage\":{\"@id\":\"https:\\\/\\\/miumjau.ee\\\/lv\\\/produkts\\\/izturigs-koslajamais-karums-liellopa-aste-frigera-250-g\\\/#primaryimage\"},\"image\":{\"@id\":\"https:\\\/\\\/miumjau.ee\\\/lv\\\/produkts\\\/izturigs-koslajamais-karums-liellopa-aste-frigera-250-g\\\/#primaryimage\"},\"thumbnailUrl\":\"https:\\\/\\\/miumjau.ee\\\/wp-content\\\/uploads\\\/2025\\\/05\\\/frigera-koerte-maius-harjasaba-250g-1-Photoroom.jpg\",\"datePublished\":\"2025-05-29T18:34:42+00:00\",\"dateModified\":\"2026-01-07T19:20:38+00:00\",\"breadcrumb\":{\"@id\":\"https:\\\/\\\/miumjau.ee\\\/lv\\\/produkts\\\/izturigs-koslajamais-karums-liellopa-aste-frigera-250-g\\\/#breadcrumb\"},\"inLanguage\":\"lv-LV\",\"potentialAction\":[{\"@type\":\"ReadAction\",\"target\":[\"https:\\\/\\\/miumjau.ee\\\/lv\\\/produkts\\\/izturigs-koslajamais-karums-liellopa-aste-frigera-250-g\\\/\"]}]},{\"@type\":\"ImageObject\",\"inLanguage\":\"lv-LV\",\"@id\":\"https:\\\/\\\/miumjau.ee\\\/lv\\\/produkts\\\/izturigs-koslajamais-karums-liellopa-aste-frigera-250-g\\\/#primaryimage\",\"url\":\"https:\\\/\\\/miumjau.ee\\\/wp-content\\\/uploads\\\/2025\\\/05\\\/frigera-koerte-maius-harjasaba-250g-1-Photoroom.jpg\",\"contentUrl\":\"https:\\\/\\\/miumjau.ee\\\/wp-content\\\/uploads\\\/2025\\\/05\\\/frigera-koerte-maius-harjasaba-250g-1-Photoroom.jpg\",\"width\":600,\"height\":800},{\"@type\":\"BreadcrumbList\",\"@id\":\"https:\\\/\\\/miumjau.ee\\\/lv\\\/produkts\\\/izturigs-koslajamais-karums-liellopa-aste-frigera-250-g\\\/#breadcrumb\",\"itemListElement\":[{\"@type\":\"ListItem\",\"position\":1,\"name\":\"Home\",\"item\":\"https:\\\/\\\/miumjau.ee\\\/lv\\\/\"},{\"@type\":\"ListItem\",\"position\":2,\"name\":\"Veikals\",\"item\":\"https:\\\/\\\/miumjau.ee\\\/lv\\\/veikals\\\/\"},{\"@type\":\"ListItem\",\"position\":3,\"name\":\"Iztur\u012bgs ko\u0161\u013c\u0101jamais k\u0101rums, liellopa aste Frigera 250 g\"}]},{\"@type\":\"WebSite\",\"@id\":\"https:\\\/\\\/miumjau.ee\\\/#website\",\"url\":\"https:\\\/\\\/miumjau.ee\\\/\",\"name\":\"MiuMjau\",\"description\":\"Kraapimispuud kassidele\",\"publisher\":{\"@id\":\"https:\\\/\\\/miumjau.ee\\\/#organization\"},\"potentialAction\":[{\"@type\":\"SearchAction\",\"target\":{\"@type\":\"EntryPoint\",\"urlTemplate\":\"https:\\\/\\\/miumjau.ee\\\/?s={search_term_string}\"},\"query-input\":{\"@type\":\"PropertyValueSpecification\",\"valueRequired\":true,\"valueName\":\"search_term_string\"}}],\"inLanguage\":\"lv-LV\"},{\"@type\":\"Organization\",\"@id\":\"https:\\\/\\\/miumjau.ee\\\/#organization\",\"name\":\"MiuMjau O\u00dc\",\"url\":\"https:\\\/\\\/miumjau.ee\\\/\",\"logo\":{\"@type\":\"ImageObject\",\"inLanguage\":\"lv-LV\",\"@id\":\"https:\\\/\\\/miumjau.ee\\\/#\\\/schema\\\/logo\\\/image\\\/\",\"url\":\"https:\\\/\\\/miumjau.ee\\\/wp-content\\\/uploads\\\/2022\\\/04\\\/MiuMjau-logo-kollane.png\",\"contentUrl\":\"https:\\\/\\\/miumjau.ee\\\/wp-content\\\/uploads\\\/2022\\\/04\\\/MiuMjau-logo-kollane.png\",\"width\":219,\"height\":100,\"caption\":\"MiuMjau O\u00dc\"},\"image\":{\"@id\":\"https:\\\/\\\/miumjau.ee\\\/#\\\/schema\\\/logo\\\/image\\\/\"},\"sameAs\":[\"https:\\\/\\\/www.facebook.com\\\/miumjaupood\\\/\"]}]}<\/script>\n<!-- \/ Yoast SEO plugin. -->","yoast_head_json":{"title":"Iztur\u012bgs ko\u0161\u013c\u0101jamais k\u0101rums, liellopa aste Frigera 250 g - MiuMjau","robots":{"index":"index","follow":"follow","max-snippet":"max-snippet:-1","max-image-preview":"max-image-preview:large","max-video-preview":"max-video-preview:-1"},"canonical":"https:\/\/miumjau.ee\/lv\/produkts\/izturigs-koslajamais-karums-liellopa-aste-frigera-250-g\/","og_locale":"lv_LV","og_type":"article","og_title":"Iztur\u012bgs ko\u0161\u013c\u0101jamais k\u0101rums, liellopa aste Frigera 250 g - MiuMjau","og_description":"friGERA liellopa astes \u2013 ide\u0101li stipri un ilgi ko\u0161\u013c\u0101jami gardumi, kas piem\u0113roti visu izm\u0113ru su\u0146iem! M\u016bsu liellopa aste ir gar\u0161\u012bga uzkoda, kas gatavota no t\u012bras, saudz\u012bgi kalt\u0113tas br\u012bvgan\u012bbu liellopu astes, kas tiek izmantota ar\u012b cilv\u0113ku p\u0101rtik\u0101. Dz\u012bvnieki tiek audz\u0113ti bez antibiotik\u0101m, stero\u012bdiem vai hormoniem \u2013 dabiskums vispaties\u0101kaj\u0101 form\u0101! \u0160is k\u0101rums sast\u0101v galvenok\u0101rt no kaula, skrim\u0161\u013ciem, saistaudiem un \u0101das, t\u0101p\u0113c tas ir bag\u0101ts ar olbaltumviel\u0101m, ar zemu tauku saturu un satur A vitam\u012bnu, sel\u0113nu, cinku, dzelzi, kalciju, hol\u012bnu un glikozam\u012bnu \u2013 visas vielas, kas atbalsta su\u0146a loc\u012btavu vesel\u012bbu. Ko\u0161\u013c\u0101\u0161ana ar\u012b pal\u012bdz t\u012br\u012bt zobus! Ja mekl\u0113 alternat\u012bvu izejvielu \u0101dai vai citiem klasiskajiem ko\u0161\u013c\u0101jamiem gardumiem, \u0161is var b\u016bt tie\u0161i tas, kas tavam sunim nepiecie\u0161ams! Sast\u0101vs: 100 % liellops Lieto\u0161anas instrukcija: Dod starp \u0113dienreiz\u0113m k\u0101 na\u0161\u0137i vai balvu k\u0101 da\u013cu no sabalans\u0113ta uztura. Vienm\u0113r uzraugi suni baro\u0161anas laik\u0101 un nodro\u0161ini svaigu \u016bdeni. Nav paredz\u0113ts cilv\u0113ku uzturam. Anal\u012btiskais sast\u0101vs: Olbaltumvielas 49,84 %, Tauki 15,3 %, Mitrums 7,65 %","og_url":"https:\/\/miumjau.ee\/lv\/produkts\/izturigs-koslajamais-karums-liellopa-aste-frigera-250-g\/","og_site_name":"MiuMjau","article_publisher":"https:\/\/www.facebook.com\/miumjaupood\/","article_modified_time":"2026-01-07T19:20:38+00:00","og_image":[{"width":600,"height":800,"url":"https:\/\/miumjau.ee\/wp-content\/uploads\/2025\/05\/frigera-koerte-maius-harjasaba-250g-1-Photoroom.jpg","type":"image\/jpeg"}],"twitter_card":"summary_large_image","schema":{"@context":"https:\/\/schema.org","@graph":[{"@type":"WebPage","@id":"https:\/\/miumjau.ee\/lv\/produkts\/izturigs-koslajamais-karums-liellopa-aste-frigera-250-g\/","url":"https:\/\/miumjau.ee\/lv\/produkts\/izturigs-koslajamais-karums-liellopa-aste-frigera-250-g\/","name":"Iztur\u012bgs ko\u0161\u013c\u0101jamais k\u0101rums, liellopa aste Frigera 250 g - MiuMjau","isPartOf":{"@id":"https:\/\/miumjau.ee\/#website"},"primaryImageOfPage":{"@id":"https:\/\/miumjau.ee\/lv\/produkts\/izturigs-koslajamais-karums-liellopa-aste-frigera-250-g\/#primaryimage"},"image":{"@id":"https:\/\/miumjau.ee\/lv\/produkts\/izturigs-koslajamais-karums-liellopa-aste-frigera-250-g\/#primaryimage"},"thumbnailUrl":"https:\/\/miumjau.ee\/wp-content\/uploads\/2025\/05\/frigera-koerte-maius-harjasaba-250g-1-Photoroom.jpg","datePublished":"2025-05-29T18:34:42+00:00","dateModified":"2026-01-07T19:20:38+00:00","breadcrumb":{"@id":"https:\/\/miumjau.ee\/lv\/produkts\/izturigs-koslajamais-karums-liellopa-aste-frigera-250-g\/#breadcrumb"},"inLanguage":"lv-LV","potentialAction":[{"@type":"ReadAction","target":["https:\/\/miumjau.ee\/lv\/produkts\/izturigs-koslajamais-karums-liellopa-aste-frigera-250-g\/"]}]},{"@type":"ImageObject","inLanguage":"lv-LV","@id":"https:\/\/miumjau.ee\/lv\/produkts\/izturigs-koslajamais-karums-liellopa-aste-frigera-250-g\/#primaryimage","url":"https:\/\/miumjau.ee\/wp-content\/uploads\/2025\/05\/frigera-koerte-maius-harjasaba-250g-1-Photoroom.jpg","contentUrl":"https:\/\/miumjau.ee\/wp-content\/uploads\/2025\/05\/frigera-koerte-maius-harjasaba-250g-1-Photoroom.jpg","width":600,"height":800},{"@type":"BreadcrumbList","@id":"https:\/\/miumjau.ee\/lv\/produkts\/izturigs-koslajamais-karums-liellopa-aste-frigera-250-g\/#breadcrumb","itemListElement":[{"@type":"ListItem","position":1,"name":"Home","item":"https:\/\/miumjau.ee\/lv\/"},{"@type":"ListItem","position":2,"name":"Veikals","item":"https:\/\/miumjau.ee\/lv\/veikals\/"},{"@type":"ListItem","position":3,"name":"Iztur\u012bgs ko\u0161\u013c\u0101jamais k\u0101rums, liellopa aste Frigera 250 g"}]},{"@type":"WebSite","@id":"https:\/\/miumjau.ee\/#website","url":"https:\/\/miumjau.ee\/","name":"MiuMjau","description":"Kraapimispuud kassidele","publisher":{"@id":"https:\/\/miumjau.ee\/#organization"},"potentialAction":[{"@type":"SearchAction","target":{"@type":"EntryPoint","urlTemplate":"https:\/\/miumjau.ee\/?s={search_term_string}"},"query-input":{"@type":"PropertyValueSpecification","valueRequired":true,"valueName":"search_term_string"}}],"inLanguage":"lv-LV"},{"@type":"Organization","@id":"https:\/\/miumjau.ee\/#organization","name":"MiuMjau O\u00dc","url":"https:\/\/miumjau.ee\/","logo":{"@type":"ImageObject","inLanguage":"lv-LV","@id":"https:\/\/miumjau.ee\/#\/schema\/logo\/image\/","url":"https:\/\/miumjau.ee\/wp-content\/uploads\/2022\/04\/MiuMjau-logo-kollane.png","contentUrl":"https:\/\/miumjau.ee\/wp-content\/uploads\/2022\/04\/MiuMjau-logo-kollane.png","width":219,"height":100,"caption":"MiuMjau O\u00dc"},"image":{"@id":"https:\/\/miumjau.ee\/#\/schema\/logo\/image\/"},"sameAs":["https:\/\/www.facebook.com\/miumjaupood\/"]}]}},"_links":{"self":[{"href":"https:\/\/miumjau.ee\/lv\/wp-json\/wp\/v2\/product\/47938","targetHints":{"allow":["GET"]}}],"collection":[{"href":"https:\/\/miumjau.ee\/lv\/wp-json\/wp\/v2\/product"}],"about":[{"href":"https:\/\/miumjau.ee\/lv\/wp-json\/wp\/v2\/types\/product"}],"wp:featuredmedia":[{"embeddable":true,"href":"https:\/\/miumjau.ee\/lv\/wp-json\/wp\/v2\/media\/47936"}],"wp:attachment":[{"href":"https:\/\/miumjau.ee\/lv\/wp-json\/wp\/v2\/media?parent=47938"}],"wp:term":[{"taxonomy":"product_brand","embeddable":true,"href":"https:\/\/miumjau.ee\/lv\/wp-json\/wp\/v2\/product_brand?post=47938"},{"taxonomy":"product_cat","embeddable":true,"href":"https:\/\/miumjau.ee\/lv\/wp-json\/wp\/v2\/product_cat?post=47938"},{"taxonomy":"product_tag","embeddable":true,"href":"https:\/\/miumjau.ee\/lv\/wp-json\/wp\/v2\/product_tag?post=47938"}],"curies":[{"name":"wp","href":"https:\/\/api.w.org\/{rel}","templated":true}]}}