{"id":47931,"date":"2025-05-29T21:41:17","date_gmt":"2025-05-29T18:41:17","guid":{"rendered":"https:\/\/miumjau.ee\/toode\/dabigi-koslasanas-kocini-kuceniem-frigera-60-g\/"},"modified":"2026-01-07T21:20:38","modified_gmt":"2026-01-07T19:20:38","slug":"dabigi-koslasanas-kocini-kuceniem-frigera-60-g","status":"publish","type":"product","link":"https:\/\/miumjau.ee\/lv\/produkts\/dabigi-koslasanas-kocini-kuceniem-frigera-60-g\/","title":{"rendered":"Dab\u012bgi ko\u0161\u013c\u0101\u0161anas koci\u0146i kuc\u0113niem, Frigera 60 g"},"content":{"rendered":"","protected":false},"excerpt":{"rendered":"<p data-start=\"2511\" data-end=\"2772\">Vai nesp\u0113j pretoties sava m\u012b\u013c\u0101 kuc\u0113na l\u016bdzo\u0161ajam skatienam, kad tas gaida kaut ko \u012bpa\u0161i gardu? Mums ir tie\u0161i tas, kas vajadz\u012bgs \u2013 friGERA kuc\u0113nu k\u0101rumi! M\u016bsu r\u016bp\u012bgi kalt\u0113tie koci\u0146i ir gatavoti no 100 % dab\u012bgas liellopa tesme\u0146a, bez kr\u0101sviel\u0101m vai konservantiem.<\/p>\n<p data-start=\"2774\" data-end=\"3107\">Pateicoties augstajam kalcija, olbaltumvielu un piensk\u0101bes saturam, \u0161ie k\u0101rumi ir \u013coti barojo\u0161i tavam mazajam p\u016bkainajam draugam. Tesmen\u012b sastopami ar\u012b vair\u0101ki miner\u0101li un vitam\u012bni, tostarp sel\u0113ns, B12 vitam\u012bns, cinks un dzelzs. Tesmenis ir lieliska alternat\u012bva citiem ko\u0161\u013c\u0101jamiem k\u0101rumiem un pal\u012bdz uztur\u0113t smaganu un zobu vesel\u012bbu.<\/p>\n<p data-start=\"3109\" data-end=\"3259\">\u0160ie nelielie gardumi ir dabiska balva tavam \u010detrk\u0101jainajam \u0123imenes loceklim un gar\u0161\u012bgs na\u0161\u0137is, ko var dot vesel\u0101 veid\u0101 vai sagriezt maz\u0101kos gabali\u0146os.<\/p>\n<p data-start=\"3261\" data-end=\"3291\">Sast\u0101vs: 100 % liellopu ga\u013ca<\/p>\n<p data-start=\"3293\" data-end=\"3475\">Lieto\u0161anas instrukcija: Dod starp \u0113dienreiz\u0113m k\u0101 na\u0161\u0137i vai balvu k\u0101 da\u013cu no sabalans\u0113ta uztura. Baro\u0161anas laik\u0101 uzraugi suni un nodro\u0161ini svaigu \u016bdeni. Nav paredz\u0113ts cilv\u0113ku uzturam.<\/p>\n<p data-start=\"3477\" data-end=\"3552\">Anal\u012btiskais sast\u0101vs: Olbaltumvielas 58,54 %, Tauki 25,53 %, Mitrums 8,76 %<\/p>\n","protected":false},"featured_media":47932,"template":"","meta":[],"product_brand":[],"product_cat":[576],"product_tag":[],"class_list":{"0":"post-47931","1":"product","2":"type-product","3":"status-publish","4":"has-post-thumbnail","6":"product_cat-naski-suniem","8":"first","9":"instock","10":"sale","11":"taxable","12":"shipping-taxable","13":"purchasable","14":"product-type-simple"},"yoast_head":"<!-- This site is optimized with the Yoast SEO plugin v27.4 - https:\/\/yoast.com\/product\/yoast-seo-wordpress\/ -->\n<title>Dab\u012bgi ko\u0161\u013c\u0101\u0161anas koci\u0146i kuc\u0113niem, Frigera 60 g - MiuMjau<\/title>\n<meta name=\"robots\" content=\"index, follow, max-snippet:-1, max-image-preview:large, max-video-preview:-1\" \/>\n<link rel=\"canonical\" href=\"https:\/\/miumjau.ee\/lv\/produkts\/dabigi-koslasanas-kocini-kuceniem-frigera-60-g\/\" \/>\n<meta property=\"og:locale\" content=\"lv_LV\" \/>\n<meta property=\"og:type\" content=\"article\" \/>\n<meta property=\"og:title\" content=\"Dab\u012bgi ko\u0161\u013c\u0101\u0161anas koci\u0146i kuc\u0113niem, Frigera 60 g - MiuMjau\" \/>\n<meta property=\"og:description\" content=\"Vai nesp\u0113j pretoties sava m\u012b\u013c\u0101 kuc\u0113na l\u016bdzo\u0161ajam skatienam, kad tas gaida kaut ko \u012bpa\u0161i gardu? Mums ir tie\u0161i tas, kas vajadz\u012bgs \u2013 friGERA kuc\u0113nu k\u0101rumi! M\u016bsu r\u016bp\u012bgi kalt\u0113tie koci\u0146i ir gatavoti no 100 % dab\u012bgas liellopa tesme\u0146a, bez kr\u0101sviel\u0101m vai konservantiem. Pateicoties augstajam kalcija, olbaltumvielu un piensk\u0101bes saturam, \u0161ie k\u0101rumi ir \u013coti barojo\u0161i tavam mazajam p\u016bkainajam draugam. Tesmen\u012b sastopami ar\u012b vair\u0101ki miner\u0101li un vitam\u012bni, tostarp sel\u0113ns, B12 vitam\u012bns, cinks un dzelzs. Tesmenis ir lieliska alternat\u012bva citiem ko\u0161\u013c\u0101jamiem k\u0101rumiem un pal\u012bdz uztur\u0113t smaganu un zobu vesel\u012bbu. \u0160ie nelielie gardumi ir dabiska balva tavam \u010detrk\u0101jainajam \u0123imenes loceklim un gar\u0161\u012bgs na\u0161\u0137is, ko var dot vesel\u0101 veid\u0101 vai sagriezt maz\u0101kos gabali\u0146os. Sast\u0101vs: 100 % liellopu ga\u013ca Lieto\u0161anas instrukcija: Dod starp \u0113dienreiz\u0113m k\u0101 na\u0161\u0137i vai balvu k\u0101 da\u013cu no sabalans\u0113ta uztura. Baro\u0161anas laik\u0101 uzraugi suni un nodro\u0161ini svaigu \u016bdeni. Nav paredz\u0113ts cilv\u0113ku uzturam. Anal\u012btiskais sast\u0101vs: Olbaltumvielas 58,54 %, Tauki 25,53 %, Mitrums 8,76 %\" \/>\n<meta property=\"og:url\" content=\"https:\/\/miumjau.ee\/lv\/produkts\/dabigi-koslasanas-kocini-kuceniem-frigera-60-g\/\" \/>\n<meta property=\"og:site_name\" content=\"MiuMjau\" \/>\n<meta property=\"article:publisher\" content=\"https:\/\/www.facebook.com\/miumjaupood\/\" \/>\n<meta property=\"article:modified_time\" content=\"2026-01-07T19:20:38+00:00\" \/>\n<meta property=\"og:image\" content=\"https:\/\/miumjau.ee\/wp-content\/uploads\/2025\/05\/frigera-koerte-maius-pulgad-kutsikatele-60g-1-Photoroom.webp\" \/>\n\t<meta property=\"og:image:width\" content=\"600\" \/>\n\t<meta property=\"og:image:height\" content=\"800\" \/>\n\t<meta property=\"og:image:type\" content=\"image\/webp\" \/>\n<meta name=\"twitter:card\" content=\"summary_large_image\" \/>\n<script type=\"application\/ld+json\" class=\"yoast-schema-graph\">{\"@context\":\"https:\\\/\\\/schema.org\",\"@graph\":[{\"@type\":\"WebPage\",\"@id\":\"https:\\\/\\\/miumjau.ee\\\/lv\\\/produkts\\\/dabigi-koslasanas-kocini-kuceniem-frigera-60-g\\\/\",\"url\":\"https:\\\/\\\/miumjau.ee\\\/lv\\\/produkts\\\/dabigi-koslasanas-kocini-kuceniem-frigera-60-g\\\/\",\"name\":\"Dab\u012bgi ko\u0161\u013c\u0101\u0161anas koci\u0146i kuc\u0113niem, Frigera 60 g - MiuMjau\",\"isPartOf\":{\"@id\":\"https:\\\/\\\/miumjau.ee\\\/#website\"},\"primaryImageOfPage\":{\"@id\":\"https:\\\/\\\/miumjau.ee\\\/lv\\\/produkts\\\/dabigi-koslasanas-kocini-kuceniem-frigera-60-g\\\/#primaryimage\"},\"image\":{\"@id\":\"https:\\\/\\\/miumjau.ee\\\/lv\\\/produkts\\\/dabigi-koslasanas-kocini-kuceniem-frigera-60-g\\\/#primaryimage\"},\"thumbnailUrl\":\"https:\\\/\\\/miumjau.ee\\\/wp-content\\\/uploads\\\/2025\\\/05\\\/frigera-koerte-maius-pulgad-kutsikatele-60g-1-Photoroom.webp\",\"datePublished\":\"2025-05-29T18:41:17+00:00\",\"dateModified\":\"2026-01-07T19:20:38+00:00\",\"breadcrumb\":{\"@id\":\"https:\\\/\\\/miumjau.ee\\\/lv\\\/produkts\\\/dabigi-koslasanas-kocini-kuceniem-frigera-60-g\\\/#breadcrumb\"},\"inLanguage\":\"lv-LV\",\"potentialAction\":[{\"@type\":\"ReadAction\",\"target\":[\"https:\\\/\\\/miumjau.ee\\\/lv\\\/produkts\\\/dabigi-koslasanas-kocini-kuceniem-frigera-60-g\\\/\"]}]},{\"@type\":\"ImageObject\",\"inLanguage\":\"lv-LV\",\"@id\":\"https:\\\/\\\/miumjau.ee\\\/lv\\\/produkts\\\/dabigi-koslasanas-kocini-kuceniem-frigera-60-g\\\/#primaryimage\",\"url\":\"https:\\\/\\\/miumjau.ee\\\/wp-content\\\/uploads\\\/2025\\\/05\\\/frigera-koerte-maius-pulgad-kutsikatele-60g-1-Photoroom.webp\",\"contentUrl\":\"https:\\\/\\\/miumjau.ee\\\/wp-content\\\/uploads\\\/2025\\\/05\\\/frigera-koerte-maius-pulgad-kutsikatele-60g-1-Photoroom.webp\",\"width\":600,\"height\":800},{\"@type\":\"BreadcrumbList\",\"@id\":\"https:\\\/\\\/miumjau.ee\\\/lv\\\/produkts\\\/dabigi-koslasanas-kocini-kuceniem-frigera-60-g\\\/#breadcrumb\",\"itemListElement\":[{\"@type\":\"ListItem\",\"position\":1,\"name\":\"Home\",\"item\":\"https:\\\/\\\/miumjau.ee\\\/lv\\\/\"},{\"@type\":\"ListItem\",\"position\":2,\"name\":\"Veikals\",\"item\":\"https:\\\/\\\/miumjau.ee\\\/lv\\\/veikals\\\/\"},{\"@type\":\"ListItem\",\"position\":3,\"name\":\"Dab\u012bgi ko\u0161\u013c\u0101\u0161anas koci\u0146i kuc\u0113niem, Frigera 60 g\"}]},{\"@type\":\"WebSite\",\"@id\":\"https:\\\/\\\/miumjau.ee\\\/#website\",\"url\":\"https:\\\/\\\/miumjau.ee\\\/\",\"name\":\"MiuMjau\",\"description\":\"Kraapimispuud kassidele\",\"publisher\":{\"@id\":\"https:\\\/\\\/miumjau.ee\\\/#organization\"},\"potentialAction\":[{\"@type\":\"SearchAction\",\"target\":{\"@type\":\"EntryPoint\",\"urlTemplate\":\"https:\\\/\\\/miumjau.ee\\\/?s={search_term_string}\"},\"query-input\":{\"@type\":\"PropertyValueSpecification\",\"valueRequired\":true,\"valueName\":\"search_term_string\"}}],\"inLanguage\":\"lv-LV\"},{\"@type\":\"Organization\",\"@id\":\"https:\\\/\\\/miumjau.ee\\\/#organization\",\"name\":\"MiuMjau O\u00dc\",\"url\":\"https:\\\/\\\/miumjau.ee\\\/\",\"logo\":{\"@type\":\"ImageObject\",\"inLanguage\":\"lv-LV\",\"@id\":\"https:\\\/\\\/miumjau.ee\\\/#\\\/schema\\\/logo\\\/image\\\/\",\"url\":\"https:\\\/\\\/miumjau.ee\\\/wp-content\\\/uploads\\\/2022\\\/04\\\/MiuMjau-logo-kollane.png\",\"contentUrl\":\"https:\\\/\\\/miumjau.ee\\\/wp-content\\\/uploads\\\/2022\\\/04\\\/MiuMjau-logo-kollane.png\",\"width\":219,\"height\":100,\"caption\":\"MiuMjau O\u00dc\"},\"image\":{\"@id\":\"https:\\\/\\\/miumjau.ee\\\/#\\\/schema\\\/logo\\\/image\\\/\"},\"sameAs\":[\"https:\\\/\\\/www.facebook.com\\\/miumjaupood\\\/\"]}]}<\/script>\n<!-- \/ Yoast SEO plugin. -->","yoast_head_json":{"title":"Dab\u012bgi ko\u0161\u013c\u0101\u0161anas koci\u0146i kuc\u0113niem, Frigera 60 g - MiuMjau","robots":{"index":"index","follow":"follow","max-snippet":"max-snippet:-1","max-image-preview":"max-image-preview:large","max-video-preview":"max-video-preview:-1"},"canonical":"https:\/\/miumjau.ee\/lv\/produkts\/dabigi-koslasanas-kocini-kuceniem-frigera-60-g\/","og_locale":"lv_LV","og_type":"article","og_title":"Dab\u012bgi ko\u0161\u013c\u0101\u0161anas koci\u0146i kuc\u0113niem, Frigera 60 g - MiuMjau","og_description":"Vai nesp\u0113j pretoties sava m\u012b\u013c\u0101 kuc\u0113na l\u016bdzo\u0161ajam skatienam, kad tas gaida kaut ko \u012bpa\u0161i gardu? Mums ir tie\u0161i tas, kas vajadz\u012bgs \u2013 friGERA kuc\u0113nu k\u0101rumi! M\u016bsu r\u016bp\u012bgi kalt\u0113tie koci\u0146i ir gatavoti no 100 % dab\u012bgas liellopa tesme\u0146a, bez kr\u0101sviel\u0101m vai konservantiem. Pateicoties augstajam kalcija, olbaltumvielu un piensk\u0101bes saturam, \u0161ie k\u0101rumi ir \u013coti barojo\u0161i tavam mazajam p\u016bkainajam draugam. Tesmen\u012b sastopami ar\u012b vair\u0101ki miner\u0101li un vitam\u012bni, tostarp sel\u0113ns, B12 vitam\u012bns, cinks un dzelzs. Tesmenis ir lieliska alternat\u012bva citiem ko\u0161\u013c\u0101jamiem k\u0101rumiem un pal\u012bdz uztur\u0113t smaganu un zobu vesel\u012bbu. \u0160ie nelielie gardumi ir dabiska balva tavam \u010detrk\u0101jainajam \u0123imenes loceklim un gar\u0161\u012bgs na\u0161\u0137is, ko var dot vesel\u0101 veid\u0101 vai sagriezt maz\u0101kos gabali\u0146os. Sast\u0101vs: 100 % liellopu ga\u013ca Lieto\u0161anas instrukcija: Dod starp \u0113dienreiz\u0113m k\u0101 na\u0161\u0137i vai balvu k\u0101 da\u013cu no sabalans\u0113ta uztura. Baro\u0161anas laik\u0101 uzraugi suni un nodro\u0161ini svaigu \u016bdeni. Nav paredz\u0113ts cilv\u0113ku uzturam. Anal\u012btiskais sast\u0101vs: Olbaltumvielas 58,54 %, Tauki 25,53 %, Mitrums 8,76 %","og_url":"https:\/\/miumjau.ee\/lv\/produkts\/dabigi-koslasanas-kocini-kuceniem-frigera-60-g\/","og_site_name":"MiuMjau","article_publisher":"https:\/\/www.facebook.com\/miumjaupood\/","article_modified_time":"2026-01-07T19:20:38+00:00","og_image":[{"width":600,"height":800,"url":"https:\/\/miumjau.ee\/wp-content\/uploads\/2025\/05\/frigera-koerte-maius-pulgad-kutsikatele-60g-1-Photoroom.webp","type":"image\/webp"}],"twitter_card":"summary_large_image","schema":{"@context":"https:\/\/schema.org","@graph":[{"@type":"WebPage","@id":"https:\/\/miumjau.ee\/lv\/produkts\/dabigi-koslasanas-kocini-kuceniem-frigera-60-g\/","url":"https:\/\/miumjau.ee\/lv\/produkts\/dabigi-koslasanas-kocini-kuceniem-frigera-60-g\/","name":"Dab\u012bgi ko\u0161\u013c\u0101\u0161anas koci\u0146i kuc\u0113niem, Frigera 60 g - MiuMjau","isPartOf":{"@id":"https:\/\/miumjau.ee\/#website"},"primaryImageOfPage":{"@id":"https:\/\/miumjau.ee\/lv\/produkts\/dabigi-koslasanas-kocini-kuceniem-frigera-60-g\/#primaryimage"},"image":{"@id":"https:\/\/miumjau.ee\/lv\/produkts\/dabigi-koslasanas-kocini-kuceniem-frigera-60-g\/#primaryimage"},"thumbnailUrl":"https:\/\/miumjau.ee\/wp-content\/uploads\/2025\/05\/frigera-koerte-maius-pulgad-kutsikatele-60g-1-Photoroom.webp","datePublished":"2025-05-29T18:41:17+00:00","dateModified":"2026-01-07T19:20:38+00:00","breadcrumb":{"@id":"https:\/\/miumjau.ee\/lv\/produkts\/dabigi-koslasanas-kocini-kuceniem-frigera-60-g\/#breadcrumb"},"inLanguage":"lv-LV","potentialAction":[{"@type":"ReadAction","target":["https:\/\/miumjau.ee\/lv\/produkts\/dabigi-koslasanas-kocini-kuceniem-frigera-60-g\/"]}]},{"@type":"ImageObject","inLanguage":"lv-LV","@id":"https:\/\/miumjau.ee\/lv\/produkts\/dabigi-koslasanas-kocini-kuceniem-frigera-60-g\/#primaryimage","url":"https:\/\/miumjau.ee\/wp-content\/uploads\/2025\/05\/frigera-koerte-maius-pulgad-kutsikatele-60g-1-Photoroom.webp","contentUrl":"https:\/\/miumjau.ee\/wp-content\/uploads\/2025\/05\/frigera-koerte-maius-pulgad-kutsikatele-60g-1-Photoroom.webp","width":600,"height":800},{"@type":"BreadcrumbList","@id":"https:\/\/miumjau.ee\/lv\/produkts\/dabigi-koslasanas-kocini-kuceniem-frigera-60-g\/#breadcrumb","itemListElement":[{"@type":"ListItem","position":1,"name":"Home","item":"https:\/\/miumjau.ee\/lv\/"},{"@type":"ListItem","position":2,"name":"Veikals","item":"https:\/\/miumjau.ee\/lv\/veikals\/"},{"@type":"ListItem","position":3,"name":"Dab\u012bgi ko\u0161\u013c\u0101\u0161anas koci\u0146i kuc\u0113niem, Frigera 60 g"}]},{"@type":"WebSite","@id":"https:\/\/miumjau.ee\/#website","url":"https:\/\/miumjau.ee\/","name":"MiuMjau","description":"Kraapimispuud kassidele","publisher":{"@id":"https:\/\/miumjau.ee\/#organization"},"potentialAction":[{"@type":"SearchAction","target":{"@type":"EntryPoint","urlTemplate":"https:\/\/miumjau.ee\/?s={search_term_string}"},"query-input":{"@type":"PropertyValueSpecification","valueRequired":true,"valueName":"search_term_string"}}],"inLanguage":"lv-LV"},{"@type":"Organization","@id":"https:\/\/miumjau.ee\/#organization","name":"MiuMjau O\u00dc","url":"https:\/\/miumjau.ee\/","logo":{"@type":"ImageObject","inLanguage":"lv-LV","@id":"https:\/\/miumjau.ee\/#\/schema\/logo\/image\/","url":"https:\/\/miumjau.ee\/wp-content\/uploads\/2022\/04\/MiuMjau-logo-kollane.png","contentUrl":"https:\/\/miumjau.ee\/wp-content\/uploads\/2022\/04\/MiuMjau-logo-kollane.png","width":219,"height":100,"caption":"MiuMjau O\u00dc"},"image":{"@id":"https:\/\/miumjau.ee\/#\/schema\/logo\/image\/"},"sameAs":["https:\/\/www.facebook.com\/miumjaupood\/"]}]}},"_links":{"self":[{"href":"https:\/\/miumjau.ee\/lv\/wp-json\/wp\/v2\/product\/47931","targetHints":{"allow":["GET"]}}],"collection":[{"href":"https:\/\/miumjau.ee\/lv\/wp-json\/wp\/v2\/product"}],"about":[{"href":"https:\/\/miumjau.ee\/lv\/wp-json\/wp\/v2\/types\/product"}],"wp:featuredmedia":[{"embeddable":true,"href":"https:\/\/miumjau.ee\/lv\/wp-json\/wp\/v2\/media\/47932"}],"wp:attachment":[{"href":"https:\/\/miumjau.ee\/lv\/wp-json\/wp\/v2\/media?parent=47931"}],"wp:term":[{"taxonomy":"product_brand","embeddable":true,"href":"https:\/\/miumjau.ee\/lv\/wp-json\/wp\/v2\/product_brand?post=47931"},{"taxonomy":"product_cat","embeddable":true,"href":"https:\/\/miumjau.ee\/lv\/wp-json\/wp\/v2\/product_cat?post=47931"},{"taxonomy":"product_tag","embeddable":true,"href":"https:\/\/miumjau.ee\/lv\/wp-json\/wp\/v2\/product_tag?post=47931"}],"curies":[{"name":"wp","href":"https:\/\/api.w.org\/{rel}","templated":true}]}}