{"id":47927,"date":"2025-05-29T21:46:24","date_gmt":"2025-05-29T18:46:24","guid":{"rendered":"https:\/\/miumjau.ee\/toode\/zaveta-liellopa-sirds-gabalinos-frigera-karums-suniem-250-g\/"},"modified":"2026-01-07T21:20:38","modified_gmt":"2026-01-07T19:20:38","slug":"zaveta-liellopa-sirds-gabalinos-frigera-karums-suniem-250-g","status":"publish","type":"product","link":"https:\/\/miumjau.ee\/lv\/produkts\/zaveta-liellopa-sirds-gabalinos-frigera-karums-suniem-250-g\/","title":{"rendered":"\u017d\u0101v\u0113ta liellopa sirds gabali\u0146os, Frigera k\u0101rums su\u0146iem 250 g"},"content":{"rendered":"","protected":false},"excerpt":{"rendered":"<p data-start=\"2274\" data-end=\"2755\">Kas tik labi smar\u017eo? Protams \u2013 friGERA liellopa sirds! \u0160is gardums noteikti liks tavam \u010detrk\u0101jainajam draugam siekaloties. M\u016bsu liellopa sirds gabali\u0146i ir maigi kalt\u0113ti karst\u0101 gais\u0101, saglab\u0101jot arom\u0101tisku un izteikti ga\u013c\u012bgu gar\u0161u. Tie ir ne tikai gardi, bet ar\u012b vesel\u012bgi \u2013 gatavoti no t\u012bra musku\u013cauda un bag\u0101ti ar olbaltumviel\u0101m, neapstr\u0101d\u0101t\u0101m taukviel\u0101m, k\u0101 ar\u012b vair\u0101kiem miner\u0101lviel\u0101m un vitam\u012bniem, tostarp cinku, sel\u0113nu un fosforu, kas atbalsta tava su\u0146a vesel\u012bbu un labsaj\u016btu.<\/p>\n<p data-start=\"2757\" data-end=\"2933\">Maz\u0101kiem su\u0146iem sirds gabali\u0146i ir lieliski ko\u0161\u013c\u0101\u0161anai, bet liel\u0101ki su\u0146i tos nov\u0113rt\u0113s k\u0101 \u201cv\u0113rt\u012bgu balvu\u201d starp \u0113dienreiz\u0113m. Tavs m\u012blulis noteikti pateiksies par \u0161o gardo k\u0101rumu!<\/p>\n<p data-start=\"2935\" data-end=\"2965\">Sast\u0101vs: 100 % liellopu ga\u013ca<\/p>\n<p data-start=\"2967\" data-end=\"3149\">Lieto\u0161anas instrukcija: Dod k\u0101 na\u0161\u0137i vai balvu starp \u0113dienreiz\u0113m k\u0101 da\u013cu no sabalans\u0113ta uztura. Baro\u0161anas laik\u0101 uzraugi suni un nodro\u0161ini svaigu \u016bdeni. Nav paredz\u0113ts cilv\u0113ku uzturam.<\/p>\n<p data-start=\"3151\" data-end=\"3227\">Anal\u012btiskais sast\u0101vs: Olbaltumvielas 69,33 %, Tauki 19,15 %, Mitrums 13,18 %<\/p>\n","protected":false},"featured_media":47925,"template":"","meta":[],"product_brand":[],"product_cat":[573,576],"product_tag":[],"class_list":{"0":"post-47927","1":"product","2":"type-product","3":"status-publish","4":"has-post-thumbnail","6":"product_cat-kaup24-lv","7":"product_cat-naski-suniem","9":"first","10":"instock","11":"taxable","12":"shipping-taxable","13":"purchasable","14":"product-type-simple"},"yoast_head":"<!-- This site is optimized with the Yoast SEO plugin v27.4 - https:\/\/yoast.com\/product\/yoast-seo-wordpress\/ -->\n<title>\u017d\u0101v\u0113ta liellopa sirds gabali\u0146os, Frigera k\u0101rums su\u0146iem 250 g - MiuMjau<\/title>\n<meta name=\"robots\" content=\"index, follow, max-snippet:-1, max-image-preview:large, max-video-preview:-1\" \/>\n<link rel=\"canonical\" href=\"https:\/\/miumjau.ee\/lv\/produkts\/zaveta-liellopa-sirds-gabalinos-frigera-karums-suniem-250-g\/\" \/>\n<meta property=\"og:locale\" content=\"lv_LV\" \/>\n<meta property=\"og:type\" content=\"article\" \/>\n<meta property=\"og:title\" content=\"\u017d\u0101v\u0113ta liellopa sirds gabali\u0146os, Frigera k\u0101rums su\u0146iem 250 g - MiuMjau\" \/>\n<meta property=\"og:description\" content=\"Kas tik labi smar\u017eo? Protams \u2013 friGERA liellopa sirds! \u0160is gardums noteikti liks tavam \u010detrk\u0101jainajam draugam siekaloties. M\u016bsu liellopa sirds gabali\u0146i ir maigi kalt\u0113ti karst\u0101 gais\u0101, saglab\u0101jot arom\u0101tisku un izteikti ga\u013c\u012bgu gar\u0161u. Tie ir ne tikai gardi, bet ar\u012b vesel\u012bgi \u2013 gatavoti no t\u012bra musku\u013cauda un bag\u0101ti ar olbaltumviel\u0101m, neapstr\u0101d\u0101t\u0101m taukviel\u0101m, k\u0101 ar\u012b vair\u0101kiem miner\u0101lviel\u0101m un vitam\u012bniem, tostarp cinku, sel\u0113nu un fosforu, kas atbalsta tava su\u0146a vesel\u012bbu un labsaj\u016btu. Maz\u0101kiem su\u0146iem sirds gabali\u0146i ir lieliski ko\u0161\u013c\u0101\u0161anai, bet liel\u0101ki su\u0146i tos nov\u0113rt\u0113s k\u0101 \u201cv\u0113rt\u012bgu balvu\u201d starp \u0113dienreiz\u0113m. Tavs m\u012blulis noteikti pateiksies par \u0161o gardo k\u0101rumu! Sast\u0101vs: 100 % liellopu ga\u013ca Lieto\u0161anas instrukcija: Dod k\u0101 na\u0161\u0137i vai balvu starp \u0113dienreiz\u0113m k\u0101 da\u013cu no sabalans\u0113ta uztura. Baro\u0161anas laik\u0101 uzraugi suni un nodro\u0161ini svaigu \u016bdeni. Nav paredz\u0113ts cilv\u0113ku uzturam. Anal\u012btiskais sast\u0101vs: Olbaltumvielas 69,33 %, Tauki 19,15 %, Mitrums 13,18 %\" \/>\n<meta property=\"og:url\" content=\"https:\/\/miumjau.ee\/lv\/produkts\/zaveta-liellopa-sirds-gabalinos-frigera-karums-suniem-250-g\/\" \/>\n<meta property=\"og:site_name\" content=\"MiuMjau\" \/>\n<meta property=\"article:publisher\" content=\"https:\/\/www.facebook.com\/miumjaupood\/\" \/>\n<meta property=\"article:modified_time\" content=\"2026-01-07T19:20:38+00:00\" \/>\n<meta property=\"og:image\" content=\"https:\/\/miumjau.ee\/wp-content\/uploads\/2025\/05\/veise-suda-250g-frigera.jpg\" \/>\n\t<meta property=\"og:image:width\" content=\"600\" \/>\n\t<meta property=\"og:image:height\" content=\"800\" \/>\n\t<meta property=\"og:image:type\" content=\"image\/jpeg\" \/>\n<meta name=\"twitter:card\" content=\"summary_large_image\" \/>\n<script type=\"application\/ld+json\" class=\"yoast-schema-graph\">{\"@context\":\"https:\\\/\\\/schema.org\",\"@graph\":[{\"@type\":\"WebPage\",\"@id\":\"https:\\\/\\\/miumjau.ee\\\/lv\\\/produkts\\\/zaveta-liellopa-sirds-gabalinos-frigera-karums-suniem-250-g\\\/\",\"url\":\"https:\\\/\\\/miumjau.ee\\\/lv\\\/produkts\\\/zaveta-liellopa-sirds-gabalinos-frigera-karums-suniem-250-g\\\/\",\"name\":\"\u017d\u0101v\u0113ta liellopa sirds gabali\u0146os, Frigera k\u0101rums su\u0146iem 250 g - MiuMjau\",\"isPartOf\":{\"@id\":\"https:\\\/\\\/miumjau.ee\\\/#website\"},\"primaryImageOfPage\":{\"@id\":\"https:\\\/\\\/miumjau.ee\\\/lv\\\/produkts\\\/zaveta-liellopa-sirds-gabalinos-frigera-karums-suniem-250-g\\\/#primaryimage\"},\"image\":{\"@id\":\"https:\\\/\\\/miumjau.ee\\\/lv\\\/produkts\\\/zaveta-liellopa-sirds-gabalinos-frigera-karums-suniem-250-g\\\/#primaryimage\"},\"thumbnailUrl\":\"https:\\\/\\\/miumjau.ee\\\/wp-content\\\/uploads\\\/2025\\\/05\\\/veise-suda-250g-frigera.jpg\",\"datePublished\":\"2025-05-29T18:46:24+00:00\",\"dateModified\":\"2026-01-07T19:20:38+00:00\",\"breadcrumb\":{\"@id\":\"https:\\\/\\\/miumjau.ee\\\/lv\\\/produkts\\\/zaveta-liellopa-sirds-gabalinos-frigera-karums-suniem-250-g\\\/#breadcrumb\"},\"inLanguage\":\"lv-LV\",\"potentialAction\":[{\"@type\":\"ReadAction\",\"target\":[\"https:\\\/\\\/miumjau.ee\\\/lv\\\/produkts\\\/zaveta-liellopa-sirds-gabalinos-frigera-karums-suniem-250-g\\\/\"]}]},{\"@type\":\"ImageObject\",\"inLanguage\":\"lv-LV\",\"@id\":\"https:\\\/\\\/miumjau.ee\\\/lv\\\/produkts\\\/zaveta-liellopa-sirds-gabalinos-frigera-karums-suniem-250-g\\\/#primaryimage\",\"url\":\"https:\\\/\\\/miumjau.ee\\\/wp-content\\\/uploads\\\/2025\\\/05\\\/veise-suda-250g-frigera.jpg\",\"contentUrl\":\"https:\\\/\\\/miumjau.ee\\\/wp-content\\\/uploads\\\/2025\\\/05\\\/veise-suda-250g-frigera.jpg\",\"width\":600,\"height\":800},{\"@type\":\"BreadcrumbList\",\"@id\":\"https:\\\/\\\/miumjau.ee\\\/lv\\\/produkts\\\/zaveta-liellopa-sirds-gabalinos-frigera-karums-suniem-250-g\\\/#breadcrumb\",\"itemListElement\":[{\"@type\":\"ListItem\",\"position\":1,\"name\":\"Home\",\"item\":\"https:\\\/\\\/miumjau.ee\\\/lv\\\/\"},{\"@type\":\"ListItem\",\"position\":2,\"name\":\"Veikals\",\"item\":\"https:\\\/\\\/miumjau.ee\\\/lv\\\/veikals\\\/\"},{\"@type\":\"ListItem\",\"position\":3,\"name\":\"\u017d\u0101v\u0113ta liellopa sirds gabali\u0146os, Frigera k\u0101rums su\u0146iem 250 g\"}]},{\"@type\":\"WebSite\",\"@id\":\"https:\\\/\\\/miumjau.ee\\\/#website\",\"url\":\"https:\\\/\\\/miumjau.ee\\\/\",\"name\":\"MiuMjau\",\"description\":\"Kraapimispuud kassidele\",\"publisher\":{\"@id\":\"https:\\\/\\\/miumjau.ee\\\/#organization\"},\"potentialAction\":[{\"@type\":\"SearchAction\",\"target\":{\"@type\":\"EntryPoint\",\"urlTemplate\":\"https:\\\/\\\/miumjau.ee\\\/?s={search_term_string}\"},\"query-input\":{\"@type\":\"PropertyValueSpecification\",\"valueRequired\":true,\"valueName\":\"search_term_string\"}}],\"inLanguage\":\"lv-LV\"},{\"@type\":\"Organization\",\"@id\":\"https:\\\/\\\/miumjau.ee\\\/#organization\",\"name\":\"MiuMjau O\u00dc\",\"url\":\"https:\\\/\\\/miumjau.ee\\\/\",\"logo\":{\"@type\":\"ImageObject\",\"inLanguage\":\"lv-LV\",\"@id\":\"https:\\\/\\\/miumjau.ee\\\/#\\\/schema\\\/logo\\\/image\\\/\",\"url\":\"https:\\\/\\\/miumjau.ee\\\/wp-content\\\/uploads\\\/2022\\\/04\\\/MiuMjau-logo-kollane.png\",\"contentUrl\":\"https:\\\/\\\/miumjau.ee\\\/wp-content\\\/uploads\\\/2022\\\/04\\\/MiuMjau-logo-kollane.png\",\"width\":219,\"height\":100,\"caption\":\"MiuMjau O\u00dc\"},\"image\":{\"@id\":\"https:\\\/\\\/miumjau.ee\\\/#\\\/schema\\\/logo\\\/image\\\/\"},\"sameAs\":[\"https:\\\/\\\/www.facebook.com\\\/miumjaupood\\\/\"]}]}<\/script>\n<!-- \/ Yoast SEO plugin. -->","yoast_head_json":{"title":"\u017d\u0101v\u0113ta liellopa sirds gabali\u0146os, Frigera k\u0101rums su\u0146iem 250 g - MiuMjau","robots":{"index":"index","follow":"follow","max-snippet":"max-snippet:-1","max-image-preview":"max-image-preview:large","max-video-preview":"max-video-preview:-1"},"canonical":"https:\/\/miumjau.ee\/lv\/produkts\/zaveta-liellopa-sirds-gabalinos-frigera-karums-suniem-250-g\/","og_locale":"lv_LV","og_type":"article","og_title":"\u017d\u0101v\u0113ta liellopa sirds gabali\u0146os, Frigera k\u0101rums su\u0146iem 250 g - MiuMjau","og_description":"Kas tik labi smar\u017eo? Protams \u2013 friGERA liellopa sirds! \u0160is gardums noteikti liks tavam \u010detrk\u0101jainajam draugam siekaloties. M\u016bsu liellopa sirds gabali\u0146i ir maigi kalt\u0113ti karst\u0101 gais\u0101, saglab\u0101jot arom\u0101tisku un izteikti ga\u013c\u012bgu gar\u0161u. Tie ir ne tikai gardi, bet ar\u012b vesel\u012bgi \u2013 gatavoti no t\u012bra musku\u013cauda un bag\u0101ti ar olbaltumviel\u0101m, neapstr\u0101d\u0101t\u0101m taukviel\u0101m, k\u0101 ar\u012b vair\u0101kiem miner\u0101lviel\u0101m un vitam\u012bniem, tostarp cinku, sel\u0113nu un fosforu, kas atbalsta tava su\u0146a vesel\u012bbu un labsaj\u016btu. Maz\u0101kiem su\u0146iem sirds gabali\u0146i ir lieliski ko\u0161\u013c\u0101\u0161anai, bet liel\u0101ki su\u0146i tos nov\u0113rt\u0113s k\u0101 \u201cv\u0113rt\u012bgu balvu\u201d starp \u0113dienreiz\u0113m. Tavs m\u012blulis noteikti pateiksies par \u0161o gardo k\u0101rumu! Sast\u0101vs: 100 % liellopu ga\u013ca Lieto\u0161anas instrukcija: Dod k\u0101 na\u0161\u0137i vai balvu starp \u0113dienreiz\u0113m k\u0101 da\u013cu no sabalans\u0113ta uztura. Baro\u0161anas laik\u0101 uzraugi suni un nodro\u0161ini svaigu \u016bdeni. Nav paredz\u0113ts cilv\u0113ku uzturam. Anal\u012btiskais sast\u0101vs: Olbaltumvielas 69,33 %, Tauki 19,15 %, Mitrums 13,18 %","og_url":"https:\/\/miumjau.ee\/lv\/produkts\/zaveta-liellopa-sirds-gabalinos-frigera-karums-suniem-250-g\/","og_site_name":"MiuMjau","article_publisher":"https:\/\/www.facebook.com\/miumjaupood\/","article_modified_time":"2026-01-07T19:20:38+00:00","og_image":[{"width":600,"height":800,"url":"https:\/\/miumjau.ee\/wp-content\/uploads\/2025\/05\/veise-suda-250g-frigera.jpg","type":"image\/jpeg"}],"twitter_card":"summary_large_image","schema":{"@context":"https:\/\/schema.org","@graph":[{"@type":"WebPage","@id":"https:\/\/miumjau.ee\/lv\/produkts\/zaveta-liellopa-sirds-gabalinos-frigera-karums-suniem-250-g\/","url":"https:\/\/miumjau.ee\/lv\/produkts\/zaveta-liellopa-sirds-gabalinos-frigera-karums-suniem-250-g\/","name":"\u017d\u0101v\u0113ta liellopa sirds gabali\u0146os, Frigera k\u0101rums su\u0146iem 250 g - MiuMjau","isPartOf":{"@id":"https:\/\/miumjau.ee\/#website"},"primaryImageOfPage":{"@id":"https:\/\/miumjau.ee\/lv\/produkts\/zaveta-liellopa-sirds-gabalinos-frigera-karums-suniem-250-g\/#primaryimage"},"image":{"@id":"https:\/\/miumjau.ee\/lv\/produkts\/zaveta-liellopa-sirds-gabalinos-frigera-karums-suniem-250-g\/#primaryimage"},"thumbnailUrl":"https:\/\/miumjau.ee\/wp-content\/uploads\/2025\/05\/veise-suda-250g-frigera.jpg","datePublished":"2025-05-29T18:46:24+00:00","dateModified":"2026-01-07T19:20:38+00:00","breadcrumb":{"@id":"https:\/\/miumjau.ee\/lv\/produkts\/zaveta-liellopa-sirds-gabalinos-frigera-karums-suniem-250-g\/#breadcrumb"},"inLanguage":"lv-LV","potentialAction":[{"@type":"ReadAction","target":["https:\/\/miumjau.ee\/lv\/produkts\/zaveta-liellopa-sirds-gabalinos-frigera-karums-suniem-250-g\/"]}]},{"@type":"ImageObject","inLanguage":"lv-LV","@id":"https:\/\/miumjau.ee\/lv\/produkts\/zaveta-liellopa-sirds-gabalinos-frigera-karums-suniem-250-g\/#primaryimage","url":"https:\/\/miumjau.ee\/wp-content\/uploads\/2025\/05\/veise-suda-250g-frigera.jpg","contentUrl":"https:\/\/miumjau.ee\/wp-content\/uploads\/2025\/05\/veise-suda-250g-frigera.jpg","width":600,"height":800},{"@type":"BreadcrumbList","@id":"https:\/\/miumjau.ee\/lv\/produkts\/zaveta-liellopa-sirds-gabalinos-frigera-karums-suniem-250-g\/#breadcrumb","itemListElement":[{"@type":"ListItem","position":1,"name":"Home","item":"https:\/\/miumjau.ee\/lv\/"},{"@type":"ListItem","position":2,"name":"Veikals","item":"https:\/\/miumjau.ee\/lv\/veikals\/"},{"@type":"ListItem","position":3,"name":"\u017d\u0101v\u0113ta liellopa sirds gabali\u0146os, Frigera k\u0101rums su\u0146iem 250 g"}]},{"@type":"WebSite","@id":"https:\/\/miumjau.ee\/#website","url":"https:\/\/miumjau.ee\/","name":"MiuMjau","description":"Kraapimispuud kassidele","publisher":{"@id":"https:\/\/miumjau.ee\/#organization"},"potentialAction":[{"@type":"SearchAction","target":{"@type":"EntryPoint","urlTemplate":"https:\/\/miumjau.ee\/?s={search_term_string}"},"query-input":{"@type":"PropertyValueSpecification","valueRequired":true,"valueName":"search_term_string"}}],"inLanguage":"lv-LV"},{"@type":"Organization","@id":"https:\/\/miumjau.ee\/#organization","name":"MiuMjau O\u00dc","url":"https:\/\/miumjau.ee\/","logo":{"@type":"ImageObject","inLanguage":"lv-LV","@id":"https:\/\/miumjau.ee\/#\/schema\/logo\/image\/","url":"https:\/\/miumjau.ee\/wp-content\/uploads\/2022\/04\/MiuMjau-logo-kollane.png","contentUrl":"https:\/\/miumjau.ee\/wp-content\/uploads\/2022\/04\/MiuMjau-logo-kollane.png","width":219,"height":100,"caption":"MiuMjau O\u00dc"},"image":{"@id":"https:\/\/miumjau.ee\/#\/schema\/logo\/image\/"},"sameAs":["https:\/\/www.facebook.com\/miumjaupood\/"]}]}},"_links":{"self":[{"href":"https:\/\/miumjau.ee\/lv\/wp-json\/wp\/v2\/product\/47927","targetHints":{"allow":["GET"]}}],"collection":[{"href":"https:\/\/miumjau.ee\/lv\/wp-json\/wp\/v2\/product"}],"about":[{"href":"https:\/\/miumjau.ee\/lv\/wp-json\/wp\/v2\/types\/product"}],"wp:featuredmedia":[{"embeddable":true,"href":"https:\/\/miumjau.ee\/lv\/wp-json\/wp\/v2\/media\/47925"}],"wp:attachment":[{"href":"https:\/\/miumjau.ee\/lv\/wp-json\/wp\/v2\/media?parent=47927"}],"wp:term":[{"taxonomy":"product_brand","embeddable":true,"href":"https:\/\/miumjau.ee\/lv\/wp-json\/wp\/v2\/product_brand?post=47927"},{"taxonomy":"product_cat","embeddable":true,"href":"https:\/\/miumjau.ee\/lv\/wp-json\/wp\/v2\/product_cat?post=47927"},{"taxonomy":"product_tag","embeddable":true,"href":"https:\/\/miumjau.ee\/lv\/wp-json\/wp\/v2\/product_tag?post=47927"}],"curies":[{"name":"wp","href":"https:\/\/api.w.org\/{rel}","templated":true}]}}