{"id":47923,"date":"2025-05-29T21:52:37","date_gmt":"2025-05-29T18:52:37","guid":{"rendered":"https:\/\/miumjau.ee\/toode\/versa-dzimumlocekla-gali-frigera-koslajamais-karums-500-g\/"},"modified":"2026-01-07T21:20:38","modified_gmt":"2026-01-07T19:20:38","slug":"versa-dzimumlocekla-gali-frigera-koslajamais-karums-500-g","status":"publish","type":"product","link":"https:\/\/miumjau.ee\/lv\/produkts\/versa-dzimumlocekla-gali-frigera-koslajamais-karums-500-g\/","title":{"rendered":"V\u0113r\u0161a dzimumlocek\u013ca gali Frigera, ko\u0161\u013c\u0101jamais k\u0101rums 500 g"},"content":{"rendered":"","protected":false},"excerpt":{"rendered":"<p data-start=\"2278\" data-end=\"2818\">Dabiskas mini izm\u0113ra ko\u0161\u013c\u0101jam\u0101s n\u016bji\u0146as no v\u0113r\u0161a dzimumlocek\u013ca? Tie\u0161i t\u0101! \u0160ie mazie k\u0101rumi ar vilino\u0161u arom\u0101tu noteikti iepriecin\u0101s tavu suni. Tie ir ide\u0101li, ja vesela n\u016bja ir par lielu tavam sunim vai ja mekl\u0113 izdev\u012bg\u0101ku variantu! friGERA ko\u0161\u013c\u0101jam\u0101s n\u016bji\u0146as ir izgatavotas no augstas kvalit\u0101tes br\u012bvos apst\u0101k\u013cos tur\u0113tu v\u0113r\u0161u audiem. \u0160ie dab\u012bgie gabali\u0146i ir lielisks omega-3, olbaltumvielu un neaizst\u0101jamo aminosk\u0101bju avots, k\u0101 ar\u012b satur maz\u0101k pies\u0101tin\u0101to tauku nek\u0101 daudzi citi dab\u012bgie na\u0161\u0137i. \u201c\u0100tra balva\u201d tavam ast\u012bti vicino\u0161ajam draugam!<\/p>\n<p data-start=\"2820\" data-end=\"2872\">Neto daudzums: 500 g<br data-start=\"2840\" data-end=\"2843\" \/>Sast\u0101vs: 100% liellopu ga\u013ca<\/p>\n<p data-start=\"2874\" data-end=\"3136\">Lieto\u0161anas instrukcija: Dod k\u0101 na\u0161\u0137i vai balvu starp \u0113dienreiz\u0113m k\u0101 da\u013cu no sabalans\u0113ta uztura. Uzraugi suni baro\u0161anas laik\u0101 un nodro\u0161ini svaigu \u016bdeni. Nav paredz\u0113ts cilv\u0113ku lieto\u0161anai. Esiet uzman\u012bgi, ja suns m\u0113dz \u201cr\u012bt\u201d neko\u0161\u013c\u0101jot. Piem\u0113rots pieaugu\u0161iem su\u0146iem.<\/p>\n<p data-start=\"3138\" data-end=\"3210\">Anal\u012btiskais sast\u0101vs: Olbaltumvielas 81,96%, Tauki 4,51%, Mitrums 12,48%<\/p>\n","protected":false},"featured_media":47921,"template":"","meta":[],"product_brand":[],"product_cat":[573,576],"product_tag":[],"class_list":{"0":"post-47923","1":"product","2":"type-product","3":"status-publish","4":"has-post-thumbnail","6":"product_cat-kaup24-lv","7":"product_cat-naski-suniem","9":"first","10":"instock","11":"taxable","12":"shipping-taxable","13":"purchasable","14":"product-type-simple"},"yoast_head":"<!-- This site is optimized with the Yoast SEO plugin v27.4 - https:\/\/yoast.com\/product\/yoast-seo-wordpress\/ -->\n<title>V\u0113r\u0161a dzimumlocek\u013ca gali Frigera, ko\u0161\u013c\u0101jamais k\u0101rums 500 g - MiuMjau<\/title>\n<meta name=\"robots\" content=\"index, follow, max-snippet:-1, max-image-preview:large, max-video-preview:-1\" \/>\n<link rel=\"canonical\" href=\"https:\/\/miumjau.ee\/lv\/produkts\/versa-dzimumlocekla-gali-frigera-koslajamais-karums-500-g\/\" \/>\n<meta property=\"og:locale\" content=\"lv_LV\" \/>\n<meta property=\"og:type\" content=\"article\" \/>\n<meta property=\"og:title\" content=\"V\u0113r\u0161a dzimumlocek\u013ca gali Frigera, ko\u0161\u013c\u0101jamais k\u0101rums 500 g - MiuMjau\" \/>\n<meta property=\"og:description\" content=\"Dabiskas mini izm\u0113ra ko\u0161\u013c\u0101jam\u0101s n\u016bji\u0146as no v\u0113r\u0161a dzimumlocek\u013ca? Tie\u0161i t\u0101! \u0160ie mazie k\u0101rumi ar vilino\u0161u arom\u0101tu noteikti iepriecin\u0101s tavu suni. Tie ir ide\u0101li, ja vesela n\u016bja ir par lielu tavam sunim vai ja mekl\u0113 izdev\u012bg\u0101ku variantu! friGERA ko\u0161\u013c\u0101jam\u0101s n\u016bji\u0146as ir izgatavotas no augstas kvalit\u0101tes br\u012bvos apst\u0101k\u013cos tur\u0113tu v\u0113r\u0161u audiem. \u0160ie dab\u012bgie gabali\u0146i ir lielisks omega-3, olbaltumvielu un neaizst\u0101jamo aminosk\u0101bju avots, k\u0101 ar\u012b satur maz\u0101k pies\u0101tin\u0101to tauku nek\u0101 daudzi citi dab\u012bgie na\u0161\u0137i. \u201c\u0100tra balva\u201d tavam ast\u012bti vicino\u0161ajam draugam! Neto daudzums: 500 gSast\u0101vs: 100% liellopu ga\u013ca Lieto\u0161anas instrukcija: Dod k\u0101 na\u0161\u0137i vai balvu starp \u0113dienreiz\u0113m k\u0101 da\u013cu no sabalans\u0113ta uztura. Uzraugi suni baro\u0161anas laik\u0101 un nodro\u0161ini svaigu \u016bdeni. Nav paredz\u0113ts cilv\u0113ku lieto\u0161anai. Esiet uzman\u012bgi, ja suns m\u0113dz \u201cr\u012bt\u201d neko\u0161\u013c\u0101jot. Piem\u0113rots pieaugu\u0161iem su\u0146iem. Anal\u012btiskais sast\u0101vs: Olbaltumvielas 81,96%, Tauki 4,51%, Mitrums 12,48%\" \/>\n<meta property=\"og:url\" content=\"https:\/\/miumjau.ee\/lv\/produkts\/versa-dzimumlocekla-gali-frigera-koslajamais-karums-500-g\/\" \/>\n<meta property=\"og:site_name\" content=\"MiuMjau\" \/>\n<meta property=\"article:publisher\" content=\"https:\/\/www.facebook.com\/miumjaupood\/\" \/>\n<meta property=\"article:modified_time\" content=\"2026-01-07T19:20:38+00:00\" \/>\n<meta property=\"og:image\" content=\"https:\/\/miumjau.ee\/wp-content\/uploads\/2025\/05\/frigera-koerte-maius-pullipeenise-lopposad-500g-1-Photoroom.jpg\" \/>\n\t<meta property=\"og:image:width\" content=\"600\" \/>\n\t<meta property=\"og:image:height\" content=\"800\" \/>\n\t<meta property=\"og:image:type\" content=\"image\/jpeg\" \/>\n<meta name=\"twitter:card\" content=\"summary_large_image\" \/>\n<script type=\"application\/ld+json\" class=\"yoast-schema-graph\">{\"@context\":\"https:\\\/\\\/schema.org\",\"@graph\":[{\"@type\":\"WebPage\",\"@id\":\"https:\\\/\\\/miumjau.ee\\\/lv\\\/produkts\\\/versa-dzimumlocekla-gali-frigera-koslajamais-karums-500-g\\\/\",\"url\":\"https:\\\/\\\/miumjau.ee\\\/lv\\\/produkts\\\/versa-dzimumlocekla-gali-frigera-koslajamais-karums-500-g\\\/\",\"name\":\"V\u0113r\u0161a dzimumlocek\u013ca gali Frigera, ko\u0161\u013c\u0101jamais k\u0101rums 500 g - MiuMjau\",\"isPartOf\":{\"@id\":\"https:\\\/\\\/miumjau.ee\\\/#website\"},\"primaryImageOfPage\":{\"@id\":\"https:\\\/\\\/miumjau.ee\\\/lv\\\/produkts\\\/versa-dzimumlocekla-gali-frigera-koslajamais-karums-500-g\\\/#primaryimage\"},\"image\":{\"@id\":\"https:\\\/\\\/miumjau.ee\\\/lv\\\/produkts\\\/versa-dzimumlocekla-gali-frigera-koslajamais-karums-500-g\\\/#primaryimage\"},\"thumbnailUrl\":\"https:\\\/\\\/miumjau.ee\\\/wp-content\\\/uploads\\\/2025\\\/05\\\/frigera-koerte-maius-pullipeenise-lopposad-500g-1-Photoroom.jpg\",\"datePublished\":\"2025-05-29T18:52:37+00:00\",\"dateModified\":\"2026-01-07T19:20:38+00:00\",\"breadcrumb\":{\"@id\":\"https:\\\/\\\/miumjau.ee\\\/lv\\\/produkts\\\/versa-dzimumlocekla-gali-frigera-koslajamais-karums-500-g\\\/#breadcrumb\"},\"inLanguage\":\"lv-LV\",\"potentialAction\":[{\"@type\":\"ReadAction\",\"target\":[\"https:\\\/\\\/miumjau.ee\\\/lv\\\/produkts\\\/versa-dzimumlocekla-gali-frigera-koslajamais-karums-500-g\\\/\"]}]},{\"@type\":\"ImageObject\",\"inLanguage\":\"lv-LV\",\"@id\":\"https:\\\/\\\/miumjau.ee\\\/lv\\\/produkts\\\/versa-dzimumlocekla-gali-frigera-koslajamais-karums-500-g\\\/#primaryimage\",\"url\":\"https:\\\/\\\/miumjau.ee\\\/wp-content\\\/uploads\\\/2025\\\/05\\\/frigera-koerte-maius-pullipeenise-lopposad-500g-1-Photoroom.jpg\",\"contentUrl\":\"https:\\\/\\\/miumjau.ee\\\/wp-content\\\/uploads\\\/2025\\\/05\\\/frigera-koerte-maius-pullipeenise-lopposad-500g-1-Photoroom.jpg\",\"width\":600,\"height\":800},{\"@type\":\"BreadcrumbList\",\"@id\":\"https:\\\/\\\/miumjau.ee\\\/lv\\\/produkts\\\/versa-dzimumlocekla-gali-frigera-koslajamais-karums-500-g\\\/#breadcrumb\",\"itemListElement\":[{\"@type\":\"ListItem\",\"position\":1,\"name\":\"Home\",\"item\":\"https:\\\/\\\/miumjau.ee\\\/lv\\\/\"},{\"@type\":\"ListItem\",\"position\":2,\"name\":\"Veikals\",\"item\":\"https:\\\/\\\/miumjau.ee\\\/lv\\\/veikals\\\/\"},{\"@type\":\"ListItem\",\"position\":3,\"name\":\"V\u0113r\u0161a dzimumlocek\u013ca gali Frigera, ko\u0161\u013c\u0101jamais k\u0101rums 500 g\"}]},{\"@type\":\"WebSite\",\"@id\":\"https:\\\/\\\/miumjau.ee\\\/#website\",\"url\":\"https:\\\/\\\/miumjau.ee\\\/\",\"name\":\"MiuMjau\",\"description\":\"Kraapimispuud kassidele\",\"publisher\":{\"@id\":\"https:\\\/\\\/miumjau.ee\\\/#organization\"},\"potentialAction\":[{\"@type\":\"SearchAction\",\"target\":{\"@type\":\"EntryPoint\",\"urlTemplate\":\"https:\\\/\\\/miumjau.ee\\\/?s={search_term_string}\"},\"query-input\":{\"@type\":\"PropertyValueSpecification\",\"valueRequired\":true,\"valueName\":\"search_term_string\"}}],\"inLanguage\":\"lv-LV\"},{\"@type\":\"Organization\",\"@id\":\"https:\\\/\\\/miumjau.ee\\\/#organization\",\"name\":\"MiuMjau O\u00dc\",\"url\":\"https:\\\/\\\/miumjau.ee\\\/\",\"logo\":{\"@type\":\"ImageObject\",\"inLanguage\":\"lv-LV\",\"@id\":\"https:\\\/\\\/miumjau.ee\\\/#\\\/schema\\\/logo\\\/image\\\/\",\"url\":\"https:\\\/\\\/miumjau.ee\\\/wp-content\\\/uploads\\\/2022\\\/04\\\/MiuMjau-logo-kollane.png\",\"contentUrl\":\"https:\\\/\\\/miumjau.ee\\\/wp-content\\\/uploads\\\/2022\\\/04\\\/MiuMjau-logo-kollane.png\",\"width\":219,\"height\":100,\"caption\":\"MiuMjau O\u00dc\"},\"image\":{\"@id\":\"https:\\\/\\\/miumjau.ee\\\/#\\\/schema\\\/logo\\\/image\\\/\"},\"sameAs\":[\"https:\\\/\\\/www.facebook.com\\\/miumjaupood\\\/\"]}]}<\/script>\n<!-- \/ Yoast SEO plugin. -->","yoast_head_json":{"title":"V\u0113r\u0161a dzimumlocek\u013ca gali Frigera, ko\u0161\u013c\u0101jamais k\u0101rums 500 g - MiuMjau","robots":{"index":"index","follow":"follow","max-snippet":"max-snippet:-1","max-image-preview":"max-image-preview:large","max-video-preview":"max-video-preview:-1"},"canonical":"https:\/\/miumjau.ee\/lv\/produkts\/versa-dzimumlocekla-gali-frigera-koslajamais-karums-500-g\/","og_locale":"lv_LV","og_type":"article","og_title":"V\u0113r\u0161a dzimumlocek\u013ca gali Frigera, ko\u0161\u013c\u0101jamais k\u0101rums 500 g - MiuMjau","og_description":"Dabiskas mini izm\u0113ra ko\u0161\u013c\u0101jam\u0101s n\u016bji\u0146as no v\u0113r\u0161a dzimumlocek\u013ca? Tie\u0161i t\u0101! \u0160ie mazie k\u0101rumi ar vilino\u0161u arom\u0101tu noteikti iepriecin\u0101s tavu suni. Tie ir ide\u0101li, ja vesela n\u016bja ir par lielu tavam sunim vai ja mekl\u0113 izdev\u012bg\u0101ku variantu! friGERA ko\u0161\u013c\u0101jam\u0101s n\u016bji\u0146as ir izgatavotas no augstas kvalit\u0101tes br\u012bvos apst\u0101k\u013cos tur\u0113tu v\u0113r\u0161u audiem. \u0160ie dab\u012bgie gabali\u0146i ir lielisks omega-3, olbaltumvielu un neaizst\u0101jamo aminosk\u0101bju avots, k\u0101 ar\u012b satur maz\u0101k pies\u0101tin\u0101to tauku nek\u0101 daudzi citi dab\u012bgie na\u0161\u0137i. \u201c\u0100tra balva\u201d tavam ast\u012bti vicino\u0161ajam draugam! Neto daudzums: 500 gSast\u0101vs: 100% liellopu ga\u013ca Lieto\u0161anas instrukcija: Dod k\u0101 na\u0161\u0137i vai balvu starp \u0113dienreiz\u0113m k\u0101 da\u013cu no sabalans\u0113ta uztura. Uzraugi suni baro\u0161anas laik\u0101 un nodro\u0161ini svaigu \u016bdeni. Nav paredz\u0113ts cilv\u0113ku lieto\u0161anai. Esiet uzman\u012bgi, ja suns m\u0113dz \u201cr\u012bt\u201d neko\u0161\u013c\u0101jot. Piem\u0113rots pieaugu\u0161iem su\u0146iem. Anal\u012btiskais sast\u0101vs: Olbaltumvielas 81,96%, Tauki 4,51%, Mitrums 12,48%","og_url":"https:\/\/miumjau.ee\/lv\/produkts\/versa-dzimumlocekla-gali-frigera-koslajamais-karums-500-g\/","og_site_name":"MiuMjau","article_publisher":"https:\/\/www.facebook.com\/miumjaupood\/","article_modified_time":"2026-01-07T19:20:38+00:00","og_image":[{"width":600,"height":800,"url":"https:\/\/miumjau.ee\/wp-content\/uploads\/2025\/05\/frigera-koerte-maius-pullipeenise-lopposad-500g-1-Photoroom.jpg","type":"image\/jpeg"}],"twitter_card":"summary_large_image","schema":{"@context":"https:\/\/schema.org","@graph":[{"@type":"WebPage","@id":"https:\/\/miumjau.ee\/lv\/produkts\/versa-dzimumlocekla-gali-frigera-koslajamais-karums-500-g\/","url":"https:\/\/miumjau.ee\/lv\/produkts\/versa-dzimumlocekla-gali-frigera-koslajamais-karums-500-g\/","name":"V\u0113r\u0161a dzimumlocek\u013ca gali Frigera, ko\u0161\u013c\u0101jamais k\u0101rums 500 g - MiuMjau","isPartOf":{"@id":"https:\/\/miumjau.ee\/#website"},"primaryImageOfPage":{"@id":"https:\/\/miumjau.ee\/lv\/produkts\/versa-dzimumlocekla-gali-frigera-koslajamais-karums-500-g\/#primaryimage"},"image":{"@id":"https:\/\/miumjau.ee\/lv\/produkts\/versa-dzimumlocekla-gali-frigera-koslajamais-karums-500-g\/#primaryimage"},"thumbnailUrl":"https:\/\/miumjau.ee\/wp-content\/uploads\/2025\/05\/frigera-koerte-maius-pullipeenise-lopposad-500g-1-Photoroom.jpg","datePublished":"2025-05-29T18:52:37+00:00","dateModified":"2026-01-07T19:20:38+00:00","breadcrumb":{"@id":"https:\/\/miumjau.ee\/lv\/produkts\/versa-dzimumlocekla-gali-frigera-koslajamais-karums-500-g\/#breadcrumb"},"inLanguage":"lv-LV","potentialAction":[{"@type":"ReadAction","target":["https:\/\/miumjau.ee\/lv\/produkts\/versa-dzimumlocekla-gali-frigera-koslajamais-karums-500-g\/"]}]},{"@type":"ImageObject","inLanguage":"lv-LV","@id":"https:\/\/miumjau.ee\/lv\/produkts\/versa-dzimumlocekla-gali-frigera-koslajamais-karums-500-g\/#primaryimage","url":"https:\/\/miumjau.ee\/wp-content\/uploads\/2025\/05\/frigera-koerte-maius-pullipeenise-lopposad-500g-1-Photoroom.jpg","contentUrl":"https:\/\/miumjau.ee\/wp-content\/uploads\/2025\/05\/frigera-koerte-maius-pullipeenise-lopposad-500g-1-Photoroom.jpg","width":600,"height":800},{"@type":"BreadcrumbList","@id":"https:\/\/miumjau.ee\/lv\/produkts\/versa-dzimumlocekla-gali-frigera-koslajamais-karums-500-g\/#breadcrumb","itemListElement":[{"@type":"ListItem","position":1,"name":"Home","item":"https:\/\/miumjau.ee\/lv\/"},{"@type":"ListItem","position":2,"name":"Veikals","item":"https:\/\/miumjau.ee\/lv\/veikals\/"},{"@type":"ListItem","position":3,"name":"V\u0113r\u0161a dzimumlocek\u013ca gali Frigera, ko\u0161\u013c\u0101jamais k\u0101rums 500 g"}]},{"@type":"WebSite","@id":"https:\/\/miumjau.ee\/#website","url":"https:\/\/miumjau.ee\/","name":"MiuMjau","description":"Kraapimispuud kassidele","publisher":{"@id":"https:\/\/miumjau.ee\/#organization"},"potentialAction":[{"@type":"SearchAction","target":{"@type":"EntryPoint","urlTemplate":"https:\/\/miumjau.ee\/?s={search_term_string}"},"query-input":{"@type":"PropertyValueSpecification","valueRequired":true,"valueName":"search_term_string"}}],"inLanguage":"lv-LV"},{"@type":"Organization","@id":"https:\/\/miumjau.ee\/#organization","name":"MiuMjau O\u00dc","url":"https:\/\/miumjau.ee\/","logo":{"@type":"ImageObject","inLanguage":"lv-LV","@id":"https:\/\/miumjau.ee\/#\/schema\/logo\/image\/","url":"https:\/\/miumjau.ee\/wp-content\/uploads\/2022\/04\/MiuMjau-logo-kollane.png","contentUrl":"https:\/\/miumjau.ee\/wp-content\/uploads\/2022\/04\/MiuMjau-logo-kollane.png","width":219,"height":100,"caption":"MiuMjau O\u00dc"},"image":{"@id":"https:\/\/miumjau.ee\/#\/schema\/logo\/image\/"},"sameAs":["https:\/\/www.facebook.com\/miumjaupood\/"]}]}},"_links":{"self":[{"href":"https:\/\/miumjau.ee\/lv\/wp-json\/wp\/v2\/product\/47923","targetHints":{"allow":["GET"]}}],"collection":[{"href":"https:\/\/miumjau.ee\/lv\/wp-json\/wp\/v2\/product"}],"about":[{"href":"https:\/\/miumjau.ee\/lv\/wp-json\/wp\/v2\/types\/product"}],"wp:featuredmedia":[{"embeddable":true,"href":"https:\/\/miumjau.ee\/lv\/wp-json\/wp\/v2\/media\/47921"}],"wp:attachment":[{"href":"https:\/\/miumjau.ee\/lv\/wp-json\/wp\/v2\/media?parent=47923"}],"wp:term":[{"taxonomy":"product_brand","embeddable":true,"href":"https:\/\/miumjau.ee\/lv\/wp-json\/wp\/v2\/product_brand?post=47923"},{"taxonomy":"product_cat","embeddable":true,"href":"https:\/\/miumjau.ee\/lv\/wp-json\/wp\/v2\/product_cat?post=47923"},{"taxonomy":"product_tag","embeddable":true,"href":"https:\/\/miumjau.ee\/lv\/wp-json\/wp\/v2\/product_tag?post=47923"}],"curies":[{"name":"wp","href":"https:\/\/api.w.org\/{rel}","templated":true}]}}