{"id":47915,"date":"2025-05-29T22:09:07","date_gmt":"2025-05-29T19:09:07","guid":{"rendered":"https:\/\/miumjau.ee\/toode\/koslajamais-karums-suniem-frigera-versa-dzimumloceklis-12-cm-100-g\/"},"modified":"2026-01-07T21:20:38","modified_gmt":"2026-01-07T19:20:38","slug":"koslajamais-karums-suniem-frigera-versa-dzimumloceklis-12-cm-100-g","status":"publish","type":"product","link":"https:\/\/miumjau.ee\/lv\/produkts\/koslajamais-karums-suniem-frigera-versa-dzimumloceklis-12-cm-100-g\/","title":{"rendered":"Ko\u0161\u013c\u0101jamais k\u0101rums su\u0146iem Frigera, v\u0113r\u0161a dzimumloceklis 12 cm, 100 g"},"content":{"rendered":"","protected":false},"excerpt":{"rendered":"<p data-start=\"2353\" data-end=\"2991\">Piln\u012bgi dabiskas ko\u0161\u013c\u0101jam\u0101s n\u016bji\u0146as su\u0146iem? Protams! \u0160ie k\u0101rumi ar vilino\u0161u arom\u0101tu noteikti iepriecin\u0101s tavu suni! friGERA ko\u0161\u013c\u0101jam\u0101s n\u016bji\u0146as ir izgatavotas no augstas kvalit\u0101tes br\u012bvos apst\u0101k\u013cos tur\u0113tu v\u0113r\u0161u musku\u013caudiem. \u0160ie dab\u012bgie audi ir lielisks omega-3, taur\u012bna, olbaltumvielu, neaizst\u0101jamo aminosk\u0101bju un miner\u0101lvielu avots, un to sast\u0101v\u0101 ir maz\u0101k pies\u0101tin\u0101to tauku un holester\u012bna nek\u0101 daudzos citos dab\u012bgos k\u0101rumos. Ko\u0161\u013c\u0101\u0161ana atbalsta ne tikai zobu higi\u0113nu un gar\u012bgo labsaj\u016btu, bet ar\u012b \u017eok\u013cu un visp\u0101r\u0113j\u0101s muskulat\u016bras att\u012bst\u012bbu. M\u016bsu k\u0101rumi sniedz \u012bstu ko\u0161\u013c\u0101\u0161anas baudu tavam ast\u012bti vicino\u0161ajam draugam \u2013 neatkar\u012bgi no lieluma!<\/p>\n<p data-start=\"2993\" data-end=\"3017\">Sast\u0101vs: 100% liellops<\/p>\n<p data-start=\"3019\" data-end=\"3312\">Lieto\u0161anas instrukcija: Dod k\u0101 na\u0161\u0137i vai balvu starp \u0113dienreiz\u0113m k\u0101 da\u013cu no sabalans\u0113ta uztura. Uzraugi suni \u0113din\u0101\u0161anas laik\u0101 un nodro\u0161ini svaigu dzeramo \u016bdeni. Nav paredz\u0113ts cilv\u0113ku lieto\u0161anai. Esiet piesardz\u012bgs, ja suns m\u0113dz nor\u012bt ko\u0161\u013c\u0101jamus k\u0101rumus neko\u0161\u013c\u0101jot. Piem\u0113rots pieaugu\u0161iem su\u0146iem.<\/p>\n<p data-start=\"3314\" data-end=\"3379\">Anal\u012btiskais sast\u0101vs: Olbaltumvielas 81 %, Tauki 3 %, Mitrums 9 %<\/p>\n","protected":false},"featured_media":47916,"template":"","meta":[],"product_brand":[],"product_cat":[576],"product_tag":[],"class_list":{"0":"post-47915","1":"product","2":"type-product","3":"status-publish","4":"has-post-thumbnail","6":"product_cat-naski-suniem","8":"first","9":"instock","10":"taxable","11":"shipping-taxable","12":"purchasable","13":"product-type-simple"},"yoast_head":"<!-- This site is optimized with the Yoast SEO plugin v27.2 - https:\/\/yoast.com\/product\/yoast-seo-wordpress\/ -->\n<title>Ko\u0161\u013c\u0101jamais k\u0101rums su\u0146iem Frigera, v\u0113r\u0161a dzimumloceklis 12 cm, 100 g - MiuMjau<\/title>\n<meta name=\"robots\" content=\"index, follow, max-snippet:-1, max-image-preview:large, max-video-preview:-1\" \/>\n<link rel=\"canonical\" href=\"https:\/\/miumjau.ee\/lv\/produkts\/koslajamais-karums-suniem-frigera-versa-dzimumloceklis-12-cm-100-g\/\" \/>\n<meta property=\"og:locale\" content=\"lv_LV\" \/>\n<meta property=\"og:type\" content=\"article\" \/>\n<meta property=\"og:title\" content=\"Ko\u0161\u013c\u0101jamais k\u0101rums su\u0146iem Frigera, v\u0113r\u0161a dzimumloceklis 12 cm, 100 g - MiuMjau\" \/>\n<meta property=\"og:description\" content=\"Piln\u012bgi dabiskas ko\u0161\u013c\u0101jam\u0101s n\u016bji\u0146as su\u0146iem? Protams! \u0160ie k\u0101rumi ar vilino\u0161u arom\u0101tu noteikti iepriecin\u0101s tavu suni! friGERA ko\u0161\u013c\u0101jam\u0101s n\u016bji\u0146as ir izgatavotas no augstas kvalit\u0101tes br\u012bvos apst\u0101k\u013cos tur\u0113tu v\u0113r\u0161u musku\u013caudiem. \u0160ie dab\u012bgie audi ir lielisks omega-3, taur\u012bna, olbaltumvielu, neaizst\u0101jamo aminosk\u0101bju un miner\u0101lvielu avots, un to sast\u0101v\u0101 ir maz\u0101k pies\u0101tin\u0101to tauku un holester\u012bna nek\u0101 daudzos citos dab\u012bgos k\u0101rumos. Ko\u0161\u013c\u0101\u0161ana atbalsta ne tikai zobu higi\u0113nu un gar\u012bgo labsaj\u016btu, bet ar\u012b \u017eok\u013cu un visp\u0101r\u0113j\u0101s muskulat\u016bras att\u012bst\u012bbu. M\u016bsu k\u0101rumi sniedz \u012bstu ko\u0161\u013c\u0101\u0161anas baudu tavam ast\u012bti vicino\u0161ajam draugam \u2013 neatkar\u012bgi no lieluma! Sast\u0101vs: 100% liellops Lieto\u0161anas instrukcija: Dod k\u0101 na\u0161\u0137i vai balvu starp \u0113dienreiz\u0113m k\u0101 da\u013cu no sabalans\u0113ta uztura. Uzraugi suni \u0113din\u0101\u0161anas laik\u0101 un nodro\u0161ini svaigu dzeramo \u016bdeni. Nav paredz\u0113ts cilv\u0113ku lieto\u0161anai. Esiet piesardz\u012bgs, ja suns m\u0113dz nor\u012bt ko\u0161\u013c\u0101jamus k\u0101rumus neko\u0161\u013c\u0101jot. Piem\u0113rots pieaugu\u0161iem su\u0146iem. Anal\u012btiskais sast\u0101vs: Olbaltumvielas 81 %, Tauki 3 %, Mitrums 9 %\" \/>\n<meta property=\"og:url\" content=\"https:\/\/miumjau.ee\/lv\/produkts\/koslajamais-karums-suniem-frigera-versa-dzimumloceklis-12-cm-100-g\/\" \/>\n<meta property=\"og:site_name\" content=\"MiuMjau\" \/>\n<meta property=\"article:publisher\" content=\"https:\/\/www.facebook.com\/miumjaupood\/\" \/>\n<meta property=\"article:modified_time\" content=\"2026-01-07T19:20:38+00:00\" \/>\n<meta property=\"og:image\" content=\"https:\/\/miumjau.ee\/wp-content\/uploads\/2025\/05\/frigera-koerte-maius-pullipeenis-12cm-100g-1-Photoroom.webp\" \/>\n\t<meta property=\"og:image:width\" content=\"600\" \/>\n\t<meta property=\"og:image:height\" content=\"800\" \/>\n\t<meta property=\"og:image:type\" content=\"image\/webp\" \/>\n<meta name=\"twitter:card\" content=\"summary_large_image\" \/>\n<script type=\"application\/ld+json\" class=\"yoast-schema-graph\">{\"@context\":\"https:\/\/schema.org\",\"@graph\":[{\"@type\":\"WebPage\",\"@id\":\"https:\/\/miumjau.ee\/lv\/produkts\/koslajamais-karums-suniem-frigera-versa-dzimumloceklis-12-cm-100-g\/\",\"url\":\"https:\/\/miumjau.ee\/lv\/produkts\/koslajamais-karums-suniem-frigera-versa-dzimumloceklis-12-cm-100-g\/\",\"name\":\"Ko\u0161\u013c\u0101jamais k\u0101rums su\u0146iem Frigera, v\u0113r\u0161a dzimumloceklis 12 cm, 100 g - MiuMjau\",\"isPartOf\":{\"@id\":\"https:\/\/miumjau.ee\/#website\"},\"primaryImageOfPage\":{\"@id\":\"https:\/\/miumjau.ee\/lv\/produkts\/koslajamais-karums-suniem-frigera-versa-dzimumloceklis-12-cm-100-g\/#primaryimage\"},\"image\":{\"@id\":\"https:\/\/miumjau.ee\/lv\/produkts\/koslajamais-karums-suniem-frigera-versa-dzimumloceklis-12-cm-100-g\/#primaryimage\"},\"thumbnailUrl\":\"https:\/\/miumjau.ee\/wp-content\/uploads\/2025\/05\/frigera-koerte-maius-pullipeenis-12cm-100g-1-Photoroom.webp\",\"datePublished\":\"2025-05-29T19:09:07+00:00\",\"dateModified\":\"2026-01-07T19:20:38+00:00\",\"breadcrumb\":{\"@id\":\"https:\/\/miumjau.ee\/lv\/produkts\/koslajamais-karums-suniem-frigera-versa-dzimumloceklis-12-cm-100-g\/#breadcrumb\"},\"inLanguage\":\"lv-LV\",\"potentialAction\":[{\"@type\":\"ReadAction\",\"target\":[\"https:\/\/miumjau.ee\/lv\/produkts\/koslajamais-karums-suniem-frigera-versa-dzimumloceklis-12-cm-100-g\/\"]}]},{\"@type\":\"ImageObject\",\"inLanguage\":\"lv-LV\",\"@id\":\"https:\/\/miumjau.ee\/lv\/produkts\/koslajamais-karums-suniem-frigera-versa-dzimumloceklis-12-cm-100-g\/#primaryimage\",\"url\":\"https:\/\/miumjau.ee\/wp-content\/uploads\/2025\/05\/frigera-koerte-maius-pullipeenis-12cm-100g-1-Photoroom.webp\",\"contentUrl\":\"https:\/\/miumjau.ee\/wp-content\/uploads\/2025\/05\/frigera-koerte-maius-pullipeenis-12cm-100g-1-Photoroom.webp\",\"width\":600,\"height\":800},{\"@type\":\"BreadcrumbList\",\"@id\":\"https:\/\/miumjau.ee\/lv\/produkts\/koslajamais-karums-suniem-frigera-versa-dzimumloceklis-12-cm-100-g\/#breadcrumb\",\"itemListElement\":[{\"@type\":\"ListItem\",\"position\":1,\"name\":\"Home\",\"item\":\"https:\/\/miumjau.ee\/lv\/\"},{\"@type\":\"ListItem\",\"position\":2,\"name\":\"Veikals\",\"item\":\"https:\/\/miumjau.ee\/lv\/veikals\/\"},{\"@type\":\"ListItem\",\"position\":3,\"name\":\"Ko\u0161\u013c\u0101jamais k\u0101rums su\u0146iem Frigera, v\u0113r\u0161a dzimumloceklis 12 cm, 100 g\"}]},{\"@type\":\"WebSite\",\"@id\":\"https:\/\/miumjau.ee\/#website\",\"url\":\"https:\/\/miumjau.ee\/\",\"name\":\"MiuMjau\",\"description\":\"Kraapimispuud kassidele\",\"publisher\":{\"@id\":\"https:\/\/miumjau.ee\/#organization\"},\"potentialAction\":[{\"@type\":\"SearchAction\",\"target\":{\"@type\":\"EntryPoint\",\"urlTemplate\":\"https:\/\/miumjau.ee\/?s={search_term_string}\"},\"query-input\":{\"@type\":\"PropertyValueSpecification\",\"valueRequired\":true,\"valueName\":\"search_term_string\"}}],\"inLanguage\":\"lv-LV\"},{\"@type\":\"Organization\",\"@id\":\"https:\/\/miumjau.ee\/#organization\",\"name\":\"MiuMjau O\u00dc\",\"url\":\"https:\/\/miumjau.ee\/\",\"logo\":{\"@type\":\"ImageObject\",\"inLanguage\":\"lv-LV\",\"@id\":\"https:\/\/miumjau.ee\/#\/schema\/logo\/image\/\",\"url\":\"https:\/\/miumjau.ee\/wp-content\/uploads\/2022\/04\/MiuMjau-logo-kollane.png\",\"contentUrl\":\"https:\/\/miumjau.ee\/wp-content\/uploads\/2022\/04\/MiuMjau-logo-kollane.png\",\"width\":219,\"height\":100,\"caption\":\"MiuMjau O\u00dc\"},\"image\":{\"@id\":\"https:\/\/miumjau.ee\/#\/schema\/logo\/image\/\"},\"sameAs\":[\"https:\/\/www.facebook.com\/miumjaupood\/\"]}]}<\/script>\n<!-- \/ Yoast SEO plugin. -->","yoast_head_json":{"title":"Ko\u0161\u013c\u0101jamais k\u0101rums su\u0146iem Frigera, v\u0113r\u0161a dzimumloceklis 12 cm, 100 g - MiuMjau","robots":{"index":"index","follow":"follow","max-snippet":"max-snippet:-1","max-image-preview":"max-image-preview:large","max-video-preview":"max-video-preview:-1"},"canonical":"https:\/\/miumjau.ee\/lv\/produkts\/koslajamais-karums-suniem-frigera-versa-dzimumloceklis-12-cm-100-g\/","og_locale":"lv_LV","og_type":"article","og_title":"Ko\u0161\u013c\u0101jamais k\u0101rums su\u0146iem Frigera, v\u0113r\u0161a dzimumloceklis 12 cm, 100 g - MiuMjau","og_description":"Piln\u012bgi dabiskas ko\u0161\u013c\u0101jam\u0101s n\u016bji\u0146as su\u0146iem? Protams! \u0160ie k\u0101rumi ar vilino\u0161u arom\u0101tu noteikti iepriecin\u0101s tavu suni! friGERA ko\u0161\u013c\u0101jam\u0101s n\u016bji\u0146as ir izgatavotas no augstas kvalit\u0101tes br\u012bvos apst\u0101k\u013cos tur\u0113tu v\u0113r\u0161u musku\u013caudiem. \u0160ie dab\u012bgie audi ir lielisks omega-3, taur\u012bna, olbaltumvielu, neaizst\u0101jamo aminosk\u0101bju un miner\u0101lvielu avots, un to sast\u0101v\u0101 ir maz\u0101k pies\u0101tin\u0101to tauku un holester\u012bna nek\u0101 daudzos citos dab\u012bgos k\u0101rumos. Ko\u0161\u013c\u0101\u0161ana atbalsta ne tikai zobu higi\u0113nu un gar\u012bgo labsaj\u016btu, bet ar\u012b \u017eok\u013cu un visp\u0101r\u0113j\u0101s muskulat\u016bras att\u012bst\u012bbu. M\u016bsu k\u0101rumi sniedz \u012bstu ko\u0161\u013c\u0101\u0161anas baudu tavam ast\u012bti vicino\u0161ajam draugam \u2013 neatkar\u012bgi no lieluma! Sast\u0101vs: 100% liellops Lieto\u0161anas instrukcija: Dod k\u0101 na\u0161\u0137i vai balvu starp \u0113dienreiz\u0113m k\u0101 da\u013cu no sabalans\u0113ta uztura. Uzraugi suni \u0113din\u0101\u0161anas laik\u0101 un nodro\u0161ini svaigu dzeramo \u016bdeni. Nav paredz\u0113ts cilv\u0113ku lieto\u0161anai. Esiet piesardz\u012bgs, ja suns m\u0113dz nor\u012bt ko\u0161\u013c\u0101jamus k\u0101rumus neko\u0161\u013c\u0101jot. Piem\u0113rots pieaugu\u0161iem su\u0146iem. Anal\u012btiskais sast\u0101vs: Olbaltumvielas 81 %, Tauki 3 %, Mitrums 9 %","og_url":"https:\/\/miumjau.ee\/lv\/produkts\/koslajamais-karums-suniem-frigera-versa-dzimumloceklis-12-cm-100-g\/","og_site_name":"MiuMjau","article_publisher":"https:\/\/www.facebook.com\/miumjaupood\/","article_modified_time":"2026-01-07T19:20:38+00:00","og_image":[{"width":600,"height":800,"url":"https:\/\/miumjau.ee\/wp-content\/uploads\/2025\/05\/frigera-koerte-maius-pullipeenis-12cm-100g-1-Photoroom.webp","type":"image\/webp"}],"twitter_card":"summary_large_image","schema":{"@context":"https:\/\/schema.org","@graph":[{"@type":"WebPage","@id":"https:\/\/miumjau.ee\/lv\/produkts\/koslajamais-karums-suniem-frigera-versa-dzimumloceklis-12-cm-100-g\/","url":"https:\/\/miumjau.ee\/lv\/produkts\/koslajamais-karums-suniem-frigera-versa-dzimumloceklis-12-cm-100-g\/","name":"Ko\u0161\u013c\u0101jamais k\u0101rums su\u0146iem Frigera, v\u0113r\u0161a dzimumloceklis 12 cm, 100 g - MiuMjau","isPartOf":{"@id":"https:\/\/miumjau.ee\/#website"},"primaryImageOfPage":{"@id":"https:\/\/miumjau.ee\/lv\/produkts\/koslajamais-karums-suniem-frigera-versa-dzimumloceklis-12-cm-100-g\/#primaryimage"},"image":{"@id":"https:\/\/miumjau.ee\/lv\/produkts\/koslajamais-karums-suniem-frigera-versa-dzimumloceklis-12-cm-100-g\/#primaryimage"},"thumbnailUrl":"https:\/\/miumjau.ee\/wp-content\/uploads\/2025\/05\/frigera-koerte-maius-pullipeenis-12cm-100g-1-Photoroom.webp","datePublished":"2025-05-29T19:09:07+00:00","dateModified":"2026-01-07T19:20:38+00:00","breadcrumb":{"@id":"https:\/\/miumjau.ee\/lv\/produkts\/koslajamais-karums-suniem-frigera-versa-dzimumloceklis-12-cm-100-g\/#breadcrumb"},"inLanguage":"lv-LV","potentialAction":[{"@type":"ReadAction","target":["https:\/\/miumjau.ee\/lv\/produkts\/koslajamais-karums-suniem-frigera-versa-dzimumloceklis-12-cm-100-g\/"]}]},{"@type":"ImageObject","inLanguage":"lv-LV","@id":"https:\/\/miumjau.ee\/lv\/produkts\/koslajamais-karums-suniem-frigera-versa-dzimumloceklis-12-cm-100-g\/#primaryimage","url":"https:\/\/miumjau.ee\/wp-content\/uploads\/2025\/05\/frigera-koerte-maius-pullipeenis-12cm-100g-1-Photoroom.webp","contentUrl":"https:\/\/miumjau.ee\/wp-content\/uploads\/2025\/05\/frigera-koerte-maius-pullipeenis-12cm-100g-1-Photoroom.webp","width":600,"height":800},{"@type":"BreadcrumbList","@id":"https:\/\/miumjau.ee\/lv\/produkts\/koslajamais-karums-suniem-frigera-versa-dzimumloceklis-12-cm-100-g\/#breadcrumb","itemListElement":[{"@type":"ListItem","position":1,"name":"Home","item":"https:\/\/miumjau.ee\/lv\/"},{"@type":"ListItem","position":2,"name":"Veikals","item":"https:\/\/miumjau.ee\/lv\/veikals\/"},{"@type":"ListItem","position":3,"name":"Ko\u0161\u013c\u0101jamais k\u0101rums su\u0146iem Frigera, v\u0113r\u0161a dzimumloceklis 12 cm, 100 g"}]},{"@type":"WebSite","@id":"https:\/\/miumjau.ee\/#website","url":"https:\/\/miumjau.ee\/","name":"MiuMjau","description":"Kraapimispuud kassidele","publisher":{"@id":"https:\/\/miumjau.ee\/#organization"},"potentialAction":[{"@type":"SearchAction","target":{"@type":"EntryPoint","urlTemplate":"https:\/\/miumjau.ee\/?s={search_term_string}"},"query-input":{"@type":"PropertyValueSpecification","valueRequired":true,"valueName":"search_term_string"}}],"inLanguage":"lv-LV"},{"@type":"Organization","@id":"https:\/\/miumjau.ee\/#organization","name":"MiuMjau O\u00dc","url":"https:\/\/miumjau.ee\/","logo":{"@type":"ImageObject","inLanguage":"lv-LV","@id":"https:\/\/miumjau.ee\/#\/schema\/logo\/image\/","url":"https:\/\/miumjau.ee\/wp-content\/uploads\/2022\/04\/MiuMjau-logo-kollane.png","contentUrl":"https:\/\/miumjau.ee\/wp-content\/uploads\/2022\/04\/MiuMjau-logo-kollane.png","width":219,"height":100,"caption":"MiuMjau O\u00dc"},"image":{"@id":"https:\/\/miumjau.ee\/#\/schema\/logo\/image\/"},"sameAs":["https:\/\/www.facebook.com\/miumjaupood\/"]}]}},"_links":{"self":[{"href":"https:\/\/miumjau.ee\/lv\/wp-json\/wp\/v2\/product\/47915","targetHints":{"allow":["GET"]}}],"collection":[{"href":"https:\/\/miumjau.ee\/lv\/wp-json\/wp\/v2\/product"}],"about":[{"href":"https:\/\/miumjau.ee\/lv\/wp-json\/wp\/v2\/types\/product"}],"wp:featuredmedia":[{"embeddable":true,"href":"https:\/\/miumjau.ee\/lv\/wp-json\/wp\/v2\/media\/47916"}],"wp:attachment":[{"href":"https:\/\/miumjau.ee\/lv\/wp-json\/wp\/v2\/media?parent=47915"}],"wp:term":[{"taxonomy":"product_brand","embeddable":true,"href":"https:\/\/miumjau.ee\/lv\/wp-json\/wp\/v2\/product_brand?post=47915"},{"taxonomy":"product_cat","embeddable":true,"href":"https:\/\/miumjau.ee\/lv\/wp-json\/wp\/v2\/product_cat?post=47915"},{"taxonomy":"product_tag","embeddable":true,"href":"https:\/\/miumjau.ee\/lv\/wp-json\/wp\/v2\/product_tag?post=47915"}],"curies":[{"name":"wp","href":"https:\/\/api.w.org\/{rel}","templated":true}]}}