{"id":47911,"date":"2025-06-19T09:38:23","date_gmt":"2025-06-19T06:38:23","guid":{"rendered":"https:\/\/miumjau.ee\/toode\/dabisks-sunu-karums-frigera-vistas-kajas-250-g\/"},"modified":"2026-01-07T21:20:38","modified_gmt":"2026-01-07T19:20:38","slug":"dabisks-sunu-karums-frigera-vistas-kajas-250-g","status":"publish","type":"product","link":"https:\/\/miumjau.ee\/lv\/produkts\/dabisks-sunu-karums-frigera-vistas-kajas-250-g\/","title":{"rendered":"Dabisks su\u0146u k\u0101rums Frigera, vistas k\u0101jas 250 g"},"content":{"rendered":"","protected":false},"excerpt":{"rendered":"<p data-start=\"2230\" data-end=\"2421\">Mekl\u0113 dabisku alternat\u012bvu uztura bag\u0101tin\u0101t\u0101jiem, kas atbalsta loc\u012btavu vesel\u012bbu? Tad noteikti ir v\u0113rts izm\u0113\u0123in\u0101t friGERA vistas k\u0101jas \u2013 \u013coti popul\u0101ru, dabisku un krauk\u0161\u0137\u012bgu na\u0161\u0137i tavam sunim!<\/p>\n<p data-start=\"2423\" data-end=\"2552\">M\u016bsu 100% dab\u012bg\u0101s, gais\u0101 kalt\u0113t\u0101s vistas k\u0101jas sast\u0101v galvenok\u0101rt no \u0101das, c\u012bpsl\u0101m, skrim\u0161\u013ciem un maziem kauli\u0146iem. T\u0101p\u0113c t\u0101s ir:<\/p>\n<ul data-start=\"2554\" data-end=\"2797\">\n<li data-start=\"2554\" data-end=\"2578\">\n<p data-start=\"2556\" data-end=\"2578\">Viegli sagremojamas<\/p>\n<\/li>\n<li data-start=\"2579\" data-end=\"2667\">\n<p data-start=\"2581\" data-end=\"2667\">Bag\u0101tas ar kalciju, glikozam\u012bnu un hondroit\u012bnu \u2013 stiprina kaulus, zobus un loc\u012btavas<\/p>\n<\/li>\n<li data-start=\"2668\" data-end=\"2718\">\n<p data-start=\"2670\" data-end=\"2718\">Krauk\u0161\u0137\u012bgas \u2013 dabisk\u0101 veid\u0101 pal\u012bdz t\u012br\u012bt zobus<\/p>\n<\/li>\n<li data-start=\"2719\" data-end=\"2797\">\n<p data-start=\"2721\" data-end=\"2797\">Viegli sadal\u0101mas porcij\u0101s, ide\u0101li piem\u0113rotas ar\u012b maziem un jauniem su\u0146iem<\/p>\n<\/li>\n<\/ul>\n<p data-start=\"2799\" data-end=\"2880\">\ud83d\udca1 Interesants fakts: vistas k\u0101jas daudzviet pasaul\u0113 ir delikatese ar\u012b cilv\u0113kiem!<\/p>\n<p data-start=\"2882\" data-end=\"2903\">Sast\u0101vs: 100% vista<\/p>\n<p data-start=\"2905\" data-end=\"3100\">Baro\u0161anas ieteikumi: Dod k\u0101 balvu vai na\u0161\u0137i starp \u0113dienreiz\u0113m k\u0101 da\u013cu no sabalans\u0113ta uztura. Uzraugi suni baro\u0161anas laik\u0101 un vienm\u0113r nodro\u0161ini svaigu dzeramo \u016bdeni. Nav paredz\u0113ts cilv\u0113ku uzturam.<\/p>\n<p data-start=\"3102\" data-end=\"3171\">Anal\u012btiskais sast\u0101vs: Olbaltumvielas 48,2%, Tauki 34,3%, Mitrums 6,3%<\/p>\n","protected":false},"featured_media":47906,"template":"","meta":[],"product_brand":[],"product_cat":[576],"product_tag":[],"class_list":{"0":"post-47911","1":"product","2":"type-product","3":"status-publish","4":"has-post-thumbnail","6":"product_cat-naski-suniem","8":"first","9":"instock","10":"sale","11":"taxable","12":"shipping-taxable","13":"purchasable","14":"product-type-simple"},"yoast_head":"<!-- This site is optimized with the Yoast SEO plugin v27.4 - https:\/\/yoast.com\/product\/yoast-seo-wordpress\/ -->\n<title>Dabisks su\u0146u k\u0101rums Frigera, vistas k\u0101jas 250 g - MiuMjau<\/title>\n<meta name=\"robots\" content=\"index, follow, max-snippet:-1, max-image-preview:large, max-video-preview:-1\" \/>\n<link rel=\"canonical\" href=\"https:\/\/miumjau.ee\/lv\/produkts\/dabisks-sunu-karums-frigera-vistas-kajas-250-g\/\" \/>\n<meta property=\"og:locale\" content=\"lv_LV\" \/>\n<meta property=\"og:type\" content=\"article\" \/>\n<meta property=\"og:title\" content=\"Dabisks su\u0146u k\u0101rums Frigera, vistas k\u0101jas 250 g - MiuMjau\" \/>\n<meta property=\"og:description\" content=\"Mekl\u0113 dabisku alternat\u012bvu uztura bag\u0101tin\u0101t\u0101jiem, kas atbalsta loc\u012btavu vesel\u012bbu? Tad noteikti ir v\u0113rts izm\u0113\u0123in\u0101t friGERA vistas k\u0101jas \u2013 \u013coti popul\u0101ru, dabisku un krauk\u0161\u0137\u012bgu na\u0161\u0137i tavam sunim! M\u016bsu 100% dab\u012bg\u0101s, gais\u0101 kalt\u0113t\u0101s vistas k\u0101jas sast\u0101v galvenok\u0101rt no \u0101das, c\u012bpsl\u0101m, skrim\u0161\u013ciem un maziem kauli\u0146iem. T\u0101p\u0113c t\u0101s ir:     Viegli sagremojamas    Bag\u0101tas ar kalciju, glikozam\u012bnu un hondroit\u012bnu \u2013 stiprina kaulus, zobus un loc\u012btavas    Krauk\u0161\u0137\u012bgas \u2013 dabisk\u0101 veid\u0101 pal\u012bdz t\u012br\u012bt zobus    Viegli sadal\u0101mas porcij\u0101s, ide\u0101li piem\u0113rotas ar\u012b maziem un jauniem su\u0146iem   \ud83d\udca1 Interesants fakts: vistas k\u0101jas daudzviet pasaul\u0113 ir delikatese ar\u012b cilv\u0113kiem! Sast\u0101vs: 100% vista Baro\u0161anas ieteikumi: Dod k\u0101 balvu vai na\u0161\u0137i starp \u0113dienreiz\u0113m k\u0101 da\u013cu no sabalans\u0113ta uztura. Uzraugi suni baro\u0161anas laik\u0101 un vienm\u0113r nodro\u0161ini svaigu dzeramo \u016bdeni. Nav paredz\u0113ts cilv\u0113ku uzturam. Anal\u012btiskais sast\u0101vs: Olbaltumvielas 48,2%, Tauki 34,3%, Mitrums 6,3%\" \/>\n<meta property=\"og:url\" content=\"https:\/\/miumjau.ee\/lv\/produkts\/dabisks-sunu-karums-frigera-vistas-kajas-250-g\/\" \/>\n<meta property=\"og:site_name\" content=\"MiuMjau\" \/>\n<meta property=\"article:publisher\" content=\"https:\/\/www.facebook.com\/miumjaupood\/\" \/>\n<meta property=\"article:modified_time\" content=\"2026-01-07T19:20:38+00:00\" \/>\n<meta property=\"og:image\" content=\"https:\/\/miumjau.ee\/wp-content\/uploads\/2025\/06\/frigera-kuivatataud-kanajalad-250g-classic1.jpg\" \/>\n\t<meta property=\"og:image:width\" content=\"600\" \/>\n\t<meta property=\"og:image:height\" content=\"800\" \/>\n\t<meta property=\"og:image:type\" content=\"image\/jpeg\" \/>\n<meta name=\"twitter:card\" content=\"summary_large_image\" \/>\n<script type=\"application\/ld+json\" class=\"yoast-schema-graph\">{\"@context\":\"https:\\\/\\\/schema.org\",\"@graph\":[{\"@type\":\"WebPage\",\"@id\":\"https:\\\/\\\/miumjau.ee\\\/lv\\\/produkts\\\/dabisks-sunu-karums-frigera-vistas-kajas-250-g\\\/\",\"url\":\"https:\\\/\\\/miumjau.ee\\\/lv\\\/produkts\\\/dabisks-sunu-karums-frigera-vistas-kajas-250-g\\\/\",\"name\":\"Dabisks su\u0146u k\u0101rums Frigera, vistas k\u0101jas 250 g - MiuMjau\",\"isPartOf\":{\"@id\":\"https:\\\/\\\/miumjau.ee\\\/#website\"},\"primaryImageOfPage\":{\"@id\":\"https:\\\/\\\/miumjau.ee\\\/lv\\\/produkts\\\/dabisks-sunu-karums-frigera-vistas-kajas-250-g\\\/#primaryimage\"},\"image\":{\"@id\":\"https:\\\/\\\/miumjau.ee\\\/lv\\\/produkts\\\/dabisks-sunu-karums-frigera-vistas-kajas-250-g\\\/#primaryimage\"},\"thumbnailUrl\":\"https:\\\/\\\/miumjau.ee\\\/wp-content\\\/uploads\\\/2025\\\/06\\\/frigera-kuivatataud-kanajalad-250g-classic1.jpg\",\"datePublished\":\"2025-06-19T06:38:23+00:00\",\"dateModified\":\"2026-01-07T19:20:38+00:00\",\"breadcrumb\":{\"@id\":\"https:\\\/\\\/miumjau.ee\\\/lv\\\/produkts\\\/dabisks-sunu-karums-frigera-vistas-kajas-250-g\\\/#breadcrumb\"},\"inLanguage\":\"lv-LV\",\"potentialAction\":[{\"@type\":\"ReadAction\",\"target\":[\"https:\\\/\\\/miumjau.ee\\\/lv\\\/produkts\\\/dabisks-sunu-karums-frigera-vistas-kajas-250-g\\\/\"]}]},{\"@type\":\"ImageObject\",\"inLanguage\":\"lv-LV\",\"@id\":\"https:\\\/\\\/miumjau.ee\\\/lv\\\/produkts\\\/dabisks-sunu-karums-frigera-vistas-kajas-250-g\\\/#primaryimage\",\"url\":\"https:\\\/\\\/miumjau.ee\\\/wp-content\\\/uploads\\\/2025\\\/06\\\/frigera-kuivatataud-kanajalad-250g-classic1.jpg\",\"contentUrl\":\"https:\\\/\\\/miumjau.ee\\\/wp-content\\\/uploads\\\/2025\\\/06\\\/frigera-kuivatataud-kanajalad-250g-classic1.jpg\",\"width\":600,\"height\":800},{\"@type\":\"BreadcrumbList\",\"@id\":\"https:\\\/\\\/miumjau.ee\\\/lv\\\/produkts\\\/dabisks-sunu-karums-frigera-vistas-kajas-250-g\\\/#breadcrumb\",\"itemListElement\":[{\"@type\":\"ListItem\",\"position\":1,\"name\":\"Home\",\"item\":\"https:\\\/\\\/miumjau.ee\\\/lv\\\/\"},{\"@type\":\"ListItem\",\"position\":2,\"name\":\"Veikals\",\"item\":\"https:\\\/\\\/miumjau.ee\\\/lv\\\/veikals\\\/\"},{\"@type\":\"ListItem\",\"position\":3,\"name\":\"Dabisks su\u0146u k\u0101rums Frigera, vistas k\u0101jas 250 g\"}]},{\"@type\":\"WebSite\",\"@id\":\"https:\\\/\\\/miumjau.ee\\\/#website\",\"url\":\"https:\\\/\\\/miumjau.ee\\\/\",\"name\":\"MiuMjau\",\"description\":\"Kraapimispuud kassidele\",\"publisher\":{\"@id\":\"https:\\\/\\\/miumjau.ee\\\/#organization\"},\"potentialAction\":[{\"@type\":\"SearchAction\",\"target\":{\"@type\":\"EntryPoint\",\"urlTemplate\":\"https:\\\/\\\/miumjau.ee\\\/?s={search_term_string}\"},\"query-input\":{\"@type\":\"PropertyValueSpecification\",\"valueRequired\":true,\"valueName\":\"search_term_string\"}}],\"inLanguage\":\"lv-LV\"},{\"@type\":\"Organization\",\"@id\":\"https:\\\/\\\/miumjau.ee\\\/#organization\",\"name\":\"MiuMjau O\u00dc\",\"url\":\"https:\\\/\\\/miumjau.ee\\\/\",\"logo\":{\"@type\":\"ImageObject\",\"inLanguage\":\"lv-LV\",\"@id\":\"https:\\\/\\\/miumjau.ee\\\/#\\\/schema\\\/logo\\\/image\\\/\",\"url\":\"https:\\\/\\\/miumjau.ee\\\/wp-content\\\/uploads\\\/2022\\\/04\\\/MiuMjau-logo-kollane.png\",\"contentUrl\":\"https:\\\/\\\/miumjau.ee\\\/wp-content\\\/uploads\\\/2022\\\/04\\\/MiuMjau-logo-kollane.png\",\"width\":219,\"height\":100,\"caption\":\"MiuMjau O\u00dc\"},\"image\":{\"@id\":\"https:\\\/\\\/miumjau.ee\\\/#\\\/schema\\\/logo\\\/image\\\/\"},\"sameAs\":[\"https:\\\/\\\/www.facebook.com\\\/miumjaupood\\\/\"]}]}<\/script>\n<!-- \/ Yoast SEO plugin. -->","yoast_head_json":{"title":"Dabisks su\u0146u k\u0101rums Frigera, vistas k\u0101jas 250 g - MiuMjau","robots":{"index":"index","follow":"follow","max-snippet":"max-snippet:-1","max-image-preview":"max-image-preview:large","max-video-preview":"max-video-preview:-1"},"canonical":"https:\/\/miumjau.ee\/lv\/produkts\/dabisks-sunu-karums-frigera-vistas-kajas-250-g\/","og_locale":"lv_LV","og_type":"article","og_title":"Dabisks su\u0146u k\u0101rums Frigera, vistas k\u0101jas 250 g - MiuMjau","og_description":"Mekl\u0113 dabisku alternat\u012bvu uztura bag\u0101tin\u0101t\u0101jiem, kas atbalsta loc\u012btavu vesel\u012bbu? Tad noteikti ir v\u0113rts izm\u0113\u0123in\u0101t friGERA vistas k\u0101jas \u2013 \u013coti popul\u0101ru, dabisku un krauk\u0161\u0137\u012bgu na\u0161\u0137i tavam sunim! M\u016bsu 100% dab\u012bg\u0101s, gais\u0101 kalt\u0113t\u0101s vistas k\u0101jas sast\u0101v galvenok\u0101rt no \u0101das, c\u012bpsl\u0101m, skrim\u0161\u013ciem un maziem kauli\u0146iem. T\u0101p\u0113c t\u0101s ir:     Viegli sagremojamas    Bag\u0101tas ar kalciju, glikozam\u012bnu un hondroit\u012bnu \u2013 stiprina kaulus, zobus un loc\u012btavas    Krauk\u0161\u0137\u012bgas \u2013 dabisk\u0101 veid\u0101 pal\u012bdz t\u012br\u012bt zobus    Viegli sadal\u0101mas porcij\u0101s, ide\u0101li piem\u0113rotas ar\u012b maziem un jauniem su\u0146iem   \ud83d\udca1 Interesants fakts: vistas k\u0101jas daudzviet pasaul\u0113 ir delikatese ar\u012b cilv\u0113kiem! Sast\u0101vs: 100% vista Baro\u0161anas ieteikumi: Dod k\u0101 balvu vai na\u0161\u0137i starp \u0113dienreiz\u0113m k\u0101 da\u013cu no sabalans\u0113ta uztura. Uzraugi suni baro\u0161anas laik\u0101 un vienm\u0113r nodro\u0161ini svaigu dzeramo \u016bdeni. Nav paredz\u0113ts cilv\u0113ku uzturam. Anal\u012btiskais sast\u0101vs: Olbaltumvielas 48,2%, Tauki 34,3%, Mitrums 6,3%","og_url":"https:\/\/miumjau.ee\/lv\/produkts\/dabisks-sunu-karums-frigera-vistas-kajas-250-g\/","og_site_name":"MiuMjau","article_publisher":"https:\/\/www.facebook.com\/miumjaupood\/","article_modified_time":"2026-01-07T19:20:38+00:00","og_image":[{"width":600,"height":800,"url":"https:\/\/miumjau.ee\/wp-content\/uploads\/2025\/06\/frigera-kuivatataud-kanajalad-250g-classic1.jpg","type":"image\/jpeg"}],"twitter_card":"summary_large_image","schema":{"@context":"https:\/\/schema.org","@graph":[{"@type":"WebPage","@id":"https:\/\/miumjau.ee\/lv\/produkts\/dabisks-sunu-karums-frigera-vistas-kajas-250-g\/","url":"https:\/\/miumjau.ee\/lv\/produkts\/dabisks-sunu-karums-frigera-vistas-kajas-250-g\/","name":"Dabisks su\u0146u k\u0101rums Frigera, vistas k\u0101jas 250 g - MiuMjau","isPartOf":{"@id":"https:\/\/miumjau.ee\/#website"},"primaryImageOfPage":{"@id":"https:\/\/miumjau.ee\/lv\/produkts\/dabisks-sunu-karums-frigera-vistas-kajas-250-g\/#primaryimage"},"image":{"@id":"https:\/\/miumjau.ee\/lv\/produkts\/dabisks-sunu-karums-frigera-vistas-kajas-250-g\/#primaryimage"},"thumbnailUrl":"https:\/\/miumjau.ee\/wp-content\/uploads\/2025\/06\/frigera-kuivatataud-kanajalad-250g-classic1.jpg","datePublished":"2025-06-19T06:38:23+00:00","dateModified":"2026-01-07T19:20:38+00:00","breadcrumb":{"@id":"https:\/\/miumjau.ee\/lv\/produkts\/dabisks-sunu-karums-frigera-vistas-kajas-250-g\/#breadcrumb"},"inLanguage":"lv-LV","potentialAction":[{"@type":"ReadAction","target":["https:\/\/miumjau.ee\/lv\/produkts\/dabisks-sunu-karums-frigera-vistas-kajas-250-g\/"]}]},{"@type":"ImageObject","inLanguage":"lv-LV","@id":"https:\/\/miumjau.ee\/lv\/produkts\/dabisks-sunu-karums-frigera-vistas-kajas-250-g\/#primaryimage","url":"https:\/\/miumjau.ee\/wp-content\/uploads\/2025\/06\/frigera-kuivatataud-kanajalad-250g-classic1.jpg","contentUrl":"https:\/\/miumjau.ee\/wp-content\/uploads\/2025\/06\/frigera-kuivatataud-kanajalad-250g-classic1.jpg","width":600,"height":800},{"@type":"BreadcrumbList","@id":"https:\/\/miumjau.ee\/lv\/produkts\/dabisks-sunu-karums-frigera-vistas-kajas-250-g\/#breadcrumb","itemListElement":[{"@type":"ListItem","position":1,"name":"Home","item":"https:\/\/miumjau.ee\/lv\/"},{"@type":"ListItem","position":2,"name":"Veikals","item":"https:\/\/miumjau.ee\/lv\/veikals\/"},{"@type":"ListItem","position":3,"name":"Dabisks su\u0146u k\u0101rums Frigera, vistas k\u0101jas 250 g"}]},{"@type":"WebSite","@id":"https:\/\/miumjau.ee\/#website","url":"https:\/\/miumjau.ee\/","name":"MiuMjau","description":"Kraapimispuud kassidele","publisher":{"@id":"https:\/\/miumjau.ee\/#organization"},"potentialAction":[{"@type":"SearchAction","target":{"@type":"EntryPoint","urlTemplate":"https:\/\/miumjau.ee\/?s={search_term_string}"},"query-input":{"@type":"PropertyValueSpecification","valueRequired":true,"valueName":"search_term_string"}}],"inLanguage":"lv-LV"},{"@type":"Organization","@id":"https:\/\/miumjau.ee\/#organization","name":"MiuMjau O\u00dc","url":"https:\/\/miumjau.ee\/","logo":{"@type":"ImageObject","inLanguage":"lv-LV","@id":"https:\/\/miumjau.ee\/#\/schema\/logo\/image\/","url":"https:\/\/miumjau.ee\/wp-content\/uploads\/2022\/04\/MiuMjau-logo-kollane.png","contentUrl":"https:\/\/miumjau.ee\/wp-content\/uploads\/2022\/04\/MiuMjau-logo-kollane.png","width":219,"height":100,"caption":"MiuMjau O\u00dc"},"image":{"@id":"https:\/\/miumjau.ee\/#\/schema\/logo\/image\/"},"sameAs":["https:\/\/www.facebook.com\/miumjaupood\/"]}]}},"_links":{"self":[{"href":"https:\/\/miumjau.ee\/lv\/wp-json\/wp\/v2\/product\/47911","targetHints":{"allow":["GET"]}}],"collection":[{"href":"https:\/\/miumjau.ee\/lv\/wp-json\/wp\/v2\/product"}],"about":[{"href":"https:\/\/miumjau.ee\/lv\/wp-json\/wp\/v2\/types\/product"}],"wp:featuredmedia":[{"embeddable":true,"href":"https:\/\/miumjau.ee\/lv\/wp-json\/wp\/v2\/media\/47906"}],"wp:attachment":[{"href":"https:\/\/miumjau.ee\/lv\/wp-json\/wp\/v2\/media?parent=47911"}],"wp:term":[{"taxonomy":"product_brand","embeddable":true,"href":"https:\/\/miumjau.ee\/lv\/wp-json\/wp\/v2\/product_brand?post=47911"},{"taxonomy":"product_cat","embeddable":true,"href":"https:\/\/miumjau.ee\/lv\/wp-json\/wp\/v2\/product_cat?post=47911"},{"taxonomy":"product_tag","embeddable":true,"href":"https:\/\/miumjau.ee\/lv\/wp-json\/wp\/v2\/product_tag?post=47911"}],"curies":[{"name":"wp","href":"https:\/\/api.w.org\/{rel}","templated":true}]}}