{"id":47901,"date":"2025-07-01T23:26:24","date_gmt":"2025-07-01T20:26:24","guid":{"rendered":"https:\/\/miumjau.ee\/toode\/frigera-ham-bone-liels-cukas-kauls-suniem\/"},"modified":"2026-01-07T21:20:38","modified_gmt":"2026-01-07T19:20:38","slug":"frigera-ham-bone-liels-cukas-kauls-suniem","status":"publish","type":"product","link":"https:\/\/miumjau.ee\/lv\/produkts\/frigera-ham-bone-liels-cukas-kauls-suniem\/","title":{"rendered":"Frigera Ham Bone liels c\u016bkas kauls su\u0146iem"},"content":{"rendered":"","protected":false},"excerpt":{"rendered":"<p data-start=\"2266\" data-end=\"3003\">Par ko tu dom\u0101, iedom\u0101joties su\u0146iem piem\u0113rotu dabisku ko\u0161\u013c\u0101jamo k\u0101rumu? Protams, par c\u016bkas kaulu! Tas lieliski atbilst tam, k\u0101 su\u0146i k\u0101dreiz med\u012bja savva\u013cas dz\u012bvniekus un ap\u0113da tos piln\u012bb\u0101 \u2013 ar visu spalvu un kauliem! \u0160is gardums ir dabisks kolag\u0113na avots \u2013 olbaltumvielas, kas ir svar\u012bga musku\u013cu vesel\u012bbai un atbalsta tavu draugu loc\u012btavas, \u0101du un visp\u0101r\u0113jo vesel\u012bbu. Vai zin\u0101ji, ka kaulos ir daudz b\u016btisku uzturvielu? Tas t\u0101p\u0113c, ka kvalitat\u012btas kaulu smadzenes atrodas kaula iek\u0161pus\u0113! Turkl\u0101t \u0161ie kauli pal\u012bdz uztur\u0113t su\u0146a zobus t\u012brus un samazina aplikumu. Tie nodro\u0161ina vair\u0101kas stundas ilgu ko\u0161\u013c\u0101\u0161anas prieku, kas ne tikai nodarbina suni, bet ar\u012b sniedz gar\u012bgu stimul\u0101ciju. Ne\u0161aubies \u2013 \u013cauj savam sunim sekot saviem sen\u010du instinktiem!<\/p>\n<p data-start=\"3005\" data-end=\"3113\">Vienm\u0113r uzraugi suni, kad tam dod lielus k\u0101rumus. P\u0101rliecinies, ka tie ir piem\u0113roti su\u0146a izm\u0113ram un vecumam.<\/p>\n<p data-start=\"3115\" data-end=\"3252\">Neto svars: 180 g<br data-start=\"3132\" data-end=\"3135\" \/>Sast\u0101vs: 100% c\u016bka<br data-start=\"3153\" data-end=\"3156\" \/>Anal\u012btiskais sast\u0101vs: olbaltumvielas 30,6%, tauki 22%, pelni \u2013 neapstr\u0101d\u0101ta \u0161\u0137iedra \u2013 mitrums 6%<\/p>\n","protected":false},"featured_media":47902,"template":"","meta":[],"product_brand":[],"product_cat":[576],"product_tag":[],"class_list":{"0":"post-47901","1":"product","2":"type-product","3":"status-publish","4":"has-post-thumbnail","6":"product_cat-naski-suniem","8":"first","9":"instock","10":"sale","11":"taxable","12":"shipping-taxable","13":"purchasable","14":"product-type-simple"},"yoast_head":"<!-- This site is optimized with the Yoast SEO plugin v27.4 - https:\/\/yoast.com\/product\/yoast-seo-wordpress\/ -->\n<title>Frigera Ham Bone liels c\u016bkas kauls su\u0146iem - MiuMjau<\/title>\n<meta name=\"robots\" content=\"index, follow, max-snippet:-1, max-image-preview:large, max-video-preview:-1\" \/>\n<link rel=\"canonical\" href=\"https:\/\/miumjau.ee\/lv\/produkts\/frigera-ham-bone-liels-cukas-kauls-suniem\/\" \/>\n<meta property=\"og:locale\" content=\"lv_LV\" \/>\n<meta property=\"og:type\" content=\"article\" \/>\n<meta property=\"og:title\" content=\"Frigera Ham Bone liels c\u016bkas kauls su\u0146iem - MiuMjau\" \/>\n<meta property=\"og:description\" content=\"Par ko tu dom\u0101, iedom\u0101joties su\u0146iem piem\u0113rotu dabisku ko\u0161\u013c\u0101jamo k\u0101rumu? Protams, par c\u016bkas kaulu! Tas lieliski atbilst tam, k\u0101 su\u0146i k\u0101dreiz med\u012bja savva\u013cas dz\u012bvniekus un ap\u0113da tos piln\u012bb\u0101 \u2013 ar visu spalvu un kauliem! \u0160is gardums ir dabisks kolag\u0113na avots \u2013 olbaltumvielas, kas ir svar\u012bga musku\u013cu vesel\u012bbai un atbalsta tavu draugu loc\u012btavas, \u0101du un visp\u0101r\u0113jo vesel\u012bbu. Vai zin\u0101ji, ka kaulos ir daudz b\u016btisku uzturvielu? Tas t\u0101p\u0113c, ka kvalitat\u012btas kaulu smadzenes atrodas kaula iek\u0161pus\u0113! Turkl\u0101t \u0161ie kauli pal\u012bdz uztur\u0113t su\u0146a zobus t\u012brus un samazina aplikumu. Tie nodro\u0161ina vair\u0101kas stundas ilgu ko\u0161\u013c\u0101\u0161anas prieku, kas ne tikai nodarbina suni, bet ar\u012b sniedz gar\u012bgu stimul\u0101ciju. Ne\u0161aubies \u2013 \u013cauj savam sunim sekot saviem sen\u010du instinktiem! Vienm\u0113r uzraugi suni, kad tam dod lielus k\u0101rumus. P\u0101rliecinies, ka tie ir piem\u0113roti su\u0146a izm\u0113ram un vecumam. Neto svars: 180 gSast\u0101vs: 100% c\u016bkaAnal\u012btiskais sast\u0101vs: olbaltumvielas 30,6%, tauki 22%, pelni \u2013 neapstr\u0101d\u0101ta \u0161\u0137iedra \u2013 mitrums 6%\" \/>\n<meta property=\"og:url\" content=\"https:\/\/miumjau.ee\/lv\/produkts\/frigera-ham-bone-liels-cukas-kauls-suniem\/\" \/>\n<meta property=\"og:site_name\" content=\"MiuMjau\" \/>\n<meta property=\"article:publisher\" content=\"https:\/\/www.facebook.com\/miumjaupood\/\" \/>\n<meta property=\"article:modified_time\" content=\"2026-01-07T19:20:38+00:00\" \/>\n<meta property=\"og:image\" content=\"https:\/\/miumjau.ee\/wp-content\/uploads\/2025\/05\/frigera-koerte-maius-seakont-1-tk-2-Photoroom.webp\" \/>\n\t<meta property=\"og:image:width\" content=\"600\" \/>\n\t<meta property=\"og:image:height\" content=\"800\" \/>\n\t<meta property=\"og:image:type\" content=\"image\/webp\" \/>\n<meta name=\"twitter:card\" content=\"summary_large_image\" \/>\n<script type=\"application\/ld+json\" class=\"yoast-schema-graph\">{\"@context\":\"https:\\\/\\\/schema.org\",\"@graph\":[{\"@type\":\"WebPage\",\"@id\":\"https:\\\/\\\/miumjau.ee\\\/lv\\\/produkts\\\/frigera-ham-bone-liels-cukas-kauls-suniem\\\/\",\"url\":\"https:\\\/\\\/miumjau.ee\\\/lv\\\/produkts\\\/frigera-ham-bone-liels-cukas-kauls-suniem\\\/\",\"name\":\"Frigera Ham Bone liels c\u016bkas kauls su\u0146iem - MiuMjau\",\"isPartOf\":{\"@id\":\"https:\\\/\\\/miumjau.ee\\\/#website\"},\"primaryImageOfPage\":{\"@id\":\"https:\\\/\\\/miumjau.ee\\\/lv\\\/produkts\\\/frigera-ham-bone-liels-cukas-kauls-suniem\\\/#primaryimage\"},\"image\":{\"@id\":\"https:\\\/\\\/miumjau.ee\\\/lv\\\/produkts\\\/frigera-ham-bone-liels-cukas-kauls-suniem\\\/#primaryimage\"},\"thumbnailUrl\":\"https:\\\/\\\/miumjau.ee\\\/wp-content\\\/uploads\\\/2025\\\/05\\\/frigera-koerte-maius-seakont-1-tk-2-Photoroom.webp\",\"datePublished\":\"2025-07-01T20:26:24+00:00\",\"dateModified\":\"2026-01-07T19:20:38+00:00\",\"breadcrumb\":{\"@id\":\"https:\\\/\\\/miumjau.ee\\\/lv\\\/produkts\\\/frigera-ham-bone-liels-cukas-kauls-suniem\\\/#breadcrumb\"},\"inLanguage\":\"lv-LV\",\"potentialAction\":[{\"@type\":\"ReadAction\",\"target\":[\"https:\\\/\\\/miumjau.ee\\\/lv\\\/produkts\\\/frigera-ham-bone-liels-cukas-kauls-suniem\\\/\"]}]},{\"@type\":\"ImageObject\",\"inLanguage\":\"lv-LV\",\"@id\":\"https:\\\/\\\/miumjau.ee\\\/lv\\\/produkts\\\/frigera-ham-bone-liels-cukas-kauls-suniem\\\/#primaryimage\",\"url\":\"https:\\\/\\\/miumjau.ee\\\/wp-content\\\/uploads\\\/2025\\\/05\\\/frigera-koerte-maius-seakont-1-tk-2-Photoroom.webp\",\"contentUrl\":\"https:\\\/\\\/miumjau.ee\\\/wp-content\\\/uploads\\\/2025\\\/05\\\/frigera-koerte-maius-seakont-1-tk-2-Photoroom.webp\",\"width\":600,\"height\":800},{\"@type\":\"BreadcrumbList\",\"@id\":\"https:\\\/\\\/miumjau.ee\\\/lv\\\/produkts\\\/frigera-ham-bone-liels-cukas-kauls-suniem\\\/#breadcrumb\",\"itemListElement\":[{\"@type\":\"ListItem\",\"position\":1,\"name\":\"Home\",\"item\":\"https:\\\/\\\/miumjau.ee\\\/lv\\\/\"},{\"@type\":\"ListItem\",\"position\":2,\"name\":\"Veikals\",\"item\":\"https:\\\/\\\/miumjau.ee\\\/lv\\\/veikals\\\/\"},{\"@type\":\"ListItem\",\"position\":3,\"name\":\"Frigera Ham Bone liels c\u016bkas kauls su\u0146iem\"}]},{\"@type\":\"WebSite\",\"@id\":\"https:\\\/\\\/miumjau.ee\\\/#website\",\"url\":\"https:\\\/\\\/miumjau.ee\\\/\",\"name\":\"MiuMjau\",\"description\":\"Kraapimispuud kassidele\",\"publisher\":{\"@id\":\"https:\\\/\\\/miumjau.ee\\\/#organization\"},\"potentialAction\":[{\"@type\":\"SearchAction\",\"target\":{\"@type\":\"EntryPoint\",\"urlTemplate\":\"https:\\\/\\\/miumjau.ee\\\/?s={search_term_string}\"},\"query-input\":{\"@type\":\"PropertyValueSpecification\",\"valueRequired\":true,\"valueName\":\"search_term_string\"}}],\"inLanguage\":\"lv-LV\"},{\"@type\":\"Organization\",\"@id\":\"https:\\\/\\\/miumjau.ee\\\/#organization\",\"name\":\"MiuMjau O\u00dc\",\"url\":\"https:\\\/\\\/miumjau.ee\\\/\",\"logo\":{\"@type\":\"ImageObject\",\"inLanguage\":\"lv-LV\",\"@id\":\"https:\\\/\\\/miumjau.ee\\\/#\\\/schema\\\/logo\\\/image\\\/\",\"url\":\"https:\\\/\\\/miumjau.ee\\\/wp-content\\\/uploads\\\/2022\\\/04\\\/MiuMjau-logo-kollane.png\",\"contentUrl\":\"https:\\\/\\\/miumjau.ee\\\/wp-content\\\/uploads\\\/2022\\\/04\\\/MiuMjau-logo-kollane.png\",\"width\":219,\"height\":100,\"caption\":\"MiuMjau O\u00dc\"},\"image\":{\"@id\":\"https:\\\/\\\/miumjau.ee\\\/#\\\/schema\\\/logo\\\/image\\\/\"},\"sameAs\":[\"https:\\\/\\\/www.facebook.com\\\/miumjaupood\\\/\"]}]}<\/script>\n<!-- \/ Yoast SEO plugin. -->","yoast_head_json":{"title":"Frigera Ham Bone liels c\u016bkas kauls su\u0146iem - MiuMjau","robots":{"index":"index","follow":"follow","max-snippet":"max-snippet:-1","max-image-preview":"max-image-preview:large","max-video-preview":"max-video-preview:-1"},"canonical":"https:\/\/miumjau.ee\/lv\/produkts\/frigera-ham-bone-liels-cukas-kauls-suniem\/","og_locale":"lv_LV","og_type":"article","og_title":"Frigera Ham Bone liels c\u016bkas kauls su\u0146iem - MiuMjau","og_description":"Par ko tu dom\u0101, iedom\u0101joties su\u0146iem piem\u0113rotu dabisku ko\u0161\u013c\u0101jamo k\u0101rumu? Protams, par c\u016bkas kaulu! Tas lieliski atbilst tam, k\u0101 su\u0146i k\u0101dreiz med\u012bja savva\u013cas dz\u012bvniekus un ap\u0113da tos piln\u012bb\u0101 \u2013 ar visu spalvu un kauliem! \u0160is gardums ir dabisks kolag\u0113na avots \u2013 olbaltumvielas, kas ir svar\u012bga musku\u013cu vesel\u012bbai un atbalsta tavu draugu loc\u012btavas, \u0101du un visp\u0101r\u0113jo vesel\u012bbu. Vai zin\u0101ji, ka kaulos ir daudz b\u016btisku uzturvielu? Tas t\u0101p\u0113c, ka kvalitat\u012btas kaulu smadzenes atrodas kaula iek\u0161pus\u0113! Turkl\u0101t \u0161ie kauli pal\u012bdz uztur\u0113t su\u0146a zobus t\u012brus un samazina aplikumu. Tie nodro\u0161ina vair\u0101kas stundas ilgu ko\u0161\u013c\u0101\u0161anas prieku, kas ne tikai nodarbina suni, bet ar\u012b sniedz gar\u012bgu stimul\u0101ciju. Ne\u0161aubies \u2013 \u013cauj savam sunim sekot saviem sen\u010du instinktiem! Vienm\u0113r uzraugi suni, kad tam dod lielus k\u0101rumus. P\u0101rliecinies, ka tie ir piem\u0113roti su\u0146a izm\u0113ram un vecumam. Neto svars: 180 gSast\u0101vs: 100% c\u016bkaAnal\u012btiskais sast\u0101vs: olbaltumvielas 30,6%, tauki 22%, pelni \u2013 neapstr\u0101d\u0101ta \u0161\u0137iedra \u2013 mitrums 6%","og_url":"https:\/\/miumjau.ee\/lv\/produkts\/frigera-ham-bone-liels-cukas-kauls-suniem\/","og_site_name":"MiuMjau","article_publisher":"https:\/\/www.facebook.com\/miumjaupood\/","article_modified_time":"2026-01-07T19:20:38+00:00","og_image":[{"width":600,"height":800,"url":"https:\/\/miumjau.ee\/wp-content\/uploads\/2025\/05\/frigera-koerte-maius-seakont-1-tk-2-Photoroom.webp","type":"image\/webp"}],"twitter_card":"summary_large_image","schema":{"@context":"https:\/\/schema.org","@graph":[{"@type":"WebPage","@id":"https:\/\/miumjau.ee\/lv\/produkts\/frigera-ham-bone-liels-cukas-kauls-suniem\/","url":"https:\/\/miumjau.ee\/lv\/produkts\/frigera-ham-bone-liels-cukas-kauls-suniem\/","name":"Frigera Ham Bone liels c\u016bkas kauls su\u0146iem - MiuMjau","isPartOf":{"@id":"https:\/\/miumjau.ee\/#website"},"primaryImageOfPage":{"@id":"https:\/\/miumjau.ee\/lv\/produkts\/frigera-ham-bone-liels-cukas-kauls-suniem\/#primaryimage"},"image":{"@id":"https:\/\/miumjau.ee\/lv\/produkts\/frigera-ham-bone-liels-cukas-kauls-suniem\/#primaryimage"},"thumbnailUrl":"https:\/\/miumjau.ee\/wp-content\/uploads\/2025\/05\/frigera-koerte-maius-seakont-1-tk-2-Photoroom.webp","datePublished":"2025-07-01T20:26:24+00:00","dateModified":"2026-01-07T19:20:38+00:00","breadcrumb":{"@id":"https:\/\/miumjau.ee\/lv\/produkts\/frigera-ham-bone-liels-cukas-kauls-suniem\/#breadcrumb"},"inLanguage":"lv-LV","potentialAction":[{"@type":"ReadAction","target":["https:\/\/miumjau.ee\/lv\/produkts\/frigera-ham-bone-liels-cukas-kauls-suniem\/"]}]},{"@type":"ImageObject","inLanguage":"lv-LV","@id":"https:\/\/miumjau.ee\/lv\/produkts\/frigera-ham-bone-liels-cukas-kauls-suniem\/#primaryimage","url":"https:\/\/miumjau.ee\/wp-content\/uploads\/2025\/05\/frigera-koerte-maius-seakont-1-tk-2-Photoroom.webp","contentUrl":"https:\/\/miumjau.ee\/wp-content\/uploads\/2025\/05\/frigera-koerte-maius-seakont-1-tk-2-Photoroom.webp","width":600,"height":800},{"@type":"BreadcrumbList","@id":"https:\/\/miumjau.ee\/lv\/produkts\/frigera-ham-bone-liels-cukas-kauls-suniem\/#breadcrumb","itemListElement":[{"@type":"ListItem","position":1,"name":"Home","item":"https:\/\/miumjau.ee\/lv\/"},{"@type":"ListItem","position":2,"name":"Veikals","item":"https:\/\/miumjau.ee\/lv\/veikals\/"},{"@type":"ListItem","position":3,"name":"Frigera Ham Bone liels c\u016bkas kauls su\u0146iem"}]},{"@type":"WebSite","@id":"https:\/\/miumjau.ee\/#website","url":"https:\/\/miumjau.ee\/","name":"MiuMjau","description":"Kraapimispuud kassidele","publisher":{"@id":"https:\/\/miumjau.ee\/#organization"},"potentialAction":[{"@type":"SearchAction","target":{"@type":"EntryPoint","urlTemplate":"https:\/\/miumjau.ee\/?s={search_term_string}"},"query-input":{"@type":"PropertyValueSpecification","valueRequired":true,"valueName":"search_term_string"}}],"inLanguage":"lv-LV"},{"@type":"Organization","@id":"https:\/\/miumjau.ee\/#organization","name":"MiuMjau O\u00dc","url":"https:\/\/miumjau.ee\/","logo":{"@type":"ImageObject","inLanguage":"lv-LV","@id":"https:\/\/miumjau.ee\/#\/schema\/logo\/image\/","url":"https:\/\/miumjau.ee\/wp-content\/uploads\/2022\/04\/MiuMjau-logo-kollane.png","contentUrl":"https:\/\/miumjau.ee\/wp-content\/uploads\/2022\/04\/MiuMjau-logo-kollane.png","width":219,"height":100,"caption":"MiuMjau O\u00dc"},"image":{"@id":"https:\/\/miumjau.ee\/#\/schema\/logo\/image\/"},"sameAs":["https:\/\/www.facebook.com\/miumjaupood\/"]}]}},"_links":{"self":[{"href":"https:\/\/miumjau.ee\/lv\/wp-json\/wp\/v2\/product\/47901","targetHints":{"allow":["GET"]}}],"collection":[{"href":"https:\/\/miumjau.ee\/lv\/wp-json\/wp\/v2\/product"}],"about":[{"href":"https:\/\/miumjau.ee\/lv\/wp-json\/wp\/v2\/types\/product"}],"wp:featuredmedia":[{"embeddable":true,"href":"https:\/\/miumjau.ee\/lv\/wp-json\/wp\/v2\/media\/47902"}],"wp:attachment":[{"href":"https:\/\/miumjau.ee\/lv\/wp-json\/wp\/v2\/media?parent=47901"}],"wp:term":[{"taxonomy":"product_brand","embeddable":true,"href":"https:\/\/miumjau.ee\/lv\/wp-json\/wp\/v2\/product_brand?post=47901"},{"taxonomy":"product_cat","embeddable":true,"href":"https:\/\/miumjau.ee\/lv\/wp-json\/wp\/v2\/product_cat?post=47901"},{"taxonomy":"product_tag","embeddable":true,"href":"https:\/\/miumjau.ee\/lv\/wp-json\/wp\/v2\/product_tag?post=47901"}],"curies":[{"name":"wp","href":"https:\/\/api.w.org\/{rel}","templated":true}]}}