{"id":47857,"date":"2025-08-26T13:17:40","date_gmt":"2025-08-26T10:17:40","guid":{"rendered":"https:\/\/miumjau.ee\/toode\/brit-premium-by-nature-kitten-ar-vistu-8-kg\/"},"modified":"2026-01-07T21:20:45","modified_gmt":"2026-01-07T19:20:45","slug":"brit-premium-by-nature-kitten-ar-vistu-8-kg","status":"publish","type":"product","link":"https:\/\/miumjau.ee\/lv\/produkts\/brit-premium-by-nature-kitten-ar-vistu-8-kg\/","title":{"rendered":"Brit Premium by Nature Kitten ar vistu, 8 kg"},"content":{"rendered":"","protected":false},"excerpt":{"rendered":"<p data-start=\"1763\" data-end=\"1884\">Brit Premium Kitten Chicken ir premium klases pilnv\u0113rt\u012bga bar\u012bba ka\u0137\u0113niem, k\u0101 ar\u012b piem\u0113rota gr\u016bs\u00adn\u0101m un lakt\u0113jo\u0161\u0101m ka\u0137\u0113m.<\/p>\n<ul data-start=\"1886\" data-end=\"2332\">\n<li data-start=\"1886\" data-end=\"1950\">\n<p data-start=\"1888\" data-end=\"1950\">Nepiecie\u0161amie vitam\u012bni un miner\u0101lvielas pareizai att\u012bst\u012bbai.<\/p>\n<\/li>\n<li data-start=\"1951\" data-end=\"2014\">\n<p data-start=\"1953\" data-end=\"2014\">Satur prebiotikas zarnu vesel\u012bbai un sp\u0113c\u012bgai im\u016bnsist\u0113mai.<\/p>\n<\/li>\n<li data-start=\"2015\" data-end=\"2075\">\n<p data-start=\"2017\" data-end=\"2075\">Omega-3 tauksk\u0101bes sp\u012bd\u012bgam apmatojumam un veselai \u0101dai.<\/p>\n<\/li>\n<li data-start=\"2076\" data-end=\"2137\">\n<p data-start=\"2078\" data-end=\"2137\">Taur\u012bns nodro\u0161ina pareizu sirds, acu un smadze\u0146u darb\u012bbu.<\/p>\n<\/li>\n<li data-start=\"2138\" data-end=\"2214\">\n<p data-start=\"2140\" data-end=\"2214\">Dab\u012bgie antioksidanti: rozmar\u012bns, krustnagli\u0146as, kurkuma un citrusaug\u013ci.<\/p>\n<\/li>\n<li data-start=\"2215\" data-end=\"2295\">\n<p data-start=\"2217\" data-end=\"2295\">Gatavo\u0161anas nosl\u0113guma posm\u0101 pievienota vistas aknu m\u0113rce v\u0113l lab\u0101kai gar\u0161ai.<\/p>\n<\/li>\n<li data-start=\"2296\" data-end=\"2332\">\n<p data-start=\"2298\" data-end=\"2332\">Nesatur kvie\u0161us, soju un kukur\u016bzu.<\/p>\n<\/li>\n<\/ul>\n<p data-start=\"2334\" data-end=\"2725\"><strong data-start=\"2334\" data-end=\"2346\">Sast\u0101vs:<\/strong><br data-start=\"2346\" data-end=\"2349\" \/>Dehidrat\u0113ta vista 40%, r\u012bsi, vistas tauki, zir\u0146i, dehidrat\u0113ts lasis 4%, kalt\u0113ta \u0101bolu masa, hidroliz\u0113tas vistas aknas 2%, la\u0161a e\u013c\u013ca 2%, kalt\u0113ti spin\u0101ti 0,5%, mannanoligosahar\u012bdi (150 mg\/kg), fruktooligosahar\u012bdi (120 mg\/kg), jukas ekstrakts (80 mg\/kg), kalt\u0113ts rozmar\u012bns (12 mg\/kg), kalt\u0113tas krustnagli\u0146as (12 mg\/kg), kalt\u0113ti citrusaug\u013ci (12 mg\/kg), kalt\u0113ta kurkuma (12 mg\/kg).<\/p>\n<p data-start=\"2727\" data-end=\"2915\"><strong data-start=\"2727\" data-end=\"2752\">Anal\u012btiskais sast\u0101vs:<\/strong><br data-start=\"2752\" data-end=\"2755\" \/>Kopprote\u012bns 40,0%, koptauki 18,0%, \u0161\u0137iedra 2,8%, pelni 8,0%, mitrums 10,0%, kalcijs 1,4%, fosfors 1,0%, n\u0101trijs 0,5%, magnijs 0,1%, omega-3 0,54%, omega-6 2,4%.<\/p>\n<p data-start=\"2917\" data-end=\"3153\"><strong data-start=\"2917\" data-end=\"2933\">Piedevas\/kg:<\/strong><br data-start=\"2933\" data-end=\"2936\" \/>A vitam\u012bns 22 000 SV, D3 vitam\u012bns 900 SV, E vitam\u012bns 700 mg, C vitam\u012bns 300 mg, taur\u012bns 2300 mg, biot\u012bns 1,8 mg, cinks 150 mg, mang\u0101ns 55 mg, dzelzs 45 mg, var\u0161 11 mg, jods 3,7 mg, sel\u0113ns 0,17 mg, L-metion\u012bns 4000 mg.<\/p>\n<p data-start=\"3155\" data-end=\"3196\"><strong data-start=\"3155\" data-end=\"3183\">Metaboliz\u0113jam\u0101 ener\u0123ija:<\/strong> 3930 kcal\/kg<\/p>\n","protected":false},"featured_media":47856,"template":"","meta":[],"product_brand":[],"product_cat":[569],"product_tag":[],"class_list":{"0":"post-47857","1":"product","2":"type-product","3":"status-publish","4":"has-post-thumbnail","6":"product_cat-sausa-bariba","8":"first","9":"instock","10":"sale","11":"taxable","12":"shipping-taxable","13":"purchasable","14":"product-type-simple"},"yoast_head":"<!-- This site is optimized with the Yoast SEO plugin v27.4 - https:\/\/yoast.com\/product\/yoast-seo-wordpress\/ -->\n<title>Brit Premium by Nature Kitten ar vistu, 8 kg - MiuMjau<\/title>\n<meta name=\"robots\" content=\"index, follow, max-snippet:-1, max-image-preview:large, max-video-preview:-1\" \/>\n<link rel=\"canonical\" href=\"https:\/\/miumjau.ee\/lv\/produkts\/brit-premium-by-nature-kitten-ar-vistu-8-kg\/\" \/>\n<meta property=\"og:locale\" content=\"lv_LV\" \/>\n<meta property=\"og:type\" content=\"article\" \/>\n<meta property=\"og:title\" content=\"Brit Premium by Nature Kitten ar vistu, 8 kg - MiuMjau\" \/>\n<meta property=\"og:description\" content=\"Brit Premium Kitten Chicken ir premium klases pilnv\u0113rt\u012bga bar\u012bba ka\u0137\u0113niem, k\u0101 ar\u012b piem\u0113rota gr\u016bs\u00adn\u0101m un lakt\u0113jo\u0161\u0101m ka\u0137\u0113m.     Nepiecie\u0161amie vitam\u012bni un miner\u0101lvielas pareizai att\u012bst\u012bbai.    Satur prebiotikas zarnu vesel\u012bbai un sp\u0113c\u012bgai im\u016bnsist\u0113mai.    Omega-3 tauksk\u0101bes sp\u012bd\u012bgam apmatojumam un veselai \u0101dai.    Taur\u012bns nodro\u0161ina pareizu sirds, acu un smadze\u0146u darb\u012bbu.    Dab\u012bgie antioksidanti: rozmar\u012bns, krustnagli\u0146as, kurkuma un citrusaug\u013ci.    Gatavo\u0161anas nosl\u0113guma posm\u0101 pievienota vistas aknu m\u0113rce v\u0113l lab\u0101kai gar\u0161ai.    Nesatur kvie\u0161us, soju un kukur\u016bzu.   Sast\u0101vs:Dehidrat\u0113ta vista 40%, r\u012bsi, vistas tauki, zir\u0146i, dehidrat\u0113ts lasis 4%, kalt\u0113ta \u0101bolu masa, hidroliz\u0113tas vistas aknas 2%, la\u0161a e\u013c\u013ca 2%, kalt\u0113ti spin\u0101ti 0,5%, mannanoligosahar\u012bdi (150 mg\/kg), fruktooligosahar\u012bdi (120 mg\/kg), jukas ekstrakts (80 mg\/kg), kalt\u0113ts rozmar\u012bns (12 mg\/kg), kalt\u0113tas krustnagli\u0146as (12 mg\/kg), kalt\u0113ti citrusaug\u013ci (12 mg\/kg), kalt\u0113ta kurkuma (12 mg\/kg). Anal\u012btiskais sast\u0101vs:Kopprote\u012bns 40,0%, koptauki 18,0%, \u0161\u0137iedra 2,8%, pelni 8,0%, mitrums 10,0%, kalcijs 1,4%, fosfors 1,0%, n\u0101trijs 0,5%, magnijs 0,1%, omega-3 0,54%, omega-6 2,4%. Piedevas\/kg:A vitam\u012bns 22 000 SV, D3 vitam\u012bns 900 SV, E vitam\u012bns 700 mg, C vitam\u012bns 300 mg, taur\u012bns 2300 mg, biot\u012bns 1,8 mg, cinks 150 mg, mang\u0101ns 55 mg, dzelzs 45 mg, var\u0161 11 mg, jods 3,7 mg, sel\u0113ns 0,17 mg, L-metion\u012bns 4000 mg. Metaboliz\u0113jam\u0101 ener\u0123ija: 3930 kcal\/kg\" \/>\n<meta property=\"og:url\" content=\"https:\/\/miumjau.ee\/lv\/produkts\/brit-premium-by-nature-kitten-ar-vistu-8-kg\/\" \/>\n<meta property=\"og:site_name\" content=\"MiuMjau\" \/>\n<meta property=\"article:publisher\" content=\"https:\/\/www.facebook.com\/miumjaupood\/\" \/>\n<meta property=\"article:modified_time\" content=\"2026-01-07T19:20:45+00:00\" \/>\n<meta property=\"og:image\" content=\"https:\/\/miumjau.ee\/wp-content\/uploads\/2025\/08\/brit-premium-kassi-toit1.jpg\" \/>\n\t<meta property=\"og:image:width\" content=\"600\" \/>\n\t<meta property=\"og:image:height\" content=\"800\" \/>\n\t<meta property=\"og:image:type\" content=\"image\/jpeg\" \/>\n<meta name=\"twitter:card\" content=\"summary_large_image\" \/>\n<script type=\"application\/ld+json\" class=\"yoast-schema-graph\">{\"@context\":\"https:\\\/\\\/schema.org\",\"@graph\":[{\"@type\":\"WebPage\",\"@id\":\"https:\\\/\\\/miumjau.ee\\\/lv\\\/produkts\\\/brit-premium-by-nature-kitten-ar-vistu-8-kg\\\/\",\"url\":\"https:\\\/\\\/miumjau.ee\\\/lv\\\/produkts\\\/brit-premium-by-nature-kitten-ar-vistu-8-kg\\\/\",\"name\":\"Brit Premium by Nature Kitten ar vistu, 8 kg - MiuMjau\",\"isPartOf\":{\"@id\":\"https:\\\/\\\/miumjau.ee\\\/#website\"},\"primaryImageOfPage\":{\"@id\":\"https:\\\/\\\/miumjau.ee\\\/lv\\\/produkts\\\/brit-premium-by-nature-kitten-ar-vistu-8-kg\\\/#primaryimage\"},\"image\":{\"@id\":\"https:\\\/\\\/miumjau.ee\\\/lv\\\/produkts\\\/brit-premium-by-nature-kitten-ar-vistu-8-kg\\\/#primaryimage\"},\"thumbnailUrl\":\"https:\\\/\\\/miumjau.ee\\\/wp-content\\\/uploads\\\/2025\\\/08\\\/brit-premium-kassi-toit1.jpg\",\"datePublished\":\"2025-08-26T10:17:40+00:00\",\"dateModified\":\"2026-01-07T19:20:45+00:00\",\"breadcrumb\":{\"@id\":\"https:\\\/\\\/miumjau.ee\\\/lv\\\/produkts\\\/brit-premium-by-nature-kitten-ar-vistu-8-kg\\\/#breadcrumb\"},\"inLanguage\":\"lv-LV\",\"potentialAction\":[{\"@type\":\"ReadAction\",\"target\":[\"https:\\\/\\\/miumjau.ee\\\/lv\\\/produkts\\\/brit-premium-by-nature-kitten-ar-vistu-8-kg\\\/\"]}]},{\"@type\":\"ImageObject\",\"inLanguage\":\"lv-LV\",\"@id\":\"https:\\\/\\\/miumjau.ee\\\/lv\\\/produkts\\\/brit-premium-by-nature-kitten-ar-vistu-8-kg\\\/#primaryimage\",\"url\":\"https:\\\/\\\/miumjau.ee\\\/wp-content\\\/uploads\\\/2025\\\/08\\\/brit-premium-kassi-toit1.jpg\",\"contentUrl\":\"https:\\\/\\\/miumjau.ee\\\/wp-content\\\/uploads\\\/2025\\\/08\\\/brit-premium-kassi-toit1.jpg\",\"width\":600,\"height\":800},{\"@type\":\"BreadcrumbList\",\"@id\":\"https:\\\/\\\/miumjau.ee\\\/lv\\\/produkts\\\/brit-premium-by-nature-kitten-ar-vistu-8-kg\\\/#breadcrumb\",\"itemListElement\":[{\"@type\":\"ListItem\",\"position\":1,\"name\":\"Home\",\"item\":\"https:\\\/\\\/miumjau.ee\\\/lv\\\/\"},{\"@type\":\"ListItem\",\"position\":2,\"name\":\"Veikals\",\"item\":\"https:\\\/\\\/miumjau.ee\\\/lv\\\/veikals\\\/\"},{\"@type\":\"ListItem\",\"position\":3,\"name\":\"Brit Premium by Nature Kitten ar vistu, 8 kg\"}]},{\"@type\":\"WebSite\",\"@id\":\"https:\\\/\\\/miumjau.ee\\\/#website\",\"url\":\"https:\\\/\\\/miumjau.ee\\\/\",\"name\":\"MiuMjau\",\"description\":\"Kraapimispuud kassidele\",\"publisher\":{\"@id\":\"https:\\\/\\\/miumjau.ee\\\/#organization\"},\"potentialAction\":[{\"@type\":\"SearchAction\",\"target\":{\"@type\":\"EntryPoint\",\"urlTemplate\":\"https:\\\/\\\/miumjau.ee\\\/?s={search_term_string}\"},\"query-input\":{\"@type\":\"PropertyValueSpecification\",\"valueRequired\":true,\"valueName\":\"search_term_string\"}}],\"inLanguage\":\"lv-LV\"},{\"@type\":\"Organization\",\"@id\":\"https:\\\/\\\/miumjau.ee\\\/#organization\",\"name\":\"MiuMjau O\u00dc\",\"url\":\"https:\\\/\\\/miumjau.ee\\\/\",\"logo\":{\"@type\":\"ImageObject\",\"inLanguage\":\"lv-LV\",\"@id\":\"https:\\\/\\\/miumjau.ee\\\/#\\\/schema\\\/logo\\\/image\\\/\",\"url\":\"https:\\\/\\\/miumjau.ee\\\/wp-content\\\/uploads\\\/2022\\\/04\\\/MiuMjau-logo-kollane.png\",\"contentUrl\":\"https:\\\/\\\/miumjau.ee\\\/wp-content\\\/uploads\\\/2022\\\/04\\\/MiuMjau-logo-kollane.png\",\"width\":219,\"height\":100,\"caption\":\"MiuMjau O\u00dc\"},\"image\":{\"@id\":\"https:\\\/\\\/miumjau.ee\\\/#\\\/schema\\\/logo\\\/image\\\/\"},\"sameAs\":[\"https:\\\/\\\/www.facebook.com\\\/miumjaupood\\\/\"]}]}<\/script>\n<!-- \/ Yoast SEO plugin. -->","yoast_head_json":{"title":"Brit Premium by Nature Kitten ar vistu, 8 kg - MiuMjau","robots":{"index":"index","follow":"follow","max-snippet":"max-snippet:-1","max-image-preview":"max-image-preview:large","max-video-preview":"max-video-preview:-1"},"canonical":"https:\/\/miumjau.ee\/lv\/produkts\/brit-premium-by-nature-kitten-ar-vistu-8-kg\/","og_locale":"lv_LV","og_type":"article","og_title":"Brit Premium by Nature Kitten ar vistu, 8 kg - MiuMjau","og_description":"Brit Premium Kitten Chicken ir premium klases pilnv\u0113rt\u012bga bar\u012bba ka\u0137\u0113niem, k\u0101 ar\u012b piem\u0113rota gr\u016bs\u00adn\u0101m un lakt\u0113jo\u0161\u0101m ka\u0137\u0113m.     Nepiecie\u0161amie vitam\u012bni un miner\u0101lvielas pareizai att\u012bst\u012bbai.    Satur prebiotikas zarnu vesel\u012bbai un sp\u0113c\u012bgai im\u016bnsist\u0113mai.    Omega-3 tauksk\u0101bes sp\u012bd\u012bgam apmatojumam un veselai \u0101dai.    Taur\u012bns nodro\u0161ina pareizu sirds, acu un smadze\u0146u darb\u012bbu.    Dab\u012bgie antioksidanti: rozmar\u012bns, krustnagli\u0146as, kurkuma un citrusaug\u013ci.    Gatavo\u0161anas nosl\u0113guma posm\u0101 pievienota vistas aknu m\u0113rce v\u0113l lab\u0101kai gar\u0161ai.    Nesatur kvie\u0161us, soju un kukur\u016bzu.   Sast\u0101vs:Dehidrat\u0113ta vista 40%, r\u012bsi, vistas tauki, zir\u0146i, dehidrat\u0113ts lasis 4%, kalt\u0113ta \u0101bolu masa, hidroliz\u0113tas vistas aknas 2%, la\u0161a e\u013c\u013ca 2%, kalt\u0113ti spin\u0101ti 0,5%, mannanoligosahar\u012bdi (150 mg\/kg), fruktooligosahar\u012bdi (120 mg\/kg), jukas ekstrakts (80 mg\/kg), kalt\u0113ts rozmar\u012bns (12 mg\/kg), kalt\u0113tas krustnagli\u0146as (12 mg\/kg), kalt\u0113ti citrusaug\u013ci (12 mg\/kg), kalt\u0113ta kurkuma (12 mg\/kg). Anal\u012btiskais sast\u0101vs:Kopprote\u012bns 40,0%, koptauki 18,0%, \u0161\u0137iedra 2,8%, pelni 8,0%, mitrums 10,0%, kalcijs 1,4%, fosfors 1,0%, n\u0101trijs 0,5%, magnijs 0,1%, omega-3 0,54%, omega-6 2,4%. Piedevas\/kg:A vitam\u012bns 22 000 SV, D3 vitam\u012bns 900 SV, E vitam\u012bns 700 mg, C vitam\u012bns 300 mg, taur\u012bns 2300 mg, biot\u012bns 1,8 mg, cinks 150 mg, mang\u0101ns 55 mg, dzelzs 45 mg, var\u0161 11 mg, jods 3,7 mg, sel\u0113ns 0,17 mg, L-metion\u012bns 4000 mg. Metaboliz\u0113jam\u0101 ener\u0123ija: 3930 kcal\/kg","og_url":"https:\/\/miumjau.ee\/lv\/produkts\/brit-premium-by-nature-kitten-ar-vistu-8-kg\/","og_site_name":"MiuMjau","article_publisher":"https:\/\/www.facebook.com\/miumjaupood\/","article_modified_time":"2026-01-07T19:20:45+00:00","og_image":[{"width":600,"height":800,"url":"https:\/\/miumjau.ee\/wp-content\/uploads\/2025\/08\/brit-premium-kassi-toit1.jpg","type":"image\/jpeg"}],"twitter_card":"summary_large_image","schema":{"@context":"https:\/\/schema.org","@graph":[{"@type":"WebPage","@id":"https:\/\/miumjau.ee\/lv\/produkts\/brit-premium-by-nature-kitten-ar-vistu-8-kg\/","url":"https:\/\/miumjau.ee\/lv\/produkts\/brit-premium-by-nature-kitten-ar-vistu-8-kg\/","name":"Brit Premium by Nature Kitten ar vistu, 8 kg - MiuMjau","isPartOf":{"@id":"https:\/\/miumjau.ee\/#website"},"primaryImageOfPage":{"@id":"https:\/\/miumjau.ee\/lv\/produkts\/brit-premium-by-nature-kitten-ar-vistu-8-kg\/#primaryimage"},"image":{"@id":"https:\/\/miumjau.ee\/lv\/produkts\/brit-premium-by-nature-kitten-ar-vistu-8-kg\/#primaryimage"},"thumbnailUrl":"https:\/\/miumjau.ee\/wp-content\/uploads\/2025\/08\/brit-premium-kassi-toit1.jpg","datePublished":"2025-08-26T10:17:40+00:00","dateModified":"2026-01-07T19:20:45+00:00","breadcrumb":{"@id":"https:\/\/miumjau.ee\/lv\/produkts\/brit-premium-by-nature-kitten-ar-vistu-8-kg\/#breadcrumb"},"inLanguage":"lv-LV","potentialAction":[{"@type":"ReadAction","target":["https:\/\/miumjau.ee\/lv\/produkts\/brit-premium-by-nature-kitten-ar-vistu-8-kg\/"]}]},{"@type":"ImageObject","inLanguage":"lv-LV","@id":"https:\/\/miumjau.ee\/lv\/produkts\/brit-premium-by-nature-kitten-ar-vistu-8-kg\/#primaryimage","url":"https:\/\/miumjau.ee\/wp-content\/uploads\/2025\/08\/brit-premium-kassi-toit1.jpg","contentUrl":"https:\/\/miumjau.ee\/wp-content\/uploads\/2025\/08\/brit-premium-kassi-toit1.jpg","width":600,"height":800},{"@type":"BreadcrumbList","@id":"https:\/\/miumjau.ee\/lv\/produkts\/brit-premium-by-nature-kitten-ar-vistu-8-kg\/#breadcrumb","itemListElement":[{"@type":"ListItem","position":1,"name":"Home","item":"https:\/\/miumjau.ee\/lv\/"},{"@type":"ListItem","position":2,"name":"Veikals","item":"https:\/\/miumjau.ee\/lv\/veikals\/"},{"@type":"ListItem","position":3,"name":"Brit Premium by Nature Kitten ar vistu, 8 kg"}]},{"@type":"WebSite","@id":"https:\/\/miumjau.ee\/#website","url":"https:\/\/miumjau.ee\/","name":"MiuMjau","description":"Kraapimispuud kassidele","publisher":{"@id":"https:\/\/miumjau.ee\/#organization"},"potentialAction":[{"@type":"SearchAction","target":{"@type":"EntryPoint","urlTemplate":"https:\/\/miumjau.ee\/?s={search_term_string}"},"query-input":{"@type":"PropertyValueSpecification","valueRequired":true,"valueName":"search_term_string"}}],"inLanguage":"lv-LV"},{"@type":"Organization","@id":"https:\/\/miumjau.ee\/#organization","name":"MiuMjau O\u00dc","url":"https:\/\/miumjau.ee\/","logo":{"@type":"ImageObject","inLanguage":"lv-LV","@id":"https:\/\/miumjau.ee\/#\/schema\/logo\/image\/","url":"https:\/\/miumjau.ee\/wp-content\/uploads\/2022\/04\/MiuMjau-logo-kollane.png","contentUrl":"https:\/\/miumjau.ee\/wp-content\/uploads\/2022\/04\/MiuMjau-logo-kollane.png","width":219,"height":100,"caption":"MiuMjau O\u00dc"},"image":{"@id":"https:\/\/miumjau.ee\/#\/schema\/logo\/image\/"},"sameAs":["https:\/\/www.facebook.com\/miumjaupood\/"]}]}},"_links":{"self":[{"href":"https:\/\/miumjau.ee\/lv\/wp-json\/wp\/v2\/product\/47857","targetHints":{"allow":["GET"]}}],"collection":[{"href":"https:\/\/miumjau.ee\/lv\/wp-json\/wp\/v2\/product"}],"about":[{"href":"https:\/\/miumjau.ee\/lv\/wp-json\/wp\/v2\/types\/product"}],"wp:featuredmedia":[{"embeddable":true,"href":"https:\/\/miumjau.ee\/lv\/wp-json\/wp\/v2\/media\/47856"}],"wp:attachment":[{"href":"https:\/\/miumjau.ee\/lv\/wp-json\/wp\/v2\/media?parent=47857"}],"wp:term":[{"taxonomy":"product_brand","embeddable":true,"href":"https:\/\/miumjau.ee\/lv\/wp-json\/wp\/v2\/product_brand?post=47857"},{"taxonomy":"product_cat","embeddable":true,"href":"https:\/\/miumjau.ee\/lv\/wp-json\/wp\/v2\/product_cat?post=47857"},{"taxonomy":"product_tag","embeddable":true,"href":"https:\/\/miumjau.ee\/lv\/wp-json\/wp\/v2\/product_tag?post=47857"}],"curies":[{"name":"wp","href":"https:\/\/api.w.org\/{rel}","templated":true}]}}