{"id":47847,"date":"2025-08-26T13:17:36","date_gmt":"2025-08-26T10:17:36","guid":{"rendered":"https:\/\/miumjau.ee\/toode\/brit-premium-by-nature-cat-adult-ar-lasi-8-kg\/"},"modified":"2026-01-07T21:20:45","modified_gmt":"2026-01-07T19:20:45","slug":"brit-premium-by-nature-cat-adult-ar-lasi-8-kg","status":"publish","type":"product","link":"https:\/\/miumjau.ee\/lv\/produkts\/brit-premium-by-nature-cat-adult-ar-lasi-8-kg\/","title":{"rendered":"Brit Premium by Nature Cat Adult ar lasi, 8 kg"},"content":{"rendered":"","protected":false},"excerpt":{"rendered":"<p data-start=\"1820\" data-end=\"1949\">Brit Premium Adult Salmon ir premium klases pilnv\u0113rt\u012bga bar\u012bba pieaugu\u0161iem ka\u0137iem ar lasi, kas izgatavota no dab\u012bg\u0101m sast\u0101vda\u013c\u0101m.<\/p>\n<ul data-start=\"1951\" data-end=\"2437\">\n<li data-start=\"1951\" data-end=\"2023\">\n<p data-start=\"1953\" data-end=\"2023\">Nepiecie\u0161amie vitam\u012bni un miner\u0101lvielas stipriem un veseliem zobiem.<\/p>\n<\/li>\n<li data-start=\"2024\" data-end=\"2084\">\n<p data-start=\"2026\" data-end=\"2084\">Omega-3 tauksk\u0101bes sp\u012bd\u012bgam apmatojumam un veselai \u0101dai.<\/p>\n<\/li>\n<li data-start=\"2085\" data-end=\"2146\">\n<p data-start=\"2087\" data-end=\"2146\">Taur\u012bns nodro\u0161ina pareizu sirds, acu un smadze\u0146u darb\u012bbu.<\/p>\n<\/li>\n<li data-start=\"2147\" data-end=\"2231\">\n<p data-start=\"2149\" data-end=\"2231\">Satur dab\u012bgos antioksidantus: rozmar\u012bnu, krustnagli\u0146as, kurkumu un citrusaug\u013cus.<\/p>\n<\/li>\n<li data-start=\"2232\" data-end=\"2293\">\n<p data-start=\"2234\" data-end=\"2293\">Satur prebiotikas zarnu vesel\u012bbai un sp\u0113c\u012bgai imunit\u0101tei.<\/p>\n<\/li>\n<li data-start=\"2294\" data-end=\"2400\">\n<p data-start=\"2296\" data-end=\"2400\">Gatavo\u0161anas nosl\u0113guma posm\u0101 pievienota vistas aknu m\u0113rce, lai bar\u012bba b\u016btu v\u0113l gard\u0101ka un arom\u0101tisk\u0101ka.<\/p>\n<\/li>\n<li data-start=\"2401\" data-end=\"2437\">\n<p data-start=\"2403\" data-end=\"2437\">Nesatur kvie\u0161us, soju un kukur\u016bzu.<\/p>\n<\/li>\n<\/ul>\n<p data-start=\"2439\" data-end=\"2842\"><strong data-start=\"2439\" data-end=\"2451\">Sast\u0101vs:<\/strong><br data-start=\"2451\" data-end=\"2454\" \/>Dehidrat\u0113ts lasis 35%, r\u012bsi, vistas tauki, zir\u0146i, kalt\u0113ta \u0101bolu masa, dehidrat\u0113ta vista 4%, la\u0161a e\u013c\u013ca 3%, hidroliz\u0113tas vistas aknas 2%, alus raugs, kalt\u0113ti spin\u0101ti 0,5%, mannanoligosahar\u012bdi (150 mg\/kg), fruktooligosahar\u012bdi (120 mg\/kg), jukas ekstrakts (80 mg\/kg), kalt\u0113ts rozmar\u012bns (11 mg\/kg), kalt\u0113tas krustnagli\u0146as (11 mg\/kg), kalt\u0113ti citrusaug\u013ci (11 mg\/kg), kalt\u0113ta kurkuma (11 mg\/kg).<\/p>\n<p data-start=\"2844\" data-end=\"3034\"><strong data-start=\"2844\" data-end=\"2869\">Anal\u012btiskais sast\u0101vs:<\/strong><br data-start=\"2869\" data-end=\"2872\" \/>Kopprote\u012bns 35,0%, koptauki 16,0%, \u0161\u0137iedra 1,9%, pelni 8,1%, mitrums 10,0%, kalcijs 1,2%, fosfors 1,0%, n\u0101trijs 0,9%, magnijs 0,06%, omega-3 0,20%, omega-6 2,25%.<\/p>\n<p data-start=\"3036\" data-end=\"3272\"><strong data-start=\"3036\" data-end=\"3052\">Piedevas\/kg:<\/strong><br data-start=\"3052\" data-end=\"3055\" \/>A vitam\u012bns 20 000 SV, D3 vitam\u012bns 850 SV, E vitam\u012bns 600 mg, C vitam\u012bns 250 mg, taur\u012bns 2150 mg, biot\u012bns 1,7 mg, cinks 140 mg, mang\u0101ns 50 mg, dzelzs 50 mg, var\u0161 10 mg, jods 3,5 mg, sel\u0113ns 0,16 mg, L-metion\u012bns 4000 mg.<\/p>\n<p data-start=\"3274\" data-end=\"3315\"><strong data-start=\"3274\" data-end=\"3302\">Metaboliz\u0113jam\u0101 ener\u0123ija:<\/strong> 3840 kcal\/kg<\/p>\n","protected":false},"featured_media":47848,"template":"","meta":[],"product_brand":[],"product_cat":[569],"product_tag":[],"class_list":{"0":"post-47847","1":"product","2":"type-product","3":"status-publish","4":"has-post-thumbnail","6":"product_cat-sausa-bariba","8":"first","9":"outofstock","10":"taxable","11":"shipping-taxable","12":"purchasable","13":"product-type-simple"},"yoast_head":"<!-- This site is optimized with the Yoast SEO plugin v27.4 - https:\/\/yoast.com\/product\/yoast-seo-wordpress\/ -->\n<title>Brit Premium by Nature Cat Adult ar lasi, 8 kg - MiuMjau<\/title>\n<meta name=\"robots\" content=\"index, follow, max-snippet:-1, max-image-preview:large, max-video-preview:-1\" \/>\n<link rel=\"canonical\" href=\"https:\/\/miumjau.ee\/lv\/produkts\/brit-premium-by-nature-cat-adult-ar-lasi-8-kg\/\" \/>\n<meta property=\"og:locale\" content=\"lv_LV\" \/>\n<meta property=\"og:type\" content=\"article\" \/>\n<meta property=\"og:title\" content=\"Brit Premium by Nature Cat Adult ar lasi, 8 kg - MiuMjau\" \/>\n<meta property=\"og:description\" content=\"Brit Premium Adult Salmon ir premium klases pilnv\u0113rt\u012bga bar\u012bba pieaugu\u0161iem ka\u0137iem ar lasi, kas izgatavota no dab\u012bg\u0101m sast\u0101vda\u013c\u0101m.     Nepiecie\u0161amie vitam\u012bni un miner\u0101lvielas stipriem un veseliem zobiem.    Omega-3 tauksk\u0101bes sp\u012bd\u012bgam apmatojumam un veselai \u0101dai.    Taur\u012bns nodro\u0161ina pareizu sirds, acu un smadze\u0146u darb\u012bbu.    Satur dab\u012bgos antioksidantus: rozmar\u012bnu, krustnagli\u0146as, kurkumu un citrusaug\u013cus.    Satur prebiotikas zarnu vesel\u012bbai un sp\u0113c\u012bgai imunit\u0101tei.    Gatavo\u0161anas nosl\u0113guma posm\u0101 pievienota vistas aknu m\u0113rce, lai bar\u012bba b\u016btu v\u0113l gard\u0101ka un arom\u0101tisk\u0101ka.    Nesatur kvie\u0161us, soju un kukur\u016bzu.   Sast\u0101vs:Dehidrat\u0113ts lasis 35%, r\u012bsi, vistas tauki, zir\u0146i, kalt\u0113ta \u0101bolu masa, dehidrat\u0113ta vista 4%, la\u0161a e\u013c\u013ca 3%, hidroliz\u0113tas vistas aknas 2%, alus raugs, kalt\u0113ti spin\u0101ti 0,5%, mannanoligosahar\u012bdi (150 mg\/kg), fruktooligosahar\u012bdi (120 mg\/kg), jukas ekstrakts (80 mg\/kg), kalt\u0113ts rozmar\u012bns (11 mg\/kg), kalt\u0113tas krustnagli\u0146as (11 mg\/kg), kalt\u0113ti citrusaug\u013ci (11 mg\/kg), kalt\u0113ta kurkuma (11 mg\/kg). Anal\u012btiskais sast\u0101vs:Kopprote\u012bns 35,0%, koptauki 16,0%, \u0161\u0137iedra 1,9%, pelni 8,1%, mitrums 10,0%, kalcijs 1,2%, fosfors 1,0%, n\u0101trijs 0,9%, magnijs 0,06%, omega-3 0,20%, omega-6 2,25%. Piedevas\/kg:A vitam\u012bns 20 000 SV, D3 vitam\u012bns 850 SV, E vitam\u012bns 600 mg, C vitam\u012bns 250 mg, taur\u012bns 2150 mg, biot\u012bns 1,7 mg, cinks 140 mg, mang\u0101ns 50 mg, dzelzs 50 mg, var\u0161 10 mg, jods 3,5 mg, sel\u0113ns 0,16 mg, L-metion\u012bns 4000 mg. Metaboliz\u0113jam\u0101 ener\u0123ija: 3840 kcal\/kg\" \/>\n<meta property=\"og:url\" content=\"https:\/\/miumjau.ee\/lv\/produkts\/brit-premium-by-nature-cat-adult-ar-lasi-8-kg\/\" \/>\n<meta property=\"og:site_name\" content=\"MiuMjau\" \/>\n<meta property=\"article:publisher\" content=\"https:\/\/www.facebook.com\/miumjaupood\/\" \/>\n<meta property=\"article:modified_time\" content=\"2026-01-07T19:20:45+00:00\" \/>\n<meta property=\"og:image\" content=\"https:\/\/miumjau.ee\/wp-content\/uploads\/2025\/08\/brit-premium-kassi-toit2.jpg\" \/>\n\t<meta property=\"og:image:width\" content=\"600\" \/>\n\t<meta property=\"og:image:height\" content=\"800\" \/>\n\t<meta property=\"og:image:type\" content=\"image\/jpeg\" \/>\n<meta name=\"twitter:card\" content=\"summary_large_image\" \/>\n<script type=\"application\/ld+json\" class=\"yoast-schema-graph\">{\"@context\":\"https:\\\/\\\/schema.org\",\"@graph\":[{\"@type\":\"WebPage\",\"@id\":\"https:\\\/\\\/miumjau.ee\\\/lv\\\/produkts\\\/brit-premium-by-nature-cat-adult-ar-lasi-8-kg\\\/\",\"url\":\"https:\\\/\\\/miumjau.ee\\\/lv\\\/produkts\\\/brit-premium-by-nature-cat-adult-ar-lasi-8-kg\\\/\",\"name\":\"Brit Premium by Nature Cat Adult ar lasi, 8 kg - MiuMjau\",\"isPartOf\":{\"@id\":\"https:\\\/\\\/miumjau.ee\\\/#website\"},\"primaryImageOfPage\":{\"@id\":\"https:\\\/\\\/miumjau.ee\\\/lv\\\/produkts\\\/brit-premium-by-nature-cat-adult-ar-lasi-8-kg\\\/#primaryimage\"},\"image\":{\"@id\":\"https:\\\/\\\/miumjau.ee\\\/lv\\\/produkts\\\/brit-premium-by-nature-cat-adult-ar-lasi-8-kg\\\/#primaryimage\"},\"thumbnailUrl\":\"https:\\\/\\\/miumjau.ee\\\/wp-content\\\/uploads\\\/2025\\\/08\\\/brit-premium-kassi-toit2.jpg\",\"datePublished\":\"2025-08-26T10:17:36+00:00\",\"dateModified\":\"2026-01-07T19:20:45+00:00\",\"breadcrumb\":{\"@id\":\"https:\\\/\\\/miumjau.ee\\\/lv\\\/produkts\\\/brit-premium-by-nature-cat-adult-ar-lasi-8-kg\\\/#breadcrumb\"},\"inLanguage\":\"lv-LV\",\"potentialAction\":[{\"@type\":\"ReadAction\",\"target\":[\"https:\\\/\\\/miumjau.ee\\\/lv\\\/produkts\\\/brit-premium-by-nature-cat-adult-ar-lasi-8-kg\\\/\"]}]},{\"@type\":\"ImageObject\",\"inLanguage\":\"lv-LV\",\"@id\":\"https:\\\/\\\/miumjau.ee\\\/lv\\\/produkts\\\/brit-premium-by-nature-cat-adult-ar-lasi-8-kg\\\/#primaryimage\",\"url\":\"https:\\\/\\\/miumjau.ee\\\/wp-content\\\/uploads\\\/2025\\\/08\\\/brit-premium-kassi-toit2.jpg\",\"contentUrl\":\"https:\\\/\\\/miumjau.ee\\\/wp-content\\\/uploads\\\/2025\\\/08\\\/brit-premium-kassi-toit2.jpg\",\"width\":600,\"height\":800},{\"@type\":\"BreadcrumbList\",\"@id\":\"https:\\\/\\\/miumjau.ee\\\/lv\\\/produkts\\\/brit-premium-by-nature-cat-adult-ar-lasi-8-kg\\\/#breadcrumb\",\"itemListElement\":[{\"@type\":\"ListItem\",\"position\":1,\"name\":\"Home\",\"item\":\"https:\\\/\\\/miumjau.ee\\\/lv\\\/\"},{\"@type\":\"ListItem\",\"position\":2,\"name\":\"Veikals\",\"item\":\"https:\\\/\\\/miumjau.ee\\\/lv\\\/veikals\\\/\"},{\"@type\":\"ListItem\",\"position\":3,\"name\":\"Brit Premium by Nature Cat Adult ar lasi, 8 kg\"}]},{\"@type\":\"WebSite\",\"@id\":\"https:\\\/\\\/miumjau.ee\\\/#website\",\"url\":\"https:\\\/\\\/miumjau.ee\\\/\",\"name\":\"MiuMjau\",\"description\":\"Kraapimispuud kassidele\",\"publisher\":{\"@id\":\"https:\\\/\\\/miumjau.ee\\\/#organization\"},\"potentialAction\":[{\"@type\":\"SearchAction\",\"target\":{\"@type\":\"EntryPoint\",\"urlTemplate\":\"https:\\\/\\\/miumjau.ee\\\/?s={search_term_string}\"},\"query-input\":{\"@type\":\"PropertyValueSpecification\",\"valueRequired\":true,\"valueName\":\"search_term_string\"}}],\"inLanguage\":\"lv-LV\"},{\"@type\":\"Organization\",\"@id\":\"https:\\\/\\\/miumjau.ee\\\/#organization\",\"name\":\"MiuMjau O\u00dc\",\"url\":\"https:\\\/\\\/miumjau.ee\\\/\",\"logo\":{\"@type\":\"ImageObject\",\"inLanguage\":\"lv-LV\",\"@id\":\"https:\\\/\\\/miumjau.ee\\\/#\\\/schema\\\/logo\\\/image\\\/\",\"url\":\"https:\\\/\\\/miumjau.ee\\\/wp-content\\\/uploads\\\/2022\\\/04\\\/MiuMjau-logo-kollane.png\",\"contentUrl\":\"https:\\\/\\\/miumjau.ee\\\/wp-content\\\/uploads\\\/2022\\\/04\\\/MiuMjau-logo-kollane.png\",\"width\":219,\"height\":100,\"caption\":\"MiuMjau O\u00dc\"},\"image\":{\"@id\":\"https:\\\/\\\/miumjau.ee\\\/#\\\/schema\\\/logo\\\/image\\\/\"},\"sameAs\":[\"https:\\\/\\\/www.facebook.com\\\/miumjaupood\\\/\"]}]}<\/script>\n<!-- \/ Yoast SEO plugin. -->","yoast_head_json":{"title":"Brit Premium by Nature Cat Adult ar lasi, 8 kg - MiuMjau","robots":{"index":"index","follow":"follow","max-snippet":"max-snippet:-1","max-image-preview":"max-image-preview:large","max-video-preview":"max-video-preview:-1"},"canonical":"https:\/\/miumjau.ee\/lv\/produkts\/brit-premium-by-nature-cat-adult-ar-lasi-8-kg\/","og_locale":"lv_LV","og_type":"article","og_title":"Brit Premium by Nature Cat Adult ar lasi, 8 kg - MiuMjau","og_description":"Brit Premium Adult Salmon ir premium klases pilnv\u0113rt\u012bga bar\u012bba pieaugu\u0161iem ka\u0137iem ar lasi, kas izgatavota no dab\u012bg\u0101m sast\u0101vda\u013c\u0101m.     Nepiecie\u0161amie vitam\u012bni un miner\u0101lvielas stipriem un veseliem zobiem.    Omega-3 tauksk\u0101bes sp\u012bd\u012bgam apmatojumam un veselai \u0101dai.    Taur\u012bns nodro\u0161ina pareizu sirds, acu un smadze\u0146u darb\u012bbu.    Satur dab\u012bgos antioksidantus: rozmar\u012bnu, krustnagli\u0146as, kurkumu un citrusaug\u013cus.    Satur prebiotikas zarnu vesel\u012bbai un sp\u0113c\u012bgai imunit\u0101tei.    Gatavo\u0161anas nosl\u0113guma posm\u0101 pievienota vistas aknu m\u0113rce, lai bar\u012bba b\u016btu v\u0113l gard\u0101ka un arom\u0101tisk\u0101ka.    Nesatur kvie\u0161us, soju un kukur\u016bzu.   Sast\u0101vs:Dehidrat\u0113ts lasis 35%, r\u012bsi, vistas tauki, zir\u0146i, kalt\u0113ta \u0101bolu masa, dehidrat\u0113ta vista 4%, la\u0161a e\u013c\u013ca 3%, hidroliz\u0113tas vistas aknas 2%, alus raugs, kalt\u0113ti spin\u0101ti 0,5%, mannanoligosahar\u012bdi (150 mg\/kg), fruktooligosahar\u012bdi (120 mg\/kg), jukas ekstrakts (80 mg\/kg), kalt\u0113ts rozmar\u012bns (11 mg\/kg), kalt\u0113tas krustnagli\u0146as (11 mg\/kg), kalt\u0113ti citrusaug\u013ci (11 mg\/kg), kalt\u0113ta kurkuma (11 mg\/kg). Anal\u012btiskais sast\u0101vs:Kopprote\u012bns 35,0%, koptauki 16,0%, \u0161\u0137iedra 1,9%, pelni 8,1%, mitrums 10,0%, kalcijs 1,2%, fosfors 1,0%, n\u0101trijs 0,9%, magnijs 0,06%, omega-3 0,20%, omega-6 2,25%. Piedevas\/kg:A vitam\u012bns 20 000 SV, D3 vitam\u012bns 850 SV, E vitam\u012bns 600 mg, C vitam\u012bns 250 mg, taur\u012bns 2150 mg, biot\u012bns 1,7 mg, cinks 140 mg, mang\u0101ns 50 mg, dzelzs 50 mg, var\u0161 10 mg, jods 3,5 mg, sel\u0113ns 0,16 mg, L-metion\u012bns 4000 mg. Metaboliz\u0113jam\u0101 ener\u0123ija: 3840 kcal\/kg","og_url":"https:\/\/miumjau.ee\/lv\/produkts\/brit-premium-by-nature-cat-adult-ar-lasi-8-kg\/","og_site_name":"MiuMjau","article_publisher":"https:\/\/www.facebook.com\/miumjaupood\/","article_modified_time":"2026-01-07T19:20:45+00:00","og_image":[{"width":600,"height":800,"url":"https:\/\/miumjau.ee\/wp-content\/uploads\/2025\/08\/brit-premium-kassi-toit2.jpg","type":"image\/jpeg"}],"twitter_card":"summary_large_image","schema":{"@context":"https:\/\/schema.org","@graph":[{"@type":"WebPage","@id":"https:\/\/miumjau.ee\/lv\/produkts\/brit-premium-by-nature-cat-adult-ar-lasi-8-kg\/","url":"https:\/\/miumjau.ee\/lv\/produkts\/brit-premium-by-nature-cat-adult-ar-lasi-8-kg\/","name":"Brit Premium by Nature Cat Adult ar lasi, 8 kg - MiuMjau","isPartOf":{"@id":"https:\/\/miumjau.ee\/#website"},"primaryImageOfPage":{"@id":"https:\/\/miumjau.ee\/lv\/produkts\/brit-premium-by-nature-cat-adult-ar-lasi-8-kg\/#primaryimage"},"image":{"@id":"https:\/\/miumjau.ee\/lv\/produkts\/brit-premium-by-nature-cat-adult-ar-lasi-8-kg\/#primaryimage"},"thumbnailUrl":"https:\/\/miumjau.ee\/wp-content\/uploads\/2025\/08\/brit-premium-kassi-toit2.jpg","datePublished":"2025-08-26T10:17:36+00:00","dateModified":"2026-01-07T19:20:45+00:00","breadcrumb":{"@id":"https:\/\/miumjau.ee\/lv\/produkts\/brit-premium-by-nature-cat-adult-ar-lasi-8-kg\/#breadcrumb"},"inLanguage":"lv-LV","potentialAction":[{"@type":"ReadAction","target":["https:\/\/miumjau.ee\/lv\/produkts\/brit-premium-by-nature-cat-adult-ar-lasi-8-kg\/"]}]},{"@type":"ImageObject","inLanguage":"lv-LV","@id":"https:\/\/miumjau.ee\/lv\/produkts\/brit-premium-by-nature-cat-adult-ar-lasi-8-kg\/#primaryimage","url":"https:\/\/miumjau.ee\/wp-content\/uploads\/2025\/08\/brit-premium-kassi-toit2.jpg","contentUrl":"https:\/\/miumjau.ee\/wp-content\/uploads\/2025\/08\/brit-premium-kassi-toit2.jpg","width":600,"height":800},{"@type":"BreadcrumbList","@id":"https:\/\/miumjau.ee\/lv\/produkts\/brit-premium-by-nature-cat-adult-ar-lasi-8-kg\/#breadcrumb","itemListElement":[{"@type":"ListItem","position":1,"name":"Home","item":"https:\/\/miumjau.ee\/lv\/"},{"@type":"ListItem","position":2,"name":"Veikals","item":"https:\/\/miumjau.ee\/lv\/veikals\/"},{"@type":"ListItem","position":3,"name":"Brit Premium by Nature Cat Adult ar lasi, 8 kg"}]},{"@type":"WebSite","@id":"https:\/\/miumjau.ee\/#website","url":"https:\/\/miumjau.ee\/","name":"MiuMjau","description":"Kraapimispuud kassidele","publisher":{"@id":"https:\/\/miumjau.ee\/#organization"},"potentialAction":[{"@type":"SearchAction","target":{"@type":"EntryPoint","urlTemplate":"https:\/\/miumjau.ee\/?s={search_term_string}"},"query-input":{"@type":"PropertyValueSpecification","valueRequired":true,"valueName":"search_term_string"}}],"inLanguage":"lv-LV"},{"@type":"Organization","@id":"https:\/\/miumjau.ee\/#organization","name":"MiuMjau O\u00dc","url":"https:\/\/miumjau.ee\/","logo":{"@type":"ImageObject","inLanguage":"lv-LV","@id":"https:\/\/miumjau.ee\/#\/schema\/logo\/image\/","url":"https:\/\/miumjau.ee\/wp-content\/uploads\/2022\/04\/MiuMjau-logo-kollane.png","contentUrl":"https:\/\/miumjau.ee\/wp-content\/uploads\/2022\/04\/MiuMjau-logo-kollane.png","width":219,"height":100,"caption":"MiuMjau O\u00dc"},"image":{"@id":"https:\/\/miumjau.ee\/#\/schema\/logo\/image\/"},"sameAs":["https:\/\/www.facebook.com\/miumjaupood\/"]}]}},"_links":{"self":[{"href":"https:\/\/miumjau.ee\/lv\/wp-json\/wp\/v2\/product\/47847","targetHints":{"allow":["GET"]}}],"collection":[{"href":"https:\/\/miumjau.ee\/lv\/wp-json\/wp\/v2\/product"}],"about":[{"href":"https:\/\/miumjau.ee\/lv\/wp-json\/wp\/v2\/types\/product"}],"wp:featuredmedia":[{"embeddable":true,"href":"https:\/\/miumjau.ee\/lv\/wp-json\/wp\/v2\/media\/47848"}],"wp:attachment":[{"href":"https:\/\/miumjau.ee\/lv\/wp-json\/wp\/v2\/media?parent=47847"}],"wp:term":[{"taxonomy":"product_brand","embeddable":true,"href":"https:\/\/miumjau.ee\/lv\/wp-json\/wp\/v2\/product_brand?post=47847"},{"taxonomy":"product_cat","embeddable":true,"href":"https:\/\/miumjau.ee\/lv\/wp-json\/wp\/v2\/product_cat?post=47847"},{"taxonomy":"product_tag","embeddable":true,"href":"https:\/\/miumjau.ee\/lv\/wp-json\/wp\/v2\/product_tag?post=47847"}],"curies":[{"name":"wp","href":"https:\/\/api.w.org\/{rel}","templated":true}]}}