{"id":47841,"date":"2025-08-26T13:30:57","date_gmt":"2025-08-26T10:30:57","guid":{"rendered":"https:\/\/miumjau.ee\/toode\/beaphar-iesalupasta-pret-spalvu-kamoliniem-100-g\/"},"modified":"2026-01-07T21:20:45","modified_gmt":"2026-01-07T19:20:45","slug":"beaphar-iesalupasta-pret-spalvu-kamoliniem-100-g","status":"publish","type":"product","link":"https:\/\/miumjau.ee\/lv\/produkts\/beaphar-iesalupasta-pret-spalvu-kamoliniem-100-g\/","title":{"rendered":"Beaphar iesalupasta pret spalvu kamoli\u0146iem 100 g"},"content":{"rendered":"","protected":false},"excerpt":{"rendered":"<p data-start=\"2459\" data-end=\"2784\">Beaphar iesalupasta ir \u012bpa\u0161a garduma pasta, ko var dot ikdienas k\u0101rumam. Iesalas pal\u012bdz viegl\u0101k p\u0101rvietoties spalvu kamoli\u0146iem caur gremo\u0161anas traktu. V\u0113rt\u012bg\u0101s e\u013c\u013cas un tauki nodro\u0161ina ka\u0137im nepiecie\u0161amo ener\u0123iju. MOS (mann\u0101na oligosahar\u012bdi) atbalsta vesel\u012bgu zarnu mikrofloru, un kalcijs ir svar\u012bgs zobu un kaulu att\u012bst\u012bbai.<\/p>\n<p data-start=\"2786\" data-end=\"2810\"><strong data-start=\"2786\" data-end=\"2810\">Baro\u0161anas ieteikumi:<\/strong><\/p>\n<p data-start=\"2812\" data-end=\"2892\">Garspalvaini ka\u0137i: dot katru dienu 6 cm pastas, uz bar\u012bbas vai tie\u0161i no t\u016bbi\u0146as.<\/p>\n<p data-start=\"2894\" data-end=\"3074\">\u012asspalvaini ka\u0137i: dot katru dienu 4 cm pastas, uz bar\u012bbas vai tie\u0161i no t\u016bbi\u0146as. Vajadz\u012bbas gad\u012bjum\u0101 devu var dubultot. Uzglab\u0101t v\u0113s\u0101 viet\u0101. Vienm\u0113r nodro\u0161in\u0101t svaigu dzeramo \u016bdeni.<\/p>\n<p data-start=\"3076\" data-end=\"3207\"><strong data-start=\"3076\" data-end=\"3088\">Sast\u0101vs:<\/strong> e\u013c\u013cas un tauki, piens un piena produkti, augu izcelsmes produkti, raugs, miner\u0101lvielas.<br data-start=\"3176\" data-end=\"3179\" \/><strong data-start=\"3179\" data-end=\"3192\">Piedevas:<\/strong> antioksidanti.<\/p>\n<p data-start=\"3209\" data-end=\"3506\"><strong data-start=\"3209\" data-end=\"3234\">Anal\u012btiskais sast\u0101vs:<\/strong> kopprote\u012bns 12%, kop\u0161\u0137iedra 0,24%, koptauki 52%, koppelni 3,2%, mitrums 3,7%, ener\u0123\u0113tisk\u0101 v\u0113rt\u012bba 5800 kcal\/kg, kalcijs 0,4%, fosfors 0,33%, n\u0101trijs 0,35%, magnijs 0,033%, k\u0101lijs 0,5%, laktoze 16%, br\u012bvie cukuri 5,3%, omega-6 tauksk\u0101bes 23,82%, omega-3 tauksk\u0101bes 3,087%.<\/p>\n","protected":false},"featured_media":47842,"template":"","meta":[],"product_brand":[],"product_cat":[878],"product_tag":[],"class_list":{"0":"post-47841","1":"product","2":"type-product","3":"status-publish","4":"has-post-thumbnail","6":"product_cat-vitamini-uztura-bagatinataji-kakiem","8":"first","9":"instock","10":"taxable","11":"shipping-taxable","12":"purchasable","13":"product-type-simple"},"yoast_head":"<!-- This site is optimized with the Yoast SEO plugin v27.4 - https:\/\/yoast.com\/product\/yoast-seo-wordpress\/ -->\n<title>Beaphar iesalupasta pret spalvu kamoli\u0146iem 100 g - MiuMjau<\/title>\n<meta name=\"robots\" content=\"index, follow, max-snippet:-1, max-image-preview:large, max-video-preview:-1\" \/>\n<link rel=\"canonical\" href=\"https:\/\/miumjau.ee\/lv\/produkts\/beaphar-iesalupasta-pret-spalvu-kamoliniem-100-g\/\" \/>\n<meta property=\"og:locale\" content=\"lv_LV\" \/>\n<meta property=\"og:type\" content=\"article\" \/>\n<meta property=\"og:title\" content=\"Beaphar iesalupasta pret spalvu kamoli\u0146iem 100 g - MiuMjau\" \/>\n<meta property=\"og:description\" content=\"Beaphar iesalupasta ir \u012bpa\u0161a garduma pasta, ko var dot ikdienas k\u0101rumam. Iesalas pal\u012bdz viegl\u0101k p\u0101rvietoties spalvu kamoli\u0146iem caur gremo\u0161anas traktu. V\u0113rt\u012bg\u0101s e\u013c\u013cas un tauki nodro\u0161ina ka\u0137im nepiecie\u0161amo ener\u0123iju. MOS (mann\u0101na oligosahar\u012bdi) atbalsta vesel\u012bgu zarnu mikrofloru, un kalcijs ir svar\u012bgs zobu un kaulu att\u012bst\u012bbai. Baro\u0161anas ieteikumi: Garspalvaini ka\u0137i: dot katru dienu 6 cm pastas, uz bar\u012bbas vai tie\u0161i no t\u016bbi\u0146as. \u012asspalvaini ka\u0137i: dot katru dienu 4 cm pastas, uz bar\u012bbas vai tie\u0161i no t\u016bbi\u0146as. Vajadz\u012bbas gad\u012bjum\u0101 devu var dubultot. Uzglab\u0101t v\u0113s\u0101 viet\u0101. Vienm\u0113r nodro\u0161in\u0101t svaigu dzeramo \u016bdeni. Sast\u0101vs: e\u013c\u013cas un tauki, piens un piena produkti, augu izcelsmes produkti, raugs, miner\u0101lvielas.Piedevas: antioksidanti. Anal\u012btiskais sast\u0101vs: kopprote\u012bns 12%, kop\u0161\u0137iedra 0,24%, koptauki 52%, koppelni 3,2%, mitrums 3,7%, ener\u0123\u0113tisk\u0101 v\u0113rt\u012bba 5800 kcal\/kg, kalcijs 0,4%, fosfors 0,33%, n\u0101trijs 0,35%, magnijs 0,033%, k\u0101lijs 0,5%, laktoze 16%, br\u012bvie cukuri 5,3%, omega-6 tauksk\u0101bes 23,82%, omega-3 tauksk\u0101bes 3,087%.\" \/>\n<meta property=\"og:url\" content=\"https:\/\/miumjau.ee\/lv\/produkts\/beaphar-iesalupasta-pret-spalvu-kamoliniem-100-g\/\" \/>\n<meta property=\"og:site_name\" content=\"MiuMjau\" \/>\n<meta property=\"article:publisher\" content=\"https:\/\/www.facebook.com\/miumjaupood\/\" \/>\n<meta property=\"article:modified_time\" content=\"2026-01-07T19:20:45+00:00\" \/>\n<meta property=\"og:image\" content=\"https:\/\/miumjau.ee\/wp-content\/uploads\/2025\/08\/beaphar-maltoosi-pasta-100g.jpg\" \/>\n\t<meta property=\"og:image:width\" content=\"1200\" \/>\n\t<meta property=\"og:image:height\" content=\"1600\" \/>\n\t<meta property=\"og:image:type\" content=\"image\/jpeg\" \/>\n<meta name=\"twitter:card\" content=\"summary_large_image\" \/>\n<script type=\"application\/ld+json\" class=\"yoast-schema-graph\">{\"@context\":\"https:\\\/\\\/schema.org\",\"@graph\":[{\"@type\":\"WebPage\",\"@id\":\"https:\\\/\\\/miumjau.ee\\\/lv\\\/produkts\\\/beaphar-iesalupasta-pret-spalvu-kamoliniem-100-g\\\/\",\"url\":\"https:\\\/\\\/miumjau.ee\\\/lv\\\/produkts\\\/beaphar-iesalupasta-pret-spalvu-kamoliniem-100-g\\\/\",\"name\":\"Beaphar iesalupasta pret spalvu kamoli\u0146iem 100 g - MiuMjau\",\"isPartOf\":{\"@id\":\"https:\\\/\\\/miumjau.ee\\\/#website\"},\"primaryImageOfPage\":{\"@id\":\"https:\\\/\\\/miumjau.ee\\\/lv\\\/produkts\\\/beaphar-iesalupasta-pret-spalvu-kamoliniem-100-g\\\/#primaryimage\"},\"image\":{\"@id\":\"https:\\\/\\\/miumjau.ee\\\/lv\\\/produkts\\\/beaphar-iesalupasta-pret-spalvu-kamoliniem-100-g\\\/#primaryimage\"},\"thumbnailUrl\":\"https:\\\/\\\/miumjau.ee\\\/wp-content\\\/uploads\\\/2025\\\/08\\\/beaphar-maltoosi-pasta-100g.jpg\",\"datePublished\":\"2025-08-26T10:30:57+00:00\",\"dateModified\":\"2026-01-07T19:20:45+00:00\",\"breadcrumb\":{\"@id\":\"https:\\\/\\\/miumjau.ee\\\/lv\\\/produkts\\\/beaphar-iesalupasta-pret-spalvu-kamoliniem-100-g\\\/#breadcrumb\"},\"inLanguage\":\"lv-LV\",\"potentialAction\":[{\"@type\":\"ReadAction\",\"target\":[\"https:\\\/\\\/miumjau.ee\\\/lv\\\/produkts\\\/beaphar-iesalupasta-pret-spalvu-kamoliniem-100-g\\\/\"]}]},{\"@type\":\"ImageObject\",\"inLanguage\":\"lv-LV\",\"@id\":\"https:\\\/\\\/miumjau.ee\\\/lv\\\/produkts\\\/beaphar-iesalupasta-pret-spalvu-kamoliniem-100-g\\\/#primaryimage\",\"url\":\"https:\\\/\\\/miumjau.ee\\\/wp-content\\\/uploads\\\/2025\\\/08\\\/beaphar-maltoosi-pasta-100g.jpg\",\"contentUrl\":\"https:\\\/\\\/miumjau.ee\\\/wp-content\\\/uploads\\\/2025\\\/08\\\/beaphar-maltoosi-pasta-100g.jpg\",\"width\":1200,\"height\":1600},{\"@type\":\"BreadcrumbList\",\"@id\":\"https:\\\/\\\/miumjau.ee\\\/lv\\\/produkts\\\/beaphar-iesalupasta-pret-spalvu-kamoliniem-100-g\\\/#breadcrumb\",\"itemListElement\":[{\"@type\":\"ListItem\",\"position\":1,\"name\":\"Home\",\"item\":\"https:\\\/\\\/miumjau.ee\\\/lv\\\/\"},{\"@type\":\"ListItem\",\"position\":2,\"name\":\"Veikals\",\"item\":\"https:\\\/\\\/miumjau.ee\\\/lv\\\/veikals\\\/\"},{\"@type\":\"ListItem\",\"position\":3,\"name\":\"Beaphar iesalupasta pret spalvu kamoli\u0146iem 100 g\"}]},{\"@type\":\"WebSite\",\"@id\":\"https:\\\/\\\/miumjau.ee\\\/#website\",\"url\":\"https:\\\/\\\/miumjau.ee\\\/\",\"name\":\"MiuMjau\",\"description\":\"Kraapimispuud kassidele\",\"publisher\":{\"@id\":\"https:\\\/\\\/miumjau.ee\\\/#organization\"},\"potentialAction\":[{\"@type\":\"SearchAction\",\"target\":{\"@type\":\"EntryPoint\",\"urlTemplate\":\"https:\\\/\\\/miumjau.ee\\\/?s={search_term_string}\"},\"query-input\":{\"@type\":\"PropertyValueSpecification\",\"valueRequired\":true,\"valueName\":\"search_term_string\"}}],\"inLanguage\":\"lv-LV\"},{\"@type\":\"Organization\",\"@id\":\"https:\\\/\\\/miumjau.ee\\\/#organization\",\"name\":\"MiuMjau O\u00dc\",\"url\":\"https:\\\/\\\/miumjau.ee\\\/\",\"logo\":{\"@type\":\"ImageObject\",\"inLanguage\":\"lv-LV\",\"@id\":\"https:\\\/\\\/miumjau.ee\\\/#\\\/schema\\\/logo\\\/image\\\/\",\"url\":\"https:\\\/\\\/miumjau.ee\\\/wp-content\\\/uploads\\\/2022\\\/04\\\/MiuMjau-logo-kollane.png\",\"contentUrl\":\"https:\\\/\\\/miumjau.ee\\\/wp-content\\\/uploads\\\/2022\\\/04\\\/MiuMjau-logo-kollane.png\",\"width\":219,\"height\":100,\"caption\":\"MiuMjau O\u00dc\"},\"image\":{\"@id\":\"https:\\\/\\\/miumjau.ee\\\/#\\\/schema\\\/logo\\\/image\\\/\"},\"sameAs\":[\"https:\\\/\\\/www.facebook.com\\\/miumjaupood\\\/\"]}]}<\/script>\n<!-- \/ Yoast SEO plugin. -->","yoast_head_json":{"title":"Beaphar iesalupasta pret spalvu kamoli\u0146iem 100 g - MiuMjau","robots":{"index":"index","follow":"follow","max-snippet":"max-snippet:-1","max-image-preview":"max-image-preview:large","max-video-preview":"max-video-preview:-1"},"canonical":"https:\/\/miumjau.ee\/lv\/produkts\/beaphar-iesalupasta-pret-spalvu-kamoliniem-100-g\/","og_locale":"lv_LV","og_type":"article","og_title":"Beaphar iesalupasta pret spalvu kamoli\u0146iem 100 g - MiuMjau","og_description":"Beaphar iesalupasta ir \u012bpa\u0161a garduma pasta, ko var dot ikdienas k\u0101rumam. Iesalas pal\u012bdz viegl\u0101k p\u0101rvietoties spalvu kamoli\u0146iem caur gremo\u0161anas traktu. V\u0113rt\u012bg\u0101s e\u013c\u013cas un tauki nodro\u0161ina ka\u0137im nepiecie\u0161amo ener\u0123iju. MOS (mann\u0101na oligosahar\u012bdi) atbalsta vesel\u012bgu zarnu mikrofloru, un kalcijs ir svar\u012bgs zobu un kaulu att\u012bst\u012bbai. Baro\u0161anas ieteikumi: Garspalvaini ka\u0137i: dot katru dienu 6 cm pastas, uz bar\u012bbas vai tie\u0161i no t\u016bbi\u0146as. \u012asspalvaini ka\u0137i: dot katru dienu 4 cm pastas, uz bar\u012bbas vai tie\u0161i no t\u016bbi\u0146as. Vajadz\u012bbas gad\u012bjum\u0101 devu var dubultot. Uzglab\u0101t v\u0113s\u0101 viet\u0101. Vienm\u0113r nodro\u0161in\u0101t svaigu dzeramo \u016bdeni. Sast\u0101vs: e\u013c\u013cas un tauki, piens un piena produkti, augu izcelsmes produkti, raugs, miner\u0101lvielas.Piedevas: antioksidanti. Anal\u012btiskais sast\u0101vs: kopprote\u012bns 12%, kop\u0161\u0137iedra 0,24%, koptauki 52%, koppelni 3,2%, mitrums 3,7%, ener\u0123\u0113tisk\u0101 v\u0113rt\u012bba 5800 kcal\/kg, kalcijs 0,4%, fosfors 0,33%, n\u0101trijs 0,35%, magnijs 0,033%, k\u0101lijs 0,5%, laktoze 16%, br\u012bvie cukuri 5,3%, omega-6 tauksk\u0101bes 23,82%, omega-3 tauksk\u0101bes 3,087%.","og_url":"https:\/\/miumjau.ee\/lv\/produkts\/beaphar-iesalupasta-pret-spalvu-kamoliniem-100-g\/","og_site_name":"MiuMjau","article_publisher":"https:\/\/www.facebook.com\/miumjaupood\/","article_modified_time":"2026-01-07T19:20:45+00:00","og_image":[{"width":1200,"height":1600,"url":"https:\/\/miumjau.ee\/wp-content\/uploads\/2025\/08\/beaphar-maltoosi-pasta-100g.jpg","type":"image\/jpeg"}],"twitter_card":"summary_large_image","schema":{"@context":"https:\/\/schema.org","@graph":[{"@type":"WebPage","@id":"https:\/\/miumjau.ee\/lv\/produkts\/beaphar-iesalupasta-pret-spalvu-kamoliniem-100-g\/","url":"https:\/\/miumjau.ee\/lv\/produkts\/beaphar-iesalupasta-pret-spalvu-kamoliniem-100-g\/","name":"Beaphar iesalupasta pret spalvu kamoli\u0146iem 100 g - MiuMjau","isPartOf":{"@id":"https:\/\/miumjau.ee\/#website"},"primaryImageOfPage":{"@id":"https:\/\/miumjau.ee\/lv\/produkts\/beaphar-iesalupasta-pret-spalvu-kamoliniem-100-g\/#primaryimage"},"image":{"@id":"https:\/\/miumjau.ee\/lv\/produkts\/beaphar-iesalupasta-pret-spalvu-kamoliniem-100-g\/#primaryimage"},"thumbnailUrl":"https:\/\/miumjau.ee\/wp-content\/uploads\/2025\/08\/beaphar-maltoosi-pasta-100g.jpg","datePublished":"2025-08-26T10:30:57+00:00","dateModified":"2026-01-07T19:20:45+00:00","breadcrumb":{"@id":"https:\/\/miumjau.ee\/lv\/produkts\/beaphar-iesalupasta-pret-spalvu-kamoliniem-100-g\/#breadcrumb"},"inLanguage":"lv-LV","potentialAction":[{"@type":"ReadAction","target":["https:\/\/miumjau.ee\/lv\/produkts\/beaphar-iesalupasta-pret-spalvu-kamoliniem-100-g\/"]}]},{"@type":"ImageObject","inLanguage":"lv-LV","@id":"https:\/\/miumjau.ee\/lv\/produkts\/beaphar-iesalupasta-pret-spalvu-kamoliniem-100-g\/#primaryimage","url":"https:\/\/miumjau.ee\/wp-content\/uploads\/2025\/08\/beaphar-maltoosi-pasta-100g.jpg","contentUrl":"https:\/\/miumjau.ee\/wp-content\/uploads\/2025\/08\/beaphar-maltoosi-pasta-100g.jpg","width":1200,"height":1600},{"@type":"BreadcrumbList","@id":"https:\/\/miumjau.ee\/lv\/produkts\/beaphar-iesalupasta-pret-spalvu-kamoliniem-100-g\/#breadcrumb","itemListElement":[{"@type":"ListItem","position":1,"name":"Home","item":"https:\/\/miumjau.ee\/lv\/"},{"@type":"ListItem","position":2,"name":"Veikals","item":"https:\/\/miumjau.ee\/lv\/veikals\/"},{"@type":"ListItem","position":3,"name":"Beaphar iesalupasta pret spalvu kamoli\u0146iem 100 g"}]},{"@type":"WebSite","@id":"https:\/\/miumjau.ee\/#website","url":"https:\/\/miumjau.ee\/","name":"MiuMjau","description":"Kraapimispuud kassidele","publisher":{"@id":"https:\/\/miumjau.ee\/#organization"},"potentialAction":[{"@type":"SearchAction","target":{"@type":"EntryPoint","urlTemplate":"https:\/\/miumjau.ee\/?s={search_term_string}"},"query-input":{"@type":"PropertyValueSpecification","valueRequired":true,"valueName":"search_term_string"}}],"inLanguage":"lv-LV"},{"@type":"Organization","@id":"https:\/\/miumjau.ee\/#organization","name":"MiuMjau O\u00dc","url":"https:\/\/miumjau.ee\/","logo":{"@type":"ImageObject","inLanguage":"lv-LV","@id":"https:\/\/miumjau.ee\/#\/schema\/logo\/image\/","url":"https:\/\/miumjau.ee\/wp-content\/uploads\/2022\/04\/MiuMjau-logo-kollane.png","contentUrl":"https:\/\/miumjau.ee\/wp-content\/uploads\/2022\/04\/MiuMjau-logo-kollane.png","width":219,"height":100,"caption":"MiuMjau O\u00dc"},"image":{"@id":"https:\/\/miumjau.ee\/#\/schema\/logo\/image\/"},"sameAs":["https:\/\/www.facebook.com\/miumjaupood\/"]}]}},"_links":{"self":[{"href":"https:\/\/miumjau.ee\/lv\/wp-json\/wp\/v2\/product\/47841","targetHints":{"allow":["GET"]}}],"collection":[{"href":"https:\/\/miumjau.ee\/lv\/wp-json\/wp\/v2\/product"}],"about":[{"href":"https:\/\/miumjau.ee\/lv\/wp-json\/wp\/v2\/types\/product"}],"wp:featuredmedia":[{"embeddable":true,"href":"https:\/\/miumjau.ee\/lv\/wp-json\/wp\/v2\/media\/47842"}],"wp:attachment":[{"href":"https:\/\/miumjau.ee\/lv\/wp-json\/wp\/v2\/media?parent=47841"}],"wp:term":[{"taxonomy":"product_brand","embeddable":true,"href":"https:\/\/miumjau.ee\/lv\/wp-json\/wp\/v2\/product_brand?post=47841"},{"taxonomy":"product_cat","embeddable":true,"href":"https:\/\/miumjau.ee\/lv\/wp-json\/wp\/v2\/product_cat?post=47841"},{"taxonomy":"product_tag","embeddable":true,"href":"https:\/\/miumjau.ee\/lv\/wp-json\/wp\/v2\/product_tag?post=47841"}],"curies":[{"name":"wp","href":"https:\/\/api.w.org\/{rel}","templated":true}]}}