{"id":47837,"date":"2025-08-26T13:26:50","date_gmt":"2025-08-26T10:26:50","guid":{"rendered":"https:\/\/miumjau.ee\/toode\/beaphar-vitamins-b-komplekss-50-ml\/"},"modified":"2026-01-17T17:23:02","modified_gmt":"2026-01-17T15:23:02","slug":"beaphar-vitamins-b-komplekss-50-ml","status":"publish","type":"product","link":"https:\/\/miumjau.ee\/lv\/produkts\/beaphar-vitamins-b-komplekss-50-ml\/","title":{"rendered":"Beaphar vitam\u012bns B komplekss, 50 ml"},"content":{"rendered":"","protected":false},"excerpt":{"rendered":"<p data-start=\"2506\" data-end=\"2790\">VITAMIN B COMPLEX \u2013 B grupas vitam\u012bnu komplekss ka\u0137iem, su\u0146iem, putniem un grauz\u0113jiem. B vitam\u012bnu tr\u016bkums var izrais\u012bt vielmai\u0146as trauc\u0113jumus, \u0101das un apmatojuma probl\u0113mas. Prepar\u0101ts pal\u012bdz nov\u0113rst vitam\u012bnu defic\u012btu un stiprina dabisko imunit\u0101ti su\u0146iem, ka\u0137iem, putniem un grauz\u0113jiem.<\/p>\n<p data-start=\"2792\" data-end=\"2826\"><strong data-start=\"2792\" data-end=\"2804\">Sast\u0101vs:<\/strong> \u016bdens, cukurs, medus.<\/p>\n<p data-start=\"2828\" data-end=\"2916\"><strong data-start=\"2828\" data-end=\"2853\">Anal\u012btiskais sast\u0101vs:<\/strong> prote\u012bns 0,9%; tauki 0%; pelni 0,08%; \u0161\u0137iedra 0%; \u016bdens 63,7%.<\/p>\n<p data-start=\"2918\" data-end=\"3122\"><strong data-start=\"2918\" data-end=\"2942\">Piedevas uz 1 litru:<\/strong> vitam\u012bns B1 260 mg; vitam\u012bns B2 660 mg; kalcija pantoten\u0101ts 2600 mg; nikot\u012bnam\u012bds 5700 mg; vitam\u012bns B6 380 mg; vitam\u012bns B12 6800 \u00b5g. Satur ES at\u013cautos konservantus un emulgatorus.<\/p>\n<p data-start=\"3124\" data-end=\"3475\"><strong data-start=\"3124\" data-end=\"3138\">Lieto\u0161ana:<\/strong> Pirms lieto\u0161anas sakrat\u012bt. Pievienot bar\u012bbai vai dzeramajam \u016bdenim.<br data-start=\"3206\" data-end=\"3209\" \/>Su\u0146i: mazas \u0161\u0137irnes \u2013 10 pilieni (1\/2 t\u0113jk.); vid\u0113jas \u2013 20 pilieni (1 t\u0113jk.); lielas \u2013 40 pilieni (2 t\u0113jk.) 1 reizi dien\u0101.<br data-start=\"3331\" data-end=\"3334\" \/>Ka\u0137i: 10 pilieni (1\/2 t\u0113jk.) 1 reizi dien\u0101.<br data-start=\"3377\" data-end=\"3380\" \/>B\u016bros tur\u0113ti putni, pasta balo\u017ei un mazie grauz\u0113ji: 6\u20138 pilieni uz dz\u012bvnieku 2\u20133 reizes ned\u0113\u013c\u0101.<\/p>\n<p data-start=\"3477\" data-end=\"3608\"><strong data-start=\"3477\" data-end=\"3493\">Uzglab\u0101\u0161ana:<\/strong> Atv\u0113rtu uzglab\u0101t v\u0113sum\u0101. Der\u012bguma termi\u0146\u0161: skat\u012bt uz iepakojuma.<br data-start=\"3558\" data-end=\"3561\" \/><strong data-start=\"3561\" data-end=\"3574\">Ra\u017eot\u0101js:<\/strong> Beaphar B.V., Raalte, N\u012bderlande.<\/p>\n","protected":false},"featured_media":47838,"template":"","meta":[],"product_brand":[],"product_cat":[870,878],"product_tag":[],"class_list":{"0":"post-47837","1":"product","2":"type-product","3":"status-publish","4":"has-post-thumbnail","6":"product_cat-uztura-bagatinataji-suniem","7":"product_cat-vitamini-uztura-bagatinataji-kakiem","9":"first","10":"instock","11":"sale","12":"taxable","13":"shipping-taxable","14":"purchasable","15":"product-type-simple"},"yoast_head":"<!-- This site is optimized with the Yoast SEO plugin v27.4 - https:\/\/yoast.com\/product\/yoast-seo-wordpress\/ -->\n<title>Beaphar vitam\u012bns B komplekss, 50 ml - MiuMjau<\/title>\n<meta name=\"robots\" content=\"index, follow, max-snippet:-1, max-image-preview:large, max-video-preview:-1\" \/>\n<link rel=\"canonical\" href=\"https:\/\/miumjau.ee\/lv\/produkts\/beaphar-vitamins-b-komplekss-50-ml\/\" \/>\n<meta property=\"og:locale\" content=\"lv_LV\" \/>\n<meta property=\"og:type\" content=\"article\" \/>\n<meta property=\"og:title\" content=\"Beaphar vitam\u012bns B komplekss, 50 ml - MiuMjau\" \/>\n<meta property=\"og:description\" content=\"VITAMIN B COMPLEX \u2013 B grupas vitam\u012bnu komplekss ka\u0137iem, su\u0146iem, putniem un grauz\u0113jiem. B vitam\u012bnu tr\u016bkums var izrais\u012bt vielmai\u0146as trauc\u0113jumus, \u0101das un apmatojuma probl\u0113mas. Prepar\u0101ts pal\u012bdz nov\u0113rst vitam\u012bnu defic\u012btu un stiprina dabisko imunit\u0101ti su\u0146iem, ka\u0137iem, putniem un grauz\u0113jiem. Sast\u0101vs: \u016bdens, cukurs, medus. Anal\u012btiskais sast\u0101vs: prote\u012bns 0,9%; tauki 0%; pelni 0,08%; \u0161\u0137iedra 0%; \u016bdens 63,7%. Piedevas uz 1 litru: vitam\u012bns B1 260 mg; vitam\u012bns B2 660 mg; kalcija pantoten\u0101ts 2600 mg; nikot\u012bnam\u012bds 5700 mg; vitam\u012bns B6 380 mg; vitam\u012bns B12 6800 \u00b5g. Satur ES at\u013cautos konservantus un emulgatorus. Lieto\u0161ana: Pirms lieto\u0161anas sakrat\u012bt. Pievienot bar\u012bbai vai dzeramajam \u016bdenim.Su\u0146i: mazas \u0161\u0137irnes \u2013 10 pilieni (1\/2 t\u0113jk.); vid\u0113jas \u2013 20 pilieni (1 t\u0113jk.); lielas \u2013 40 pilieni (2 t\u0113jk.) 1 reizi dien\u0101.Ka\u0137i: 10 pilieni (1\/2 t\u0113jk.) 1 reizi dien\u0101.B\u016bros tur\u0113ti putni, pasta balo\u017ei un mazie grauz\u0113ji: 6\u20138 pilieni uz dz\u012bvnieku 2\u20133 reizes ned\u0113\u013c\u0101. Uzglab\u0101\u0161ana: Atv\u0113rtu uzglab\u0101t v\u0113sum\u0101. Der\u012bguma termi\u0146\u0161: skat\u012bt uz iepakojuma.Ra\u017eot\u0101js: Beaphar B.V., Raalte, N\u012bderlande.\" \/>\n<meta property=\"og:url\" content=\"https:\/\/miumjau.ee\/lv\/produkts\/beaphar-vitamins-b-komplekss-50-ml\/\" \/>\n<meta property=\"og:site_name\" content=\"MiuMjau\" \/>\n<meta property=\"article:publisher\" content=\"https:\/\/www.facebook.com\/miumjaupood\/\" \/>\n<meta property=\"article:modified_time\" content=\"2026-01-17T15:23:02+00:00\" \/>\n<meta property=\"og:image\" content=\"https:\/\/miumjau.ee\/wp-content\/uploads\/2025\/08\/beaphar-vitamiin-b-50ml.jpg\" \/>\n\t<meta property=\"og:image:width\" content=\"1200\" \/>\n\t<meta property=\"og:image:height\" content=\"1600\" \/>\n\t<meta property=\"og:image:type\" content=\"image\/jpeg\" \/>\n<meta name=\"twitter:card\" content=\"summary_large_image\" \/>\n<script type=\"application\/ld+json\" class=\"yoast-schema-graph\">{\"@context\":\"https:\\\/\\\/schema.org\",\"@graph\":[{\"@type\":\"WebPage\",\"@id\":\"https:\\\/\\\/miumjau.ee\\\/lv\\\/produkts\\\/beaphar-vitamins-b-komplekss-50-ml\\\/\",\"url\":\"https:\\\/\\\/miumjau.ee\\\/lv\\\/produkts\\\/beaphar-vitamins-b-komplekss-50-ml\\\/\",\"name\":\"Beaphar vitam\u012bns B komplekss, 50 ml - MiuMjau\",\"isPartOf\":{\"@id\":\"https:\\\/\\\/miumjau.ee\\\/#website\"},\"primaryImageOfPage\":{\"@id\":\"https:\\\/\\\/miumjau.ee\\\/lv\\\/produkts\\\/beaphar-vitamins-b-komplekss-50-ml\\\/#primaryimage\"},\"image\":{\"@id\":\"https:\\\/\\\/miumjau.ee\\\/lv\\\/produkts\\\/beaphar-vitamins-b-komplekss-50-ml\\\/#primaryimage\"},\"thumbnailUrl\":\"https:\\\/\\\/miumjau.ee\\\/wp-content\\\/uploads\\\/2025\\\/08\\\/beaphar-vitamiin-b-50ml.jpg\",\"datePublished\":\"2025-08-26T10:26:50+00:00\",\"dateModified\":\"2026-01-17T15:23:02+00:00\",\"breadcrumb\":{\"@id\":\"https:\\\/\\\/miumjau.ee\\\/lv\\\/produkts\\\/beaphar-vitamins-b-komplekss-50-ml\\\/#breadcrumb\"},\"inLanguage\":\"lv-LV\",\"potentialAction\":[{\"@type\":\"ReadAction\",\"target\":[\"https:\\\/\\\/miumjau.ee\\\/lv\\\/produkts\\\/beaphar-vitamins-b-komplekss-50-ml\\\/\"]}]},{\"@type\":\"ImageObject\",\"inLanguage\":\"lv-LV\",\"@id\":\"https:\\\/\\\/miumjau.ee\\\/lv\\\/produkts\\\/beaphar-vitamins-b-komplekss-50-ml\\\/#primaryimage\",\"url\":\"https:\\\/\\\/miumjau.ee\\\/wp-content\\\/uploads\\\/2025\\\/08\\\/beaphar-vitamiin-b-50ml.jpg\",\"contentUrl\":\"https:\\\/\\\/miumjau.ee\\\/wp-content\\\/uploads\\\/2025\\\/08\\\/beaphar-vitamiin-b-50ml.jpg\",\"width\":1200,\"height\":1600},{\"@type\":\"BreadcrumbList\",\"@id\":\"https:\\\/\\\/miumjau.ee\\\/lv\\\/produkts\\\/beaphar-vitamins-b-komplekss-50-ml\\\/#breadcrumb\",\"itemListElement\":[{\"@type\":\"ListItem\",\"position\":1,\"name\":\"Home\",\"item\":\"https:\\\/\\\/miumjau.ee\\\/lv\\\/\"},{\"@type\":\"ListItem\",\"position\":2,\"name\":\"Veikals\",\"item\":\"https:\\\/\\\/miumjau.ee\\\/lv\\\/veikals\\\/\"},{\"@type\":\"ListItem\",\"position\":3,\"name\":\"Beaphar vitam\u012bns B komplekss, 50 ml\"}]},{\"@type\":\"WebSite\",\"@id\":\"https:\\\/\\\/miumjau.ee\\\/#website\",\"url\":\"https:\\\/\\\/miumjau.ee\\\/\",\"name\":\"MiuMjau\",\"description\":\"Kraapimispuud kassidele\",\"publisher\":{\"@id\":\"https:\\\/\\\/miumjau.ee\\\/#organization\"},\"potentialAction\":[{\"@type\":\"SearchAction\",\"target\":{\"@type\":\"EntryPoint\",\"urlTemplate\":\"https:\\\/\\\/miumjau.ee\\\/?s={search_term_string}\"},\"query-input\":{\"@type\":\"PropertyValueSpecification\",\"valueRequired\":true,\"valueName\":\"search_term_string\"}}],\"inLanguage\":\"lv-LV\"},{\"@type\":\"Organization\",\"@id\":\"https:\\\/\\\/miumjau.ee\\\/#organization\",\"name\":\"MiuMjau O\u00dc\",\"url\":\"https:\\\/\\\/miumjau.ee\\\/\",\"logo\":{\"@type\":\"ImageObject\",\"inLanguage\":\"lv-LV\",\"@id\":\"https:\\\/\\\/miumjau.ee\\\/#\\\/schema\\\/logo\\\/image\\\/\",\"url\":\"https:\\\/\\\/miumjau.ee\\\/wp-content\\\/uploads\\\/2022\\\/04\\\/MiuMjau-logo-kollane.png\",\"contentUrl\":\"https:\\\/\\\/miumjau.ee\\\/wp-content\\\/uploads\\\/2022\\\/04\\\/MiuMjau-logo-kollane.png\",\"width\":219,\"height\":100,\"caption\":\"MiuMjau O\u00dc\"},\"image\":{\"@id\":\"https:\\\/\\\/miumjau.ee\\\/#\\\/schema\\\/logo\\\/image\\\/\"},\"sameAs\":[\"https:\\\/\\\/www.facebook.com\\\/miumjaupood\\\/\"]}]}<\/script>\n<!-- \/ Yoast SEO plugin. -->","yoast_head_json":{"title":"Beaphar vitam\u012bns B komplekss, 50 ml - MiuMjau","robots":{"index":"index","follow":"follow","max-snippet":"max-snippet:-1","max-image-preview":"max-image-preview:large","max-video-preview":"max-video-preview:-1"},"canonical":"https:\/\/miumjau.ee\/lv\/produkts\/beaphar-vitamins-b-komplekss-50-ml\/","og_locale":"lv_LV","og_type":"article","og_title":"Beaphar vitam\u012bns B komplekss, 50 ml - MiuMjau","og_description":"VITAMIN B COMPLEX \u2013 B grupas vitam\u012bnu komplekss ka\u0137iem, su\u0146iem, putniem un grauz\u0113jiem. B vitam\u012bnu tr\u016bkums var izrais\u012bt vielmai\u0146as trauc\u0113jumus, \u0101das un apmatojuma probl\u0113mas. Prepar\u0101ts pal\u012bdz nov\u0113rst vitam\u012bnu defic\u012btu un stiprina dabisko imunit\u0101ti su\u0146iem, ka\u0137iem, putniem un grauz\u0113jiem. Sast\u0101vs: \u016bdens, cukurs, medus. Anal\u012btiskais sast\u0101vs: prote\u012bns 0,9%; tauki 0%; pelni 0,08%; \u0161\u0137iedra 0%; \u016bdens 63,7%. Piedevas uz 1 litru: vitam\u012bns B1 260 mg; vitam\u012bns B2 660 mg; kalcija pantoten\u0101ts 2600 mg; nikot\u012bnam\u012bds 5700 mg; vitam\u012bns B6 380 mg; vitam\u012bns B12 6800 \u00b5g. Satur ES at\u013cautos konservantus un emulgatorus. Lieto\u0161ana: Pirms lieto\u0161anas sakrat\u012bt. Pievienot bar\u012bbai vai dzeramajam \u016bdenim.Su\u0146i: mazas \u0161\u0137irnes \u2013 10 pilieni (1\/2 t\u0113jk.); vid\u0113jas \u2013 20 pilieni (1 t\u0113jk.); lielas \u2013 40 pilieni (2 t\u0113jk.) 1 reizi dien\u0101.Ka\u0137i: 10 pilieni (1\/2 t\u0113jk.) 1 reizi dien\u0101.B\u016bros tur\u0113ti putni, pasta balo\u017ei un mazie grauz\u0113ji: 6\u20138 pilieni uz dz\u012bvnieku 2\u20133 reizes ned\u0113\u013c\u0101. Uzglab\u0101\u0161ana: Atv\u0113rtu uzglab\u0101t v\u0113sum\u0101. Der\u012bguma termi\u0146\u0161: skat\u012bt uz iepakojuma.Ra\u017eot\u0101js: Beaphar B.V., Raalte, N\u012bderlande.","og_url":"https:\/\/miumjau.ee\/lv\/produkts\/beaphar-vitamins-b-komplekss-50-ml\/","og_site_name":"MiuMjau","article_publisher":"https:\/\/www.facebook.com\/miumjaupood\/","article_modified_time":"2026-01-17T15:23:02+00:00","og_image":[{"width":1200,"height":1600,"url":"https:\/\/miumjau.ee\/wp-content\/uploads\/2025\/08\/beaphar-vitamiin-b-50ml.jpg","type":"image\/jpeg"}],"twitter_card":"summary_large_image","schema":{"@context":"https:\/\/schema.org","@graph":[{"@type":"WebPage","@id":"https:\/\/miumjau.ee\/lv\/produkts\/beaphar-vitamins-b-komplekss-50-ml\/","url":"https:\/\/miumjau.ee\/lv\/produkts\/beaphar-vitamins-b-komplekss-50-ml\/","name":"Beaphar vitam\u012bns B komplekss, 50 ml - MiuMjau","isPartOf":{"@id":"https:\/\/miumjau.ee\/#website"},"primaryImageOfPage":{"@id":"https:\/\/miumjau.ee\/lv\/produkts\/beaphar-vitamins-b-komplekss-50-ml\/#primaryimage"},"image":{"@id":"https:\/\/miumjau.ee\/lv\/produkts\/beaphar-vitamins-b-komplekss-50-ml\/#primaryimage"},"thumbnailUrl":"https:\/\/miumjau.ee\/wp-content\/uploads\/2025\/08\/beaphar-vitamiin-b-50ml.jpg","datePublished":"2025-08-26T10:26:50+00:00","dateModified":"2026-01-17T15:23:02+00:00","breadcrumb":{"@id":"https:\/\/miumjau.ee\/lv\/produkts\/beaphar-vitamins-b-komplekss-50-ml\/#breadcrumb"},"inLanguage":"lv-LV","potentialAction":[{"@type":"ReadAction","target":["https:\/\/miumjau.ee\/lv\/produkts\/beaphar-vitamins-b-komplekss-50-ml\/"]}]},{"@type":"ImageObject","inLanguage":"lv-LV","@id":"https:\/\/miumjau.ee\/lv\/produkts\/beaphar-vitamins-b-komplekss-50-ml\/#primaryimage","url":"https:\/\/miumjau.ee\/wp-content\/uploads\/2025\/08\/beaphar-vitamiin-b-50ml.jpg","contentUrl":"https:\/\/miumjau.ee\/wp-content\/uploads\/2025\/08\/beaphar-vitamiin-b-50ml.jpg","width":1200,"height":1600},{"@type":"BreadcrumbList","@id":"https:\/\/miumjau.ee\/lv\/produkts\/beaphar-vitamins-b-komplekss-50-ml\/#breadcrumb","itemListElement":[{"@type":"ListItem","position":1,"name":"Home","item":"https:\/\/miumjau.ee\/lv\/"},{"@type":"ListItem","position":2,"name":"Veikals","item":"https:\/\/miumjau.ee\/lv\/veikals\/"},{"@type":"ListItem","position":3,"name":"Beaphar vitam\u012bns B komplekss, 50 ml"}]},{"@type":"WebSite","@id":"https:\/\/miumjau.ee\/#website","url":"https:\/\/miumjau.ee\/","name":"MiuMjau","description":"Kraapimispuud kassidele","publisher":{"@id":"https:\/\/miumjau.ee\/#organization"},"potentialAction":[{"@type":"SearchAction","target":{"@type":"EntryPoint","urlTemplate":"https:\/\/miumjau.ee\/?s={search_term_string}"},"query-input":{"@type":"PropertyValueSpecification","valueRequired":true,"valueName":"search_term_string"}}],"inLanguage":"lv-LV"},{"@type":"Organization","@id":"https:\/\/miumjau.ee\/#organization","name":"MiuMjau O\u00dc","url":"https:\/\/miumjau.ee\/","logo":{"@type":"ImageObject","inLanguage":"lv-LV","@id":"https:\/\/miumjau.ee\/#\/schema\/logo\/image\/","url":"https:\/\/miumjau.ee\/wp-content\/uploads\/2022\/04\/MiuMjau-logo-kollane.png","contentUrl":"https:\/\/miumjau.ee\/wp-content\/uploads\/2022\/04\/MiuMjau-logo-kollane.png","width":219,"height":100,"caption":"MiuMjau O\u00dc"},"image":{"@id":"https:\/\/miumjau.ee\/#\/schema\/logo\/image\/"},"sameAs":["https:\/\/www.facebook.com\/miumjaupood\/"]}]}},"_links":{"self":[{"href":"https:\/\/miumjau.ee\/lv\/wp-json\/wp\/v2\/product\/47837","targetHints":{"allow":["GET"]}}],"collection":[{"href":"https:\/\/miumjau.ee\/lv\/wp-json\/wp\/v2\/product"}],"about":[{"href":"https:\/\/miumjau.ee\/lv\/wp-json\/wp\/v2\/types\/product"}],"wp:featuredmedia":[{"embeddable":true,"href":"https:\/\/miumjau.ee\/lv\/wp-json\/wp\/v2\/media\/47838"}],"wp:attachment":[{"href":"https:\/\/miumjau.ee\/lv\/wp-json\/wp\/v2\/media?parent=47837"}],"wp:term":[{"taxonomy":"product_brand","embeddable":true,"href":"https:\/\/miumjau.ee\/lv\/wp-json\/wp\/v2\/product_brand?post=47837"},{"taxonomy":"product_cat","embeddable":true,"href":"https:\/\/miumjau.ee\/lv\/wp-json\/wp\/v2\/product_cat?post=47837"},{"taxonomy":"product_tag","embeddable":true,"href":"https:\/\/miumjau.ee\/lv\/wp-json\/wp\/v2\/product_tag?post=47837"}],"curies":[{"name":"wp","href":"https:\/\/api.w.org\/{rel}","templated":true}]}}