{"id":47831,"date":"2025-09-03T09:46:05","date_gmt":"2025-09-03T06:46:05","guid":{"rendered":"https:\/\/miumjau.ee\/toode\/skrapesanas-stabs-maine-90-deluxe-off-white\/"},"modified":"2026-01-07T21:20:45","modified_gmt":"2026-01-07T19:20:45","slug":"skrapesanas-stabs-maine-90-deluxe-off-white","status":"publish","type":"product","link":"https:\/\/miumjau.ee\/lv\/produkts\/skrapesanas-stabs-maine-90-deluxe-off-white\/","title":{"rendered":"Skr\u0101p\u0113\u0161anas stabs Maine 90 Deluxe, off white"},"content":{"rendered":"","protected":false},"excerpt":{"rendered":"<p data-start=\"124\" data-end=\"440\">Maine Deluxe ir stabils, stil\u012bgs un lielisks skr\u0101p\u0113\u0161anas koks \u2013 v\u0113l luksuslik\u0101ks nek\u0101 t\u0101 priek\u0161g\u0101j\u0113js. Ka\u0137u koks pieejams div\u0101s jaun\u0101s, modern\u0101s kr\u0101s\u0101s un papildus skr\u0101p\u0113\u0161anai pied\u0101v\u0101 ar\u012b rota\u013cas iesp\u0113jas. Komplekt\u0101 iek\u013cauta \u012bpa\u0161a rota\u013clieta \u2013 Funky Rebel: m\u012bksta pl\u012b\u0161a bumbi\u0146a ar div\u0101m spalv\u0101m un grabin\u0101mu zvani\u0146u.<\/p>\n<p data-start=\"442\" data-end=\"740\">\u0160is ka\u0137u koks ir izgatavots no iztur\u012bgiem materi\u0101liem, kas labi iztur pat akt\u012bvu lieto\u0161anu. Klasiskais dizains iederas jebkur\u0101 interjer\u0101, un kompaktais izm\u0113rs padara to piem\u0113rotu jebkurai telpai. Piem\u0113rots visiem ka\u0137iem, neatkar\u012bgi no vecuma un \u0161\u0137irnes, un lieliski papildina ar\u012b liel\u0101ku ka\u0137u koku.<\/p>\n<p data-start=\"742\" data-end=\"764\"><strong data-start=\"742\" data-end=\"764\">Produkta \u012bpa\u0161\u012bbas:<\/strong><\/p>\n<ul data-start=\"766\" data-end=\"943\">\n<li data-start=\"766\" data-end=\"821\">\n<p data-start=\"768\" data-end=\"821\">Izm\u0113ri: garums 40 cm, platums 40 cm, augstums 90 cm<\/p>\n<\/li>\n<li data-start=\"822\" data-end=\"869\">\n<p data-start=\"824\" data-end=\"869\">Piem\u0113rots visiem ka\u0137iem un jebkuram vecumam<\/p>\n<\/li>\n<li data-start=\"870\" data-end=\"896\">\n<p data-start=\"872\" data-end=\"896\">Kompakts, bet iztur\u012bgs<\/p>\n<\/li>\n<li data-start=\"897\" data-end=\"943\">\n<p data-start=\"899\" data-end=\"943\">Skaists un luksus\u012bgs dizains modern\u0101s kr\u0101s\u0101s<\/p>\n<\/li>\n<\/ul>\n","protected":false},"featured_media":47832,"template":"","meta":[],"product_brand":[],"product_cat":[585],"product_tag":[],"class_list":{"0":"post-47831","1":"product","2":"type-product","3":"status-publish","4":"has-post-thumbnail","6":"product_cat-mazi-skrapesanas-koki-petrebels","7":"product_shipping_class-pakiautomaati-sobimatu-lv","9":"first","10":"instock","11":"taxable","12":"shipping-taxable","13":"purchasable","14":"product-type-simple"},"yoast_head":"<!-- This site is optimized with the Yoast SEO plugin v27.4 - https:\/\/yoast.com\/product\/yoast-seo-wordpress\/ -->\n<title>Skr\u0101p\u0113\u0161anas stabs Maine 90 Deluxe, off white - MiuMjau<\/title>\n<meta name=\"robots\" content=\"index, follow, max-snippet:-1, max-image-preview:large, max-video-preview:-1\" \/>\n<link rel=\"canonical\" href=\"https:\/\/miumjau.ee\/lv\/produkts\/skrapesanas-stabs-maine-90-deluxe-off-white\/\" \/>\n<meta property=\"og:locale\" content=\"lv_LV\" \/>\n<meta property=\"og:type\" content=\"article\" \/>\n<meta property=\"og:title\" content=\"Skr\u0101p\u0113\u0161anas stabs Maine 90 Deluxe, off white - MiuMjau\" \/>\n<meta property=\"og:description\" content=\"Maine Deluxe ir stabils, stil\u012bgs un lielisks skr\u0101p\u0113\u0161anas koks \u2013 v\u0113l luksuslik\u0101ks nek\u0101 t\u0101 priek\u0161g\u0101j\u0113js. Ka\u0137u koks pieejams div\u0101s jaun\u0101s, modern\u0101s kr\u0101s\u0101s un papildus skr\u0101p\u0113\u0161anai pied\u0101v\u0101 ar\u012b rota\u013cas iesp\u0113jas. Komplekt\u0101 iek\u013cauta \u012bpa\u0161a rota\u013clieta \u2013 Funky Rebel: m\u012bksta pl\u012b\u0161a bumbi\u0146a ar div\u0101m spalv\u0101m un grabin\u0101mu zvani\u0146u. \u0160is ka\u0137u koks ir izgatavots no iztur\u012bgiem materi\u0101liem, kas labi iztur pat akt\u012bvu lieto\u0161anu. Klasiskais dizains iederas jebkur\u0101 interjer\u0101, un kompaktais izm\u0113rs padara to piem\u0113rotu jebkurai telpai. Piem\u0113rots visiem ka\u0137iem, neatkar\u012bgi no vecuma un \u0161\u0137irnes, un lieliski papildina ar\u012b liel\u0101ku ka\u0137u koku. Produkta \u012bpa\u0161\u012bbas:     Izm\u0113ri: garums 40 cm, platums 40 cm, augstums 90 cm    Piem\u0113rots visiem ka\u0137iem un jebkuram vecumam    Kompakts, bet iztur\u012bgs    Skaists un luksus\u012bgs dizains modern\u0101s kr\u0101s\u0101s\" \/>\n<meta property=\"og:url\" content=\"https:\/\/miumjau.ee\/lv\/produkts\/skrapesanas-stabs-maine-90-deluxe-off-white\/\" \/>\n<meta property=\"og:site_name\" content=\"MiuMjau\" \/>\n<meta property=\"article:publisher\" content=\"https:\/\/www.facebook.com\/miumjaupood\/\" \/>\n<meta property=\"article:modified_time\" content=\"2026-01-07T19:20:45+00:00\" \/>\n<meta property=\"og:image\" content=\"https:\/\/miumjau.ee\/wp-content\/uploads\/2025\/09\/kraapimispost-maine90-deluxe2.jpg\" \/>\n\t<meta property=\"og:image:width\" content=\"600\" \/>\n\t<meta property=\"og:image:height\" content=\"800\" \/>\n\t<meta property=\"og:image:type\" content=\"image\/jpeg\" \/>\n<meta name=\"twitter:card\" content=\"summary_large_image\" \/>\n<script type=\"application\/ld+json\" class=\"yoast-schema-graph\">{\"@context\":\"https:\\\/\\\/schema.org\",\"@graph\":[{\"@type\":\"WebPage\",\"@id\":\"https:\\\/\\\/miumjau.ee\\\/lv\\\/produkts\\\/skrapesanas-stabs-maine-90-deluxe-off-white\\\/\",\"url\":\"https:\\\/\\\/miumjau.ee\\\/lv\\\/produkts\\\/skrapesanas-stabs-maine-90-deluxe-off-white\\\/\",\"name\":\"Skr\u0101p\u0113\u0161anas stabs Maine 90 Deluxe, off white - MiuMjau\",\"isPartOf\":{\"@id\":\"https:\\\/\\\/miumjau.ee\\\/#website\"},\"primaryImageOfPage\":{\"@id\":\"https:\\\/\\\/miumjau.ee\\\/lv\\\/produkts\\\/skrapesanas-stabs-maine-90-deluxe-off-white\\\/#primaryimage\"},\"image\":{\"@id\":\"https:\\\/\\\/miumjau.ee\\\/lv\\\/produkts\\\/skrapesanas-stabs-maine-90-deluxe-off-white\\\/#primaryimage\"},\"thumbnailUrl\":\"https:\\\/\\\/miumjau.ee\\\/wp-content\\\/uploads\\\/2025\\\/09\\\/kraapimispost-maine90-deluxe2.jpg\",\"datePublished\":\"2025-09-03T06:46:05+00:00\",\"dateModified\":\"2026-01-07T19:20:45+00:00\",\"breadcrumb\":{\"@id\":\"https:\\\/\\\/miumjau.ee\\\/lv\\\/produkts\\\/skrapesanas-stabs-maine-90-deluxe-off-white\\\/#breadcrumb\"},\"inLanguage\":\"lv-LV\",\"potentialAction\":[{\"@type\":\"ReadAction\",\"target\":[\"https:\\\/\\\/miumjau.ee\\\/lv\\\/produkts\\\/skrapesanas-stabs-maine-90-deluxe-off-white\\\/\"]}]},{\"@type\":\"ImageObject\",\"inLanguage\":\"lv-LV\",\"@id\":\"https:\\\/\\\/miumjau.ee\\\/lv\\\/produkts\\\/skrapesanas-stabs-maine-90-deluxe-off-white\\\/#primaryimage\",\"url\":\"https:\\\/\\\/miumjau.ee\\\/wp-content\\\/uploads\\\/2025\\\/09\\\/kraapimispost-maine90-deluxe2.jpg\",\"contentUrl\":\"https:\\\/\\\/miumjau.ee\\\/wp-content\\\/uploads\\\/2025\\\/09\\\/kraapimispost-maine90-deluxe2.jpg\",\"width\":600,\"height\":800},{\"@type\":\"BreadcrumbList\",\"@id\":\"https:\\\/\\\/miumjau.ee\\\/lv\\\/produkts\\\/skrapesanas-stabs-maine-90-deluxe-off-white\\\/#breadcrumb\",\"itemListElement\":[{\"@type\":\"ListItem\",\"position\":1,\"name\":\"Home\",\"item\":\"https:\\\/\\\/miumjau.ee\\\/lv\\\/\"},{\"@type\":\"ListItem\",\"position\":2,\"name\":\"Veikals\",\"item\":\"https:\\\/\\\/miumjau.ee\\\/lv\\\/veikals\\\/\"},{\"@type\":\"ListItem\",\"position\":3,\"name\":\"Skr\u0101p\u0113\u0161anas stabs Maine 90 Deluxe, off white\"}]},{\"@type\":\"WebSite\",\"@id\":\"https:\\\/\\\/miumjau.ee\\\/#website\",\"url\":\"https:\\\/\\\/miumjau.ee\\\/\",\"name\":\"MiuMjau\",\"description\":\"Kraapimispuud kassidele\",\"publisher\":{\"@id\":\"https:\\\/\\\/miumjau.ee\\\/#organization\"},\"potentialAction\":[{\"@type\":\"SearchAction\",\"target\":{\"@type\":\"EntryPoint\",\"urlTemplate\":\"https:\\\/\\\/miumjau.ee\\\/?s={search_term_string}\"},\"query-input\":{\"@type\":\"PropertyValueSpecification\",\"valueRequired\":true,\"valueName\":\"search_term_string\"}}],\"inLanguage\":\"lv-LV\"},{\"@type\":\"Organization\",\"@id\":\"https:\\\/\\\/miumjau.ee\\\/#organization\",\"name\":\"MiuMjau O\u00dc\",\"url\":\"https:\\\/\\\/miumjau.ee\\\/\",\"logo\":{\"@type\":\"ImageObject\",\"inLanguage\":\"lv-LV\",\"@id\":\"https:\\\/\\\/miumjau.ee\\\/#\\\/schema\\\/logo\\\/image\\\/\",\"url\":\"https:\\\/\\\/miumjau.ee\\\/wp-content\\\/uploads\\\/2022\\\/04\\\/MiuMjau-logo-kollane.png\",\"contentUrl\":\"https:\\\/\\\/miumjau.ee\\\/wp-content\\\/uploads\\\/2022\\\/04\\\/MiuMjau-logo-kollane.png\",\"width\":219,\"height\":100,\"caption\":\"MiuMjau O\u00dc\"},\"image\":{\"@id\":\"https:\\\/\\\/miumjau.ee\\\/#\\\/schema\\\/logo\\\/image\\\/\"},\"sameAs\":[\"https:\\\/\\\/www.facebook.com\\\/miumjaupood\\\/\"]}]}<\/script>\n<!-- \/ Yoast SEO plugin. -->","yoast_head_json":{"title":"Skr\u0101p\u0113\u0161anas stabs Maine 90 Deluxe, off white - MiuMjau","robots":{"index":"index","follow":"follow","max-snippet":"max-snippet:-1","max-image-preview":"max-image-preview:large","max-video-preview":"max-video-preview:-1"},"canonical":"https:\/\/miumjau.ee\/lv\/produkts\/skrapesanas-stabs-maine-90-deluxe-off-white\/","og_locale":"lv_LV","og_type":"article","og_title":"Skr\u0101p\u0113\u0161anas stabs Maine 90 Deluxe, off white - MiuMjau","og_description":"Maine Deluxe ir stabils, stil\u012bgs un lielisks skr\u0101p\u0113\u0161anas koks \u2013 v\u0113l luksuslik\u0101ks nek\u0101 t\u0101 priek\u0161g\u0101j\u0113js. Ka\u0137u koks pieejams div\u0101s jaun\u0101s, modern\u0101s kr\u0101s\u0101s un papildus skr\u0101p\u0113\u0161anai pied\u0101v\u0101 ar\u012b rota\u013cas iesp\u0113jas. Komplekt\u0101 iek\u013cauta \u012bpa\u0161a rota\u013clieta \u2013 Funky Rebel: m\u012bksta pl\u012b\u0161a bumbi\u0146a ar div\u0101m spalv\u0101m un grabin\u0101mu zvani\u0146u. \u0160is ka\u0137u koks ir izgatavots no iztur\u012bgiem materi\u0101liem, kas labi iztur pat akt\u012bvu lieto\u0161anu. Klasiskais dizains iederas jebkur\u0101 interjer\u0101, un kompaktais izm\u0113rs padara to piem\u0113rotu jebkurai telpai. Piem\u0113rots visiem ka\u0137iem, neatkar\u012bgi no vecuma un \u0161\u0137irnes, un lieliski papildina ar\u012b liel\u0101ku ka\u0137u koku. Produkta \u012bpa\u0161\u012bbas:     Izm\u0113ri: garums 40 cm, platums 40 cm, augstums 90 cm    Piem\u0113rots visiem ka\u0137iem un jebkuram vecumam    Kompakts, bet iztur\u012bgs    Skaists un luksus\u012bgs dizains modern\u0101s kr\u0101s\u0101s","og_url":"https:\/\/miumjau.ee\/lv\/produkts\/skrapesanas-stabs-maine-90-deluxe-off-white\/","og_site_name":"MiuMjau","article_publisher":"https:\/\/www.facebook.com\/miumjaupood\/","article_modified_time":"2026-01-07T19:20:45+00:00","og_image":[{"width":600,"height":800,"url":"https:\/\/miumjau.ee\/wp-content\/uploads\/2025\/09\/kraapimispost-maine90-deluxe2.jpg","type":"image\/jpeg"}],"twitter_card":"summary_large_image","schema":{"@context":"https:\/\/schema.org","@graph":[{"@type":"WebPage","@id":"https:\/\/miumjau.ee\/lv\/produkts\/skrapesanas-stabs-maine-90-deluxe-off-white\/","url":"https:\/\/miumjau.ee\/lv\/produkts\/skrapesanas-stabs-maine-90-deluxe-off-white\/","name":"Skr\u0101p\u0113\u0161anas stabs Maine 90 Deluxe, off white - MiuMjau","isPartOf":{"@id":"https:\/\/miumjau.ee\/#website"},"primaryImageOfPage":{"@id":"https:\/\/miumjau.ee\/lv\/produkts\/skrapesanas-stabs-maine-90-deluxe-off-white\/#primaryimage"},"image":{"@id":"https:\/\/miumjau.ee\/lv\/produkts\/skrapesanas-stabs-maine-90-deluxe-off-white\/#primaryimage"},"thumbnailUrl":"https:\/\/miumjau.ee\/wp-content\/uploads\/2025\/09\/kraapimispost-maine90-deluxe2.jpg","datePublished":"2025-09-03T06:46:05+00:00","dateModified":"2026-01-07T19:20:45+00:00","breadcrumb":{"@id":"https:\/\/miumjau.ee\/lv\/produkts\/skrapesanas-stabs-maine-90-deluxe-off-white\/#breadcrumb"},"inLanguage":"lv-LV","potentialAction":[{"@type":"ReadAction","target":["https:\/\/miumjau.ee\/lv\/produkts\/skrapesanas-stabs-maine-90-deluxe-off-white\/"]}]},{"@type":"ImageObject","inLanguage":"lv-LV","@id":"https:\/\/miumjau.ee\/lv\/produkts\/skrapesanas-stabs-maine-90-deluxe-off-white\/#primaryimage","url":"https:\/\/miumjau.ee\/wp-content\/uploads\/2025\/09\/kraapimispost-maine90-deluxe2.jpg","contentUrl":"https:\/\/miumjau.ee\/wp-content\/uploads\/2025\/09\/kraapimispost-maine90-deluxe2.jpg","width":600,"height":800},{"@type":"BreadcrumbList","@id":"https:\/\/miumjau.ee\/lv\/produkts\/skrapesanas-stabs-maine-90-deluxe-off-white\/#breadcrumb","itemListElement":[{"@type":"ListItem","position":1,"name":"Home","item":"https:\/\/miumjau.ee\/lv\/"},{"@type":"ListItem","position":2,"name":"Veikals","item":"https:\/\/miumjau.ee\/lv\/veikals\/"},{"@type":"ListItem","position":3,"name":"Skr\u0101p\u0113\u0161anas stabs Maine 90 Deluxe, off white"}]},{"@type":"WebSite","@id":"https:\/\/miumjau.ee\/#website","url":"https:\/\/miumjau.ee\/","name":"MiuMjau","description":"Kraapimispuud kassidele","publisher":{"@id":"https:\/\/miumjau.ee\/#organization"},"potentialAction":[{"@type":"SearchAction","target":{"@type":"EntryPoint","urlTemplate":"https:\/\/miumjau.ee\/?s={search_term_string}"},"query-input":{"@type":"PropertyValueSpecification","valueRequired":true,"valueName":"search_term_string"}}],"inLanguage":"lv-LV"},{"@type":"Organization","@id":"https:\/\/miumjau.ee\/#organization","name":"MiuMjau O\u00dc","url":"https:\/\/miumjau.ee\/","logo":{"@type":"ImageObject","inLanguage":"lv-LV","@id":"https:\/\/miumjau.ee\/#\/schema\/logo\/image\/","url":"https:\/\/miumjau.ee\/wp-content\/uploads\/2022\/04\/MiuMjau-logo-kollane.png","contentUrl":"https:\/\/miumjau.ee\/wp-content\/uploads\/2022\/04\/MiuMjau-logo-kollane.png","width":219,"height":100,"caption":"MiuMjau O\u00dc"},"image":{"@id":"https:\/\/miumjau.ee\/#\/schema\/logo\/image\/"},"sameAs":["https:\/\/www.facebook.com\/miumjaupood\/"]}]}},"_links":{"self":[{"href":"https:\/\/miumjau.ee\/lv\/wp-json\/wp\/v2\/product\/47831","targetHints":{"allow":["GET"]}}],"collection":[{"href":"https:\/\/miumjau.ee\/lv\/wp-json\/wp\/v2\/product"}],"about":[{"href":"https:\/\/miumjau.ee\/lv\/wp-json\/wp\/v2\/types\/product"}],"wp:featuredmedia":[{"embeddable":true,"href":"https:\/\/miumjau.ee\/lv\/wp-json\/wp\/v2\/media\/47832"}],"wp:attachment":[{"href":"https:\/\/miumjau.ee\/lv\/wp-json\/wp\/v2\/media?parent=47831"}],"wp:term":[{"taxonomy":"product_brand","embeddable":true,"href":"https:\/\/miumjau.ee\/lv\/wp-json\/wp\/v2\/product_brand?post=47831"},{"taxonomy":"product_cat","embeddable":true,"href":"https:\/\/miumjau.ee\/lv\/wp-json\/wp\/v2\/product_cat?post=47831"},{"taxonomy":"product_tag","embeddable":true,"href":"https:\/\/miumjau.ee\/lv\/wp-json\/wp\/v2\/product_tag?post=47831"}],"curies":[{"name":"wp","href":"https:\/\/api.w.org\/{rel}","templated":true}]}}