{"id":47830,"date":"2025-09-03T11:00:28","date_gmt":"2025-09-03T08:00:28","guid":{"rendered":"https:\/\/miumjau.ee\/toode\/kaku-dzerama-struklaka-petrebels-fountain-jet-19-melna\/"},"modified":"2026-01-07T21:20:45","modified_gmt":"2026-01-07T19:20:45","slug":"kaku-dzerama-struklaka-petrebels-fountain-jet-19-melna","status":"publish","type":"product","link":"https:\/\/miumjau.ee\/lv\/produkts\/kaku-dzerama-struklaka-petrebels-fountain-jet-19-melna\/","title":{"rendered":"Ka\u0137u dzeram\u0101 str\u016bklaka Petrebels Fountain Jet 19, melna"},"content":{"rendered":"","protected":false},"excerpt":{"rendered":"<p data-start=\"98\" data-end=\"146\"><strong data-start=\"98\" data-end=\"146\">Kluss, gudrs un bezvadu dzer\u0161anas risin\u0101jums<\/strong><\/p>\n<p data-start=\"148\" data-end=\"747\">Ka\u0137i bie\u017ei nedzer pietiekami daudz. T\u0101p\u0113c m\u0113s esam rad\u012bju\u0161i gudru un stil\u012bgu risin\u0101jumu, kas pal\u012bdz uztur\u0113t j\u016bsu ka\u0137i hidrat\u0113tu un veselu visa gada garum\u0101: Jet 19 \u2013 skaisti veidotu dzeramo str\u016bklaku ka\u0137iem, kas darbojas gan ar vadu, gan bezvadu re\u017e\u012bm\u0101. Izv\u0113lieties nep\u0101rtrauktu \u016bdens pl\u016bsmu vai aktiviz\u0113jiet infrasarkano sensoru, kas \u013cauj \u016bdenim pl\u016bst tikai tad, kad ka\u0137is ir tuvum\u0101. Papildu \u0113rt\u012bba: caursp\u012bd\u012bgais logs r\u0101da \u016bdens l\u012bmeni, bet modern\u0101 filtru sist\u0113ma nodro\u0161ina, ka \u016bdens vienm\u0113r ir svaigs un t\u012brs. Turkl\u0101t str\u016bklaka pati signaliz\u0113, kad filtrs j\u0101maina vai \u016bdens l\u012bmenis ir liiga madals.<\/p>\n<p data-start=\"749\" data-end=\"771\"><strong data-start=\"749\" data-end=\"771\">Produkta \u012bpa\u0161\u012bbas:<\/strong><\/p>\n<ul data-start=\"773\" data-end=\"1159\" data-is-last-node=\"\" data-is-only-node=\"\">\n<li data-start=\"773\" data-end=\"810\">\n<p data-start=\"775\" data-end=\"810\">Izm\u0113ri: \u00d8 19,5 cm, augstums 15 cm<\/p>\n<\/li>\n<li data-start=\"811\" data-end=\"861\">\n<p data-start=\"813\" data-end=\"861\">Mazg\u0101jama trauku mazg\u0101jamaj\u0101 ma\u0161\u012bn\u0101 l\u012bdz 60 \u00b0C<\/p>\n<\/li>\n<li data-start=\"862\" data-end=\"944\">\n<p data-start=\"864\" data-end=\"944\">Darbojas gan ar vadu, gan bezvadu re\u017e\u012bm\u0101 (USB l\u0101d\u0113t\u0101js un adapteris komplekt\u0101)<\/p>\n<\/li>\n<li data-start=\"945\" data-end=\"1014\">\n<p data-start=\"947\" data-end=\"1014\">Tilpums: 2 litri, izgatavota no p\u0101rtikas kvalit\u0101tes ABS materi\u0101la<\/p>\n<\/li>\n<li data-start=\"1015\" data-end=\"1091\">\n<p data-start=\"1017\" data-end=\"1091\">Gudrs sensors, \u012bpa\u0161i kluss s\u016bknis (&lt; 23 dB) un m\u016bsdien\u012bga filtru sist\u0113ma<\/p>\n<\/li>\n<li data-start=\"1092\" data-end=\"1131\">\n<p data-start=\"1094\" data-end=\"1131\">Noteik\u0161anas att\u0101lums l\u012bdz 2 metriem<\/p>\n<\/li>\n<li data-start=\"1132\" data-end=\"1159\" data-is-last-node=\"\">\n<p data-start=\"1134\" data-end=\"1159\" data-is-last-node=\"\">Filtri pieejami atsevi\u0161\u0137i<\/p>\n<\/li>\n<\/ul>\n","protected":false},"featured_media":44707,"template":"","meta":[],"product_brand":[],"product_cat":[572,573],"product_tag":[],"class_list":{"0":"post-47830","1":"product","2":"type-product","3":"status-publish","4":"has-post-thumbnail","6":"product_cat-ediena-trauki-kakiem","7":"product_cat-kaup24-lv","9":"first","10":"instock","11":"taxable","12":"shipping-taxable","13":"purchasable","14":"product-type-simple"},"yoast_head":"<!-- This site is optimized with the Yoast SEO plugin v27.4 - https:\/\/yoast.com\/product\/yoast-seo-wordpress\/ -->\n<title>Ka\u0137u dzeram\u0101 str\u016bklaka Petrebels Fountain Jet 19, melna - MiuMjau<\/title>\n<meta name=\"robots\" content=\"index, follow, max-snippet:-1, max-image-preview:large, max-video-preview:-1\" \/>\n<link rel=\"canonical\" href=\"https:\/\/miumjau.ee\/lv\/produkts\/kaku-dzerama-struklaka-petrebels-fountain-jet-19-melna\/\" \/>\n<meta property=\"og:locale\" content=\"lv_LV\" \/>\n<meta property=\"og:type\" content=\"article\" \/>\n<meta property=\"og:title\" content=\"Ka\u0137u dzeram\u0101 str\u016bklaka Petrebels Fountain Jet 19, melna - MiuMjau\" \/>\n<meta property=\"og:description\" content=\"Kluss, gudrs un bezvadu dzer\u0161anas risin\u0101jums Ka\u0137i bie\u017ei nedzer pietiekami daudz. T\u0101p\u0113c m\u0113s esam rad\u012bju\u0161i gudru un stil\u012bgu risin\u0101jumu, kas pal\u012bdz uztur\u0113t j\u016bsu ka\u0137i hidrat\u0113tu un veselu visa gada garum\u0101: Jet 19 \u2013 skaisti veidotu dzeramo str\u016bklaku ka\u0137iem, kas darbojas gan ar vadu, gan bezvadu re\u017e\u012bm\u0101. Izv\u0113lieties nep\u0101rtrauktu \u016bdens pl\u016bsmu vai aktiviz\u0113jiet infrasarkano sensoru, kas \u013cauj \u016bdenim pl\u016bst tikai tad, kad ka\u0137is ir tuvum\u0101. Papildu \u0113rt\u012bba: caursp\u012bd\u012bgais logs r\u0101da \u016bdens l\u012bmeni, bet modern\u0101 filtru sist\u0113ma nodro\u0161ina, ka \u016bdens vienm\u0113r ir svaigs un t\u012brs. Turkl\u0101t str\u016bklaka pati signaliz\u0113, kad filtrs j\u0101maina vai \u016bdens l\u012bmenis ir liiga madals. Produkta \u012bpa\u0161\u012bbas:     Izm\u0113ri: \u00d8 19,5 cm, augstums 15 cm    Mazg\u0101jama trauku mazg\u0101jamaj\u0101 ma\u0161\u012bn\u0101 l\u012bdz 60 \u00b0C    Darbojas gan ar vadu, gan bezvadu re\u017e\u012bm\u0101 (USB l\u0101d\u0113t\u0101js un adapteris komplekt\u0101)    Tilpums: 2 litri, izgatavota no p\u0101rtikas kvalit\u0101tes ABS materi\u0101la    Gudrs sensors, \u012bpa\u0161i kluss s\u016bknis (&lt; 23 dB) un m\u016bsdien\u012bga filtru sist\u0113ma    Noteik\u0161anas att\u0101lums l\u012bdz 2 metriem    Filtri pieejami atsevi\u0161\u0137i\" \/>\n<meta property=\"og:url\" content=\"https:\/\/miumjau.ee\/lv\/produkts\/kaku-dzerama-struklaka-petrebels-fountain-jet-19-melna\/\" \/>\n<meta property=\"og:site_name\" content=\"MiuMjau\" \/>\n<meta property=\"article:publisher\" content=\"https:\/\/www.facebook.com\/miumjaupood\/\" \/>\n<meta property=\"article:modified_time\" content=\"2026-01-07T19:20:45+00:00\" \/>\n<meta property=\"og:image\" content=\"https:\/\/miumjau.ee\/wp-content\/uploads\/2025\/09\/kasside-joogi-purskkaev-jet192.jpg\" \/>\n\t<meta property=\"og:image:width\" content=\"600\" \/>\n\t<meta property=\"og:image:height\" content=\"800\" \/>\n\t<meta property=\"og:image:type\" content=\"image\/jpeg\" \/>\n<meta name=\"twitter:card\" content=\"summary_large_image\" \/>\n<script type=\"application\/ld+json\" class=\"yoast-schema-graph\">{\"@context\":\"https:\\\/\\\/schema.org\",\"@graph\":[{\"@type\":\"WebPage\",\"@id\":\"https:\\\/\\\/miumjau.ee\\\/lv\\\/produkts\\\/kaku-dzerama-struklaka-petrebels-fountain-jet-19-melna\\\/\",\"url\":\"https:\\\/\\\/miumjau.ee\\\/lv\\\/produkts\\\/kaku-dzerama-struklaka-petrebels-fountain-jet-19-melna\\\/\",\"name\":\"Ka\u0137u dzeram\u0101 str\u016bklaka Petrebels Fountain Jet 19, melna - MiuMjau\",\"isPartOf\":{\"@id\":\"https:\\\/\\\/miumjau.ee\\\/#website\"},\"primaryImageOfPage\":{\"@id\":\"https:\\\/\\\/miumjau.ee\\\/lv\\\/produkts\\\/kaku-dzerama-struklaka-petrebels-fountain-jet-19-melna\\\/#primaryimage\"},\"image\":{\"@id\":\"https:\\\/\\\/miumjau.ee\\\/lv\\\/produkts\\\/kaku-dzerama-struklaka-petrebels-fountain-jet-19-melna\\\/#primaryimage\"},\"thumbnailUrl\":\"https:\\\/\\\/miumjau.ee\\\/wp-content\\\/uploads\\\/2025\\\/09\\\/kasside-joogi-purskkaev-jet192.jpg\",\"datePublished\":\"2025-09-03T08:00:28+00:00\",\"dateModified\":\"2026-01-07T19:20:45+00:00\",\"breadcrumb\":{\"@id\":\"https:\\\/\\\/miumjau.ee\\\/lv\\\/produkts\\\/kaku-dzerama-struklaka-petrebels-fountain-jet-19-melna\\\/#breadcrumb\"},\"inLanguage\":\"lv-LV\",\"potentialAction\":[{\"@type\":\"ReadAction\",\"target\":[\"https:\\\/\\\/miumjau.ee\\\/lv\\\/produkts\\\/kaku-dzerama-struklaka-petrebels-fountain-jet-19-melna\\\/\"]}]},{\"@type\":\"ImageObject\",\"inLanguage\":\"lv-LV\",\"@id\":\"https:\\\/\\\/miumjau.ee\\\/lv\\\/produkts\\\/kaku-dzerama-struklaka-petrebels-fountain-jet-19-melna\\\/#primaryimage\",\"url\":\"https:\\\/\\\/miumjau.ee\\\/wp-content\\\/uploads\\\/2025\\\/09\\\/kasside-joogi-purskkaev-jet192.jpg\",\"contentUrl\":\"https:\\\/\\\/miumjau.ee\\\/wp-content\\\/uploads\\\/2025\\\/09\\\/kasside-joogi-purskkaev-jet192.jpg\",\"width\":600,\"height\":800,\"caption\":\"Kasside joogi purskkaev Petrebels fountain jet 19\"},{\"@type\":\"BreadcrumbList\",\"@id\":\"https:\\\/\\\/miumjau.ee\\\/lv\\\/produkts\\\/kaku-dzerama-struklaka-petrebels-fountain-jet-19-melna\\\/#breadcrumb\",\"itemListElement\":[{\"@type\":\"ListItem\",\"position\":1,\"name\":\"Home\",\"item\":\"https:\\\/\\\/miumjau.ee\\\/lv\\\/\"},{\"@type\":\"ListItem\",\"position\":2,\"name\":\"Veikals\",\"item\":\"https:\\\/\\\/miumjau.ee\\\/lv\\\/veikals\\\/\"},{\"@type\":\"ListItem\",\"position\":3,\"name\":\"Ka\u0137u dzeram\u0101 str\u016bklaka Petrebels Fountain Jet 19, melna\"}]},{\"@type\":\"WebSite\",\"@id\":\"https:\\\/\\\/miumjau.ee\\\/#website\",\"url\":\"https:\\\/\\\/miumjau.ee\\\/\",\"name\":\"MiuMjau\",\"description\":\"Kraapimispuud kassidele\",\"publisher\":{\"@id\":\"https:\\\/\\\/miumjau.ee\\\/#organization\"},\"potentialAction\":[{\"@type\":\"SearchAction\",\"target\":{\"@type\":\"EntryPoint\",\"urlTemplate\":\"https:\\\/\\\/miumjau.ee\\\/?s={search_term_string}\"},\"query-input\":{\"@type\":\"PropertyValueSpecification\",\"valueRequired\":true,\"valueName\":\"search_term_string\"}}],\"inLanguage\":\"lv-LV\"},{\"@type\":\"Organization\",\"@id\":\"https:\\\/\\\/miumjau.ee\\\/#organization\",\"name\":\"MiuMjau O\u00dc\",\"url\":\"https:\\\/\\\/miumjau.ee\\\/\",\"logo\":{\"@type\":\"ImageObject\",\"inLanguage\":\"lv-LV\",\"@id\":\"https:\\\/\\\/miumjau.ee\\\/#\\\/schema\\\/logo\\\/image\\\/\",\"url\":\"https:\\\/\\\/miumjau.ee\\\/wp-content\\\/uploads\\\/2022\\\/04\\\/MiuMjau-logo-kollane.png\",\"contentUrl\":\"https:\\\/\\\/miumjau.ee\\\/wp-content\\\/uploads\\\/2022\\\/04\\\/MiuMjau-logo-kollane.png\",\"width\":219,\"height\":100,\"caption\":\"MiuMjau O\u00dc\"},\"image\":{\"@id\":\"https:\\\/\\\/miumjau.ee\\\/#\\\/schema\\\/logo\\\/image\\\/\"},\"sameAs\":[\"https:\\\/\\\/www.facebook.com\\\/miumjaupood\\\/\"]}]}<\/script>\n<!-- \/ Yoast SEO plugin. -->","yoast_head_json":{"title":"Ka\u0137u dzeram\u0101 str\u016bklaka Petrebels Fountain Jet 19, melna - MiuMjau","robots":{"index":"index","follow":"follow","max-snippet":"max-snippet:-1","max-image-preview":"max-image-preview:large","max-video-preview":"max-video-preview:-1"},"canonical":"https:\/\/miumjau.ee\/lv\/produkts\/kaku-dzerama-struklaka-petrebels-fountain-jet-19-melna\/","og_locale":"lv_LV","og_type":"article","og_title":"Ka\u0137u dzeram\u0101 str\u016bklaka Petrebels Fountain Jet 19, melna - MiuMjau","og_description":"Kluss, gudrs un bezvadu dzer\u0161anas risin\u0101jums Ka\u0137i bie\u017ei nedzer pietiekami daudz. T\u0101p\u0113c m\u0113s esam rad\u012bju\u0161i gudru un stil\u012bgu risin\u0101jumu, kas pal\u012bdz uztur\u0113t j\u016bsu ka\u0137i hidrat\u0113tu un veselu visa gada garum\u0101: Jet 19 \u2013 skaisti veidotu dzeramo str\u016bklaku ka\u0137iem, kas darbojas gan ar vadu, gan bezvadu re\u017e\u012bm\u0101. Izv\u0113lieties nep\u0101rtrauktu \u016bdens pl\u016bsmu vai aktiviz\u0113jiet infrasarkano sensoru, kas \u013cauj \u016bdenim pl\u016bst tikai tad, kad ka\u0137is ir tuvum\u0101. Papildu \u0113rt\u012bba: caursp\u012bd\u012bgais logs r\u0101da \u016bdens l\u012bmeni, bet modern\u0101 filtru sist\u0113ma nodro\u0161ina, ka \u016bdens vienm\u0113r ir svaigs un t\u012brs. Turkl\u0101t str\u016bklaka pati signaliz\u0113, kad filtrs j\u0101maina vai \u016bdens l\u012bmenis ir liiga madals. Produkta \u012bpa\u0161\u012bbas:     Izm\u0113ri: \u00d8 19,5 cm, augstums 15 cm    Mazg\u0101jama trauku mazg\u0101jamaj\u0101 ma\u0161\u012bn\u0101 l\u012bdz 60 \u00b0C    Darbojas gan ar vadu, gan bezvadu re\u017e\u012bm\u0101 (USB l\u0101d\u0113t\u0101js un adapteris komplekt\u0101)    Tilpums: 2 litri, izgatavota no p\u0101rtikas kvalit\u0101tes ABS materi\u0101la    Gudrs sensors, \u012bpa\u0161i kluss s\u016bknis (&lt; 23 dB) un m\u016bsdien\u012bga filtru sist\u0113ma    Noteik\u0161anas att\u0101lums l\u012bdz 2 metriem    Filtri pieejami atsevi\u0161\u0137i","og_url":"https:\/\/miumjau.ee\/lv\/produkts\/kaku-dzerama-struklaka-petrebels-fountain-jet-19-melna\/","og_site_name":"MiuMjau","article_publisher":"https:\/\/www.facebook.com\/miumjaupood\/","article_modified_time":"2026-01-07T19:20:45+00:00","og_image":[{"width":600,"height":800,"url":"https:\/\/miumjau.ee\/wp-content\/uploads\/2025\/09\/kasside-joogi-purskkaev-jet192.jpg","type":"image\/jpeg"}],"twitter_card":"summary_large_image","schema":{"@context":"https:\/\/schema.org","@graph":[{"@type":"WebPage","@id":"https:\/\/miumjau.ee\/lv\/produkts\/kaku-dzerama-struklaka-petrebels-fountain-jet-19-melna\/","url":"https:\/\/miumjau.ee\/lv\/produkts\/kaku-dzerama-struklaka-petrebels-fountain-jet-19-melna\/","name":"Ka\u0137u dzeram\u0101 str\u016bklaka Petrebels Fountain Jet 19, melna - MiuMjau","isPartOf":{"@id":"https:\/\/miumjau.ee\/#website"},"primaryImageOfPage":{"@id":"https:\/\/miumjau.ee\/lv\/produkts\/kaku-dzerama-struklaka-petrebels-fountain-jet-19-melna\/#primaryimage"},"image":{"@id":"https:\/\/miumjau.ee\/lv\/produkts\/kaku-dzerama-struklaka-petrebels-fountain-jet-19-melna\/#primaryimage"},"thumbnailUrl":"https:\/\/miumjau.ee\/wp-content\/uploads\/2025\/09\/kasside-joogi-purskkaev-jet192.jpg","datePublished":"2025-09-03T08:00:28+00:00","dateModified":"2026-01-07T19:20:45+00:00","breadcrumb":{"@id":"https:\/\/miumjau.ee\/lv\/produkts\/kaku-dzerama-struklaka-petrebels-fountain-jet-19-melna\/#breadcrumb"},"inLanguage":"lv-LV","potentialAction":[{"@type":"ReadAction","target":["https:\/\/miumjau.ee\/lv\/produkts\/kaku-dzerama-struklaka-petrebels-fountain-jet-19-melna\/"]}]},{"@type":"ImageObject","inLanguage":"lv-LV","@id":"https:\/\/miumjau.ee\/lv\/produkts\/kaku-dzerama-struklaka-petrebels-fountain-jet-19-melna\/#primaryimage","url":"https:\/\/miumjau.ee\/wp-content\/uploads\/2025\/09\/kasside-joogi-purskkaev-jet192.jpg","contentUrl":"https:\/\/miumjau.ee\/wp-content\/uploads\/2025\/09\/kasside-joogi-purskkaev-jet192.jpg","width":600,"height":800,"caption":"Kasside joogi purskkaev Petrebels fountain jet 19"},{"@type":"BreadcrumbList","@id":"https:\/\/miumjau.ee\/lv\/produkts\/kaku-dzerama-struklaka-petrebels-fountain-jet-19-melna\/#breadcrumb","itemListElement":[{"@type":"ListItem","position":1,"name":"Home","item":"https:\/\/miumjau.ee\/lv\/"},{"@type":"ListItem","position":2,"name":"Veikals","item":"https:\/\/miumjau.ee\/lv\/veikals\/"},{"@type":"ListItem","position":3,"name":"Ka\u0137u dzeram\u0101 str\u016bklaka Petrebels Fountain Jet 19, melna"}]},{"@type":"WebSite","@id":"https:\/\/miumjau.ee\/#website","url":"https:\/\/miumjau.ee\/","name":"MiuMjau","description":"Kraapimispuud kassidele","publisher":{"@id":"https:\/\/miumjau.ee\/#organization"},"potentialAction":[{"@type":"SearchAction","target":{"@type":"EntryPoint","urlTemplate":"https:\/\/miumjau.ee\/?s={search_term_string}"},"query-input":{"@type":"PropertyValueSpecification","valueRequired":true,"valueName":"search_term_string"}}],"inLanguage":"lv-LV"},{"@type":"Organization","@id":"https:\/\/miumjau.ee\/#organization","name":"MiuMjau O\u00dc","url":"https:\/\/miumjau.ee\/","logo":{"@type":"ImageObject","inLanguage":"lv-LV","@id":"https:\/\/miumjau.ee\/#\/schema\/logo\/image\/","url":"https:\/\/miumjau.ee\/wp-content\/uploads\/2022\/04\/MiuMjau-logo-kollane.png","contentUrl":"https:\/\/miumjau.ee\/wp-content\/uploads\/2022\/04\/MiuMjau-logo-kollane.png","width":219,"height":100,"caption":"MiuMjau O\u00dc"},"image":{"@id":"https:\/\/miumjau.ee\/#\/schema\/logo\/image\/"},"sameAs":["https:\/\/www.facebook.com\/miumjaupood\/"]}]}},"_links":{"self":[{"href":"https:\/\/miumjau.ee\/lv\/wp-json\/wp\/v2\/product\/47830","targetHints":{"allow":["GET"]}}],"collection":[{"href":"https:\/\/miumjau.ee\/lv\/wp-json\/wp\/v2\/product"}],"about":[{"href":"https:\/\/miumjau.ee\/lv\/wp-json\/wp\/v2\/types\/product"}],"wp:featuredmedia":[{"embeddable":true,"href":"https:\/\/miumjau.ee\/lv\/wp-json\/wp\/v2\/media\/44707"}],"wp:attachment":[{"href":"https:\/\/miumjau.ee\/lv\/wp-json\/wp\/v2\/media?parent=47830"}],"wp:term":[{"taxonomy":"product_brand","embeddable":true,"href":"https:\/\/miumjau.ee\/lv\/wp-json\/wp\/v2\/product_brand?post=47830"},{"taxonomy":"product_cat","embeddable":true,"href":"https:\/\/miumjau.ee\/lv\/wp-json\/wp\/v2\/product_cat?post=47830"},{"taxonomy":"product_tag","embeddable":true,"href":"https:\/\/miumjau.ee\/lv\/wp-json\/wp\/v2\/product_tag?post=47830"}],"curies":[{"name":"wp","href":"https:\/\/api.w.org\/{rel}","templated":true}]}}