{"id":47829,"date":"2025-09-03T10:59:14","date_gmt":"2025-09-03T07:59:14","guid":{"rendered":"https:\/\/miumjau.ee\/toode\/kaku-dzeramais-struklaka-petrebels-spring-20-melna\/"},"modified":"2026-01-07T21:20:45","modified_gmt":"2026-01-07T19:20:45","slug":"kaku-dzeramais-struklaka-petrebels-spring-20-melna","status":"publish","type":"product","link":"https:\/\/miumjau.ee\/lv\/produkts\/kaku-dzeramais-struklaka-petrebels-spring-20-melna\/","title":{"rendered":"Ka\u0137u dzeramais str\u016bklaka Petrebels Spring 20, melna"},"content":{"rendered":"","protected":false},"excerpt":{"rendered":"<p data-start=\"108\" data-end=\"151\"><strong data-start=\"108\" data-end=\"151\">Vienm\u0113r svaigs teko\u0161s \u016bdens j\u016bsu ka\u0137im!<\/strong><\/p>\n<p data-start=\"153\" data-end=\"742\">Paldiniet savu ka\u0137i ar Spring 20 dzeramo str\u016bklaku \u2013 skaisti veidotu \u016bdens avotu, no kura patie\u0161\u0101m pl\u016bst \u016bdens. Pateicoties 360 gr\u0101du \u016bdens str\u016bklas du\u0161as galvi\u0146ai, \u016bdens pl\u016bst nep\u0101rtraukti, kas mudina ka\u0137i bie\u017e\u0101k dzert \u2013 tie\u0161i to, kas vajadz\u012bgs vesel\u012bbas uztur\u0113\u0161anai. Str\u016bklakas s\u016bknis darbojas \u012bpa\u0161i klusi (&gt; 35 dB), t\u0101p\u0113c to gandr\u012bz nevar dzird\u0113t. Tvertne sp\u0113j uzglab\u0101t 2,4 litrus \u016bdens, un gudr\u0101 filtru sist\u0113ma uztur \u016bdeni t\u012bru un bez bakt\u0113rij\u0101m. Papildu \u0113rt\u012bba: caur caursp\u012bd\u012bgo logu var prec\u012bzi redz\u0113t, cik daudz \u016bdens ir atlicis. Vakar\u0101 LED apgaismojums pal\u012bdz \u016bdeni viegli paman\u012bt.<\/p>\n<p data-start=\"744\" data-end=\"766\"><strong data-start=\"744\" data-end=\"766\">Produkta \u012bpa\u0161\u012bbas:<\/strong><\/p>\n<ul data-start=\"768\" data-end=\"1016\" data-is-last-node=\"\" data-is-only-node=\"\">\n<li data-start=\"768\" data-end=\"808\">\n<p data-start=\"770\" data-end=\"808\">Izm\u0113ri: \u00d8 20,10 cm, augstums 14,5 cm<\/p>\n<\/li>\n<li data-start=\"809\" data-end=\"826\">\n<p data-start=\"811\" data-end=\"826\">Viegli t\u012br\u0101ma<\/p>\n<\/li>\n<li data-start=\"827\" data-end=\"877\">\n<p data-start=\"829\" data-end=\"877\">Mazg\u0101jama trauku mazg\u0101jamaj\u0101 ma\u0161\u012bn\u0101 l\u012bdz 60 \u00b0C<\/p>\n<\/li>\n<li data-start=\"878\" data-end=\"929\">\n<p data-start=\"880\" data-end=\"929\">Izgatavota no p\u0101rtikas kvalit\u0101tes ABS materi\u0101la<\/p>\n<\/li>\n<li data-start=\"930\" data-end=\"988\">\n<p data-start=\"932\" data-end=\"988\">Darbojas ar vadu (USB l\u0101d\u0113t\u0101js un adapteris komplekt\u0101)<\/p>\n<\/li>\n<li data-start=\"989\" data-end=\"1016\" data-is-last-node=\"\">\n<p data-start=\"991\" data-end=\"1016\" data-is-last-node=\"\">Filtri pieejami atsevi\u0161\u0137i<\/p>\n<\/li>\n<\/ul>\n","protected":false},"featured_media":44709,"template":"","meta":[],"product_brand":[],"product_cat":[572,573],"product_tag":[],"class_list":{"0":"post-47829","1":"product","2":"type-product","3":"status-publish","4":"has-post-thumbnail","6":"product_cat-ediena-trauki-kakiem","7":"product_cat-kaup24-lv","9":"first","10":"instock","11":"taxable","12":"shipping-taxable","13":"purchasable","14":"product-type-simple"},"yoast_head":"<!-- This site is optimized with the Yoast SEO plugin v27.4 - https:\/\/yoast.com\/product\/yoast-seo-wordpress\/ -->\n<title>Ka\u0137u dzeramais str\u016bklaka Petrebels Spring 20, melna - MiuMjau<\/title>\n<meta name=\"robots\" content=\"index, follow, max-snippet:-1, max-image-preview:large, max-video-preview:-1\" \/>\n<link rel=\"canonical\" href=\"https:\/\/miumjau.ee\/lv\/produkts\/kaku-dzeramais-struklaka-petrebels-spring-20-melna\/\" \/>\n<meta property=\"og:locale\" content=\"lv_LV\" \/>\n<meta property=\"og:type\" content=\"article\" \/>\n<meta property=\"og:title\" content=\"Ka\u0137u dzeramais str\u016bklaka Petrebels Spring 20, melna - MiuMjau\" \/>\n<meta property=\"og:description\" content=\"Vienm\u0113r svaigs teko\u0161s \u016bdens j\u016bsu ka\u0137im! Paldiniet savu ka\u0137i ar Spring 20 dzeramo str\u016bklaku \u2013 skaisti veidotu \u016bdens avotu, no kura patie\u0161\u0101m pl\u016bst \u016bdens. Pateicoties 360 gr\u0101du \u016bdens str\u016bklas du\u0161as galvi\u0146ai, \u016bdens pl\u016bst nep\u0101rtraukti, kas mudina ka\u0137i bie\u017e\u0101k dzert \u2013 tie\u0161i to, kas vajadz\u012bgs vesel\u012bbas uztur\u0113\u0161anai. Str\u016bklakas s\u016bknis darbojas \u012bpa\u0161i klusi (&gt; 35 dB), t\u0101p\u0113c to gandr\u012bz nevar dzird\u0113t. Tvertne sp\u0113j uzglab\u0101t 2,4 litrus \u016bdens, un gudr\u0101 filtru sist\u0113ma uztur \u016bdeni t\u012bru un bez bakt\u0113rij\u0101m. Papildu \u0113rt\u012bba: caur caursp\u012bd\u012bgo logu var prec\u012bzi redz\u0113t, cik daudz \u016bdens ir atlicis. Vakar\u0101 LED apgaismojums pal\u012bdz \u016bdeni viegli paman\u012bt. Produkta \u012bpa\u0161\u012bbas:     Izm\u0113ri: \u00d8 20,10 cm, augstums 14,5 cm    Viegli t\u012br\u0101ma    Mazg\u0101jama trauku mazg\u0101jamaj\u0101 ma\u0161\u012bn\u0101 l\u012bdz 60 \u00b0C    Izgatavota no p\u0101rtikas kvalit\u0101tes ABS materi\u0101la    Darbojas ar vadu (USB l\u0101d\u0113t\u0101js un adapteris komplekt\u0101)    Filtri pieejami atsevi\u0161\u0137i\" \/>\n<meta property=\"og:url\" content=\"https:\/\/miumjau.ee\/lv\/produkts\/kaku-dzeramais-struklaka-petrebels-spring-20-melna\/\" \/>\n<meta property=\"og:site_name\" content=\"MiuMjau\" \/>\n<meta property=\"article:publisher\" content=\"https:\/\/www.facebook.com\/miumjaupood\/\" \/>\n<meta property=\"article:modified_time\" content=\"2026-01-07T19:20:45+00:00\" \/>\n<meta property=\"og:image\" content=\"https:\/\/miumjau.ee\/wp-content\/uploads\/2025\/09\/kasside-joogipurskkaev-spring202.jpg\" \/>\n\t<meta property=\"og:image:width\" content=\"600\" \/>\n\t<meta property=\"og:image:height\" content=\"800\" \/>\n\t<meta property=\"og:image:type\" content=\"image\/jpeg\" \/>\n<meta name=\"twitter:card\" content=\"summary_large_image\" \/>\n<script type=\"application\/ld+json\" class=\"yoast-schema-graph\">{\"@context\":\"https:\\\/\\\/schema.org\",\"@graph\":[{\"@type\":\"WebPage\",\"@id\":\"https:\\\/\\\/miumjau.ee\\\/lv\\\/produkts\\\/kaku-dzeramais-struklaka-petrebels-spring-20-melna\\\/\",\"url\":\"https:\\\/\\\/miumjau.ee\\\/lv\\\/produkts\\\/kaku-dzeramais-struklaka-petrebels-spring-20-melna\\\/\",\"name\":\"Ka\u0137u dzeramais str\u016bklaka Petrebels Spring 20, melna - MiuMjau\",\"isPartOf\":{\"@id\":\"https:\\\/\\\/miumjau.ee\\\/#website\"},\"primaryImageOfPage\":{\"@id\":\"https:\\\/\\\/miumjau.ee\\\/lv\\\/produkts\\\/kaku-dzeramais-struklaka-petrebels-spring-20-melna\\\/#primaryimage\"},\"image\":{\"@id\":\"https:\\\/\\\/miumjau.ee\\\/lv\\\/produkts\\\/kaku-dzeramais-struklaka-petrebels-spring-20-melna\\\/#primaryimage\"},\"thumbnailUrl\":\"https:\\\/\\\/miumjau.ee\\\/wp-content\\\/uploads\\\/2025\\\/09\\\/kasside-joogipurskkaev-spring202.jpg\",\"datePublished\":\"2025-09-03T07:59:14+00:00\",\"dateModified\":\"2026-01-07T19:20:45+00:00\",\"breadcrumb\":{\"@id\":\"https:\\\/\\\/miumjau.ee\\\/lv\\\/produkts\\\/kaku-dzeramais-struklaka-petrebels-spring-20-melna\\\/#breadcrumb\"},\"inLanguage\":\"lv-LV\",\"potentialAction\":[{\"@type\":\"ReadAction\",\"target\":[\"https:\\\/\\\/miumjau.ee\\\/lv\\\/produkts\\\/kaku-dzeramais-struklaka-petrebels-spring-20-melna\\\/\"]}]},{\"@type\":\"ImageObject\",\"inLanguage\":\"lv-LV\",\"@id\":\"https:\\\/\\\/miumjau.ee\\\/lv\\\/produkts\\\/kaku-dzeramais-struklaka-petrebels-spring-20-melna\\\/#primaryimage\",\"url\":\"https:\\\/\\\/miumjau.ee\\\/wp-content\\\/uploads\\\/2025\\\/09\\\/kasside-joogipurskkaev-spring202.jpg\",\"contentUrl\":\"https:\\\/\\\/miumjau.ee\\\/wp-content\\\/uploads\\\/2025\\\/09\\\/kasside-joogipurskkaev-spring202.jpg\",\"width\":600,\"height\":800,\"caption\":\"Kasside joogi purskkaev Petrebels Spring 20, must\"},{\"@type\":\"BreadcrumbList\",\"@id\":\"https:\\\/\\\/miumjau.ee\\\/lv\\\/produkts\\\/kaku-dzeramais-struklaka-petrebels-spring-20-melna\\\/#breadcrumb\",\"itemListElement\":[{\"@type\":\"ListItem\",\"position\":1,\"name\":\"Home\",\"item\":\"https:\\\/\\\/miumjau.ee\\\/lv\\\/\"},{\"@type\":\"ListItem\",\"position\":2,\"name\":\"Veikals\",\"item\":\"https:\\\/\\\/miumjau.ee\\\/lv\\\/veikals\\\/\"},{\"@type\":\"ListItem\",\"position\":3,\"name\":\"Ka\u0137u dzeramais str\u016bklaka Petrebels Spring 20, melna\"}]},{\"@type\":\"WebSite\",\"@id\":\"https:\\\/\\\/miumjau.ee\\\/#website\",\"url\":\"https:\\\/\\\/miumjau.ee\\\/\",\"name\":\"MiuMjau\",\"description\":\"Kraapimispuud kassidele\",\"publisher\":{\"@id\":\"https:\\\/\\\/miumjau.ee\\\/#organization\"},\"potentialAction\":[{\"@type\":\"SearchAction\",\"target\":{\"@type\":\"EntryPoint\",\"urlTemplate\":\"https:\\\/\\\/miumjau.ee\\\/?s={search_term_string}\"},\"query-input\":{\"@type\":\"PropertyValueSpecification\",\"valueRequired\":true,\"valueName\":\"search_term_string\"}}],\"inLanguage\":\"lv-LV\"},{\"@type\":\"Organization\",\"@id\":\"https:\\\/\\\/miumjau.ee\\\/#organization\",\"name\":\"MiuMjau O\u00dc\",\"url\":\"https:\\\/\\\/miumjau.ee\\\/\",\"logo\":{\"@type\":\"ImageObject\",\"inLanguage\":\"lv-LV\",\"@id\":\"https:\\\/\\\/miumjau.ee\\\/#\\\/schema\\\/logo\\\/image\\\/\",\"url\":\"https:\\\/\\\/miumjau.ee\\\/wp-content\\\/uploads\\\/2022\\\/04\\\/MiuMjau-logo-kollane.png\",\"contentUrl\":\"https:\\\/\\\/miumjau.ee\\\/wp-content\\\/uploads\\\/2022\\\/04\\\/MiuMjau-logo-kollane.png\",\"width\":219,\"height\":100,\"caption\":\"MiuMjau O\u00dc\"},\"image\":{\"@id\":\"https:\\\/\\\/miumjau.ee\\\/#\\\/schema\\\/logo\\\/image\\\/\"},\"sameAs\":[\"https:\\\/\\\/www.facebook.com\\\/miumjaupood\\\/\"]}]}<\/script>\n<!-- \/ Yoast SEO plugin. -->","yoast_head_json":{"title":"Ka\u0137u dzeramais str\u016bklaka Petrebels Spring 20, melna - MiuMjau","robots":{"index":"index","follow":"follow","max-snippet":"max-snippet:-1","max-image-preview":"max-image-preview:large","max-video-preview":"max-video-preview:-1"},"canonical":"https:\/\/miumjau.ee\/lv\/produkts\/kaku-dzeramais-struklaka-petrebels-spring-20-melna\/","og_locale":"lv_LV","og_type":"article","og_title":"Ka\u0137u dzeramais str\u016bklaka Petrebels Spring 20, melna - MiuMjau","og_description":"Vienm\u0113r svaigs teko\u0161s \u016bdens j\u016bsu ka\u0137im! Paldiniet savu ka\u0137i ar Spring 20 dzeramo str\u016bklaku \u2013 skaisti veidotu \u016bdens avotu, no kura patie\u0161\u0101m pl\u016bst \u016bdens. Pateicoties 360 gr\u0101du \u016bdens str\u016bklas du\u0161as galvi\u0146ai, \u016bdens pl\u016bst nep\u0101rtraukti, kas mudina ka\u0137i bie\u017e\u0101k dzert \u2013 tie\u0161i to, kas vajadz\u012bgs vesel\u012bbas uztur\u0113\u0161anai. Str\u016bklakas s\u016bknis darbojas \u012bpa\u0161i klusi (&gt; 35 dB), t\u0101p\u0113c to gandr\u012bz nevar dzird\u0113t. Tvertne sp\u0113j uzglab\u0101t 2,4 litrus \u016bdens, un gudr\u0101 filtru sist\u0113ma uztur \u016bdeni t\u012bru un bez bakt\u0113rij\u0101m. Papildu \u0113rt\u012bba: caur caursp\u012bd\u012bgo logu var prec\u012bzi redz\u0113t, cik daudz \u016bdens ir atlicis. Vakar\u0101 LED apgaismojums pal\u012bdz \u016bdeni viegli paman\u012bt. Produkta \u012bpa\u0161\u012bbas:     Izm\u0113ri: \u00d8 20,10 cm, augstums 14,5 cm    Viegli t\u012br\u0101ma    Mazg\u0101jama trauku mazg\u0101jamaj\u0101 ma\u0161\u012bn\u0101 l\u012bdz 60 \u00b0C    Izgatavota no p\u0101rtikas kvalit\u0101tes ABS materi\u0101la    Darbojas ar vadu (USB l\u0101d\u0113t\u0101js un adapteris komplekt\u0101)    Filtri pieejami atsevi\u0161\u0137i","og_url":"https:\/\/miumjau.ee\/lv\/produkts\/kaku-dzeramais-struklaka-petrebels-spring-20-melna\/","og_site_name":"MiuMjau","article_publisher":"https:\/\/www.facebook.com\/miumjaupood\/","article_modified_time":"2026-01-07T19:20:45+00:00","og_image":[{"width":600,"height":800,"url":"https:\/\/miumjau.ee\/wp-content\/uploads\/2025\/09\/kasside-joogipurskkaev-spring202.jpg","type":"image\/jpeg"}],"twitter_card":"summary_large_image","schema":{"@context":"https:\/\/schema.org","@graph":[{"@type":"WebPage","@id":"https:\/\/miumjau.ee\/lv\/produkts\/kaku-dzeramais-struklaka-petrebels-spring-20-melna\/","url":"https:\/\/miumjau.ee\/lv\/produkts\/kaku-dzeramais-struklaka-petrebels-spring-20-melna\/","name":"Ka\u0137u dzeramais str\u016bklaka Petrebels Spring 20, melna - MiuMjau","isPartOf":{"@id":"https:\/\/miumjau.ee\/#website"},"primaryImageOfPage":{"@id":"https:\/\/miumjau.ee\/lv\/produkts\/kaku-dzeramais-struklaka-petrebels-spring-20-melna\/#primaryimage"},"image":{"@id":"https:\/\/miumjau.ee\/lv\/produkts\/kaku-dzeramais-struklaka-petrebels-spring-20-melna\/#primaryimage"},"thumbnailUrl":"https:\/\/miumjau.ee\/wp-content\/uploads\/2025\/09\/kasside-joogipurskkaev-spring202.jpg","datePublished":"2025-09-03T07:59:14+00:00","dateModified":"2026-01-07T19:20:45+00:00","breadcrumb":{"@id":"https:\/\/miumjau.ee\/lv\/produkts\/kaku-dzeramais-struklaka-petrebels-spring-20-melna\/#breadcrumb"},"inLanguage":"lv-LV","potentialAction":[{"@type":"ReadAction","target":["https:\/\/miumjau.ee\/lv\/produkts\/kaku-dzeramais-struklaka-petrebels-spring-20-melna\/"]}]},{"@type":"ImageObject","inLanguage":"lv-LV","@id":"https:\/\/miumjau.ee\/lv\/produkts\/kaku-dzeramais-struklaka-petrebels-spring-20-melna\/#primaryimage","url":"https:\/\/miumjau.ee\/wp-content\/uploads\/2025\/09\/kasside-joogipurskkaev-spring202.jpg","contentUrl":"https:\/\/miumjau.ee\/wp-content\/uploads\/2025\/09\/kasside-joogipurskkaev-spring202.jpg","width":600,"height":800,"caption":"Kasside joogi purskkaev Petrebels Spring 20, must"},{"@type":"BreadcrumbList","@id":"https:\/\/miumjau.ee\/lv\/produkts\/kaku-dzeramais-struklaka-petrebels-spring-20-melna\/#breadcrumb","itemListElement":[{"@type":"ListItem","position":1,"name":"Home","item":"https:\/\/miumjau.ee\/lv\/"},{"@type":"ListItem","position":2,"name":"Veikals","item":"https:\/\/miumjau.ee\/lv\/veikals\/"},{"@type":"ListItem","position":3,"name":"Ka\u0137u dzeramais str\u016bklaka Petrebels Spring 20, melna"}]},{"@type":"WebSite","@id":"https:\/\/miumjau.ee\/#website","url":"https:\/\/miumjau.ee\/","name":"MiuMjau","description":"Kraapimispuud kassidele","publisher":{"@id":"https:\/\/miumjau.ee\/#organization"},"potentialAction":[{"@type":"SearchAction","target":{"@type":"EntryPoint","urlTemplate":"https:\/\/miumjau.ee\/?s={search_term_string}"},"query-input":{"@type":"PropertyValueSpecification","valueRequired":true,"valueName":"search_term_string"}}],"inLanguage":"lv-LV"},{"@type":"Organization","@id":"https:\/\/miumjau.ee\/#organization","name":"MiuMjau O\u00dc","url":"https:\/\/miumjau.ee\/","logo":{"@type":"ImageObject","inLanguage":"lv-LV","@id":"https:\/\/miumjau.ee\/#\/schema\/logo\/image\/","url":"https:\/\/miumjau.ee\/wp-content\/uploads\/2022\/04\/MiuMjau-logo-kollane.png","contentUrl":"https:\/\/miumjau.ee\/wp-content\/uploads\/2022\/04\/MiuMjau-logo-kollane.png","width":219,"height":100,"caption":"MiuMjau O\u00dc"},"image":{"@id":"https:\/\/miumjau.ee\/#\/schema\/logo\/image\/"},"sameAs":["https:\/\/www.facebook.com\/miumjaupood\/"]}]}},"_links":{"self":[{"href":"https:\/\/miumjau.ee\/lv\/wp-json\/wp\/v2\/product\/47829","targetHints":{"allow":["GET"]}}],"collection":[{"href":"https:\/\/miumjau.ee\/lv\/wp-json\/wp\/v2\/product"}],"about":[{"href":"https:\/\/miumjau.ee\/lv\/wp-json\/wp\/v2\/types\/product"}],"wp:featuredmedia":[{"embeddable":true,"href":"https:\/\/miumjau.ee\/lv\/wp-json\/wp\/v2\/media\/44709"}],"wp:attachment":[{"href":"https:\/\/miumjau.ee\/lv\/wp-json\/wp\/v2\/media?parent=47829"}],"wp:term":[{"taxonomy":"product_brand","embeddable":true,"href":"https:\/\/miumjau.ee\/lv\/wp-json\/wp\/v2\/product_brand?post=47829"},{"taxonomy":"product_cat","embeddable":true,"href":"https:\/\/miumjau.ee\/lv\/wp-json\/wp\/v2\/product_cat?post=47829"},{"taxonomy":"product_tag","embeddable":true,"href":"https:\/\/miumjau.ee\/lv\/wp-json\/wp\/v2\/product_tag?post=47829"}],"curies":[{"name":"wp","href":"https:\/\/api.w.org\/{rel}","templated":true}]}}