{"id":47827,"date":"2025-09-03T10:53:46","date_gmt":"2025-09-03T07:53:46","guid":{"rendered":"https:\/\/miumjau.ee\/toode\/automatiska-petrebels-kaku-dzirdinataja-filtrs\/"},"modified":"2026-01-07T21:20:52","modified_gmt":"2026-01-07T19:20:52","slug":"automatiska-petrebels-kaku-dzirdinataja-filtrs","status":"publish","type":"product","link":"https:\/\/miumjau.ee\/lv\/produkts\/automatiska-petrebels-kaku-dzirdinataja-filtrs\/","title":{"rendered":"Autom\u0101tisk\u0101 Petrebels ka\u0137u dzirdin\u0101t\u0101ja filtrs"},"content":{"rendered":"","protected":false},"excerpt":{"rendered":"<p data-start=\"107\" data-end=\"152\"><strong data-start=\"107\" data-end=\"150\">Filtru komplekts dzirdin\u0101t\u0101jiem, 3 gab.<\/strong><\/p>\n<p data-start=\"154\" data-end=\"251\">\u0160aj\u0101 filtru komplekt\u0101 ir 3 filtri un 3 s\u016bk\u013ci, kas piem\u0113roti JET 19 un Spring 20 dzirdin\u0101t\u0101jiem.<\/p>\n<p data-start=\"253\" data-end=\"373\">\u016adens filtru ir viegli nomain\u012bt, un, lai nodro\u0161in\u0101tu svaigu un t\u012bru \u016bdeni, ieteicams filtru main\u012bt ik p\u0113c 2\u20134 ned\u0113\u013c\u0101m.<\/p>\n<p data-start=\"375\" data-end=\"548\">Filtr\u0101 ir daudzsl\u0101\u0146u sist\u0113ma, kas vienm\u0113r nodro\u0161ina j\u016bsu m\u0101jdz\u012bvniekam t\u012bru dzeramo \u016bdeni. Filtri sast\u0101v no trim kamer\u0101m un speci\u0101la PP kokvilnas sl\u0101\u0146a. Filtru kamer\u0101s ir:<\/p>\n<ul data-start=\"550\" data-end=\"965\">\n<li data-start=\"550\" data-end=\"723\">\n<p data-start=\"552\" data-end=\"723\"><strong data-start=\"552\" data-end=\"566\">KDF filtrs<\/strong> \u2013 samazina vai no\u0146em hloru, dzelzi, s\u0113r\u016bde\u0146radi, svinu, dz\u012bvsudrabu un citus smagos met\u0101lus no kr\u0101na \u016bdens. Papildus kav\u0113 bakt\u0113riju, a\u013c\u0123u un s\u0113\u0146u aug\u0161anu.<\/p>\n<\/li>\n<li data-start=\"724\" data-end=\"894\">\n<p data-start=\"726\" data-end=\"894\"><strong data-start=\"726\" data-end=\"741\">Akt\u012bv\u0101 ogle<\/strong> \u2013 no\u0146em hloru, \u0137\u012bmiskas vielas un nepat\u012bkamas gar\u0161as un smakas, nodro\u0161inot vienk\u0101r\u0161u, bet efekt\u012bvu risin\u0101jumu t\u012br\u0101kam un gar\u0161\u012bg\u0101kam dzeramajam \u016bdenim.<\/p>\n<\/li>\n<li data-start=\"895\" data-end=\"965\">\n<p data-start=\"897\" data-end=\"965\"><strong data-start=\"897\" data-end=\"920\">Jonu apmai\u0146as sve\u0137i<\/strong> \u2013 no\u0146em kalciju un magniju no kr\u0101na \u016bdens.<\/p>\n<\/li>\n<\/ul>\n<p data-start=\"967\" data-end=\"1099\" data-is-last-node=\"\" data-is-only-node=\"\">Komplekt\u0101 ietilpst ar\u012b 3 atsevi\u0161\u0137i s\u016bk\u013ci filtra s\u016bknim. S\u016bk\u013ci aizsarg\u0101 s\u016bk\u0146a rotoru, un tos ar\u012b ieteicams main\u012bt ik p\u0113c 2\u20134 ned\u0113\u013c\u0101m.<\/p>\n","protected":false},"featured_media":44705,"template":"","meta":[],"product_brand":[],"product_cat":[572,573],"product_tag":[],"class_list":{"0":"post-47827","1":"product","2":"type-product","3":"status-publish","4":"has-post-thumbnail","6":"product_cat-ediena-trauki-kakiem","7":"product_cat-kaup24-lv","9":"first","10":"instock","11":"taxable","12":"shipping-taxable","13":"purchasable","14":"product-type-simple"},"yoast_head":"<!-- This site is optimized with the Yoast SEO plugin v27.4 - https:\/\/yoast.com\/product\/yoast-seo-wordpress\/ -->\n<title>Autom\u0101tisk\u0101 Petrebels ka\u0137u dzirdin\u0101t\u0101ja filtrs - MiuMjau<\/title>\n<meta name=\"robots\" content=\"index, follow, max-snippet:-1, max-image-preview:large, max-video-preview:-1\" \/>\n<link rel=\"canonical\" href=\"https:\/\/miumjau.ee\/lv\/produkts\/automatiska-petrebels-kaku-dzirdinataja-filtrs\/\" \/>\n<meta property=\"og:locale\" content=\"lv_LV\" \/>\n<meta property=\"og:type\" content=\"article\" \/>\n<meta property=\"og:title\" content=\"Autom\u0101tisk\u0101 Petrebels ka\u0137u dzirdin\u0101t\u0101ja filtrs - MiuMjau\" \/>\n<meta property=\"og:description\" content=\"Filtru komplekts dzirdin\u0101t\u0101jiem, 3 gab. \u0160aj\u0101 filtru komplekt\u0101 ir 3 filtri un 3 s\u016bk\u013ci, kas piem\u0113roti JET 19 un Spring 20 dzirdin\u0101t\u0101jiem. \u016adens filtru ir viegli nomain\u012bt, un, lai nodro\u0161in\u0101tu svaigu un t\u012bru \u016bdeni, ieteicams filtru main\u012bt ik p\u0113c 2\u20134 ned\u0113\u013c\u0101m. Filtr\u0101 ir daudzsl\u0101\u0146u sist\u0113ma, kas vienm\u0113r nodro\u0161ina j\u016bsu m\u0101jdz\u012bvniekam t\u012bru dzeramo \u016bdeni. Filtri sast\u0101v no trim kamer\u0101m un speci\u0101la PP kokvilnas sl\u0101\u0146a. Filtru kamer\u0101s ir:     KDF filtrs \u2013 samazina vai no\u0146em hloru, dzelzi, s\u0113r\u016bde\u0146radi, svinu, dz\u012bvsudrabu un citus smagos met\u0101lus no kr\u0101na \u016bdens. Papildus kav\u0113 bakt\u0113riju, a\u013c\u0123u un s\u0113\u0146u aug\u0161anu.    Akt\u012bv\u0101 ogle \u2013 no\u0146em hloru, \u0137\u012bmiskas vielas un nepat\u012bkamas gar\u0161as un smakas, nodro\u0161inot vienk\u0101r\u0161u, bet efekt\u012bvu risin\u0101jumu t\u012br\u0101kam un gar\u0161\u012bg\u0101kam dzeramajam \u016bdenim.    Jonu apmai\u0146as sve\u0137i \u2013 no\u0146em kalciju un magniju no kr\u0101na \u016bdens.   Komplekt\u0101 ietilpst ar\u012b 3 atsevi\u0161\u0137i s\u016bk\u013ci filtra s\u016bknim. S\u016bk\u013ci aizsarg\u0101 s\u016bk\u0146a rotoru, un tos ar\u012b ieteicams main\u012bt ik p\u0113c 2\u20134 ned\u0113\u013c\u0101m.\" \/>\n<meta property=\"og:url\" content=\"https:\/\/miumjau.ee\/lv\/produkts\/automatiska-petrebels-kaku-dzirdinataja-filtrs\/\" \/>\n<meta property=\"og:site_name\" content=\"MiuMjau\" \/>\n<meta property=\"article:publisher\" content=\"https:\/\/www.facebook.com\/miumjaupood\/\" \/>\n<meta property=\"article:modified_time\" content=\"2026-01-07T19:20:52+00:00\" \/>\n<meta property=\"og:image\" content=\"https:\/\/miumjau.ee\/wp-content\/uploads\/2025\/09\/kassi-automaatse-veenou-filter2.jpg\" \/>\n\t<meta property=\"og:image:width\" content=\"600\" \/>\n\t<meta property=\"og:image:height\" content=\"800\" \/>\n\t<meta property=\"og:image:type\" content=\"image\/jpeg\" \/>\n<meta name=\"twitter:card\" content=\"summary_large_image\" \/>\n<script type=\"application\/ld+json\" class=\"yoast-schema-graph\">{\"@context\":\"https:\\\/\\\/schema.org\",\"@graph\":[{\"@type\":\"WebPage\",\"@id\":\"https:\\\/\\\/miumjau.ee\\\/lv\\\/produkts\\\/automatiska-petrebels-kaku-dzirdinataja-filtrs\\\/\",\"url\":\"https:\\\/\\\/miumjau.ee\\\/lv\\\/produkts\\\/automatiska-petrebels-kaku-dzirdinataja-filtrs\\\/\",\"name\":\"Autom\u0101tisk\u0101 Petrebels ka\u0137u dzirdin\u0101t\u0101ja filtrs - MiuMjau\",\"isPartOf\":{\"@id\":\"https:\\\/\\\/miumjau.ee\\\/#website\"},\"primaryImageOfPage\":{\"@id\":\"https:\\\/\\\/miumjau.ee\\\/lv\\\/produkts\\\/automatiska-petrebels-kaku-dzirdinataja-filtrs\\\/#primaryimage\"},\"image\":{\"@id\":\"https:\\\/\\\/miumjau.ee\\\/lv\\\/produkts\\\/automatiska-petrebels-kaku-dzirdinataja-filtrs\\\/#primaryimage\"},\"thumbnailUrl\":\"https:\\\/\\\/miumjau.ee\\\/wp-content\\\/uploads\\\/2025\\\/09\\\/kassi-automaatse-veenou-filter2.jpg\",\"datePublished\":\"2025-09-03T07:53:46+00:00\",\"dateModified\":\"2026-01-07T19:20:52+00:00\",\"breadcrumb\":{\"@id\":\"https:\\\/\\\/miumjau.ee\\\/lv\\\/produkts\\\/automatiska-petrebels-kaku-dzirdinataja-filtrs\\\/#breadcrumb\"},\"inLanguage\":\"lv-LV\",\"potentialAction\":[{\"@type\":\"ReadAction\",\"target\":[\"https:\\\/\\\/miumjau.ee\\\/lv\\\/produkts\\\/automatiska-petrebels-kaku-dzirdinataja-filtrs\\\/\"]}]},{\"@type\":\"ImageObject\",\"inLanguage\":\"lv-LV\",\"@id\":\"https:\\\/\\\/miumjau.ee\\\/lv\\\/produkts\\\/automatiska-petrebels-kaku-dzirdinataja-filtrs\\\/#primaryimage\",\"url\":\"https:\\\/\\\/miumjau.ee\\\/wp-content\\\/uploads\\\/2025\\\/09\\\/kassi-automaatse-veenou-filter2.jpg\",\"contentUrl\":\"https:\\\/\\\/miumjau.ee\\\/wp-content\\\/uploads\\\/2025\\\/09\\\/kassi-automaatse-veenou-filter2.jpg\",\"width\":600,\"height\":800},{\"@type\":\"BreadcrumbList\",\"@id\":\"https:\\\/\\\/miumjau.ee\\\/lv\\\/produkts\\\/automatiska-petrebels-kaku-dzirdinataja-filtrs\\\/#breadcrumb\",\"itemListElement\":[{\"@type\":\"ListItem\",\"position\":1,\"name\":\"Home\",\"item\":\"https:\\\/\\\/miumjau.ee\\\/lv\\\/\"},{\"@type\":\"ListItem\",\"position\":2,\"name\":\"Veikals\",\"item\":\"https:\\\/\\\/miumjau.ee\\\/lv\\\/veikals\\\/\"},{\"@type\":\"ListItem\",\"position\":3,\"name\":\"Autom\u0101tisk\u0101 Petrebels ka\u0137u dzirdin\u0101t\u0101ja filtrs\"}]},{\"@type\":\"WebSite\",\"@id\":\"https:\\\/\\\/miumjau.ee\\\/#website\",\"url\":\"https:\\\/\\\/miumjau.ee\\\/\",\"name\":\"MiuMjau\",\"description\":\"Kraapimispuud kassidele\",\"publisher\":{\"@id\":\"https:\\\/\\\/miumjau.ee\\\/#organization\"},\"potentialAction\":[{\"@type\":\"SearchAction\",\"target\":{\"@type\":\"EntryPoint\",\"urlTemplate\":\"https:\\\/\\\/miumjau.ee\\\/?s={search_term_string}\"},\"query-input\":{\"@type\":\"PropertyValueSpecification\",\"valueRequired\":true,\"valueName\":\"search_term_string\"}}],\"inLanguage\":\"lv-LV\"},{\"@type\":\"Organization\",\"@id\":\"https:\\\/\\\/miumjau.ee\\\/#organization\",\"name\":\"MiuMjau O\u00dc\",\"url\":\"https:\\\/\\\/miumjau.ee\\\/\",\"logo\":{\"@type\":\"ImageObject\",\"inLanguage\":\"lv-LV\",\"@id\":\"https:\\\/\\\/miumjau.ee\\\/#\\\/schema\\\/logo\\\/image\\\/\",\"url\":\"https:\\\/\\\/miumjau.ee\\\/wp-content\\\/uploads\\\/2022\\\/04\\\/MiuMjau-logo-kollane.png\",\"contentUrl\":\"https:\\\/\\\/miumjau.ee\\\/wp-content\\\/uploads\\\/2022\\\/04\\\/MiuMjau-logo-kollane.png\",\"width\":219,\"height\":100,\"caption\":\"MiuMjau O\u00dc\"},\"image\":{\"@id\":\"https:\\\/\\\/miumjau.ee\\\/#\\\/schema\\\/logo\\\/image\\\/\"},\"sameAs\":[\"https:\\\/\\\/www.facebook.com\\\/miumjaupood\\\/\"]}]}<\/script>\n<!-- \/ Yoast SEO plugin. -->","yoast_head_json":{"title":"Autom\u0101tisk\u0101 Petrebels ka\u0137u dzirdin\u0101t\u0101ja filtrs - MiuMjau","robots":{"index":"index","follow":"follow","max-snippet":"max-snippet:-1","max-image-preview":"max-image-preview:large","max-video-preview":"max-video-preview:-1"},"canonical":"https:\/\/miumjau.ee\/lv\/produkts\/automatiska-petrebels-kaku-dzirdinataja-filtrs\/","og_locale":"lv_LV","og_type":"article","og_title":"Autom\u0101tisk\u0101 Petrebels ka\u0137u dzirdin\u0101t\u0101ja filtrs - MiuMjau","og_description":"Filtru komplekts dzirdin\u0101t\u0101jiem, 3 gab. \u0160aj\u0101 filtru komplekt\u0101 ir 3 filtri un 3 s\u016bk\u013ci, kas piem\u0113roti JET 19 un Spring 20 dzirdin\u0101t\u0101jiem. \u016adens filtru ir viegli nomain\u012bt, un, lai nodro\u0161in\u0101tu svaigu un t\u012bru \u016bdeni, ieteicams filtru main\u012bt ik p\u0113c 2\u20134 ned\u0113\u013c\u0101m. Filtr\u0101 ir daudzsl\u0101\u0146u sist\u0113ma, kas vienm\u0113r nodro\u0161ina j\u016bsu m\u0101jdz\u012bvniekam t\u012bru dzeramo \u016bdeni. Filtri sast\u0101v no trim kamer\u0101m un speci\u0101la PP kokvilnas sl\u0101\u0146a. Filtru kamer\u0101s ir:     KDF filtrs \u2013 samazina vai no\u0146em hloru, dzelzi, s\u0113r\u016bde\u0146radi, svinu, dz\u012bvsudrabu un citus smagos met\u0101lus no kr\u0101na \u016bdens. Papildus kav\u0113 bakt\u0113riju, a\u013c\u0123u un s\u0113\u0146u aug\u0161anu.    Akt\u012bv\u0101 ogle \u2013 no\u0146em hloru, \u0137\u012bmiskas vielas un nepat\u012bkamas gar\u0161as un smakas, nodro\u0161inot vienk\u0101r\u0161u, bet efekt\u012bvu risin\u0101jumu t\u012br\u0101kam un gar\u0161\u012bg\u0101kam dzeramajam \u016bdenim.    Jonu apmai\u0146as sve\u0137i \u2013 no\u0146em kalciju un magniju no kr\u0101na \u016bdens.   Komplekt\u0101 ietilpst ar\u012b 3 atsevi\u0161\u0137i s\u016bk\u013ci filtra s\u016bknim. S\u016bk\u013ci aizsarg\u0101 s\u016bk\u0146a rotoru, un tos ar\u012b ieteicams main\u012bt ik p\u0113c 2\u20134 ned\u0113\u013c\u0101m.","og_url":"https:\/\/miumjau.ee\/lv\/produkts\/automatiska-petrebels-kaku-dzirdinataja-filtrs\/","og_site_name":"MiuMjau","article_publisher":"https:\/\/www.facebook.com\/miumjaupood\/","article_modified_time":"2026-01-07T19:20:52+00:00","og_image":[{"width":600,"height":800,"url":"https:\/\/miumjau.ee\/wp-content\/uploads\/2025\/09\/kassi-automaatse-veenou-filter2.jpg","type":"image\/jpeg"}],"twitter_card":"summary_large_image","schema":{"@context":"https:\/\/schema.org","@graph":[{"@type":"WebPage","@id":"https:\/\/miumjau.ee\/lv\/produkts\/automatiska-petrebels-kaku-dzirdinataja-filtrs\/","url":"https:\/\/miumjau.ee\/lv\/produkts\/automatiska-petrebels-kaku-dzirdinataja-filtrs\/","name":"Autom\u0101tisk\u0101 Petrebels ka\u0137u dzirdin\u0101t\u0101ja filtrs - MiuMjau","isPartOf":{"@id":"https:\/\/miumjau.ee\/#website"},"primaryImageOfPage":{"@id":"https:\/\/miumjau.ee\/lv\/produkts\/automatiska-petrebels-kaku-dzirdinataja-filtrs\/#primaryimage"},"image":{"@id":"https:\/\/miumjau.ee\/lv\/produkts\/automatiska-petrebels-kaku-dzirdinataja-filtrs\/#primaryimage"},"thumbnailUrl":"https:\/\/miumjau.ee\/wp-content\/uploads\/2025\/09\/kassi-automaatse-veenou-filter2.jpg","datePublished":"2025-09-03T07:53:46+00:00","dateModified":"2026-01-07T19:20:52+00:00","breadcrumb":{"@id":"https:\/\/miumjau.ee\/lv\/produkts\/automatiska-petrebels-kaku-dzirdinataja-filtrs\/#breadcrumb"},"inLanguage":"lv-LV","potentialAction":[{"@type":"ReadAction","target":["https:\/\/miumjau.ee\/lv\/produkts\/automatiska-petrebels-kaku-dzirdinataja-filtrs\/"]}]},{"@type":"ImageObject","inLanguage":"lv-LV","@id":"https:\/\/miumjau.ee\/lv\/produkts\/automatiska-petrebels-kaku-dzirdinataja-filtrs\/#primaryimage","url":"https:\/\/miumjau.ee\/wp-content\/uploads\/2025\/09\/kassi-automaatse-veenou-filter2.jpg","contentUrl":"https:\/\/miumjau.ee\/wp-content\/uploads\/2025\/09\/kassi-automaatse-veenou-filter2.jpg","width":600,"height":800},{"@type":"BreadcrumbList","@id":"https:\/\/miumjau.ee\/lv\/produkts\/automatiska-petrebels-kaku-dzirdinataja-filtrs\/#breadcrumb","itemListElement":[{"@type":"ListItem","position":1,"name":"Home","item":"https:\/\/miumjau.ee\/lv\/"},{"@type":"ListItem","position":2,"name":"Veikals","item":"https:\/\/miumjau.ee\/lv\/veikals\/"},{"@type":"ListItem","position":3,"name":"Autom\u0101tisk\u0101 Petrebels ka\u0137u dzirdin\u0101t\u0101ja filtrs"}]},{"@type":"WebSite","@id":"https:\/\/miumjau.ee\/#website","url":"https:\/\/miumjau.ee\/","name":"MiuMjau","description":"Kraapimispuud kassidele","publisher":{"@id":"https:\/\/miumjau.ee\/#organization"},"potentialAction":[{"@type":"SearchAction","target":{"@type":"EntryPoint","urlTemplate":"https:\/\/miumjau.ee\/?s={search_term_string}"},"query-input":{"@type":"PropertyValueSpecification","valueRequired":true,"valueName":"search_term_string"}}],"inLanguage":"lv-LV"},{"@type":"Organization","@id":"https:\/\/miumjau.ee\/#organization","name":"MiuMjau O\u00dc","url":"https:\/\/miumjau.ee\/","logo":{"@type":"ImageObject","inLanguage":"lv-LV","@id":"https:\/\/miumjau.ee\/#\/schema\/logo\/image\/","url":"https:\/\/miumjau.ee\/wp-content\/uploads\/2022\/04\/MiuMjau-logo-kollane.png","contentUrl":"https:\/\/miumjau.ee\/wp-content\/uploads\/2022\/04\/MiuMjau-logo-kollane.png","width":219,"height":100,"caption":"MiuMjau O\u00dc"},"image":{"@id":"https:\/\/miumjau.ee\/#\/schema\/logo\/image\/"},"sameAs":["https:\/\/www.facebook.com\/miumjaupood\/"]}]}},"_links":{"self":[{"href":"https:\/\/miumjau.ee\/lv\/wp-json\/wp\/v2\/product\/47827","targetHints":{"allow":["GET"]}}],"collection":[{"href":"https:\/\/miumjau.ee\/lv\/wp-json\/wp\/v2\/product"}],"about":[{"href":"https:\/\/miumjau.ee\/lv\/wp-json\/wp\/v2\/types\/product"}],"wp:featuredmedia":[{"embeddable":true,"href":"https:\/\/miumjau.ee\/lv\/wp-json\/wp\/v2\/media\/44705"}],"wp:attachment":[{"href":"https:\/\/miumjau.ee\/lv\/wp-json\/wp\/v2\/media?parent=47827"}],"wp:term":[{"taxonomy":"product_brand","embeddable":true,"href":"https:\/\/miumjau.ee\/lv\/wp-json\/wp\/v2\/product_brand?post=47827"},{"taxonomy":"product_cat","embeddable":true,"href":"https:\/\/miumjau.ee\/lv\/wp-json\/wp\/v2\/product_cat?post=47827"},{"taxonomy":"product_tag","embeddable":true,"href":"https:\/\/miumjau.ee\/lv\/wp-json\/wp\/v2\/product_tag?post=47827"}],"curies":[{"name":"wp","href":"https:\/\/api.w.org\/{rel}","templated":true}]}}