{"id":47821,"date":"2025-09-03T10:30:26","date_gmt":"2025-09-03T07:30:26","guid":{"rendered":"https:\/\/miumjau.ee\/toode\/kapsanas-koks-petrebels-panorama-185-off-white\/"},"modified":"2026-01-07T21:20:52","modified_gmt":"2026-01-07T19:20:52","slug":"kapsanas-koks-petrebels-panorama-185-off-white","status":"publish","type":"product","link":"https:\/\/miumjau.ee\/lv\/produkts\/kapsanas-koks-petrebels-panorama-185-off-white\/","title":{"rendered":"K\u0101p\u0161anas koks Petrebels Panorama 185, off white"},"content":{"rendered":"","protected":false},"excerpt":{"rendered":"<p data-start=\"108\" data-end=\"168\"><strong data-start=\"108\" data-end=\"166\">Ka\u0137u tornis augstiem gul\u0113t\u0101jiem un k\u0101p\u0161anas meistariem<\/strong><\/p>\n<p data-start=\"170\" data-end=\"577\">Panorama 185 nav tikai k\u0101p\u0161anas koks \u2013 tas ir ac\u012bm t\u012bkams dizaina elements. Tas ir augsts, stabils un piln\u012bb\u0101 izstr\u0101d\u0101ts l\u012bdz perfekcijai. \u0160is ka\u0137u tornis ir rad\u012bts, lai piesaist\u012btu uzman\u012bbu \u2013 un tas nav p\u0101rsteigums, jo dizains ir skaists, augstums iespaid\u012bgs, un iesp\u0113ju daudzums \u2013 bezgal\u012bgs! No skr\u0101p\u0113\u0161anas un k\u0101p\u0161anas l\u012bdz atp\u016btai un sl\u0113p\u0161an\u0101s sp\u0113l\u0113m tunel\u012b \u2013 \u0161aj\u0101 torn\u012b ir viss, ko ka\u0137is var v\u0113l\u0113ties.<\/p>\n<p data-start=\"579\" data-end=\"858\">\u0160is ka\u0137u koks ir ide\u0101li piem\u0113rots liel\u0101m ka\u0137u \u0161\u0137irn\u0113m, piem\u0113ram, Maine Coon vai Norv\u0113\u0123ijas me\u017ea ka\u0137iem, bet ar\u012b maz\u0101kiem ka\u0137iem vai vec\u0101kiem ka\u0137iem, kas dod priek\u0161roku mier\u012bg\u0101kai dz\u012bvei. Papildu \u0113rt\u012bba: spilveni un \u0161\u016bpu\u013ct\u012bkls ir mazg\u0101jami ve\u013cas ma\u0161\u012bn\u0101 \u2013 vienk\u0101r\u0161i un praktiski!<\/p>\n<p data-start=\"860\" data-end=\"884\"><strong data-start=\"860\" data-end=\"882\">Produkta \u012bpa\u0161\u012bbas:<\/strong><\/p>\n<ul data-start=\"885\" data-end=\"1139\" data-is-only-node=\"\">\n<li data-start=\"885\" data-end=\"941\">\n<p data-start=\"887\" data-end=\"941\">Izm\u0113ri: garums 78 cm, platums 58 cm, augstums 185 cm<\/p>\n<\/li>\n<li data-start=\"942\" data-end=\"984\">\n<p data-start=\"944\" data-end=\"984\">Piln\u012bb\u0101 p\u0101rkl\u0101ts ar super m\u012bkstu pl\u012b\u0161u<\/p>\n<\/li>\n<li data-start=\"985\" data-end=\"1028\">\n<p data-start=\"987\" data-end=\"1028\">Piem\u0113rots ar\u012b lieliem un smagiem ka\u0137iem<\/p>\n<\/li>\n<li data-start=\"1029\" data-end=\"1092\">\n<p data-start=\"1031\" data-end=\"1092\">Ietver 3 \u0161\u016bpu\u013ct\u012bklus, sp\u0113\u013cu tuneli un m\u0101j\u012bgu XXL gu\u013camt\u012bklu<\/p>\n<\/li>\n<li data-start=\"1093\" data-end=\"1139\">\n<p data-start=\"1095\" data-end=\"1139\">Pieg\u0101d\u0101ts 4 kast\u0113s, kop\u0113jais svars 60,9 kg<\/p>\n<\/li>\n<\/ul>\n","protected":false},"featured_media":47826,"template":"","meta":[],"product_brand":[],"product_cat":[573,584,583],"product_tag":[],"class_list":{"0":"post-47821","1":"product","2":"type-product","3":"status-publish","4":"has-post-thumbnail","6":"product_cat-kaup24-lv","7":"product_cat-lieli-skrapesanas-koki","8":"product_cat-petrebels-produkti-smagiem-kakiem","9":"product_shipping_class-pakiautomaati-sobimatu-lv","11":"first","12":"instock","13":"sale","14":"taxable","15":"shipping-taxable","16":"purchasable","17":"product-type-simple"},"yoast_head":"<!-- This site is optimized with the Yoast SEO plugin v27.4 - https:\/\/yoast.com\/product\/yoast-seo-wordpress\/ -->\n<title>K\u0101p\u0161anas koks Petrebels Panorama 185, off white - MiuMjau<\/title>\n<meta name=\"robots\" content=\"index, follow, max-snippet:-1, max-image-preview:large, max-video-preview:-1\" \/>\n<link rel=\"canonical\" href=\"https:\/\/miumjau.ee\/lv\/produkts\/kapsanas-koks-petrebels-panorama-185-off-white\/\" \/>\n<meta property=\"og:locale\" content=\"lv_LV\" \/>\n<meta property=\"og:type\" content=\"article\" \/>\n<meta property=\"og:title\" content=\"K\u0101p\u0161anas koks Petrebels Panorama 185, off white - MiuMjau\" \/>\n<meta property=\"og:description\" content=\"Ka\u0137u tornis augstiem gul\u0113t\u0101jiem un k\u0101p\u0161anas meistariem Panorama 185 nav tikai k\u0101p\u0161anas koks \u2013 tas ir ac\u012bm t\u012bkams dizaina elements. Tas ir augsts, stabils un piln\u012bb\u0101 izstr\u0101d\u0101ts l\u012bdz perfekcijai. \u0160is ka\u0137u tornis ir rad\u012bts, lai piesaist\u012btu uzman\u012bbu \u2013 un tas nav p\u0101rsteigums, jo dizains ir skaists, augstums iespaid\u012bgs, un iesp\u0113ju daudzums \u2013 bezgal\u012bgs! No skr\u0101p\u0113\u0161anas un k\u0101p\u0161anas l\u012bdz atp\u016btai un sl\u0113p\u0161an\u0101s sp\u0113l\u0113m tunel\u012b \u2013 \u0161aj\u0101 torn\u012b ir viss, ko ka\u0137is var v\u0113l\u0113ties. \u0160is ka\u0137u koks ir ide\u0101li piem\u0113rots liel\u0101m ka\u0137u \u0161\u0137irn\u0113m, piem\u0113ram, Maine Coon vai Norv\u0113\u0123ijas me\u017ea ka\u0137iem, bet ar\u012b maz\u0101kiem ka\u0137iem vai vec\u0101kiem ka\u0137iem, kas dod priek\u0161roku mier\u012bg\u0101kai dz\u012bvei. Papildu \u0113rt\u012bba: spilveni un \u0161\u016bpu\u013ct\u012bkls ir mazg\u0101jami ve\u013cas ma\u0161\u012bn\u0101 \u2013 vienk\u0101r\u0161i un praktiski! Produkta \u012bpa\u0161\u012bbas:     Izm\u0113ri: garums 78 cm, platums 58 cm, augstums 185 cm    Piln\u012bb\u0101 p\u0101rkl\u0101ts ar super m\u012bkstu pl\u012b\u0161u    Piem\u0113rots ar\u012b lieliem un smagiem ka\u0137iem    Ietver 3 \u0161\u016bpu\u013ct\u012bklus, sp\u0113\u013cu tuneli un m\u0101j\u012bgu XXL gu\u013camt\u012bklu    Pieg\u0101d\u0101ts 4 kast\u0113s, kop\u0113jais svars 60,9 kg\" \/>\n<meta property=\"og:url\" content=\"https:\/\/miumjau.ee\/lv\/produkts\/kapsanas-koks-petrebels-panorama-185-off-white\/\" \/>\n<meta property=\"og:site_name\" content=\"MiuMjau\" \/>\n<meta property=\"article:publisher\" content=\"https:\/\/www.facebook.com\/miumjaupood\/\" \/>\n<meta property=\"article:modified_time\" content=\"2026-01-07T19:20:52+00:00\" \/>\n<meta property=\"og:image\" content=\"https:\/\/miumjau.ee\/wp-content\/uploads\/2025\/09\/ronimispuu-petrebels-panorama17.jpg\" \/>\n\t<meta property=\"og:image:width\" content=\"600\" \/>\n\t<meta property=\"og:image:height\" content=\"800\" \/>\n\t<meta property=\"og:image:type\" content=\"image\/jpeg\" \/>\n<meta name=\"twitter:card\" content=\"summary_large_image\" \/>\n<script type=\"application\/ld+json\" class=\"yoast-schema-graph\">{\"@context\":\"https:\\\/\\\/schema.org\",\"@graph\":[{\"@type\":\"WebPage\",\"@id\":\"https:\\\/\\\/miumjau.ee\\\/lv\\\/produkts\\\/kapsanas-koks-petrebels-panorama-185-off-white\\\/\",\"url\":\"https:\\\/\\\/miumjau.ee\\\/lv\\\/produkts\\\/kapsanas-koks-petrebels-panorama-185-off-white\\\/\",\"name\":\"K\u0101p\u0161anas koks Petrebels Panorama 185, off white - MiuMjau\",\"isPartOf\":{\"@id\":\"https:\\\/\\\/miumjau.ee\\\/#website\"},\"primaryImageOfPage\":{\"@id\":\"https:\\\/\\\/miumjau.ee\\\/lv\\\/produkts\\\/kapsanas-koks-petrebels-panorama-185-off-white\\\/#primaryimage\"},\"image\":{\"@id\":\"https:\\\/\\\/miumjau.ee\\\/lv\\\/produkts\\\/kapsanas-koks-petrebels-panorama-185-off-white\\\/#primaryimage\"},\"thumbnailUrl\":\"https:\\\/\\\/miumjau.ee\\\/wp-content\\\/uploads\\\/2025\\\/09\\\/ronimispuu-petrebels-panorama17.jpg\",\"datePublished\":\"2025-09-03T07:30:26+00:00\",\"dateModified\":\"2026-01-07T19:20:52+00:00\",\"breadcrumb\":{\"@id\":\"https:\\\/\\\/miumjau.ee\\\/lv\\\/produkts\\\/kapsanas-koks-petrebels-panorama-185-off-white\\\/#breadcrumb\"},\"inLanguage\":\"lv-LV\",\"potentialAction\":[{\"@type\":\"ReadAction\",\"target\":[\"https:\\\/\\\/miumjau.ee\\\/lv\\\/produkts\\\/kapsanas-koks-petrebels-panorama-185-off-white\\\/\"]}]},{\"@type\":\"ImageObject\",\"inLanguage\":\"lv-LV\",\"@id\":\"https:\\\/\\\/miumjau.ee\\\/lv\\\/produkts\\\/kapsanas-koks-petrebels-panorama-185-off-white\\\/#primaryimage\",\"url\":\"https:\\\/\\\/miumjau.ee\\\/wp-content\\\/uploads\\\/2025\\\/09\\\/ronimispuu-petrebels-panorama17.jpg\",\"contentUrl\":\"https:\\\/\\\/miumjau.ee\\\/wp-content\\\/uploads\\\/2025\\\/09\\\/ronimispuu-petrebels-panorama17.jpg\",\"width\":600,\"height\":800},{\"@type\":\"BreadcrumbList\",\"@id\":\"https:\\\/\\\/miumjau.ee\\\/lv\\\/produkts\\\/kapsanas-koks-petrebels-panorama-185-off-white\\\/#breadcrumb\",\"itemListElement\":[{\"@type\":\"ListItem\",\"position\":1,\"name\":\"Home\",\"item\":\"https:\\\/\\\/miumjau.ee\\\/lv\\\/\"},{\"@type\":\"ListItem\",\"position\":2,\"name\":\"Veikals\",\"item\":\"https:\\\/\\\/miumjau.ee\\\/lv\\\/veikals\\\/\"},{\"@type\":\"ListItem\",\"position\":3,\"name\":\"K\u0101p\u0161anas koks Petrebels Panorama 185, off white\"}]},{\"@type\":\"WebSite\",\"@id\":\"https:\\\/\\\/miumjau.ee\\\/#website\",\"url\":\"https:\\\/\\\/miumjau.ee\\\/\",\"name\":\"MiuMjau\",\"description\":\"Kraapimispuud kassidele\",\"publisher\":{\"@id\":\"https:\\\/\\\/miumjau.ee\\\/#organization\"},\"potentialAction\":[{\"@type\":\"SearchAction\",\"target\":{\"@type\":\"EntryPoint\",\"urlTemplate\":\"https:\\\/\\\/miumjau.ee\\\/?s={search_term_string}\"},\"query-input\":{\"@type\":\"PropertyValueSpecification\",\"valueRequired\":true,\"valueName\":\"search_term_string\"}}],\"inLanguage\":\"lv-LV\"},{\"@type\":\"Organization\",\"@id\":\"https:\\\/\\\/miumjau.ee\\\/#organization\",\"name\":\"MiuMjau O\u00dc\",\"url\":\"https:\\\/\\\/miumjau.ee\\\/\",\"logo\":{\"@type\":\"ImageObject\",\"inLanguage\":\"lv-LV\",\"@id\":\"https:\\\/\\\/miumjau.ee\\\/#\\\/schema\\\/logo\\\/image\\\/\",\"url\":\"https:\\\/\\\/miumjau.ee\\\/wp-content\\\/uploads\\\/2022\\\/04\\\/MiuMjau-logo-kollane.png\",\"contentUrl\":\"https:\\\/\\\/miumjau.ee\\\/wp-content\\\/uploads\\\/2022\\\/04\\\/MiuMjau-logo-kollane.png\",\"width\":219,\"height\":100,\"caption\":\"MiuMjau O\u00dc\"},\"image\":{\"@id\":\"https:\\\/\\\/miumjau.ee\\\/#\\\/schema\\\/logo\\\/image\\\/\"},\"sameAs\":[\"https:\\\/\\\/www.facebook.com\\\/miumjaupood\\\/\"]}]}<\/script>\n<!-- \/ Yoast SEO plugin. -->","yoast_head_json":{"title":"K\u0101p\u0161anas koks Petrebels Panorama 185, off white - MiuMjau","robots":{"index":"index","follow":"follow","max-snippet":"max-snippet:-1","max-image-preview":"max-image-preview:large","max-video-preview":"max-video-preview:-1"},"canonical":"https:\/\/miumjau.ee\/lv\/produkts\/kapsanas-koks-petrebels-panorama-185-off-white\/","og_locale":"lv_LV","og_type":"article","og_title":"K\u0101p\u0161anas koks Petrebels Panorama 185, off white - MiuMjau","og_description":"Ka\u0137u tornis augstiem gul\u0113t\u0101jiem un k\u0101p\u0161anas meistariem Panorama 185 nav tikai k\u0101p\u0161anas koks \u2013 tas ir ac\u012bm t\u012bkams dizaina elements. Tas ir augsts, stabils un piln\u012bb\u0101 izstr\u0101d\u0101ts l\u012bdz perfekcijai. \u0160is ka\u0137u tornis ir rad\u012bts, lai piesaist\u012btu uzman\u012bbu \u2013 un tas nav p\u0101rsteigums, jo dizains ir skaists, augstums iespaid\u012bgs, un iesp\u0113ju daudzums \u2013 bezgal\u012bgs! No skr\u0101p\u0113\u0161anas un k\u0101p\u0161anas l\u012bdz atp\u016btai un sl\u0113p\u0161an\u0101s sp\u0113l\u0113m tunel\u012b \u2013 \u0161aj\u0101 torn\u012b ir viss, ko ka\u0137is var v\u0113l\u0113ties. \u0160is ka\u0137u koks ir ide\u0101li piem\u0113rots liel\u0101m ka\u0137u \u0161\u0137irn\u0113m, piem\u0113ram, Maine Coon vai Norv\u0113\u0123ijas me\u017ea ka\u0137iem, bet ar\u012b maz\u0101kiem ka\u0137iem vai vec\u0101kiem ka\u0137iem, kas dod priek\u0161roku mier\u012bg\u0101kai dz\u012bvei. Papildu \u0113rt\u012bba: spilveni un \u0161\u016bpu\u013ct\u012bkls ir mazg\u0101jami ve\u013cas ma\u0161\u012bn\u0101 \u2013 vienk\u0101r\u0161i un praktiski! Produkta \u012bpa\u0161\u012bbas:     Izm\u0113ri: garums 78 cm, platums 58 cm, augstums 185 cm    Piln\u012bb\u0101 p\u0101rkl\u0101ts ar super m\u012bkstu pl\u012b\u0161u    Piem\u0113rots ar\u012b lieliem un smagiem ka\u0137iem    Ietver 3 \u0161\u016bpu\u013ct\u012bklus, sp\u0113\u013cu tuneli un m\u0101j\u012bgu XXL gu\u013camt\u012bklu    Pieg\u0101d\u0101ts 4 kast\u0113s, kop\u0113jais svars 60,9 kg","og_url":"https:\/\/miumjau.ee\/lv\/produkts\/kapsanas-koks-petrebels-panorama-185-off-white\/","og_site_name":"MiuMjau","article_publisher":"https:\/\/www.facebook.com\/miumjaupood\/","article_modified_time":"2026-01-07T19:20:52+00:00","og_image":[{"width":600,"height":800,"url":"https:\/\/miumjau.ee\/wp-content\/uploads\/2025\/09\/ronimispuu-petrebels-panorama17.jpg","type":"image\/jpeg"}],"twitter_card":"summary_large_image","schema":{"@context":"https:\/\/schema.org","@graph":[{"@type":"WebPage","@id":"https:\/\/miumjau.ee\/lv\/produkts\/kapsanas-koks-petrebels-panorama-185-off-white\/","url":"https:\/\/miumjau.ee\/lv\/produkts\/kapsanas-koks-petrebels-panorama-185-off-white\/","name":"K\u0101p\u0161anas koks Petrebels Panorama 185, off white - MiuMjau","isPartOf":{"@id":"https:\/\/miumjau.ee\/#website"},"primaryImageOfPage":{"@id":"https:\/\/miumjau.ee\/lv\/produkts\/kapsanas-koks-petrebels-panorama-185-off-white\/#primaryimage"},"image":{"@id":"https:\/\/miumjau.ee\/lv\/produkts\/kapsanas-koks-petrebels-panorama-185-off-white\/#primaryimage"},"thumbnailUrl":"https:\/\/miumjau.ee\/wp-content\/uploads\/2025\/09\/ronimispuu-petrebels-panorama17.jpg","datePublished":"2025-09-03T07:30:26+00:00","dateModified":"2026-01-07T19:20:52+00:00","breadcrumb":{"@id":"https:\/\/miumjau.ee\/lv\/produkts\/kapsanas-koks-petrebels-panorama-185-off-white\/#breadcrumb"},"inLanguage":"lv-LV","potentialAction":[{"@type":"ReadAction","target":["https:\/\/miumjau.ee\/lv\/produkts\/kapsanas-koks-petrebels-panorama-185-off-white\/"]}]},{"@type":"ImageObject","inLanguage":"lv-LV","@id":"https:\/\/miumjau.ee\/lv\/produkts\/kapsanas-koks-petrebels-panorama-185-off-white\/#primaryimage","url":"https:\/\/miumjau.ee\/wp-content\/uploads\/2025\/09\/ronimispuu-petrebels-panorama17.jpg","contentUrl":"https:\/\/miumjau.ee\/wp-content\/uploads\/2025\/09\/ronimispuu-petrebels-panorama17.jpg","width":600,"height":800},{"@type":"BreadcrumbList","@id":"https:\/\/miumjau.ee\/lv\/produkts\/kapsanas-koks-petrebels-panorama-185-off-white\/#breadcrumb","itemListElement":[{"@type":"ListItem","position":1,"name":"Home","item":"https:\/\/miumjau.ee\/lv\/"},{"@type":"ListItem","position":2,"name":"Veikals","item":"https:\/\/miumjau.ee\/lv\/veikals\/"},{"@type":"ListItem","position":3,"name":"K\u0101p\u0161anas koks Petrebels Panorama 185, off white"}]},{"@type":"WebSite","@id":"https:\/\/miumjau.ee\/#website","url":"https:\/\/miumjau.ee\/","name":"MiuMjau","description":"Kraapimispuud kassidele","publisher":{"@id":"https:\/\/miumjau.ee\/#organization"},"potentialAction":[{"@type":"SearchAction","target":{"@type":"EntryPoint","urlTemplate":"https:\/\/miumjau.ee\/?s={search_term_string}"},"query-input":{"@type":"PropertyValueSpecification","valueRequired":true,"valueName":"search_term_string"}}],"inLanguage":"lv-LV"},{"@type":"Organization","@id":"https:\/\/miumjau.ee\/#organization","name":"MiuMjau O\u00dc","url":"https:\/\/miumjau.ee\/","logo":{"@type":"ImageObject","inLanguage":"lv-LV","@id":"https:\/\/miumjau.ee\/#\/schema\/logo\/image\/","url":"https:\/\/miumjau.ee\/wp-content\/uploads\/2022\/04\/MiuMjau-logo-kollane.png","contentUrl":"https:\/\/miumjau.ee\/wp-content\/uploads\/2022\/04\/MiuMjau-logo-kollane.png","width":219,"height":100,"caption":"MiuMjau O\u00dc"},"image":{"@id":"https:\/\/miumjau.ee\/#\/schema\/logo\/image\/"},"sameAs":["https:\/\/www.facebook.com\/miumjaupood\/"]}]}},"_links":{"self":[{"href":"https:\/\/miumjau.ee\/lv\/wp-json\/wp\/v2\/product\/47821","targetHints":{"allow":["GET"]}}],"collection":[{"href":"https:\/\/miumjau.ee\/lv\/wp-json\/wp\/v2\/product"}],"about":[{"href":"https:\/\/miumjau.ee\/lv\/wp-json\/wp\/v2\/types\/product"}],"wp:featuredmedia":[{"embeddable":true,"href":"https:\/\/miumjau.ee\/lv\/wp-json\/wp\/v2\/media\/47826"}],"wp:attachment":[{"href":"https:\/\/miumjau.ee\/lv\/wp-json\/wp\/v2\/media?parent=47821"}],"wp:term":[{"taxonomy":"product_brand","embeddable":true,"href":"https:\/\/miumjau.ee\/lv\/wp-json\/wp\/v2\/product_brand?post=47821"},{"taxonomy":"product_cat","embeddable":true,"href":"https:\/\/miumjau.ee\/lv\/wp-json\/wp\/v2\/product_cat?post=47821"},{"taxonomy":"product_tag","embeddable":true,"href":"https:\/\/miumjau.ee\/lv\/wp-json\/wp\/v2\/product_tag?post=47821"}],"curies":[{"name":"wp","href":"https:\/\/api.w.org\/{rel}","templated":true}]}}