{"id":47817,"date":"2025-09-17T14:06:12","date_gmt":"2025-09-17T11:06:12","guid":{"rendered":"https:\/\/miumjau.ee\/toode\/applaws-pilnpartikas-bariba-kakiem-vistas-un-jera-gala-2-kg\/"},"modified":"2026-01-07T21:20:52","modified_gmt":"2026-01-07T19:20:52","slug":"applaws-pilnpartikas-bariba-kakiem-vistas-un-jera-gala-2-kg","status":"publish","type":"product","link":"https:\/\/miumjau.ee\/lv\/produkts\/applaws-pilnpartikas-bariba-kakiem-vistas-un-jera-gala-2-kg\/","title":{"rendered":"Applaws pilnp\u0101rtikas bar\u012bba ka\u0137iem, vistas un j\u0113ra ga\u013ca, 2 kg"},"content":{"rendered":"","protected":false},"excerpt":{"rendered":"<p data-start=\"155\" data-end=\"444\">Applaws saus\u0101 bar\u012bba pieaugu\u0161iem ka\u0137iem ar vistas un j\u0113ra ga\u013cu. Applaws saus\u0101 bar\u012bba ir hipoaler\u0123iska un nesatur alerg\u0113nus, piem\u0113ram, sojas pupas, kvie\u0161us, kukur\u016bzu un citas graudaugu sast\u0101vda\u013cas. Satur akt\u012bvu probiotiku un bag\u0101ta ar dabisko taur\u012bnu, kas ieg\u016bts no br\u012bvi audz\u0113t\u0101m vist\u0101m.<\/p>\n<p data-start=\"446\" data-end=\"921\"><strong data-start=\"446\" data-end=\"499\">Ieteicam\u0101 dienas deva un lieto\u0161anas instrukcijas:<\/strong><br data-start=\"499\" data-end=\"502\" \/>Pasniedziet sausu bar\u012bbu. Ka\u0137iem, kas sver 1,25\u20133 kg: 20\u201340 g dien\u0101; 3\u20135 kg: 40\u201360 g dien\u0101; 5\u20138 kg: 60\u2013100 g dien\u0101. Daudzums var at\u0161\u0137irties atkar\u012bb\u0101 no dz\u012bvnieka lieluma, vecuma un aktivit\u0101tes. Vienm\u0113r nodro\u0161iniet svaigu dzeramo \u016bdeni. T\u0101 k\u0101 \u0161\u012b bar\u012bba ir augstas uzturv\u0113rt\u012bbas, pasnieg\u0161anas daudzums ir maz\u0101ks nek\u0101 parastajai ka\u0137u bar\u012bbai. P\u0101rejot uz jauno bar\u012bbu pirmo reizi, veiciet to pak\u0101peniski 7\u201310 dienu laik\u0101.<\/p>\n<p data-start=\"923\" data-end=\"1311\"><strong data-start=\"923\" data-end=\"939\">Sast\u0101vda\u013cas:<\/strong><br data-start=\"939\" data-end=\"942\" \/>\u017d\u0101v\u0113ta vistas ga\u013cas milti (48%), \u017e\u0101v\u0113ta j\u0113ra ga\u013cas milti (20%), \u017e\u0101v\u0113ti kartupe\u013ci, vistas malt\u0101 ga\u013ca (12%), bietes, vistas buljons, lasis e\u013c\u013ca, vitam\u012bni un miner\u0101lvielas, \u017e\u0101v\u0113tas olas, augu celulozes \u0161\u0137iedra (0,03%), n\u0101trija hlor\u012bds, kalcija karbon\u0101ts, j\u016bras a\u013c\u0123es, dz\u0113rvenes, DL-metion\u012bns, k\u0101lija hlor\u012bds, liliju ekstrakts, citrusaug\u013cu ekstrakts, rozmar\u012bna ekstrakts.<\/p>\n<p data-start=\"1313\" data-end=\"1705\"><strong data-start=\"1313\" data-end=\"1343\">Vitam\u012bni un miner\u0101lvielas:<\/strong><br data-start=\"1343\" data-end=\"1346\" \/>A vitam\u012bns (retinilacet\u0101ts) 27 850 IU, D3 vitam\u012bns (holekalciferols) 1 200 IU, E vitam\u012bns (alfa-tokoferola acet\u0101ts) 615 IU, sel\u0113ns (n\u0101trija selen\u012bts) 0,13 mg, jods (kalcija jod\u0101ts) 1,5 mg, dzelzs (dzelzs sulf\u0101ts monohidr\u0101ts) 80 mg, var\u0161 (var\u0161 sulf\u0101ts pentahid\u0101ts) 48 mg, mang\u0101ns (mang\u0101na sulf\u0101ts monohidr\u0101ts) 38 mg, cinks (cinka sulf\u0101ts monohidr\u0101ts) 135 mg.<\/p>\n<p data-start=\"1707\" data-end=\"1883\"><strong data-start=\"1707\" data-end=\"1734\">Tehnolo\u0123iskie piedevas:<\/strong><br data-start=\"1734\" data-end=\"1737\" \/>E1705 Enterococcus faecium celms 68 (SF68; NCIMB 10415) 1 000 000 000 CFU\/kg, dab\u012bgs antioksidants: kombin\u0113ti tokoferoli un rozmar\u012bna ekstrakts.<\/p>\n<p data-start=\"1885\" data-end=\"2034\"><strong data-start=\"1885\" data-end=\"1908\">Anal\u012btisk\u0101 sast\u0101va:<\/strong><br data-start=\"1908\" data-end=\"1911\" \/>Svaigs prote\u012bns 37%, svaigi tauki 17%, \u0161\u0137iedra 2,5%, pelni 10,9%, kalcijs 2,7%, fosfors 1,6%, omega-6 3,3%, omega-3 1,0%.<\/p>\n<p data-start=\"2036\" data-end=\"2077\"><strong data-start=\"2036\" data-end=\"2060\">Ener\u0123\u0113tisk\u0101 v\u0113rt\u012bba:<\/strong> 391 kcal\/100 g<\/p>\n","protected":false},"featured_media":47818,"template":"","meta":[],"product_brand":[],"product_cat":[569],"product_tag":[],"class_list":{"0":"post-47817","1":"product","2":"type-product","3":"status-publish","4":"has-post-thumbnail","6":"product_cat-sausa-bariba","8":"first","9":"outofstock","10":"taxable","11":"shipping-taxable","12":"purchasable","13":"product-type-simple"},"yoast_head":"<!-- This site is optimized with the Yoast SEO plugin v27.4 - https:\/\/yoast.com\/product\/yoast-seo-wordpress\/ -->\n<title>Applaws pilnp\u0101rtikas bar\u012bba ka\u0137iem, vistas un j\u0113ra ga\u013ca, 2 kg - MiuMjau<\/title>\n<meta name=\"robots\" content=\"index, follow, max-snippet:-1, max-image-preview:large, max-video-preview:-1\" \/>\n<link rel=\"canonical\" href=\"https:\/\/miumjau.ee\/lv\/produkts\/applaws-pilnpartikas-bariba-kakiem-vistas-un-jera-gala-2-kg\/\" \/>\n<meta property=\"og:locale\" content=\"lv_LV\" \/>\n<meta property=\"og:type\" content=\"article\" \/>\n<meta property=\"og:title\" content=\"Applaws pilnp\u0101rtikas bar\u012bba ka\u0137iem, vistas un j\u0113ra ga\u013ca, 2 kg - MiuMjau\" \/>\n<meta property=\"og:description\" content=\"Applaws saus\u0101 bar\u012bba pieaugu\u0161iem ka\u0137iem ar vistas un j\u0113ra ga\u013cu. Applaws saus\u0101 bar\u012bba ir hipoaler\u0123iska un nesatur alerg\u0113nus, piem\u0113ram, sojas pupas, kvie\u0161us, kukur\u016bzu un citas graudaugu sast\u0101vda\u013cas. Satur akt\u012bvu probiotiku un bag\u0101ta ar dabisko taur\u012bnu, kas ieg\u016bts no br\u012bvi audz\u0113t\u0101m vist\u0101m. Ieteicam\u0101 dienas deva un lieto\u0161anas instrukcijas:Pasniedziet sausu bar\u012bbu. Ka\u0137iem, kas sver 1,25\u20133 kg: 20\u201340 g dien\u0101; 3\u20135 kg: 40\u201360 g dien\u0101; 5\u20138 kg: 60\u2013100 g dien\u0101. Daudzums var at\u0161\u0137irties atkar\u012bb\u0101 no dz\u012bvnieka lieluma, vecuma un aktivit\u0101tes. Vienm\u0113r nodro\u0161iniet svaigu dzeramo \u016bdeni. T\u0101 k\u0101 \u0161\u012b bar\u012bba ir augstas uzturv\u0113rt\u012bbas, pasnieg\u0161anas daudzums ir maz\u0101ks nek\u0101 parastajai ka\u0137u bar\u012bbai. P\u0101rejot uz jauno bar\u012bbu pirmo reizi, veiciet to pak\u0101peniski 7\u201310 dienu laik\u0101. Sast\u0101vda\u013cas:\u017d\u0101v\u0113ta vistas ga\u013cas milti (48%), \u017e\u0101v\u0113ta j\u0113ra ga\u013cas milti (20%), \u017e\u0101v\u0113ti kartupe\u013ci, vistas malt\u0101 ga\u013ca (12%), bietes, vistas buljons, lasis e\u013c\u013ca, vitam\u012bni un miner\u0101lvielas, \u017e\u0101v\u0113tas olas, augu celulozes \u0161\u0137iedra (0,03%), n\u0101trija hlor\u012bds, kalcija karbon\u0101ts, j\u016bras a\u013c\u0123es, dz\u0113rvenes, DL-metion\u012bns, k\u0101lija hlor\u012bds, liliju ekstrakts, citrusaug\u013cu ekstrakts, rozmar\u012bna ekstrakts. Vitam\u012bni un miner\u0101lvielas:A vitam\u012bns (retinilacet\u0101ts) 27 850 IU, D3 vitam\u012bns (holekalciferols) 1 200 IU, E vitam\u012bns (alfa-tokoferola acet\u0101ts) 615 IU, sel\u0113ns (n\u0101trija selen\u012bts) 0,13 mg, jods (kalcija jod\u0101ts) 1,5 mg, dzelzs (dzelzs sulf\u0101ts monohidr\u0101ts) 80 mg, var\u0161 (var\u0161 sulf\u0101ts pentahid\u0101ts) 48 mg, mang\u0101ns (mang\u0101na sulf\u0101ts monohidr\u0101ts) 38 mg, cinks (cinka sulf\u0101ts monohidr\u0101ts) 135 mg. Tehnolo\u0123iskie piedevas:E1705 Enterococcus faecium celms 68 (SF68; NCIMB 10415) 1 000 000 000 CFU\/kg, dab\u012bgs antioksidants: kombin\u0113ti tokoferoli un rozmar\u012bna ekstrakts. Anal\u012btisk\u0101 sast\u0101va:Svaigs prote\u012bns 37%, svaigi tauki 17%, \u0161\u0137iedra 2,5%, pelni 10,9%, kalcijs 2,7%, fosfors 1,6%, omega-6 3,3%, omega-3 1,0%. Ener\u0123\u0113tisk\u0101 v\u0113rt\u012bba: 391 kcal\/100 g\" \/>\n<meta property=\"og:url\" content=\"https:\/\/miumjau.ee\/lv\/produkts\/applaws-pilnpartikas-bariba-kakiem-vistas-un-jera-gala-2-kg\/\" \/>\n<meta property=\"og:site_name\" content=\"MiuMjau\" \/>\n<meta property=\"article:publisher\" content=\"https:\/\/www.facebook.com\/miumjaupood\/\" \/>\n<meta property=\"article:modified_time\" content=\"2026-01-07T19:20:52+00:00\" \/>\n<meta property=\"og:image\" content=\"https:\/\/miumjau.ee\/wp-content\/uploads\/2024\/11\/applaws-chicken-lamb-400g.jpg\" \/>\n\t<meta property=\"og:image:width\" content=\"600\" \/>\n\t<meta property=\"og:image:height\" content=\"800\" \/>\n\t<meta property=\"og:image:type\" content=\"image\/jpeg\" \/>\n<meta name=\"twitter:card\" content=\"summary_large_image\" \/>\n<script type=\"application\/ld+json\" class=\"yoast-schema-graph\">{\"@context\":\"https:\\\/\\\/schema.org\",\"@graph\":[{\"@type\":\"WebPage\",\"@id\":\"https:\\\/\\\/miumjau.ee\\\/lv\\\/produkts\\\/applaws-pilnpartikas-bariba-kakiem-vistas-un-jera-gala-2-kg\\\/\",\"url\":\"https:\\\/\\\/miumjau.ee\\\/lv\\\/produkts\\\/applaws-pilnpartikas-bariba-kakiem-vistas-un-jera-gala-2-kg\\\/\",\"name\":\"Applaws pilnp\u0101rtikas bar\u012bba ka\u0137iem, vistas un j\u0113ra ga\u013ca, 2 kg - MiuMjau\",\"isPartOf\":{\"@id\":\"https:\\\/\\\/miumjau.ee\\\/#website\"},\"primaryImageOfPage\":{\"@id\":\"https:\\\/\\\/miumjau.ee\\\/lv\\\/produkts\\\/applaws-pilnpartikas-bariba-kakiem-vistas-un-jera-gala-2-kg\\\/#primaryimage\"},\"image\":{\"@id\":\"https:\\\/\\\/miumjau.ee\\\/lv\\\/produkts\\\/applaws-pilnpartikas-bariba-kakiem-vistas-un-jera-gala-2-kg\\\/#primaryimage\"},\"thumbnailUrl\":\"https:\\\/\\\/miumjau.ee\\\/wp-content\\\/uploads\\\/2024\\\/11\\\/applaws-chicken-lamb-400g.jpg\",\"datePublished\":\"2025-09-17T11:06:12+00:00\",\"dateModified\":\"2026-01-07T19:20:52+00:00\",\"breadcrumb\":{\"@id\":\"https:\\\/\\\/miumjau.ee\\\/lv\\\/produkts\\\/applaws-pilnpartikas-bariba-kakiem-vistas-un-jera-gala-2-kg\\\/#breadcrumb\"},\"inLanguage\":\"lv-LV\",\"potentialAction\":[{\"@type\":\"ReadAction\",\"target\":[\"https:\\\/\\\/miumjau.ee\\\/lv\\\/produkts\\\/applaws-pilnpartikas-bariba-kakiem-vistas-un-jera-gala-2-kg\\\/\"]}]},{\"@type\":\"ImageObject\",\"inLanguage\":\"lv-LV\",\"@id\":\"https:\\\/\\\/miumjau.ee\\\/lv\\\/produkts\\\/applaws-pilnpartikas-bariba-kakiem-vistas-un-jera-gala-2-kg\\\/#primaryimage\",\"url\":\"https:\\\/\\\/miumjau.ee\\\/wp-content\\\/uploads\\\/2024\\\/11\\\/applaws-chicken-lamb-400g.jpg\",\"contentUrl\":\"https:\\\/\\\/miumjau.ee\\\/wp-content\\\/uploads\\\/2024\\\/11\\\/applaws-chicken-lamb-400g.jpg\",\"width\":600,\"height\":800},{\"@type\":\"BreadcrumbList\",\"@id\":\"https:\\\/\\\/miumjau.ee\\\/lv\\\/produkts\\\/applaws-pilnpartikas-bariba-kakiem-vistas-un-jera-gala-2-kg\\\/#breadcrumb\",\"itemListElement\":[{\"@type\":\"ListItem\",\"position\":1,\"name\":\"Home\",\"item\":\"https:\\\/\\\/miumjau.ee\\\/lv\\\/\"},{\"@type\":\"ListItem\",\"position\":2,\"name\":\"Veikals\",\"item\":\"https:\\\/\\\/miumjau.ee\\\/lv\\\/veikals\\\/\"},{\"@type\":\"ListItem\",\"position\":3,\"name\":\"Applaws pilnp\u0101rtikas bar\u012bba ka\u0137iem, vistas un j\u0113ra ga\u013ca, 2 kg\"}]},{\"@type\":\"WebSite\",\"@id\":\"https:\\\/\\\/miumjau.ee\\\/#website\",\"url\":\"https:\\\/\\\/miumjau.ee\\\/\",\"name\":\"MiuMjau\",\"description\":\"Kraapimispuud kassidele\",\"publisher\":{\"@id\":\"https:\\\/\\\/miumjau.ee\\\/#organization\"},\"potentialAction\":[{\"@type\":\"SearchAction\",\"target\":{\"@type\":\"EntryPoint\",\"urlTemplate\":\"https:\\\/\\\/miumjau.ee\\\/?s={search_term_string}\"},\"query-input\":{\"@type\":\"PropertyValueSpecification\",\"valueRequired\":true,\"valueName\":\"search_term_string\"}}],\"inLanguage\":\"lv-LV\"},{\"@type\":\"Organization\",\"@id\":\"https:\\\/\\\/miumjau.ee\\\/#organization\",\"name\":\"MiuMjau O\u00dc\",\"url\":\"https:\\\/\\\/miumjau.ee\\\/\",\"logo\":{\"@type\":\"ImageObject\",\"inLanguage\":\"lv-LV\",\"@id\":\"https:\\\/\\\/miumjau.ee\\\/#\\\/schema\\\/logo\\\/image\\\/\",\"url\":\"https:\\\/\\\/miumjau.ee\\\/wp-content\\\/uploads\\\/2022\\\/04\\\/MiuMjau-logo-kollane.png\",\"contentUrl\":\"https:\\\/\\\/miumjau.ee\\\/wp-content\\\/uploads\\\/2022\\\/04\\\/MiuMjau-logo-kollane.png\",\"width\":219,\"height\":100,\"caption\":\"MiuMjau O\u00dc\"},\"image\":{\"@id\":\"https:\\\/\\\/miumjau.ee\\\/#\\\/schema\\\/logo\\\/image\\\/\"},\"sameAs\":[\"https:\\\/\\\/www.facebook.com\\\/miumjaupood\\\/\"]}]}<\/script>\n<!-- \/ Yoast SEO plugin. -->","yoast_head_json":{"title":"Applaws pilnp\u0101rtikas bar\u012bba ka\u0137iem, vistas un j\u0113ra ga\u013ca, 2 kg - MiuMjau","robots":{"index":"index","follow":"follow","max-snippet":"max-snippet:-1","max-image-preview":"max-image-preview:large","max-video-preview":"max-video-preview:-1"},"canonical":"https:\/\/miumjau.ee\/lv\/produkts\/applaws-pilnpartikas-bariba-kakiem-vistas-un-jera-gala-2-kg\/","og_locale":"lv_LV","og_type":"article","og_title":"Applaws pilnp\u0101rtikas bar\u012bba ka\u0137iem, vistas un j\u0113ra ga\u013ca, 2 kg - MiuMjau","og_description":"Applaws saus\u0101 bar\u012bba pieaugu\u0161iem ka\u0137iem ar vistas un j\u0113ra ga\u013cu. Applaws saus\u0101 bar\u012bba ir hipoaler\u0123iska un nesatur alerg\u0113nus, piem\u0113ram, sojas pupas, kvie\u0161us, kukur\u016bzu un citas graudaugu sast\u0101vda\u013cas. Satur akt\u012bvu probiotiku un bag\u0101ta ar dabisko taur\u012bnu, kas ieg\u016bts no br\u012bvi audz\u0113t\u0101m vist\u0101m. Ieteicam\u0101 dienas deva un lieto\u0161anas instrukcijas:Pasniedziet sausu bar\u012bbu. Ka\u0137iem, kas sver 1,25\u20133 kg: 20\u201340 g dien\u0101; 3\u20135 kg: 40\u201360 g dien\u0101; 5\u20138 kg: 60\u2013100 g dien\u0101. Daudzums var at\u0161\u0137irties atkar\u012bb\u0101 no dz\u012bvnieka lieluma, vecuma un aktivit\u0101tes. Vienm\u0113r nodro\u0161iniet svaigu dzeramo \u016bdeni. T\u0101 k\u0101 \u0161\u012b bar\u012bba ir augstas uzturv\u0113rt\u012bbas, pasnieg\u0161anas daudzums ir maz\u0101ks nek\u0101 parastajai ka\u0137u bar\u012bbai. P\u0101rejot uz jauno bar\u012bbu pirmo reizi, veiciet to pak\u0101peniski 7\u201310 dienu laik\u0101. Sast\u0101vda\u013cas:\u017d\u0101v\u0113ta vistas ga\u013cas milti (48%), \u017e\u0101v\u0113ta j\u0113ra ga\u013cas milti (20%), \u017e\u0101v\u0113ti kartupe\u013ci, vistas malt\u0101 ga\u013ca (12%), bietes, vistas buljons, lasis e\u013c\u013ca, vitam\u012bni un miner\u0101lvielas, \u017e\u0101v\u0113tas olas, augu celulozes \u0161\u0137iedra (0,03%), n\u0101trija hlor\u012bds, kalcija karbon\u0101ts, j\u016bras a\u013c\u0123es, dz\u0113rvenes, DL-metion\u012bns, k\u0101lija hlor\u012bds, liliju ekstrakts, citrusaug\u013cu ekstrakts, rozmar\u012bna ekstrakts. Vitam\u012bni un miner\u0101lvielas:A vitam\u012bns (retinilacet\u0101ts) 27 850 IU, D3 vitam\u012bns (holekalciferols) 1 200 IU, E vitam\u012bns (alfa-tokoferola acet\u0101ts) 615 IU, sel\u0113ns (n\u0101trija selen\u012bts) 0,13 mg, jods (kalcija jod\u0101ts) 1,5 mg, dzelzs (dzelzs sulf\u0101ts monohidr\u0101ts) 80 mg, var\u0161 (var\u0161 sulf\u0101ts pentahid\u0101ts) 48 mg, mang\u0101ns (mang\u0101na sulf\u0101ts monohidr\u0101ts) 38 mg, cinks (cinka sulf\u0101ts monohidr\u0101ts) 135 mg. Tehnolo\u0123iskie piedevas:E1705 Enterococcus faecium celms 68 (SF68; NCIMB 10415) 1 000 000 000 CFU\/kg, dab\u012bgs antioksidants: kombin\u0113ti tokoferoli un rozmar\u012bna ekstrakts. Anal\u012btisk\u0101 sast\u0101va:Svaigs prote\u012bns 37%, svaigi tauki 17%, \u0161\u0137iedra 2,5%, pelni 10,9%, kalcijs 2,7%, fosfors 1,6%, omega-6 3,3%, omega-3 1,0%. Ener\u0123\u0113tisk\u0101 v\u0113rt\u012bba: 391 kcal\/100 g","og_url":"https:\/\/miumjau.ee\/lv\/produkts\/applaws-pilnpartikas-bariba-kakiem-vistas-un-jera-gala-2-kg\/","og_site_name":"MiuMjau","article_publisher":"https:\/\/www.facebook.com\/miumjaupood\/","article_modified_time":"2026-01-07T19:20:52+00:00","og_image":[{"width":600,"height":800,"url":"https:\/\/miumjau.ee\/wp-content\/uploads\/2024\/11\/applaws-chicken-lamb-400g.jpg","type":"image\/jpeg"}],"twitter_card":"summary_large_image","schema":{"@context":"https:\/\/schema.org","@graph":[{"@type":"WebPage","@id":"https:\/\/miumjau.ee\/lv\/produkts\/applaws-pilnpartikas-bariba-kakiem-vistas-un-jera-gala-2-kg\/","url":"https:\/\/miumjau.ee\/lv\/produkts\/applaws-pilnpartikas-bariba-kakiem-vistas-un-jera-gala-2-kg\/","name":"Applaws pilnp\u0101rtikas bar\u012bba ka\u0137iem, vistas un j\u0113ra ga\u013ca, 2 kg - MiuMjau","isPartOf":{"@id":"https:\/\/miumjau.ee\/#website"},"primaryImageOfPage":{"@id":"https:\/\/miumjau.ee\/lv\/produkts\/applaws-pilnpartikas-bariba-kakiem-vistas-un-jera-gala-2-kg\/#primaryimage"},"image":{"@id":"https:\/\/miumjau.ee\/lv\/produkts\/applaws-pilnpartikas-bariba-kakiem-vistas-un-jera-gala-2-kg\/#primaryimage"},"thumbnailUrl":"https:\/\/miumjau.ee\/wp-content\/uploads\/2024\/11\/applaws-chicken-lamb-400g.jpg","datePublished":"2025-09-17T11:06:12+00:00","dateModified":"2026-01-07T19:20:52+00:00","breadcrumb":{"@id":"https:\/\/miumjau.ee\/lv\/produkts\/applaws-pilnpartikas-bariba-kakiem-vistas-un-jera-gala-2-kg\/#breadcrumb"},"inLanguage":"lv-LV","potentialAction":[{"@type":"ReadAction","target":["https:\/\/miumjau.ee\/lv\/produkts\/applaws-pilnpartikas-bariba-kakiem-vistas-un-jera-gala-2-kg\/"]}]},{"@type":"ImageObject","inLanguage":"lv-LV","@id":"https:\/\/miumjau.ee\/lv\/produkts\/applaws-pilnpartikas-bariba-kakiem-vistas-un-jera-gala-2-kg\/#primaryimage","url":"https:\/\/miumjau.ee\/wp-content\/uploads\/2024\/11\/applaws-chicken-lamb-400g.jpg","contentUrl":"https:\/\/miumjau.ee\/wp-content\/uploads\/2024\/11\/applaws-chicken-lamb-400g.jpg","width":600,"height":800},{"@type":"BreadcrumbList","@id":"https:\/\/miumjau.ee\/lv\/produkts\/applaws-pilnpartikas-bariba-kakiem-vistas-un-jera-gala-2-kg\/#breadcrumb","itemListElement":[{"@type":"ListItem","position":1,"name":"Home","item":"https:\/\/miumjau.ee\/lv\/"},{"@type":"ListItem","position":2,"name":"Veikals","item":"https:\/\/miumjau.ee\/lv\/veikals\/"},{"@type":"ListItem","position":3,"name":"Applaws pilnp\u0101rtikas bar\u012bba ka\u0137iem, vistas un j\u0113ra ga\u013ca, 2 kg"}]},{"@type":"WebSite","@id":"https:\/\/miumjau.ee\/#website","url":"https:\/\/miumjau.ee\/","name":"MiuMjau","description":"Kraapimispuud kassidele","publisher":{"@id":"https:\/\/miumjau.ee\/#organization"},"potentialAction":[{"@type":"SearchAction","target":{"@type":"EntryPoint","urlTemplate":"https:\/\/miumjau.ee\/?s={search_term_string}"},"query-input":{"@type":"PropertyValueSpecification","valueRequired":true,"valueName":"search_term_string"}}],"inLanguage":"lv-LV"},{"@type":"Organization","@id":"https:\/\/miumjau.ee\/#organization","name":"MiuMjau O\u00dc","url":"https:\/\/miumjau.ee\/","logo":{"@type":"ImageObject","inLanguage":"lv-LV","@id":"https:\/\/miumjau.ee\/#\/schema\/logo\/image\/","url":"https:\/\/miumjau.ee\/wp-content\/uploads\/2022\/04\/MiuMjau-logo-kollane.png","contentUrl":"https:\/\/miumjau.ee\/wp-content\/uploads\/2022\/04\/MiuMjau-logo-kollane.png","width":219,"height":100,"caption":"MiuMjau O\u00dc"},"image":{"@id":"https:\/\/miumjau.ee\/#\/schema\/logo\/image\/"},"sameAs":["https:\/\/www.facebook.com\/miumjaupood\/"]}]}},"_links":{"self":[{"href":"https:\/\/miumjau.ee\/lv\/wp-json\/wp\/v2\/product\/47817","targetHints":{"allow":["GET"]}}],"collection":[{"href":"https:\/\/miumjau.ee\/lv\/wp-json\/wp\/v2\/product"}],"about":[{"href":"https:\/\/miumjau.ee\/lv\/wp-json\/wp\/v2\/types\/product"}],"wp:featuredmedia":[{"embeddable":true,"href":"https:\/\/miumjau.ee\/lv\/wp-json\/wp\/v2\/media\/47818"}],"wp:attachment":[{"href":"https:\/\/miumjau.ee\/lv\/wp-json\/wp\/v2\/media?parent=47817"}],"wp:term":[{"taxonomy":"product_brand","embeddable":true,"href":"https:\/\/miumjau.ee\/lv\/wp-json\/wp\/v2\/product_brand?post=47817"},{"taxonomy":"product_cat","embeddable":true,"href":"https:\/\/miumjau.ee\/lv\/wp-json\/wp\/v2\/product_cat?post=47817"},{"taxonomy":"product_tag","embeddable":true,"href":"https:\/\/miumjau.ee\/lv\/wp-json\/wp\/v2\/product_tag?post=47817"}],"curies":[{"name":"wp","href":"https:\/\/api.w.org\/{rel}","templated":true}]}}