{"id":47809,"date":"2025-09-17T11:55:53","date_gmt":"2025-09-17T08:55:53","guid":{"rendered":"https:\/\/miumjau.ee\/toode\/keramikas-baribas-bloda-suniem-18-cm-roza\/"},"modified":"2026-01-07T21:20:52","modified_gmt":"2026-01-07T19:20:52","slug":"keramikas-baribas-bloda-suniem-18-cm-roza","status":"publish","type":"product","link":"https:\/\/miumjau.ee\/lv\/produkts\/keramikas-baribas-bloda-suniem-18-cm-roza\/","title":{"rendered":"Keramikas bar\u012bbas b\u013coda su\u0146iem, 18 cm, roz\u0101"},"content":{"rendered":"","protected":false},"excerpt":{"rendered":"<p data-start=\"137\" data-end=\"201\">Keramikas b\u013coda \u2013 t\u0101s at\u0161\u0137iras no plastmasas un met\u0101la b\u013cod\u0101m:<\/p>\n<ul data-start=\"203\" data-end=\"525\">\n<li data-start=\"203\" data-end=\"275\">\n<p data-start=\"205\" data-end=\"275\"><strong data-start=\"205\" data-end=\"225\">Viegls t\u012br\u012b\u0161ana.<\/strong> Var mazg\u0101t rok\u0101m vai trauku mazg\u0101jamaj\u0101 ma\u0161\u012bn\u0101.<\/p>\n<\/li>\n<li data-start=\"276\" data-end=\"331\">\n<p data-start=\"278\" data-end=\"331\"><strong data-start=\"278\" data-end=\"291\">Iztur\u012bba.<\/strong> Viena ieg\u0101de un ilgs lieto\u0161anas m\u016b\u017es.<\/p>\n<\/li>\n<li data-start=\"332\" data-end=\"394\">\n<p data-start=\"334\" data-end=\"394\"><strong data-start=\"334\" data-end=\"392\">Ietekmes tr\u016bkums uz p\u0101rtikas un \u016bdens gar\u0161u un smar\u017eu.<\/strong><\/p>\n<\/li>\n<li data-start=\"395\" data-end=\"456\">\n<p data-start=\"397\" data-end=\"456\"><strong data-start=\"397\" data-end=\"413\">Stabilit\u0101te.<\/strong> B\u013coda nekr\u012bt p\u0101ri \u0113dot vai dzerot \u016bdeni.<\/p>\n<\/li>\n<li data-start=\"457\" data-end=\"525\">\n<p data-start=\"459\" data-end=\"525\"><strong data-start=\"459\" data-end=\"492\">Skaists un est\u0113tisks izskats.<\/strong> Piem\u0113rots jebkuram interjeram.<\/p>\n<\/li>\n<\/ul>\n<p data-start=\"527\" data-end=\"570\"><strong data-start=\"527\" data-end=\"538\">Izm\u0113ri:<\/strong> diametrs 18 cm, augstums 7 cm<\/p>\n<p data-start=\"572\" data-end=\"843\">Izv\u0113lieties b\u013codas izm\u0113ru atbilsto\u0161i m\u0101jdz\u012bvnieka vecumam un lielumam. Maz\u0101kas b\u013codas ir piem\u0113rotas ka\u0137iem, kuc\u0113niem un mazu \u0161\u0137ir\u0146u su\u0146iem. Vid\u0113ja un liel\u0101ka izm\u0113ra b\u013codas ir laba izv\u0113le vid\u0113ja un liela izm\u0113ra su\u0146iem, piem\u0113ram, beagle, kokerspanjelis vai borderkollijs.<\/p>\n","protected":false},"featured_media":47810,"template":"","meta":[],"product_brand":[],"product_cat":[578],"product_tag":[],"class_list":{"0":"post-47809","1":"product","2":"type-product","3":"status-publish","4":"has-post-thumbnail","6":"product_cat-ediena-un-dzeriena-trauki","8":"first","9":"instock","10":"taxable","11":"shipping-taxable","12":"purchasable","13":"product-type-simple"},"yoast_head":"<!-- This site is optimized with the Yoast SEO plugin v27.2 - https:\/\/yoast.com\/product\/yoast-seo-wordpress\/ -->\n<title>Keramikas bar\u012bbas b\u013coda su\u0146iem, 18 cm, roz\u0101 - MiuMjau<\/title>\n<meta name=\"robots\" content=\"index, follow, max-snippet:-1, max-image-preview:large, max-video-preview:-1\" \/>\n<link rel=\"canonical\" href=\"https:\/\/miumjau.ee\/lv\/produkts\/keramikas-baribas-bloda-suniem-18-cm-roza\/\" \/>\n<meta property=\"og:locale\" content=\"lv_LV\" \/>\n<meta property=\"og:type\" content=\"article\" \/>\n<meta property=\"og:title\" content=\"Keramikas bar\u012bbas b\u013coda su\u0146iem, 18 cm, roz\u0101 - MiuMjau\" \/>\n<meta property=\"og:description\" content=\"Keramikas b\u013coda \u2013 t\u0101s at\u0161\u0137iras no plastmasas un met\u0101la b\u013cod\u0101m:     Viegls t\u012br\u012b\u0161ana. Var mazg\u0101t rok\u0101m vai trauku mazg\u0101jamaj\u0101 ma\u0161\u012bn\u0101.    Iztur\u012bba. Viena ieg\u0101de un ilgs lieto\u0161anas m\u016b\u017es.    Ietekmes tr\u016bkums uz p\u0101rtikas un \u016bdens gar\u0161u un smar\u017eu.    Stabilit\u0101te. B\u013coda nekr\u012bt p\u0101ri \u0113dot vai dzerot \u016bdeni.    Skaists un est\u0113tisks izskats. Piem\u0113rots jebkuram interjeram.   Izm\u0113ri: diametrs 18 cm, augstums 7 cm Izv\u0113lieties b\u013codas izm\u0113ru atbilsto\u0161i m\u0101jdz\u012bvnieka vecumam un lielumam. Maz\u0101kas b\u013codas ir piem\u0113rotas ka\u0137iem, kuc\u0113niem un mazu \u0161\u0137ir\u0146u su\u0146iem. Vid\u0113ja un liel\u0101ka izm\u0113ra b\u013codas ir laba izv\u0113le vid\u0113ja un liela izm\u0113ra su\u0146iem, piem\u0113ram, beagle, kokerspanjelis vai borderkollijs.\" \/>\n<meta property=\"og:url\" content=\"https:\/\/miumjau.ee\/lv\/produkts\/keramikas-baribas-bloda-suniem-18-cm-roza\/\" \/>\n<meta property=\"og:site_name\" content=\"MiuMjau\" \/>\n<meta property=\"article:publisher\" content=\"https:\/\/www.facebook.com\/miumjaupood\/\" \/>\n<meta property=\"article:modified_time\" content=\"2026-01-07T19:20:52+00:00\" \/>\n<meta property=\"og:image\" content=\"https:\/\/miumjau.ee\/wp-content\/uploads\/2025\/09\/keraamiline-kauss-18cm-roosa.jpg\" \/>\n\t<meta property=\"og:image:width\" content=\"600\" \/>\n\t<meta property=\"og:image:height\" content=\"800\" \/>\n\t<meta property=\"og:image:type\" content=\"image\/jpeg\" \/>\n<meta name=\"twitter:card\" content=\"summary_large_image\" \/>\n<script type=\"application\/ld+json\" class=\"yoast-schema-graph\">{\"@context\":\"https:\/\/schema.org\",\"@graph\":[{\"@type\":\"WebPage\",\"@id\":\"https:\/\/miumjau.ee\/lv\/produkts\/keramikas-baribas-bloda-suniem-18-cm-roza\/\",\"url\":\"https:\/\/miumjau.ee\/lv\/produkts\/keramikas-baribas-bloda-suniem-18-cm-roza\/\",\"name\":\"Keramikas bar\u012bbas b\u013coda su\u0146iem, 18 cm, roz\u0101 - MiuMjau\",\"isPartOf\":{\"@id\":\"https:\/\/miumjau.ee\/#website\"},\"primaryImageOfPage\":{\"@id\":\"https:\/\/miumjau.ee\/lv\/produkts\/keramikas-baribas-bloda-suniem-18-cm-roza\/#primaryimage\"},\"image\":{\"@id\":\"https:\/\/miumjau.ee\/lv\/produkts\/keramikas-baribas-bloda-suniem-18-cm-roza\/#primaryimage\"},\"thumbnailUrl\":\"https:\/\/miumjau.ee\/wp-content\/uploads\/2025\/09\/keraamiline-kauss-18cm-roosa.jpg\",\"datePublished\":\"2025-09-17T08:55:53+00:00\",\"dateModified\":\"2026-01-07T19:20:52+00:00\",\"breadcrumb\":{\"@id\":\"https:\/\/miumjau.ee\/lv\/produkts\/keramikas-baribas-bloda-suniem-18-cm-roza\/#breadcrumb\"},\"inLanguage\":\"lv-LV\",\"potentialAction\":[{\"@type\":\"ReadAction\",\"target\":[\"https:\/\/miumjau.ee\/lv\/produkts\/keramikas-baribas-bloda-suniem-18-cm-roza\/\"]}]},{\"@type\":\"ImageObject\",\"inLanguage\":\"lv-LV\",\"@id\":\"https:\/\/miumjau.ee\/lv\/produkts\/keramikas-baribas-bloda-suniem-18-cm-roza\/#primaryimage\",\"url\":\"https:\/\/miumjau.ee\/wp-content\/uploads\/2025\/09\/keraamiline-kauss-18cm-roosa.jpg\",\"contentUrl\":\"https:\/\/miumjau.ee\/wp-content\/uploads\/2025\/09\/keraamiline-kauss-18cm-roosa.jpg\",\"width\":600,\"height\":800},{\"@type\":\"BreadcrumbList\",\"@id\":\"https:\/\/miumjau.ee\/lv\/produkts\/keramikas-baribas-bloda-suniem-18-cm-roza\/#breadcrumb\",\"itemListElement\":[{\"@type\":\"ListItem\",\"position\":1,\"name\":\"Home\",\"item\":\"https:\/\/miumjau.ee\/lv\/\"},{\"@type\":\"ListItem\",\"position\":2,\"name\":\"Veikals\",\"item\":\"https:\/\/miumjau.ee\/lv\/veikals\/\"},{\"@type\":\"ListItem\",\"position\":3,\"name\":\"Keramikas bar\u012bbas b\u013coda su\u0146iem, 18 cm, roz\u0101\"}]},{\"@type\":\"WebSite\",\"@id\":\"https:\/\/miumjau.ee\/#website\",\"url\":\"https:\/\/miumjau.ee\/\",\"name\":\"MiuMjau\",\"description\":\"Kraapimispuud kassidele\",\"publisher\":{\"@id\":\"https:\/\/miumjau.ee\/#organization\"},\"potentialAction\":[{\"@type\":\"SearchAction\",\"target\":{\"@type\":\"EntryPoint\",\"urlTemplate\":\"https:\/\/miumjau.ee\/?s={search_term_string}\"},\"query-input\":{\"@type\":\"PropertyValueSpecification\",\"valueRequired\":true,\"valueName\":\"search_term_string\"}}],\"inLanguage\":\"lv-LV\"},{\"@type\":\"Organization\",\"@id\":\"https:\/\/miumjau.ee\/#organization\",\"name\":\"MiuMjau O\u00dc\",\"url\":\"https:\/\/miumjau.ee\/\",\"logo\":{\"@type\":\"ImageObject\",\"inLanguage\":\"lv-LV\",\"@id\":\"https:\/\/miumjau.ee\/#\/schema\/logo\/image\/\",\"url\":\"https:\/\/miumjau.ee\/wp-content\/uploads\/2022\/04\/MiuMjau-logo-kollane.png\",\"contentUrl\":\"https:\/\/miumjau.ee\/wp-content\/uploads\/2022\/04\/MiuMjau-logo-kollane.png\",\"width\":219,\"height\":100,\"caption\":\"MiuMjau O\u00dc\"},\"image\":{\"@id\":\"https:\/\/miumjau.ee\/#\/schema\/logo\/image\/\"},\"sameAs\":[\"https:\/\/www.facebook.com\/miumjaupood\/\"]}]}<\/script>\n<!-- \/ Yoast SEO plugin. -->","yoast_head_json":{"title":"Keramikas bar\u012bbas b\u013coda su\u0146iem, 18 cm, roz\u0101 - MiuMjau","robots":{"index":"index","follow":"follow","max-snippet":"max-snippet:-1","max-image-preview":"max-image-preview:large","max-video-preview":"max-video-preview:-1"},"canonical":"https:\/\/miumjau.ee\/lv\/produkts\/keramikas-baribas-bloda-suniem-18-cm-roza\/","og_locale":"lv_LV","og_type":"article","og_title":"Keramikas bar\u012bbas b\u013coda su\u0146iem, 18 cm, roz\u0101 - MiuMjau","og_description":"Keramikas b\u013coda \u2013 t\u0101s at\u0161\u0137iras no plastmasas un met\u0101la b\u013cod\u0101m:     Viegls t\u012br\u012b\u0161ana. Var mazg\u0101t rok\u0101m vai trauku mazg\u0101jamaj\u0101 ma\u0161\u012bn\u0101.    Iztur\u012bba. Viena ieg\u0101de un ilgs lieto\u0161anas m\u016b\u017es.    Ietekmes tr\u016bkums uz p\u0101rtikas un \u016bdens gar\u0161u un smar\u017eu.    Stabilit\u0101te. B\u013coda nekr\u012bt p\u0101ri \u0113dot vai dzerot \u016bdeni.    Skaists un est\u0113tisks izskats. Piem\u0113rots jebkuram interjeram.   Izm\u0113ri: diametrs 18 cm, augstums 7 cm Izv\u0113lieties b\u013codas izm\u0113ru atbilsto\u0161i m\u0101jdz\u012bvnieka vecumam un lielumam. Maz\u0101kas b\u013codas ir piem\u0113rotas ka\u0137iem, kuc\u0113niem un mazu \u0161\u0137ir\u0146u su\u0146iem. Vid\u0113ja un liel\u0101ka izm\u0113ra b\u013codas ir laba izv\u0113le vid\u0113ja un liela izm\u0113ra su\u0146iem, piem\u0113ram, beagle, kokerspanjelis vai borderkollijs.","og_url":"https:\/\/miumjau.ee\/lv\/produkts\/keramikas-baribas-bloda-suniem-18-cm-roza\/","og_site_name":"MiuMjau","article_publisher":"https:\/\/www.facebook.com\/miumjaupood\/","article_modified_time":"2026-01-07T19:20:52+00:00","og_image":[{"width":600,"height":800,"url":"https:\/\/miumjau.ee\/wp-content\/uploads\/2025\/09\/keraamiline-kauss-18cm-roosa.jpg","type":"image\/jpeg"}],"twitter_card":"summary_large_image","schema":{"@context":"https:\/\/schema.org","@graph":[{"@type":"WebPage","@id":"https:\/\/miumjau.ee\/lv\/produkts\/keramikas-baribas-bloda-suniem-18-cm-roza\/","url":"https:\/\/miumjau.ee\/lv\/produkts\/keramikas-baribas-bloda-suniem-18-cm-roza\/","name":"Keramikas bar\u012bbas b\u013coda su\u0146iem, 18 cm, roz\u0101 - MiuMjau","isPartOf":{"@id":"https:\/\/miumjau.ee\/#website"},"primaryImageOfPage":{"@id":"https:\/\/miumjau.ee\/lv\/produkts\/keramikas-baribas-bloda-suniem-18-cm-roza\/#primaryimage"},"image":{"@id":"https:\/\/miumjau.ee\/lv\/produkts\/keramikas-baribas-bloda-suniem-18-cm-roza\/#primaryimage"},"thumbnailUrl":"https:\/\/miumjau.ee\/wp-content\/uploads\/2025\/09\/keraamiline-kauss-18cm-roosa.jpg","datePublished":"2025-09-17T08:55:53+00:00","dateModified":"2026-01-07T19:20:52+00:00","breadcrumb":{"@id":"https:\/\/miumjau.ee\/lv\/produkts\/keramikas-baribas-bloda-suniem-18-cm-roza\/#breadcrumb"},"inLanguage":"lv-LV","potentialAction":[{"@type":"ReadAction","target":["https:\/\/miumjau.ee\/lv\/produkts\/keramikas-baribas-bloda-suniem-18-cm-roza\/"]}]},{"@type":"ImageObject","inLanguage":"lv-LV","@id":"https:\/\/miumjau.ee\/lv\/produkts\/keramikas-baribas-bloda-suniem-18-cm-roza\/#primaryimage","url":"https:\/\/miumjau.ee\/wp-content\/uploads\/2025\/09\/keraamiline-kauss-18cm-roosa.jpg","contentUrl":"https:\/\/miumjau.ee\/wp-content\/uploads\/2025\/09\/keraamiline-kauss-18cm-roosa.jpg","width":600,"height":800},{"@type":"BreadcrumbList","@id":"https:\/\/miumjau.ee\/lv\/produkts\/keramikas-baribas-bloda-suniem-18-cm-roza\/#breadcrumb","itemListElement":[{"@type":"ListItem","position":1,"name":"Home","item":"https:\/\/miumjau.ee\/lv\/"},{"@type":"ListItem","position":2,"name":"Veikals","item":"https:\/\/miumjau.ee\/lv\/veikals\/"},{"@type":"ListItem","position":3,"name":"Keramikas bar\u012bbas b\u013coda su\u0146iem, 18 cm, roz\u0101"}]},{"@type":"WebSite","@id":"https:\/\/miumjau.ee\/#website","url":"https:\/\/miumjau.ee\/","name":"MiuMjau","description":"Kraapimispuud kassidele","publisher":{"@id":"https:\/\/miumjau.ee\/#organization"},"potentialAction":[{"@type":"SearchAction","target":{"@type":"EntryPoint","urlTemplate":"https:\/\/miumjau.ee\/?s={search_term_string}"},"query-input":{"@type":"PropertyValueSpecification","valueRequired":true,"valueName":"search_term_string"}}],"inLanguage":"lv-LV"},{"@type":"Organization","@id":"https:\/\/miumjau.ee\/#organization","name":"MiuMjau O\u00dc","url":"https:\/\/miumjau.ee\/","logo":{"@type":"ImageObject","inLanguage":"lv-LV","@id":"https:\/\/miumjau.ee\/#\/schema\/logo\/image\/","url":"https:\/\/miumjau.ee\/wp-content\/uploads\/2022\/04\/MiuMjau-logo-kollane.png","contentUrl":"https:\/\/miumjau.ee\/wp-content\/uploads\/2022\/04\/MiuMjau-logo-kollane.png","width":219,"height":100,"caption":"MiuMjau O\u00dc"},"image":{"@id":"https:\/\/miumjau.ee\/#\/schema\/logo\/image\/"},"sameAs":["https:\/\/www.facebook.com\/miumjaupood\/"]}]}},"_links":{"self":[{"href":"https:\/\/miumjau.ee\/lv\/wp-json\/wp\/v2\/product\/47809","targetHints":{"allow":["GET"]}}],"collection":[{"href":"https:\/\/miumjau.ee\/lv\/wp-json\/wp\/v2\/product"}],"about":[{"href":"https:\/\/miumjau.ee\/lv\/wp-json\/wp\/v2\/types\/product"}],"wp:featuredmedia":[{"embeddable":true,"href":"https:\/\/miumjau.ee\/lv\/wp-json\/wp\/v2\/media\/47810"}],"wp:attachment":[{"href":"https:\/\/miumjau.ee\/lv\/wp-json\/wp\/v2\/media?parent=47809"}],"wp:term":[{"taxonomy":"product_brand","embeddable":true,"href":"https:\/\/miumjau.ee\/lv\/wp-json\/wp\/v2\/product_brand?post=47809"},{"taxonomy":"product_cat","embeddable":true,"href":"https:\/\/miumjau.ee\/lv\/wp-json\/wp\/v2\/product_cat?post=47809"},{"taxonomy":"product_tag","embeddable":true,"href":"https:\/\/miumjau.ee\/lv\/wp-json\/wp\/v2\/product_tag?post=47809"}],"curies":[{"name":"wp","href":"https:\/\/api.w.org\/{rel}","templated":true}]}}