{"id":47801,"date":"2025-09-17T11:43:22","date_gmt":"2025-09-17T08:43:22","guid":{"rendered":"https:\/\/miumjau.ee\/toode\/suna-parnesajama-buris-doggy-m-zala\/"},"modified":"2026-01-07T21:20:52","modified_gmt":"2026-01-07T19:20:52","slug":"suna-parnesajama-buris-doggy-m-zala","status":"publish","type":"product","link":"https:\/\/miumjau.ee\/lv\/produkts\/suna-parnesajama-buris-doggy-m-zala\/","title":{"rendered":"Su\u0146a p\u0101rn\u0113s\u0101jam\u0101 b\u016bris Doggy M, za\u013ca"},"content":{"rendered":"","protected":false},"excerpt":{"rendered":"<p data-start=\"130\" data-end=\"312\">P\u0101rn\u0113s\u0101jam\u0101 b\u016bris ir ide\u0101li piem\u0113rots vid\u0113ja izm\u0113ra su\u0146u un ka\u0137u transport\u0113\u0161anai \u2013 nodro\u0161ina dro\u0161u un \u0113rtu veidu, k\u0101 p\u0101rvad\u0101t m\u0101jdz\u012bvniekus sabiedriskaj\u0101 transport\u0101 vai automa\u0161\u012bn\u0101.<\/p>\n<p data-start=\"314\" data-end=\"430\">Apr\u012bkots ar \u0113rtu rokturi. B\u016bra ab\u0101s pus\u0113s ir atveres, kas nodro\u0161ina gaisa cirkul\u0101ciju un \u013cauj uzraudz\u012bt dz\u012bvnieku.<\/p>\n<p data-start=\"432\" data-end=\"557\">Stipr\u0101s met\u0101la durvis un dro\u0161\u012bbas jostas stiprin\u0101jums ir lielisks pal\u012bgs automa\u0161\u012bn\u0101, lai b\u016bris p\u0101rvad\u0101juma laik\u0101 ne\u0161\u0137irtos.<\/p>\n<p data-start=\"559\" data-end=\"621\">Pateicoties konstrukcijai, b\u016bris ir viegls un viegli t\u012br\u0101ms.<\/p>\n<p data-start=\"623\" data-end=\"652\"><strong data-start=\"623\" data-end=\"634\">Izm\u0113ri:<\/strong> 57 \u00d7 38 \u00d7 34 cm<\/p>\n","protected":false},"featured_media":47802,"template":"","meta":[],"product_brand":[],"product_cat":[579],"product_tag":[],"class_list":{"0":"post-47801","1":"product","2":"type-product","3":"status-publish","4":"has-post-thumbnail","6":"product_cat-sunu-buri-un-parvadasanas-somas","7":"product_shipping_class-pakiautomaati-sobimatu-lv","9":"first","10":"instock","11":"taxable","12":"shipping-taxable","13":"purchasable","14":"product-type-simple"},"yoast_head":"<!-- This site is optimized with the Yoast SEO plugin v27.2 - https:\/\/yoast.com\/product\/yoast-seo-wordpress\/ -->\n<title>Su\u0146a p\u0101rn\u0113s\u0101jam\u0101 b\u016bris Doggy M, za\u013ca - MiuMjau<\/title>\n<meta name=\"robots\" content=\"index, follow, max-snippet:-1, max-image-preview:large, max-video-preview:-1\" \/>\n<link rel=\"canonical\" href=\"https:\/\/miumjau.ee\/lv\/produkts\/suna-parnesajama-buris-doggy-m-zala\/\" \/>\n<meta property=\"og:locale\" content=\"lv_LV\" \/>\n<meta property=\"og:type\" content=\"article\" \/>\n<meta property=\"og:title\" content=\"Su\u0146a p\u0101rn\u0113s\u0101jam\u0101 b\u016bris Doggy M, za\u013ca - MiuMjau\" \/>\n<meta property=\"og:description\" content=\"P\u0101rn\u0113s\u0101jam\u0101 b\u016bris ir ide\u0101li piem\u0113rots vid\u0113ja izm\u0113ra su\u0146u un ka\u0137u transport\u0113\u0161anai \u2013 nodro\u0161ina dro\u0161u un \u0113rtu veidu, k\u0101 p\u0101rvad\u0101t m\u0101jdz\u012bvniekus sabiedriskaj\u0101 transport\u0101 vai automa\u0161\u012bn\u0101. Apr\u012bkots ar \u0113rtu rokturi. B\u016bra ab\u0101s pus\u0113s ir atveres, kas nodro\u0161ina gaisa cirkul\u0101ciju un \u013cauj uzraudz\u012bt dz\u012bvnieku. Stipr\u0101s met\u0101la durvis un dro\u0161\u012bbas jostas stiprin\u0101jums ir lielisks pal\u012bgs automa\u0161\u012bn\u0101, lai b\u016bris p\u0101rvad\u0101juma laik\u0101 ne\u0161\u0137irtos. Pateicoties konstrukcijai, b\u016bris ir viegls un viegli t\u012br\u0101ms. Izm\u0113ri: 57 \u00d7 38 \u00d7 34 cm\" \/>\n<meta property=\"og:url\" content=\"https:\/\/miumjau.ee\/lv\/produkts\/suna-parnesajama-buris-doggy-m-zala\/\" \/>\n<meta property=\"og:site_name\" content=\"MiuMjau\" \/>\n<meta property=\"article:publisher\" content=\"https:\/\/www.facebook.com\/miumjaupood\/\" \/>\n<meta property=\"article:modified_time\" content=\"2026-01-07T19:20:52+00:00\" \/>\n<meta property=\"og:image\" content=\"https:\/\/miumjau.ee\/wp-content\/uploads\/2025\/09\/koera-kandepuur-m-doggy.jpg\" \/>\n\t<meta property=\"og:image:width\" content=\"600\" \/>\n\t<meta property=\"og:image:height\" content=\"800\" \/>\n\t<meta property=\"og:image:type\" content=\"image\/jpeg\" \/>\n<meta name=\"twitter:card\" content=\"summary_large_image\" \/>\n<script type=\"application\/ld+json\" class=\"yoast-schema-graph\">{\"@context\":\"https:\/\/schema.org\",\"@graph\":[{\"@type\":\"WebPage\",\"@id\":\"https:\/\/miumjau.ee\/lv\/produkts\/suna-parnesajama-buris-doggy-m-zala\/\",\"url\":\"https:\/\/miumjau.ee\/lv\/produkts\/suna-parnesajama-buris-doggy-m-zala\/\",\"name\":\"Su\u0146a p\u0101rn\u0113s\u0101jam\u0101 b\u016bris Doggy M, za\u013ca - MiuMjau\",\"isPartOf\":{\"@id\":\"https:\/\/miumjau.ee\/#website\"},\"primaryImageOfPage\":{\"@id\":\"https:\/\/miumjau.ee\/lv\/produkts\/suna-parnesajama-buris-doggy-m-zala\/#primaryimage\"},\"image\":{\"@id\":\"https:\/\/miumjau.ee\/lv\/produkts\/suna-parnesajama-buris-doggy-m-zala\/#primaryimage\"},\"thumbnailUrl\":\"https:\/\/miumjau.ee\/wp-content\/uploads\/2025\/09\/koera-kandepuur-m-doggy.jpg\",\"datePublished\":\"2025-09-17T08:43:22+00:00\",\"dateModified\":\"2026-01-07T19:20:52+00:00\",\"breadcrumb\":{\"@id\":\"https:\/\/miumjau.ee\/lv\/produkts\/suna-parnesajama-buris-doggy-m-zala\/#breadcrumb\"},\"inLanguage\":\"lv-LV\",\"potentialAction\":[{\"@type\":\"ReadAction\",\"target\":[\"https:\/\/miumjau.ee\/lv\/produkts\/suna-parnesajama-buris-doggy-m-zala\/\"]}]},{\"@type\":\"ImageObject\",\"inLanguage\":\"lv-LV\",\"@id\":\"https:\/\/miumjau.ee\/lv\/produkts\/suna-parnesajama-buris-doggy-m-zala\/#primaryimage\",\"url\":\"https:\/\/miumjau.ee\/wp-content\/uploads\/2025\/09\/koera-kandepuur-m-doggy.jpg\",\"contentUrl\":\"https:\/\/miumjau.ee\/wp-content\/uploads\/2025\/09\/koera-kandepuur-m-doggy.jpg\",\"width\":600,\"height\":800},{\"@type\":\"BreadcrumbList\",\"@id\":\"https:\/\/miumjau.ee\/lv\/produkts\/suna-parnesajama-buris-doggy-m-zala\/#breadcrumb\",\"itemListElement\":[{\"@type\":\"ListItem\",\"position\":1,\"name\":\"Home\",\"item\":\"https:\/\/miumjau.ee\/lv\/\"},{\"@type\":\"ListItem\",\"position\":2,\"name\":\"Veikals\",\"item\":\"https:\/\/miumjau.ee\/lv\/veikals\/\"},{\"@type\":\"ListItem\",\"position\":3,\"name\":\"Su\u0146a p\u0101rn\u0113s\u0101jam\u0101 b\u016bris Doggy M, za\u013ca\"}]},{\"@type\":\"WebSite\",\"@id\":\"https:\/\/miumjau.ee\/#website\",\"url\":\"https:\/\/miumjau.ee\/\",\"name\":\"MiuMjau\",\"description\":\"Kraapimispuud kassidele\",\"publisher\":{\"@id\":\"https:\/\/miumjau.ee\/#organization\"},\"potentialAction\":[{\"@type\":\"SearchAction\",\"target\":{\"@type\":\"EntryPoint\",\"urlTemplate\":\"https:\/\/miumjau.ee\/?s={search_term_string}\"},\"query-input\":{\"@type\":\"PropertyValueSpecification\",\"valueRequired\":true,\"valueName\":\"search_term_string\"}}],\"inLanguage\":\"lv-LV\"},{\"@type\":\"Organization\",\"@id\":\"https:\/\/miumjau.ee\/#organization\",\"name\":\"MiuMjau O\u00dc\",\"url\":\"https:\/\/miumjau.ee\/\",\"logo\":{\"@type\":\"ImageObject\",\"inLanguage\":\"lv-LV\",\"@id\":\"https:\/\/miumjau.ee\/#\/schema\/logo\/image\/\",\"url\":\"https:\/\/miumjau.ee\/wp-content\/uploads\/2022\/04\/MiuMjau-logo-kollane.png\",\"contentUrl\":\"https:\/\/miumjau.ee\/wp-content\/uploads\/2022\/04\/MiuMjau-logo-kollane.png\",\"width\":219,\"height\":100,\"caption\":\"MiuMjau O\u00dc\"},\"image\":{\"@id\":\"https:\/\/miumjau.ee\/#\/schema\/logo\/image\/\"},\"sameAs\":[\"https:\/\/www.facebook.com\/miumjaupood\/\"]}]}<\/script>\n<!-- \/ Yoast SEO plugin. -->","yoast_head_json":{"title":"Su\u0146a p\u0101rn\u0113s\u0101jam\u0101 b\u016bris Doggy M, za\u013ca - MiuMjau","robots":{"index":"index","follow":"follow","max-snippet":"max-snippet:-1","max-image-preview":"max-image-preview:large","max-video-preview":"max-video-preview:-1"},"canonical":"https:\/\/miumjau.ee\/lv\/produkts\/suna-parnesajama-buris-doggy-m-zala\/","og_locale":"lv_LV","og_type":"article","og_title":"Su\u0146a p\u0101rn\u0113s\u0101jam\u0101 b\u016bris Doggy M, za\u013ca - MiuMjau","og_description":"P\u0101rn\u0113s\u0101jam\u0101 b\u016bris ir ide\u0101li piem\u0113rots vid\u0113ja izm\u0113ra su\u0146u un ka\u0137u transport\u0113\u0161anai \u2013 nodro\u0161ina dro\u0161u un \u0113rtu veidu, k\u0101 p\u0101rvad\u0101t m\u0101jdz\u012bvniekus sabiedriskaj\u0101 transport\u0101 vai automa\u0161\u012bn\u0101. Apr\u012bkots ar \u0113rtu rokturi. B\u016bra ab\u0101s pus\u0113s ir atveres, kas nodro\u0161ina gaisa cirkul\u0101ciju un \u013cauj uzraudz\u012bt dz\u012bvnieku. Stipr\u0101s met\u0101la durvis un dro\u0161\u012bbas jostas stiprin\u0101jums ir lielisks pal\u012bgs automa\u0161\u012bn\u0101, lai b\u016bris p\u0101rvad\u0101juma laik\u0101 ne\u0161\u0137irtos. Pateicoties konstrukcijai, b\u016bris ir viegls un viegli t\u012br\u0101ms. Izm\u0113ri: 57 \u00d7 38 \u00d7 34 cm","og_url":"https:\/\/miumjau.ee\/lv\/produkts\/suna-parnesajama-buris-doggy-m-zala\/","og_site_name":"MiuMjau","article_publisher":"https:\/\/www.facebook.com\/miumjaupood\/","article_modified_time":"2026-01-07T19:20:52+00:00","og_image":[{"width":600,"height":800,"url":"https:\/\/miumjau.ee\/wp-content\/uploads\/2025\/09\/koera-kandepuur-m-doggy.jpg","type":"image\/jpeg"}],"twitter_card":"summary_large_image","schema":{"@context":"https:\/\/schema.org","@graph":[{"@type":"WebPage","@id":"https:\/\/miumjau.ee\/lv\/produkts\/suna-parnesajama-buris-doggy-m-zala\/","url":"https:\/\/miumjau.ee\/lv\/produkts\/suna-parnesajama-buris-doggy-m-zala\/","name":"Su\u0146a p\u0101rn\u0113s\u0101jam\u0101 b\u016bris Doggy M, za\u013ca - MiuMjau","isPartOf":{"@id":"https:\/\/miumjau.ee\/#website"},"primaryImageOfPage":{"@id":"https:\/\/miumjau.ee\/lv\/produkts\/suna-parnesajama-buris-doggy-m-zala\/#primaryimage"},"image":{"@id":"https:\/\/miumjau.ee\/lv\/produkts\/suna-parnesajama-buris-doggy-m-zala\/#primaryimage"},"thumbnailUrl":"https:\/\/miumjau.ee\/wp-content\/uploads\/2025\/09\/koera-kandepuur-m-doggy.jpg","datePublished":"2025-09-17T08:43:22+00:00","dateModified":"2026-01-07T19:20:52+00:00","breadcrumb":{"@id":"https:\/\/miumjau.ee\/lv\/produkts\/suna-parnesajama-buris-doggy-m-zala\/#breadcrumb"},"inLanguage":"lv-LV","potentialAction":[{"@type":"ReadAction","target":["https:\/\/miumjau.ee\/lv\/produkts\/suna-parnesajama-buris-doggy-m-zala\/"]}]},{"@type":"ImageObject","inLanguage":"lv-LV","@id":"https:\/\/miumjau.ee\/lv\/produkts\/suna-parnesajama-buris-doggy-m-zala\/#primaryimage","url":"https:\/\/miumjau.ee\/wp-content\/uploads\/2025\/09\/koera-kandepuur-m-doggy.jpg","contentUrl":"https:\/\/miumjau.ee\/wp-content\/uploads\/2025\/09\/koera-kandepuur-m-doggy.jpg","width":600,"height":800},{"@type":"BreadcrumbList","@id":"https:\/\/miumjau.ee\/lv\/produkts\/suna-parnesajama-buris-doggy-m-zala\/#breadcrumb","itemListElement":[{"@type":"ListItem","position":1,"name":"Home","item":"https:\/\/miumjau.ee\/lv\/"},{"@type":"ListItem","position":2,"name":"Veikals","item":"https:\/\/miumjau.ee\/lv\/veikals\/"},{"@type":"ListItem","position":3,"name":"Su\u0146a p\u0101rn\u0113s\u0101jam\u0101 b\u016bris Doggy M, za\u013ca"}]},{"@type":"WebSite","@id":"https:\/\/miumjau.ee\/#website","url":"https:\/\/miumjau.ee\/","name":"MiuMjau","description":"Kraapimispuud kassidele","publisher":{"@id":"https:\/\/miumjau.ee\/#organization"},"potentialAction":[{"@type":"SearchAction","target":{"@type":"EntryPoint","urlTemplate":"https:\/\/miumjau.ee\/?s={search_term_string}"},"query-input":{"@type":"PropertyValueSpecification","valueRequired":true,"valueName":"search_term_string"}}],"inLanguage":"lv-LV"},{"@type":"Organization","@id":"https:\/\/miumjau.ee\/#organization","name":"MiuMjau O\u00dc","url":"https:\/\/miumjau.ee\/","logo":{"@type":"ImageObject","inLanguage":"lv-LV","@id":"https:\/\/miumjau.ee\/#\/schema\/logo\/image\/","url":"https:\/\/miumjau.ee\/wp-content\/uploads\/2022\/04\/MiuMjau-logo-kollane.png","contentUrl":"https:\/\/miumjau.ee\/wp-content\/uploads\/2022\/04\/MiuMjau-logo-kollane.png","width":219,"height":100,"caption":"MiuMjau O\u00dc"},"image":{"@id":"https:\/\/miumjau.ee\/#\/schema\/logo\/image\/"},"sameAs":["https:\/\/www.facebook.com\/miumjaupood\/"]}]}},"_links":{"self":[{"href":"https:\/\/miumjau.ee\/lv\/wp-json\/wp\/v2\/product\/47801","targetHints":{"allow":["GET"]}}],"collection":[{"href":"https:\/\/miumjau.ee\/lv\/wp-json\/wp\/v2\/product"}],"about":[{"href":"https:\/\/miumjau.ee\/lv\/wp-json\/wp\/v2\/types\/product"}],"wp:featuredmedia":[{"embeddable":true,"href":"https:\/\/miumjau.ee\/lv\/wp-json\/wp\/v2\/media\/47802"}],"wp:attachment":[{"href":"https:\/\/miumjau.ee\/lv\/wp-json\/wp\/v2\/media?parent=47801"}],"wp:term":[{"taxonomy":"product_brand","embeddable":true,"href":"https:\/\/miumjau.ee\/lv\/wp-json\/wp\/v2\/product_brand?post=47801"},{"taxonomy":"product_cat","embeddable":true,"href":"https:\/\/miumjau.ee\/lv\/wp-json\/wp\/v2\/product_cat?post=47801"},{"taxonomy":"product_tag","embeddable":true,"href":"https:\/\/miumjau.ee\/lv\/wp-json\/wp\/v2\/product_tag?post=47801"}],"curies":[{"name":"wp","href":"https:\/\/api.w.org\/{rel}","templated":true}]}}