{"id":47791,"date":"2025-09-17T10:23:09","date_gmt":"2025-09-17T07:23:09","guid":{"rendered":"https:\/\/miumjau.ee\/toode\/saliekams-rotalu-voljers-suniem-smags-xl\/"},"modified":"2026-01-07T21:20:59","modified_gmt":"2026-01-07T19:20:59","slug":"saliekams-rotalu-voljers-suniem-smags-xl","status":"publish","type":"product","link":"https:\/\/miumjau.ee\/lv\/produkts\/saliekams-rotalu-voljers-suniem-smags-xl\/","title":{"rendered":"Saliekams rota\u013cu volj\u0113rs su\u0146iem, smags, XL"},"content":{"rendered":"","protected":false},"excerpt":{"rendered":"<p data-start=\"136\" data-end=\"357\">Su\u0146a rota\u013cu volj\u0113rs ar sliek\u0161\u0146a v\u0101rtiem nodro\u0161ina j\u016bsu sunim dro\u0161u un stingru telpu. Tas ir izgatavots no pastiprin\u0101ta, smag\u0101 pulverkr\u0101sot\u0101 t\u0113rauda, kas garant\u0113 izcilu iztur\u012bbu un stabilit\u0101ti \u2013 pat ener\u0123isk\u0101kiem su\u0146iem.<\/p>\n<p data-start=\"359\" data-end=\"617\">Volj\u0113rs ar sliek\u0161\u0146a v\u0101rtiem ne\u013cauj kuc\u0113niem un maz\u0101kiem su\u0146iem patst\u0101v\u012bgi iziet no volj\u0113ra, vienlaikus \u013caujot saimniekam viegli piek\u013c\u016bt. Salik\u0161ana ir \u0101tra un vienk\u0101r\u0161a \u2013 pane\u013ci savienoti ar pievienotajiem tap\u0101m, padarot salik\u0161anu un izjauk\u0161anu \u013coti vieglu.<\/p>\n<p data-start=\"619\" data-end=\"797\">Smag\u0101 konstrukcija ir deform\u0101cijas un korozijas iztur\u012bga, t\u0101d\u0113\u013c volj\u0113ru var izmantot gan iek\u0161telp\u0101s, gan \u0101r\u0101. Praktisks un ilgm\u016b\u017e\u012bgs risin\u0101jums su\u0146u \u012bpa\u0161niekiem un audz\u0113t\u0101jiem.<\/p>\n<p data-start=\"799\" data-end=\"967\"><strong data-start=\"799\" data-end=\"810\">Izm\u0113rs:<\/strong> XL<br data-start=\"813\" data-end=\"816\" \/><strong data-start=\"816\" data-end=\"834\">Pane\u013ca izm\u0113rs:<\/strong> 76 \u00d7 120 cm<br data-start=\"846\" data-end=\"849\" \/><strong data-start=\"849\" data-end=\"867\">Pane\u013cu skaits:<\/strong> 8 gab.<br data-start=\"874\" data-end=\"877\" \/><strong data-start=\"877\" data-end=\"891\">Materi\u0101ls:<\/strong> pulverkr\u0101sots t\u0113rauds<br data-start=\"913\" data-end=\"916\" \/><strong data-start=\"916\" data-end=\"926\">Kr\u0101sa:<\/strong> melna<br data-start=\"932\" data-end=\"935\" \/><strong data-start=\"935\" data-end=\"949\">Salik\u0161ana:<\/strong> tapas iek\u013cautas<\/p>\n<p data-start=\"969\" data-end=\"1122\"><strong data-start=\"969\" data-end=\"987\">Priek\u0161roc\u012bbas:<\/strong> visiztur\u012bg\u0101kais modelis, sliek\u0161\u0146a v\u0101rti, stabila un laikapst\u0101k\u013cu iztur\u012bga konstrukcija, \u0101tra salik\u0161ana, saliekams \u0113rtai uzglab\u0101\u0161anai<\/p>\n<p data-start=\"1124\" data-end=\"1196\"><strong data-start=\"1124\" data-end=\"1135\">M\u0113r\u0137is:<\/strong> rota\u013cu volj\u0113rs liel\u0101m \u0161\u0137irn\u0113m vai vair\u0101kiem m\u0101jdz\u012bvniekiem<\/p>\n","protected":false},"featured_media":47792,"template":"","meta":[],"product_brand":[],"product_cat":[579],"product_tag":[],"class_list":{"0":"post-47791","1":"product","2":"type-product","3":"status-publish","4":"has-post-thumbnail","6":"product_cat-sunu-buri-un-parvadasanas-somas","7":"product_shipping_class-pakiautomaati-sobimatu-lv","9":"first","10":"instock","11":"taxable","12":"shipping-taxable","13":"purchasable","14":"product-type-simple"},"yoast_head":"<!-- This site is optimized with the Yoast SEO plugin v27.2 - https:\/\/yoast.com\/product\/yoast-seo-wordpress\/ -->\n<title>Saliekams rota\u013cu volj\u0113rs su\u0146iem, smags, XL - MiuMjau<\/title>\n<meta name=\"robots\" content=\"index, follow, max-snippet:-1, max-image-preview:large, max-video-preview:-1\" \/>\n<link rel=\"canonical\" href=\"https:\/\/miumjau.ee\/lv\/produkts\/saliekams-rotalu-voljers-suniem-smags-xl\/\" \/>\n<meta property=\"og:locale\" content=\"lv_LV\" \/>\n<meta property=\"og:type\" content=\"article\" \/>\n<meta property=\"og:title\" content=\"Saliekams rota\u013cu volj\u0113rs su\u0146iem, smags, XL - MiuMjau\" \/>\n<meta property=\"og:description\" content=\"Su\u0146a rota\u013cu volj\u0113rs ar sliek\u0161\u0146a v\u0101rtiem nodro\u0161ina j\u016bsu sunim dro\u0161u un stingru telpu. Tas ir izgatavots no pastiprin\u0101ta, smag\u0101 pulverkr\u0101sot\u0101 t\u0113rauda, kas garant\u0113 izcilu iztur\u012bbu un stabilit\u0101ti \u2013 pat ener\u0123isk\u0101kiem su\u0146iem. Volj\u0113rs ar sliek\u0161\u0146a v\u0101rtiem ne\u013cauj kuc\u0113niem un maz\u0101kiem su\u0146iem patst\u0101v\u012bgi iziet no volj\u0113ra, vienlaikus \u013caujot saimniekam viegli piek\u013c\u016bt. Salik\u0161ana ir \u0101tra un vienk\u0101r\u0161a \u2013 pane\u013ci savienoti ar pievienotajiem tap\u0101m, padarot salik\u0161anu un izjauk\u0161anu \u013coti vieglu. Smag\u0101 konstrukcija ir deform\u0101cijas un korozijas iztur\u012bga, t\u0101d\u0113\u013c volj\u0113ru var izmantot gan iek\u0161telp\u0101s, gan \u0101r\u0101. Praktisks un ilgm\u016b\u017e\u012bgs risin\u0101jums su\u0146u \u012bpa\u0161niekiem un audz\u0113t\u0101jiem. Izm\u0113rs: XLPane\u013ca izm\u0113rs: 76 \u00d7 120 cmPane\u013cu skaits: 8 gab.Materi\u0101ls: pulverkr\u0101sots t\u0113raudsKr\u0101sa: melnaSalik\u0161ana: tapas iek\u013cautas Priek\u0161roc\u012bbas: visiztur\u012bg\u0101kais modelis, sliek\u0161\u0146a v\u0101rti, stabila un laikapst\u0101k\u013cu iztur\u012bga konstrukcija, \u0101tra salik\u0161ana, saliekams \u0113rtai uzglab\u0101\u0161anai M\u0113r\u0137is: rota\u013cu volj\u0113rs liel\u0101m \u0161\u0137irn\u0113m vai vair\u0101kiem m\u0101jdz\u012bvniekiem\" \/>\n<meta property=\"og:url\" content=\"https:\/\/miumjau.ee\/lv\/produkts\/saliekams-rotalu-voljers-suniem-smags-xl\/\" \/>\n<meta property=\"og:site_name\" content=\"MiuMjau\" \/>\n<meta property=\"article:publisher\" content=\"https:\/\/www.facebook.com\/miumjaupood\/\" \/>\n<meta property=\"article:modified_time\" content=\"2026-01-07T19:20:59+00:00\" \/>\n<meta property=\"og:image\" content=\"https:\/\/miumjau.ee\/wp-content\/uploads\/2025\/09\/koerte-manguaedik-k922-XL1-Photoroom.jpg\" \/>\n\t<meta property=\"og:image:width\" content=\"600\" \/>\n\t<meta property=\"og:image:height\" content=\"800\" \/>\n\t<meta property=\"og:image:type\" content=\"image\/jpeg\" \/>\n<meta name=\"twitter:card\" content=\"summary_large_image\" \/>\n<script type=\"application\/ld+json\" class=\"yoast-schema-graph\">{\"@context\":\"https:\/\/schema.org\",\"@graph\":[{\"@type\":\"WebPage\",\"@id\":\"https:\/\/miumjau.ee\/lv\/produkts\/saliekams-rotalu-voljers-suniem-smags-xl\/\",\"url\":\"https:\/\/miumjau.ee\/lv\/produkts\/saliekams-rotalu-voljers-suniem-smags-xl\/\",\"name\":\"Saliekams rota\u013cu volj\u0113rs su\u0146iem, smags, XL - MiuMjau\",\"isPartOf\":{\"@id\":\"https:\/\/miumjau.ee\/#website\"},\"primaryImageOfPage\":{\"@id\":\"https:\/\/miumjau.ee\/lv\/produkts\/saliekams-rotalu-voljers-suniem-smags-xl\/#primaryimage\"},\"image\":{\"@id\":\"https:\/\/miumjau.ee\/lv\/produkts\/saliekams-rotalu-voljers-suniem-smags-xl\/#primaryimage\"},\"thumbnailUrl\":\"https:\/\/miumjau.ee\/wp-content\/uploads\/2025\/09\/koerte-manguaedik-k922-XL1-Photoroom.jpg\",\"datePublished\":\"2025-09-17T07:23:09+00:00\",\"dateModified\":\"2026-01-07T19:20:59+00:00\",\"breadcrumb\":{\"@id\":\"https:\/\/miumjau.ee\/lv\/produkts\/saliekams-rotalu-voljers-suniem-smags-xl\/#breadcrumb\"},\"inLanguage\":\"lv-LV\",\"potentialAction\":[{\"@type\":\"ReadAction\",\"target\":[\"https:\/\/miumjau.ee\/lv\/produkts\/saliekams-rotalu-voljers-suniem-smags-xl\/\"]}]},{\"@type\":\"ImageObject\",\"inLanguage\":\"lv-LV\",\"@id\":\"https:\/\/miumjau.ee\/lv\/produkts\/saliekams-rotalu-voljers-suniem-smags-xl\/#primaryimage\",\"url\":\"https:\/\/miumjau.ee\/wp-content\/uploads\/2025\/09\/koerte-manguaedik-k922-XL1-Photoroom.jpg\",\"contentUrl\":\"https:\/\/miumjau.ee\/wp-content\/uploads\/2025\/09\/koerte-manguaedik-k922-XL1-Photoroom.jpg\",\"width\":600,\"height\":800},{\"@type\":\"BreadcrumbList\",\"@id\":\"https:\/\/miumjau.ee\/lv\/produkts\/saliekams-rotalu-voljers-suniem-smags-xl\/#breadcrumb\",\"itemListElement\":[{\"@type\":\"ListItem\",\"position\":1,\"name\":\"Home\",\"item\":\"https:\/\/miumjau.ee\/lv\/\"},{\"@type\":\"ListItem\",\"position\":2,\"name\":\"Veikals\",\"item\":\"https:\/\/miumjau.ee\/lv\/veikals\/\"},{\"@type\":\"ListItem\",\"position\":3,\"name\":\"Saliekams rota\u013cu volj\u0113rs su\u0146iem, smags, XL\"}]},{\"@type\":\"WebSite\",\"@id\":\"https:\/\/miumjau.ee\/#website\",\"url\":\"https:\/\/miumjau.ee\/\",\"name\":\"MiuMjau\",\"description\":\"Kraapimispuud kassidele\",\"publisher\":{\"@id\":\"https:\/\/miumjau.ee\/#organization\"},\"potentialAction\":[{\"@type\":\"SearchAction\",\"target\":{\"@type\":\"EntryPoint\",\"urlTemplate\":\"https:\/\/miumjau.ee\/?s={search_term_string}\"},\"query-input\":{\"@type\":\"PropertyValueSpecification\",\"valueRequired\":true,\"valueName\":\"search_term_string\"}}],\"inLanguage\":\"lv-LV\"},{\"@type\":\"Organization\",\"@id\":\"https:\/\/miumjau.ee\/#organization\",\"name\":\"MiuMjau O\u00dc\",\"url\":\"https:\/\/miumjau.ee\/\",\"logo\":{\"@type\":\"ImageObject\",\"inLanguage\":\"lv-LV\",\"@id\":\"https:\/\/miumjau.ee\/#\/schema\/logo\/image\/\",\"url\":\"https:\/\/miumjau.ee\/wp-content\/uploads\/2022\/04\/MiuMjau-logo-kollane.png\",\"contentUrl\":\"https:\/\/miumjau.ee\/wp-content\/uploads\/2022\/04\/MiuMjau-logo-kollane.png\",\"width\":219,\"height\":100,\"caption\":\"MiuMjau O\u00dc\"},\"image\":{\"@id\":\"https:\/\/miumjau.ee\/#\/schema\/logo\/image\/\"},\"sameAs\":[\"https:\/\/www.facebook.com\/miumjaupood\/\"]}]}<\/script>\n<!-- \/ Yoast SEO plugin. -->","yoast_head_json":{"title":"Saliekams rota\u013cu volj\u0113rs su\u0146iem, smags, XL - MiuMjau","robots":{"index":"index","follow":"follow","max-snippet":"max-snippet:-1","max-image-preview":"max-image-preview:large","max-video-preview":"max-video-preview:-1"},"canonical":"https:\/\/miumjau.ee\/lv\/produkts\/saliekams-rotalu-voljers-suniem-smags-xl\/","og_locale":"lv_LV","og_type":"article","og_title":"Saliekams rota\u013cu volj\u0113rs su\u0146iem, smags, XL - MiuMjau","og_description":"Su\u0146a rota\u013cu volj\u0113rs ar sliek\u0161\u0146a v\u0101rtiem nodro\u0161ina j\u016bsu sunim dro\u0161u un stingru telpu. Tas ir izgatavots no pastiprin\u0101ta, smag\u0101 pulverkr\u0101sot\u0101 t\u0113rauda, kas garant\u0113 izcilu iztur\u012bbu un stabilit\u0101ti \u2013 pat ener\u0123isk\u0101kiem su\u0146iem. Volj\u0113rs ar sliek\u0161\u0146a v\u0101rtiem ne\u013cauj kuc\u0113niem un maz\u0101kiem su\u0146iem patst\u0101v\u012bgi iziet no volj\u0113ra, vienlaikus \u013caujot saimniekam viegli piek\u013c\u016bt. Salik\u0161ana ir \u0101tra un vienk\u0101r\u0161a \u2013 pane\u013ci savienoti ar pievienotajiem tap\u0101m, padarot salik\u0161anu un izjauk\u0161anu \u013coti vieglu. Smag\u0101 konstrukcija ir deform\u0101cijas un korozijas iztur\u012bga, t\u0101d\u0113\u013c volj\u0113ru var izmantot gan iek\u0161telp\u0101s, gan \u0101r\u0101. Praktisks un ilgm\u016b\u017e\u012bgs risin\u0101jums su\u0146u \u012bpa\u0161niekiem un audz\u0113t\u0101jiem. Izm\u0113rs: XLPane\u013ca izm\u0113rs: 76 \u00d7 120 cmPane\u013cu skaits: 8 gab.Materi\u0101ls: pulverkr\u0101sots t\u0113raudsKr\u0101sa: melnaSalik\u0161ana: tapas iek\u013cautas Priek\u0161roc\u012bbas: visiztur\u012bg\u0101kais modelis, sliek\u0161\u0146a v\u0101rti, stabila un laikapst\u0101k\u013cu iztur\u012bga konstrukcija, \u0101tra salik\u0161ana, saliekams \u0113rtai uzglab\u0101\u0161anai M\u0113r\u0137is: rota\u013cu volj\u0113rs liel\u0101m \u0161\u0137irn\u0113m vai vair\u0101kiem m\u0101jdz\u012bvniekiem","og_url":"https:\/\/miumjau.ee\/lv\/produkts\/saliekams-rotalu-voljers-suniem-smags-xl\/","og_site_name":"MiuMjau","article_publisher":"https:\/\/www.facebook.com\/miumjaupood\/","article_modified_time":"2026-01-07T19:20:59+00:00","og_image":[{"width":600,"height":800,"url":"https:\/\/miumjau.ee\/wp-content\/uploads\/2025\/09\/koerte-manguaedik-k922-XL1-Photoroom.jpg","type":"image\/jpeg"}],"twitter_card":"summary_large_image","schema":{"@context":"https:\/\/schema.org","@graph":[{"@type":"WebPage","@id":"https:\/\/miumjau.ee\/lv\/produkts\/saliekams-rotalu-voljers-suniem-smags-xl\/","url":"https:\/\/miumjau.ee\/lv\/produkts\/saliekams-rotalu-voljers-suniem-smags-xl\/","name":"Saliekams rota\u013cu volj\u0113rs su\u0146iem, smags, XL - MiuMjau","isPartOf":{"@id":"https:\/\/miumjau.ee\/#website"},"primaryImageOfPage":{"@id":"https:\/\/miumjau.ee\/lv\/produkts\/saliekams-rotalu-voljers-suniem-smags-xl\/#primaryimage"},"image":{"@id":"https:\/\/miumjau.ee\/lv\/produkts\/saliekams-rotalu-voljers-suniem-smags-xl\/#primaryimage"},"thumbnailUrl":"https:\/\/miumjau.ee\/wp-content\/uploads\/2025\/09\/koerte-manguaedik-k922-XL1-Photoroom.jpg","datePublished":"2025-09-17T07:23:09+00:00","dateModified":"2026-01-07T19:20:59+00:00","breadcrumb":{"@id":"https:\/\/miumjau.ee\/lv\/produkts\/saliekams-rotalu-voljers-suniem-smags-xl\/#breadcrumb"},"inLanguage":"lv-LV","potentialAction":[{"@type":"ReadAction","target":["https:\/\/miumjau.ee\/lv\/produkts\/saliekams-rotalu-voljers-suniem-smags-xl\/"]}]},{"@type":"ImageObject","inLanguage":"lv-LV","@id":"https:\/\/miumjau.ee\/lv\/produkts\/saliekams-rotalu-voljers-suniem-smags-xl\/#primaryimage","url":"https:\/\/miumjau.ee\/wp-content\/uploads\/2025\/09\/koerte-manguaedik-k922-XL1-Photoroom.jpg","contentUrl":"https:\/\/miumjau.ee\/wp-content\/uploads\/2025\/09\/koerte-manguaedik-k922-XL1-Photoroom.jpg","width":600,"height":800},{"@type":"BreadcrumbList","@id":"https:\/\/miumjau.ee\/lv\/produkts\/saliekams-rotalu-voljers-suniem-smags-xl\/#breadcrumb","itemListElement":[{"@type":"ListItem","position":1,"name":"Home","item":"https:\/\/miumjau.ee\/lv\/"},{"@type":"ListItem","position":2,"name":"Veikals","item":"https:\/\/miumjau.ee\/lv\/veikals\/"},{"@type":"ListItem","position":3,"name":"Saliekams rota\u013cu volj\u0113rs su\u0146iem, smags, XL"}]},{"@type":"WebSite","@id":"https:\/\/miumjau.ee\/#website","url":"https:\/\/miumjau.ee\/","name":"MiuMjau","description":"Kraapimispuud kassidele","publisher":{"@id":"https:\/\/miumjau.ee\/#organization"},"potentialAction":[{"@type":"SearchAction","target":{"@type":"EntryPoint","urlTemplate":"https:\/\/miumjau.ee\/?s={search_term_string}"},"query-input":{"@type":"PropertyValueSpecification","valueRequired":true,"valueName":"search_term_string"}}],"inLanguage":"lv-LV"},{"@type":"Organization","@id":"https:\/\/miumjau.ee\/#organization","name":"MiuMjau O\u00dc","url":"https:\/\/miumjau.ee\/","logo":{"@type":"ImageObject","inLanguage":"lv-LV","@id":"https:\/\/miumjau.ee\/#\/schema\/logo\/image\/","url":"https:\/\/miumjau.ee\/wp-content\/uploads\/2022\/04\/MiuMjau-logo-kollane.png","contentUrl":"https:\/\/miumjau.ee\/wp-content\/uploads\/2022\/04\/MiuMjau-logo-kollane.png","width":219,"height":100,"caption":"MiuMjau O\u00dc"},"image":{"@id":"https:\/\/miumjau.ee\/#\/schema\/logo\/image\/"},"sameAs":["https:\/\/www.facebook.com\/miumjaupood\/"]}]}},"_links":{"self":[{"href":"https:\/\/miumjau.ee\/lv\/wp-json\/wp\/v2\/product\/47791","targetHints":{"allow":["GET"]}}],"collection":[{"href":"https:\/\/miumjau.ee\/lv\/wp-json\/wp\/v2\/product"}],"about":[{"href":"https:\/\/miumjau.ee\/lv\/wp-json\/wp\/v2\/types\/product"}],"wp:featuredmedia":[{"embeddable":true,"href":"https:\/\/miumjau.ee\/lv\/wp-json\/wp\/v2\/media\/47792"}],"wp:attachment":[{"href":"https:\/\/miumjau.ee\/lv\/wp-json\/wp\/v2\/media?parent=47791"}],"wp:term":[{"taxonomy":"product_brand","embeddable":true,"href":"https:\/\/miumjau.ee\/lv\/wp-json\/wp\/v2\/product_brand?post=47791"},{"taxonomy":"product_cat","embeddable":true,"href":"https:\/\/miumjau.ee\/lv\/wp-json\/wp\/v2\/product_cat?post=47791"},{"taxonomy":"product_tag","embeddable":true,"href":"https:\/\/miumjau.ee\/lv\/wp-json\/wp\/v2\/product_tag?post=47791"}],"curies":[{"name":"wp","href":"https:\/\/api.w.org\/{rel}","templated":true}]}}