{"id":47763,"date":"2025-09-17T10:17:52","date_gmt":"2025-09-17T07:17:52","guid":{"rendered":"https:\/\/miumjau.ee\/toode\/saliekams-rotalu-voljers-suniem-smags-s\/"},"modified":"2026-01-07T21:20:59","modified_gmt":"2026-01-07T19:20:59","slug":"saliekams-rotalu-voljers-suniem-smags-s","status":"publish","type":"product","link":"https:\/\/miumjau.ee\/lv\/produkts\/saliekams-rotalu-voljers-suniem-smags-s\/","title":{"rendered":"Saliekams rota\u013cu volj\u0113rs su\u0146iem, smags, S"},"content":{"rendered":"","protected":false},"excerpt":{"rendered":"<p data-start=\"135\" data-end=\"356\">Su\u0146a rota\u013cu volj\u0113rs ar sliek\u0161\u0146a v\u0101rtiem nodro\u0161ina j\u016bsu sunim dro\u0161u un stingru telpu. Tas ir izgatavots no pastiprin\u0101ta, smag\u0101 pulverkr\u0101sot\u0101 t\u0113rauda, kas garant\u0113 izcilu iztur\u012bbu un stabilit\u0101ti \u2013 pat ener\u0123isk\u0101kiem su\u0146iem.<\/p>\n<p data-start=\"358\" data-end=\"616\">Volj\u0113rs ar sliek\u0161\u0146a v\u0101rtiem ne\u013cauj kuc\u0113niem un maz\u0101kiem su\u0146iem patst\u0101v\u012bgi iziet no volj\u0113ra, vienlaikus \u013caujot saimniekam viegli piek\u013c\u016bt. Salik\u0161ana ir \u0101tra un vienk\u0101r\u0161a \u2013 pane\u013ci savienoti ar pievienotajiem tap\u0101m, padarot salik\u0161anu un izjauk\u0161anu \u013coti vieglu.<\/p>\n<p data-start=\"618\" data-end=\"796\">Smag\u0101 konstrukcija ir deform\u0101cijas un korozijas iztur\u012bga, t\u0101d\u0113\u013c volj\u0113ru var izmantot gan iek\u0161telp\u0101s, gan \u0101r\u0101. Praktisks un ilgm\u016b\u017e\u012bgs risin\u0101jums su\u0146u \u012bpa\u0161niekiem un audz\u0113t\u0101jiem.<\/p>\n<p data-start=\"798\" data-end=\"982\"><strong data-start=\"798\" data-end=\"809\">Izm\u0113rs:<\/strong> S<br data-start=\"811\" data-end=\"814\" \/><strong data-start=\"814\" data-end=\"832\">Pane\u013ca izm\u0113rs:<\/strong> 77 \u00d7 61 cm<br data-start=\"843\" data-end=\"846\" \/><strong data-start=\"846\" data-end=\"864\">Pane\u013cu skaits:<\/strong> 8 gab.<br data-start=\"871\" data-end=\"874\" \/><strong data-start=\"874\" data-end=\"888\">Materi\u0101ls:<\/strong> pulverkr\u0101sots t\u0113rauds<br data-start=\"910\" data-end=\"913\" \/><strong data-start=\"913\" data-end=\"923\">Kr\u0101sa:<\/strong> melna<br data-start=\"929\" data-end=\"932\" \/><strong data-start=\"932\" data-end=\"946\">Salik\u0161ana:<\/strong> tapas iek\u013cautas, \u0101tra uzst\u0101d\u012b\u0161ana<\/p>\n<p data-start=\"984\" data-end=\"1110\"><strong data-start=\"984\" data-end=\"1002\">Priek\u0161roc\u012bbas:<\/strong> iztur\u012bg\u0101ks dizains, v\u0101rti ar slieksni, korozijiztur\u012bgi pane\u013ci, lietojams iek\u0161telp\u0101s un \u0101r\u0101, viegli salikt<\/p>\n<p data-start=\"1112\" data-end=\"1174\"><strong data-start=\"1112\" data-end=\"1123\">M\u0113r\u0137is:<\/strong> rota\u013cu volj\u0113rs kuc\u0113niem un maz\u0101kiem su\u0146u \u0161\u0137irn\u0113m<\/p>\n","protected":false},"featured_media":47764,"template":"","meta":[],"product_brand":[],"product_cat":[579],"product_tag":[],"class_list":{"0":"post-47763","1":"product","2":"type-product","3":"status-publish","4":"has-post-thumbnail","6":"product_cat-sunu-buri-un-parvadasanas-somas","7":"product_shipping_class-pakiautomaati-sobimatu-lv","9":"first","10":"outofstock","11":"sale","12":"taxable","13":"shipping-taxable","14":"purchasable","15":"product-type-simple"},"yoast_head":"<!-- This site is optimized with the Yoast SEO plugin v27.2 - https:\/\/yoast.com\/product\/yoast-seo-wordpress\/ -->\n<title>Saliekams rota\u013cu volj\u0113rs su\u0146iem, smags, S - MiuMjau<\/title>\n<meta name=\"robots\" content=\"index, follow, max-snippet:-1, max-image-preview:large, max-video-preview:-1\" \/>\n<link rel=\"canonical\" href=\"https:\/\/miumjau.ee\/lv\/produkts\/saliekams-rotalu-voljers-suniem-smags-s\/\" \/>\n<meta property=\"og:locale\" content=\"lv_LV\" \/>\n<meta property=\"og:type\" content=\"article\" \/>\n<meta property=\"og:title\" content=\"Saliekams rota\u013cu volj\u0113rs su\u0146iem, smags, S - MiuMjau\" \/>\n<meta property=\"og:description\" content=\"Su\u0146a rota\u013cu volj\u0113rs ar sliek\u0161\u0146a v\u0101rtiem nodro\u0161ina j\u016bsu sunim dro\u0161u un stingru telpu. Tas ir izgatavots no pastiprin\u0101ta, smag\u0101 pulverkr\u0101sot\u0101 t\u0113rauda, kas garant\u0113 izcilu iztur\u012bbu un stabilit\u0101ti \u2013 pat ener\u0123isk\u0101kiem su\u0146iem. Volj\u0113rs ar sliek\u0161\u0146a v\u0101rtiem ne\u013cauj kuc\u0113niem un maz\u0101kiem su\u0146iem patst\u0101v\u012bgi iziet no volj\u0113ra, vienlaikus \u013caujot saimniekam viegli piek\u013c\u016bt. Salik\u0161ana ir \u0101tra un vienk\u0101r\u0161a \u2013 pane\u013ci savienoti ar pievienotajiem tap\u0101m, padarot salik\u0161anu un izjauk\u0161anu \u013coti vieglu. Smag\u0101 konstrukcija ir deform\u0101cijas un korozijas iztur\u012bga, t\u0101d\u0113\u013c volj\u0113ru var izmantot gan iek\u0161telp\u0101s, gan \u0101r\u0101. Praktisks un ilgm\u016b\u017e\u012bgs risin\u0101jums su\u0146u \u012bpa\u0161niekiem un audz\u0113t\u0101jiem. Izm\u0113rs: SPane\u013ca izm\u0113rs: 77 \u00d7 61 cmPane\u013cu skaits: 8 gab.Materi\u0101ls: pulverkr\u0101sots t\u0113raudsKr\u0101sa: melnaSalik\u0161ana: tapas iek\u013cautas, \u0101tra uzst\u0101d\u012b\u0161ana Priek\u0161roc\u012bbas: iztur\u012bg\u0101ks dizains, v\u0101rti ar slieksni, korozijiztur\u012bgi pane\u013ci, lietojams iek\u0161telp\u0101s un \u0101r\u0101, viegli salikt M\u0113r\u0137is: rota\u013cu volj\u0113rs kuc\u0113niem un maz\u0101kiem su\u0146u \u0161\u0137irn\u0113m\" \/>\n<meta property=\"og:url\" content=\"https:\/\/miumjau.ee\/lv\/produkts\/saliekams-rotalu-voljers-suniem-smags-s\/\" \/>\n<meta property=\"og:site_name\" content=\"MiuMjau\" \/>\n<meta property=\"article:publisher\" content=\"https:\/\/www.facebook.com\/miumjaupood\/\" \/>\n<meta property=\"article:modified_time\" content=\"2026-01-07T19:20:59+00:00\" \/>\n<meta property=\"og:image\" content=\"https:\/\/miumjau.ee\/wp-content\/uploads\/2025\/09\/koerte-manguaedik-k919-S1-Photoroom.jpg\" \/>\n\t<meta property=\"og:image:width\" content=\"600\" \/>\n\t<meta property=\"og:image:height\" content=\"800\" \/>\n\t<meta property=\"og:image:type\" content=\"image\/jpeg\" \/>\n<meta name=\"twitter:card\" content=\"summary_large_image\" \/>\n<script type=\"application\/ld+json\" class=\"yoast-schema-graph\">{\"@context\":\"https:\/\/schema.org\",\"@graph\":[{\"@type\":\"WebPage\",\"@id\":\"https:\/\/miumjau.ee\/lv\/produkts\/saliekams-rotalu-voljers-suniem-smags-s\/\",\"url\":\"https:\/\/miumjau.ee\/lv\/produkts\/saliekams-rotalu-voljers-suniem-smags-s\/\",\"name\":\"Saliekams rota\u013cu volj\u0113rs su\u0146iem, smags, S - MiuMjau\",\"isPartOf\":{\"@id\":\"https:\/\/miumjau.ee\/#website\"},\"primaryImageOfPage\":{\"@id\":\"https:\/\/miumjau.ee\/lv\/produkts\/saliekams-rotalu-voljers-suniem-smags-s\/#primaryimage\"},\"image\":{\"@id\":\"https:\/\/miumjau.ee\/lv\/produkts\/saliekams-rotalu-voljers-suniem-smags-s\/#primaryimage\"},\"thumbnailUrl\":\"https:\/\/miumjau.ee\/wp-content\/uploads\/2025\/09\/koerte-manguaedik-k919-S1-Photoroom.jpg\",\"datePublished\":\"2025-09-17T07:17:52+00:00\",\"dateModified\":\"2026-01-07T19:20:59+00:00\",\"breadcrumb\":{\"@id\":\"https:\/\/miumjau.ee\/lv\/produkts\/saliekams-rotalu-voljers-suniem-smags-s\/#breadcrumb\"},\"inLanguage\":\"lv-LV\",\"potentialAction\":[{\"@type\":\"ReadAction\",\"target\":[\"https:\/\/miumjau.ee\/lv\/produkts\/saliekams-rotalu-voljers-suniem-smags-s\/\"]}]},{\"@type\":\"ImageObject\",\"inLanguage\":\"lv-LV\",\"@id\":\"https:\/\/miumjau.ee\/lv\/produkts\/saliekams-rotalu-voljers-suniem-smags-s\/#primaryimage\",\"url\":\"https:\/\/miumjau.ee\/wp-content\/uploads\/2025\/09\/koerte-manguaedik-k919-S1-Photoroom.jpg\",\"contentUrl\":\"https:\/\/miumjau.ee\/wp-content\/uploads\/2025\/09\/koerte-manguaedik-k919-S1-Photoroom.jpg\",\"width\":600,\"height\":800},{\"@type\":\"BreadcrumbList\",\"@id\":\"https:\/\/miumjau.ee\/lv\/produkts\/saliekams-rotalu-voljers-suniem-smags-s\/#breadcrumb\",\"itemListElement\":[{\"@type\":\"ListItem\",\"position\":1,\"name\":\"Home\",\"item\":\"https:\/\/miumjau.ee\/lv\/\"},{\"@type\":\"ListItem\",\"position\":2,\"name\":\"Veikals\",\"item\":\"https:\/\/miumjau.ee\/lv\/veikals\/\"},{\"@type\":\"ListItem\",\"position\":3,\"name\":\"Saliekams rota\u013cu volj\u0113rs su\u0146iem, smags, S\"}]},{\"@type\":\"WebSite\",\"@id\":\"https:\/\/miumjau.ee\/#website\",\"url\":\"https:\/\/miumjau.ee\/\",\"name\":\"MiuMjau\",\"description\":\"Kraapimispuud kassidele\",\"publisher\":{\"@id\":\"https:\/\/miumjau.ee\/#organization\"},\"potentialAction\":[{\"@type\":\"SearchAction\",\"target\":{\"@type\":\"EntryPoint\",\"urlTemplate\":\"https:\/\/miumjau.ee\/?s={search_term_string}\"},\"query-input\":{\"@type\":\"PropertyValueSpecification\",\"valueRequired\":true,\"valueName\":\"search_term_string\"}}],\"inLanguage\":\"lv-LV\"},{\"@type\":\"Organization\",\"@id\":\"https:\/\/miumjau.ee\/#organization\",\"name\":\"MiuMjau O\u00dc\",\"url\":\"https:\/\/miumjau.ee\/\",\"logo\":{\"@type\":\"ImageObject\",\"inLanguage\":\"lv-LV\",\"@id\":\"https:\/\/miumjau.ee\/#\/schema\/logo\/image\/\",\"url\":\"https:\/\/miumjau.ee\/wp-content\/uploads\/2022\/04\/MiuMjau-logo-kollane.png\",\"contentUrl\":\"https:\/\/miumjau.ee\/wp-content\/uploads\/2022\/04\/MiuMjau-logo-kollane.png\",\"width\":219,\"height\":100,\"caption\":\"MiuMjau O\u00dc\"},\"image\":{\"@id\":\"https:\/\/miumjau.ee\/#\/schema\/logo\/image\/\"},\"sameAs\":[\"https:\/\/www.facebook.com\/miumjaupood\/\"]}]}<\/script>\n<!-- \/ Yoast SEO plugin. -->","yoast_head_json":{"title":"Saliekams rota\u013cu volj\u0113rs su\u0146iem, smags, S - MiuMjau","robots":{"index":"index","follow":"follow","max-snippet":"max-snippet:-1","max-image-preview":"max-image-preview:large","max-video-preview":"max-video-preview:-1"},"canonical":"https:\/\/miumjau.ee\/lv\/produkts\/saliekams-rotalu-voljers-suniem-smags-s\/","og_locale":"lv_LV","og_type":"article","og_title":"Saliekams rota\u013cu volj\u0113rs su\u0146iem, smags, S - MiuMjau","og_description":"Su\u0146a rota\u013cu volj\u0113rs ar sliek\u0161\u0146a v\u0101rtiem nodro\u0161ina j\u016bsu sunim dro\u0161u un stingru telpu. Tas ir izgatavots no pastiprin\u0101ta, smag\u0101 pulverkr\u0101sot\u0101 t\u0113rauda, kas garant\u0113 izcilu iztur\u012bbu un stabilit\u0101ti \u2013 pat ener\u0123isk\u0101kiem su\u0146iem. Volj\u0113rs ar sliek\u0161\u0146a v\u0101rtiem ne\u013cauj kuc\u0113niem un maz\u0101kiem su\u0146iem patst\u0101v\u012bgi iziet no volj\u0113ra, vienlaikus \u013caujot saimniekam viegli piek\u013c\u016bt. Salik\u0161ana ir \u0101tra un vienk\u0101r\u0161a \u2013 pane\u013ci savienoti ar pievienotajiem tap\u0101m, padarot salik\u0161anu un izjauk\u0161anu \u013coti vieglu. Smag\u0101 konstrukcija ir deform\u0101cijas un korozijas iztur\u012bga, t\u0101d\u0113\u013c volj\u0113ru var izmantot gan iek\u0161telp\u0101s, gan \u0101r\u0101. Praktisks un ilgm\u016b\u017e\u012bgs risin\u0101jums su\u0146u \u012bpa\u0161niekiem un audz\u0113t\u0101jiem. Izm\u0113rs: SPane\u013ca izm\u0113rs: 77 \u00d7 61 cmPane\u013cu skaits: 8 gab.Materi\u0101ls: pulverkr\u0101sots t\u0113raudsKr\u0101sa: melnaSalik\u0161ana: tapas iek\u013cautas, \u0101tra uzst\u0101d\u012b\u0161ana Priek\u0161roc\u012bbas: iztur\u012bg\u0101ks dizains, v\u0101rti ar slieksni, korozijiztur\u012bgi pane\u013ci, lietojams iek\u0161telp\u0101s un \u0101r\u0101, viegli salikt M\u0113r\u0137is: rota\u013cu volj\u0113rs kuc\u0113niem un maz\u0101kiem su\u0146u \u0161\u0137irn\u0113m","og_url":"https:\/\/miumjau.ee\/lv\/produkts\/saliekams-rotalu-voljers-suniem-smags-s\/","og_site_name":"MiuMjau","article_publisher":"https:\/\/www.facebook.com\/miumjaupood\/","article_modified_time":"2026-01-07T19:20:59+00:00","og_image":[{"width":600,"height":800,"url":"https:\/\/miumjau.ee\/wp-content\/uploads\/2025\/09\/koerte-manguaedik-k919-S1-Photoroom.jpg","type":"image\/jpeg"}],"twitter_card":"summary_large_image","schema":{"@context":"https:\/\/schema.org","@graph":[{"@type":"WebPage","@id":"https:\/\/miumjau.ee\/lv\/produkts\/saliekams-rotalu-voljers-suniem-smags-s\/","url":"https:\/\/miumjau.ee\/lv\/produkts\/saliekams-rotalu-voljers-suniem-smags-s\/","name":"Saliekams rota\u013cu volj\u0113rs su\u0146iem, smags, S - MiuMjau","isPartOf":{"@id":"https:\/\/miumjau.ee\/#website"},"primaryImageOfPage":{"@id":"https:\/\/miumjau.ee\/lv\/produkts\/saliekams-rotalu-voljers-suniem-smags-s\/#primaryimage"},"image":{"@id":"https:\/\/miumjau.ee\/lv\/produkts\/saliekams-rotalu-voljers-suniem-smags-s\/#primaryimage"},"thumbnailUrl":"https:\/\/miumjau.ee\/wp-content\/uploads\/2025\/09\/koerte-manguaedik-k919-S1-Photoroom.jpg","datePublished":"2025-09-17T07:17:52+00:00","dateModified":"2026-01-07T19:20:59+00:00","breadcrumb":{"@id":"https:\/\/miumjau.ee\/lv\/produkts\/saliekams-rotalu-voljers-suniem-smags-s\/#breadcrumb"},"inLanguage":"lv-LV","potentialAction":[{"@type":"ReadAction","target":["https:\/\/miumjau.ee\/lv\/produkts\/saliekams-rotalu-voljers-suniem-smags-s\/"]}]},{"@type":"ImageObject","inLanguage":"lv-LV","@id":"https:\/\/miumjau.ee\/lv\/produkts\/saliekams-rotalu-voljers-suniem-smags-s\/#primaryimage","url":"https:\/\/miumjau.ee\/wp-content\/uploads\/2025\/09\/koerte-manguaedik-k919-S1-Photoroom.jpg","contentUrl":"https:\/\/miumjau.ee\/wp-content\/uploads\/2025\/09\/koerte-manguaedik-k919-S1-Photoroom.jpg","width":600,"height":800},{"@type":"BreadcrumbList","@id":"https:\/\/miumjau.ee\/lv\/produkts\/saliekams-rotalu-voljers-suniem-smags-s\/#breadcrumb","itemListElement":[{"@type":"ListItem","position":1,"name":"Home","item":"https:\/\/miumjau.ee\/lv\/"},{"@type":"ListItem","position":2,"name":"Veikals","item":"https:\/\/miumjau.ee\/lv\/veikals\/"},{"@type":"ListItem","position":3,"name":"Saliekams rota\u013cu volj\u0113rs su\u0146iem, smags, S"}]},{"@type":"WebSite","@id":"https:\/\/miumjau.ee\/#website","url":"https:\/\/miumjau.ee\/","name":"MiuMjau","description":"Kraapimispuud kassidele","publisher":{"@id":"https:\/\/miumjau.ee\/#organization"},"potentialAction":[{"@type":"SearchAction","target":{"@type":"EntryPoint","urlTemplate":"https:\/\/miumjau.ee\/?s={search_term_string}"},"query-input":{"@type":"PropertyValueSpecification","valueRequired":true,"valueName":"search_term_string"}}],"inLanguage":"lv-LV"},{"@type":"Organization","@id":"https:\/\/miumjau.ee\/#organization","name":"MiuMjau O\u00dc","url":"https:\/\/miumjau.ee\/","logo":{"@type":"ImageObject","inLanguage":"lv-LV","@id":"https:\/\/miumjau.ee\/#\/schema\/logo\/image\/","url":"https:\/\/miumjau.ee\/wp-content\/uploads\/2022\/04\/MiuMjau-logo-kollane.png","contentUrl":"https:\/\/miumjau.ee\/wp-content\/uploads\/2022\/04\/MiuMjau-logo-kollane.png","width":219,"height":100,"caption":"MiuMjau O\u00dc"},"image":{"@id":"https:\/\/miumjau.ee\/#\/schema\/logo\/image\/"},"sameAs":["https:\/\/www.facebook.com\/miumjaupood\/"]}]}},"_links":{"self":[{"href":"https:\/\/miumjau.ee\/lv\/wp-json\/wp\/v2\/product\/47763","targetHints":{"allow":["GET"]}}],"collection":[{"href":"https:\/\/miumjau.ee\/lv\/wp-json\/wp\/v2\/product"}],"about":[{"href":"https:\/\/miumjau.ee\/lv\/wp-json\/wp\/v2\/types\/product"}],"wp:featuredmedia":[{"embeddable":true,"href":"https:\/\/miumjau.ee\/lv\/wp-json\/wp\/v2\/media\/47764"}],"wp:attachment":[{"href":"https:\/\/miumjau.ee\/lv\/wp-json\/wp\/v2\/media?parent=47763"}],"wp:term":[{"taxonomy":"product_brand","embeddable":true,"href":"https:\/\/miumjau.ee\/lv\/wp-json\/wp\/v2\/product_brand?post=47763"},{"taxonomy":"product_cat","embeddable":true,"href":"https:\/\/miumjau.ee\/lv\/wp-json\/wp\/v2\/product_cat?post=47763"},{"taxonomy":"product_tag","embeddable":true,"href":"https:\/\/miumjau.ee\/lv\/wp-json\/wp\/v2\/product_tag?post=47763"}],"curies":[{"name":"wp","href":"https:\/\/api.w.org\/{rel}","templated":true}]}}