{"id":47734,"date":"2025-09-18T19:27:20","date_gmt":"2025-09-18T16:27:20","guid":{"rendered":"https:\/\/miumjau.ee\/toode\/fish4cats-finest-konservs-tunzivs-ansovi-10x70g\/"},"modified":"2026-01-07T21:21:06","modified_gmt":"2026-01-07T19:21:06","slug":"fish4cats-finest-konservs-tunzivs-ansovi-10x70g","status":"publish","type":"product","link":"https:\/\/miumjau.ee\/lv\/produkts\/fish4cats-finest-konservs-tunzivs-ansovi-10x70g\/","title":{"rendered":"Fish4Cats Finest konservs, tunzivs \/ an\u0161ovi 10x70g"},"content":{"rendered":"","protected":false},"excerpt":{"rendered":"<p data-start=\"144\" data-end=\"225\">Iepaz\u012bstin\u0101m ar Fish4Cats gardo zivju gar\u0161as Finest mitro bar\u012bbu izv\u0113li ka\u0137iem.<\/p>\n<p data-start=\"227\" data-end=\"320\">Ar da\u017e\u0101d\u0101m gar\u0161\u0101m un grezn\u0101m sast\u0101vda\u013c\u0101m, pietiek, lai iepriecin\u0101tu pat visizv\u0113l\u012bg\u0101ko ka\u0137i.<\/p>\n<p data-start=\"322\" data-end=\"494\">Ka\u0137i dievina zivju gar\u0161u \u2013 un t\u0101 k\u0101 zivs ir bag\u0101ta ar omega-3 tauksk\u0101b\u0113m un kvalitat\u012bvu viegli sagremojamu olbaltumvielu, tas ir vesel\u012bgs un gar\u0161\u012bgs \u0113diens \u2013 vi\u0146i to m\u012bl.<\/p>\n<p data-start=\"496\" data-end=\"653\">Ar \u013coti augstu zivju saturu Fish4Cats mitr\u0101 bar\u012bba pied\u0101v\u0101 di\u0113tu, kas atspogu\u013co ka\u0137u dabisko uzturu, padarot to par vesel\u012bg\u0101ko veidu, k\u0101 barot savus ka\u0137us.<\/p>\n<p data-start=\"655\" data-end=\"715\">\u012apa\u0161i gardi konservi ar j\u016bras velt\u0113m ka\u0137iem, papildbar\u012bba.<\/p>\n<p data-start=\"717\" data-end=\"791\"><strong data-start=\"717\" data-end=\"729\">Sast\u0101vs:<\/strong> zivju buljons 25%, tunzivju fileja 65%, an\u0161ovi 5%, r\u012bsi 5%.<\/p>\n<p data-start=\"793\" data-end=\"894\"><strong data-start=\"793\" data-end=\"821\">Anal\u012btisk\u0101s sast\u0101vda\u013cas:<\/strong> svaigs prote\u012bns 14%, \u0161\u0137iedras 0,9%, tauki 0,1%, pelni 2%, mitrums 83%.<\/p>\n","protected":false},"featured_media":47735,"template":"","meta":[],"product_brand":[],"product_cat":[571],"product_tag":[],"class_list":{"0":"post-47734","1":"product","2":"type-product","3":"status-publish","4":"has-post-thumbnail","6":"product_cat-mitra-bariba","8":"first","9":"instock","10":"taxable","11":"shipping-taxable","12":"purchasable","13":"product-type-simple"},"yoast_head":"<!-- This site is optimized with the Yoast SEO plugin v27.4 - https:\/\/yoast.com\/product\/yoast-seo-wordpress\/ -->\n<title>Fish4Cats Finest konservs, tunzivs \/ an\u0161ovi 10x70g - MiuMjau<\/title>\n<meta name=\"robots\" content=\"index, follow, max-snippet:-1, max-image-preview:large, max-video-preview:-1\" \/>\n<link rel=\"canonical\" href=\"https:\/\/miumjau.ee\/lv\/produkts\/fish4cats-finest-konservs-tunzivs-ansovi-10x70g\/\" \/>\n<meta property=\"og:locale\" content=\"lv_LV\" \/>\n<meta property=\"og:type\" content=\"article\" \/>\n<meta property=\"og:title\" content=\"Fish4Cats Finest konservs, tunzivs \/ an\u0161ovi 10x70g - MiuMjau\" \/>\n<meta property=\"og:description\" content=\"Iepaz\u012bstin\u0101m ar Fish4Cats gardo zivju gar\u0161as Finest mitro bar\u012bbu izv\u0113li ka\u0137iem. Ar da\u017e\u0101d\u0101m gar\u0161\u0101m un grezn\u0101m sast\u0101vda\u013c\u0101m, pietiek, lai iepriecin\u0101tu pat visizv\u0113l\u012bg\u0101ko ka\u0137i. Ka\u0137i dievina zivju gar\u0161u \u2013 un t\u0101 k\u0101 zivs ir bag\u0101ta ar omega-3 tauksk\u0101b\u0113m un kvalitat\u012bvu viegli sagremojamu olbaltumvielu, tas ir vesel\u012bgs un gar\u0161\u012bgs \u0113diens \u2013 vi\u0146i to m\u012bl. Ar \u013coti augstu zivju saturu Fish4Cats mitr\u0101 bar\u012bba pied\u0101v\u0101 di\u0113tu, kas atspogu\u013co ka\u0137u dabisko uzturu, padarot to par vesel\u012bg\u0101ko veidu, k\u0101 barot savus ka\u0137us. \u012apa\u0161i gardi konservi ar j\u016bras velt\u0113m ka\u0137iem, papildbar\u012bba. Sast\u0101vs: zivju buljons 25%, tunzivju fileja 65%, an\u0161ovi 5%, r\u012bsi 5%. Anal\u012btisk\u0101s sast\u0101vda\u013cas: svaigs prote\u012bns 14%, \u0161\u0137iedras 0,9%, tauki 0,1%, pelni 2%, mitrums 83%.\" \/>\n<meta property=\"og:url\" content=\"https:\/\/miumjau.ee\/lv\/produkts\/fish4cats-finest-konservs-tunzivs-ansovi-10x70g\/\" \/>\n<meta property=\"og:site_name\" content=\"MiuMjau\" \/>\n<meta property=\"article:publisher\" content=\"https:\/\/www.facebook.com\/miumjaupood\/\" \/>\n<meta property=\"article:modified_time\" content=\"2026-01-07T19:21:06+00:00\" \/>\n<meta property=\"og:image\" content=\"https:\/\/miumjau.ee\/wp-content\/uploads\/2025\/09\/fish4cats-filee-kassidele-10pakk5.jpg\" \/>\n\t<meta property=\"og:image:width\" content=\"600\" \/>\n\t<meta property=\"og:image:height\" content=\"800\" \/>\n\t<meta property=\"og:image:type\" content=\"image\/jpeg\" \/>\n<meta name=\"twitter:card\" content=\"summary_large_image\" \/>\n<script type=\"application\/ld+json\" class=\"yoast-schema-graph\">{\"@context\":\"https:\\\/\\\/schema.org\",\"@graph\":[{\"@type\":\"WebPage\",\"@id\":\"https:\\\/\\\/miumjau.ee\\\/lv\\\/produkts\\\/fish4cats-finest-konservs-tunzivs-ansovi-10x70g\\\/\",\"url\":\"https:\\\/\\\/miumjau.ee\\\/lv\\\/produkts\\\/fish4cats-finest-konservs-tunzivs-ansovi-10x70g\\\/\",\"name\":\"Fish4Cats Finest konservs, tunzivs \\\/ an\u0161ovi 10x70g - MiuMjau\",\"isPartOf\":{\"@id\":\"https:\\\/\\\/miumjau.ee\\\/#website\"},\"primaryImageOfPage\":{\"@id\":\"https:\\\/\\\/miumjau.ee\\\/lv\\\/produkts\\\/fish4cats-finest-konservs-tunzivs-ansovi-10x70g\\\/#primaryimage\"},\"image\":{\"@id\":\"https:\\\/\\\/miumjau.ee\\\/lv\\\/produkts\\\/fish4cats-finest-konservs-tunzivs-ansovi-10x70g\\\/#primaryimage\"},\"thumbnailUrl\":\"https:\\\/\\\/miumjau.ee\\\/wp-content\\\/uploads\\\/2025\\\/09\\\/fish4cats-filee-kassidele-10pakk5.jpg\",\"datePublished\":\"2025-09-18T16:27:20+00:00\",\"dateModified\":\"2026-01-07T19:21:06+00:00\",\"breadcrumb\":{\"@id\":\"https:\\\/\\\/miumjau.ee\\\/lv\\\/produkts\\\/fish4cats-finest-konservs-tunzivs-ansovi-10x70g\\\/#breadcrumb\"},\"inLanguage\":\"lv-LV\",\"potentialAction\":[{\"@type\":\"ReadAction\",\"target\":[\"https:\\\/\\\/miumjau.ee\\\/lv\\\/produkts\\\/fish4cats-finest-konservs-tunzivs-ansovi-10x70g\\\/\"]}]},{\"@type\":\"ImageObject\",\"inLanguage\":\"lv-LV\",\"@id\":\"https:\\\/\\\/miumjau.ee\\\/lv\\\/produkts\\\/fish4cats-finest-konservs-tunzivs-ansovi-10x70g\\\/#primaryimage\",\"url\":\"https:\\\/\\\/miumjau.ee\\\/wp-content\\\/uploads\\\/2025\\\/09\\\/fish4cats-filee-kassidele-10pakk5.jpg\",\"contentUrl\":\"https:\\\/\\\/miumjau.ee\\\/wp-content\\\/uploads\\\/2025\\\/09\\\/fish4cats-filee-kassidele-10pakk5.jpg\",\"width\":600,\"height\":800},{\"@type\":\"BreadcrumbList\",\"@id\":\"https:\\\/\\\/miumjau.ee\\\/lv\\\/produkts\\\/fish4cats-finest-konservs-tunzivs-ansovi-10x70g\\\/#breadcrumb\",\"itemListElement\":[{\"@type\":\"ListItem\",\"position\":1,\"name\":\"Home\",\"item\":\"https:\\\/\\\/miumjau.ee\\\/lv\\\/\"},{\"@type\":\"ListItem\",\"position\":2,\"name\":\"Veikals\",\"item\":\"https:\\\/\\\/miumjau.ee\\\/lv\\\/veikals\\\/\"},{\"@type\":\"ListItem\",\"position\":3,\"name\":\"Fish4Cats Finest konservs, tunzivs \\\/ an\u0161ovi 10x70g\"}]},{\"@type\":\"WebSite\",\"@id\":\"https:\\\/\\\/miumjau.ee\\\/#website\",\"url\":\"https:\\\/\\\/miumjau.ee\\\/\",\"name\":\"MiuMjau\",\"description\":\"Kraapimispuud kassidele\",\"publisher\":{\"@id\":\"https:\\\/\\\/miumjau.ee\\\/#organization\"},\"potentialAction\":[{\"@type\":\"SearchAction\",\"target\":{\"@type\":\"EntryPoint\",\"urlTemplate\":\"https:\\\/\\\/miumjau.ee\\\/?s={search_term_string}\"},\"query-input\":{\"@type\":\"PropertyValueSpecification\",\"valueRequired\":true,\"valueName\":\"search_term_string\"}}],\"inLanguage\":\"lv-LV\"},{\"@type\":\"Organization\",\"@id\":\"https:\\\/\\\/miumjau.ee\\\/#organization\",\"name\":\"MiuMjau O\u00dc\",\"url\":\"https:\\\/\\\/miumjau.ee\\\/\",\"logo\":{\"@type\":\"ImageObject\",\"inLanguage\":\"lv-LV\",\"@id\":\"https:\\\/\\\/miumjau.ee\\\/#\\\/schema\\\/logo\\\/image\\\/\",\"url\":\"https:\\\/\\\/miumjau.ee\\\/wp-content\\\/uploads\\\/2022\\\/04\\\/MiuMjau-logo-kollane.png\",\"contentUrl\":\"https:\\\/\\\/miumjau.ee\\\/wp-content\\\/uploads\\\/2022\\\/04\\\/MiuMjau-logo-kollane.png\",\"width\":219,\"height\":100,\"caption\":\"MiuMjau O\u00dc\"},\"image\":{\"@id\":\"https:\\\/\\\/miumjau.ee\\\/#\\\/schema\\\/logo\\\/image\\\/\"},\"sameAs\":[\"https:\\\/\\\/www.facebook.com\\\/miumjaupood\\\/\"]}]}<\/script>\n<!-- \/ Yoast SEO plugin. -->","yoast_head_json":{"title":"Fish4Cats Finest konservs, tunzivs \/ an\u0161ovi 10x70g - MiuMjau","robots":{"index":"index","follow":"follow","max-snippet":"max-snippet:-1","max-image-preview":"max-image-preview:large","max-video-preview":"max-video-preview:-1"},"canonical":"https:\/\/miumjau.ee\/lv\/produkts\/fish4cats-finest-konservs-tunzivs-ansovi-10x70g\/","og_locale":"lv_LV","og_type":"article","og_title":"Fish4Cats Finest konservs, tunzivs \/ an\u0161ovi 10x70g - MiuMjau","og_description":"Iepaz\u012bstin\u0101m ar Fish4Cats gardo zivju gar\u0161as Finest mitro bar\u012bbu izv\u0113li ka\u0137iem. Ar da\u017e\u0101d\u0101m gar\u0161\u0101m un grezn\u0101m sast\u0101vda\u013c\u0101m, pietiek, lai iepriecin\u0101tu pat visizv\u0113l\u012bg\u0101ko ka\u0137i. Ka\u0137i dievina zivju gar\u0161u \u2013 un t\u0101 k\u0101 zivs ir bag\u0101ta ar omega-3 tauksk\u0101b\u0113m un kvalitat\u012bvu viegli sagremojamu olbaltumvielu, tas ir vesel\u012bgs un gar\u0161\u012bgs \u0113diens \u2013 vi\u0146i to m\u012bl. Ar \u013coti augstu zivju saturu Fish4Cats mitr\u0101 bar\u012bba pied\u0101v\u0101 di\u0113tu, kas atspogu\u013co ka\u0137u dabisko uzturu, padarot to par vesel\u012bg\u0101ko veidu, k\u0101 barot savus ka\u0137us. \u012apa\u0161i gardi konservi ar j\u016bras velt\u0113m ka\u0137iem, papildbar\u012bba. Sast\u0101vs: zivju buljons 25%, tunzivju fileja 65%, an\u0161ovi 5%, r\u012bsi 5%. Anal\u012btisk\u0101s sast\u0101vda\u013cas: svaigs prote\u012bns 14%, \u0161\u0137iedras 0,9%, tauki 0,1%, pelni 2%, mitrums 83%.","og_url":"https:\/\/miumjau.ee\/lv\/produkts\/fish4cats-finest-konservs-tunzivs-ansovi-10x70g\/","og_site_name":"MiuMjau","article_publisher":"https:\/\/www.facebook.com\/miumjaupood\/","article_modified_time":"2026-01-07T19:21:06+00:00","og_image":[{"width":600,"height":800,"url":"https:\/\/miumjau.ee\/wp-content\/uploads\/2025\/09\/fish4cats-filee-kassidele-10pakk5.jpg","type":"image\/jpeg"}],"twitter_card":"summary_large_image","schema":{"@context":"https:\/\/schema.org","@graph":[{"@type":"WebPage","@id":"https:\/\/miumjau.ee\/lv\/produkts\/fish4cats-finest-konservs-tunzivs-ansovi-10x70g\/","url":"https:\/\/miumjau.ee\/lv\/produkts\/fish4cats-finest-konservs-tunzivs-ansovi-10x70g\/","name":"Fish4Cats Finest konservs, tunzivs \/ an\u0161ovi 10x70g - MiuMjau","isPartOf":{"@id":"https:\/\/miumjau.ee\/#website"},"primaryImageOfPage":{"@id":"https:\/\/miumjau.ee\/lv\/produkts\/fish4cats-finest-konservs-tunzivs-ansovi-10x70g\/#primaryimage"},"image":{"@id":"https:\/\/miumjau.ee\/lv\/produkts\/fish4cats-finest-konservs-tunzivs-ansovi-10x70g\/#primaryimage"},"thumbnailUrl":"https:\/\/miumjau.ee\/wp-content\/uploads\/2025\/09\/fish4cats-filee-kassidele-10pakk5.jpg","datePublished":"2025-09-18T16:27:20+00:00","dateModified":"2026-01-07T19:21:06+00:00","breadcrumb":{"@id":"https:\/\/miumjau.ee\/lv\/produkts\/fish4cats-finest-konservs-tunzivs-ansovi-10x70g\/#breadcrumb"},"inLanguage":"lv-LV","potentialAction":[{"@type":"ReadAction","target":["https:\/\/miumjau.ee\/lv\/produkts\/fish4cats-finest-konservs-tunzivs-ansovi-10x70g\/"]}]},{"@type":"ImageObject","inLanguage":"lv-LV","@id":"https:\/\/miumjau.ee\/lv\/produkts\/fish4cats-finest-konservs-tunzivs-ansovi-10x70g\/#primaryimage","url":"https:\/\/miumjau.ee\/wp-content\/uploads\/2025\/09\/fish4cats-filee-kassidele-10pakk5.jpg","contentUrl":"https:\/\/miumjau.ee\/wp-content\/uploads\/2025\/09\/fish4cats-filee-kassidele-10pakk5.jpg","width":600,"height":800},{"@type":"BreadcrumbList","@id":"https:\/\/miumjau.ee\/lv\/produkts\/fish4cats-finest-konservs-tunzivs-ansovi-10x70g\/#breadcrumb","itemListElement":[{"@type":"ListItem","position":1,"name":"Home","item":"https:\/\/miumjau.ee\/lv\/"},{"@type":"ListItem","position":2,"name":"Veikals","item":"https:\/\/miumjau.ee\/lv\/veikals\/"},{"@type":"ListItem","position":3,"name":"Fish4Cats Finest konservs, tunzivs \/ an\u0161ovi 10x70g"}]},{"@type":"WebSite","@id":"https:\/\/miumjau.ee\/#website","url":"https:\/\/miumjau.ee\/","name":"MiuMjau","description":"Kraapimispuud kassidele","publisher":{"@id":"https:\/\/miumjau.ee\/#organization"},"potentialAction":[{"@type":"SearchAction","target":{"@type":"EntryPoint","urlTemplate":"https:\/\/miumjau.ee\/?s={search_term_string}"},"query-input":{"@type":"PropertyValueSpecification","valueRequired":true,"valueName":"search_term_string"}}],"inLanguage":"lv-LV"},{"@type":"Organization","@id":"https:\/\/miumjau.ee\/#organization","name":"MiuMjau O\u00dc","url":"https:\/\/miumjau.ee\/","logo":{"@type":"ImageObject","inLanguage":"lv-LV","@id":"https:\/\/miumjau.ee\/#\/schema\/logo\/image\/","url":"https:\/\/miumjau.ee\/wp-content\/uploads\/2022\/04\/MiuMjau-logo-kollane.png","contentUrl":"https:\/\/miumjau.ee\/wp-content\/uploads\/2022\/04\/MiuMjau-logo-kollane.png","width":219,"height":100,"caption":"MiuMjau O\u00dc"},"image":{"@id":"https:\/\/miumjau.ee\/#\/schema\/logo\/image\/"},"sameAs":["https:\/\/www.facebook.com\/miumjaupood\/"]}]}},"_links":{"self":[{"href":"https:\/\/miumjau.ee\/lv\/wp-json\/wp\/v2\/product\/47734","targetHints":{"allow":["GET"]}}],"collection":[{"href":"https:\/\/miumjau.ee\/lv\/wp-json\/wp\/v2\/product"}],"about":[{"href":"https:\/\/miumjau.ee\/lv\/wp-json\/wp\/v2\/types\/product"}],"wp:featuredmedia":[{"embeddable":true,"href":"https:\/\/miumjau.ee\/lv\/wp-json\/wp\/v2\/media\/47735"}],"wp:attachment":[{"href":"https:\/\/miumjau.ee\/lv\/wp-json\/wp\/v2\/media?parent=47734"}],"wp:term":[{"taxonomy":"product_brand","embeddable":true,"href":"https:\/\/miumjau.ee\/lv\/wp-json\/wp\/v2\/product_brand?post=47734"},{"taxonomy":"product_cat","embeddable":true,"href":"https:\/\/miumjau.ee\/lv\/wp-json\/wp\/v2\/product_cat?post=47734"},{"taxonomy":"product_tag","embeddable":true,"href":"https:\/\/miumjau.ee\/lv\/wp-json\/wp\/v2\/product_tag?post=47734"}],"curies":[{"name":"wp","href":"https:\/\/api.w.org\/{rel}","templated":true}]}}