{"id":47697,"date":"2025-09-20T14:14:09","date_gmt":"2025-09-20T11:14:09","guid":{"rendered":"https:\/\/miumjau.ee\/toode\/catfest-konservets-tunzivis-un-vistas-maisijums-12x50g\/"},"modified":"2026-01-07T21:21:13","modified_gmt":"2026-01-07T19:21:13","slug":"catfest-konservets-tunzivis-un-vistas-maisijums-12x50g","status":"publish","type":"product","link":"https:\/\/miumjau.ee\/lv\/produkts\/catfest-konservets-tunzivis-un-vistas-maisijums-12x50g\/","title":{"rendered":"CatFest konserv\u0113ts tunzivis un vistas mais\u012bjums, 12x50g"},"content":{"rendered":"","protected":false},"excerpt":{"rendered":"<p data-start=\"145\" data-end=\"487\">CatFest s\u0113rijas konserv\u0113t\u0101 mitr\u0101 bar\u012bba ka\u0137iem ir gatavota no m\u012bkstas Klus\u0101 oke\u0101na tunzivis \u2013 \u012bsts gardums p\u016bkainajiem gard\u0113\u017eiem. Tum\u0161ajai tunzivij ir maiga tekst\u016bra un izteikt\u0101ka arom\u0101ta, kas dod bar\u012bbai intens\u012bvu j\u016bras zivju gar\u0161u. Pasniedz maig\u0101 \u017eelej\u0101, kas ne tikai uzlabo bar\u012bbas tekst\u016bru, bet ar\u012b veicina lab\u0101ku uzturvielu uzs\u016bk\u0161anos.<\/p>\n<p data-start=\"489\" data-end=\"771\"><strong data-start=\"489\" data-end=\"501\">Sast\u0101vs:<\/strong> Tunzivs 60%, vistas ga\u013ca 6%, rauga ekstrakts, prebiotika FOS, an\u0161ovu e\u013c\u013ca, miner\u0101lvielas.<br data-start=\"591\" data-end=\"594\" \/><strong data-start=\"594\" data-end=\"618\">Uzturvielas (mg\/kg):<\/strong> E vitam\u012bns \u2013 1 000, taur\u012bns \u2013 1 000<br data-start=\"654\" data-end=\"657\" \/><strong data-start=\"657\" data-end=\"685\">Anal\u012btisk\u0101s sast\u0101vda\u013cas:<\/strong> Svaigs prote\u012bns 10%, svaigas taukvielas 0,5%, pelni 1,5%, \u0161\u0137iedras 1%, mitrums 88%.<\/p>\n<p data-start=\"773\" data-end=\"1109\"><strong data-start=\"773\" data-end=\"787\">Lieto\u0161ana:<\/strong> Piem\u0113rots k\u0101 papildus dab\u012bg\u0101 bar\u012bba visiem pieaugu\u0161ajiem m\u0101jas ka\u0137iem, tostarp steriliz\u0113tiem un kastr\u0113tiem ka\u0137iem, k\u0101 ar\u012b ka\u0137iem ar aler\u0123ij\u0101m vai gremo\u0161anas probl\u0113m\u0101m. Pasniedz istabas temperat\u016br\u0101. Glab\u0101t v\u0113s\u0101 un saus\u0101 viet\u0101. Lietot l\u012bdz 3 iepakojumiem dien\u0101. P\u0101rliecinieties, ka ka\u0137im vienm\u0113r ir pieejams svaigs \u016bdens.<\/p>\n","protected":false},"featured_media":47698,"template":"","meta":[],"product_brand":[],"product_cat":[571],"product_tag":[],"class_list":{"0":"post-47697","1":"product","2":"type-product","3":"status-publish","4":"has-post-thumbnail","6":"product_cat-mitra-bariba","8":"first","9":"instock","10":"taxable","11":"shipping-taxable","12":"purchasable","13":"product-type-simple"},"yoast_head":"<!-- This site is optimized with the Yoast SEO plugin v27.4 - https:\/\/yoast.com\/product\/yoast-seo-wordpress\/ -->\n<title>CatFest konserv\u0113ts tunzivis un vistas mais\u012bjums, 12x50g - MiuMjau<\/title>\n<meta name=\"robots\" content=\"index, follow, max-snippet:-1, max-image-preview:large, max-video-preview:-1\" \/>\n<link rel=\"canonical\" href=\"https:\/\/miumjau.ee\/lv\/produkts\/catfest-konservets-tunzivis-un-vistas-maisijums-12x50g\/\" \/>\n<meta property=\"og:locale\" content=\"lv_LV\" \/>\n<meta property=\"og:type\" content=\"article\" \/>\n<meta property=\"og:title\" content=\"CatFest konserv\u0113ts tunzivis un vistas mais\u012bjums, 12x50g - MiuMjau\" \/>\n<meta property=\"og:description\" content=\"CatFest s\u0113rijas konserv\u0113t\u0101 mitr\u0101 bar\u012bba ka\u0137iem ir gatavota no m\u012bkstas Klus\u0101 oke\u0101na tunzivis \u2013 \u012bsts gardums p\u016bkainajiem gard\u0113\u017eiem. Tum\u0161ajai tunzivij ir maiga tekst\u016bra un izteikt\u0101ka arom\u0101ta, kas dod bar\u012bbai intens\u012bvu j\u016bras zivju gar\u0161u. Pasniedz maig\u0101 \u017eelej\u0101, kas ne tikai uzlabo bar\u012bbas tekst\u016bru, bet ar\u012b veicina lab\u0101ku uzturvielu uzs\u016bk\u0161anos. Sast\u0101vs: Tunzivs 60%, vistas ga\u013ca 6%, rauga ekstrakts, prebiotika FOS, an\u0161ovu e\u013c\u013ca, miner\u0101lvielas.Uzturvielas (mg\/kg): E vitam\u012bns \u2013 1 000, taur\u012bns \u2013 1 000Anal\u012btisk\u0101s sast\u0101vda\u013cas: Svaigs prote\u012bns 10%, svaigas taukvielas 0,5%, pelni 1,5%, \u0161\u0137iedras 1%, mitrums 88%. Lieto\u0161ana: Piem\u0113rots k\u0101 papildus dab\u012bg\u0101 bar\u012bba visiem pieaugu\u0161ajiem m\u0101jas ka\u0137iem, tostarp steriliz\u0113tiem un kastr\u0113tiem ka\u0137iem, k\u0101 ar\u012b ka\u0137iem ar aler\u0123ij\u0101m vai gremo\u0161anas probl\u0113m\u0101m. Pasniedz istabas temperat\u016br\u0101. Glab\u0101t v\u0113s\u0101 un saus\u0101 viet\u0101. Lietot l\u012bdz 3 iepakojumiem dien\u0101. P\u0101rliecinieties, ka ka\u0137im vienm\u0113r ir pieejams svaigs \u016bdens.\" \/>\n<meta property=\"og:url\" content=\"https:\/\/miumjau.ee\/lv\/produkts\/catfest-konservets-tunzivis-un-vistas-maisijums-12x50g\/\" \/>\n<meta property=\"og:site_name\" content=\"MiuMjau\" \/>\n<meta property=\"article:publisher\" content=\"https:\/\/www.facebook.com\/miumjaupood\/\" \/>\n<meta property=\"article:modified_time\" content=\"2026-01-07T19:21:13+00:00\" \/>\n<meta property=\"og:image\" content=\"https:\/\/miumjau.ee\/wp-content\/uploads\/2025\/09\/catfest-meal-margtoit-kassile1.jpg\" \/>\n\t<meta property=\"og:image:width\" content=\"1200\" \/>\n\t<meta property=\"og:image:height\" content=\"1600\" \/>\n\t<meta property=\"og:image:type\" content=\"image\/jpeg\" \/>\n<meta name=\"twitter:card\" content=\"summary_large_image\" \/>\n<script type=\"application\/ld+json\" class=\"yoast-schema-graph\">{\"@context\":\"https:\\\/\\\/schema.org\",\"@graph\":[{\"@type\":\"WebPage\",\"@id\":\"https:\\\/\\\/miumjau.ee\\\/lv\\\/produkts\\\/catfest-konservets-tunzivis-un-vistas-maisijums-12x50g\\\/\",\"url\":\"https:\\\/\\\/miumjau.ee\\\/lv\\\/produkts\\\/catfest-konservets-tunzivis-un-vistas-maisijums-12x50g\\\/\",\"name\":\"CatFest konserv\u0113ts tunzivis un vistas mais\u012bjums, 12x50g - MiuMjau\",\"isPartOf\":{\"@id\":\"https:\\\/\\\/miumjau.ee\\\/#website\"},\"primaryImageOfPage\":{\"@id\":\"https:\\\/\\\/miumjau.ee\\\/lv\\\/produkts\\\/catfest-konservets-tunzivis-un-vistas-maisijums-12x50g\\\/#primaryimage\"},\"image\":{\"@id\":\"https:\\\/\\\/miumjau.ee\\\/lv\\\/produkts\\\/catfest-konservets-tunzivis-un-vistas-maisijums-12x50g\\\/#primaryimage\"},\"thumbnailUrl\":\"https:\\\/\\\/miumjau.ee\\\/wp-content\\\/uploads\\\/2025\\\/09\\\/catfest-meal-margtoit-kassile1.jpg\",\"datePublished\":\"2025-09-20T11:14:09+00:00\",\"dateModified\":\"2026-01-07T19:21:13+00:00\",\"breadcrumb\":{\"@id\":\"https:\\\/\\\/miumjau.ee\\\/lv\\\/produkts\\\/catfest-konservets-tunzivis-un-vistas-maisijums-12x50g\\\/#breadcrumb\"},\"inLanguage\":\"lv-LV\",\"potentialAction\":[{\"@type\":\"ReadAction\",\"target\":[\"https:\\\/\\\/miumjau.ee\\\/lv\\\/produkts\\\/catfest-konservets-tunzivis-un-vistas-maisijums-12x50g\\\/\"]}]},{\"@type\":\"ImageObject\",\"inLanguage\":\"lv-LV\",\"@id\":\"https:\\\/\\\/miumjau.ee\\\/lv\\\/produkts\\\/catfest-konservets-tunzivis-un-vistas-maisijums-12x50g\\\/#primaryimage\",\"url\":\"https:\\\/\\\/miumjau.ee\\\/wp-content\\\/uploads\\\/2025\\\/09\\\/catfest-meal-margtoit-kassile1.jpg\",\"contentUrl\":\"https:\\\/\\\/miumjau.ee\\\/wp-content\\\/uploads\\\/2025\\\/09\\\/catfest-meal-margtoit-kassile1.jpg\",\"width\":1200,\"height\":1600},{\"@type\":\"BreadcrumbList\",\"@id\":\"https:\\\/\\\/miumjau.ee\\\/lv\\\/produkts\\\/catfest-konservets-tunzivis-un-vistas-maisijums-12x50g\\\/#breadcrumb\",\"itemListElement\":[{\"@type\":\"ListItem\",\"position\":1,\"name\":\"Home\",\"item\":\"https:\\\/\\\/miumjau.ee\\\/lv\\\/\"},{\"@type\":\"ListItem\",\"position\":2,\"name\":\"Veikals\",\"item\":\"https:\\\/\\\/miumjau.ee\\\/lv\\\/veikals\\\/\"},{\"@type\":\"ListItem\",\"position\":3,\"name\":\"CatFest konserv\u0113ts tunzivis un vistas mais\u012bjums, 12x50g\"}]},{\"@type\":\"WebSite\",\"@id\":\"https:\\\/\\\/miumjau.ee\\\/#website\",\"url\":\"https:\\\/\\\/miumjau.ee\\\/\",\"name\":\"MiuMjau\",\"description\":\"Kraapimispuud kassidele\",\"publisher\":{\"@id\":\"https:\\\/\\\/miumjau.ee\\\/#organization\"},\"potentialAction\":[{\"@type\":\"SearchAction\",\"target\":{\"@type\":\"EntryPoint\",\"urlTemplate\":\"https:\\\/\\\/miumjau.ee\\\/?s={search_term_string}\"},\"query-input\":{\"@type\":\"PropertyValueSpecification\",\"valueRequired\":true,\"valueName\":\"search_term_string\"}}],\"inLanguage\":\"lv-LV\"},{\"@type\":\"Organization\",\"@id\":\"https:\\\/\\\/miumjau.ee\\\/#organization\",\"name\":\"MiuMjau O\u00dc\",\"url\":\"https:\\\/\\\/miumjau.ee\\\/\",\"logo\":{\"@type\":\"ImageObject\",\"inLanguage\":\"lv-LV\",\"@id\":\"https:\\\/\\\/miumjau.ee\\\/#\\\/schema\\\/logo\\\/image\\\/\",\"url\":\"https:\\\/\\\/miumjau.ee\\\/wp-content\\\/uploads\\\/2022\\\/04\\\/MiuMjau-logo-kollane.png\",\"contentUrl\":\"https:\\\/\\\/miumjau.ee\\\/wp-content\\\/uploads\\\/2022\\\/04\\\/MiuMjau-logo-kollane.png\",\"width\":219,\"height\":100,\"caption\":\"MiuMjau O\u00dc\"},\"image\":{\"@id\":\"https:\\\/\\\/miumjau.ee\\\/#\\\/schema\\\/logo\\\/image\\\/\"},\"sameAs\":[\"https:\\\/\\\/www.facebook.com\\\/miumjaupood\\\/\"]}]}<\/script>\n<!-- \/ Yoast SEO plugin. -->","yoast_head_json":{"title":"CatFest konserv\u0113ts tunzivis un vistas mais\u012bjums, 12x50g - MiuMjau","robots":{"index":"index","follow":"follow","max-snippet":"max-snippet:-1","max-image-preview":"max-image-preview:large","max-video-preview":"max-video-preview:-1"},"canonical":"https:\/\/miumjau.ee\/lv\/produkts\/catfest-konservets-tunzivis-un-vistas-maisijums-12x50g\/","og_locale":"lv_LV","og_type":"article","og_title":"CatFest konserv\u0113ts tunzivis un vistas mais\u012bjums, 12x50g - MiuMjau","og_description":"CatFest s\u0113rijas konserv\u0113t\u0101 mitr\u0101 bar\u012bba ka\u0137iem ir gatavota no m\u012bkstas Klus\u0101 oke\u0101na tunzivis \u2013 \u012bsts gardums p\u016bkainajiem gard\u0113\u017eiem. Tum\u0161ajai tunzivij ir maiga tekst\u016bra un izteikt\u0101ka arom\u0101ta, kas dod bar\u012bbai intens\u012bvu j\u016bras zivju gar\u0161u. Pasniedz maig\u0101 \u017eelej\u0101, kas ne tikai uzlabo bar\u012bbas tekst\u016bru, bet ar\u012b veicina lab\u0101ku uzturvielu uzs\u016bk\u0161anos. Sast\u0101vs: Tunzivs 60%, vistas ga\u013ca 6%, rauga ekstrakts, prebiotika FOS, an\u0161ovu e\u013c\u013ca, miner\u0101lvielas.Uzturvielas (mg\/kg): E vitam\u012bns \u2013 1 000, taur\u012bns \u2013 1 000Anal\u012btisk\u0101s sast\u0101vda\u013cas: Svaigs prote\u012bns 10%, svaigas taukvielas 0,5%, pelni 1,5%, \u0161\u0137iedras 1%, mitrums 88%. Lieto\u0161ana: Piem\u0113rots k\u0101 papildus dab\u012bg\u0101 bar\u012bba visiem pieaugu\u0161ajiem m\u0101jas ka\u0137iem, tostarp steriliz\u0113tiem un kastr\u0113tiem ka\u0137iem, k\u0101 ar\u012b ka\u0137iem ar aler\u0123ij\u0101m vai gremo\u0161anas probl\u0113m\u0101m. Pasniedz istabas temperat\u016br\u0101. Glab\u0101t v\u0113s\u0101 un saus\u0101 viet\u0101. Lietot l\u012bdz 3 iepakojumiem dien\u0101. P\u0101rliecinieties, ka ka\u0137im vienm\u0113r ir pieejams svaigs \u016bdens.","og_url":"https:\/\/miumjau.ee\/lv\/produkts\/catfest-konservets-tunzivis-un-vistas-maisijums-12x50g\/","og_site_name":"MiuMjau","article_publisher":"https:\/\/www.facebook.com\/miumjaupood\/","article_modified_time":"2026-01-07T19:21:13+00:00","og_image":[{"width":1200,"height":1600,"url":"https:\/\/miumjau.ee\/wp-content\/uploads\/2025\/09\/catfest-meal-margtoit-kassile1.jpg","type":"image\/jpeg"}],"twitter_card":"summary_large_image","schema":{"@context":"https:\/\/schema.org","@graph":[{"@type":"WebPage","@id":"https:\/\/miumjau.ee\/lv\/produkts\/catfest-konservets-tunzivis-un-vistas-maisijums-12x50g\/","url":"https:\/\/miumjau.ee\/lv\/produkts\/catfest-konservets-tunzivis-un-vistas-maisijums-12x50g\/","name":"CatFest konserv\u0113ts tunzivis un vistas mais\u012bjums, 12x50g - MiuMjau","isPartOf":{"@id":"https:\/\/miumjau.ee\/#website"},"primaryImageOfPage":{"@id":"https:\/\/miumjau.ee\/lv\/produkts\/catfest-konservets-tunzivis-un-vistas-maisijums-12x50g\/#primaryimage"},"image":{"@id":"https:\/\/miumjau.ee\/lv\/produkts\/catfest-konservets-tunzivis-un-vistas-maisijums-12x50g\/#primaryimage"},"thumbnailUrl":"https:\/\/miumjau.ee\/wp-content\/uploads\/2025\/09\/catfest-meal-margtoit-kassile1.jpg","datePublished":"2025-09-20T11:14:09+00:00","dateModified":"2026-01-07T19:21:13+00:00","breadcrumb":{"@id":"https:\/\/miumjau.ee\/lv\/produkts\/catfest-konservets-tunzivis-un-vistas-maisijums-12x50g\/#breadcrumb"},"inLanguage":"lv-LV","potentialAction":[{"@type":"ReadAction","target":["https:\/\/miumjau.ee\/lv\/produkts\/catfest-konservets-tunzivis-un-vistas-maisijums-12x50g\/"]}]},{"@type":"ImageObject","inLanguage":"lv-LV","@id":"https:\/\/miumjau.ee\/lv\/produkts\/catfest-konservets-tunzivis-un-vistas-maisijums-12x50g\/#primaryimage","url":"https:\/\/miumjau.ee\/wp-content\/uploads\/2025\/09\/catfest-meal-margtoit-kassile1.jpg","contentUrl":"https:\/\/miumjau.ee\/wp-content\/uploads\/2025\/09\/catfest-meal-margtoit-kassile1.jpg","width":1200,"height":1600},{"@type":"BreadcrumbList","@id":"https:\/\/miumjau.ee\/lv\/produkts\/catfest-konservets-tunzivis-un-vistas-maisijums-12x50g\/#breadcrumb","itemListElement":[{"@type":"ListItem","position":1,"name":"Home","item":"https:\/\/miumjau.ee\/lv\/"},{"@type":"ListItem","position":2,"name":"Veikals","item":"https:\/\/miumjau.ee\/lv\/veikals\/"},{"@type":"ListItem","position":3,"name":"CatFest konserv\u0113ts tunzivis un vistas mais\u012bjums, 12x50g"}]},{"@type":"WebSite","@id":"https:\/\/miumjau.ee\/#website","url":"https:\/\/miumjau.ee\/","name":"MiuMjau","description":"Kraapimispuud kassidele","publisher":{"@id":"https:\/\/miumjau.ee\/#organization"},"potentialAction":[{"@type":"SearchAction","target":{"@type":"EntryPoint","urlTemplate":"https:\/\/miumjau.ee\/?s={search_term_string}"},"query-input":{"@type":"PropertyValueSpecification","valueRequired":true,"valueName":"search_term_string"}}],"inLanguage":"lv-LV"},{"@type":"Organization","@id":"https:\/\/miumjau.ee\/#organization","name":"MiuMjau O\u00dc","url":"https:\/\/miumjau.ee\/","logo":{"@type":"ImageObject","inLanguage":"lv-LV","@id":"https:\/\/miumjau.ee\/#\/schema\/logo\/image\/","url":"https:\/\/miumjau.ee\/wp-content\/uploads\/2022\/04\/MiuMjau-logo-kollane.png","contentUrl":"https:\/\/miumjau.ee\/wp-content\/uploads\/2022\/04\/MiuMjau-logo-kollane.png","width":219,"height":100,"caption":"MiuMjau O\u00dc"},"image":{"@id":"https:\/\/miumjau.ee\/#\/schema\/logo\/image\/"},"sameAs":["https:\/\/www.facebook.com\/miumjaupood\/"]}]}},"_links":{"self":[{"href":"https:\/\/miumjau.ee\/lv\/wp-json\/wp\/v2\/product\/47697","targetHints":{"allow":["GET"]}}],"collection":[{"href":"https:\/\/miumjau.ee\/lv\/wp-json\/wp\/v2\/product"}],"about":[{"href":"https:\/\/miumjau.ee\/lv\/wp-json\/wp\/v2\/types\/product"}],"wp:featuredmedia":[{"embeddable":true,"href":"https:\/\/miumjau.ee\/lv\/wp-json\/wp\/v2\/media\/47698"}],"wp:attachment":[{"href":"https:\/\/miumjau.ee\/lv\/wp-json\/wp\/v2\/media?parent=47697"}],"wp:term":[{"taxonomy":"product_brand","embeddable":true,"href":"https:\/\/miumjau.ee\/lv\/wp-json\/wp\/v2\/product_brand?post=47697"},{"taxonomy":"product_cat","embeddable":true,"href":"https:\/\/miumjau.ee\/lv\/wp-json\/wp\/v2\/product_cat?post=47697"},{"taxonomy":"product_tag","embeddable":true,"href":"https:\/\/miumjau.ee\/lv\/wp-json\/wp\/v2\/product_tag?post=47697"}],"curies":[{"name":"wp","href":"https:\/\/api.w.org\/{rel}","templated":true}]}}