{"id":47674,"date":"2025-10-03T14:11:59","date_gmt":"2025-10-03T11:11:59","guid":{"rendered":"https:\/\/miumjau.ee\/toode\/uniq-pets-zupa-ar-vistu-un-ingveru-8x30g\/"},"modified":"2026-01-07T21:21:20","modified_gmt":"2026-01-07T19:21:20","slug":"uniq-pets-zupa-ar-vistu-un-ingveru-8x30g","status":"publish","type":"product","link":"https:\/\/miumjau.ee\/lv\/produkts\/uniq-pets-zupa-ar-vistu-un-ingveru-8x30g\/","title":{"rendered":"Uniq Pets zupa ar vistu un ingveru, 8x30g"},"content":{"rendered":"","protected":false},"excerpt":{"rendered":"<p data-start=\"116\" data-end=\"266\"><strong data-start=\"116\" data-end=\"264\">UNIQ PETS mitr\u0101 bar\u012bba ka\u0137iem pal\u012bdz nov\u0113rst \u0161\u0137idruma tr\u016bkumu. Pietiekama \u0161\u0137idruma uz\u0146em\u0161ana ir svar\u012bga ur\u012bnce\u013cu un nieru vesel\u012bbas uztur\u0113\u0161anai.<\/strong><\/p>\n<p data-start=\"268\" data-end=\"283\"><strong data-start=\"268\" data-end=\"281\">\u012apa\u0161\u012bbas:<\/strong><\/p>\n<ul data-start=\"284\" data-end=\"925\">\n<li data-start=\"284\" data-end=\"360\">\n<p data-start=\"286\" data-end=\"360\">90% mitrums: nodro\u0161ina lielisku mitrin\u0101\u0161anu nieru un ur\u012bnce\u013cu vesel\u012bbai.<\/p>\n<\/li>\n<li data-start=\"361\" data-end=\"501\">\n<p data-start=\"363\" data-end=\"501\">Bag\u0101tin\u0101ta ar ingveru (2%): atbalsta vesel\u012bgu ener\u0123ijas l\u012bmeni, vitalit\u0101ti un visp\u0101r\u0113jo labkl\u0101j\u012bbu. Ikdienas labsaj\u016btas devs j\u016bsu ka\u0137im.<\/p>\n<\/li>\n<li data-start=\"502\" data-end=\"682\">\n<p data-start=\"504\" data-end=\"682\">Ide\u0101li piem\u0113rota ka\u0137iem ar zemu ener\u0123ijas pat\u0113ri\u0146u un vec\u0101kiem ka\u0137iem: \u012bpa\u0161i izstr\u0101d\u0101ta letar\u0123ijas mazin\u0101\u0161anai un dz\u012bv\u012bguma veicin\u0101\u0161anai maz\u0101k akt\u012bviem vai novecojo\u0161iem ka\u0137iem.<\/p>\n<\/li>\n<li data-start=\"683\" data-end=\"769\">\n<p data-start=\"685\" data-end=\"769\">Neatvair\u0101ma zupa: piem\u0113rota izv\u0113l\u012bgiem \u0113d\u0101jiem un padara \u0113dienreizes interesantas.<\/p>\n<\/li>\n<li data-start=\"770\" data-end=\"835\">\n<p data-start=\"772\" data-end=\"835\">Bez kvie\u0161iem un t\u012bra: nesatur kvie\u0161us vai m\u0101ksl\u012bg\u0101s piedevas.<\/p>\n<\/li>\n<li data-start=\"836\" data-end=\"925\">\n<p data-start=\"838\" data-end=\"925\">Perfekta porcija: \u0113rt\u0101 30 g iepakojum\u0101 katra \u0113dienreize ir svaiga un bez atkritumiem.<\/p>\n<\/li>\n<\/ul>\n<p data-start=\"927\" data-end=\"1046\"><strong data-start=\"927\" data-end=\"939\">Sast\u0101vs:<\/strong> svaiga vista 43%, ingvera pulveris 2%, guar gumija 2%, kukur\u016bzas ciete 1%, maltodekstr\u012bns 1%, \u016bdens 51%.<\/p>\n<p data-start=\"1048\" data-end=\"1187\"><strong data-start=\"1048\" data-end=\"1076\">Anal\u012btisk\u0101s sast\u0101vda\u013cas:<\/strong> olbaltumvielas \u2013 6,5% (min), tauki \u2013 0,5% (min), \u0161\u0137iedras \u2013 1% (max), pelni \u2013 3% (max), mitrums \u2013 90% (max).<\/p>\n<p data-start=\"1189\" data-end=\"1291\"><strong data-start=\"1189\" data-end=\"1215\">Baro\u0161anas inform\u0101cija:<\/strong> piem\u0113rots ka\u0137iem no 2 m\u0113ne\u0161u vecuma. P\u0113c atv\u0113r\u0161anas barot 2 stundu laik\u0101.<\/p>\n","protected":false},"featured_media":47675,"template":"","meta":[],"product_brand":[],"product_cat":[571],"product_tag":[],"class_list":{"0":"post-47674","1":"product","2":"type-product","3":"status-publish","4":"has-post-thumbnail","6":"product_cat-mitra-bariba","8":"first","9":"instock","10":"taxable","11":"shipping-taxable","12":"purchasable","13":"product-type-simple"},"yoast_head":"<!-- This site is optimized with the Yoast SEO plugin v27.4 - https:\/\/yoast.com\/product\/yoast-seo-wordpress\/ -->\n<title>Uniq Pets zupa ar vistu un ingveru, 8x30g - MiuMjau<\/title>\n<meta name=\"robots\" content=\"index, follow, max-snippet:-1, max-image-preview:large, max-video-preview:-1\" \/>\n<link rel=\"canonical\" href=\"https:\/\/miumjau.ee\/lv\/produkts\/uniq-pets-zupa-ar-vistu-un-ingveru-8x30g\/\" \/>\n<meta property=\"og:locale\" content=\"lv_LV\" \/>\n<meta property=\"og:type\" content=\"article\" \/>\n<meta property=\"og:title\" content=\"Uniq Pets zupa ar vistu un ingveru, 8x30g - MiuMjau\" \/>\n<meta property=\"og:description\" content=\"UNIQ PETS mitr\u0101 bar\u012bba ka\u0137iem pal\u012bdz nov\u0113rst \u0161\u0137idruma tr\u016bkumu. Pietiekama \u0161\u0137idruma uz\u0146em\u0161ana ir svar\u012bga ur\u012bnce\u013cu un nieru vesel\u012bbas uztur\u0113\u0161anai. \u012apa\u0161\u012bbas:     90% mitrums: nodro\u0161ina lielisku mitrin\u0101\u0161anu nieru un ur\u012bnce\u013cu vesel\u012bbai.    Bag\u0101tin\u0101ta ar ingveru (2%): atbalsta vesel\u012bgu ener\u0123ijas l\u012bmeni, vitalit\u0101ti un visp\u0101r\u0113jo labkl\u0101j\u012bbu. Ikdienas labsaj\u016btas devs j\u016bsu ka\u0137im.    Ide\u0101li piem\u0113rota ka\u0137iem ar zemu ener\u0123ijas pat\u0113ri\u0146u un vec\u0101kiem ka\u0137iem: \u012bpa\u0161i izstr\u0101d\u0101ta letar\u0123ijas mazin\u0101\u0161anai un dz\u012bv\u012bguma veicin\u0101\u0161anai maz\u0101k akt\u012bviem vai novecojo\u0161iem ka\u0137iem.    Neatvair\u0101ma zupa: piem\u0113rota izv\u0113l\u012bgiem \u0113d\u0101jiem un padara \u0113dienreizes interesantas.    Bez kvie\u0161iem un t\u012bra: nesatur kvie\u0161us vai m\u0101ksl\u012bg\u0101s piedevas.    Perfekta porcija: \u0113rt\u0101 30 g iepakojum\u0101 katra \u0113dienreize ir svaiga un bez atkritumiem.   Sast\u0101vs: svaiga vista 43%, ingvera pulveris 2%, guar gumija 2%, kukur\u016bzas ciete 1%, maltodekstr\u012bns 1%, \u016bdens 51%. Anal\u012btisk\u0101s sast\u0101vda\u013cas: olbaltumvielas \u2013 6,5% (min), tauki \u2013 0,5% (min), \u0161\u0137iedras \u2013 1% (max), pelni \u2013 3% (max), mitrums \u2013 90% (max). Baro\u0161anas inform\u0101cija: piem\u0113rots ka\u0137iem no 2 m\u0113ne\u0161u vecuma. P\u0113c atv\u0113r\u0161anas barot 2 stundu laik\u0101.\" \/>\n<meta property=\"og:url\" content=\"https:\/\/miumjau.ee\/lv\/produkts\/uniq-pets-zupa-ar-vistu-un-ingveru-8x30g\/\" \/>\n<meta property=\"og:site_name\" content=\"MiuMjau\" \/>\n<meta property=\"article:publisher\" content=\"https:\/\/www.facebook.com\/miumjaupood\/\" \/>\n<meta property=\"article:modified_time\" content=\"2026-01-07T19:21:20+00:00\" \/>\n<meta property=\"og:image\" content=\"https:\/\/miumjau.ee\/wp-content\/uploads\/2025\/10\/uniq-pets-kana-ingver-supp-2.jpg\" \/>\n\t<meta property=\"og:image:width\" content=\"1200\" \/>\n\t<meta property=\"og:image:height\" content=\"1600\" \/>\n\t<meta property=\"og:image:type\" content=\"image\/jpeg\" \/>\n<meta name=\"twitter:card\" content=\"summary_large_image\" \/>\n<script type=\"application\/ld+json\" class=\"yoast-schema-graph\">{\"@context\":\"https:\\\/\\\/schema.org\",\"@graph\":[{\"@type\":\"WebPage\",\"@id\":\"https:\\\/\\\/miumjau.ee\\\/lv\\\/produkts\\\/uniq-pets-zupa-ar-vistu-un-ingveru-8x30g\\\/\",\"url\":\"https:\\\/\\\/miumjau.ee\\\/lv\\\/produkts\\\/uniq-pets-zupa-ar-vistu-un-ingveru-8x30g\\\/\",\"name\":\"Uniq Pets zupa ar vistu un ingveru, 8x30g - MiuMjau\",\"isPartOf\":{\"@id\":\"https:\\\/\\\/miumjau.ee\\\/#website\"},\"primaryImageOfPage\":{\"@id\":\"https:\\\/\\\/miumjau.ee\\\/lv\\\/produkts\\\/uniq-pets-zupa-ar-vistu-un-ingveru-8x30g\\\/#primaryimage\"},\"image\":{\"@id\":\"https:\\\/\\\/miumjau.ee\\\/lv\\\/produkts\\\/uniq-pets-zupa-ar-vistu-un-ingveru-8x30g\\\/#primaryimage\"},\"thumbnailUrl\":\"https:\\\/\\\/miumjau.ee\\\/wp-content\\\/uploads\\\/2025\\\/10\\\/uniq-pets-kana-ingver-supp-2.jpg\",\"datePublished\":\"2025-10-03T11:11:59+00:00\",\"dateModified\":\"2026-01-07T19:21:20+00:00\",\"breadcrumb\":{\"@id\":\"https:\\\/\\\/miumjau.ee\\\/lv\\\/produkts\\\/uniq-pets-zupa-ar-vistu-un-ingveru-8x30g\\\/#breadcrumb\"},\"inLanguage\":\"lv-LV\",\"potentialAction\":[{\"@type\":\"ReadAction\",\"target\":[\"https:\\\/\\\/miumjau.ee\\\/lv\\\/produkts\\\/uniq-pets-zupa-ar-vistu-un-ingveru-8x30g\\\/\"]}]},{\"@type\":\"ImageObject\",\"inLanguage\":\"lv-LV\",\"@id\":\"https:\\\/\\\/miumjau.ee\\\/lv\\\/produkts\\\/uniq-pets-zupa-ar-vistu-un-ingveru-8x30g\\\/#primaryimage\",\"url\":\"https:\\\/\\\/miumjau.ee\\\/wp-content\\\/uploads\\\/2025\\\/10\\\/uniq-pets-kana-ingver-supp-2.jpg\",\"contentUrl\":\"https:\\\/\\\/miumjau.ee\\\/wp-content\\\/uploads\\\/2025\\\/10\\\/uniq-pets-kana-ingver-supp-2.jpg\",\"width\":1200,\"height\":1600},{\"@type\":\"BreadcrumbList\",\"@id\":\"https:\\\/\\\/miumjau.ee\\\/lv\\\/produkts\\\/uniq-pets-zupa-ar-vistu-un-ingveru-8x30g\\\/#breadcrumb\",\"itemListElement\":[{\"@type\":\"ListItem\",\"position\":1,\"name\":\"Home\",\"item\":\"https:\\\/\\\/miumjau.ee\\\/lv\\\/\"},{\"@type\":\"ListItem\",\"position\":2,\"name\":\"Veikals\",\"item\":\"https:\\\/\\\/miumjau.ee\\\/lv\\\/veikals\\\/\"},{\"@type\":\"ListItem\",\"position\":3,\"name\":\"Uniq Pets zupa ar vistu un ingveru, 8x30g\"}]},{\"@type\":\"WebSite\",\"@id\":\"https:\\\/\\\/miumjau.ee\\\/#website\",\"url\":\"https:\\\/\\\/miumjau.ee\\\/\",\"name\":\"MiuMjau\",\"description\":\"Kraapimispuud kassidele\",\"publisher\":{\"@id\":\"https:\\\/\\\/miumjau.ee\\\/#organization\"},\"potentialAction\":[{\"@type\":\"SearchAction\",\"target\":{\"@type\":\"EntryPoint\",\"urlTemplate\":\"https:\\\/\\\/miumjau.ee\\\/?s={search_term_string}\"},\"query-input\":{\"@type\":\"PropertyValueSpecification\",\"valueRequired\":true,\"valueName\":\"search_term_string\"}}],\"inLanguage\":\"lv-LV\"},{\"@type\":\"Organization\",\"@id\":\"https:\\\/\\\/miumjau.ee\\\/#organization\",\"name\":\"MiuMjau O\u00dc\",\"url\":\"https:\\\/\\\/miumjau.ee\\\/\",\"logo\":{\"@type\":\"ImageObject\",\"inLanguage\":\"lv-LV\",\"@id\":\"https:\\\/\\\/miumjau.ee\\\/#\\\/schema\\\/logo\\\/image\\\/\",\"url\":\"https:\\\/\\\/miumjau.ee\\\/wp-content\\\/uploads\\\/2022\\\/04\\\/MiuMjau-logo-kollane.png\",\"contentUrl\":\"https:\\\/\\\/miumjau.ee\\\/wp-content\\\/uploads\\\/2022\\\/04\\\/MiuMjau-logo-kollane.png\",\"width\":219,\"height\":100,\"caption\":\"MiuMjau O\u00dc\"},\"image\":{\"@id\":\"https:\\\/\\\/miumjau.ee\\\/#\\\/schema\\\/logo\\\/image\\\/\"},\"sameAs\":[\"https:\\\/\\\/www.facebook.com\\\/miumjaupood\\\/\"]}]}<\/script>\n<!-- \/ Yoast SEO plugin. -->","yoast_head_json":{"title":"Uniq Pets zupa ar vistu un ingveru, 8x30g - MiuMjau","robots":{"index":"index","follow":"follow","max-snippet":"max-snippet:-1","max-image-preview":"max-image-preview:large","max-video-preview":"max-video-preview:-1"},"canonical":"https:\/\/miumjau.ee\/lv\/produkts\/uniq-pets-zupa-ar-vistu-un-ingveru-8x30g\/","og_locale":"lv_LV","og_type":"article","og_title":"Uniq Pets zupa ar vistu un ingveru, 8x30g - MiuMjau","og_description":"UNIQ PETS mitr\u0101 bar\u012bba ka\u0137iem pal\u012bdz nov\u0113rst \u0161\u0137idruma tr\u016bkumu. Pietiekama \u0161\u0137idruma uz\u0146em\u0161ana ir svar\u012bga ur\u012bnce\u013cu un nieru vesel\u012bbas uztur\u0113\u0161anai. \u012apa\u0161\u012bbas:     90% mitrums: nodro\u0161ina lielisku mitrin\u0101\u0161anu nieru un ur\u012bnce\u013cu vesel\u012bbai.    Bag\u0101tin\u0101ta ar ingveru (2%): atbalsta vesel\u012bgu ener\u0123ijas l\u012bmeni, vitalit\u0101ti un visp\u0101r\u0113jo labkl\u0101j\u012bbu. Ikdienas labsaj\u016btas devs j\u016bsu ka\u0137im.    Ide\u0101li piem\u0113rota ka\u0137iem ar zemu ener\u0123ijas pat\u0113ri\u0146u un vec\u0101kiem ka\u0137iem: \u012bpa\u0161i izstr\u0101d\u0101ta letar\u0123ijas mazin\u0101\u0161anai un dz\u012bv\u012bguma veicin\u0101\u0161anai maz\u0101k akt\u012bviem vai novecojo\u0161iem ka\u0137iem.    Neatvair\u0101ma zupa: piem\u0113rota izv\u0113l\u012bgiem \u0113d\u0101jiem un padara \u0113dienreizes interesantas.    Bez kvie\u0161iem un t\u012bra: nesatur kvie\u0161us vai m\u0101ksl\u012bg\u0101s piedevas.    Perfekta porcija: \u0113rt\u0101 30 g iepakojum\u0101 katra \u0113dienreize ir svaiga un bez atkritumiem.   Sast\u0101vs: svaiga vista 43%, ingvera pulveris 2%, guar gumija 2%, kukur\u016bzas ciete 1%, maltodekstr\u012bns 1%, \u016bdens 51%. Anal\u012btisk\u0101s sast\u0101vda\u013cas: olbaltumvielas \u2013 6,5% (min), tauki \u2013 0,5% (min), \u0161\u0137iedras \u2013 1% (max), pelni \u2013 3% (max), mitrums \u2013 90% (max). Baro\u0161anas inform\u0101cija: piem\u0113rots ka\u0137iem no 2 m\u0113ne\u0161u vecuma. P\u0113c atv\u0113r\u0161anas barot 2 stundu laik\u0101.","og_url":"https:\/\/miumjau.ee\/lv\/produkts\/uniq-pets-zupa-ar-vistu-un-ingveru-8x30g\/","og_site_name":"MiuMjau","article_publisher":"https:\/\/www.facebook.com\/miumjaupood\/","article_modified_time":"2026-01-07T19:21:20+00:00","og_image":[{"width":1200,"height":1600,"url":"https:\/\/miumjau.ee\/wp-content\/uploads\/2025\/10\/uniq-pets-kana-ingver-supp-2.jpg","type":"image\/jpeg"}],"twitter_card":"summary_large_image","schema":{"@context":"https:\/\/schema.org","@graph":[{"@type":"WebPage","@id":"https:\/\/miumjau.ee\/lv\/produkts\/uniq-pets-zupa-ar-vistu-un-ingveru-8x30g\/","url":"https:\/\/miumjau.ee\/lv\/produkts\/uniq-pets-zupa-ar-vistu-un-ingveru-8x30g\/","name":"Uniq Pets zupa ar vistu un ingveru, 8x30g - MiuMjau","isPartOf":{"@id":"https:\/\/miumjau.ee\/#website"},"primaryImageOfPage":{"@id":"https:\/\/miumjau.ee\/lv\/produkts\/uniq-pets-zupa-ar-vistu-un-ingveru-8x30g\/#primaryimage"},"image":{"@id":"https:\/\/miumjau.ee\/lv\/produkts\/uniq-pets-zupa-ar-vistu-un-ingveru-8x30g\/#primaryimage"},"thumbnailUrl":"https:\/\/miumjau.ee\/wp-content\/uploads\/2025\/10\/uniq-pets-kana-ingver-supp-2.jpg","datePublished":"2025-10-03T11:11:59+00:00","dateModified":"2026-01-07T19:21:20+00:00","breadcrumb":{"@id":"https:\/\/miumjau.ee\/lv\/produkts\/uniq-pets-zupa-ar-vistu-un-ingveru-8x30g\/#breadcrumb"},"inLanguage":"lv-LV","potentialAction":[{"@type":"ReadAction","target":["https:\/\/miumjau.ee\/lv\/produkts\/uniq-pets-zupa-ar-vistu-un-ingveru-8x30g\/"]}]},{"@type":"ImageObject","inLanguage":"lv-LV","@id":"https:\/\/miumjau.ee\/lv\/produkts\/uniq-pets-zupa-ar-vistu-un-ingveru-8x30g\/#primaryimage","url":"https:\/\/miumjau.ee\/wp-content\/uploads\/2025\/10\/uniq-pets-kana-ingver-supp-2.jpg","contentUrl":"https:\/\/miumjau.ee\/wp-content\/uploads\/2025\/10\/uniq-pets-kana-ingver-supp-2.jpg","width":1200,"height":1600},{"@type":"BreadcrumbList","@id":"https:\/\/miumjau.ee\/lv\/produkts\/uniq-pets-zupa-ar-vistu-un-ingveru-8x30g\/#breadcrumb","itemListElement":[{"@type":"ListItem","position":1,"name":"Home","item":"https:\/\/miumjau.ee\/lv\/"},{"@type":"ListItem","position":2,"name":"Veikals","item":"https:\/\/miumjau.ee\/lv\/veikals\/"},{"@type":"ListItem","position":3,"name":"Uniq Pets zupa ar vistu un ingveru, 8x30g"}]},{"@type":"WebSite","@id":"https:\/\/miumjau.ee\/#website","url":"https:\/\/miumjau.ee\/","name":"MiuMjau","description":"Kraapimispuud kassidele","publisher":{"@id":"https:\/\/miumjau.ee\/#organization"},"potentialAction":[{"@type":"SearchAction","target":{"@type":"EntryPoint","urlTemplate":"https:\/\/miumjau.ee\/?s={search_term_string}"},"query-input":{"@type":"PropertyValueSpecification","valueRequired":true,"valueName":"search_term_string"}}],"inLanguage":"lv-LV"},{"@type":"Organization","@id":"https:\/\/miumjau.ee\/#organization","name":"MiuMjau O\u00dc","url":"https:\/\/miumjau.ee\/","logo":{"@type":"ImageObject","inLanguage":"lv-LV","@id":"https:\/\/miumjau.ee\/#\/schema\/logo\/image\/","url":"https:\/\/miumjau.ee\/wp-content\/uploads\/2022\/04\/MiuMjau-logo-kollane.png","contentUrl":"https:\/\/miumjau.ee\/wp-content\/uploads\/2022\/04\/MiuMjau-logo-kollane.png","width":219,"height":100,"caption":"MiuMjau O\u00dc"},"image":{"@id":"https:\/\/miumjau.ee\/#\/schema\/logo\/image\/"},"sameAs":["https:\/\/www.facebook.com\/miumjaupood\/"]}]}},"_links":{"self":[{"href":"https:\/\/miumjau.ee\/lv\/wp-json\/wp\/v2\/product\/47674","targetHints":{"allow":["GET"]}}],"collection":[{"href":"https:\/\/miumjau.ee\/lv\/wp-json\/wp\/v2\/product"}],"about":[{"href":"https:\/\/miumjau.ee\/lv\/wp-json\/wp\/v2\/types\/product"}],"wp:featuredmedia":[{"embeddable":true,"href":"https:\/\/miumjau.ee\/lv\/wp-json\/wp\/v2\/media\/47675"}],"wp:attachment":[{"href":"https:\/\/miumjau.ee\/lv\/wp-json\/wp\/v2\/media?parent=47674"}],"wp:term":[{"taxonomy":"product_brand","embeddable":true,"href":"https:\/\/miumjau.ee\/lv\/wp-json\/wp\/v2\/product_brand?post=47674"},{"taxonomy":"product_cat","embeddable":true,"href":"https:\/\/miumjau.ee\/lv\/wp-json\/wp\/v2\/product_cat?post=47674"},{"taxonomy":"product_tag","embeddable":true,"href":"https:\/\/miumjau.ee\/lv\/wp-json\/wp\/v2\/product_tag?post=47674"}],"curies":[{"name":"wp","href":"https:\/\/api.w.org\/{rel}","templated":true}]}}