{"id":47663,"date":"2025-09-20T14:14:22","date_gmt":"2025-09-20T11:14:22","guid":{"rendered":"https:\/\/miumjau.ee\/toode\/catfest-tunzivis-un-garneles-zeleja-12x50-g\/"},"modified":"2026-01-07T21:21:20","modified_gmt":"2026-01-07T19:21:20","slug":"catfest-tunzivis-un-garneles-zeleja-12x50-g","status":"publish","type":"product","link":"https:\/\/miumjau.ee\/lv\/produkts\/catfest-tunzivis-un-garneles-zeleja-12x50-g\/","title":{"rendered":"CatFest tunzivis un garneles \u017eelej\u0101, 12&#215;50 g"},"content":{"rendered":"","protected":false},"excerpt":{"rendered":"<p data-start=\"121\" data-end=\"460\">CatFest konserv\u0113tais mitr\u0101s bar\u012bbas kl\u0101sts ka\u0137iem ir gatavots no m\u012bkstas Klus\u0101 oke\u0101na tunzivis \u2013 \u012bsts gardums p\u016bkainajiem gard\u0113\u017eiem. Tum\u0161\u0101s tunzivju ga\u013cas tekst\u016bra ir maiga, bet arom\u0101ts sp\u0113c\u012bg\u0101ks, pie\u0161\u0137irot \u0113dienam intens\u012bvu j\u016bras gar\u0161u. Pasniedz \u017eelej\u0101, kas ne tikai uzlabo \u0113diena tekst\u016bru, bet ar\u012b veicina uzturvielu lab\u0101ku uzs\u016bk\u0161anos.<\/p>\n<p data-start=\"462\" data-end=\"725\"><strong data-start=\"462\" data-end=\"474\">Sast\u0101vs:<\/strong> tunzivs 60%, garneles 4%, rauga ekstrakts, prebiotika FOS, an\u0161ovu e\u013c\u013ca, miner\u0101lvielas<br data-start=\"560\" data-end=\"563\" \/><strong data-start=\"563\" data-end=\"588\">Uzturv\u0113rt\u012bba (mg\/kg):<\/strong> E vitam\u012bns \u2013 1 000, taur\u012bns \u2013 1 000<br data-start=\"624\" data-end=\"627\" \/><strong data-start=\"627\" data-end=\"655\">Anal\u012btisk\u0101s sast\u0101vda\u013cas:<\/strong> Olbaltumvielas 10%, tauki 0,5%, pelni 1,5%, \u0161\u0137iedra 1%, mitrums 88%<\/p>\n<p data-start=\"727\" data-end=\"1053\"><strong data-start=\"727\" data-end=\"754\">Lieto\u0161anas instrukcija:<\/strong> Piem\u0113rots k\u0101 papildbar\u012bba visiem pieaugu\u0161iem m\u0101jas ka\u0137iem, ieskaitot steriliz\u0113tus un kastrotiem ka\u0137iem, k\u0101 ar\u012b ka\u0137iem ar aler\u0123ij\u0101m vai gremo\u0161anas probl\u0113m\u0101m. Pasniedz istabas temperat\u016br\u0101. Uzglab\u0101t v\u0113s\u0101 un saus\u0101 viet\u0101. Pat\u0113r\u0113t l\u012bdz 3 paci\u0146\u0101m dien\u0101. Nodro\u0161in\u0101t ka\u0137im past\u0101v\u012bgu pieeju svaigam \u016bdenim.<\/p>\n","protected":false},"featured_media":47664,"template":"","meta":[],"product_brand":[],"product_cat":[571],"product_tag":[],"class_list":{"0":"post-47663","1":"product","2":"type-product","3":"status-publish","4":"has-post-thumbnail","6":"product_cat-mitra-bariba","8":"first","9":"instock","10":"taxable","11":"shipping-taxable","12":"purchasable","13":"product-type-simple"},"yoast_head":"<!-- This site is optimized with the Yoast SEO plugin v27.4 - https:\/\/yoast.com\/product\/yoast-seo-wordpress\/ -->\n<title>CatFest tunzivis un garneles \u017eelej\u0101, 12x50 g - MiuMjau<\/title>\n<meta name=\"robots\" content=\"index, follow, max-snippet:-1, max-image-preview:large, max-video-preview:-1\" \/>\n<link rel=\"canonical\" href=\"https:\/\/miumjau.ee\/lv\/produkts\/catfest-tunzivis-un-garneles-zeleja-12x50-g\/\" \/>\n<meta property=\"og:locale\" content=\"lv_LV\" \/>\n<meta property=\"og:type\" content=\"article\" \/>\n<meta property=\"og:title\" content=\"CatFest tunzivis un garneles \u017eelej\u0101, 12x50 g - MiuMjau\" \/>\n<meta property=\"og:description\" content=\"CatFest konserv\u0113tais mitr\u0101s bar\u012bbas kl\u0101sts ka\u0137iem ir gatavots no m\u012bkstas Klus\u0101 oke\u0101na tunzivis \u2013 \u012bsts gardums p\u016bkainajiem gard\u0113\u017eiem. Tum\u0161\u0101s tunzivju ga\u013cas tekst\u016bra ir maiga, bet arom\u0101ts sp\u0113c\u012bg\u0101ks, pie\u0161\u0137irot \u0113dienam intens\u012bvu j\u016bras gar\u0161u. Pasniedz \u017eelej\u0101, kas ne tikai uzlabo \u0113diena tekst\u016bru, bet ar\u012b veicina uzturvielu lab\u0101ku uzs\u016bk\u0161anos. Sast\u0101vs: tunzivs 60%, garneles 4%, rauga ekstrakts, prebiotika FOS, an\u0161ovu e\u013c\u013ca, miner\u0101lvielasUzturv\u0113rt\u012bba (mg\/kg): E vitam\u012bns \u2013 1 000, taur\u012bns \u2013 1 000Anal\u012btisk\u0101s sast\u0101vda\u013cas: Olbaltumvielas 10%, tauki 0,5%, pelni 1,5%, \u0161\u0137iedra 1%, mitrums 88% Lieto\u0161anas instrukcija: Piem\u0113rots k\u0101 papildbar\u012bba visiem pieaugu\u0161iem m\u0101jas ka\u0137iem, ieskaitot steriliz\u0113tus un kastrotiem ka\u0137iem, k\u0101 ar\u012b ka\u0137iem ar aler\u0123ij\u0101m vai gremo\u0161anas probl\u0113m\u0101m. Pasniedz istabas temperat\u016br\u0101. Uzglab\u0101t v\u0113s\u0101 un saus\u0101 viet\u0101. Pat\u0113r\u0113t l\u012bdz 3 paci\u0146\u0101m dien\u0101. Nodro\u0161in\u0101t ka\u0137im past\u0101v\u012bgu pieeju svaigam \u016bdenim.\" \/>\n<meta property=\"og:url\" content=\"https:\/\/miumjau.ee\/lv\/produkts\/catfest-tunzivis-un-garneles-zeleja-12x50-g\/\" \/>\n<meta property=\"og:site_name\" content=\"MiuMjau\" \/>\n<meta property=\"article:publisher\" content=\"https:\/\/www.facebook.com\/miumjaupood\/\" \/>\n<meta property=\"article:modified_time\" content=\"2026-01-07T19:21:20+00:00\" \/>\n<meta property=\"og:image\" content=\"https:\/\/miumjau.ee\/wp-content\/uploads\/2025\/09\/catfest-meal-margtoit-kassile2.jpg\" \/>\n\t<meta property=\"og:image:width\" content=\"1200\" \/>\n\t<meta property=\"og:image:height\" content=\"1600\" \/>\n\t<meta property=\"og:image:type\" content=\"image\/jpeg\" \/>\n<meta name=\"twitter:card\" content=\"summary_large_image\" \/>\n<script type=\"application\/ld+json\" class=\"yoast-schema-graph\">{\"@context\":\"https:\\\/\\\/schema.org\",\"@graph\":[{\"@type\":\"WebPage\",\"@id\":\"https:\\\/\\\/miumjau.ee\\\/lv\\\/produkts\\\/catfest-tunzivis-un-garneles-zeleja-12x50-g\\\/\",\"url\":\"https:\\\/\\\/miumjau.ee\\\/lv\\\/produkts\\\/catfest-tunzivis-un-garneles-zeleja-12x50-g\\\/\",\"name\":\"CatFest tunzivis un garneles \u017eelej\u0101, 12x50 g - MiuMjau\",\"isPartOf\":{\"@id\":\"https:\\\/\\\/miumjau.ee\\\/#website\"},\"primaryImageOfPage\":{\"@id\":\"https:\\\/\\\/miumjau.ee\\\/lv\\\/produkts\\\/catfest-tunzivis-un-garneles-zeleja-12x50-g\\\/#primaryimage\"},\"image\":{\"@id\":\"https:\\\/\\\/miumjau.ee\\\/lv\\\/produkts\\\/catfest-tunzivis-un-garneles-zeleja-12x50-g\\\/#primaryimage\"},\"thumbnailUrl\":\"https:\\\/\\\/miumjau.ee\\\/wp-content\\\/uploads\\\/2025\\\/09\\\/catfest-meal-margtoit-kassile2.jpg\",\"datePublished\":\"2025-09-20T11:14:22+00:00\",\"dateModified\":\"2026-01-07T19:21:20+00:00\",\"breadcrumb\":{\"@id\":\"https:\\\/\\\/miumjau.ee\\\/lv\\\/produkts\\\/catfest-tunzivis-un-garneles-zeleja-12x50-g\\\/#breadcrumb\"},\"inLanguage\":\"lv-LV\",\"potentialAction\":[{\"@type\":\"ReadAction\",\"target\":[\"https:\\\/\\\/miumjau.ee\\\/lv\\\/produkts\\\/catfest-tunzivis-un-garneles-zeleja-12x50-g\\\/\"]}]},{\"@type\":\"ImageObject\",\"inLanguage\":\"lv-LV\",\"@id\":\"https:\\\/\\\/miumjau.ee\\\/lv\\\/produkts\\\/catfest-tunzivis-un-garneles-zeleja-12x50-g\\\/#primaryimage\",\"url\":\"https:\\\/\\\/miumjau.ee\\\/wp-content\\\/uploads\\\/2025\\\/09\\\/catfest-meal-margtoit-kassile2.jpg\",\"contentUrl\":\"https:\\\/\\\/miumjau.ee\\\/wp-content\\\/uploads\\\/2025\\\/09\\\/catfest-meal-margtoit-kassile2.jpg\",\"width\":1200,\"height\":1600},{\"@type\":\"BreadcrumbList\",\"@id\":\"https:\\\/\\\/miumjau.ee\\\/lv\\\/produkts\\\/catfest-tunzivis-un-garneles-zeleja-12x50-g\\\/#breadcrumb\",\"itemListElement\":[{\"@type\":\"ListItem\",\"position\":1,\"name\":\"Home\",\"item\":\"https:\\\/\\\/miumjau.ee\\\/lv\\\/\"},{\"@type\":\"ListItem\",\"position\":2,\"name\":\"Veikals\",\"item\":\"https:\\\/\\\/miumjau.ee\\\/lv\\\/veikals\\\/\"},{\"@type\":\"ListItem\",\"position\":3,\"name\":\"CatFest tunzivis un garneles \u017eelej\u0101, 12&#215;50 g\"}]},{\"@type\":\"WebSite\",\"@id\":\"https:\\\/\\\/miumjau.ee\\\/#website\",\"url\":\"https:\\\/\\\/miumjau.ee\\\/\",\"name\":\"MiuMjau\",\"description\":\"Kraapimispuud kassidele\",\"publisher\":{\"@id\":\"https:\\\/\\\/miumjau.ee\\\/#organization\"},\"potentialAction\":[{\"@type\":\"SearchAction\",\"target\":{\"@type\":\"EntryPoint\",\"urlTemplate\":\"https:\\\/\\\/miumjau.ee\\\/?s={search_term_string}\"},\"query-input\":{\"@type\":\"PropertyValueSpecification\",\"valueRequired\":true,\"valueName\":\"search_term_string\"}}],\"inLanguage\":\"lv-LV\"},{\"@type\":\"Organization\",\"@id\":\"https:\\\/\\\/miumjau.ee\\\/#organization\",\"name\":\"MiuMjau O\u00dc\",\"url\":\"https:\\\/\\\/miumjau.ee\\\/\",\"logo\":{\"@type\":\"ImageObject\",\"inLanguage\":\"lv-LV\",\"@id\":\"https:\\\/\\\/miumjau.ee\\\/#\\\/schema\\\/logo\\\/image\\\/\",\"url\":\"https:\\\/\\\/miumjau.ee\\\/wp-content\\\/uploads\\\/2022\\\/04\\\/MiuMjau-logo-kollane.png\",\"contentUrl\":\"https:\\\/\\\/miumjau.ee\\\/wp-content\\\/uploads\\\/2022\\\/04\\\/MiuMjau-logo-kollane.png\",\"width\":219,\"height\":100,\"caption\":\"MiuMjau O\u00dc\"},\"image\":{\"@id\":\"https:\\\/\\\/miumjau.ee\\\/#\\\/schema\\\/logo\\\/image\\\/\"},\"sameAs\":[\"https:\\\/\\\/www.facebook.com\\\/miumjaupood\\\/\"]}]}<\/script>\n<!-- \/ Yoast SEO plugin. -->","yoast_head_json":{"title":"CatFest tunzivis un garneles \u017eelej\u0101, 12x50 g - MiuMjau","robots":{"index":"index","follow":"follow","max-snippet":"max-snippet:-1","max-image-preview":"max-image-preview:large","max-video-preview":"max-video-preview:-1"},"canonical":"https:\/\/miumjau.ee\/lv\/produkts\/catfest-tunzivis-un-garneles-zeleja-12x50-g\/","og_locale":"lv_LV","og_type":"article","og_title":"CatFest tunzivis un garneles \u017eelej\u0101, 12x50 g - MiuMjau","og_description":"CatFest konserv\u0113tais mitr\u0101s bar\u012bbas kl\u0101sts ka\u0137iem ir gatavots no m\u012bkstas Klus\u0101 oke\u0101na tunzivis \u2013 \u012bsts gardums p\u016bkainajiem gard\u0113\u017eiem. Tum\u0161\u0101s tunzivju ga\u013cas tekst\u016bra ir maiga, bet arom\u0101ts sp\u0113c\u012bg\u0101ks, pie\u0161\u0137irot \u0113dienam intens\u012bvu j\u016bras gar\u0161u. Pasniedz \u017eelej\u0101, kas ne tikai uzlabo \u0113diena tekst\u016bru, bet ar\u012b veicina uzturvielu lab\u0101ku uzs\u016bk\u0161anos. Sast\u0101vs: tunzivs 60%, garneles 4%, rauga ekstrakts, prebiotika FOS, an\u0161ovu e\u013c\u013ca, miner\u0101lvielasUzturv\u0113rt\u012bba (mg\/kg): E vitam\u012bns \u2013 1 000, taur\u012bns \u2013 1 000Anal\u012btisk\u0101s sast\u0101vda\u013cas: Olbaltumvielas 10%, tauki 0,5%, pelni 1,5%, \u0161\u0137iedra 1%, mitrums 88% Lieto\u0161anas instrukcija: Piem\u0113rots k\u0101 papildbar\u012bba visiem pieaugu\u0161iem m\u0101jas ka\u0137iem, ieskaitot steriliz\u0113tus un kastrotiem ka\u0137iem, k\u0101 ar\u012b ka\u0137iem ar aler\u0123ij\u0101m vai gremo\u0161anas probl\u0113m\u0101m. Pasniedz istabas temperat\u016br\u0101. Uzglab\u0101t v\u0113s\u0101 un saus\u0101 viet\u0101. Pat\u0113r\u0113t l\u012bdz 3 paci\u0146\u0101m dien\u0101. Nodro\u0161in\u0101t ka\u0137im past\u0101v\u012bgu pieeju svaigam \u016bdenim.","og_url":"https:\/\/miumjau.ee\/lv\/produkts\/catfest-tunzivis-un-garneles-zeleja-12x50-g\/","og_site_name":"MiuMjau","article_publisher":"https:\/\/www.facebook.com\/miumjaupood\/","article_modified_time":"2026-01-07T19:21:20+00:00","og_image":[{"width":1200,"height":1600,"url":"https:\/\/miumjau.ee\/wp-content\/uploads\/2025\/09\/catfest-meal-margtoit-kassile2.jpg","type":"image\/jpeg"}],"twitter_card":"summary_large_image","schema":{"@context":"https:\/\/schema.org","@graph":[{"@type":"WebPage","@id":"https:\/\/miumjau.ee\/lv\/produkts\/catfest-tunzivis-un-garneles-zeleja-12x50-g\/","url":"https:\/\/miumjau.ee\/lv\/produkts\/catfest-tunzivis-un-garneles-zeleja-12x50-g\/","name":"CatFest tunzivis un garneles \u017eelej\u0101, 12x50 g - MiuMjau","isPartOf":{"@id":"https:\/\/miumjau.ee\/#website"},"primaryImageOfPage":{"@id":"https:\/\/miumjau.ee\/lv\/produkts\/catfest-tunzivis-un-garneles-zeleja-12x50-g\/#primaryimage"},"image":{"@id":"https:\/\/miumjau.ee\/lv\/produkts\/catfest-tunzivis-un-garneles-zeleja-12x50-g\/#primaryimage"},"thumbnailUrl":"https:\/\/miumjau.ee\/wp-content\/uploads\/2025\/09\/catfest-meal-margtoit-kassile2.jpg","datePublished":"2025-09-20T11:14:22+00:00","dateModified":"2026-01-07T19:21:20+00:00","breadcrumb":{"@id":"https:\/\/miumjau.ee\/lv\/produkts\/catfest-tunzivis-un-garneles-zeleja-12x50-g\/#breadcrumb"},"inLanguage":"lv-LV","potentialAction":[{"@type":"ReadAction","target":["https:\/\/miumjau.ee\/lv\/produkts\/catfest-tunzivis-un-garneles-zeleja-12x50-g\/"]}]},{"@type":"ImageObject","inLanguage":"lv-LV","@id":"https:\/\/miumjau.ee\/lv\/produkts\/catfest-tunzivis-un-garneles-zeleja-12x50-g\/#primaryimage","url":"https:\/\/miumjau.ee\/wp-content\/uploads\/2025\/09\/catfest-meal-margtoit-kassile2.jpg","contentUrl":"https:\/\/miumjau.ee\/wp-content\/uploads\/2025\/09\/catfest-meal-margtoit-kassile2.jpg","width":1200,"height":1600},{"@type":"BreadcrumbList","@id":"https:\/\/miumjau.ee\/lv\/produkts\/catfest-tunzivis-un-garneles-zeleja-12x50-g\/#breadcrumb","itemListElement":[{"@type":"ListItem","position":1,"name":"Home","item":"https:\/\/miumjau.ee\/lv\/"},{"@type":"ListItem","position":2,"name":"Veikals","item":"https:\/\/miumjau.ee\/lv\/veikals\/"},{"@type":"ListItem","position":3,"name":"CatFest tunzivis un garneles \u017eelej\u0101, 12&#215;50 g"}]},{"@type":"WebSite","@id":"https:\/\/miumjau.ee\/#website","url":"https:\/\/miumjau.ee\/","name":"MiuMjau","description":"Kraapimispuud kassidele","publisher":{"@id":"https:\/\/miumjau.ee\/#organization"},"potentialAction":[{"@type":"SearchAction","target":{"@type":"EntryPoint","urlTemplate":"https:\/\/miumjau.ee\/?s={search_term_string}"},"query-input":{"@type":"PropertyValueSpecification","valueRequired":true,"valueName":"search_term_string"}}],"inLanguage":"lv-LV"},{"@type":"Organization","@id":"https:\/\/miumjau.ee\/#organization","name":"MiuMjau O\u00dc","url":"https:\/\/miumjau.ee\/","logo":{"@type":"ImageObject","inLanguage":"lv-LV","@id":"https:\/\/miumjau.ee\/#\/schema\/logo\/image\/","url":"https:\/\/miumjau.ee\/wp-content\/uploads\/2022\/04\/MiuMjau-logo-kollane.png","contentUrl":"https:\/\/miumjau.ee\/wp-content\/uploads\/2022\/04\/MiuMjau-logo-kollane.png","width":219,"height":100,"caption":"MiuMjau O\u00dc"},"image":{"@id":"https:\/\/miumjau.ee\/#\/schema\/logo\/image\/"},"sameAs":["https:\/\/www.facebook.com\/miumjaupood\/"]}]}},"_links":{"self":[{"href":"https:\/\/miumjau.ee\/lv\/wp-json\/wp\/v2\/product\/47663","targetHints":{"allow":["GET"]}}],"collection":[{"href":"https:\/\/miumjau.ee\/lv\/wp-json\/wp\/v2\/product"}],"about":[{"href":"https:\/\/miumjau.ee\/lv\/wp-json\/wp\/v2\/types\/product"}],"wp:featuredmedia":[{"embeddable":true,"href":"https:\/\/miumjau.ee\/lv\/wp-json\/wp\/v2\/media\/47664"}],"wp:attachment":[{"href":"https:\/\/miumjau.ee\/lv\/wp-json\/wp\/v2\/media?parent=47663"}],"wp:term":[{"taxonomy":"product_brand","embeddable":true,"href":"https:\/\/miumjau.ee\/lv\/wp-json\/wp\/v2\/product_brand?post=47663"},{"taxonomy":"product_cat","embeddable":true,"href":"https:\/\/miumjau.ee\/lv\/wp-json\/wp\/v2\/product_cat?post=47663"},{"taxonomy":"product_tag","embeddable":true,"href":"https:\/\/miumjau.ee\/lv\/wp-json\/wp\/v2\/product_tag?post=47663"}],"curies":[{"name":"wp","href":"https:\/\/api.w.org\/{rel}","templated":true}]}}