{"id":47660,"date":"2025-10-05T14:53:23","date_gmt":"2025-10-05T11:53:23","guid":{"rendered":"https:\/\/miumjau.ee\/toode\/parvadasanas-buris-pratiko-2-55x36x36-cm-lidz-15-kg\/"},"modified":"2026-01-07T21:21:20","modified_gmt":"2026-01-07T19:21:20","slug":"parvadasanas-buris-pratiko-2-55x36x36-cm-lidz-15-kg","status":"publish","type":"product","link":"https:\/\/miumjau.ee\/lv\/produkts\/parvadasanas-buris-pratiko-2-55x36x36-cm-lidz-15-kg\/","title":{"rendered":"P\u0101rvad\u0101\u0161anas b\u016bris Pratiko 2 55x36x36 cm, l\u012bdz 15 kg"},"content":{"rendered":"","protected":false},"excerpt":{"rendered":"<ul data-start=\"127\" data-end=\"489\">\n<li data-start=\"127\" data-end=\"223\">\n<p data-start=\"129\" data-end=\"223\">\u013boti dro\u0161s \u2013 met\u0101la durvis + cietas plastmasas sienas (iztur\u012bgs pret ko\u0161\u013c\u0101\u0161anu un izb\u0113g\u0161anu)<\/p>\n<\/li>\n<li data-start=\"224\" data-end=\"310\">\n<p data-start=\"226\" data-end=\"310\">Ide\u0101ls m\u0101jdz\u012bvniekiem l\u012bdz 15 kg \u2013 piem\u0113rots ka\u0137iem un maziem l\u012bdz vid\u0113jiem su\u0146iem<\/p>\n<\/li>\n<li data-start=\"311\" data-end=\"389\">\n<p data-start=\"313\" data-end=\"389\">Ventil\u0113jams un redzams \u2013 sieta pane\u013ci gaisa pl\u016bsmai un dz\u012bvnieka komfortam<\/p>\n<\/li>\n<li data-start=\"390\" data-end=\"445\">\n<p data-start=\"392\" data-end=\"445\">Viegli t\u012br\u0101ms dizains \u2013 t\u012br\u0101ms plastmasas interjers<\/p>\n<\/li>\n<li data-start=\"446\" data-end=\"489\">\n<p data-start=\"448\" data-end=\"489\">Ce\u013cojumiem gatavs \u2013 viegls ar rokturiem<\/p>\n<\/li>\n<\/ul>\n<p data-start=\"491\" data-end=\"584\">Pirms ce\u013cojuma uz lidostu sazinieties ar aviokomp\u0101niju par kab\u012bnes izm\u0113ru un s\u0113dvietas telpu.<\/p>\n<p data-start=\"586\" data-end=\"655\"><strong data-start=\"586\" data-end=\"596\">Svars:<\/strong> 1400 g<br data-start=\"603\" data-end=\"606\" \/><strong data-start=\"606\" data-end=\"617\">Izm\u0113ri:<\/strong> 55 \u00d7 36 \u00d7 36 cm<br data-start=\"633\" data-end=\"636\" \/><strong data-start=\"636\" data-end=\"650\">Materi\u0101ls:<\/strong> PP<\/p>\n","protected":false},"featured_media":47661,"template":"","meta":[],"product_brand":[],"product_cat":[594,579],"product_tag":[],"class_list":{"0":"post-47660","1":"product","2":"type-product","3":"status-publish","4":"has-post-thumbnail","6":"product_cat-parvadasanas-buri-somas","7":"product_cat-sunu-buri-un-parvadasanas-somas","9":"first","10":"instock","11":"taxable","12":"shipping-taxable","13":"purchasable","14":"product-type-simple"},"yoast_head":"<!-- This site is optimized with the Yoast SEO plugin v27.2 - https:\/\/yoast.com\/product\/yoast-seo-wordpress\/ -->\n<title>P\u0101rvad\u0101\u0161anas b\u016bris Pratiko 2 55x36x36 cm, l\u012bdz 15 kg - MiuMjau<\/title>\n<meta name=\"robots\" content=\"index, follow, max-snippet:-1, max-image-preview:large, max-video-preview:-1\" \/>\n<link rel=\"canonical\" href=\"https:\/\/miumjau.ee\/lv\/produkts\/parvadasanas-buris-pratiko-2-55x36x36-cm-lidz-15-kg\/\" \/>\n<meta property=\"og:locale\" content=\"lv_LV\" \/>\n<meta property=\"og:type\" content=\"article\" \/>\n<meta property=\"og:title\" content=\"P\u0101rvad\u0101\u0161anas b\u016bris Pratiko 2 55x36x36 cm, l\u012bdz 15 kg - MiuMjau\" \/>\n<meta property=\"og:description\" content=\"\u013boti dro\u0161s \u2013 met\u0101la durvis + cietas plastmasas sienas (iztur\u012bgs pret ko\u0161\u013c\u0101\u0161anu un izb\u0113g\u0161anu)    Ide\u0101ls m\u0101jdz\u012bvniekiem l\u012bdz 15 kg \u2013 piem\u0113rots ka\u0137iem un maziem l\u012bdz vid\u0113jiem su\u0146iem    Ventil\u0113jams un redzams \u2013 sieta pane\u013ci gaisa pl\u016bsmai un dz\u012bvnieka komfortam    Viegli t\u012br\u0101ms dizains \u2013 t\u012br\u0101ms plastmasas interjers    Ce\u013cojumiem gatavs \u2013 viegls ar rokturiem   Pirms ce\u013cojuma uz lidostu sazinieties ar aviokomp\u0101niju par kab\u012bnes izm\u0113ru un s\u0113dvietas telpu. Svars: 1400 gIzm\u0113ri: 55 \u00d7 36 \u00d7 36 cmMateri\u0101ls: PP\" \/>\n<meta property=\"og:url\" content=\"https:\/\/miumjau.ee\/lv\/produkts\/parvadasanas-buris-pratiko-2-55x36x36-cm-lidz-15-kg\/\" \/>\n<meta property=\"og:site_name\" content=\"MiuMjau\" \/>\n<meta property=\"article:publisher\" content=\"https:\/\/www.facebook.com\/miumjaupood\/\" \/>\n<meta property=\"article:modified_time\" content=\"2026-01-07T19:21:20+00:00\" \/>\n<meta property=\"og:image\" content=\"https:\/\/miumjau.ee\/wp-content\/uploads\/2025\/10\/imagehandler-22.jpg\" \/>\n\t<meta property=\"og:image:width\" content=\"600\" \/>\n\t<meta property=\"og:image:height\" content=\"800\" \/>\n\t<meta property=\"og:image:type\" content=\"image\/jpeg\" \/>\n<meta name=\"twitter:card\" content=\"summary_large_image\" \/>\n<script type=\"application\/ld+json\" class=\"yoast-schema-graph\">{\"@context\":\"https:\/\/schema.org\",\"@graph\":[{\"@type\":\"WebPage\",\"@id\":\"https:\/\/miumjau.ee\/lv\/produkts\/parvadasanas-buris-pratiko-2-55x36x36-cm-lidz-15-kg\/\",\"url\":\"https:\/\/miumjau.ee\/lv\/produkts\/parvadasanas-buris-pratiko-2-55x36x36-cm-lidz-15-kg\/\",\"name\":\"P\u0101rvad\u0101\u0161anas b\u016bris Pratiko 2 55x36x36 cm, l\u012bdz 15 kg - MiuMjau\",\"isPartOf\":{\"@id\":\"https:\/\/miumjau.ee\/#website\"},\"primaryImageOfPage\":{\"@id\":\"https:\/\/miumjau.ee\/lv\/produkts\/parvadasanas-buris-pratiko-2-55x36x36-cm-lidz-15-kg\/#primaryimage\"},\"image\":{\"@id\":\"https:\/\/miumjau.ee\/lv\/produkts\/parvadasanas-buris-pratiko-2-55x36x36-cm-lidz-15-kg\/#primaryimage\"},\"thumbnailUrl\":\"https:\/\/miumjau.ee\/wp-content\/uploads\/2025\/10\/imagehandler-22.jpg\",\"datePublished\":\"2025-10-05T11:53:23+00:00\",\"dateModified\":\"2026-01-07T19:21:20+00:00\",\"breadcrumb\":{\"@id\":\"https:\/\/miumjau.ee\/lv\/produkts\/parvadasanas-buris-pratiko-2-55x36x36-cm-lidz-15-kg\/#breadcrumb\"},\"inLanguage\":\"lv-LV\",\"potentialAction\":[{\"@type\":\"ReadAction\",\"target\":[\"https:\/\/miumjau.ee\/lv\/produkts\/parvadasanas-buris-pratiko-2-55x36x36-cm-lidz-15-kg\/\"]}]},{\"@type\":\"ImageObject\",\"inLanguage\":\"lv-LV\",\"@id\":\"https:\/\/miumjau.ee\/lv\/produkts\/parvadasanas-buris-pratiko-2-55x36x36-cm-lidz-15-kg\/#primaryimage\",\"url\":\"https:\/\/miumjau.ee\/wp-content\/uploads\/2025\/10\/imagehandler-22.jpg\",\"contentUrl\":\"https:\/\/miumjau.ee\/wp-content\/uploads\/2025\/10\/imagehandler-22.jpg\",\"width\":600,\"height\":800},{\"@type\":\"BreadcrumbList\",\"@id\":\"https:\/\/miumjau.ee\/lv\/produkts\/parvadasanas-buris-pratiko-2-55x36x36-cm-lidz-15-kg\/#breadcrumb\",\"itemListElement\":[{\"@type\":\"ListItem\",\"position\":1,\"name\":\"Home\",\"item\":\"https:\/\/miumjau.ee\/lv\/\"},{\"@type\":\"ListItem\",\"position\":2,\"name\":\"Veikals\",\"item\":\"https:\/\/miumjau.ee\/lv\/veikals\/\"},{\"@type\":\"ListItem\",\"position\":3,\"name\":\"P\u0101rvad\u0101\u0161anas b\u016bris Pratiko 2 55x36x36 cm, l\u012bdz 15 kg\"}]},{\"@type\":\"WebSite\",\"@id\":\"https:\/\/miumjau.ee\/#website\",\"url\":\"https:\/\/miumjau.ee\/\",\"name\":\"MiuMjau\",\"description\":\"Kraapimispuud kassidele\",\"publisher\":{\"@id\":\"https:\/\/miumjau.ee\/#organization\"},\"potentialAction\":[{\"@type\":\"SearchAction\",\"target\":{\"@type\":\"EntryPoint\",\"urlTemplate\":\"https:\/\/miumjau.ee\/?s={search_term_string}\"},\"query-input\":{\"@type\":\"PropertyValueSpecification\",\"valueRequired\":true,\"valueName\":\"search_term_string\"}}],\"inLanguage\":\"lv-LV\"},{\"@type\":\"Organization\",\"@id\":\"https:\/\/miumjau.ee\/#organization\",\"name\":\"MiuMjau O\u00dc\",\"url\":\"https:\/\/miumjau.ee\/\",\"logo\":{\"@type\":\"ImageObject\",\"inLanguage\":\"lv-LV\",\"@id\":\"https:\/\/miumjau.ee\/#\/schema\/logo\/image\/\",\"url\":\"https:\/\/miumjau.ee\/wp-content\/uploads\/2022\/04\/MiuMjau-logo-kollane.png\",\"contentUrl\":\"https:\/\/miumjau.ee\/wp-content\/uploads\/2022\/04\/MiuMjau-logo-kollane.png\",\"width\":219,\"height\":100,\"caption\":\"MiuMjau O\u00dc\"},\"image\":{\"@id\":\"https:\/\/miumjau.ee\/#\/schema\/logo\/image\/\"},\"sameAs\":[\"https:\/\/www.facebook.com\/miumjaupood\/\"]}]}<\/script>\n<!-- \/ Yoast SEO plugin. -->","yoast_head_json":{"title":"P\u0101rvad\u0101\u0161anas b\u016bris Pratiko 2 55x36x36 cm, l\u012bdz 15 kg - MiuMjau","robots":{"index":"index","follow":"follow","max-snippet":"max-snippet:-1","max-image-preview":"max-image-preview:large","max-video-preview":"max-video-preview:-1"},"canonical":"https:\/\/miumjau.ee\/lv\/produkts\/parvadasanas-buris-pratiko-2-55x36x36-cm-lidz-15-kg\/","og_locale":"lv_LV","og_type":"article","og_title":"P\u0101rvad\u0101\u0161anas b\u016bris Pratiko 2 55x36x36 cm, l\u012bdz 15 kg - MiuMjau","og_description":"\u013boti dro\u0161s \u2013 met\u0101la durvis + cietas plastmasas sienas (iztur\u012bgs pret ko\u0161\u013c\u0101\u0161anu un izb\u0113g\u0161anu)    Ide\u0101ls m\u0101jdz\u012bvniekiem l\u012bdz 15 kg \u2013 piem\u0113rots ka\u0137iem un maziem l\u012bdz vid\u0113jiem su\u0146iem    Ventil\u0113jams un redzams \u2013 sieta pane\u013ci gaisa pl\u016bsmai un dz\u012bvnieka komfortam    Viegli t\u012br\u0101ms dizains \u2013 t\u012br\u0101ms plastmasas interjers    Ce\u013cojumiem gatavs \u2013 viegls ar rokturiem   Pirms ce\u013cojuma uz lidostu sazinieties ar aviokomp\u0101niju par kab\u012bnes izm\u0113ru un s\u0113dvietas telpu. Svars: 1400 gIzm\u0113ri: 55 \u00d7 36 \u00d7 36 cmMateri\u0101ls: PP","og_url":"https:\/\/miumjau.ee\/lv\/produkts\/parvadasanas-buris-pratiko-2-55x36x36-cm-lidz-15-kg\/","og_site_name":"MiuMjau","article_publisher":"https:\/\/www.facebook.com\/miumjaupood\/","article_modified_time":"2026-01-07T19:21:20+00:00","og_image":[{"width":600,"height":800,"url":"https:\/\/miumjau.ee\/wp-content\/uploads\/2025\/10\/imagehandler-22.jpg","type":"image\/jpeg"}],"twitter_card":"summary_large_image","schema":{"@context":"https:\/\/schema.org","@graph":[{"@type":"WebPage","@id":"https:\/\/miumjau.ee\/lv\/produkts\/parvadasanas-buris-pratiko-2-55x36x36-cm-lidz-15-kg\/","url":"https:\/\/miumjau.ee\/lv\/produkts\/parvadasanas-buris-pratiko-2-55x36x36-cm-lidz-15-kg\/","name":"P\u0101rvad\u0101\u0161anas b\u016bris Pratiko 2 55x36x36 cm, l\u012bdz 15 kg - MiuMjau","isPartOf":{"@id":"https:\/\/miumjau.ee\/#website"},"primaryImageOfPage":{"@id":"https:\/\/miumjau.ee\/lv\/produkts\/parvadasanas-buris-pratiko-2-55x36x36-cm-lidz-15-kg\/#primaryimage"},"image":{"@id":"https:\/\/miumjau.ee\/lv\/produkts\/parvadasanas-buris-pratiko-2-55x36x36-cm-lidz-15-kg\/#primaryimage"},"thumbnailUrl":"https:\/\/miumjau.ee\/wp-content\/uploads\/2025\/10\/imagehandler-22.jpg","datePublished":"2025-10-05T11:53:23+00:00","dateModified":"2026-01-07T19:21:20+00:00","breadcrumb":{"@id":"https:\/\/miumjau.ee\/lv\/produkts\/parvadasanas-buris-pratiko-2-55x36x36-cm-lidz-15-kg\/#breadcrumb"},"inLanguage":"lv-LV","potentialAction":[{"@type":"ReadAction","target":["https:\/\/miumjau.ee\/lv\/produkts\/parvadasanas-buris-pratiko-2-55x36x36-cm-lidz-15-kg\/"]}]},{"@type":"ImageObject","inLanguage":"lv-LV","@id":"https:\/\/miumjau.ee\/lv\/produkts\/parvadasanas-buris-pratiko-2-55x36x36-cm-lidz-15-kg\/#primaryimage","url":"https:\/\/miumjau.ee\/wp-content\/uploads\/2025\/10\/imagehandler-22.jpg","contentUrl":"https:\/\/miumjau.ee\/wp-content\/uploads\/2025\/10\/imagehandler-22.jpg","width":600,"height":800},{"@type":"BreadcrumbList","@id":"https:\/\/miumjau.ee\/lv\/produkts\/parvadasanas-buris-pratiko-2-55x36x36-cm-lidz-15-kg\/#breadcrumb","itemListElement":[{"@type":"ListItem","position":1,"name":"Home","item":"https:\/\/miumjau.ee\/lv\/"},{"@type":"ListItem","position":2,"name":"Veikals","item":"https:\/\/miumjau.ee\/lv\/veikals\/"},{"@type":"ListItem","position":3,"name":"P\u0101rvad\u0101\u0161anas b\u016bris Pratiko 2 55x36x36 cm, l\u012bdz 15 kg"}]},{"@type":"WebSite","@id":"https:\/\/miumjau.ee\/#website","url":"https:\/\/miumjau.ee\/","name":"MiuMjau","description":"Kraapimispuud kassidele","publisher":{"@id":"https:\/\/miumjau.ee\/#organization"},"potentialAction":[{"@type":"SearchAction","target":{"@type":"EntryPoint","urlTemplate":"https:\/\/miumjau.ee\/?s={search_term_string}"},"query-input":{"@type":"PropertyValueSpecification","valueRequired":true,"valueName":"search_term_string"}}],"inLanguage":"lv-LV"},{"@type":"Organization","@id":"https:\/\/miumjau.ee\/#organization","name":"MiuMjau O\u00dc","url":"https:\/\/miumjau.ee\/","logo":{"@type":"ImageObject","inLanguage":"lv-LV","@id":"https:\/\/miumjau.ee\/#\/schema\/logo\/image\/","url":"https:\/\/miumjau.ee\/wp-content\/uploads\/2022\/04\/MiuMjau-logo-kollane.png","contentUrl":"https:\/\/miumjau.ee\/wp-content\/uploads\/2022\/04\/MiuMjau-logo-kollane.png","width":219,"height":100,"caption":"MiuMjau O\u00dc"},"image":{"@id":"https:\/\/miumjau.ee\/#\/schema\/logo\/image\/"},"sameAs":["https:\/\/www.facebook.com\/miumjaupood\/"]}]}},"_links":{"self":[{"href":"https:\/\/miumjau.ee\/lv\/wp-json\/wp\/v2\/product\/47660","targetHints":{"allow":["GET"]}}],"collection":[{"href":"https:\/\/miumjau.ee\/lv\/wp-json\/wp\/v2\/product"}],"about":[{"href":"https:\/\/miumjau.ee\/lv\/wp-json\/wp\/v2\/types\/product"}],"wp:featuredmedia":[{"embeddable":true,"href":"https:\/\/miumjau.ee\/lv\/wp-json\/wp\/v2\/media\/47661"}],"wp:attachment":[{"href":"https:\/\/miumjau.ee\/lv\/wp-json\/wp\/v2\/media?parent=47660"}],"wp:term":[{"taxonomy":"product_brand","embeddable":true,"href":"https:\/\/miumjau.ee\/lv\/wp-json\/wp\/v2\/product_brand?post=47660"},{"taxonomy":"product_cat","embeddable":true,"href":"https:\/\/miumjau.ee\/lv\/wp-json\/wp\/v2\/product_cat?post=47660"},{"taxonomy":"product_tag","embeddable":true,"href":"https:\/\/miumjau.ee\/lv\/wp-json\/wp\/v2\/product_tag?post=47660"}],"curies":[{"name":"wp","href":"https:\/\/api.w.org\/{rel}","templated":true}]}}