{"id":47656,"date":"2025-10-05T14:50:36","date_gmt":"2025-10-05T11:50:36","guid":{"rendered":"https:\/\/miumjau.ee\/toode\/parvadasanas-buris-skudo-1-48x315x31-cm-lidz-12-kg\/"},"modified":"2026-01-07T21:21:20","modified_gmt":"2026-01-07T19:21:20","slug":"parvadasanas-buris-skudo-1-48x315x31-cm-lidz-12-kg","status":"publish","type":"product","link":"https:\/\/miumjau.ee\/lv\/produkts\/parvadasanas-buris-skudo-1-48x315x31-cm-lidz-12-kg\/","title":{"rendered":"P\u0101rvad\u0101\u0161anas b\u016bris Skudo 1, 48&#215;31,5&#215;31 cm, l\u012bdz 12 kg"},"content":{"rendered":"","protected":false},"excerpt":{"rendered":"<ul data-start=\"128\" data-end=\"610\">\n<li data-start=\"128\" data-end=\"213\">\n<p data-start=\"130\" data-end=\"213\">IATA aviokomp\u0101nijas apstiprin\u0101ts \u2013 atbilst stingriem kab\u012bnes dro\u0161\u012bbas standartiem<\/p>\n<\/li>\n<li data-start=\"214\" data-end=\"317\">\n<p data-start=\"216\" data-end=\"317\">Stipra dro\u0161\u012bba \u2013 met\u0101la durvis + iztur\u012bgs plastmasas korpuss (iztur\u012bgs pret ko\u0161\u013c\u0101\u0161anu un izb\u0113g\u0161anu)<\/p>\n<\/li>\n<li data-start=\"318\" data-end=\"412\">\n<p data-start=\"320\" data-end=\"412\">Dubulta piek\u013cuve \u2013 aug\u0161\u0113jie un s\u0101nu atv\u0113rumi \u0113rtai un stresa br\u012bvai dz\u012bvnieka ievieto\u0161anai<\/p>\n<\/li>\n<li data-start=\"413\" data-end=\"483\">\n<p data-start=\"415\" data-end=\"483\">Iztur l\u012bdz 12 kg \u2013 ietilp\u012bgs ka\u0137iem un maziem l\u012bdz vid\u0113jiem su\u0146iem<\/p>\n<\/li>\n<li data-start=\"484\" data-end=\"548\">\n<p data-start=\"486\" data-end=\"548\">Ventil\u0113ts un \u0113rts \u2013 elpojo\u0161i sieta pane\u013ci gaisa cirkul\u0101cijai<\/p>\n<\/li>\n<li data-start=\"549\" data-end=\"610\">\n<p data-start=\"551\" data-end=\"610\">Ce\u013cojumiem gatavs \u2013 viegls ar ergonomisk\u0101m roktura cilp\u0101m<\/p>\n<\/li>\n<\/ul>\n<p data-start=\"612\" data-end=\"683\"><strong data-start=\"612\" data-end=\"622\">Svars:<\/strong> 1260 g<br data-start=\"629\" data-end=\"632\" \/><strong data-start=\"632\" data-end=\"643\">Izm\u0113ri:<\/strong> 48 \u00d7 31,5 \u00d7 31 cm<br data-start=\"661\" data-end=\"664\" \/><strong data-start=\"664\" data-end=\"678\">Materi\u0101ls:<\/strong> PP<\/p>\n","protected":false},"featured_media":47657,"template":"","meta":[],"product_brand":[],"product_cat":[594,579],"product_tag":[],"class_list":{"0":"post-47656","1":"product","2":"type-product","3":"status-publish","4":"has-post-thumbnail","6":"product_cat-parvadasanas-buri-somas","7":"product_cat-sunu-buri-un-parvadasanas-somas","9":"first","10":"instock","11":"taxable","12":"shipping-taxable","13":"purchasable","14":"product-type-simple"},"yoast_head":"<!-- This site is optimized with the Yoast SEO plugin v27.2 - https:\/\/yoast.com\/product\/yoast-seo-wordpress\/ -->\n<title>P\u0101rvad\u0101\u0161anas b\u016bris Skudo 1, 48x31,5x31 cm, l\u012bdz 12 kg - MiuMjau<\/title>\n<meta name=\"robots\" content=\"index, follow, max-snippet:-1, max-image-preview:large, max-video-preview:-1\" \/>\n<link rel=\"canonical\" href=\"https:\/\/miumjau.ee\/lv\/produkts\/parvadasanas-buris-skudo-1-48x315x31-cm-lidz-12-kg\/\" \/>\n<meta property=\"og:locale\" content=\"lv_LV\" \/>\n<meta property=\"og:type\" content=\"article\" \/>\n<meta property=\"og:title\" content=\"P\u0101rvad\u0101\u0161anas b\u016bris Skudo 1, 48x31,5x31 cm, l\u012bdz 12 kg - MiuMjau\" \/>\n<meta property=\"og:description\" content=\"IATA aviokomp\u0101nijas apstiprin\u0101ts \u2013 atbilst stingriem kab\u012bnes dro\u0161\u012bbas standartiem    Stipra dro\u0161\u012bba \u2013 met\u0101la durvis + iztur\u012bgs plastmasas korpuss (iztur\u012bgs pret ko\u0161\u013c\u0101\u0161anu un izb\u0113g\u0161anu)    Dubulta piek\u013cuve \u2013 aug\u0161\u0113jie un s\u0101nu atv\u0113rumi \u0113rtai un stresa br\u012bvai dz\u012bvnieka ievieto\u0161anai    Iztur l\u012bdz 12 kg \u2013 ietilp\u012bgs ka\u0137iem un maziem l\u012bdz vid\u0113jiem su\u0146iem    Ventil\u0113ts un \u0113rts \u2013 elpojo\u0161i sieta pane\u013ci gaisa cirkul\u0101cijai    Ce\u013cojumiem gatavs \u2013 viegls ar ergonomisk\u0101m roktura cilp\u0101m   Svars: 1260 gIzm\u0113ri: 48 \u00d7 31,5 \u00d7 31 cmMateri\u0101ls: PP\" \/>\n<meta property=\"og:url\" content=\"https:\/\/miumjau.ee\/lv\/produkts\/parvadasanas-buris-skudo-1-48x315x31-cm-lidz-12-kg\/\" \/>\n<meta property=\"og:site_name\" content=\"MiuMjau\" \/>\n<meta property=\"article:publisher\" content=\"https:\/\/www.facebook.com\/miumjaupood\/\" \/>\n<meta property=\"article:modified_time\" content=\"2026-01-07T19:21:20+00:00\" \/>\n<meta property=\"og:image\" content=\"https:\/\/miumjau.ee\/wp-content\/uploads\/2025\/10\/kandepuur-skudo1-grey-1.jpg\" \/>\n\t<meta property=\"og:image:width\" content=\"600\" \/>\n\t<meta property=\"og:image:height\" content=\"800\" \/>\n\t<meta property=\"og:image:type\" content=\"image\/jpeg\" \/>\n<meta name=\"twitter:card\" content=\"summary_large_image\" \/>\n<script type=\"application\/ld+json\" class=\"yoast-schema-graph\">{\"@context\":\"https:\/\/schema.org\",\"@graph\":[{\"@type\":\"WebPage\",\"@id\":\"https:\/\/miumjau.ee\/lv\/produkts\/parvadasanas-buris-skudo-1-48x315x31-cm-lidz-12-kg\/\",\"url\":\"https:\/\/miumjau.ee\/lv\/produkts\/parvadasanas-buris-skudo-1-48x315x31-cm-lidz-12-kg\/\",\"name\":\"P\u0101rvad\u0101\u0161anas b\u016bris Skudo 1, 48x31,5x31 cm, l\u012bdz 12 kg - MiuMjau\",\"isPartOf\":{\"@id\":\"https:\/\/miumjau.ee\/#website\"},\"primaryImageOfPage\":{\"@id\":\"https:\/\/miumjau.ee\/lv\/produkts\/parvadasanas-buris-skudo-1-48x315x31-cm-lidz-12-kg\/#primaryimage\"},\"image\":{\"@id\":\"https:\/\/miumjau.ee\/lv\/produkts\/parvadasanas-buris-skudo-1-48x315x31-cm-lidz-12-kg\/#primaryimage\"},\"thumbnailUrl\":\"https:\/\/miumjau.ee\/wp-content\/uploads\/2025\/10\/kandepuur-skudo1-grey-1.jpg\",\"datePublished\":\"2025-10-05T11:50:36+00:00\",\"dateModified\":\"2026-01-07T19:21:20+00:00\",\"breadcrumb\":{\"@id\":\"https:\/\/miumjau.ee\/lv\/produkts\/parvadasanas-buris-skudo-1-48x315x31-cm-lidz-12-kg\/#breadcrumb\"},\"inLanguage\":\"lv-LV\",\"potentialAction\":[{\"@type\":\"ReadAction\",\"target\":[\"https:\/\/miumjau.ee\/lv\/produkts\/parvadasanas-buris-skudo-1-48x315x31-cm-lidz-12-kg\/\"]}]},{\"@type\":\"ImageObject\",\"inLanguage\":\"lv-LV\",\"@id\":\"https:\/\/miumjau.ee\/lv\/produkts\/parvadasanas-buris-skudo-1-48x315x31-cm-lidz-12-kg\/#primaryimage\",\"url\":\"https:\/\/miumjau.ee\/wp-content\/uploads\/2025\/10\/kandepuur-skudo1-grey-1.jpg\",\"contentUrl\":\"https:\/\/miumjau.ee\/wp-content\/uploads\/2025\/10\/kandepuur-skudo1-grey-1.jpg\",\"width\":600,\"height\":800},{\"@type\":\"BreadcrumbList\",\"@id\":\"https:\/\/miumjau.ee\/lv\/produkts\/parvadasanas-buris-skudo-1-48x315x31-cm-lidz-12-kg\/#breadcrumb\",\"itemListElement\":[{\"@type\":\"ListItem\",\"position\":1,\"name\":\"Home\",\"item\":\"https:\/\/miumjau.ee\/lv\/\"},{\"@type\":\"ListItem\",\"position\":2,\"name\":\"Veikals\",\"item\":\"https:\/\/miumjau.ee\/lv\/veikals\/\"},{\"@type\":\"ListItem\",\"position\":3,\"name\":\"P\u0101rvad\u0101\u0161anas b\u016bris Skudo 1, 48&#215;31,5&#215;31 cm, l\u012bdz 12 kg\"}]},{\"@type\":\"WebSite\",\"@id\":\"https:\/\/miumjau.ee\/#website\",\"url\":\"https:\/\/miumjau.ee\/\",\"name\":\"MiuMjau\",\"description\":\"Kraapimispuud kassidele\",\"publisher\":{\"@id\":\"https:\/\/miumjau.ee\/#organization\"},\"potentialAction\":[{\"@type\":\"SearchAction\",\"target\":{\"@type\":\"EntryPoint\",\"urlTemplate\":\"https:\/\/miumjau.ee\/?s={search_term_string}\"},\"query-input\":{\"@type\":\"PropertyValueSpecification\",\"valueRequired\":true,\"valueName\":\"search_term_string\"}}],\"inLanguage\":\"lv-LV\"},{\"@type\":\"Organization\",\"@id\":\"https:\/\/miumjau.ee\/#organization\",\"name\":\"MiuMjau O\u00dc\",\"url\":\"https:\/\/miumjau.ee\/\",\"logo\":{\"@type\":\"ImageObject\",\"inLanguage\":\"lv-LV\",\"@id\":\"https:\/\/miumjau.ee\/#\/schema\/logo\/image\/\",\"url\":\"https:\/\/miumjau.ee\/wp-content\/uploads\/2022\/04\/MiuMjau-logo-kollane.png\",\"contentUrl\":\"https:\/\/miumjau.ee\/wp-content\/uploads\/2022\/04\/MiuMjau-logo-kollane.png\",\"width\":219,\"height\":100,\"caption\":\"MiuMjau O\u00dc\"},\"image\":{\"@id\":\"https:\/\/miumjau.ee\/#\/schema\/logo\/image\/\"},\"sameAs\":[\"https:\/\/www.facebook.com\/miumjaupood\/\"]}]}<\/script>\n<!-- \/ Yoast SEO plugin. -->","yoast_head_json":{"title":"P\u0101rvad\u0101\u0161anas b\u016bris Skudo 1, 48x31,5x31 cm, l\u012bdz 12 kg - MiuMjau","robots":{"index":"index","follow":"follow","max-snippet":"max-snippet:-1","max-image-preview":"max-image-preview:large","max-video-preview":"max-video-preview:-1"},"canonical":"https:\/\/miumjau.ee\/lv\/produkts\/parvadasanas-buris-skudo-1-48x315x31-cm-lidz-12-kg\/","og_locale":"lv_LV","og_type":"article","og_title":"P\u0101rvad\u0101\u0161anas b\u016bris Skudo 1, 48x31,5x31 cm, l\u012bdz 12 kg - MiuMjau","og_description":"IATA aviokomp\u0101nijas apstiprin\u0101ts \u2013 atbilst stingriem kab\u012bnes dro\u0161\u012bbas standartiem    Stipra dro\u0161\u012bba \u2013 met\u0101la durvis + iztur\u012bgs plastmasas korpuss (iztur\u012bgs pret ko\u0161\u013c\u0101\u0161anu un izb\u0113g\u0161anu)    Dubulta piek\u013cuve \u2013 aug\u0161\u0113jie un s\u0101nu atv\u0113rumi \u0113rtai un stresa br\u012bvai dz\u012bvnieka ievieto\u0161anai    Iztur l\u012bdz 12 kg \u2013 ietilp\u012bgs ka\u0137iem un maziem l\u012bdz vid\u0113jiem su\u0146iem    Ventil\u0113ts un \u0113rts \u2013 elpojo\u0161i sieta pane\u013ci gaisa cirkul\u0101cijai    Ce\u013cojumiem gatavs \u2013 viegls ar ergonomisk\u0101m roktura cilp\u0101m   Svars: 1260 gIzm\u0113ri: 48 \u00d7 31,5 \u00d7 31 cmMateri\u0101ls: PP","og_url":"https:\/\/miumjau.ee\/lv\/produkts\/parvadasanas-buris-skudo-1-48x315x31-cm-lidz-12-kg\/","og_site_name":"MiuMjau","article_publisher":"https:\/\/www.facebook.com\/miumjaupood\/","article_modified_time":"2026-01-07T19:21:20+00:00","og_image":[{"width":600,"height":800,"url":"https:\/\/miumjau.ee\/wp-content\/uploads\/2025\/10\/kandepuur-skudo1-grey-1.jpg","type":"image\/jpeg"}],"twitter_card":"summary_large_image","schema":{"@context":"https:\/\/schema.org","@graph":[{"@type":"WebPage","@id":"https:\/\/miumjau.ee\/lv\/produkts\/parvadasanas-buris-skudo-1-48x315x31-cm-lidz-12-kg\/","url":"https:\/\/miumjau.ee\/lv\/produkts\/parvadasanas-buris-skudo-1-48x315x31-cm-lidz-12-kg\/","name":"P\u0101rvad\u0101\u0161anas b\u016bris Skudo 1, 48x31,5x31 cm, l\u012bdz 12 kg - MiuMjau","isPartOf":{"@id":"https:\/\/miumjau.ee\/#website"},"primaryImageOfPage":{"@id":"https:\/\/miumjau.ee\/lv\/produkts\/parvadasanas-buris-skudo-1-48x315x31-cm-lidz-12-kg\/#primaryimage"},"image":{"@id":"https:\/\/miumjau.ee\/lv\/produkts\/parvadasanas-buris-skudo-1-48x315x31-cm-lidz-12-kg\/#primaryimage"},"thumbnailUrl":"https:\/\/miumjau.ee\/wp-content\/uploads\/2025\/10\/kandepuur-skudo1-grey-1.jpg","datePublished":"2025-10-05T11:50:36+00:00","dateModified":"2026-01-07T19:21:20+00:00","breadcrumb":{"@id":"https:\/\/miumjau.ee\/lv\/produkts\/parvadasanas-buris-skudo-1-48x315x31-cm-lidz-12-kg\/#breadcrumb"},"inLanguage":"lv-LV","potentialAction":[{"@type":"ReadAction","target":["https:\/\/miumjau.ee\/lv\/produkts\/parvadasanas-buris-skudo-1-48x315x31-cm-lidz-12-kg\/"]}]},{"@type":"ImageObject","inLanguage":"lv-LV","@id":"https:\/\/miumjau.ee\/lv\/produkts\/parvadasanas-buris-skudo-1-48x315x31-cm-lidz-12-kg\/#primaryimage","url":"https:\/\/miumjau.ee\/wp-content\/uploads\/2025\/10\/kandepuur-skudo1-grey-1.jpg","contentUrl":"https:\/\/miumjau.ee\/wp-content\/uploads\/2025\/10\/kandepuur-skudo1-grey-1.jpg","width":600,"height":800},{"@type":"BreadcrumbList","@id":"https:\/\/miumjau.ee\/lv\/produkts\/parvadasanas-buris-skudo-1-48x315x31-cm-lidz-12-kg\/#breadcrumb","itemListElement":[{"@type":"ListItem","position":1,"name":"Home","item":"https:\/\/miumjau.ee\/lv\/"},{"@type":"ListItem","position":2,"name":"Veikals","item":"https:\/\/miumjau.ee\/lv\/veikals\/"},{"@type":"ListItem","position":3,"name":"P\u0101rvad\u0101\u0161anas b\u016bris Skudo 1, 48&#215;31,5&#215;31 cm, l\u012bdz 12 kg"}]},{"@type":"WebSite","@id":"https:\/\/miumjau.ee\/#website","url":"https:\/\/miumjau.ee\/","name":"MiuMjau","description":"Kraapimispuud kassidele","publisher":{"@id":"https:\/\/miumjau.ee\/#organization"},"potentialAction":[{"@type":"SearchAction","target":{"@type":"EntryPoint","urlTemplate":"https:\/\/miumjau.ee\/?s={search_term_string}"},"query-input":{"@type":"PropertyValueSpecification","valueRequired":true,"valueName":"search_term_string"}}],"inLanguage":"lv-LV"},{"@type":"Organization","@id":"https:\/\/miumjau.ee\/#organization","name":"MiuMjau O\u00dc","url":"https:\/\/miumjau.ee\/","logo":{"@type":"ImageObject","inLanguage":"lv-LV","@id":"https:\/\/miumjau.ee\/#\/schema\/logo\/image\/","url":"https:\/\/miumjau.ee\/wp-content\/uploads\/2022\/04\/MiuMjau-logo-kollane.png","contentUrl":"https:\/\/miumjau.ee\/wp-content\/uploads\/2022\/04\/MiuMjau-logo-kollane.png","width":219,"height":100,"caption":"MiuMjau O\u00dc"},"image":{"@id":"https:\/\/miumjau.ee\/#\/schema\/logo\/image\/"},"sameAs":["https:\/\/www.facebook.com\/miumjaupood\/"]}]}},"_links":{"self":[{"href":"https:\/\/miumjau.ee\/lv\/wp-json\/wp\/v2\/product\/47656","targetHints":{"allow":["GET"]}}],"collection":[{"href":"https:\/\/miumjau.ee\/lv\/wp-json\/wp\/v2\/product"}],"about":[{"href":"https:\/\/miumjau.ee\/lv\/wp-json\/wp\/v2\/types\/product"}],"wp:featuredmedia":[{"embeddable":true,"href":"https:\/\/miumjau.ee\/lv\/wp-json\/wp\/v2\/media\/47657"}],"wp:attachment":[{"href":"https:\/\/miumjau.ee\/lv\/wp-json\/wp\/v2\/media?parent=47656"}],"wp:term":[{"taxonomy":"product_brand","embeddable":true,"href":"https:\/\/miumjau.ee\/lv\/wp-json\/wp\/v2\/product_brand?post=47656"},{"taxonomy":"product_cat","embeddable":true,"href":"https:\/\/miumjau.ee\/lv\/wp-json\/wp\/v2\/product_cat?post=47656"},{"taxonomy":"product_tag","embeddable":true,"href":"https:\/\/miumjau.ee\/lv\/wp-json\/wp\/v2\/product_tag?post=47656"}],"curies":[{"name":"wp","href":"https:\/\/api.w.org\/{rel}","templated":true}]}}