{"id":47645,"date":"2025-10-05T14:22:40","date_gmt":"2025-10-05T11:22:40","guid":{"rendered":"https:\/\/miumjau.ee\/toode\/suna-gulvieta-lagoon-s-lidz-5-kg-sunim\/"},"modified":"2026-01-07T21:21:27","modified_gmt":"2026-01-07T19:21:27","slug":"suna-gulvieta-lagoon-s-lidz-5-kg-sunim","status":"publish","type":"product","link":"https:\/\/miumjau.ee\/lv\/produkts\/suna-gulvieta-lagoon-s-lidz-5-kg-sunim\/","title":{"rendered":"Su\u0146a gu\u013cvieta Lagoon S, l\u012bdz 5 kg sunim"},"content":{"rendered":"","protected":false},"excerpt":{"rendered":"<ul data-start=\"114\" data-end=\"590\">\n<li data-start=\"114\" data-end=\"208\">\n<p data-start=\"116\" data-end=\"208\">Viegli t\u012br\u0101ms un \u0113rts \u2013 no\u0146emams p\u0101rvalks ar r\u0101v\u0113jsl\u0113dz\u0113ju, viegli mazg\u0101jams ve\u013cas ma\u0161\u012bn\u0101.<\/p>\n<\/li>\n<li data-start=\"209\" data-end=\"288\">\n<p data-start=\"211\" data-end=\"288\">\u013boti m\u012bksts un pl\u012b\u0161a \u2013 100% poliestera pild\u012bjums m\u0101ko\u0146a m\u012bkstuma komfortam.<\/p>\n<\/li>\n<li data-start=\"289\" data-end=\"377\">\n<p data-start=\"291\" data-end=\"377\">Ide\u0101li piem\u0113rots visiem m\u0101jdz\u012bvniekiem \u2013 lieliski piem\u0113rots ka\u0137iem un maziem su\u0146iem.<\/p>\n<\/li>\n<li data-start=\"378\" data-end=\"460\">\n<p data-start=\"380\" data-end=\"460\">Higi\u0113nisks un svaigs \u2013 mazg\u0101jama konstrukcija uztur gultu t\u012bru un bez smar\u017eas.<\/p>\n<\/li>\n<li data-start=\"461\" data-end=\"539\">\n<p data-start=\"463\" data-end=\"539\">Daudzveid\u012bga izmanto\u0161ana \u2013 lieliski der b\u016bros, uz d\u012bv\u0101niem vai ce\u013cojumiem.<\/p>\n<\/li>\n<li data-start=\"540\" data-end=\"590\">\n<p data-start=\"542\" data-end=\"590\">M\u0101j\u012bgs un \u0113rts \u2013 piem\u0113rots mazu \u0161\u0137ir\u0146u su\u0146iem.<\/p>\n<\/li>\n<\/ul>\n<p data-start=\"592\" data-end=\"763\"><strong data-start=\"592\" data-end=\"602\">Svars:<\/strong> 540 g<br data-start=\"608\" data-end=\"611\" \/><strong data-start=\"611\" data-end=\"629\">\u0100r\u0113jie izm\u0113ri:<\/strong> 44 \u00d7 37 \u00d7 15 cm<br data-start=\"645\" data-end=\"648\" \/><strong data-start=\"648\" data-end=\"668\">Iek\u0161\u0113jie izm\u0113ri:<\/strong> 36 \u00d7 29 \u00d7 12 cm<br data-start=\"684\" data-end=\"687\" \/><strong data-start=\"687\" data-end=\"718\">Atbilsto\u0161s dz\u012bvnieka svars:<\/strong> l\u012bdz 5 kg<br data-start=\"728\" data-end=\"731\" \/><strong data-start=\"731\" data-end=\"745\">Materi\u0101ls:<\/strong> 100% poliesters<\/p>\n","protected":false},"featured_media":47639,"template":"","meta":[],"product_brand":[],"product_cat":[857],"product_tag":[],"class_list":{"0":"post-47645","1":"product","2":"type-product","3":"status-publish","4":"has-post-thumbnail","6":"product_cat-gultas-paklaji-gulammaisi","8":"first","9":"instock","10":"sale","11":"taxable","12":"shipping-taxable","13":"purchasable","14":"product-type-simple"},"yoast_head":"<!-- This site is optimized with the Yoast SEO plugin v27.4 - https:\/\/yoast.com\/product\/yoast-seo-wordpress\/ -->\n<title>Su\u0146a gu\u013cvieta Lagoon S, l\u012bdz 5 kg sunim - MiuMjau<\/title>\n<meta name=\"robots\" content=\"index, follow, max-snippet:-1, max-image-preview:large, max-video-preview:-1\" \/>\n<link rel=\"canonical\" href=\"https:\/\/miumjau.ee\/lv\/produkts\/suna-gulvieta-lagoon-s-lidz-5-kg-sunim\/\" \/>\n<meta property=\"og:locale\" content=\"lv_LV\" \/>\n<meta property=\"og:type\" content=\"article\" \/>\n<meta property=\"og:title\" content=\"Su\u0146a gu\u013cvieta Lagoon S, l\u012bdz 5 kg sunim - MiuMjau\" \/>\n<meta property=\"og:description\" content=\"Viegli t\u012br\u0101ms un \u0113rts \u2013 no\u0146emams p\u0101rvalks ar r\u0101v\u0113jsl\u0113dz\u0113ju, viegli mazg\u0101jams ve\u013cas ma\u0161\u012bn\u0101.    \u013boti m\u012bksts un pl\u012b\u0161a \u2013 100% poliestera pild\u012bjums m\u0101ko\u0146a m\u012bkstuma komfortam.    Ide\u0101li piem\u0113rots visiem m\u0101jdz\u012bvniekiem \u2013 lieliski piem\u0113rots ka\u0137iem un maziem su\u0146iem.    Higi\u0113nisks un svaigs \u2013 mazg\u0101jama konstrukcija uztur gultu t\u012bru un bez smar\u017eas.    Daudzveid\u012bga izmanto\u0161ana \u2013 lieliski der b\u016bros, uz d\u012bv\u0101niem vai ce\u013cojumiem.    M\u0101j\u012bgs un \u0113rts \u2013 piem\u0113rots mazu \u0161\u0137ir\u0146u su\u0146iem.   Svars: 540 g\u0100r\u0113jie izm\u0113ri: 44 \u00d7 37 \u00d7 15 cmIek\u0161\u0113jie izm\u0113ri: 36 \u00d7 29 \u00d7 12 cmAtbilsto\u0161s dz\u012bvnieka svars: l\u012bdz 5 kgMateri\u0101ls: 100% poliesters\" \/>\n<meta property=\"og:url\" content=\"https:\/\/miumjau.ee\/lv\/produkts\/suna-gulvieta-lagoon-s-lidz-5-kg-sunim\/\" \/>\n<meta property=\"og:site_name\" content=\"MiuMjau\" \/>\n<meta property=\"article:publisher\" content=\"https:\/\/www.facebook.com\/miumjaupood\/\" \/>\n<meta property=\"article:modified_time\" content=\"2026-01-07T19:21:27+00:00\" \/>\n<meta property=\"og:image\" content=\"https:\/\/miumjau.ee\/wp-content\/uploads\/2025\/10\/pes-KOERALE-lagoon-5.jpg\" \/>\n\t<meta property=\"og:image:width\" content=\"600\" \/>\n\t<meta property=\"og:image:height\" content=\"800\" \/>\n\t<meta property=\"og:image:type\" content=\"image\/jpeg\" \/>\n<meta name=\"twitter:card\" content=\"summary_large_image\" \/>\n<script type=\"application\/ld+json\" class=\"yoast-schema-graph\">{\"@context\":\"https:\\\/\\\/schema.org\",\"@graph\":[{\"@type\":\"WebPage\",\"@id\":\"https:\\\/\\\/miumjau.ee\\\/lv\\\/produkts\\\/suna-gulvieta-lagoon-s-lidz-5-kg-sunim\\\/\",\"url\":\"https:\\\/\\\/miumjau.ee\\\/lv\\\/produkts\\\/suna-gulvieta-lagoon-s-lidz-5-kg-sunim\\\/\",\"name\":\"Su\u0146a gu\u013cvieta Lagoon S, l\u012bdz 5 kg sunim - MiuMjau\",\"isPartOf\":{\"@id\":\"https:\\\/\\\/miumjau.ee\\\/#website\"},\"primaryImageOfPage\":{\"@id\":\"https:\\\/\\\/miumjau.ee\\\/lv\\\/produkts\\\/suna-gulvieta-lagoon-s-lidz-5-kg-sunim\\\/#primaryimage\"},\"image\":{\"@id\":\"https:\\\/\\\/miumjau.ee\\\/lv\\\/produkts\\\/suna-gulvieta-lagoon-s-lidz-5-kg-sunim\\\/#primaryimage\"},\"thumbnailUrl\":\"https:\\\/\\\/miumjau.ee\\\/wp-content\\\/uploads\\\/2025\\\/10\\\/pes-KOERALE-lagoon-5.jpg\",\"datePublished\":\"2025-10-05T11:22:40+00:00\",\"dateModified\":\"2026-01-07T19:21:27+00:00\",\"breadcrumb\":{\"@id\":\"https:\\\/\\\/miumjau.ee\\\/lv\\\/produkts\\\/suna-gulvieta-lagoon-s-lidz-5-kg-sunim\\\/#breadcrumb\"},\"inLanguage\":\"lv-LV\",\"potentialAction\":[{\"@type\":\"ReadAction\",\"target\":[\"https:\\\/\\\/miumjau.ee\\\/lv\\\/produkts\\\/suna-gulvieta-lagoon-s-lidz-5-kg-sunim\\\/\"]}]},{\"@type\":\"ImageObject\",\"inLanguage\":\"lv-LV\",\"@id\":\"https:\\\/\\\/miumjau.ee\\\/lv\\\/produkts\\\/suna-gulvieta-lagoon-s-lidz-5-kg-sunim\\\/#primaryimage\",\"url\":\"https:\\\/\\\/miumjau.ee\\\/wp-content\\\/uploads\\\/2025\\\/10\\\/pes-KOERALE-lagoon-5.jpg\",\"contentUrl\":\"https:\\\/\\\/miumjau.ee\\\/wp-content\\\/uploads\\\/2025\\\/10\\\/pes-KOERALE-lagoon-5.jpg\",\"width\":600,\"height\":800},{\"@type\":\"BreadcrumbList\",\"@id\":\"https:\\\/\\\/miumjau.ee\\\/lv\\\/produkts\\\/suna-gulvieta-lagoon-s-lidz-5-kg-sunim\\\/#breadcrumb\",\"itemListElement\":[{\"@type\":\"ListItem\",\"position\":1,\"name\":\"Home\",\"item\":\"https:\\\/\\\/miumjau.ee\\\/lv\\\/\"},{\"@type\":\"ListItem\",\"position\":2,\"name\":\"Veikals\",\"item\":\"https:\\\/\\\/miumjau.ee\\\/lv\\\/veikals\\\/\"},{\"@type\":\"ListItem\",\"position\":3,\"name\":\"Su\u0146a gu\u013cvieta Lagoon S, l\u012bdz 5 kg sunim\"}]},{\"@type\":\"WebSite\",\"@id\":\"https:\\\/\\\/miumjau.ee\\\/#website\",\"url\":\"https:\\\/\\\/miumjau.ee\\\/\",\"name\":\"MiuMjau\",\"description\":\"Kraapimispuud kassidele\",\"publisher\":{\"@id\":\"https:\\\/\\\/miumjau.ee\\\/#organization\"},\"potentialAction\":[{\"@type\":\"SearchAction\",\"target\":{\"@type\":\"EntryPoint\",\"urlTemplate\":\"https:\\\/\\\/miumjau.ee\\\/?s={search_term_string}\"},\"query-input\":{\"@type\":\"PropertyValueSpecification\",\"valueRequired\":true,\"valueName\":\"search_term_string\"}}],\"inLanguage\":\"lv-LV\"},{\"@type\":\"Organization\",\"@id\":\"https:\\\/\\\/miumjau.ee\\\/#organization\",\"name\":\"MiuMjau O\u00dc\",\"url\":\"https:\\\/\\\/miumjau.ee\\\/\",\"logo\":{\"@type\":\"ImageObject\",\"inLanguage\":\"lv-LV\",\"@id\":\"https:\\\/\\\/miumjau.ee\\\/#\\\/schema\\\/logo\\\/image\\\/\",\"url\":\"https:\\\/\\\/miumjau.ee\\\/wp-content\\\/uploads\\\/2022\\\/04\\\/MiuMjau-logo-kollane.png\",\"contentUrl\":\"https:\\\/\\\/miumjau.ee\\\/wp-content\\\/uploads\\\/2022\\\/04\\\/MiuMjau-logo-kollane.png\",\"width\":219,\"height\":100,\"caption\":\"MiuMjau O\u00dc\"},\"image\":{\"@id\":\"https:\\\/\\\/miumjau.ee\\\/#\\\/schema\\\/logo\\\/image\\\/\"},\"sameAs\":[\"https:\\\/\\\/www.facebook.com\\\/miumjaupood\\\/\"]}]}<\/script>\n<!-- \/ Yoast SEO plugin. -->","yoast_head_json":{"title":"Su\u0146a gu\u013cvieta Lagoon S, l\u012bdz 5 kg sunim - MiuMjau","robots":{"index":"index","follow":"follow","max-snippet":"max-snippet:-1","max-image-preview":"max-image-preview:large","max-video-preview":"max-video-preview:-1"},"canonical":"https:\/\/miumjau.ee\/lv\/produkts\/suna-gulvieta-lagoon-s-lidz-5-kg-sunim\/","og_locale":"lv_LV","og_type":"article","og_title":"Su\u0146a gu\u013cvieta Lagoon S, l\u012bdz 5 kg sunim - MiuMjau","og_description":"Viegli t\u012br\u0101ms un \u0113rts \u2013 no\u0146emams p\u0101rvalks ar r\u0101v\u0113jsl\u0113dz\u0113ju, viegli mazg\u0101jams ve\u013cas ma\u0161\u012bn\u0101.    \u013boti m\u012bksts un pl\u012b\u0161a \u2013 100% poliestera pild\u012bjums m\u0101ko\u0146a m\u012bkstuma komfortam.    Ide\u0101li piem\u0113rots visiem m\u0101jdz\u012bvniekiem \u2013 lieliski piem\u0113rots ka\u0137iem un maziem su\u0146iem.    Higi\u0113nisks un svaigs \u2013 mazg\u0101jama konstrukcija uztur gultu t\u012bru un bez smar\u017eas.    Daudzveid\u012bga izmanto\u0161ana \u2013 lieliski der b\u016bros, uz d\u012bv\u0101niem vai ce\u013cojumiem.    M\u0101j\u012bgs un \u0113rts \u2013 piem\u0113rots mazu \u0161\u0137ir\u0146u su\u0146iem.   Svars: 540 g\u0100r\u0113jie izm\u0113ri: 44 \u00d7 37 \u00d7 15 cmIek\u0161\u0113jie izm\u0113ri: 36 \u00d7 29 \u00d7 12 cmAtbilsto\u0161s dz\u012bvnieka svars: l\u012bdz 5 kgMateri\u0101ls: 100% poliesters","og_url":"https:\/\/miumjau.ee\/lv\/produkts\/suna-gulvieta-lagoon-s-lidz-5-kg-sunim\/","og_site_name":"MiuMjau","article_publisher":"https:\/\/www.facebook.com\/miumjaupood\/","article_modified_time":"2026-01-07T19:21:27+00:00","og_image":[{"width":600,"height":800,"url":"https:\/\/miumjau.ee\/wp-content\/uploads\/2025\/10\/pes-KOERALE-lagoon-5.jpg","type":"image\/jpeg"}],"twitter_card":"summary_large_image","schema":{"@context":"https:\/\/schema.org","@graph":[{"@type":"WebPage","@id":"https:\/\/miumjau.ee\/lv\/produkts\/suna-gulvieta-lagoon-s-lidz-5-kg-sunim\/","url":"https:\/\/miumjau.ee\/lv\/produkts\/suna-gulvieta-lagoon-s-lidz-5-kg-sunim\/","name":"Su\u0146a gu\u013cvieta Lagoon S, l\u012bdz 5 kg sunim - MiuMjau","isPartOf":{"@id":"https:\/\/miumjau.ee\/#website"},"primaryImageOfPage":{"@id":"https:\/\/miumjau.ee\/lv\/produkts\/suna-gulvieta-lagoon-s-lidz-5-kg-sunim\/#primaryimage"},"image":{"@id":"https:\/\/miumjau.ee\/lv\/produkts\/suna-gulvieta-lagoon-s-lidz-5-kg-sunim\/#primaryimage"},"thumbnailUrl":"https:\/\/miumjau.ee\/wp-content\/uploads\/2025\/10\/pes-KOERALE-lagoon-5.jpg","datePublished":"2025-10-05T11:22:40+00:00","dateModified":"2026-01-07T19:21:27+00:00","breadcrumb":{"@id":"https:\/\/miumjau.ee\/lv\/produkts\/suna-gulvieta-lagoon-s-lidz-5-kg-sunim\/#breadcrumb"},"inLanguage":"lv-LV","potentialAction":[{"@type":"ReadAction","target":["https:\/\/miumjau.ee\/lv\/produkts\/suna-gulvieta-lagoon-s-lidz-5-kg-sunim\/"]}]},{"@type":"ImageObject","inLanguage":"lv-LV","@id":"https:\/\/miumjau.ee\/lv\/produkts\/suna-gulvieta-lagoon-s-lidz-5-kg-sunim\/#primaryimage","url":"https:\/\/miumjau.ee\/wp-content\/uploads\/2025\/10\/pes-KOERALE-lagoon-5.jpg","contentUrl":"https:\/\/miumjau.ee\/wp-content\/uploads\/2025\/10\/pes-KOERALE-lagoon-5.jpg","width":600,"height":800},{"@type":"BreadcrumbList","@id":"https:\/\/miumjau.ee\/lv\/produkts\/suna-gulvieta-lagoon-s-lidz-5-kg-sunim\/#breadcrumb","itemListElement":[{"@type":"ListItem","position":1,"name":"Home","item":"https:\/\/miumjau.ee\/lv\/"},{"@type":"ListItem","position":2,"name":"Veikals","item":"https:\/\/miumjau.ee\/lv\/veikals\/"},{"@type":"ListItem","position":3,"name":"Su\u0146a gu\u013cvieta Lagoon S, l\u012bdz 5 kg sunim"}]},{"@type":"WebSite","@id":"https:\/\/miumjau.ee\/#website","url":"https:\/\/miumjau.ee\/","name":"MiuMjau","description":"Kraapimispuud kassidele","publisher":{"@id":"https:\/\/miumjau.ee\/#organization"},"potentialAction":[{"@type":"SearchAction","target":{"@type":"EntryPoint","urlTemplate":"https:\/\/miumjau.ee\/?s={search_term_string}"},"query-input":{"@type":"PropertyValueSpecification","valueRequired":true,"valueName":"search_term_string"}}],"inLanguage":"lv-LV"},{"@type":"Organization","@id":"https:\/\/miumjau.ee\/#organization","name":"MiuMjau O\u00dc","url":"https:\/\/miumjau.ee\/","logo":{"@type":"ImageObject","inLanguage":"lv-LV","@id":"https:\/\/miumjau.ee\/#\/schema\/logo\/image\/","url":"https:\/\/miumjau.ee\/wp-content\/uploads\/2022\/04\/MiuMjau-logo-kollane.png","contentUrl":"https:\/\/miumjau.ee\/wp-content\/uploads\/2022\/04\/MiuMjau-logo-kollane.png","width":219,"height":100,"caption":"MiuMjau O\u00dc"},"image":{"@id":"https:\/\/miumjau.ee\/#\/schema\/logo\/image\/"},"sameAs":["https:\/\/www.facebook.com\/miumjaupood\/"]}]}},"_links":{"self":[{"href":"https:\/\/miumjau.ee\/lv\/wp-json\/wp\/v2\/product\/47645","targetHints":{"allow":["GET"]}}],"collection":[{"href":"https:\/\/miumjau.ee\/lv\/wp-json\/wp\/v2\/product"}],"about":[{"href":"https:\/\/miumjau.ee\/lv\/wp-json\/wp\/v2\/types\/product"}],"wp:featuredmedia":[{"embeddable":true,"href":"https:\/\/miumjau.ee\/lv\/wp-json\/wp\/v2\/media\/47639"}],"wp:attachment":[{"href":"https:\/\/miumjau.ee\/lv\/wp-json\/wp\/v2\/media?parent=47645"}],"wp:term":[{"taxonomy":"product_brand","embeddable":true,"href":"https:\/\/miumjau.ee\/lv\/wp-json\/wp\/v2\/product_brand?post=47645"},{"taxonomy":"product_cat","embeddable":true,"href":"https:\/\/miumjau.ee\/lv\/wp-json\/wp\/v2\/product_cat?post=47645"},{"taxonomy":"product_tag","embeddable":true,"href":"https:\/\/miumjau.ee\/lv\/wp-json\/wp\/v2\/product_tag?post=47645"}],"curies":[{"name":"wp","href":"https:\/\/api.w.org\/{rel}","templated":true}]}}