{"id":47636,"date":"2025-10-05T14:11:58","date_gmt":"2025-10-05T11:11:58","guid":{"rendered":"https:\/\/miumjau.ee\/toode\/kakakoti-suniem-aromatizeti-8x-20-gab\/"},"modified":"2026-01-07T21:21:27","modified_gmt":"2026-01-07T19:21:27","slug":"kakakoti-suniem-aromatizeti-8x-20-gab","status":"publish","type":"product","link":"https:\/\/miumjau.ee\/lv\/produkts\/kakakoti-suniem-aromatizeti-8x-20-gab\/","title":{"rendered":"Kakakoti su\u0146iem aromatiz\u0113ti 8x 20 gab."},"content":{"rendered":"","protected":false},"excerpt":{"rendered":"<p data-start=\"113\" data-end=\"246\">Kak\u0101\u0161ana nav kauns, bet atst\u0101t iel\u0101s nav pie\u0146emami. \u0112rtas ru\u013c\u013cu maisi\u0146u k\u0101rbas, ko viegli ielikt kabat\u0101, gl\u0101bj no ne\u0113rt\u0101m situ\u0101cij\u0101m.<\/p>\n<ul data-start=\"248\" data-end=\"648\">\n<li data-start=\"248\" data-end=\"271\">\n<p data-start=\"250\" data-end=\"271\">Arom\u0101ts: Sea Breeze<\/p>\n<\/li>\n<li data-start=\"272\" data-end=\"321\">\n<p data-start=\"274\" data-end=\"321\">Biezums: 11 \u00b5m \u2013 piem\u0113rots ikdienas pastaig\u0101m<\/p>\n<\/li>\n<li data-start=\"322\" data-end=\"385\">\n<p data-start=\"324\" data-end=\"385\">Pl\u0113\u0161anas iztur\u012bgs \u2013 nerada putru, sav\u0101cot su\u0146a ekskrementus<\/p>\n<\/li>\n<li data-start=\"386\" data-end=\"478\">\n<p data-start=\"388\" data-end=\"478\">Viegls un kompakts \u2013 \u0113rti ievietojams kabat\u0101s, dozatoros vai tur\u0113t\u0101jos ar stiprin\u0101jumiem<\/p>\n<\/li>\n<li data-start=\"479\" data-end=\"530\">\n<p data-start=\"481\" data-end=\"530\">Kompakti ru\u013c\u013ci \u2013 Piem\u0113roti standarta dozatoriem<\/p>\n<\/li>\n<li data-start=\"531\" data-end=\"552\">\n<p data-start=\"533\" data-end=\"552\">Kop\u0101: 160 maisi\u0146u<\/p>\n<\/li>\n<li data-start=\"553\" data-end=\"648\">\n<p data-start=\"555\" data-end=\"648\">Daudzfunkcion\u0101ls \u2013 Ide\u0101li piem\u0113rots ar\u012b autokr\u0113sliem, smil\u0161u kastes t\u012br\u012b\u0161anai un ce\u013cojumiem<\/p>\n<\/li>\n<\/ul>\n<p data-start=\"650\" data-end=\"715\"><strong data-start=\"650\" data-end=\"660\">Svars:<\/strong> 270 g<br data-start=\"666\" data-end=\"669\" \/><strong data-start=\"669\" data-end=\"680\">Izm\u0113ri:<\/strong> 33 \u00d7 23 cm<br data-start=\"691\" data-end=\"694\" \/><strong data-start=\"694\" data-end=\"708\">Materi\u0101ls:<\/strong> HDPE<\/p>\n","protected":false},"featured_media":44917,"template":"","meta":[],"product_brand":[],"product_cat":[560],"product_tag":[],"class_list":{"0":"post-47636","1":"product","2":"type-product","3":"status-publish","4":"has-post-thumbnail","6":"product_cat-kopsanas-lidzekli-suniem","8":"first","9":"instock","10":"taxable","11":"shipping-taxable","12":"purchasable","13":"product-type-simple"},"yoast_head":"<!-- This site is optimized with the Yoast SEO plugin v27.2 - https:\/\/yoast.com\/product\/yoast-seo-wordpress\/ -->\n<title>Kakakoti su\u0146iem aromatiz\u0113ti 8x 20 gab. - MiuMjau<\/title>\n<meta name=\"robots\" content=\"index, follow, max-snippet:-1, max-image-preview:large, max-video-preview:-1\" \/>\n<link rel=\"canonical\" href=\"https:\/\/miumjau.ee\/lv\/produkts\/kakakoti-suniem-aromatizeti-8x-20-gab\/\" \/>\n<meta property=\"og:locale\" content=\"lv_LV\" \/>\n<meta property=\"og:type\" content=\"article\" \/>\n<meta property=\"og:title\" content=\"Kakakoti su\u0146iem aromatiz\u0113ti 8x 20 gab. - MiuMjau\" \/>\n<meta property=\"og:description\" content=\"Kak\u0101\u0161ana nav kauns, bet atst\u0101t iel\u0101s nav pie\u0146emami. \u0112rtas ru\u013c\u013cu maisi\u0146u k\u0101rbas, ko viegli ielikt kabat\u0101, gl\u0101bj no ne\u0113rt\u0101m situ\u0101cij\u0101m.     Arom\u0101ts: Sea Breeze    Biezums: 11 \u00b5m \u2013 piem\u0113rots ikdienas pastaig\u0101m    Pl\u0113\u0161anas iztur\u012bgs \u2013 nerada putru, sav\u0101cot su\u0146a ekskrementus    Viegls un kompakts \u2013 \u0113rti ievietojams kabat\u0101s, dozatoros vai tur\u0113t\u0101jos ar stiprin\u0101jumiem    Kompakti ru\u013c\u013ci \u2013 Piem\u0113roti standarta dozatoriem    Kop\u0101: 160 maisi\u0146u    Daudzfunkcion\u0101ls \u2013 Ide\u0101li piem\u0113rots ar\u012b autokr\u0113sliem, smil\u0161u kastes t\u012br\u012b\u0161anai un ce\u013cojumiem   Svars: 270 gIzm\u0113ri: 33 \u00d7 23 cmMateri\u0101ls: HDPE\" \/>\n<meta property=\"og:url\" content=\"https:\/\/miumjau.ee\/lv\/produkts\/kakakoti-suniem-aromatizeti-8x-20-gab\/\" \/>\n<meta property=\"og:site_name\" content=\"MiuMjau\" \/>\n<meta property=\"article:publisher\" content=\"https:\/\/www.facebook.com\/miumjaupood\/\" \/>\n<meta property=\"article:modified_time\" content=\"2026-01-07T19:21:27+00:00\" \/>\n<meta property=\"og:image\" content=\"https:\/\/miumjau.ee\/wp-content\/uploads\/2025\/10\/kakakotid-lohnastatud.jpg\" \/>\n\t<meta property=\"og:image:width\" content=\"600\" \/>\n\t<meta property=\"og:image:height\" content=\"800\" \/>\n\t<meta property=\"og:image:type\" content=\"image\/jpeg\" \/>\n<meta name=\"twitter:card\" content=\"summary_large_image\" \/>\n<script type=\"application\/ld+json\" class=\"yoast-schema-graph\">{\"@context\":\"https:\/\/schema.org\",\"@graph\":[{\"@type\":\"WebPage\",\"@id\":\"https:\/\/miumjau.ee\/lv\/produkts\/kakakoti-suniem-aromatizeti-8x-20-gab\/\",\"url\":\"https:\/\/miumjau.ee\/lv\/produkts\/kakakoti-suniem-aromatizeti-8x-20-gab\/\",\"name\":\"Kakakoti su\u0146iem aromatiz\u0113ti 8x 20 gab. - MiuMjau\",\"isPartOf\":{\"@id\":\"https:\/\/miumjau.ee\/#website\"},\"primaryImageOfPage\":{\"@id\":\"https:\/\/miumjau.ee\/lv\/produkts\/kakakoti-suniem-aromatizeti-8x-20-gab\/#primaryimage\"},\"image\":{\"@id\":\"https:\/\/miumjau.ee\/lv\/produkts\/kakakoti-suniem-aromatizeti-8x-20-gab\/#primaryimage\"},\"thumbnailUrl\":\"https:\/\/miumjau.ee\/wp-content\/uploads\/2025\/10\/kakakotid-lohnastatud.jpg\",\"datePublished\":\"2025-10-05T11:11:58+00:00\",\"dateModified\":\"2026-01-07T19:21:27+00:00\",\"breadcrumb\":{\"@id\":\"https:\/\/miumjau.ee\/lv\/produkts\/kakakoti-suniem-aromatizeti-8x-20-gab\/#breadcrumb\"},\"inLanguage\":\"lv-LV\",\"potentialAction\":[{\"@type\":\"ReadAction\",\"target\":[\"https:\/\/miumjau.ee\/lv\/produkts\/kakakoti-suniem-aromatizeti-8x-20-gab\/\"]}]},{\"@type\":\"ImageObject\",\"inLanguage\":\"lv-LV\",\"@id\":\"https:\/\/miumjau.ee\/lv\/produkts\/kakakoti-suniem-aromatizeti-8x-20-gab\/#primaryimage\",\"url\":\"https:\/\/miumjau.ee\/wp-content\/uploads\/2025\/10\/kakakotid-lohnastatud.jpg\",\"contentUrl\":\"https:\/\/miumjau.ee\/wp-content\/uploads\/2025\/10\/kakakotid-lohnastatud.jpg\",\"width\":600,\"height\":800,\"caption\":\"Kakakotid koertele l\u00f5hnastatud 8x 20tk\"},{\"@type\":\"BreadcrumbList\",\"@id\":\"https:\/\/miumjau.ee\/lv\/produkts\/kakakoti-suniem-aromatizeti-8x-20-gab\/#breadcrumb\",\"itemListElement\":[{\"@type\":\"ListItem\",\"position\":1,\"name\":\"Home\",\"item\":\"https:\/\/miumjau.ee\/lv\/\"},{\"@type\":\"ListItem\",\"position\":2,\"name\":\"Veikals\",\"item\":\"https:\/\/miumjau.ee\/lv\/veikals\/\"},{\"@type\":\"ListItem\",\"position\":3,\"name\":\"Kakakoti su\u0146iem aromatiz\u0113ti 8x 20 gab.\"}]},{\"@type\":\"WebSite\",\"@id\":\"https:\/\/miumjau.ee\/#website\",\"url\":\"https:\/\/miumjau.ee\/\",\"name\":\"MiuMjau\",\"description\":\"Kraapimispuud kassidele\",\"publisher\":{\"@id\":\"https:\/\/miumjau.ee\/#organization\"},\"potentialAction\":[{\"@type\":\"SearchAction\",\"target\":{\"@type\":\"EntryPoint\",\"urlTemplate\":\"https:\/\/miumjau.ee\/?s={search_term_string}\"},\"query-input\":{\"@type\":\"PropertyValueSpecification\",\"valueRequired\":true,\"valueName\":\"search_term_string\"}}],\"inLanguage\":\"lv-LV\"},{\"@type\":\"Organization\",\"@id\":\"https:\/\/miumjau.ee\/#organization\",\"name\":\"MiuMjau O\u00dc\",\"url\":\"https:\/\/miumjau.ee\/\",\"logo\":{\"@type\":\"ImageObject\",\"inLanguage\":\"lv-LV\",\"@id\":\"https:\/\/miumjau.ee\/#\/schema\/logo\/image\/\",\"url\":\"https:\/\/miumjau.ee\/wp-content\/uploads\/2022\/04\/MiuMjau-logo-kollane.png\",\"contentUrl\":\"https:\/\/miumjau.ee\/wp-content\/uploads\/2022\/04\/MiuMjau-logo-kollane.png\",\"width\":219,\"height\":100,\"caption\":\"MiuMjau O\u00dc\"},\"image\":{\"@id\":\"https:\/\/miumjau.ee\/#\/schema\/logo\/image\/\"},\"sameAs\":[\"https:\/\/www.facebook.com\/miumjaupood\/\"]}]}<\/script>\n<!-- \/ Yoast SEO plugin. -->","yoast_head_json":{"title":"Kakakoti su\u0146iem aromatiz\u0113ti 8x 20 gab. - MiuMjau","robots":{"index":"index","follow":"follow","max-snippet":"max-snippet:-1","max-image-preview":"max-image-preview:large","max-video-preview":"max-video-preview:-1"},"canonical":"https:\/\/miumjau.ee\/lv\/produkts\/kakakoti-suniem-aromatizeti-8x-20-gab\/","og_locale":"lv_LV","og_type":"article","og_title":"Kakakoti su\u0146iem aromatiz\u0113ti 8x 20 gab. - MiuMjau","og_description":"Kak\u0101\u0161ana nav kauns, bet atst\u0101t iel\u0101s nav pie\u0146emami. \u0112rtas ru\u013c\u013cu maisi\u0146u k\u0101rbas, ko viegli ielikt kabat\u0101, gl\u0101bj no ne\u0113rt\u0101m situ\u0101cij\u0101m.     Arom\u0101ts: Sea Breeze    Biezums: 11 \u00b5m \u2013 piem\u0113rots ikdienas pastaig\u0101m    Pl\u0113\u0161anas iztur\u012bgs \u2013 nerada putru, sav\u0101cot su\u0146a ekskrementus    Viegls un kompakts \u2013 \u0113rti ievietojams kabat\u0101s, dozatoros vai tur\u0113t\u0101jos ar stiprin\u0101jumiem    Kompakti ru\u013c\u013ci \u2013 Piem\u0113roti standarta dozatoriem    Kop\u0101: 160 maisi\u0146u    Daudzfunkcion\u0101ls \u2013 Ide\u0101li piem\u0113rots ar\u012b autokr\u0113sliem, smil\u0161u kastes t\u012br\u012b\u0161anai un ce\u013cojumiem   Svars: 270 gIzm\u0113ri: 33 \u00d7 23 cmMateri\u0101ls: HDPE","og_url":"https:\/\/miumjau.ee\/lv\/produkts\/kakakoti-suniem-aromatizeti-8x-20-gab\/","og_site_name":"MiuMjau","article_publisher":"https:\/\/www.facebook.com\/miumjaupood\/","article_modified_time":"2026-01-07T19:21:27+00:00","og_image":[{"width":600,"height":800,"url":"https:\/\/miumjau.ee\/wp-content\/uploads\/2025\/10\/kakakotid-lohnastatud.jpg","type":"image\/jpeg"}],"twitter_card":"summary_large_image","schema":{"@context":"https:\/\/schema.org","@graph":[{"@type":"WebPage","@id":"https:\/\/miumjau.ee\/lv\/produkts\/kakakoti-suniem-aromatizeti-8x-20-gab\/","url":"https:\/\/miumjau.ee\/lv\/produkts\/kakakoti-suniem-aromatizeti-8x-20-gab\/","name":"Kakakoti su\u0146iem aromatiz\u0113ti 8x 20 gab. - MiuMjau","isPartOf":{"@id":"https:\/\/miumjau.ee\/#website"},"primaryImageOfPage":{"@id":"https:\/\/miumjau.ee\/lv\/produkts\/kakakoti-suniem-aromatizeti-8x-20-gab\/#primaryimage"},"image":{"@id":"https:\/\/miumjau.ee\/lv\/produkts\/kakakoti-suniem-aromatizeti-8x-20-gab\/#primaryimage"},"thumbnailUrl":"https:\/\/miumjau.ee\/wp-content\/uploads\/2025\/10\/kakakotid-lohnastatud.jpg","datePublished":"2025-10-05T11:11:58+00:00","dateModified":"2026-01-07T19:21:27+00:00","breadcrumb":{"@id":"https:\/\/miumjau.ee\/lv\/produkts\/kakakoti-suniem-aromatizeti-8x-20-gab\/#breadcrumb"},"inLanguage":"lv-LV","potentialAction":[{"@type":"ReadAction","target":["https:\/\/miumjau.ee\/lv\/produkts\/kakakoti-suniem-aromatizeti-8x-20-gab\/"]}]},{"@type":"ImageObject","inLanguage":"lv-LV","@id":"https:\/\/miumjau.ee\/lv\/produkts\/kakakoti-suniem-aromatizeti-8x-20-gab\/#primaryimage","url":"https:\/\/miumjau.ee\/wp-content\/uploads\/2025\/10\/kakakotid-lohnastatud.jpg","contentUrl":"https:\/\/miumjau.ee\/wp-content\/uploads\/2025\/10\/kakakotid-lohnastatud.jpg","width":600,"height":800,"caption":"Kakakotid koertele l\u00f5hnastatud 8x 20tk"},{"@type":"BreadcrumbList","@id":"https:\/\/miumjau.ee\/lv\/produkts\/kakakoti-suniem-aromatizeti-8x-20-gab\/#breadcrumb","itemListElement":[{"@type":"ListItem","position":1,"name":"Home","item":"https:\/\/miumjau.ee\/lv\/"},{"@type":"ListItem","position":2,"name":"Veikals","item":"https:\/\/miumjau.ee\/lv\/veikals\/"},{"@type":"ListItem","position":3,"name":"Kakakoti su\u0146iem aromatiz\u0113ti 8x 20 gab."}]},{"@type":"WebSite","@id":"https:\/\/miumjau.ee\/#website","url":"https:\/\/miumjau.ee\/","name":"MiuMjau","description":"Kraapimispuud kassidele","publisher":{"@id":"https:\/\/miumjau.ee\/#organization"},"potentialAction":[{"@type":"SearchAction","target":{"@type":"EntryPoint","urlTemplate":"https:\/\/miumjau.ee\/?s={search_term_string}"},"query-input":{"@type":"PropertyValueSpecification","valueRequired":true,"valueName":"search_term_string"}}],"inLanguage":"lv-LV"},{"@type":"Organization","@id":"https:\/\/miumjau.ee\/#organization","name":"MiuMjau O\u00dc","url":"https:\/\/miumjau.ee\/","logo":{"@type":"ImageObject","inLanguage":"lv-LV","@id":"https:\/\/miumjau.ee\/#\/schema\/logo\/image\/","url":"https:\/\/miumjau.ee\/wp-content\/uploads\/2022\/04\/MiuMjau-logo-kollane.png","contentUrl":"https:\/\/miumjau.ee\/wp-content\/uploads\/2022\/04\/MiuMjau-logo-kollane.png","width":219,"height":100,"caption":"MiuMjau O\u00dc"},"image":{"@id":"https:\/\/miumjau.ee\/#\/schema\/logo\/image\/"},"sameAs":["https:\/\/www.facebook.com\/miumjaupood\/"]}]}},"_links":{"self":[{"href":"https:\/\/miumjau.ee\/lv\/wp-json\/wp\/v2\/product\/47636","targetHints":{"allow":["GET"]}}],"collection":[{"href":"https:\/\/miumjau.ee\/lv\/wp-json\/wp\/v2\/product"}],"about":[{"href":"https:\/\/miumjau.ee\/lv\/wp-json\/wp\/v2\/types\/product"}],"wp:featuredmedia":[{"embeddable":true,"href":"https:\/\/miumjau.ee\/lv\/wp-json\/wp\/v2\/media\/44917"}],"wp:attachment":[{"href":"https:\/\/miumjau.ee\/lv\/wp-json\/wp\/v2\/media?parent=47636"}],"wp:term":[{"taxonomy":"product_brand","embeddable":true,"href":"https:\/\/miumjau.ee\/lv\/wp-json\/wp\/v2\/product_brand?post=47636"},{"taxonomy":"product_cat","embeddable":true,"href":"https:\/\/miumjau.ee\/lv\/wp-json\/wp\/v2\/product_cat?post=47636"},{"taxonomy":"product_tag","embeddable":true,"href":"https:\/\/miumjau.ee\/lv\/wp-json\/wp\/v2\/product_tag?post=47636"}],"curies":[{"name":"wp","href":"https:\/\/api.w.org\/{rel}","templated":true}]}}