{"id":47628,"date":"2025-10-05T15:13:45","date_gmt":"2025-10-05T12:13:45","guid":{"rendered":"https:\/\/miumjau.ee\/toode\/parvadasanas-soma-uniq-pets-petventure-43x25x33-cm-lidz-7-kg\/"},"modified":"2026-01-09T19:26:13","modified_gmt":"2026-01-09T17:26:13","slug":"parvadasanas-soma-uniq-pets-petventure-43x25x33-cm-lidz-7-kg","status":"publish","type":"product","link":"https:\/\/miumjau.ee\/lv\/produkts\/parvadasanas-soma-uniq-pets-petventure-43x25x33-cm-lidz-7-kg\/","title":{"rendered":"P\u0101rvad\u0101\u0161anas soma Uniq Pets Petventure 43x25x33 cm l\u012bdz 7 kg"},"content":{"rendered":"","protected":false},"excerpt":{"rendered":"<h3 data-start=\"135\" data-end=\"168\">1. TELPAS TAUP\u012a\u0160ANA DIZAINS<\/h3>\n<p data-start=\"169\" data-end=\"312\">\u2022 Kompakta, bet ietilp\u012bga \u2013 \u0112rti piem\u0113rota ka\u0137iem\/maziem su\u0146iem l\u012bdz 7 kg<br data-start=\"242\" data-end=\"245\" \/>\u2022 Aviokomp\u0101niju apstiprin\u0101tie izm\u0113ri \u2013 Iet zem lidma\u0161\u012bnas s\u0113dek\u013ca<\/p>\n<h3 data-start=\"314\" data-end=\"329\">2. \u0112RT\u012aBA<\/h3>\n<p data-start=\"330\" data-end=\"529\">\u2022 Sieta ventil\u0101cijas pane\u013ci \u2013 360\u00b0 gaisa cirkul\u0101cija (nekarst p\u0101rlieku)<br data-start=\"401\" data-end=\"404\" \/>\u2022 Polster\u0113ts interjers \u2013 No\u0146emama spilvena v\u0101ci\u0146\u0161 vieglai mazg\u0101\u0161anai<br data-start=\"472\" data-end=\"475\" \/>\u2022 Regul\u0113jami plecu siksnas \u2013 Vienm\u0113r\u012bga svara sadale<\/p>\n<h3 data-start=\"531\" data-end=\"559\">3. VIENK\u0100R\u0160A LIETO\u0160ANA<\/h3>\n<p data-start=\"560\" data-end=\"731\">\u2022 Priek\u0161\u0113j\u0101 ieeja \u2013 Stresa br\u012bva piek\u013cuve dz\u012bvniekam<br data-start=\"612\" data-end=\"615\" \/>\u2022 \u0100tr\u0101s saloc\u012b\u0161anas meh\u0101nisms \u2013 Uzst\u0101d\u0101ms 3 sekund\u0113s<br data-start=\"667\" data-end=\"670\" \/>\u2022 S\u0101nu kabatas \u2013 Gardumiem, pavadai vai atkritumu maisi\u0146iem<\/p>\n<h3 data-start=\"733\" data-end=\"763\">4. DRO\u0160\u012aBA PIRMAJ\u0100 VIET\u0100<\/h3>\n<p data-start=\"764\" data-end=\"922\">\u2022 Stipra siksnas spr\u0101dze \u2013 Nov\u0113r\u0161 izb\u0113g\u0161anas m\u0113\u0123in\u0101jumus<br data-start=\"820\" data-end=\"823\" \/>\u2022 Atstarojo\u0161i elementi \u2013 Redzam\u012bba nakt\u012b<br data-start=\"863\" data-end=\"866\" \/>\u2022 Iztur\u012bgs r\u0101mis \u2013 Aizsarg\u0101 pret nejau\u0161iem triecieniem<\/p>\n<h3 data-start=\"924\" data-end=\"952\">5. CE\u013bO\u0160ANAI DRAUDZ\u012aGS<\/h3>\n<p data-start=\"953\" data-end=\"1149\">\u2022 Atbilst TSA pras\u012bb\u0101m \u2013 Apstiprin\u0101ts rokas bag\u0101\u017eai<br data-start=\"1004\" data-end=\"1007\" \/>\u2022 Br\u012bvas rokas \u0113rt\u012bbai \u2013 Gatavs velobraucieniem, sabiedriskajam transportam, p\u0101rg\u0101jieniem<br data-start=\"1096\" data-end=\"1099\" \/>\u2022 Diskr\u0113ts stils \u2013 Izskat\u0101s k\u0101 parasts mugursoma<\/p>\n<h3 data-start=\"1151\" data-end=\"1188\">6. AUGSTAS KVALIT\u0100TES MATERI\u0100LI<\/h3>\n<p data-start=\"1189\" data-end=\"1352\">\u2022 \u016adensiztur\u012bgs poliesters \u2013 Viegls, bet iztur\u012bgs<br data-start=\"1238\" data-end=\"1241\" \/>\u2022 Met\u0101la r\u0101v\u0113jsl\u0113dz\u0113ji \u2013 Ko\u0161\u013c\u0101\u0161anas iztur\u012bgs pastiprin\u0101jums<br data-start=\"1300\" data-end=\"1303\" \/>\u2022 Nesl\u012bdo\u0161a pamatne \u2013 St\u0101v stabili, kad nolikts<\/p>\n<p data-start=\"1354\" data-end=\"1419\"><strong data-start=\"1354\" data-end=\"1364\">Svars:<\/strong> 820 g<br data-start=\"1370\" data-end=\"1373\" \/><strong data-start=\"1373\" data-end=\"1384\">Izm\u0113ri:<\/strong> 43x25x33 cm<br data-start=\"1396\" data-end=\"1399\" \/><strong data-start=\"1399\" data-end=\"1413\">Materi\u0101ls:<\/strong> PVC<\/p>\n","protected":false},"featured_media":44846,"template":"","meta":[],"product_brand":[],"product_cat":[594,579],"product_tag":[],"class_list":{"0":"post-47628","1":"product","2":"type-product","3":"status-publish","4":"has-post-thumbnail","6":"product_cat-parvadasanas-buri-somas","7":"product_cat-sunu-buri-un-parvadasanas-somas","9":"first","10":"instock","11":"taxable","12":"shipping-taxable","13":"purchasable","14":"product-type-simple"},"yoast_head":"<!-- This site is optimized with the Yoast SEO plugin v27.2 - https:\/\/yoast.com\/product\/yoast-seo-wordpress\/ -->\n<title>P\u0101rvad\u0101\u0161anas soma Uniq Pets Petventure 43x25x33 cm l\u012bdz 7 kg - MiuMjau<\/title>\n<meta name=\"robots\" content=\"index, follow, max-snippet:-1, max-image-preview:large, max-video-preview:-1\" \/>\n<link rel=\"canonical\" href=\"https:\/\/miumjau.ee\/lv\/produkts\/parvadasanas-soma-uniq-pets-petventure-43x25x33-cm-lidz-7-kg\/\" \/>\n<meta property=\"og:locale\" content=\"lv_LV\" \/>\n<meta property=\"og:type\" content=\"article\" \/>\n<meta property=\"og:title\" content=\"P\u0101rvad\u0101\u0161anas soma Uniq Pets Petventure 43x25x33 cm l\u012bdz 7 kg - MiuMjau\" \/>\n<meta property=\"og:description\" content=\"1. TELPAS TAUP\u012a\u0160ANA DIZAINS \u2022 Kompakta, bet ietilp\u012bga \u2013 \u0112rti piem\u0113rota ka\u0137iem\/maziem su\u0146iem l\u012bdz 7 kg\u2022 Aviokomp\u0101niju apstiprin\u0101tie izm\u0113ri \u2013 Iet zem lidma\u0161\u012bnas s\u0113dek\u013ca  2. \u0112RT\u012aBA \u2022 Sieta ventil\u0101cijas pane\u013ci \u2013 360\u00b0 gaisa cirkul\u0101cija (nekarst p\u0101rlieku)\u2022 Polster\u0113ts interjers \u2013 No\u0146emama spilvena v\u0101ci\u0146\u0161 vieglai mazg\u0101\u0161anai\u2022 Regul\u0113jami plecu siksnas \u2013 Vienm\u0113r\u012bga svara sadale  3. VIENK\u0100R\u0160A LIETO\u0160ANA \u2022 Priek\u0161\u0113j\u0101 ieeja \u2013 Stresa br\u012bva piek\u013cuve dz\u012bvniekam\u2022 \u0100tr\u0101s saloc\u012b\u0161anas meh\u0101nisms \u2013 Uzst\u0101d\u0101ms 3 sekund\u0113s\u2022 S\u0101nu kabatas \u2013 Gardumiem, pavadai vai atkritumu maisi\u0146iem  4. DRO\u0160\u012aBA PIRMAJ\u0100 VIET\u0100 \u2022 Stipra siksnas spr\u0101dze \u2013 Nov\u0113r\u0161 izb\u0113g\u0161anas m\u0113\u0123in\u0101jumus\u2022 Atstarojo\u0161i elementi \u2013 Redzam\u012bba nakt\u012b\u2022 Iztur\u012bgs r\u0101mis \u2013 Aizsarg\u0101 pret nejau\u0161iem triecieniem  5. CE\u013bO\u0160ANAI DRAUDZ\u012aGS \u2022 Atbilst TSA pras\u012bb\u0101m \u2013 Apstiprin\u0101ts rokas bag\u0101\u017eai\u2022 Br\u012bvas rokas \u0113rt\u012bbai \u2013 Gatavs velobraucieniem, sabiedriskajam transportam, p\u0101rg\u0101jieniem\u2022 Diskr\u0113ts stils \u2013 Izskat\u0101s k\u0101 parasts mugursoma  6. AUGSTAS KVALIT\u0100TES MATERI\u0100LI \u2022 \u016adensiztur\u012bgs poliesters \u2013 Viegls, bet iztur\u012bgs\u2022 Met\u0101la r\u0101v\u0113jsl\u0113dz\u0113ji \u2013 Ko\u0161\u013c\u0101\u0161anas iztur\u012bgs pastiprin\u0101jums\u2022 Nesl\u012bdo\u0161a pamatne \u2013 St\u0101v stabili, kad nolikts Svars: 820 gIzm\u0113ri: 43x25x33 cmMateri\u0101ls: PVC\" \/>\n<meta property=\"og:url\" content=\"https:\/\/miumjau.ee\/lv\/produkts\/parvadasanas-soma-uniq-pets-petventure-43x25x33-cm-lidz-7-kg\/\" \/>\n<meta property=\"og:site_name\" content=\"MiuMjau\" \/>\n<meta property=\"article:publisher\" content=\"https:\/\/www.facebook.com\/miumjaupood\/\" \/>\n<meta property=\"article:modified_time\" content=\"2026-01-09T17:26:13+00:00\" \/>\n<meta property=\"og:image\" content=\"https:\/\/miumjau.ee\/wp-content\/uploads\/2025\/10\/imagehandler-12.jpg\" \/>\n\t<meta property=\"og:image:width\" content=\"600\" \/>\n\t<meta property=\"og:image:height\" content=\"800\" \/>\n\t<meta property=\"og:image:type\" content=\"image\/jpeg\" \/>\n<meta name=\"twitter:card\" content=\"summary_large_image\" \/>\n<script type=\"application\/ld+json\" class=\"yoast-schema-graph\">{\"@context\":\"https:\/\/schema.org\",\"@graph\":[{\"@type\":\"WebPage\",\"@id\":\"https:\/\/miumjau.ee\/lv\/produkts\/parvadasanas-soma-uniq-pets-petventure-43x25x33-cm-lidz-7-kg\/\",\"url\":\"https:\/\/miumjau.ee\/lv\/produkts\/parvadasanas-soma-uniq-pets-petventure-43x25x33-cm-lidz-7-kg\/\",\"name\":\"P\u0101rvad\u0101\u0161anas soma Uniq Pets Petventure 43x25x33 cm l\u012bdz 7 kg - MiuMjau\",\"isPartOf\":{\"@id\":\"https:\/\/miumjau.ee\/#website\"},\"primaryImageOfPage\":{\"@id\":\"https:\/\/miumjau.ee\/lv\/produkts\/parvadasanas-soma-uniq-pets-petventure-43x25x33-cm-lidz-7-kg\/#primaryimage\"},\"image\":{\"@id\":\"https:\/\/miumjau.ee\/lv\/produkts\/parvadasanas-soma-uniq-pets-petventure-43x25x33-cm-lidz-7-kg\/#primaryimage\"},\"thumbnailUrl\":\"https:\/\/miumjau.ee\/wp-content\/uploads\/2025\/10\/imagehandler-12.jpg\",\"datePublished\":\"2025-10-05T12:13:45+00:00\",\"dateModified\":\"2026-01-09T17:26:13+00:00\",\"breadcrumb\":{\"@id\":\"https:\/\/miumjau.ee\/lv\/produkts\/parvadasanas-soma-uniq-pets-petventure-43x25x33-cm-lidz-7-kg\/#breadcrumb\"},\"inLanguage\":\"lv-LV\",\"potentialAction\":[{\"@type\":\"ReadAction\",\"target\":[\"https:\/\/miumjau.ee\/lv\/produkts\/parvadasanas-soma-uniq-pets-petventure-43x25x33-cm-lidz-7-kg\/\"]}]},{\"@type\":\"ImageObject\",\"inLanguage\":\"lv-LV\",\"@id\":\"https:\/\/miumjau.ee\/lv\/produkts\/parvadasanas-soma-uniq-pets-petventure-43x25x33-cm-lidz-7-kg\/#primaryimage\",\"url\":\"https:\/\/miumjau.ee\/wp-content\/uploads\/2025\/10\/imagehandler-12.jpg\",\"contentUrl\":\"https:\/\/miumjau.ee\/wp-content\/uploads\/2025\/10\/imagehandler-12.jpg\",\"width\":600,\"height\":800},{\"@type\":\"BreadcrumbList\",\"@id\":\"https:\/\/miumjau.ee\/lv\/produkts\/parvadasanas-soma-uniq-pets-petventure-43x25x33-cm-lidz-7-kg\/#breadcrumb\",\"itemListElement\":[{\"@type\":\"ListItem\",\"position\":1,\"name\":\"Home\",\"item\":\"https:\/\/miumjau.ee\/lv\/\"},{\"@type\":\"ListItem\",\"position\":2,\"name\":\"Veikals\",\"item\":\"https:\/\/miumjau.ee\/lv\/veikals\/\"},{\"@type\":\"ListItem\",\"position\":3,\"name\":\"P\u0101rvad\u0101\u0161anas soma Uniq Pets Petventure 43x25x33 cm l\u012bdz 7 kg\"}]},{\"@type\":\"WebSite\",\"@id\":\"https:\/\/miumjau.ee\/#website\",\"url\":\"https:\/\/miumjau.ee\/\",\"name\":\"MiuMjau\",\"description\":\"Kraapimispuud kassidele\",\"publisher\":{\"@id\":\"https:\/\/miumjau.ee\/#organization\"},\"potentialAction\":[{\"@type\":\"SearchAction\",\"target\":{\"@type\":\"EntryPoint\",\"urlTemplate\":\"https:\/\/miumjau.ee\/?s={search_term_string}\"},\"query-input\":{\"@type\":\"PropertyValueSpecification\",\"valueRequired\":true,\"valueName\":\"search_term_string\"}}],\"inLanguage\":\"lv-LV\"},{\"@type\":\"Organization\",\"@id\":\"https:\/\/miumjau.ee\/#organization\",\"name\":\"MiuMjau O\u00dc\",\"url\":\"https:\/\/miumjau.ee\/\",\"logo\":{\"@type\":\"ImageObject\",\"inLanguage\":\"lv-LV\",\"@id\":\"https:\/\/miumjau.ee\/#\/schema\/logo\/image\/\",\"url\":\"https:\/\/miumjau.ee\/wp-content\/uploads\/2022\/04\/MiuMjau-logo-kollane.png\",\"contentUrl\":\"https:\/\/miumjau.ee\/wp-content\/uploads\/2022\/04\/MiuMjau-logo-kollane.png\",\"width\":219,\"height\":100,\"caption\":\"MiuMjau O\u00dc\"},\"image\":{\"@id\":\"https:\/\/miumjau.ee\/#\/schema\/logo\/image\/\"},\"sameAs\":[\"https:\/\/www.facebook.com\/miumjaupood\/\"]}]}<\/script>\n<!-- \/ Yoast SEO plugin. -->","yoast_head_json":{"title":"P\u0101rvad\u0101\u0161anas soma Uniq Pets Petventure 43x25x33 cm l\u012bdz 7 kg - MiuMjau","robots":{"index":"index","follow":"follow","max-snippet":"max-snippet:-1","max-image-preview":"max-image-preview:large","max-video-preview":"max-video-preview:-1"},"canonical":"https:\/\/miumjau.ee\/lv\/produkts\/parvadasanas-soma-uniq-pets-petventure-43x25x33-cm-lidz-7-kg\/","og_locale":"lv_LV","og_type":"article","og_title":"P\u0101rvad\u0101\u0161anas soma Uniq Pets Petventure 43x25x33 cm l\u012bdz 7 kg - MiuMjau","og_description":"1. TELPAS TAUP\u012a\u0160ANA DIZAINS \u2022 Kompakta, bet ietilp\u012bga \u2013 \u0112rti piem\u0113rota ka\u0137iem\/maziem su\u0146iem l\u012bdz 7 kg\u2022 Aviokomp\u0101niju apstiprin\u0101tie izm\u0113ri \u2013 Iet zem lidma\u0161\u012bnas s\u0113dek\u013ca  2. \u0112RT\u012aBA \u2022 Sieta ventil\u0101cijas pane\u013ci \u2013 360\u00b0 gaisa cirkul\u0101cija (nekarst p\u0101rlieku)\u2022 Polster\u0113ts interjers \u2013 No\u0146emama spilvena v\u0101ci\u0146\u0161 vieglai mazg\u0101\u0161anai\u2022 Regul\u0113jami plecu siksnas \u2013 Vienm\u0113r\u012bga svara sadale  3. VIENK\u0100R\u0160A LIETO\u0160ANA \u2022 Priek\u0161\u0113j\u0101 ieeja \u2013 Stresa br\u012bva piek\u013cuve dz\u012bvniekam\u2022 \u0100tr\u0101s saloc\u012b\u0161anas meh\u0101nisms \u2013 Uzst\u0101d\u0101ms 3 sekund\u0113s\u2022 S\u0101nu kabatas \u2013 Gardumiem, pavadai vai atkritumu maisi\u0146iem  4. DRO\u0160\u012aBA PIRMAJ\u0100 VIET\u0100 \u2022 Stipra siksnas spr\u0101dze \u2013 Nov\u0113r\u0161 izb\u0113g\u0161anas m\u0113\u0123in\u0101jumus\u2022 Atstarojo\u0161i elementi \u2013 Redzam\u012bba nakt\u012b\u2022 Iztur\u012bgs r\u0101mis \u2013 Aizsarg\u0101 pret nejau\u0161iem triecieniem  5. CE\u013bO\u0160ANAI DRAUDZ\u012aGS \u2022 Atbilst TSA pras\u012bb\u0101m \u2013 Apstiprin\u0101ts rokas bag\u0101\u017eai\u2022 Br\u012bvas rokas \u0113rt\u012bbai \u2013 Gatavs velobraucieniem, sabiedriskajam transportam, p\u0101rg\u0101jieniem\u2022 Diskr\u0113ts stils \u2013 Izskat\u0101s k\u0101 parasts mugursoma  6. AUGSTAS KVALIT\u0100TES MATERI\u0100LI \u2022 \u016adensiztur\u012bgs poliesters \u2013 Viegls, bet iztur\u012bgs\u2022 Met\u0101la r\u0101v\u0113jsl\u0113dz\u0113ji \u2013 Ko\u0161\u013c\u0101\u0161anas iztur\u012bgs pastiprin\u0101jums\u2022 Nesl\u012bdo\u0161a pamatne \u2013 St\u0101v stabili, kad nolikts Svars: 820 gIzm\u0113ri: 43x25x33 cmMateri\u0101ls: PVC","og_url":"https:\/\/miumjau.ee\/lv\/produkts\/parvadasanas-soma-uniq-pets-petventure-43x25x33-cm-lidz-7-kg\/","og_site_name":"MiuMjau","article_publisher":"https:\/\/www.facebook.com\/miumjaupood\/","article_modified_time":"2026-01-09T17:26:13+00:00","og_image":[{"width":600,"height":800,"url":"https:\/\/miumjau.ee\/wp-content\/uploads\/2025\/10\/imagehandler-12.jpg","type":"image\/jpeg"}],"twitter_card":"summary_large_image","schema":{"@context":"https:\/\/schema.org","@graph":[{"@type":"WebPage","@id":"https:\/\/miumjau.ee\/lv\/produkts\/parvadasanas-soma-uniq-pets-petventure-43x25x33-cm-lidz-7-kg\/","url":"https:\/\/miumjau.ee\/lv\/produkts\/parvadasanas-soma-uniq-pets-petventure-43x25x33-cm-lidz-7-kg\/","name":"P\u0101rvad\u0101\u0161anas soma Uniq Pets Petventure 43x25x33 cm l\u012bdz 7 kg - MiuMjau","isPartOf":{"@id":"https:\/\/miumjau.ee\/#website"},"primaryImageOfPage":{"@id":"https:\/\/miumjau.ee\/lv\/produkts\/parvadasanas-soma-uniq-pets-petventure-43x25x33-cm-lidz-7-kg\/#primaryimage"},"image":{"@id":"https:\/\/miumjau.ee\/lv\/produkts\/parvadasanas-soma-uniq-pets-petventure-43x25x33-cm-lidz-7-kg\/#primaryimage"},"thumbnailUrl":"https:\/\/miumjau.ee\/wp-content\/uploads\/2025\/10\/imagehandler-12.jpg","datePublished":"2025-10-05T12:13:45+00:00","dateModified":"2026-01-09T17:26:13+00:00","breadcrumb":{"@id":"https:\/\/miumjau.ee\/lv\/produkts\/parvadasanas-soma-uniq-pets-petventure-43x25x33-cm-lidz-7-kg\/#breadcrumb"},"inLanguage":"lv-LV","potentialAction":[{"@type":"ReadAction","target":["https:\/\/miumjau.ee\/lv\/produkts\/parvadasanas-soma-uniq-pets-petventure-43x25x33-cm-lidz-7-kg\/"]}]},{"@type":"ImageObject","inLanguage":"lv-LV","@id":"https:\/\/miumjau.ee\/lv\/produkts\/parvadasanas-soma-uniq-pets-petventure-43x25x33-cm-lidz-7-kg\/#primaryimage","url":"https:\/\/miumjau.ee\/wp-content\/uploads\/2025\/10\/imagehandler-12.jpg","contentUrl":"https:\/\/miumjau.ee\/wp-content\/uploads\/2025\/10\/imagehandler-12.jpg","width":600,"height":800},{"@type":"BreadcrumbList","@id":"https:\/\/miumjau.ee\/lv\/produkts\/parvadasanas-soma-uniq-pets-petventure-43x25x33-cm-lidz-7-kg\/#breadcrumb","itemListElement":[{"@type":"ListItem","position":1,"name":"Home","item":"https:\/\/miumjau.ee\/lv\/"},{"@type":"ListItem","position":2,"name":"Veikals","item":"https:\/\/miumjau.ee\/lv\/veikals\/"},{"@type":"ListItem","position":3,"name":"P\u0101rvad\u0101\u0161anas soma Uniq Pets Petventure 43x25x33 cm l\u012bdz 7 kg"}]},{"@type":"WebSite","@id":"https:\/\/miumjau.ee\/#website","url":"https:\/\/miumjau.ee\/","name":"MiuMjau","description":"Kraapimispuud kassidele","publisher":{"@id":"https:\/\/miumjau.ee\/#organization"},"potentialAction":[{"@type":"SearchAction","target":{"@type":"EntryPoint","urlTemplate":"https:\/\/miumjau.ee\/?s={search_term_string}"},"query-input":{"@type":"PropertyValueSpecification","valueRequired":true,"valueName":"search_term_string"}}],"inLanguage":"lv-LV"},{"@type":"Organization","@id":"https:\/\/miumjau.ee\/#organization","name":"MiuMjau O\u00dc","url":"https:\/\/miumjau.ee\/","logo":{"@type":"ImageObject","inLanguage":"lv-LV","@id":"https:\/\/miumjau.ee\/#\/schema\/logo\/image\/","url":"https:\/\/miumjau.ee\/wp-content\/uploads\/2022\/04\/MiuMjau-logo-kollane.png","contentUrl":"https:\/\/miumjau.ee\/wp-content\/uploads\/2022\/04\/MiuMjau-logo-kollane.png","width":219,"height":100,"caption":"MiuMjau O\u00dc"},"image":{"@id":"https:\/\/miumjau.ee\/#\/schema\/logo\/image\/"},"sameAs":["https:\/\/www.facebook.com\/miumjaupood\/"]}]}},"_links":{"self":[{"href":"https:\/\/miumjau.ee\/lv\/wp-json\/wp\/v2\/product\/47628","targetHints":{"allow":["GET"]}}],"collection":[{"href":"https:\/\/miumjau.ee\/lv\/wp-json\/wp\/v2\/product"}],"about":[{"href":"https:\/\/miumjau.ee\/lv\/wp-json\/wp\/v2\/types\/product"}],"wp:featuredmedia":[{"embeddable":true,"href":"https:\/\/miumjau.ee\/lv\/wp-json\/wp\/v2\/media\/44846"}],"wp:attachment":[{"href":"https:\/\/miumjau.ee\/lv\/wp-json\/wp\/v2\/media?parent=47628"}],"wp:term":[{"taxonomy":"product_brand","embeddable":true,"href":"https:\/\/miumjau.ee\/lv\/wp-json\/wp\/v2\/product_brand?post=47628"},{"taxonomy":"product_cat","embeddable":true,"href":"https:\/\/miumjau.ee\/lv\/wp-json\/wp\/v2\/product_cat?post=47628"},{"taxonomy":"product_tag","embeddable":true,"href":"https:\/\/miumjau.ee\/lv\/wp-json\/wp\/v2\/product_tag?post=47628"}],"curies":[{"name":"wp","href":"https:\/\/api.w.org\/{rel}","templated":true}]}}