{"id":47611,"date":"2025-10-05T14:53:25","date_gmt":"2025-10-05T11:53:25","guid":{"rendered":"https:\/\/miumjau.ee\/toode\/transporta-buris-pratiko-2-55x36x36-cm-lidz-15-kg\/"},"modified":"2026-01-07T21:21:35","modified_gmt":"2026-01-07T19:21:35","slug":"transporta-buris-pratiko-2-55x36x36-cm-lidz-15-kg","status":"publish","type":"product","link":"https:\/\/miumjau.ee\/lv\/produkts\/transporta-buris-pratiko-2-55x36x36-cm-lidz-15-kg\/","title":{"rendered":"Transporta b\u016bris Pratiko 2 55x36x36 cm l\u012bdz 15 kg"},"content":{"rendered":"","protected":false},"excerpt":{"rendered":"<p data-start=\"124\" data-end=\"528\">\u2022 \u013boti dro\u0161s \u2013 met\u0101la durvis + cietas plastmasas sieni\u0146as (iztur\u012bgas pret ko\u0161\u013c\u0101\u0161anu un b\u0113g\u0161anu)<br data-start=\"219\" data-end=\"222\" \/>\u2022 Ide\u0101li piem\u0113rots m\u0101jdz\u012bvniekiem l\u012bdz 15 kg \u2013 lieliski piem\u0113rots ka\u0137iem un maziem l\u012bdz vid\u0113jiem su\u0146iem<br data-start=\"325\" data-end=\"328\" \/>\u2022 Ventil\u0113jams un redzams \u2013 sieta pane\u013ci gaisa cirkul\u0101cijai un m\u0101jdz\u012bvnieka \u0113rt\u012bb\u0101m<br data-start=\"410\" data-end=\"413\" \/>\u2022 Viegli t\u012br\u0101ms dizains \u2013 plastmasas interjers t\u012br\u012b\u0161anai<br data-start=\"469\" data-end=\"472\" \/>\u2022 Gatavs ce\u013cojumam \u2013 viegls un ar rokturi p\u0101rn\u0113s\u0101\u0161anai<\/p>\n<p data-start=\"530\" data-end=\"623\">Pirms do\u0161an\u0101s uz lidostu sazinieties ar aviokomp\u0101niju par kab\u012bnes izm\u0113ru un s\u0113dvietu vietu.<\/p>\n<p data-start=\"625\" data-end=\"682\">Svars: 1400 g<br data-start=\"638\" data-end=\"641\" \/>Izm\u0113ri: 55 x 36 x 36 cm<br data-start=\"664\" data-end=\"667\" \/>Materi\u0101ls: PP<\/p>\n","protected":false},"featured_media":47612,"template":"","meta":[],"product_brand":[],"product_cat":[594,579],"product_tag":[],"class_list":{"0":"post-47611","1":"product","2":"type-product","3":"status-publish","4":"has-post-thumbnail","6":"product_cat-parvadasanas-buri-somas","7":"product_cat-sunu-buri-un-parvadasanas-somas","9":"first","10":"instock","11":"taxable","12":"shipping-taxable","13":"purchasable","14":"product-type-simple"},"yoast_head":"<!-- This site is optimized with the Yoast SEO plugin v27.2 - https:\/\/yoast.com\/product\/yoast-seo-wordpress\/ -->\n<title>Transporta b\u016bris Pratiko 2 55x36x36 cm l\u012bdz 15 kg - MiuMjau<\/title>\n<meta name=\"robots\" content=\"index, follow, max-snippet:-1, max-image-preview:large, max-video-preview:-1\" \/>\n<link rel=\"canonical\" href=\"https:\/\/miumjau.ee\/lv\/produkts\/transporta-buris-pratiko-2-55x36x36-cm-lidz-15-kg\/\" \/>\n<meta property=\"og:locale\" content=\"lv_LV\" \/>\n<meta property=\"og:type\" content=\"article\" \/>\n<meta property=\"og:title\" content=\"Transporta b\u016bris Pratiko 2 55x36x36 cm l\u012bdz 15 kg - MiuMjau\" \/>\n<meta property=\"og:description\" content=\"\u2022 \u013boti dro\u0161s \u2013 met\u0101la durvis + cietas plastmasas sieni\u0146as (iztur\u012bgas pret ko\u0161\u013c\u0101\u0161anu un b\u0113g\u0161anu)\u2022 Ide\u0101li piem\u0113rots m\u0101jdz\u012bvniekiem l\u012bdz 15 kg \u2013 lieliski piem\u0113rots ka\u0137iem un maziem l\u012bdz vid\u0113jiem su\u0146iem\u2022 Ventil\u0113jams un redzams \u2013 sieta pane\u013ci gaisa cirkul\u0101cijai un m\u0101jdz\u012bvnieka \u0113rt\u012bb\u0101m\u2022 Viegli t\u012br\u0101ms dizains \u2013 plastmasas interjers t\u012br\u012b\u0161anai\u2022 Gatavs ce\u013cojumam \u2013 viegls un ar rokturi p\u0101rn\u0113s\u0101\u0161anai Pirms do\u0161an\u0101s uz lidostu sazinieties ar aviokomp\u0101niju par kab\u012bnes izm\u0113ru un s\u0113dvietu vietu. Svars: 1400 gIzm\u0113ri: 55 x 36 x 36 cmMateri\u0101ls: PP\" \/>\n<meta property=\"og:url\" content=\"https:\/\/miumjau.ee\/lv\/produkts\/transporta-buris-pratiko-2-55x36x36-cm-lidz-15-kg\/\" \/>\n<meta property=\"og:site_name\" content=\"MiuMjau\" \/>\n<meta property=\"article:publisher\" content=\"https:\/\/www.facebook.com\/miumjaupood\/\" \/>\n<meta property=\"article:modified_time\" content=\"2026-01-07T19:21:35+00:00\" \/>\n<meta property=\"og:image\" content=\"https:\/\/miumjau.ee\/wp-content\/uploads\/2025\/10\/imagehandler-21.jpg\" \/>\n\t<meta property=\"og:image:width\" content=\"600\" \/>\n\t<meta property=\"og:image:height\" content=\"800\" \/>\n\t<meta property=\"og:image:type\" content=\"image\/jpeg\" \/>\n<meta name=\"twitter:card\" content=\"summary_large_image\" \/>\n<script type=\"application\/ld+json\" class=\"yoast-schema-graph\">{\"@context\":\"https:\/\/schema.org\",\"@graph\":[{\"@type\":\"WebPage\",\"@id\":\"https:\/\/miumjau.ee\/lv\/produkts\/transporta-buris-pratiko-2-55x36x36-cm-lidz-15-kg\/\",\"url\":\"https:\/\/miumjau.ee\/lv\/produkts\/transporta-buris-pratiko-2-55x36x36-cm-lidz-15-kg\/\",\"name\":\"Transporta b\u016bris Pratiko 2 55x36x36 cm l\u012bdz 15 kg - MiuMjau\",\"isPartOf\":{\"@id\":\"https:\/\/miumjau.ee\/#website\"},\"primaryImageOfPage\":{\"@id\":\"https:\/\/miumjau.ee\/lv\/produkts\/transporta-buris-pratiko-2-55x36x36-cm-lidz-15-kg\/#primaryimage\"},\"image\":{\"@id\":\"https:\/\/miumjau.ee\/lv\/produkts\/transporta-buris-pratiko-2-55x36x36-cm-lidz-15-kg\/#primaryimage\"},\"thumbnailUrl\":\"https:\/\/miumjau.ee\/wp-content\/uploads\/2025\/10\/imagehandler-21.jpg\",\"datePublished\":\"2025-10-05T11:53:25+00:00\",\"dateModified\":\"2026-01-07T19:21:35+00:00\",\"breadcrumb\":{\"@id\":\"https:\/\/miumjau.ee\/lv\/produkts\/transporta-buris-pratiko-2-55x36x36-cm-lidz-15-kg\/#breadcrumb\"},\"inLanguage\":\"lv-LV\",\"potentialAction\":[{\"@type\":\"ReadAction\",\"target\":[\"https:\/\/miumjau.ee\/lv\/produkts\/transporta-buris-pratiko-2-55x36x36-cm-lidz-15-kg\/\"]}]},{\"@type\":\"ImageObject\",\"inLanguage\":\"lv-LV\",\"@id\":\"https:\/\/miumjau.ee\/lv\/produkts\/transporta-buris-pratiko-2-55x36x36-cm-lidz-15-kg\/#primaryimage\",\"url\":\"https:\/\/miumjau.ee\/wp-content\/uploads\/2025\/10\/imagehandler-21.jpg\",\"contentUrl\":\"https:\/\/miumjau.ee\/wp-content\/uploads\/2025\/10\/imagehandler-21.jpg\",\"width\":600,\"height\":800},{\"@type\":\"BreadcrumbList\",\"@id\":\"https:\/\/miumjau.ee\/lv\/produkts\/transporta-buris-pratiko-2-55x36x36-cm-lidz-15-kg\/#breadcrumb\",\"itemListElement\":[{\"@type\":\"ListItem\",\"position\":1,\"name\":\"Home\",\"item\":\"https:\/\/miumjau.ee\/lv\/\"},{\"@type\":\"ListItem\",\"position\":2,\"name\":\"Veikals\",\"item\":\"https:\/\/miumjau.ee\/lv\/veikals\/\"},{\"@type\":\"ListItem\",\"position\":3,\"name\":\"Transporta b\u016bris Pratiko 2 55x36x36 cm l\u012bdz 15 kg\"}]},{\"@type\":\"WebSite\",\"@id\":\"https:\/\/miumjau.ee\/#website\",\"url\":\"https:\/\/miumjau.ee\/\",\"name\":\"MiuMjau\",\"description\":\"Kraapimispuud kassidele\",\"publisher\":{\"@id\":\"https:\/\/miumjau.ee\/#organization\"},\"potentialAction\":[{\"@type\":\"SearchAction\",\"target\":{\"@type\":\"EntryPoint\",\"urlTemplate\":\"https:\/\/miumjau.ee\/?s={search_term_string}\"},\"query-input\":{\"@type\":\"PropertyValueSpecification\",\"valueRequired\":true,\"valueName\":\"search_term_string\"}}],\"inLanguage\":\"lv-LV\"},{\"@type\":\"Organization\",\"@id\":\"https:\/\/miumjau.ee\/#organization\",\"name\":\"MiuMjau O\u00dc\",\"url\":\"https:\/\/miumjau.ee\/\",\"logo\":{\"@type\":\"ImageObject\",\"inLanguage\":\"lv-LV\",\"@id\":\"https:\/\/miumjau.ee\/#\/schema\/logo\/image\/\",\"url\":\"https:\/\/miumjau.ee\/wp-content\/uploads\/2022\/04\/MiuMjau-logo-kollane.png\",\"contentUrl\":\"https:\/\/miumjau.ee\/wp-content\/uploads\/2022\/04\/MiuMjau-logo-kollane.png\",\"width\":219,\"height\":100,\"caption\":\"MiuMjau O\u00dc\"},\"image\":{\"@id\":\"https:\/\/miumjau.ee\/#\/schema\/logo\/image\/\"},\"sameAs\":[\"https:\/\/www.facebook.com\/miumjaupood\/\"]}]}<\/script>\n<!-- \/ Yoast SEO plugin. -->","yoast_head_json":{"title":"Transporta b\u016bris Pratiko 2 55x36x36 cm l\u012bdz 15 kg - MiuMjau","robots":{"index":"index","follow":"follow","max-snippet":"max-snippet:-1","max-image-preview":"max-image-preview:large","max-video-preview":"max-video-preview:-1"},"canonical":"https:\/\/miumjau.ee\/lv\/produkts\/transporta-buris-pratiko-2-55x36x36-cm-lidz-15-kg\/","og_locale":"lv_LV","og_type":"article","og_title":"Transporta b\u016bris Pratiko 2 55x36x36 cm l\u012bdz 15 kg - MiuMjau","og_description":"\u2022 \u013boti dro\u0161s \u2013 met\u0101la durvis + cietas plastmasas sieni\u0146as (iztur\u012bgas pret ko\u0161\u013c\u0101\u0161anu un b\u0113g\u0161anu)\u2022 Ide\u0101li piem\u0113rots m\u0101jdz\u012bvniekiem l\u012bdz 15 kg \u2013 lieliski piem\u0113rots ka\u0137iem un maziem l\u012bdz vid\u0113jiem su\u0146iem\u2022 Ventil\u0113jams un redzams \u2013 sieta pane\u013ci gaisa cirkul\u0101cijai un m\u0101jdz\u012bvnieka \u0113rt\u012bb\u0101m\u2022 Viegli t\u012br\u0101ms dizains \u2013 plastmasas interjers t\u012br\u012b\u0161anai\u2022 Gatavs ce\u013cojumam \u2013 viegls un ar rokturi p\u0101rn\u0113s\u0101\u0161anai Pirms do\u0161an\u0101s uz lidostu sazinieties ar aviokomp\u0101niju par kab\u012bnes izm\u0113ru un s\u0113dvietu vietu. Svars: 1400 gIzm\u0113ri: 55 x 36 x 36 cmMateri\u0101ls: PP","og_url":"https:\/\/miumjau.ee\/lv\/produkts\/transporta-buris-pratiko-2-55x36x36-cm-lidz-15-kg\/","og_site_name":"MiuMjau","article_publisher":"https:\/\/www.facebook.com\/miumjaupood\/","article_modified_time":"2026-01-07T19:21:35+00:00","og_image":[{"width":600,"height":800,"url":"https:\/\/miumjau.ee\/wp-content\/uploads\/2025\/10\/imagehandler-21.jpg","type":"image\/jpeg"}],"twitter_card":"summary_large_image","schema":{"@context":"https:\/\/schema.org","@graph":[{"@type":"WebPage","@id":"https:\/\/miumjau.ee\/lv\/produkts\/transporta-buris-pratiko-2-55x36x36-cm-lidz-15-kg\/","url":"https:\/\/miumjau.ee\/lv\/produkts\/transporta-buris-pratiko-2-55x36x36-cm-lidz-15-kg\/","name":"Transporta b\u016bris Pratiko 2 55x36x36 cm l\u012bdz 15 kg - MiuMjau","isPartOf":{"@id":"https:\/\/miumjau.ee\/#website"},"primaryImageOfPage":{"@id":"https:\/\/miumjau.ee\/lv\/produkts\/transporta-buris-pratiko-2-55x36x36-cm-lidz-15-kg\/#primaryimage"},"image":{"@id":"https:\/\/miumjau.ee\/lv\/produkts\/transporta-buris-pratiko-2-55x36x36-cm-lidz-15-kg\/#primaryimage"},"thumbnailUrl":"https:\/\/miumjau.ee\/wp-content\/uploads\/2025\/10\/imagehandler-21.jpg","datePublished":"2025-10-05T11:53:25+00:00","dateModified":"2026-01-07T19:21:35+00:00","breadcrumb":{"@id":"https:\/\/miumjau.ee\/lv\/produkts\/transporta-buris-pratiko-2-55x36x36-cm-lidz-15-kg\/#breadcrumb"},"inLanguage":"lv-LV","potentialAction":[{"@type":"ReadAction","target":["https:\/\/miumjau.ee\/lv\/produkts\/transporta-buris-pratiko-2-55x36x36-cm-lidz-15-kg\/"]}]},{"@type":"ImageObject","inLanguage":"lv-LV","@id":"https:\/\/miumjau.ee\/lv\/produkts\/transporta-buris-pratiko-2-55x36x36-cm-lidz-15-kg\/#primaryimage","url":"https:\/\/miumjau.ee\/wp-content\/uploads\/2025\/10\/imagehandler-21.jpg","contentUrl":"https:\/\/miumjau.ee\/wp-content\/uploads\/2025\/10\/imagehandler-21.jpg","width":600,"height":800},{"@type":"BreadcrumbList","@id":"https:\/\/miumjau.ee\/lv\/produkts\/transporta-buris-pratiko-2-55x36x36-cm-lidz-15-kg\/#breadcrumb","itemListElement":[{"@type":"ListItem","position":1,"name":"Home","item":"https:\/\/miumjau.ee\/lv\/"},{"@type":"ListItem","position":2,"name":"Veikals","item":"https:\/\/miumjau.ee\/lv\/veikals\/"},{"@type":"ListItem","position":3,"name":"Transporta b\u016bris Pratiko 2 55x36x36 cm l\u012bdz 15 kg"}]},{"@type":"WebSite","@id":"https:\/\/miumjau.ee\/#website","url":"https:\/\/miumjau.ee\/","name":"MiuMjau","description":"Kraapimispuud kassidele","publisher":{"@id":"https:\/\/miumjau.ee\/#organization"},"potentialAction":[{"@type":"SearchAction","target":{"@type":"EntryPoint","urlTemplate":"https:\/\/miumjau.ee\/?s={search_term_string}"},"query-input":{"@type":"PropertyValueSpecification","valueRequired":true,"valueName":"search_term_string"}}],"inLanguage":"lv-LV"},{"@type":"Organization","@id":"https:\/\/miumjau.ee\/#organization","name":"MiuMjau O\u00dc","url":"https:\/\/miumjau.ee\/","logo":{"@type":"ImageObject","inLanguage":"lv-LV","@id":"https:\/\/miumjau.ee\/#\/schema\/logo\/image\/","url":"https:\/\/miumjau.ee\/wp-content\/uploads\/2022\/04\/MiuMjau-logo-kollane.png","contentUrl":"https:\/\/miumjau.ee\/wp-content\/uploads\/2022\/04\/MiuMjau-logo-kollane.png","width":219,"height":100,"caption":"MiuMjau O\u00dc"},"image":{"@id":"https:\/\/miumjau.ee\/#\/schema\/logo\/image\/"},"sameAs":["https:\/\/www.facebook.com\/miumjaupood\/"]}]}},"_links":{"self":[{"href":"https:\/\/miumjau.ee\/lv\/wp-json\/wp\/v2\/product\/47611","targetHints":{"allow":["GET"]}}],"collection":[{"href":"https:\/\/miumjau.ee\/lv\/wp-json\/wp\/v2\/product"}],"about":[{"href":"https:\/\/miumjau.ee\/lv\/wp-json\/wp\/v2\/types\/product"}],"wp:featuredmedia":[{"embeddable":true,"href":"https:\/\/miumjau.ee\/lv\/wp-json\/wp\/v2\/media\/47612"}],"wp:attachment":[{"href":"https:\/\/miumjau.ee\/lv\/wp-json\/wp\/v2\/media?parent=47611"}],"wp:term":[{"taxonomy":"product_brand","embeddable":true,"href":"https:\/\/miumjau.ee\/lv\/wp-json\/wp\/v2\/product_brand?post=47611"},{"taxonomy":"product_cat","embeddable":true,"href":"https:\/\/miumjau.ee\/lv\/wp-json\/wp\/v2\/product_cat?post=47611"},{"taxonomy":"product_tag","embeddable":true,"href":"https:\/\/miumjau.ee\/lv\/wp-json\/wp\/v2\/product_tag?post=47611"}],"curies":[{"name":"wp","href":"https:\/\/api.w.org\/{rel}","templated":true}]}}