{"id":47603,"date":"2025-10-14T11:20:50","date_gmt":"2025-10-14T08:20:50","guid":{"rendered":"https:\/\/miumjau.ee\/toode\/ibero-natural-100-galas-konservi-kakiem-trusa-gala-200-g\/"},"modified":"2026-01-28T16:46:05","modified_gmt":"2026-01-28T14:46:05","slug":"ibero-natural-100-galas-konservi-kakiem-trusa-gala-200-g","status":"publish","type":"product","link":"https:\/\/miumjau.ee\/lv\/produkts\/ibero-natural-100-galas-konservi-kakiem-trusa-gala-200-g\/","title":{"rendered":"Ibero Natural 100% ga\u013cas konservi ka\u0137iem, tru\u0161a ga\u013ca 200 g"},"content":{"rendered":"","protected":false},"excerpt":{"rendered":"<p data-start=\"950\" data-end=\"1104\">Ibero Natural 100% ga\u013cas papildbar\u012bba ka\u0137iem. Ide\u0101la bar\u012bba, lai apmierin\u0101tu dz\u012bvnieka instinkt\u012bv\u0101s vajadz\u012bbas blakus sausajai bar\u012bbai. Piln\u012bgi dabiska.<\/p>\n<p data-start=\"1106\" data-end=\"1266\"><strong data-start=\"1106\" data-end=\"1118\">Sast\u0101vs:<\/strong> 50 % tru\u0161a ga\u013ca, 50 % vistas ga\u013ca.<br data-start=\"1153\" data-end=\"1156\" \/><strong data-start=\"1156\" data-end=\"1181\">Anal\u012btiskais sast\u0101vs:<\/strong> kopprote\u012bns 16 %, koptauki 11 %, \u0161\u0137iedrvielas 0,5 %, koprasva 2,5 %, mitrums 70 %.<\/p>\n<p data-start=\"1268\" data-end=\"1659\">Izejvielu sast\u0101vs nodro\u0161ina augstu dabisko vitam\u012bnu (A, E, D), aminosk\u0101bju (l\u012bz\u012bns, metion\u012bns, ciste\u012bns) un miner\u0101lvielu saturu. Produkts nesatur soju. Ra\u017eots bez gar\u0161as pastiprin\u0101t\u0101jiem, konservantiem un kr\u0101sviel\u0101m. Pasniedz istabas temperat\u016br\u0101 k\u0101 papildbar\u012bbu. P\u0113c atv\u0113r\u0161anas uzglab\u0101t ledusskap\u012b. Glab\u0101t v\u0113s\u0101 un saus\u0101 viet\u0101. Lab\u0101k\u0101s lieto\u0161anas termi\u0146\u0161 \/ partijas nr. \u2013 skat\u012bt iepakojum\u0101.<\/p>\n","protected":false},"featured_media":44684,"template":"","meta":[],"product_brand":[],"product_cat":[571],"product_tag":[],"class_list":{"0":"post-47603","1":"product","2":"type-product","3":"status-publish","4":"has-post-thumbnail","6":"product_cat-mitra-bariba","8":"first","9":"outofstock","10":"taxable","11":"shipping-taxable","12":"purchasable","13":"product-type-simple"},"yoast_head":"<!-- This site is optimized with the Yoast SEO plugin v27.4 - https:\/\/yoast.com\/product\/yoast-seo-wordpress\/ -->\n<title>Ibero Natural 100% ga\u013cas konservi ka\u0137iem, tru\u0161a ga\u013ca 200 g - MiuMjau<\/title>\n<meta name=\"robots\" content=\"index, follow, max-snippet:-1, max-image-preview:large, max-video-preview:-1\" \/>\n<link rel=\"canonical\" href=\"https:\/\/miumjau.ee\/lv\/produkts\/ibero-natural-100-galas-konservi-kakiem-trusa-gala-200-g\/\" \/>\n<meta property=\"og:locale\" content=\"lv_LV\" \/>\n<meta property=\"og:type\" content=\"article\" \/>\n<meta property=\"og:title\" content=\"Ibero Natural 100% ga\u013cas konservi ka\u0137iem, tru\u0161a ga\u013ca 200 g - MiuMjau\" \/>\n<meta property=\"og:description\" content=\"Ibero Natural 100% ga\u013cas papildbar\u012bba ka\u0137iem. Ide\u0101la bar\u012bba, lai apmierin\u0101tu dz\u012bvnieka instinkt\u012bv\u0101s vajadz\u012bbas blakus sausajai bar\u012bbai. Piln\u012bgi dabiska. Sast\u0101vs: 50 % tru\u0161a ga\u013ca, 50 % vistas ga\u013ca.Anal\u012btiskais sast\u0101vs: kopprote\u012bns 16 %, koptauki 11 %, \u0161\u0137iedrvielas 0,5 %, koprasva 2,5 %, mitrums 70 %. Izejvielu sast\u0101vs nodro\u0161ina augstu dabisko vitam\u012bnu (A, E, D), aminosk\u0101bju (l\u012bz\u012bns, metion\u012bns, ciste\u012bns) un miner\u0101lvielu saturu. Produkts nesatur soju. Ra\u017eots bez gar\u0161as pastiprin\u0101t\u0101jiem, konservantiem un kr\u0101sviel\u0101m. Pasniedz istabas temperat\u016br\u0101 k\u0101 papildbar\u012bbu. P\u0113c atv\u0113r\u0161anas uzglab\u0101t ledusskap\u012b. Glab\u0101t v\u0113s\u0101 un saus\u0101 viet\u0101. Lab\u0101k\u0101s lieto\u0161anas termi\u0146\u0161 \/ partijas nr. \u2013 skat\u012bt iepakojum\u0101.\" \/>\n<meta property=\"og:url\" content=\"https:\/\/miumjau.ee\/lv\/produkts\/ibero-natural-100-galas-konservi-kakiem-trusa-gala-200-g\/\" \/>\n<meta property=\"og:site_name\" content=\"MiuMjau\" \/>\n<meta property=\"article:publisher\" content=\"https:\/\/www.facebook.com\/miumjaupood\/\" \/>\n<meta property=\"article:modified_time\" content=\"2026-01-28T14:46:05+00:00\" \/>\n<meta property=\"og:image\" content=\"https:\/\/miumjau.ee\/wp-content\/uploads\/2025\/10\/ibero-konserv-kassidele-200g3.jpg\" \/>\n\t<meta property=\"og:image:width\" content=\"600\" \/>\n\t<meta property=\"og:image:height\" content=\"800\" \/>\n\t<meta property=\"og:image:type\" content=\"image\/jpeg\" \/>\n<meta name=\"twitter:card\" content=\"summary_large_image\" \/>\n<script type=\"application\/ld+json\" class=\"yoast-schema-graph\">{\"@context\":\"https:\\\/\\\/schema.org\",\"@graph\":[{\"@type\":\"WebPage\",\"@id\":\"https:\\\/\\\/miumjau.ee\\\/lv\\\/produkts\\\/ibero-natural-100-galas-konservi-kakiem-trusa-gala-200-g\\\/\",\"url\":\"https:\\\/\\\/miumjau.ee\\\/lv\\\/produkts\\\/ibero-natural-100-galas-konservi-kakiem-trusa-gala-200-g\\\/\",\"name\":\"Ibero Natural 100% ga\u013cas konservi ka\u0137iem, tru\u0161a ga\u013ca 200 g - MiuMjau\",\"isPartOf\":{\"@id\":\"https:\\\/\\\/miumjau.ee\\\/#website\"},\"primaryImageOfPage\":{\"@id\":\"https:\\\/\\\/miumjau.ee\\\/lv\\\/produkts\\\/ibero-natural-100-galas-konservi-kakiem-trusa-gala-200-g\\\/#primaryimage\"},\"image\":{\"@id\":\"https:\\\/\\\/miumjau.ee\\\/lv\\\/produkts\\\/ibero-natural-100-galas-konservi-kakiem-trusa-gala-200-g\\\/#primaryimage\"},\"thumbnailUrl\":\"https:\\\/\\\/miumjau.ee\\\/wp-content\\\/uploads\\\/2025\\\/10\\\/ibero-konserv-kassidele-200g3.jpg\",\"datePublished\":\"2025-10-14T08:20:50+00:00\",\"dateModified\":\"2026-01-28T14:46:05+00:00\",\"breadcrumb\":{\"@id\":\"https:\\\/\\\/miumjau.ee\\\/lv\\\/produkts\\\/ibero-natural-100-galas-konservi-kakiem-trusa-gala-200-g\\\/#breadcrumb\"},\"inLanguage\":\"lv-LV\",\"potentialAction\":[{\"@type\":\"ReadAction\",\"target\":[\"https:\\\/\\\/miumjau.ee\\\/lv\\\/produkts\\\/ibero-natural-100-galas-konservi-kakiem-trusa-gala-200-g\\\/\"]}]},{\"@type\":\"ImageObject\",\"inLanguage\":\"lv-LV\",\"@id\":\"https:\\\/\\\/miumjau.ee\\\/lv\\\/produkts\\\/ibero-natural-100-galas-konservi-kakiem-trusa-gala-200-g\\\/#primaryimage\",\"url\":\"https:\\\/\\\/miumjau.ee\\\/wp-content\\\/uploads\\\/2025\\\/10\\\/ibero-konserv-kassidele-200g3.jpg\",\"contentUrl\":\"https:\\\/\\\/miumjau.ee\\\/wp-content\\\/uploads\\\/2025\\\/10\\\/ibero-konserv-kassidele-200g3.jpg\",\"width\":600,\"height\":800,\"caption\":\"Ibero Natural 100% lihaga konserv kassidele, k\u00fc\u00fclik 200g\"},{\"@type\":\"BreadcrumbList\",\"@id\":\"https:\\\/\\\/miumjau.ee\\\/lv\\\/produkts\\\/ibero-natural-100-galas-konservi-kakiem-trusa-gala-200-g\\\/#breadcrumb\",\"itemListElement\":[{\"@type\":\"ListItem\",\"position\":1,\"name\":\"Home\",\"item\":\"https:\\\/\\\/miumjau.ee\\\/lv\\\/\"},{\"@type\":\"ListItem\",\"position\":2,\"name\":\"Veikals\",\"item\":\"https:\\\/\\\/miumjau.ee\\\/lv\\\/veikals\\\/\"},{\"@type\":\"ListItem\",\"position\":3,\"name\":\"Ibero Natural 100% ga\u013cas konservi ka\u0137iem, tru\u0161a ga\u013ca 200 g\"}]},{\"@type\":\"WebSite\",\"@id\":\"https:\\\/\\\/miumjau.ee\\\/#website\",\"url\":\"https:\\\/\\\/miumjau.ee\\\/\",\"name\":\"MiuMjau\",\"description\":\"Kraapimispuud kassidele\",\"publisher\":{\"@id\":\"https:\\\/\\\/miumjau.ee\\\/#organization\"},\"potentialAction\":[{\"@type\":\"SearchAction\",\"target\":{\"@type\":\"EntryPoint\",\"urlTemplate\":\"https:\\\/\\\/miumjau.ee\\\/?s={search_term_string}\"},\"query-input\":{\"@type\":\"PropertyValueSpecification\",\"valueRequired\":true,\"valueName\":\"search_term_string\"}}],\"inLanguage\":\"lv-LV\"},{\"@type\":\"Organization\",\"@id\":\"https:\\\/\\\/miumjau.ee\\\/#organization\",\"name\":\"MiuMjau O\u00dc\",\"url\":\"https:\\\/\\\/miumjau.ee\\\/\",\"logo\":{\"@type\":\"ImageObject\",\"inLanguage\":\"lv-LV\",\"@id\":\"https:\\\/\\\/miumjau.ee\\\/#\\\/schema\\\/logo\\\/image\\\/\",\"url\":\"https:\\\/\\\/miumjau.ee\\\/wp-content\\\/uploads\\\/2022\\\/04\\\/MiuMjau-logo-kollane.png\",\"contentUrl\":\"https:\\\/\\\/miumjau.ee\\\/wp-content\\\/uploads\\\/2022\\\/04\\\/MiuMjau-logo-kollane.png\",\"width\":219,\"height\":100,\"caption\":\"MiuMjau O\u00dc\"},\"image\":{\"@id\":\"https:\\\/\\\/miumjau.ee\\\/#\\\/schema\\\/logo\\\/image\\\/\"},\"sameAs\":[\"https:\\\/\\\/www.facebook.com\\\/miumjaupood\\\/\"]}]}<\/script>\n<!-- \/ Yoast SEO plugin. -->","yoast_head_json":{"title":"Ibero Natural 100% ga\u013cas konservi ka\u0137iem, tru\u0161a ga\u013ca 200 g - MiuMjau","robots":{"index":"index","follow":"follow","max-snippet":"max-snippet:-1","max-image-preview":"max-image-preview:large","max-video-preview":"max-video-preview:-1"},"canonical":"https:\/\/miumjau.ee\/lv\/produkts\/ibero-natural-100-galas-konservi-kakiem-trusa-gala-200-g\/","og_locale":"lv_LV","og_type":"article","og_title":"Ibero Natural 100% ga\u013cas konservi ka\u0137iem, tru\u0161a ga\u013ca 200 g - MiuMjau","og_description":"Ibero Natural 100% ga\u013cas papildbar\u012bba ka\u0137iem. Ide\u0101la bar\u012bba, lai apmierin\u0101tu dz\u012bvnieka instinkt\u012bv\u0101s vajadz\u012bbas blakus sausajai bar\u012bbai. Piln\u012bgi dabiska. Sast\u0101vs: 50 % tru\u0161a ga\u013ca, 50 % vistas ga\u013ca.Anal\u012btiskais sast\u0101vs: kopprote\u012bns 16 %, koptauki 11 %, \u0161\u0137iedrvielas 0,5 %, koprasva 2,5 %, mitrums 70 %. Izejvielu sast\u0101vs nodro\u0161ina augstu dabisko vitam\u012bnu (A, E, D), aminosk\u0101bju (l\u012bz\u012bns, metion\u012bns, ciste\u012bns) un miner\u0101lvielu saturu. Produkts nesatur soju. Ra\u017eots bez gar\u0161as pastiprin\u0101t\u0101jiem, konservantiem un kr\u0101sviel\u0101m. Pasniedz istabas temperat\u016br\u0101 k\u0101 papildbar\u012bbu. P\u0113c atv\u0113r\u0161anas uzglab\u0101t ledusskap\u012b. Glab\u0101t v\u0113s\u0101 un saus\u0101 viet\u0101. Lab\u0101k\u0101s lieto\u0161anas termi\u0146\u0161 \/ partijas nr. \u2013 skat\u012bt iepakojum\u0101.","og_url":"https:\/\/miumjau.ee\/lv\/produkts\/ibero-natural-100-galas-konservi-kakiem-trusa-gala-200-g\/","og_site_name":"MiuMjau","article_publisher":"https:\/\/www.facebook.com\/miumjaupood\/","article_modified_time":"2026-01-28T14:46:05+00:00","og_image":[{"width":600,"height":800,"url":"https:\/\/miumjau.ee\/wp-content\/uploads\/2025\/10\/ibero-konserv-kassidele-200g3.jpg","type":"image\/jpeg"}],"twitter_card":"summary_large_image","schema":{"@context":"https:\/\/schema.org","@graph":[{"@type":"WebPage","@id":"https:\/\/miumjau.ee\/lv\/produkts\/ibero-natural-100-galas-konservi-kakiem-trusa-gala-200-g\/","url":"https:\/\/miumjau.ee\/lv\/produkts\/ibero-natural-100-galas-konservi-kakiem-trusa-gala-200-g\/","name":"Ibero Natural 100% ga\u013cas konservi ka\u0137iem, tru\u0161a ga\u013ca 200 g - MiuMjau","isPartOf":{"@id":"https:\/\/miumjau.ee\/#website"},"primaryImageOfPage":{"@id":"https:\/\/miumjau.ee\/lv\/produkts\/ibero-natural-100-galas-konservi-kakiem-trusa-gala-200-g\/#primaryimage"},"image":{"@id":"https:\/\/miumjau.ee\/lv\/produkts\/ibero-natural-100-galas-konservi-kakiem-trusa-gala-200-g\/#primaryimage"},"thumbnailUrl":"https:\/\/miumjau.ee\/wp-content\/uploads\/2025\/10\/ibero-konserv-kassidele-200g3.jpg","datePublished":"2025-10-14T08:20:50+00:00","dateModified":"2026-01-28T14:46:05+00:00","breadcrumb":{"@id":"https:\/\/miumjau.ee\/lv\/produkts\/ibero-natural-100-galas-konservi-kakiem-trusa-gala-200-g\/#breadcrumb"},"inLanguage":"lv-LV","potentialAction":[{"@type":"ReadAction","target":["https:\/\/miumjau.ee\/lv\/produkts\/ibero-natural-100-galas-konservi-kakiem-trusa-gala-200-g\/"]}]},{"@type":"ImageObject","inLanguage":"lv-LV","@id":"https:\/\/miumjau.ee\/lv\/produkts\/ibero-natural-100-galas-konservi-kakiem-trusa-gala-200-g\/#primaryimage","url":"https:\/\/miumjau.ee\/wp-content\/uploads\/2025\/10\/ibero-konserv-kassidele-200g3.jpg","contentUrl":"https:\/\/miumjau.ee\/wp-content\/uploads\/2025\/10\/ibero-konserv-kassidele-200g3.jpg","width":600,"height":800,"caption":"Ibero Natural 100% lihaga konserv kassidele, k\u00fc\u00fclik 200g"},{"@type":"BreadcrumbList","@id":"https:\/\/miumjau.ee\/lv\/produkts\/ibero-natural-100-galas-konservi-kakiem-trusa-gala-200-g\/#breadcrumb","itemListElement":[{"@type":"ListItem","position":1,"name":"Home","item":"https:\/\/miumjau.ee\/lv\/"},{"@type":"ListItem","position":2,"name":"Veikals","item":"https:\/\/miumjau.ee\/lv\/veikals\/"},{"@type":"ListItem","position":3,"name":"Ibero Natural 100% ga\u013cas konservi ka\u0137iem, tru\u0161a ga\u013ca 200 g"}]},{"@type":"WebSite","@id":"https:\/\/miumjau.ee\/#website","url":"https:\/\/miumjau.ee\/","name":"MiuMjau","description":"Kraapimispuud kassidele","publisher":{"@id":"https:\/\/miumjau.ee\/#organization"},"potentialAction":[{"@type":"SearchAction","target":{"@type":"EntryPoint","urlTemplate":"https:\/\/miumjau.ee\/?s={search_term_string}"},"query-input":{"@type":"PropertyValueSpecification","valueRequired":true,"valueName":"search_term_string"}}],"inLanguage":"lv-LV"},{"@type":"Organization","@id":"https:\/\/miumjau.ee\/#organization","name":"MiuMjau O\u00dc","url":"https:\/\/miumjau.ee\/","logo":{"@type":"ImageObject","inLanguage":"lv-LV","@id":"https:\/\/miumjau.ee\/#\/schema\/logo\/image\/","url":"https:\/\/miumjau.ee\/wp-content\/uploads\/2022\/04\/MiuMjau-logo-kollane.png","contentUrl":"https:\/\/miumjau.ee\/wp-content\/uploads\/2022\/04\/MiuMjau-logo-kollane.png","width":219,"height":100,"caption":"MiuMjau O\u00dc"},"image":{"@id":"https:\/\/miumjau.ee\/#\/schema\/logo\/image\/"},"sameAs":["https:\/\/www.facebook.com\/miumjaupood\/"]}]}},"_links":{"self":[{"href":"https:\/\/miumjau.ee\/lv\/wp-json\/wp\/v2\/product\/47603","targetHints":{"allow":["GET"]}}],"collection":[{"href":"https:\/\/miumjau.ee\/lv\/wp-json\/wp\/v2\/product"}],"about":[{"href":"https:\/\/miumjau.ee\/lv\/wp-json\/wp\/v2\/types\/product"}],"wp:featuredmedia":[{"embeddable":true,"href":"https:\/\/miumjau.ee\/lv\/wp-json\/wp\/v2\/media\/44684"}],"wp:attachment":[{"href":"https:\/\/miumjau.ee\/lv\/wp-json\/wp\/v2\/media?parent=47603"}],"wp:term":[{"taxonomy":"product_brand","embeddable":true,"href":"https:\/\/miumjau.ee\/lv\/wp-json\/wp\/v2\/product_brand?post=47603"},{"taxonomy":"product_cat","embeddable":true,"href":"https:\/\/miumjau.ee\/lv\/wp-json\/wp\/v2\/product_cat?post=47603"},{"taxonomy":"product_tag","embeddable":true,"href":"https:\/\/miumjau.ee\/lv\/wp-json\/wp\/v2\/product_tag?post=47603"}],"curies":[{"name":"wp","href":"https:\/\/api.w.org\/{rel}","templated":true}]}}