{"id":47602,"date":"2025-10-27T23:23:20","date_gmt":"2025-10-27T21:23:20","guid":{"rendered":"https:\/\/miumjau.ee\/toode\/rotallieta-ar-vilnu-afp-catnip\/"},"modified":"2026-01-07T21:21:35","modified_gmt":"2026-01-07T19:21:35","slug":"rotallieta-ar-vilnu-afp-catnip","status":"publish","type":"product","link":"https:\/\/miumjau.ee\/lv\/produkts\/rotallieta-ar-vilnu-afp-catnip\/","title":{"rendered":"Rota\u013clieta ar vilnu AFP, Catnip"},"content":{"rendered":"","protected":false},"excerpt":{"rendered":"<p data-start=\"1004\" data-end=\"1220\">\u0160\u012b rota\u013clieta ar vilnu stimul\u0113 ka\u0137a med\u012bbu instinktu un gandr\u012bz aicina sp\u0113l\u0113ties! Tai piestiprin\u0101tas spalvas, un katra kust\u012bba rada putna ska\u0146u. Papildus rota\u013clieta ir pild\u012bta ar catnip \u2013 kas \u012bpa\u0161i saj\u016bsmina ka\u0137us!<\/p>\n<p data-start=\"1222\" data-end=\"1286\">Bumbi\u0146as ir da\u017e\u0101d\u0101s kr\u0101s\u0101s, un pirc\u0113js sa\u0146em nejau\u0161u variantu.<\/p>\n<p data-start=\"1288\" data-end=\"1332\">Rota\u013clietas aptuvenie izm\u0113ri: 5 x 5 x 3 cm<\/p>\n<p data-start=\"1334\" data-end=\"1352\">Pieejama uzreiz!<\/p>\n","protected":false},"featured_media":47236,"template":"","meta":[],"product_brand":[],"product_cat":[587,590],"product_tag":[],"class_list":{"0":"post-47602","1":"product","2":"type-product","3":"status-publish","4":"has-post-thumbnail","6":"product_cat-rotallietas-dazadi","7":"product_cat-kaku-rotallietas","9":"first","10":"instock","11":"purchasable","12":"product-type-simple"},"yoast_head":"<!-- This site is optimized with the Yoast SEO plugin v27.2 - https:\/\/yoast.com\/product\/yoast-seo-wordpress\/ -->\n<title>Rota\u013clieta ar vilnu AFP, Catnip - MiuMjau<\/title>\n<meta name=\"robots\" content=\"index, follow, max-snippet:-1, max-image-preview:large, max-video-preview:-1\" \/>\n<link rel=\"canonical\" href=\"https:\/\/miumjau.ee\/lv\/produkts\/rotallieta-ar-vilnu-afp-catnip\/\" \/>\n<meta property=\"og:locale\" content=\"lv_LV\" \/>\n<meta property=\"og:type\" content=\"article\" \/>\n<meta property=\"og:title\" content=\"Rota\u013clieta ar vilnu AFP, Catnip - MiuMjau\" \/>\n<meta property=\"og:description\" content=\"\u0160\u012b rota\u013clieta ar vilnu stimul\u0113 ka\u0137a med\u012bbu instinktu un gandr\u012bz aicina sp\u0113l\u0113ties! Tai piestiprin\u0101tas spalvas, un katra kust\u012bba rada putna ska\u0146u. Papildus rota\u013clieta ir pild\u012bta ar catnip \u2013 kas \u012bpa\u0161i saj\u016bsmina ka\u0137us! Bumbi\u0146as ir da\u017e\u0101d\u0101s kr\u0101s\u0101s, un pirc\u0113js sa\u0146em nejau\u0161u variantu. Rota\u013clietas aptuvenie izm\u0113ri: 5 x 5 x 3 cm Pieejama uzreiz!\" \/>\n<meta property=\"og:url\" content=\"https:\/\/miumjau.ee\/lv\/produkts\/rotallieta-ar-vilnu-afp-catnip\/\" \/>\n<meta property=\"og:site_name\" content=\"MiuMjau\" \/>\n<meta property=\"article:publisher\" content=\"https:\/\/www.facebook.com\/miumjaupood\/\" \/>\n<meta property=\"article:modified_time\" content=\"2026-01-07T19:21:35+00:00\" \/>\n<meta property=\"og:image\" content=\"https:\/\/miumjau.ee\/wp-content\/uploads\/2025\/10\/manguasi-kassile-afp-pall3.jpg\" \/>\n\t<meta property=\"og:image:width\" content=\"600\" \/>\n\t<meta property=\"og:image:height\" content=\"800\" \/>\n\t<meta property=\"og:image:type\" content=\"image\/jpeg\" \/>\n<meta name=\"twitter:card\" content=\"summary_large_image\" \/>\n<script type=\"application\/ld+json\" class=\"yoast-schema-graph\">{\"@context\":\"https:\/\/schema.org\",\"@graph\":[{\"@type\":\"WebPage\",\"@id\":\"https:\/\/miumjau.ee\/lv\/produkts\/rotallieta-ar-vilnu-afp-catnip\/\",\"url\":\"https:\/\/miumjau.ee\/lv\/produkts\/rotallieta-ar-vilnu-afp-catnip\/\",\"name\":\"Rota\u013clieta ar vilnu AFP, Catnip - MiuMjau\",\"isPartOf\":{\"@id\":\"https:\/\/miumjau.ee\/#website\"},\"primaryImageOfPage\":{\"@id\":\"https:\/\/miumjau.ee\/lv\/produkts\/rotallieta-ar-vilnu-afp-catnip\/#primaryimage\"},\"image\":{\"@id\":\"https:\/\/miumjau.ee\/lv\/produkts\/rotallieta-ar-vilnu-afp-catnip\/#primaryimage\"},\"thumbnailUrl\":\"https:\/\/miumjau.ee\/wp-content\/uploads\/2025\/10\/manguasi-kassile-afp-pall3.jpg\",\"datePublished\":\"2025-10-27T21:23:20+00:00\",\"dateModified\":\"2026-01-07T19:21:35+00:00\",\"breadcrumb\":{\"@id\":\"https:\/\/miumjau.ee\/lv\/produkts\/rotallieta-ar-vilnu-afp-catnip\/#breadcrumb\"},\"inLanguage\":\"lv-LV\",\"potentialAction\":[{\"@type\":\"ReadAction\",\"target\":[\"https:\/\/miumjau.ee\/lv\/produkts\/rotallieta-ar-vilnu-afp-catnip\/\"]}]},{\"@type\":\"ImageObject\",\"inLanguage\":\"lv-LV\",\"@id\":\"https:\/\/miumjau.ee\/lv\/produkts\/rotallieta-ar-vilnu-afp-catnip\/#primaryimage\",\"url\":\"https:\/\/miumjau.ee\/wp-content\/uploads\/2025\/10\/manguasi-kassile-afp-pall3.jpg\",\"contentUrl\":\"https:\/\/miumjau.ee\/wp-content\/uploads\/2025\/10\/manguasi-kassile-afp-pall3.jpg\",\"width\":600,\"height\":800,\"caption\":\"AFP m\u00e4nguasi pallike catnipiga\"},{\"@type\":\"BreadcrumbList\",\"@id\":\"https:\/\/miumjau.ee\/lv\/produkts\/rotallieta-ar-vilnu-afp-catnip\/#breadcrumb\",\"itemListElement\":[{\"@type\":\"ListItem\",\"position\":1,\"name\":\"Home\",\"item\":\"https:\/\/miumjau.ee\/lv\/\"},{\"@type\":\"ListItem\",\"position\":2,\"name\":\"Veikals\",\"item\":\"https:\/\/miumjau.ee\/lv\/veikals\/\"},{\"@type\":\"ListItem\",\"position\":3,\"name\":\"Rota\u013clieta ar vilnu AFP, Catnip\"}]},{\"@type\":\"WebSite\",\"@id\":\"https:\/\/miumjau.ee\/#website\",\"url\":\"https:\/\/miumjau.ee\/\",\"name\":\"MiuMjau\",\"description\":\"Kraapimispuud kassidele\",\"publisher\":{\"@id\":\"https:\/\/miumjau.ee\/#organization\"},\"potentialAction\":[{\"@type\":\"SearchAction\",\"target\":{\"@type\":\"EntryPoint\",\"urlTemplate\":\"https:\/\/miumjau.ee\/?s={search_term_string}\"},\"query-input\":{\"@type\":\"PropertyValueSpecification\",\"valueRequired\":true,\"valueName\":\"search_term_string\"}}],\"inLanguage\":\"lv-LV\"},{\"@type\":\"Organization\",\"@id\":\"https:\/\/miumjau.ee\/#organization\",\"name\":\"MiuMjau O\u00dc\",\"url\":\"https:\/\/miumjau.ee\/\",\"logo\":{\"@type\":\"ImageObject\",\"inLanguage\":\"lv-LV\",\"@id\":\"https:\/\/miumjau.ee\/#\/schema\/logo\/image\/\",\"url\":\"https:\/\/miumjau.ee\/wp-content\/uploads\/2022\/04\/MiuMjau-logo-kollane.png\",\"contentUrl\":\"https:\/\/miumjau.ee\/wp-content\/uploads\/2022\/04\/MiuMjau-logo-kollane.png\",\"width\":219,\"height\":100,\"caption\":\"MiuMjau O\u00dc\"},\"image\":{\"@id\":\"https:\/\/miumjau.ee\/#\/schema\/logo\/image\/\"},\"sameAs\":[\"https:\/\/www.facebook.com\/miumjaupood\/\"]}]}<\/script>\n<!-- \/ Yoast SEO plugin. -->","yoast_head_json":{"title":"Rota\u013clieta ar vilnu AFP, Catnip - MiuMjau","robots":{"index":"index","follow":"follow","max-snippet":"max-snippet:-1","max-image-preview":"max-image-preview:large","max-video-preview":"max-video-preview:-1"},"canonical":"https:\/\/miumjau.ee\/lv\/produkts\/rotallieta-ar-vilnu-afp-catnip\/","og_locale":"lv_LV","og_type":"article","og_title":"Rota\u013clieta ar vilnu AFP, Catnip - MiuMjau","og_description":"\u0160\u012b rota\u013clieta ar vilnu stimul\u0113 ka\u0137a med\u012bbu instinktu un gandr\u012bz aicina sp\u0113l\u0113ties! Tai piestiprin\u0101tas spalvas, un katra kust\u012bba rada putna ska\u0146u. Papildus rota\u013clieta ir pild\u012bta ar catnip \u2013 kas \u012bpa\u0161i saj\u016bsmina ka\u0137us! Bumbi\u0146as ir da\u017e\u0101d\u0101s kr\u0101s\u0101s, un pirc\u0113js sa\u0146em nejau\u0161u variantu. Rota\u013clietas aptuvenie izm\u0113ri: 5 x 5 x 3 cm Pieejama uzreiz!","og_url":"https:\/\/miumjau.ee\/lv\/produkts\/rotallieta-ar-vilnu-afp-catnip\/","og_site_name":"MiuMjau","article_publisher":"https:\/\/www.facebook.com\/miumjaupood\/","article_modified_time":"2026-01-07T19:21:35+00:00","og_image":[{"width":600,"height":800,"url":"https:\/\/miumjau.ee\/wp-content\/uploads\/2025\/10\/manguasi-kassile-afp-pall3.jpg","type":"image\/jpeg"}],"twitter_card":"summary_large_image","schema":{"@context":"https:\/\/schema.org","@graph":[{"@type":"WebPage","@id":"https:\/\/miumjau.ee\/lv\/produkts\/rotallieta-ar-vilnu-afp-catnip\/","url":"https:\/\/miumjau.ee\/lv\/produkts\/rotallieta-ar-vilnu-afp-catnip\/","name":"Rota\u013clieta ar vilnu AFP, Catnip - MiuMjau","isPartOf":{"@id":"https:\/\/miumjau.ee\/#website"},"primaryImageOfPage":{"@id":"https:\/\/miumjau.ee\/lv\/produkts\/rotallieta-ar-vilnu-afp-catnip\/#primaryimage"},"image":{"@id":"https:\/\/miumjau.ee\/lv\/produkts\/rotallieta-ar-vilnu-afp-catnip\/#primaryimage"},"thumbnailUrl":"https:\/\/miumjau.ee\/wp-content\/uploads\/2025\/10\/manguasi-kassile-afp-pall3.jpg","datePublished":"2025-10-27T21:23:20+00:00","dateModified":"2026-01-07T19:21:35+00:00","breadcrumb":{"@id":"https:\/\/miumjau.ee\/lv\/produkts\/rotallieta-ar-vilnu-afp-catnip\/#breadcrumb"},"inLanguage":"lv-LV","potentialAction":[{"@type":"ReadAction","target":["https:\/\/miumjau.ee\/lv\/produkts\/rotallieta-ar-vilnu-afp-catnip\/"]}]},{"@type":"ImageObject","inLanguage":"lv-LV","@id":"https:\/\/miumjau.ee\/lv\/produkts\/rotallieta-ar-vilnu-afp-catnip\/#primaryimage","url":"https:\/\/miumjau.ee\/wp-content\/uploads\/2025\/10\/manguasi-kassile-afp-pall3.jpg","contentUrl":"https:\/\/miumjau.ee\/wp-content\/uploads\/2025\/10\/manguasi-kassile-afp-pall3.jpg","width":600,"height":800,"caption":"AFP m\u00e4nguasi pallike catnipiga"},{"@type":"BreadcrumbList","@id":"https:\/\/miumjau.ee\/lv\/produkts\/rotallieta-ar-vilnu-afp-catnip\/#breadcrumb","itemListElement":[{"@type":"ListItem","position":1,"name":"Home","item":"https:\/\/miumjau.ee\/lv\/"},{"@type":"ListItem","position":2,"name":"Veikals","item":"https:\/\/miumjau.ee\/lv\/veikals\/"},{"@type":"ListItem","position":3,"name":"Rota\u013clieta ar vilnu AFP, Catnip"}]},{"@type":"WebSite","@id":"https:\/\/miumjau.ee\/#website","url":"https:\/\/miumjau.ee\/","name":"MiuMjau","description":"Kraapimispuud kassidele","publisher":{"@id":"https:\/\/miumjau.ee\/#organization"},"potentialAction":[{"@type":"SearchAction","target":{"@type":"EntryPoint","urlTemplate":"https:\/\/miumjau.ee\/?s={search_term_string}"},"query-input":{"@type":"PropertyValueSpecification","valueRequired":true,"valueName":"search_term_string"}}],"inLanguage":"lv-LV"},{"@type":"Organization","@id":"https:\/\/miumjau.ee\/#organization","name":"MiuMjau O\u00dc","url":"https:\/\/miumjau.ee\/","logo":{"@type":"ImageObject","inLanguage":"lv-LV","@id":"https:\/\/miumjau.ee\/#\/schema\/logo\/image\/","url":"https:\/\/miumjau.ee\/wp-content\/uploads\/2022\/04\/MiuMjau-logo-kollane.png","contentUrl":"https:\/\/miumjau.ee\/wp-content\/uploads\/2022\/04\/MiuMjau-logo-kollane.png","width":219,"height":100,"caption":"MiuMjau O\u00dc"},"image":{"@id":"https:\/\/miumjau.ee\/#\/schema\/logo\/image\/"},"sameAs":["https:\/\/www.facebook.com\/miumjaupood\/"]}]}},"_links":{"self":[{"href":"https:\/\/miumjau.ee\/lv\/wp-json\/wp\/v2\/product\/47602","targetHints":{"allow":["GET"]}}],"collection":[{"href":"https:\/\/miumjau.ee\/lv\/wp-json\/wp\/v2\/product"}],"about":[{"href":"https:\/\/miumjau.ee\/lv\/wp-json\/wp\/v2\/types\/product"}],"wp:featuredmedia":[{"embeddable":true,"href":"https:\/\/miumjau.ee\/lv\/wp-json\/wp\/v2\/media\/47236"}],"wp:attachment":[{"href":"https:\/\/miumjau.ee\/lv\/wp-json\/wp\/v2\/media?parent=47602"}],"wp:term":[{"taxonomy":"product_brand","embeddable":true,"href":"https:\/\/miumjau.ee\/lv\/wp-json\/wp\/v2\/product_brand?post=47602"},{"taxonomy":"product_cat","embeddable":true,"href":"https:\/\/miumjau.ee\/lv\/wp-json\/wp\/v2\/product_cat?post=47602"},{"taxonomy":"product_tag","embeddable":true,"href":"https:\/\/miumjau.ee\/lv\/wp-json\/wp\/v2\/product_tag?post=47602"}],"curies":[{"name":"wp","href":"https:\/\/api.w.org\/{rel}","templated":true}]}}