{"id":47597,"date":"2025-10-28T10:36:16","date_gmt":"2025-10-28T08:36:16","guid":{"rendered":"https:\/\/miumjau.ee\/toode\/brit-care-haircare-ar-lasi-un-vistu-bez-graudiem-2-kg\/"},"modified":"2026-01-07T21:21:44","modified_gmt":"2026-01-07T19:21:44","slug":"brit-care-haircare-ar-lasi-un-vistu-bez-graudiem-2-kg","status":"publish","type":"product","link":"https:\/\/miumjau.ee\/lv\/produkts\/brit-care-haircare-ar-lasi-un-vistu-bez-graudiem-2-kg\/","title":{"rendered":"Brit Care Haircare ar lasi un vistu, bez graudiem 2 kg"},"content":{"rendered":"","protected":false},"excerpt":{"rendered":"<p data-start=\"105\" data-end=\"482\">Brit Care pilnv\u0113rt\u012bga bar\u012bba pieaugu\u0161iem ka\u0137iem, kuru apmatojumam nepiecie\u0161ama \u012bpa\u0161a kop\u0161ana.<br data-start=\"198\" data-end=\"201\" \/>Hipoaler\u0123iska, bezgraudu formula ar augstu \u0161\u0137iedrvielu saturu, kas veicina apmatojuma kamolu izvad\u012b\u0161anu. Augstas kvalit\u0101tes dz\u012bvnieku olbaltumvielas pal\u012bdz uztur\u0113t musku\u013cus stingrus un sp\u0113c\u012bgus. Kop\u0101 ar taur\u012bnu \u2013 ka\u0137iem b\u016btisku uzturvielu \u2013 t\u0101 veicina labu redzi un sirds vesel\u012bbu.<\/p>\n<p data-start=\"484\" data-end=\"965\"><strong data-start=\"484\" data-end=\"524\">SVAIGA LASIS, VISTAS GA\u013bA, LINS\u0112KLAS<\/strong> \u2013 dab\u012bgi omega-3 un omega-6 tauksk\u0101bju avoti vesel\u012bgai \u0101dai un sp\u012bd\u012bgam apmatojumam.<br data-start=\"609\" data-end=\"612\" \/><strong data-start=\"612\" data-end=\"628\">\u0160\u0136IEDRVIELAS<\/strong> \u2013 sast\u0101vda\u013cas ar augstu \u0161\u0137iedrvielu saturu pal\u012bdz izvad\u012bt spalvu kamolus. \u0160\u0137iedra rada s\u0101ta saj\u016btu, kas samazina bar\u012bbas pat\u0113ri\u0146u un pal\u012bdz kontrol\u0113t svaru.<br data-start=\"785\" data-end=\"788\" \/><strong data-start=\"788\" data-end=\"818\">PROBIOTIKAS UN PREBIOTIKAS<\/strong> stiprina im\u016bnsist\u0113mu un atbalsta gremo\u0161anu.<br data-start=\"862\" data-end=\"865\" \/>Bez graudiem \u2013 <strong data-start=\"880\" data-end=\"965\">NESATUR m\u0101ksl\u012bg\u0101s kr\u0101svielas \u2013 NESATUR konservantus \u2013 NESATUR \u0122MO \u2013 NESATUR soju.<\/strong><\/p>\n<h3 data-start=\"967\" data-end=\"985\"><strong data-start=\"971\" data-end=\"983\">Sast\u0101vs:<\/strong><\/h3>\n<p data-start=\"986\" data-end=\"1553\">Svaiga la\u0161a ga\u013ca (26%), dehidrat\u0113ta vistas ga\u013ca (26%), dzeltenie zir\u0146i (14%), turku zir\u0146i (8%), m\u0101jputnu tauki (saglab\u0101ti ar tokoferoliem, 6%), \u017e\u0101v\u0113ti \u0101boli (6%), la\u0161a e\u013c\u013ca (3%), ce\u013cteka \u2013 mizi\u0146as un s\u0113klas (2%), lins\u0113klas (2%), hidroliz\u0113tas vistas aknas (2%), alus raugs (2%), kalt\u0113tas a\u013c\u0123es (1,5%, <em data-start=\"1286\" data-end=\"1312\">Schizochytrium limacinum<\/em>), kalt\u0113ta kumel\u012bte (0,5%), miner\u0101lvielas, kalt\u0113ts smilts\u0113rk\u0161\u0137is (0,3%), kalt\u0113tas dz\u0113rvenes (0,2%), fruktooligosahar\u012bdi (0,015%), mann\u0101na oligosahar\u012bdi (0,015%), juka (0,008%), <em data-start=\"1489\" data-end=\"1516\">Lactobacillus acidophilus<\/em> HA\u2013122 inaktiv\u0113ts (15\u00d710\u2079 \u0161\u016bnas\/kg).<\/p>\n<h3 data-start=\"1555\" data-end=\"1586\"><strong data-start=\"1559\" data-end=\"1584\">Anal\u012btiskais sast\u0101vs:<\/strong><\/h3>\n<p data-start=\"1587\" data-end=\"1751\">Kopprote\u012bns 31,0%, koptauki 16,0%, \u0161\u0137iedrvielas 4,0%, pelni 8,5%, mitrums 10,0%, omega-3 1,2%, omega-6 2,0%, kalcijs 1,1%, fosfors 0,9%, n\u0101trijs 0,9%, magnijs 0,1%.<\/p>\n<h3 data-start=\"1753\" data-end=\"1783\"><strong data-start=\"1757\" data-end=\"1781\">Uzturvielu piedevas:<\/strong><\/h3>\n<p data-start=\"1784\" data-end=\"2195\">A vitam\u012bns 20 000 SV, D3 vitam\u012bns 800 SV, E vitam\u012bns 600 mg, C vitam\u012bns 300 mg, taur\u012bns 2 500 mg, L-karnit\u012bns 50 mg, hol\u012bna hlor\u012bds 2 500 mg, biot\u012bns 2 mg, B1 vitam\u012bns 10 mg, B2 vitam\u012bns 12 mg, niac\u012bnam\u012bds 50 mg, kalcija-D-pantoten\u0101ts 40 mg, B6 vitam\u012bns 10 mg, folijsk\u0101be 2 mg, B12 vitam\u012bns 0,04 mg, cinks 120 mg, dzelzs 45 mg, mang\u0101ns 55 mg, k\u0101lija jod\u012bds 4 mg, var\u0161 10 mg, sel\u0113ns 0,2 mg, L-metion\u012bns 2 000 mg.<\/p>\n<p data-start=\"2197\" data-end=\"2338\">Satur ES apstiprin\u0101tos dab\u012bgos antioksidantus: tokoferolu ekstraktus no augu e\u013c\u013cas (1b306), askorbilpalmit\u0101tu (1b304) un rozmar\u012bna ekstraktu.<\/p>\n<p data-start=\"2340\" data-end=\"2383\"><strong data-start=\"2340\" data-end=\"2368\">Metaboliz\u0113jam\u0101 ener\u0123ija:<\/strong> 3 720 kcal\/kg.<\/p>\n","protected":false},"featured_media":47598,"template":"","meta":[],"product_brand":[],"product_cat":[569],"product_tag":[],"class_list":{"0":"post-47597","1":"product","2":"type-product","3":"status-publish","4":"has-post-thumbnail","6":"product_cat-sausa-bariba","8":"first","9":"outofstock","10":"sale","11":"taxable","12":"shipping-taxable","13":"purchasable","14":"product-type-simple"},"yoast_head":"<!-- This site is optimized with the Yoast SEO plugin v27.4 - https:\/\/yoast.com\/product\/yoast-seo-wordpress\/ -->\n<title>Brit Care Haircare ar lasi un vistu, bez graudiem 2 kg - MiuMjau<\/title>\n<meta name=\"robots\" content=\"index, follow, max-snippet:-1, max-image-preview:large, max-video-preview:-1\" \/>\n<link rel=\"canonical\" href=\"https:\/\/miumjau.ee\/lv\/produkts\/brit-care-haircare-ar-lasi-un-vistu-bez-graudiem-2-kg\/\" \/>\n<meta property=\"og:locale\" content=\"lv_LV\" \/>\n<meta property=\"og:type\" content=\"article\" \/>\n<meta property=\"og:title\" content=\"Brit Care Haircare ar lasi un vistu, bez graudiem 2 kg - MiuMjau\" \/>\n<meta property=\"og:description\" content=\"Brit Care pilnv\u0113rt\u012bga bar\u012bba pieaugu\u0161iem ka\u0137iem, kuru apmatojumam nepiecie\u0161ama \u012bpa\u0161a kop\u0161ana.Hipoaler\u0123iska, bezgraudu formula ar augstu \u0161\u0137iedrvielu saturu, kas veicina apmatojuma kamolu izvad\u012b\u0161anu. Augstas kvalit\u0101tes dz\u012bvnieku olbaltumvielas pal\u012bdz uztur\u0113t musku\u013cus stingrus un sp\u0113c\u012bgus. Kop\u0101 ar taur\u012bnu \u2013 ka\u0137iem b\u016btisku uzturvielu \u2013 t\u0101 veicina labu redzi un sirds vesel\u012bbu. SVAIGA LASIS, VISTAS GA\u013bA, LINS\u0112KLAS \u2013 dab\u012bgi omega-3 un omega-6 tauksk\u0101bju avoti vesel\u012bgai \u0101dai un sp\u012bd\u012bgam apmatojumam.\u0160\u0136IEDRVIELAS \u2013 sast\u0101vda\u013cas ar augstu \u0161\u0137iedrvielu saturu pal\u012bdz izvad\u012bt spalvu kamolus. \u0160\u0137iedra rada s\u0101ta saj\u016btu, kas samazina bar\u012bbas pat\u0113ri\u0146u un pal\u012bdz kontrol\u0113t svaru.PROBIOTIKAS UN PREBIOTIKAS stiprina im\u016bnsist\u0113mu un atbalsta gremo\u0161anu.Bez graudiem \u2013 NESATUR m\u0101ksl\u012bg\u0101s kr\u0101svielas \u2013 NESATUR konservantus \u2013 NESATUR \u0122MO \u2013 NESATUR soju.  Sast\u0101vs: Svaiga la\u0161a ga\u013ca (26%), dehidrat\u0113ta vistas ga\u013ca (26%), dzeltenie zir\u0146i (14%), turku zir\u0146i (8%), m\u0101jputnu tauki (saglab\u0101ti ar tokoferoliem, 6%), \u017e\u0101v\u0113ti \u0101boli (6%), la\u0161a e\u013c\u013ca (3%), ce\u013cteka \u2013 mizi\u0146as un s\u0113klas (2%), lins\u0113klas (2%), hidroliz\u0113tas vistas aknas (2%), alus raugs (2%), kalt\u0113tas a\u013c\u0123es (1,5%, Schizochytrium limacinum), kalt\u0113ta kumel\u012bte (0,5%), miner\u0101lvielas, kalt\u0113ts smilts\u0113rk\u0161\u0137is (0,3%), kalt\u0113tas dz\u0113rvenes (0,2%), fruktooligosahar\u012bdi (0,015%), mann\u0101na oligosahar\u012bdi (0,015%), juka (0,008%), Lactobacillus acidophilus HA\u2013122 inaktiv\u0113ts (15\u00d710\u2079 \u0161\u016bnas\/kg).  Anal\u012btiskais sast\u0101vs: Kopprote\u012bns 31,0%, koptauki 16,0%, \u0161\u0137iedrvielas 4,0%, pelni 8,5%, mitrums 10,0%, omega-3 1,2%, omega-6 2,0%, kalcijs 1,1%, fosfors 0,9%, n\u0101trijs 0,9%, magnijs 0,1%.  Uzturvielu piedevas: A vitam\u012bns 20 000 SV, D3 vitam\u012bns 800 SV, E vitam\u012bns 600 mg, C vitam\u012bns 300 mg, taur\u012bns 2 500 mg, L-karnit\u012bns 50 mg, hol\u012bna hlor\u012bds 2 500 mg, biot\u012bns 2 mg, B1 vitam\u012bns 10 mg, B2 vitam\u012bns 12 mg, niac\u012bnam\u012bds 50 mg, kalcija-D-pantoten\u0101ts 40 mg, B6 vitam\u012bns 10 mg, folijsk\u0101be 2 mg, B12 vitam\u012bns 0,04 mg, cinks 120 mg, dzelzs 45 mg, mang\u0101ns 55 mg, k\u0101lija jod\u012bds 4 mg, var\u0161 10 mg, sel\u0113ns 0,2 mg, L-metion\u012bns 2 000 mg. Satur ES apstiprin\u0101tos dab\u012bgos antioksidantus: tokoferolu ekstraktus no augu e\u013c\u013cas (1b306), askorbilpalmit\u0101tu (1b304) un rozmar\u012bna ekstraktu. Metaboliz\u0113jam\u0101 ener\u0123ija: 3 720 kcal\/kg.\" \/>\n<meta property=\"og:url\" content=\"https:\/\/miumjau.ee\/lv\/produkts\/brit-care-haircare-ar-lasi-un-vistu-bez-graudiem-2-kg\/\" \/>\n<meta property=\"og:site_name\" content=\"MiuMjau\" \/>\n<meta property=\"article:publisher\" content=\"https:\/\/www.facebook.com\/miumjaupood\/\" \/>\n<meta property=\"article:modified_time\" content=\"2026-01-07T19:21:44+00:00\" \/>\n<meta property=\"og:image\" content=\"https:\/\/miumjau.ee\/wp-content\/uploads\/2025\/03\/brit-care-kuivtoit-kassidele-7kg2.webp\" \/>\n\t<meta property=\"og:image:width\" content=\"600\" \/>\n\t<meta property=\"og:image:height\" content=\"800\" \/>\n\t<meta property=\"og:image:type\" content=\"image\/webp\" \/>\n<meta name=\"twitter:card\" content=\"summary_large_image\" \/>\n<script type=\"application\/ld+json\" class=\"yoast-schema-graph\">{\"@context\":\"https:\\\/\\\/schema.org\",\"@graph\":[{\"@type\":\"WebPage\",\"@id\":\"https:\\\/\\\/miumjau.ee\\\/lv\\\/produkts\\\/brit-care-haircare-ar-lasi-un-vistu-bez-graudiem-2-kg\\\/\",\"url\":\"https:\\\/\\\/miumjau.ee\\\/lv\\\/produkts\\\/brit-care-haircare-ar-lasi-un-vistu-bez-graudiem-2-kg\\\/\",\"name\":\"Brit Care Haircare ar lasi un vistu, bez graudiem 2 kg - MiuMjau\",\"isPartOf\":{\"@id\":\"https:\\\/\\\/miumjau.ee\\\/#website\"},\"primaryImageOfPage\":{\"@id\":\"https:\\\/\\\/miumjau.ee\\\/lv\\\/produkts\\\/brit-care-haircare-ar-lasi-un-vistu-bez-graudiem-2-kg\\\/#primaryimage\"},\"image\":{\"@id\":\"https:\\\/\\\/miumjau.ee\\\/lv\\\/produkts\\\/brit-care-haircare-ar-lasi-un-vistu-bez-graudiem-2-kg\\\/#primaryimage\"},\"thumbnailUrl\":\"https:\\\/\\\/miumjau.ee\\\/wp-content\\\/uploads\\\/2025\\\/03\\\/brit-care-kuivtoit-kassidele-7kg2.webp\",\"datePublished\":\"2025-10-28T08:36:16+00:00\",\"dateModified\":\"2026-01-07T19:21:44+00:00\",\"breadcrumb\":{\"@id\":\"https:\\\/\\\/miumjau.ee\\\/lv\\\/produkts\\\/brit-care-haircare-ar-lasi-un-vistu-bez-graudiem-2-kg\\\/#breadcrumb\"},\"inLanguage\":\"lv-LV\",\"potentialAction\":[{\"@type\":\"ReadAction\",\"target\":[\"https:\\\/\\\/miumjau.ee\\\/lv\\\/produkts\\\/brit-care-haircare-ar-lasi-un-vistu-bez-graudiem-2-kg\\\/\"]}]},{\"@type\":\"ImageObject\",\"inLanguage\":\"lv-LV\",\"@id\":\"https:\\\/\\\/miumjau.ee\\\/lv\\\/produkts\\\/brit-care-haircare-ar-lasi-un-vistu-bez-graudiem-2-kg\\\/#primaryimage\",\"url\":\"https:\\\/\\\/miumjau.ee\\\/wp-content\\\/uploads\\\/2025\\\/03\\\/brit-care-kuivtoit-kassidele-7kg2.webp\",\"contentUrl\":\"https:\\\/\\\/miumjau.ee\\\/wp-content\\\/uploads\\\/2025\\\/03\\\/brit-care-kuivtoit-kassidele-7kg2.webp\",\"width\":600,\"height\":800},{\"@type\":\"BreadcrumbList\",\"@id\":\"https:\\\/\\\/miumjau.ee\\\/lv\\\/produkts\\\/brit-care-haircare-ar-lasi-un-vistu-bez-graudiem-2-kg\\\/#breadcrumb\",\"itemListElement\":[{\"@type\":\"ListItem\",\"position\":1,\"name\":\"Home\",\"item\":\"https:\\\/\\\/miumjau.ee\\\/lv\\\/\"},{\"@type\":\"ListItem\",\"position\":2,\"name\":\"Veikals\",\"item\":\"https:\\\/\\\/miumjau.ee\\\/lv\\\/veikals\\\/\"},{\"@type\":\"ListItem\",\"position\":3,\"name\":\"Brit Care Haircare ar lasi un vistu, bez graudiem 2 kg\"}]},{\"@type\":\"WebSite\",\"@id\":\"https:\\\/\\\/miumjau.ee\\\/#website\",\"url\":\"https:\\\/\\\/miumjau.ee\\\/\",\"name\":\"MiuMjau\",\"description\":\"Kraapimispuud kassidele\",\"publisher\":{\"@id\":\"https:\\\/\\\/miumjau.ee\\\/#organization\"},\"potentialAction\":[{\"@type\":\"SearchAction\",\"target\":{\"@type\":\"EntryPoint\",\"urlTemplate\":\"https:\\\/\\\/miumjau.ee\\\/?s={search_term_string}\"},\"query-input\":{\"@type\":\"PropertyValueSpecification\",\"valueRequired\":true,\"valueName\":\"search_term_string\"}}],\"inLanguage\":\"lv-LV\"},{\"@type\":\"Organization\",\"@id\":\"https:\\\/\\\/miumjau.ee\\\/#organization\",\"name\":\"MiuMjau O\u00dc\",\"url\":\"https:\\\/\\\/miumjau.ee\\\/\",\"logo\":{\"@type\":\"ImageObject\",\"inLanguage\":\"lv-LV\",\"@id\":\"https:\\\/\\\/miumjau.ee\\\/#\\\/schema\\\/logo\\\/image\\\/\",\"url\":\"https:\\\/\\\/miumjau.ee\\\/wp-content\\\/uploads\\\/2022\\\/04\\\/MiuMjau-logo-kollane.png\",\"contentUrl\":\"https:\\\/\\\/miumjau.ee\\\/wp-content\\\/uploads\\\/2022\\\/04\\\/MiuMjau-logo-kollane.png\",\"width\":219,\"height\":100,\"caption\":\"MiuMjau O\u00dc\"},\"image\":{\"@id\":\"https:\\\/\\\/miumjau.ee\\\/#\\\/schema\\\/logo\\\/image\\\/\"},\"sameAs\":[\"https:\\\/\\\/www.facebook.com\\\/miumjaupood\\\/\"]}]}<\/script>\n<!-- \/ Yoast SEO plugin. -->","yoast_head_json":{"title":"Brit Care Haircare ar lasi un vistu, bez graudiem 2 kg - MiuMjau","robots":{"index":"index","follow":"follow","max-snippet":"max-snippet:-1","max-image-preview":"max-image-preview:large","max-video-preview":"max-video-preview:-1"},"canonical":"https:\/\/miumjau.ee\/lv\/produkts\/brit-care-haircare-ar-lasi-un-vistu-bez-graudiem-2-kg\/","og_locale":"lv_LV","og_type":"article","og_title":"Brit Care Haircare ar lasi un vistu, bez graudiem 2 kg - MiuMjau","og_description":"Brit Care pilnv\u0113rt\u012bga bar\u012bba pieaugu\u0161iem ka\u0137iem, kuru apmatojumam nepiecie\u0161ama \u012bpa\u0161a kop\u0161ana.Hipoaler\u0123iska, bezgraudu formula ar augstu \u0161\u0137iedrvielu saturu, kas veicina apmatojuma kamolu izvad\u012b\u0161anu. Augstas kvalit\u0101tes dz\u012bvnieku olbaltumvielas pal\u012bdz uztur\u0113t musku\u013cus stingrus un sp\u0113c\u012bgus. Kop\u0101 ar taur\u012bnu \u2013 ka\u0137iem b\u016btisku uzturvielu \u2013 t\u0101 veicina labu redzi un sirds vesel\u012bbu. SVAIGA LASIS, VISTAS GA\u013bA, LINS\u0112KLAS \u2013 dab\u012bgi omega-3 un omega-6 tauksk\u0101bju avoti vesel\u012bgai \u0101dai un sp\u012bd\u012bgam apmatojumam.\u0160\u0136IEDRVIELAS \u2013 sast\u0101vda\u013cas ar augstu \u0161\u0137iedrvielu saturu pal\u012bdz izvad\u012bt spalvu kamolus. \u0160\u0137iedra rada s\u0101ta saj\u016btu, kas samazina bar\u012bbas pat\u0113ri\u0146u un pal\u012bdz kontrol\u0113t svaru.PROBIOTIKAS UN PREBIOTIKAS stiprina im\u016bnsist\u0113mu un atbalsta gremo\u0161anu.Bez graudiem \u2013 NESATUR m\u0101ksl\u012bg\u0101s kr\u0101svielas \u2013 NESATUR konservantus \u2013 NESATUR \u0122MO \u2013 NESATUR soju.  Sast\u0101vs: Svaiga la\u0161a ga\u013ca (26%), dehidrat\u0113ta vistas ga\u013ca (26%), dzeltenie zir\u0146i (14%), turku zir\u0146i (8%), m\u0101jputnu tauki (saglab\u0101ti ar tokoferoliem, 6%), \u017e\u0101v\u0113ti \u0101boli (6%), la\u0161a e\u013c\u013ca (3%), ce\u013cteka \u2013 mizi\u0146as un s\u0113klas (2%), lins\u0113klas (2%), hidroliz\u0113tas vistas aknas (2%), alus raugs (2%), kalt\u0113tas a\u013c\u0123es (1,5%, Schizochytrium limacinum), kalt\u0113ta kumel\u012bte (0,5%), miner\u0101lvielas, kalt\u0113ts smilts\u0113rk\u0161\u0137is (0,3%), kalt\u0113tas dz\u0113rvenes (0,2%), fruktooligosahar\u012bdi (0,015%), mann\u0101na oligosahar\u012bdi (0,015%), juka (0,008%), Lactobacillus acidophilus HA\u2013122 inaktiv\u0113ts (15\u00d710\u2079 \u0161\u016bnas\/kg).  Anal\u012btiskais sast\u0101vs: Kopprote\u012bns 31,0%, koptauki 16,0%, \u0161\u0137iedrvielas 4,0%, pelni 8,5%, mitrums 10,0%, omega-3 1,2%, omega-6 2,0%, kalcijs 1,1%, fosfors 0,9%, n\u0101trijs 0,9%, magnijs 0,1%.  Uzturvielu piedevas: A vitam\u012bns 20 000 SV, D3 vitam\u012bns 800 SV, E vitam\u012bns 600 mg, C vitam\u012bns 300 mg, taur\u012bns 2 500 mg, L-karnit\u012bns 50 mg, hol\u012bna hlor\u012bds 2 500 mg, biot\u012bns 2 mg, B1 vitam\u012bns 10 mg, B2 vitam\u012bns 12 mg, niac\u012bnam\u012bds 50 mg, kalcija-D-pantoten\u0101ts 40 mg, B6 vitam\u012bns 10 mg, folijsk\u0101be 2 mg, B12 vitam\u012bns 0,04 mg, cinks 120 mg, dzelzs 45 mg, mang\u0101ns 55 mg, k\u0101lija jod\u012bds 4 mg, var\u0161 10 mg, sel\u0113ns 0,2 mg, L-metion\u012bns 2 000 mg. Satur ES apstiprin\u0101tos dab\u012bgos antioksidantus: tokoferolu ekstraktus no augu e\u013c\u013cas (1b306), askorbilpalmit\u0101tu (1b304) un rozmar\u012bna ekstraktu. Metaboliz\u0113jam\u0101 ener\u0123ija: 3 720 kcal\/kg.","og_url":"https:\/\/miumjau.ee\/lv\/produkts\/brit-care-haircare-ar-lasi-un-vistu-bez-graudiem-2-kg\/","og_site_name":"MiuMjau","article_publisher":"https:\/\/www.facebook.com\/miumjaupood\/","article_modified_time":"2026-01-07T19:21:44+00:00","og_image":[{"width":600,"height":800,"url":"https:\/\/miumjau.ee\/wp-content\/uploads\/2025\/03\/brit-care-kuivtoit-kassidele-7kg2.webp","type":"image\/webp"}],"twitter_card":"summary_large_image","schema":{"@context":"https:\/\/schema.org","@graph":[{"@type":"WebPage","@id":"https:\/\/miumjau.ee\/lv\/produkts\/brit-care-haircare-ar-lasi-un-vistu-bez-graudiem-2-kg\/","url":"https:\/\/miumjau.ee\/lv\/produkts\/brit-care-haircare-ar-lasi-un-vistu-bez-graudiem-2-kg\/","name":"Brit Care Haircare ar lasi un vistu, bez graudiem 2 kg - MiuMjau","isPartOf":{"@id":"https:\/\/miumjau.ee\/#website"},"primaryImageOfPage":{"@id":"https:\/\/miumjau.ee\/lv\/produkts\/brit-care-haircare-ar-lasi-un-vistu-bez-graudiem-2-kg\/#primaryimage"},"image":{"@id":"https:\/\/miumjau.ee\/lv\/produkts\/brit-care-haircare-ar-lasi-un-vistu-bez-graudiem-2-kg\/#primaryimage"},"thumbnailUrl":"https:\/\/miumjau.ee\/wp-content\/uploads\/2025\/03\/brit-care-kuivtoit-kassidele-7kg2.webp","datePublished":"2025-10-28T08:36:16+00:00","dateModified":"2026-01-07T19:21:44+00:00","breadcrumb":{"@id":"https:\/\/miumjau.ee\/lv\/produkts\/brit-care-haircare-ar-lasi-un-vistu-bez-graudiem-2-kg\/#breadcrumb"},"inLanguage":"lv-LV","potentialAction":[{"@type":"ReadAction","target":["https:\/\/miumjau.ee\/lv\/produkts\/brit-care-haircare-ar-lasi-un-vistu-bez-graudiem-2-kg\/"]}]},{"@type":"ImageObject","inLanguage":"lv-LV","@id":"https:\/\/miumjau.ee\/lv\/produkts\/brit-care-haircare-ar-lasi-un-vistu-bez-graudiem-2-kg\/#primaryimage","url":"https:\/\/miumjau.ee\/wp-content\/uploads\/2025\/03\/brit-care-kuivtoit-kassidele-7kg2.webp","contentUrl":"https:\/\/miumjau.ee\/wp-content\/uploads\/2025\/03\/brit-care-kuivtoit-kassidele-7kg2.webp","width":600,"height":800},{"@type":"BreadcrumbList","@id":"https:\/\/miumjau.ee\/lv\/produkts\/brit-care-haircare-ar-lasi-un-vistu-bez-graudiem-2-kg\/#breadcrumb","itemListElement":[{"@type":"ListItem","position":1,"name":"Home","item":"https:\/\/miumjau.ee\/lv\/"},{"@type":"ListItem","position":2,"name":"Veikals","item":"https:\/\/miumjau.ee\/lv\/veikals\/"},{"@type":"ListItem","position":3,"name":"Brit Care Haircare ar lasi un vistu, bez graudiem 2 kg"}]},{"@type":"WebSite","@id":"https:\/\/miumjau.ee\/#website","url":"https:\/\/miumjau.ee\/","name":"MiuMjau","description":"Kraapimispuud kassidele","publisher":{"@id":"https:\/\/miumjau.ee\/#organization"},"potentialAction":[{"@type":"SearchAction","target":{"@type":"EntryPoint","urlTemplate":"https:\/\/miumjau.ee\/?s={search_term_string}"},"query-input":{"@type":"PropertyValueSpecification","valueRequired":true,"valueName":"search_term_string"}}],"inLanguage":"lv-LV"},{"@type":"Organization","@id":"https:\/\/miumjau.ee\/#organization","name":"MiuMjau O\u00dc","url":"https:\/\/miumjau.ee\/","logo":{"@type":"ImageObject","inLanguage":"lv-LV","@id":"https:\/\/miumjau.ee\/#\/schema\/logo\/image\/","url":"https:\/\/miumjau.ee\/wp-content\/uploads\/2022\/04\/MiuMjau-logo-kollane.png","contentUrl":"https:\/\/miumjau.ee\/wp-content\/uploads\/2022\/04\/MiuMjau-logo-kollane.png","width":219,"height":100,"caption":"MiuMjau O\u00dc"},"image":{"@id":"https:\/\/miumjau.ee\/#\/schema\/logo\/image\/"},"sameAs":["https:\/\/www.facebook.com\/miumjaupood\/"]}]}},"_links":{"self":[{"href":"https:\/\/miumjau.ee\/lv\/wp-json\/wp\/v2\/product\/47597","targetHints":{"allow":["GET"]}}],"collection":[{"href":"https:\/\/miumjau.ee\/lv\/wp-json\/wp\/v2\/product"}],"about":[{"href":"https:\/\/miumjau.ee\/lv\/wp-json\/wp\/v2\/types\/product"}],"wp:featuredmedia":[{"embeddable":true,"href":"https:\/\/miumjau.ee\/lv\/wp-json\/wp\/v2\/media\/47598"}],"wp:attachment":[{"href":"https:\/\/miumjau.ee\/lv\/wp-json\/wp\/v2\/media?parent=47597"}],"wp:term":[{"taxonomy":"product_brand","embeddable":true,"href":"https:\/\/miumjau.ee\/lv\/wp-json\/wp\/v2\/product_brand?post=47597"},{"taxonomy":"product_cat","embeddable":true,"href":"https:\/\/miumjau.ee\/lv\/wp-json\/wp\/v2\/product_cat?post=47597"},{"taxonomy":"product_tag","embeddable":true,"href":"https:\/\/miumjau.ee\/lv\/wp-json\/wp\/v2\/product_tag?post=47597"}],"curies":[{"name":"wp","href":"https:\/\/api.w.org\/{rel}","templated":true}]}}