{"id":47595,"date":"2025-10-28T10:26:05","date_gmt":"2025-10-28T08:26:05","guid":{"rendered":"https:\/\/miumjau.ee\/toode\/brit-care-sensitive-ar-kukainu-proteinu-un-svaigu-silki-2-kg\/"},"modified":"2026-01-07T21:21:44","modified_gmt":"2026-01-07T19:21:44","slug":"brit-care-sensitive-ar-kukainu-proteinu-un-svaigu-silki-2-kg","status":"publish","type":"product","link":"https:\/\/miumjau.ee\/lv\/produkts\/brit-care-sensitive-ar-kukainu-proteinu-un-svaigu-silki-2-kg\/","title":{"rendered":"Brit Care Sensitive ar kukai\u0146u prote\u012bnu un svaigu si\u013c\u0137i 2 kg"},"content":{"rendered":"","protected":false},"excerpt":{"rendered":"<p data-start=\"126\" data-end=\"246\">Brit Care pilnv\u0113rt\u012bga bar\u012bba pieaugu\u0161iem ka\u0137iem. Graudu nesaturo\u0161a, hipoaler\u0123iska formula ka\u0137iem ar p\u0101rtikas nepanes\u012bbu.<\/p>\n<p data-start=\"248\" data-end=\"462\">Bag\u0101ta ar omega-3 un omega-6 tauksk\u0101b\u0113m, kas nodro\u0161ina sp\u012bd\u012bgu apmatojumu un vesel\u012bgu \u0101du. Kuku\u0146u prote\u012bns atbalsta gremo\u0161anu un samazina p\u0101rtikas aler\u0123iju risku. Jauns, ilgtsp\u0113j\u012bgs prote\u012bna avots ar zemu CO\u2082 p\u0113du.<\/p>\n<p data-start=\"464\" data-end=\"1093\"><strong data-start=\"464\" data-end=\"555\">KUKAI\u0145I \u2013 jauns prote\u012bna avots &amp; L.I.D. \u2013 lieliska sagremojam\u012bba \u2013 zems aler\u0123ijas risks<\/strong><br data-start=\"555\" data-end=\"558\" \/><strong data-start=\"558\" data-end=\"588\">PROBIOTIKAS UN PREBIOTIKAS<\/strong> pal\u012bdz uztur\u0113t vesel\u012bgu gremo\u0161anas traktu un im\u016bnsist\u0113mu.<br data-start=\"646\" data-end=\"649\" \/><strong data-start=\"649\" data-end=\"666\">SMILTS\u0112RK\u0160\u0136IS<\/strong> atbalsta nieru un ur\u012bnce\u013cu vesel\u012bbu.<br data-start=\"703\" data-end=\"706\" \/><strong data-start=\"706\" data-end=\"734\">PIPARMI\u0112TRA (Motherwort)<\/strong> dab\u012bgi mazina stresu, stabiliz\u0113 sirds darb\u012bbu un pazemina augstu asinsspiedienu, pal\u012bdzot istabas ka\u0137iem lab\u0101k tikt gal\u0101 ar stresu.<br data-start=\"866\" data-end=\"869\" \/>Augsts <strong data-start=\"876\" data-end=\"898\">omega-3 un omega-6<\/strong> saturs \u2013 veselai \u0101dai un sp\u012bd\u012bgam apmatojumam.<br data-start=\"945\" data-end=\"948\" \/>Satur <strong data-start=\"954\" data-end=\"975\">kokosriekstu e\u013c\u013cu<\/strong> \u2013 <strong data-start=\"978\" data-end=\"1003\">NESATUR vistas taukus<\/strong>.<br data-start=\"1004\" data-end=\"1007\" \/><strong data-start=\"1007\" data-end=\"1093\">Bez graudiem \u2013 BEZ m\u0101ksl\u012bg\u0101m kr\u0101sviel\u0101m \u2013 BEZ konservantiem \u2013 BEZ \u0122MO \u2013 BEZ sojas.<\/strong><\/p>\n<p data-start=\"1095\" data-end=\"1591\"><strong data-start=\"1095\" data-end=\"1107\">Sast\u0101vs:<\/strong> svaiga si\u013c\u0137e (26%), dzeltenie zir\u0146i (23%), dehidrat\u0113ta si\u013c\u0137e (20%), dehidrat\u0113ti kukai\u0146i (14%), kokosriekstu e\u013c\u013ca (ar tokoferoliem, 8%), si\u013c\u0137u e\u013c\u013ca (2%), dab\u012bga hidroliz\u0113ta aknu gar\u0161viela (2%), \u017e\u0101v\u0113ti \u0101boli (2%), lins\u0113klas (1%), \u017e\u0101v\u0113ta m\u0101tere (0,5%), \u017e\u0101v\u0113t\u0101 kumel\u012bte (0,5%), zir\u0146u milti, \u017e\u0101v\u0113ts smilts\u0113rk\u0161\u0137is (0,3%), \u017e\u0101v\u0113tas dz\u0113rvenes (0,2%), fruktooligosahar\u012bdi (0,015%), mann\u0101na oligosahar\u012bdi (0,015%), juka (0,008%), <em data-start=\"1527\" data-end=\"1554\">Lactobacillus acidophilus<\/em> HA\u2013122 inaktiv\u0113ts (15\u00d710\u2079 \u0161\u016bnas\/kg).<\/p>\n<p data-start=\"1593\" data-end=\"1805\"><strong data-start=\"1593\" data-end=\"1618\">Anal\u012btiskais sast\u0101vs:<\/strong> kopprote\u012bns 34,0%, koptauki 16,0%, \u0161\u0137iedrvielas 1,2%, pelni 8,2%, mitrums 10,0%, omega-3 tauksk\u0101bes 0,8%, omega-6 tauksk\u0101bes 2,2%, kalcijs 1,1%, fosfors 0,8%, n\u0101trijs 1,0%, magnijs 0,1%.<\/p>\n<p data-start=\"1807\" data-end=\"2245\"><strong data-start=\"1807\" data-end=\"1831\">Uzturvielu piedevas:<\/strong><br data-start=\"1831\" data-end=\"1834\" \/>A vitam\u012bns 20 000 SV, D3 vitam\u012bns 800 SV, E vitam\u012bns 600 mg, C vitam\u012bns 300 mg, taur\u012bns 2 500 mg, L-karnit\u012bns 50 mg, hol\u012bna hlor\u012bds 2 500 mg, biot\u012bns 2 mg, B1 vitam\u012bns 10 mg, B2 vitam\u012bns 12 mg, niac\u012bnam\u012bds 50 mg, kalcija-D-pantoten\u0101ts 40 mg, B6 vitam\u012bns 10 mg, folijsk\u0101be 2 mg, B12 vitam\u012bns 0,04 mg, cinks 120 mg, dzelzs 45 mg, mang\u0101ns 55 mg, k\u0101lija jod\u012bds 4 mg, var\u0161 10 mg, sel\u0113ns 0,2 mg, L-metion\u012bns 2 000 mg.<\/p>\n<p data-start=\"2247\" data-end=\"2372\">Satur ES apstiprin\u0101tus dab\u012bgos antioksidantus: tokoferolu ekstraktus no augu e\u013c\u013cas, askorbilpalmit\u0101tu un rozmar\u012bna ekstraktu.<\/p>\n<p data-start=\"2374\" data-end=\"2417\"><strong data-start=\"2374\" data-end=\"2402\">Metaboliz\u0113jam\u0101 ener\u0123ija:<\/strong> 3 860 kcal\/kg.<\/p>\n","protected":false},"featured_media":47596,"template":"","meta":[],"product_brand":[],"product_cat":[569],"product_tag":[],"class_list":{"0":"post-47595","1":"product","2":"type-product","3":"status-publish","4":"has-post-thumbnail","6":"product_cat-sausa-bariba","8":"first","9":"instock","10":"taxable","11":"shipping-taxable","12":"purchasable","13":"product-type-simple"},"yoast_head":"<!-- This site is optimized with the Yoast SEO plugin v27.4 - https:\/\/yoast.com\/product\/yoast-seo-wordpress\/ -->\n<title>Brit Care Sensitive ar kukai\u0146u prote\u012bnu un svaigu si\u013c\u0137i 2 kg - MiuMjau<\/title>\n<meta name=\"robots\" content=\"index, follow, max-snippet:-1, max-image-preview:large, max-video-preview:-1\" \/>\n<link rel=\"canonical\" href=\"https:\/\/miumjau.ee\/lv\/produkts\/brit-care-sensitive-ar-kukainu-proteinu-un-svaigu-silki-2-kg\/\" \/>\n<meta property=\"og:locale\" content=\"lv_LV\" \/>\n<meta property=\"og:type\" content=\"article\" \/>\n<meta property=\"og:title\" content=\"Brit Care Sensitive ar kukai\u0146u prote\u012bnu un svaigu si\u013c\u0137i 2 kg - MiuMjau\" \/>\n<meta property=\"og:description\" content=\"Brit Care pilnv\u0113rt\u012bga bar\u012bba pieaugu\u0161iem ka\u0137iem. Graudu nesaturo\u0161a, hipoaler\u0123iska formula ka\u0137iem ar p\u0101rtikas nepanes\u012bbu. Bag\u0101ta ar omega-3 un omega-6 tauksk\u0101b\u0113m, kas nodro\u0161ina sp\u012bd\u012bgu apmatojumu un vesel\u012bgu \u0101du. Kuku\u0146u prote\u012bns atbalsta gremo\u0161anu un samazina p\u0101rtikas aler\u0123iju risku. Jauns, ilgtsp\u0113j\u012bgs prote\u012bna avots ar zemu CO\u2082 p\u0113du. KUKAI\u0145I \u2013 jauns prote\u012bna avots &amp; L.I.D. \u2013 lieliska sagremojam\u012bba \u2013 zems aler\u0123ijas risksPROBIOTIKAS UN PREBIOTIKAS pal\u012bdz uztur\u0113t vesel\u012bgu gremo\u0161anas traktu un im\u016bnsist\u0113mu.SMILTS\u0112RK\u0160\u0136IS atbalsta nieru un ur\u012bnce\u013cu vesel\u012bbu.PIPARMI\u0112TRA (Motherwort) dab\u012bgi mazina stresu, stabiliz\u0113 sirds darb\u012bbu un pazemina augstu asinsspiedienu, pal\u012bdzot istabas ka\u0137iem lab\u0101k tikt gal\u0101 ar stresu.Augsts omega-3 un omega-6 saturs \u2013 veselai \u0101dai un sp\u012bd\u012bgam apmatojumam.Satur kokosriekstu e\u013c\u013cu \u2013 NESATUR vistas taukus.Bez graudiem \u2013 BEZ m\u0101ksl\u012bg\u0101m kr\u0101sviel\u0101m \u2013 BEZ konservantiem \u2013 BEZ \u0122MO \u2013 BEZ sojas. Sast\u0101vs: svaiga si\u013c\u0137e (26%), dzeltenie zir\u0146i (23%), dehidrat\u0113ta si\u013c\u0137e (20%), dehidrat\u0113ti kukai\u0146i (14%), kokosriekstu e\u013c\u013ca (ar tokoferoliem, 8%), si\u013c\u0137u e\u013c\u013ca (2%), dab\u012bga hidroliz\u0113ta aknu gar\u0161viela (2%), \u017e\u0101v\u0113ti \u0101boli (2%), lins\u0113klas (1%), \u017e\u0101v\u0113ta m\u0101tere (0,5%), \u017e\u0101v\u0113t\u0101 kumel\u012bte (0,5%), zir\u0146u milti, \u017e\u0101v\u0113ts smilts\u0113rk\u0161\u0137is (0,3%), \u017e\u0101v\u0113tas dz\u0113rvenes (0,2%), fruktooligosahar\u012bdi (0,015%), mann\u0101na oligosahar\u012bdi (0,015%), juka (0,008%), Lactobacillus acidophilus HA\u2013122 inaktiv\u0113ts (15\u00d710\u2079 \u0161\u016bnas\/kg). Anal\u012btiskais sast\u0101vs: kopprote\u012bns 34,0%, koptauki 16,0%, \u0161\u0137iedrvielas 1,2%, pelni 8,2%, mitrums 10,0%, omega-3 tauksk\u0101bes 0,8%, omega-6 tauksk\u0101bes 2,2%, kalcijs 1,1%, fosfors 0,8%, n\u0101trijs 1,0%, magnijs 0,1%. Uzturvielu piedevas:A vitam\u012bns 20 000 SV, D3 vitam\u012bns 800 SV, E vitam\u012bns 600 mg, C vitam\u012bns 300 mg, taur\u012bns 2 500 mg, L-karnit\u012bns 50 mg, hol\u012bna hlor\u012bds 2 500 mg, biot\u012bns 2 mg, B1 vitam\u012bns 10 mg, B2 vitam\u012bns 12 mg, niac\u012bnam\u012bds 50 mg, kalcija-D-pantoten\u0101ts 40 mg, B6 vitam\u012bns 10 mg, folijsk\u0101be 2 mg, B12 vitam\u012bns 0,04 mg, cinks 120 mg, dzelzs 45 mg, mang\u0101ns 55 mg, k\u0101lija jod\u012bds 4 mg, var\u0161 10 mg, sel\u0113ns 0,2 mg, L-metion\u012bns 2 000 mg. Satur ES apstiprin\u0101tus dab\u012bgos antioksidantus: tokoferolu ekstraktus no augu e\u013c\u013cas, askorbilpalmit\u0101tu un rozmar\u012bna ekstraktu. Metaboliz\u0113jam\u0101 ener\u0123ija: 3 860 kcal\/kg.\" \/>\n<meta property=\"og:url\" content=\"https:\/\/miumjau.ee\/lv\/produkts\/brit-care-sensitive-ar-kukainu-proteinu-un-svaigu-silki-2-kg\/\" \/>\n<meta property=\"og:site_name\" content=\"MiuMjau\" \/>\n<meta property=\"article:publisher\" content=\"https:\/\/www.facebook.com\/miumjaupood\/\" \/>\n<meta property=\"article:modified_time\" content=\"2026-01-07T19:21:44+00:00\" \/>\n<meta property=\"og:image\" content=\"https:\/\/miumjau.ee\/wp-content\/uploads\/2025\/03\/brit-care-kuivtoit-kassidele-7kg1.webp\" \/>\n\t<meta property=\"og:image:width\" content=\"600\" \/>\n\t<meta property=\"og:image:height\" content=\"800\" \/>\n\t<meta property=\"og:image:type\" content=\"image\/webp\" \/>\n<meta name=\"twitter:card\" content=\"summary_large_image\" \/>\n<script type=\"application\/ld+json\" class=\"yoast-schema-graph\">{\"@context\":\"https:\\\/\\\/schema.org\",\"@graph\":[{\"@type\":\"WebPage\",\"@id\":\"https:\\\/\\\/miumjau.ee\\\/lv\\\/produkts\\\/brit-care-sensitive-ar-kukainu-proteinu-un-svaigu-silki-2-kg\\\/\",\"url\":\"https:\\\/\\\/miumjau.ee\\\/lv\\\/produkts\\\/brit-care-sensitive-ar-kukainu-proteinu-un-svaigu-silki-2-kg\\\/\",\"name\":\"Brit Care Sensitive ar kukai\u0146u prote\u012bnu un svaigu si\u013c\u0137i 2 kg - MiuMjau\",\"isPartOf\":{\"@id\":\"https:\\\/\\\/miumjau.ee\\\/#website\"},\"primaryImageOfPage\":{\"@id\":\"https:\\\/\\\/miumjau.ee\\\/lv\\\/produkts\\\/brit-care-sensitive-ar-kukainu-proteinu-un-svaigu-silki-2-kg\\\/#primaryimage\"},\"image\":{\"@id\":\"https:\\\/\\\/miumjau.ee\\\/lv\\\/produkts\\\/brit-care-sensitive-ar-kukainu-proteinu-un-svaigu-silki-2-kg\\\/#primaryimage\"},\"thumbnailUrl\":\"https:\\\/\\\/miumjau.ee\\\/wp-content\\\/uploads\\\/2025\\\/03\\\/brit-care-kuivtoit-kassidele-7kg1.webp\",\"datePublished\":\"2025-10-28T08:26:05+00:00\",\"dateModified\":\"2026-01-07T19:21:44+00:00\",\"breadcrumb\":{\"@id\":\"https:\\\/\\\/miumjau.ee\\\/lv\\\/produkts\\\/brit-care-sensitive-ar-kukainu-proteinu-un-svaigu-silki-2-kg\\\/#breadcrumb\"},\"inLanguage\":\"lv-LV\",\"potentialAction\":[{\"@type\":\"ReadAction\",\"target\":[\"https:\\\/\\\/miumjau.ee\\\/lv\\\/produkts\\\/brit-care-sensitive-ar-kukainu-proteinu-un-svaigu-silki-2-kg\\\/\"]}]},{\"@type\":\"ImageObject\",\"inLanguage\":\"lv-LV\",\"@id\":\"https:\\\/\\\/miumjau.ee\\\/lv\\\/produkts\\\/brit-care-sensitive-ar-kukainu-proteinu-un-svaigu-silki-2-kg\\\/#primaryimage\",\"url\":\"https:\\\/\\\/miumjau.ee\\\/wp-content\\\/uploads\\\/2025\\\/03\\\/brit-care-kuivtoit-kassidele-7kg1.webp\",\"contentUrl\":\"https:\\\/\\\/miumjau.ee\\\/wp-content\\\/uploads\\\/2025\\\/03\\\/brit-care-kuivtoit-kassidele-7kg1.webp\",\"width\":600,\"height\":800},{\"@type\":\"BreadcrumbList\",\"@id\":\"https:\\\/\\\/miumjau.ee\\\/lv\\\/produkts\\\/brit-care-sensitive-ar-kukainu-proteinu-un-svaigu-silki-2-kg\\\/#breadcrumb\",\"itemListElement\":[{\"@type\":\"ListItem\",\"position\":1,\"name\":\"Home\",\"item\":\"https:\\\/\\\/miumjau.ee\\\/lv\\\/\"},{\"@type\":\"ListItem\",\"position\":2,\"name\":\"Veikals\",\"item\":\"https:\\\/\\\/miumjau.ee\\\/lv\\\/veikals\\\/\"},{\"@type\":\"ListItem\",\"position\":3,\"name\":\"Brit Care Sensitive ar kukai\u0146u prote\u012bnu un svaigu si\u013c\u0137i 2 kg\"}]},{\"@type\":\"WebSite\",\"@id\":\"https:\\\/\\\/miumjau.ee\\\/#website\",\"url\":\"https:\\\/\\\/miumjau.ee\\\/\",\"name\":\"MiuMjau\",\"description\":\"Kraapimispuud kassidele\",\"publisher\":{\"@id\":\"https:\\\/\\\/miumjau.ee\\\/#organization\"},\"potentialAction\":[{\"@type\":\"SearchAction\",\"target\":{\"@type\":\"EntryPoint\",\"urlTemplate\":\"https:\\\/\\\/miumjau.ee\\\/?s={search_term_string}\"},\"query-input\":{\"@type\":\"PropertyValueSpecification\",\"valueRequired\":true,\"valueName\":\"search_term_string\"}}],\"inLanguage\":\"lv-LV\"},{\"@type\":\"Organization\",\"@id\":\"https:\\\/\\\/miumjau.ee\\\/#organization\",\"name\":\"MiuMjau O\u00dc\",\"url\":\"https:\\\/\\\/miumjau.ee\\\/\",\"logo\":{\"@type\":\"ImageObject\",\"inLanguage\":\"lv-LV\",\"@id\":\"https:\\\/\\\/miumjau.ee\\\/#\\\/schema\\\/logo\\\/image\\\/\",\"url\":\"https:\\\/\\\/miumjau.ee\\\/wp-content\\\/uploads\\\/2022\\\/04\\\/MiuMjau-logo-kollane.png\",\"contentUrl\":\"https:\\\/\\\/miumjau.ee\\\/wp-content\\\/uploads\\\/2022\\\/04\\\/MiuMjau-logo-kollane.png\",\"width\":219,\"height\":100,\"caption\":\"MiuMjau O\u00dc\"},\"image\":{\"@id\":\"https:\\\/\\\/miumjau.ee\\\/#\\\/schema\\\/logo\\\/image\\\/\"},\"sameAs\":[\"https:\\\/\\\/www.facebook.com\\\/miumjaupood\\\/\"]}]}<\/script>\n<!-- \/ Yoast SEO plugin. -->","yoast_head_json":{"title":"Brit Care Sensitive ar kukai\u0146u prote\u012bnu un svaigu si\u013c\u0137i 2 kg - MiuMjau","robots":{"index":"index","follow":"follow","max-snippet":"max-snippet:-1","max-image-preview":"max-image-preview:large","max-video-preview":"max-video-preview:-1"},"canonical":"https:\/\/miumjau.ee\/lv\/produkts\/brit-care-sensitive-ar-kukainu-proteinu-un-svaigu-silki-2-kg\/","og_locale":"lv_LV","og_type":"article","og_title":"Brit Care Sensitive ar kukai\u0146u prote\u012bnu un svaigu si\u013c\u0137i 2 kg - MiuMjau","og_description":"Brit Care pilnv\u0113rt\u012bga bar\u012bba pieaugu\u0161iem ka\u0137iem. Graudu nesaturo\u0161a, hipoaler\u0123iska formula ka\u0137iem ar p\u0101rtikas nepanes\u012bbu. Bag\u0101ta ar omega-3 un omega-6 tauksk\u0101b\u0113m, kas nodro\u0161ina sp\u012bd\u012bgu apmatojumu un vesel\u012bgu \u0101du. Kuku\u0146u prote\u012bns atbalsta gremo\u0161anu un samazina p\u0101rtikas aler\u0123iju risku. Jauns, ilgtsp\u0113j\u012bgs prote\u012bna avots ar zemu CO\u2082 p\u0113du. KUKAI\u0145I \u2013 jauns prote\u012bna avots &amp; L.I.D. \u2013 lieliska sagremojam\u012bba \u2013 zems aler\u0123ijas risksPROBIOTIKAS UN PREBIOTIKAS pal\u012bdz uztur\u0113t vesel\u012bgu gremo\u0161anas traktu un im\u016bnsist\u0113mu.SMILTS\u0112RK\u0160\u0136IS atbalsta nieru un ur\u012bnce\u013cu vesel\u012bbu.PIPARMI\u0112TRA (Motherwort) dab\u012bgi mazina stresu, stabiliz\u0113 sirds darb\u012bbu un pazemina augstu asinsspiedienu, pal\u012bdzot istabas ka\u0137iem lab\u0101k tikt gal\u0101 ar stresu.Augsts omega-3 un omega-6 saturs \u2013 veselai \u0101dai un sp\u012bd\u012bgam apmatojumam.Satur kokosriekstu e\u013c\u013cu \u2013 NESATUR vistas taukus.Bez graudiem \u2013 BEZ m\u0101ksl\u012bg\u0101m kr\u0101sviel\u0101m \u2013 BEZ konservantiem \u2013 BEZ \u0122MO \u2013 BEZ sojas. Sast\u0101vs: svaiga si\u013c\u0137e (26%), dzeltenie zir\u0146i (23%), dehidrat\u0113ta si\u013c\u0137e (20%), dehidrat\u0113ti kukai\u0146i (14%), kokosriekstu e\u013c\u013ca (ar tokoferoliem, 8%), si\u013c\u0137u e\u013c\u013ca (2%), dab\u012bga hidroliz\u0113ta aknu gar\u0161viela (2%), \u017e\u0101v\u0113ti \u0101boli (2%), lins\u0113klas (1%), \u017e\u0101v\u0113ta m\u0101tere (0,5%), \u017e\u0101v\u0113t\u0101 kumel\u012bte (0,5%), zir\u0146u milti, \u017e\u0101v\u0113ts smilts\u0113rk\u0161\u0137is (0,3%), \u017e\u0101v\u0113tas dz\u0113rvenes (0,2%), fruktooligosahar\u012bdi (0,015%), mann\u0101na oligosahar\u012bdi (0,015%), juka (0,008%), Lactobacillus acidophilus HA\u2013122 inaktiv\u0113ts (15\u00d710\u2079 \u0161\u016bnas\/kg). Anal\u012btiskais sast\u0101vs: kopprote\u012bns 34,0%, koptauki 16,0%, \u0161\u0137iedrvielas 1,2%, pelni 8,2%, mitrums 10,0%, omega-3 tauksk\u0101bes 0,8%, omega-6 tauksk\u0101bes 2,2%, kalcijs 1,1%, fosfors 0,8%, n\u0101trijs 1,0%, magnijs 0,1%. Uzturvielu piedevas:A vitam\u012bns 20 000 SV, D3 vitam\u012bns 800 SV, E vitam\u012bns 600 mg, C vitam\u012bns 300 mg, taur\u012bns 2 500 mg, L-karnit\u012bns 50 mg, hol\u012bna hlor\u012bds 2 500 mg, biot\u012bns 2 mg, B1 vitam\u012bns 10 mg, B2 vitam\u012bns 12 mg, niac\u012bnam\u012bds 50 mg, kalcija-D-pantoten\u0101ts 40 mg, B6 vitam\u012bns 10 mg, folijsk\u0101be 2 mg, B12 vitam\u012bns 0,04 mg, cinks 120 mg, dzelzs 45 mg, mang\u0101ns 55 mg, k\u0101lija jod\u012bds 4 mg, var\u0161 10 mg, sel\u0113ns 0,2 mg, L-metion\u012bns 2 000 mg. Satur ES apstiprin\u0101tus dab\u012bgos antioksidantus: tokoferolu ekstraktus no augu e\u013c\u013cas, askorbilpalmit\u0101tu un rozmar\u012bna ekstraktu. Metaboliz\u0113jam\u0101 ener\u0123ija: 3 860 kcal\/kg.","og_url":"https:\/\/miumjau.ee\/lv\/produkts\/brit-care-sensitive-ar-kukainu-proteinu-un-svaigu-silki-2-kg\/","og_site_name":"MiuMjau","article_publisher":"https:\/\/www.facebook.com\/miumjaupood\/","article_modified_time":"2026-01-07T19:21:44+00:00","og_image":[{"width":600,"height":800,"url":"https:\/\/miumjau.ee\/wp-content\/uploads\/2025\/03\/brit-care-kuivtoit-kassidele-7kg1.webp","type":"image\/webp"}],"twitter_card":"summary_large_image","schema":{"@context":"https:\/\/schema.org","@graph":[{"@type":"WebPage","@id":"https:\/\/miumjau.ee\/lv\/produkts\/brit-care-sensitive-ar-kukainu-proteinu-un-svaigu-silki-2-kg\/","url":"https:\/\/miumjau.ee\/lv\/produkts\/brit-care-sensitive-ar-kukainu-proteinu-un-svaigu-silki-2-kg\/","name":"Brit Care Sensitive ar kukai\u0146u prote\u012bnu un svaigu si\u013c\u0137i 2 kg - MiuMjau","isPartOf":{"@id":"https:\/\/miumjau.ee\/#website"},"primaryImageOfPage":{"@id":"https:\/\/miumjau.ee\/lv\/produkts\/brit-care-sensitive-ar-kukainu-proteinu-un-svaigu-silki-2-kg\/#primaryimage"},"image":{"@id":"https:\/\/miumjau.ee\/lv\/produkts\/brit-care-sensitive-ar-kukainu-proteinu-un-svaigu-silki-2-kg\/#primaryimage"},"thumbnailUrl":"https:\/\/miumjau.ee\/wp-content\/uploads\/2025\/03\/brit-care-kuivtoit-kassidele-7kg1.webp","datePublished":"2025-10-28T08:26:05+00:00","dateModified":"2026-01-07T19:21:44+00:00","breadcrumb":{"@id":"https:\/\/miumjau.ee\/lv\/produkts\/brit-care-sensitive-ar-kukainu-proteinu-un-svaigu-silki-2-kg\/#breadcrumb"},"inLanguage":"lv-LV","potentialAction":[{"@type":"ReadAction","target":["https:\/\/miumjau.ee\/lv\/produkts\/brit-care-sensitive-ar-kukainu-proteinu-un-svaigu-silki-2-kg\/"]}]},{"@type":"ImageObject","inLanguage":"lv-LV","@id":"https:\/\/miumjau.ee\/lv\/produkts\/brit-care-sensitive-ar-kukainu-proteinu-un-svaigu-silki-2-kg\/#primaryimage","url":"https:\/\/miumjau.ee\/wp-content\/uploads\/2025\/03\/brit-care-kuivtoit-kassidele-7kg1.webp","contentUrl":"https:\/\/miumjau.ee\/wp-content\/uploads\/2025\/03\/brit-care-kuivtoit-kassidele-7kg1.webp","width":600,"height":800},{"@type":"BreadcrumbList","@id":"https:\/\/miumjau.ee\/lv\/produkts\/brit-care-sensitive-ar-kukainu-proteinu-un-svaigu-silki-2-kg\/#breadcrumb","itemListElement":[{"@type":"ListItem","position":1,"name":"Home","item":"https:\/\/miumjau.ee\/lv\/"},{"@type":"ListItem","position":2,"name":"Veikals","item":"https:\/\/miumjau.ee\/lv\/veikals\/"},{"@type":"ListItem","position":3,"name":"Brit Care Sensitive ar kukai\u0146u prote\u012bnu un svaigu si\u013c\u0137i 2 kg"}]},{"@type":"WebSite","@id":"https:\/\/miumjau.ee\/#website","url":"https:\/\/miumjau.ee\/","name":"MiuMjau","description":"Kraapimispuud kassidele","publisher":{"@id":"https:\/\/miumjau.ee\/#organization"},"potentialAction":[{"@type":"SearchAction","target":{"@type":"EntryPoint","urlTemplate":"https:\/\/miumjau.ee\/?s={search_term_string}"},"query-input":{"@type":"PropertyValueSpecification","valueRequired":true,"valueName":"search_term_string"}}],"inLanguage":"lv-LV"},{"@type":"Organization","@id":"https:\/\/miumjau.ee\/#organization","name":"MiuMjau O\u00dc","url":"https:\/\/miumjau.ee\/","logo":{"@type":"ImageObject","inLanguage":"lv-LV","@id":"https:\/\/miumjau.ee\/#\/schema\/logo\/image\/","url":"https:\/\/miumjau.ee\/wp-content\/uploads\/2022\/04\/MiuMjau-logo-kollane.png","contentUrl":"https:\/\/miumjau.ee\/wp-content\/uploads\/2022\/04\/MiuMjau-logo-kollane.png","width":219,"height":100,"caption":"MiuMjau O\u00dc"},"image":{"@id":"https:\/\/miumjau.ee\/#\/schema\/logo\/image\/"},"sameAs":["https:\/\/www.facebook.com\/miumjaupood\/"]}]}},"_links":{"self":[{"href":"https:\/\/miumjau.ee\/lv\/wp-json\/wp\/v2\/product\/47595","targetHints":{"allow":["GET"]}}],"collection":[{"href":"https:\/\/miumjau.ee\/lv\/wp-json\/wp\/v2\/product"}],"about":[{"href":"https:\/\/miumjau.ee\/lv\/wp-json\/wp\/v2\/types\/product"}],"wp:featuredmedia":[{"embeddable":true,"href":"https:\/\/miumjau.ee\/lv\/wp-json\/wp\/v2\/media\/47596"}],"wp:attachment":[{"href":"https:\/\/miumjau.ee\/lv\/wp-json\/wp\/v2\/media?parent=47595"}],"wp:term":[{"taxonomy":"product_brand","embeddable":true,"href":"https:\/\/miumjau.ee\/lv\/wp-json\/wp\/v2\/product_brand?post=47595"},{"taxonomy":"product_cat","embeddable":true,"href":"https:\/\/miumjau.ee\/lv\/wp-json\/wp\/v2\/product_cat?post=47595"},{"taxonomy":"product_tag","embeddable":true,"href":"https:\/\/miumjau.ee\/lv\/wp-json\/wp\/v2\/product_tag?post=47595"}],"curies":[{"name":"wp","href":"https:\/\/api.w.org\/{rel}","templated":true}]}}