{"id":47593,"date":"2025-10-27T19:46:26","date_gmt":"2025-10-27T17:46:26","guid":{"rendered":"https:\/\/miumjau.ee\/toode\/catfest-tuncis-zeleja-12x50-g\/"},"modified":"2026-01-28T16:46:05","modified_gmt":"2026-01-28T14:46:05","slug":"catfest-tuncis-zeleja-12x50-g","status":"publish","type":"product","link":"https:\/\/miumjau.ee\/lv\/produkts\/catfest-tuncis-zeleja-12x50-g\/","title":{"rendered":"CatFest tuncis \u017eelej\u0101, 12\u00d750 g"},"content":{"rendered":"","protected":false},"excerpt":{"rendered":"<p data-start=\"96\" data-end=\"447\">CatFest s\u0113rijas konserv\u0113t\u0101 mitr\u0101 bar\u012bba ka\u0137iem ir pagatavota no maiga Klus\u0101 oke\u0101na tuncia \u2013 \u012bsts gardums izsmalcin\u0101tiem ka\u0137iem. Tumsn\u0113jam tuncia ga\u013cai ir maiga tekst\u016bra un izteikt\u0101ks arom\u0101ts, kas pie\u0161\u0137ir bar\u012bbai intens\u012bvu j\u016bras zivju gar\u0161u. Pasniegta maig\u0101 \u017eelej\u0101, kas ne tikai uzlabo bar\u012bbas tekst\u016bru, bet ar\u012b veicina lab\u0101ku bar\u012bbas vielu uzs\u016bk\u0161anos.<\/p>\n<p data-start=\"449\" data-end=\"705\"><strong data-start=\"449\" data-end=\"461\">Sast\u0101vs:<\/strong> tuncis 60 %, rauga ekstrakts, prebioti\u0137is FOS, an\u0161ovu e\u013c\u013ca, miner\u0101lvielas.<br data-start=\"536\" data-end=\"539\" \/><strong data-start=\"539\" data-end=\"563\">Uzturvielas (mg\/kg):<\/strong> E vitam\u012bns \u2013 1 000, taur\u012bns \u2013 1 000<br data-start=\"599\" data-end=\"602\" \/><strong data-start=\"602\" data-end=\"627\">Anal\u012btiskais sast\u0101vs:<\/strong> kopprote\u012bns 9 %, koptauki 0,5 %, pelni 1,5 %, \u0161\u0137iedrvielas 1 %, mitrums 88 %.<\/p>\n<p data-start=\"707\" data-end=\"1032\"><strong data-start=\"707\" data-end=\"721\">Lieto\u0161ana:<\/strong><br data-start=\"721\" data-end=\"724\" \/>Piem\u0113rots k\u0101 papildbar\u012bba vis\u0101m pieaugu\u0161\u0101m m\u0101jas ka\u0137iem, tostarp steriliz\u0113tiem un kastr\u0113tiem ka\u0137iem, k\u0101 ar\u012b ka\u0137iem ar aler\u0123ij\u0101m vai gremo\u0161anas probl\u0113m\u0101m. Pasniegt istabas temperat\u016br\u0101. Uzglab\u0101t v\u0113s\u0101 un saus\u0101 viet\u0101. Dot l\u012bdz 3 paci\u0146\u0101m dien\u0101. Nodro\u0161iniet, lai ka\u0137im vienm\u0113r b\u016btu pieejams svaigs dzeramais \u016bdens.<\/p>\n","protected":false},"featured_media":47594,"template":"","meta":[],"product_brand":[],"product_cat":[571],"product_tag":[],"class_list":{"0":"post-47593","1":"product","2":"type-product","3":"status-publish","4":"has-post-thumbnail","6":"product_cat-mitra-bariba","8":"first","9":"instock","10":"taxable","11":"shipping-taxable","12":"purchasable","13":"product-type-simple"},"yoast_head":"<!-- This site is optimized with the Yoast SEO plugin v27.4 - https:\/\/yoast.com\/product\/yoast-seo-wordpress\/ -->\n<title>CatFest tuncis \u017eelej\u0101, 12\u00d750 g - MiuMjau<\/title>\n<meta name=\"robots\" content=\"index, follow, max-snippet:-1, max-image-preview:large, max-video-preview:-1\" \/>\n<link rel=\"canonical\" href=\"https:\/\/miumjau.ee\/lv\/produkts\/catfest-tuncis-zeleja-12x50-g\/\" \/>\n<meta property=\"og:locale\" content=\"lv_LV\" \/>\n<meta property=\"og:type\" content=\"article\" \/>\n<meta property=\"og:title\" content=\"CatFest tuncis \u017eelej\u0101, 12\u00d750 g - MiuMjau\" \/>\n<meta property=\"og:description\" content=\"CatFest s\u0113rijas konserv\u0113t\u0101 mitr\u0101 bar\u012bba ka\u0137iem ir pagatavota no maiga Klus\u0101 oke\u0101na tuncia \u2013 \u012bsts gardums izsmalcin\u0101tiem ka\u0137iem. Tumsn\u0113jam tuncia ga\u013cai ir maiga tekst\u016bra un izteikt\u0101ks arom\u0101ts, kas pie\u0161\u0137ir bar\u012bbai intens\u012bvu j\u016bras zivju gar\u0161u. Pasniegta maig\u0101 \u017eelej\u0101, kas ne tikai uzlabo bar\u012bbas tekst\u016bru, bet ar\u012b veicina lab\u0101ku bar\u012bbas vielu uzs\u016bk\u0161anos. Sast\u0101vs: tuncis 60 %, rauga ekstrakts, prebioti\u0137is FOS, an\u0161ovu e\u013c\u013ca, miner\u0101lvielas.Uzturvielas (mg\/kg): E vitam\u012bns \u2013 1 000, taur\u012bns \u2013 1 000Anal\u012btiskais sast\u0101vs: kopprote\u012bns 9 %, koptauki 0,5 %, pelni 1,5 %, \u0161\u0137iedrvielas 1 %, mitrums 88 %. Lieto\u0161ana:Piem\u0113rots k\u0101 papildbar\u012bba vis\u0101m pieaugu\u0161\u0101m m\u0101jas ka\u0137iem, tostarp steriliz\u0113tiem un kastr\u0113tiem ka\u0137iem, k\u0101 ar\u012b ka\u0137iem ar aler\u0123ij\u0101m vai gremo\u0161anas probl\u0113m\u0101m. Pasniegt istabas temperat\u016br\u0101. Uzglab\u0101t v\u0113s\u0101 un saus\u0101 viet\u0101. Dot l\u012bdz 3 paci\u0146\u0101m dien\u0101. Nodro\u0161iniet, lai ka\u0137im vienm\u0113r b\u016btu pieejams svaigs dzeramais \u016bdens.\" \/>\n<meta property=\"og:url\" content=\"https:\/\/miumjau.ee\/lv\/produkts\/catfest-tuncis-zeleja-12x50-g\/\" \/>\n<meta property=\"og:site_name\" content=\"MiuMjau\" \/>\n<meta property=\"article:publisher\" content=\"https:\/\/www.facebook.com\/miumjaupood\/\" \/>\n<meta property=\"article:modified_time\" content=\"2026-01-28T14:46:05+00:00\" \/>\n<meta property=\"og:image\" content=\"https:\/\/miumjau.ee\/wp-content\/uploads\/2025\/09\/catfest-meal-margtoit-kassile3.jpg\" \/>\n\t<meta property=\"og:image:width\" content=\"1200\" \/>\n\t<meta property=\"og:image:height\" content=\"1600\" \/>\n\t<meta property=\"og:image:type\" content=\"image\/jpeg\" \/>\n<meta name=\"twitter:card\" content=\"summary_large_image\" \/>\n<script type=\"application\/ld+json\" class=\"yoast-schema-graph\">{\"@context\":\"https:\\\/\\\/schema.org\",\"@graph\":[{\"@type\":\"WebPage\",\"@id\":\"https:\\\/\\\/miumjau.ee\\\/lv\\\/produkts\\\/catfest-tuncis-zeleja-12x50-g\\\/\",\"url\":\"https:\\\/\\\/miumjau.ee\\\/lv\\\/produkts\\\/catfest-tuncis-zeleja-12x50-g\\\/\",\"name\":\"CatFest tuncis \u017eelej\u0101, 12\u00d750 g - MiuMjau\",\"isPartOf\":{\"@id\":\"https:\\\/\\\/miumjau.ee\\\/#website\"},\"primaryImageOfPage\":{\"@id\":\"https:\\\/\\\/miumjau.ee\\\/lv\\\/produkts\\\/catfest-tuncis-zeleja-12x50-g\\\/#primaryimage\"},\"image\":{\"@id\":\"https:\\\/\\\/miumjau.ee\\\/lv\\\/produkts\\\/catfest-tuncis-zeleja-12x50-g\\\/#primaryimage\"},\"thumbnailUrl\":\"https:\\\/\\\/miumjau.ee\\\/wp-content\\\/uploads\\\/2025\\\/09\\\/catfest-meal-margtoit-kassile3.jpg\",\"datePublished\":\"2025-10-27T17:46:26+00:00\",\"dateModified\":\"2026-01-28T14:46:05+00:00\",\"breadcrumb\":{\"@id\":\"https:\\\/\\\/miumjau.ee\\\/lv\\\/produkts\\\/catfest-tuncis-zeleja-12x50-g\\\/#breadcrumb\"},\"inLanguage\":\"lv-LV\",\"potentialAction\":[{\"@type\":\"ReadAction\",\"target\":[\"https:\\\/\\\/miumjau.ee\\\/lv\\\/produkts\\\/catfest-tuncis-zeleja-12x50-g\\\/\"]}]},{\"@type\":\"ImageObject\",\"inLanguage\":\"lv-LV\",\"@id\":\"https:\\\/\\\/miumjau.ee\\\/lv\\\/produkts\\\/catfest-tuncis-zeleja-12x50-g\\\/#primaryimage\",\"url\":\"https:\\\/\\\/miumjau.ee\\\/wp-content\\\/uploads\\\/2025\\\/09\\\/catfest-meal-margtoit-kassile3.jpg\",\"contentUrl\":\"https:\\\/\\\/miumjau.ee\\\/wp-content\\\/uploads\\\/2025\\\/09\\\/catfest-meal-margtoit-kassile3.jpg\",\"width\":1200,\"height\":1600},{\"@type\":\"BreadcrumbList\",\"@id\":\"https:\\\/\\\/miumjau.ee\\\/lv\\\/produkts\\\/catfest-tuncis-zeleja-12x50-g\\\/#breadcrumb\",\"itemListElement\":[{\"@type\":\"ListItem\",\"position\":1,\"name\":\"Home\",\"item\":\"https:\\\/\\\/miumjau.ee\\\/lv\\\/\"},{\"@type\":\"ListItem\",\"position\":2,\"name\":\"Veikals\",\"item\":\"https:\\\/\\\/miumjau.ee\\\/lv\\\/veikals\\\/\"},{\"@type\":\"ListItem\",\"position\":3,\"name\":\"CatFest tuncis \u017eelej\u0101, 12\u00d750 g\"}]},{\"@type\":\"WebSite\",\"@id\":\"https:\\\/\\\/miumjau.ee\\\/#website\",\"url\":\"https:\\\/\\\/miumjau.ee\\\/\",\"name\":\"MiuMjau\",\"description\":\"Kraapimispuud kassidele\",\"publisher\":{\"@id\":\"https:\\\/\\\/miumjau.ee\\\/#organization\"},\"potentialAction\":[{\"@type\":\"SearchAction\",\"target\":{\"@type\":\"EntryPoint\",\"urlTemplate\":\"https:\\\/\\\/miumjau.ee\\\/?s={search_term_string}\"},\"query-input\":{\"@type\":\"PropertyValueSpecification\",\"valueRequired\":true,\"valueName\":\"search_term_string\"}}],\"inLanguage\":\"lv-LV\"},{\"@type\":\"Organization\",\"@id\":\"https:\\\/\\\/miumjau.ee\\\/#organization\",\"name\":\"MiuMjau O\u00dc\",\"url\":\"https:\\\/\\\/miumjau.ee\\\/\",\"logo\":{\"@type\":\"ImageObject\",\"inLanguage\":\"lv-LV\",\"@id\":\"https:\\\/\\\/miumjau.ee\\\/#\\\/schema\\\/logo\\\/image\\\/\",\"url\":\"https:\\\/\\\/miumjau.ee\\\/wp-content\\\/uploads\\\/2022\\\/04\\\/MiuMjau-logo-kollane.png\",\"contentUrl\":\"https:\\\/\\\/miumjau.ee\\\/wp-content\\\/uploads\\\/2022\\\/04\\\/MiuMjau-logo-kollane.png\",\"width\":219,\"height\":100,\"caption\":\"MiuMjau O\u00dc\"},\"image\":{\"@id\":\"https:\\\/\\\/miumjau.ee\\\/#\\\/schema\\\/logo\\\/image\\\/\"},\"sameAs\":[\"https:\\\/\\\/www.facebook.com\\\/miumjaupood\\\/\"]}]}<\/script>\n<!-- \/ Yoast SEO plugin. -->","yoast_head_json":{"title":"CatFest tuncis \u017eelej\u0101, 12\u00d750 g - MiuMjau","robots":{"index":"index","follow":"follow","max-snippet":"max-snippet:-1","max-image-preview":"max-image-preview:large","max-video-preview":"max-video-preview:-1"},"canonical":"https:\/\/miumjau.ee\/lv\/produkts\/catfest-tuncis-zeleja-12x50-g\/","og_locale":"lv_LV","og_type":"article","og_title":"CatFest tuncis \u017eelej\u0101, 12\u00d750 g - MiuMjau","og_description":"CatFest s\u0113rijas konserv\u0113t\u0101 mitr\u0101 bar\u012bba ka\u0137iem ir pagatavota no maiga Klus\u0101 oke\u0101na tuncia \u2013 \u012bsts gardums izsmalcin\u0101tiem ka\u0137iem. Tumsn\u0113jam tuncia ga\u013cai ir maiga tekst\u016bra un izteikt\u0101ks arom\u0101ts, kas pie\u0161\u0137ir bar\u012bbai intens\u012bvu j\u016bras zivju gar\u0161u. Pasniegta maig\u0101 \u017eelej\u0101, kas ne tikai uzlabo bar\u012bbas tekst\u016bru, bet ar\u012b veicina lab\u0101ku bar\u012bbas vielu uzs\u016bk\u0161anos. Sast\u0101vs: tuncis 60 %, rauga ekstrakts, prebioti\u0137is FOS, an\u0161ovu e\u013c\u013ca, miner\u0101lvielas.Uzturvielas (mg\/kg): E vitam\u012bns \u2013 1 000, taur\u012bns \u2013 1 000Anal\u012btiskais sast\u0101vs: kopprote\u012bns 9 %, koptauki 0,5 %, pelni 1,5 %, \u0161\u0137iedrvielas 1 %, mitrums 88 %. Lieto\u0161ana:Piem\u0113rots k\u0101 papildbar\u012bba vis\u0101m pieaugu\u0161\u0101m m\u0101jas ka\u0137iem, tostarp steriliz\u0113tiem un kastr\u0113tiem ka\u0137iem, k\u0101 ar\u012b ka\u0137iem ar aler\u0123ij\u0101m vai gremo\u0161anas probl\u0113m\u0101m. Pasniegt istabas temperat\u016br\u0101. Uzglab\u0101t v\u0113s\u0101 un saus\u0101 viet\u0101. Dot l\u012bdz 3 paci\u0146\u0101m dien\u0101. Nodro\u0161iniet, lai ka\u0137im vienm\u0113r b\u016btu pieejams svaigs dzeramais \u016bdens.","og_url":"https:\/\/miumjau.ee\/lv\/produkts\/catfest-tuncis-zeleja-12x50-g\/","og_site_name":"MiuMjau","article_publisher":"https:\/\/www.facebook.com\/miumjaupood\/","article_modified_time":"2026-01-28T14:46:05+00:00","og_image":[{"width":1200,"height":1600,"url":"https:\/\/miumjau.ee\/wp-content\/uploads\/2025\/09\/catfest-meal-margtoit-kassile3.jpg","type":"image\/jpeg"}],"twitter_card":"summary_large_image","schema":{"@context":"https:\/\/schema.org","@graph":[{"@type":"WebPage","@id":"https:\/\/miumjau.ee\/lv\/produkts\/catfest-tuncis-zeleja-12x50-g\/","url":"https:\/\/miumjau.ee\/lv\/produkts\/catfest-tuncis-zeleja-12x50-g\/","name":"CatFest tuncis \u017eelej\u0101, 12\u00d750 g - MiuMjau","isPartOf":{"@id":"https:\/\/miumjau.ee\/#website"},"primaryImageOfPage":{"@id":"https:\/\/miumjau.ee\/lv\/produkts\/catfest-tuncis-zeleja-12x50-g\/#primaryimage"},"image":{"@id":"https:\/\/miumjau.ee\/lv\/produkts\/catfest-tuncis-zeleja-12x50-g\/#primaryimage"},"thumbnailUrl":"https:\/\/miumjau.ee\/wp-content\/uploads\/2025\/09\/catfest-meal-margtoit-kassile3.jpg","datePublished":"2025-10-27T17:46:26+00:00","dateModified":"2026-01-28T14:46:05+00:00","breadcrumb":{"@id":"https:\/\/miumjau.ee\/lv\/produkts\/catfest-tuncis-zeleja-12x50-g\/#breadcrumb"},"inLanguage":"lv-LV","potentialAction":[{"@type":"ReadAction","target":["https:\/\/miumjau.ee\/lv\/produkts\/catfest-tuncis-zeleja-12x50-g\/"]}]},{"@type":"ImageObject","inLanguage":"lv-LV","@id":"https:\/\/miumjau.ee\/lv\/produkts\/catfest-tuncis-zeleja-12x50-g\/#primaryimage","url":"https:\/\/miumjau.ee\/wp-content\/uploads\/2025\/09\/catfest-meal-margtoit-kassile3.jpg","contentUrl":"https:\/\/miumjau.ee\/wp-content\/uploads\/2025\/09\/catfest-meal-margtoit-kassile3.jpg","width":1200,"height":1600},{"@type":"BreadcrumbList","@id":"https:\/\/miumjau.ee\/lv\/produkts\/catfest-tuncis-zeleja-12x50-g\/#breadcrumb","itemListElement":[{"@type":"ListItem","position":1,"name":"Home","item":"https:\/\/miumjau.ee\/lv\/"},{"@type":"ListItem","position":2,"name":"Veikals","item":"https:\/\/miumjau.ee\/lv\/veikals\/"},{"@type":"ListItem","position":3,"name":"CatFest tuncis \u017eelej\u0101, 12\u00d750 g"}]},{"@type":"WebSite","@id":"https:\/\/miumjau.ee\/#website","url":"https:\/\/miumjau.ee\/","name":"MiuMjau","description":"Kraapimispuud kassidele","publisher":{"@id":"https:\/\/miumjau.ee\/#organization"},"potentialAction":[{"@type":"SearchAction","target":{"@type":"EntryPoint","urlTemplate":"https:\/\/miumjau.ee\/?s={search_term_string}"},"query-input":{"@type":"PropertyValueSpecification","valueRequired":true,"valueName":"search_term_string"}}],"inLanguage":"lv-LV"},{"@type":"Organization","@id":"https:\/\/miumjau.ee\/#organization","name":"MiuMjau O\u00dc","url":"https:\/\/miumjau.ee\/","logo":{"@type":"ImageObject","inLanguage":"lv-LV","@id":"https:\/\/miumjau.ee\/#\/schema\/logo\/image\/","url":"https:\/\/miumjau.ee\/wp-content\/uploads\/2022\/04\/MiuMjau-logo-kollane.png","contentUrl":"https:\/\/miumjau.ee\/wp-content\/uploads\/2022\/04\/MiuMjau-logo-kollane.png","width":219,"height":100,"caption":"MiuMjau O\u00dc"},"image":{"@id":"https:\/\/miumjau.ee\/#\/schema\/logo\/image\/"},"sameAs":["https:\/\/www.facebook.com\/miumjaupood\/"]}]}},"_links":{"self":[{"href":"https:\/\/miumjau.ee\/lv\/wp-json\/wp\/v2\/product\/47593","targetHints":{"allow":["GET"]}}],"collection":[{"href":"https:\/\/miumjau.ee\/lv\/wp-json\/wp\/v2\/product"}],"about":[{"href":"https:\/\/miumjau.ee\/lv\/wp-json\/wp\/v2\/types\/product"}],"wp:featuredmedia":[{"embeddable":true,"href":"https:\/\/miumjau.ee\/lv\/wp-json\/wp\/v2\/media\/47594"}],"wp:attachment":[{"href":"https:\/\/miumjau.ee\/lv\/wp-json\/wp\/v2\/media?parent=47593"}],"wp:term":[{"taxonomy":"product_brand","embeddable":true,"href":"https:\/\/miumjau.ee\/lv\/wp-json\/wp\/v2\/product_brand?post=47593"},{"taxonomy":"product_cat","embeddable":true,"href":"https:\/\/miumjau.ee\/lv\/wp-json\/wp\/v2\/product_cat?post=47593"},{"taxonomy":"product_tag","embeddable":true,"href":"https:\/\/miumjau.ee\/lv\/wp-json\/wp\/v2\/product_tag?post=47593"}],"curies":[{"name":"wp","href":"https:\/\/api.w.org\/{rel}","templated":true}]}}