{"id":47590,"date":"2025-11-10T20:19:44","date_gmt":"2025-11-10T18:19:44","guid":{"rendered":"https:\/\/miumjau.ee\/toode\/beaphar-flexifit-sticks-dog-175-g\/"},"modified":"2026-01-07T21:21:44","modified_gmt":"2026-01-07T19:21:44","slug":"beaphar-flexifit-sticks-dog-175-g","status":"publish","type":"product","link":"https:\/\/miumjau.ee\/lv\/produkts\/beaphar-flexifit-sticks-dog-175-g\/","title":{"rendered":"Beaphar Flexifit\u00ae Sticks Dog 175 g"},"content":{"rendered":"","protected":false},"excerpt":{"rendered":"<p data-start=\"2909\" data-end=\"3106\">Gards, ga\u013cas gar\u0161as k\u0101rums su\u0146iem, kas pal\u012bdz uztur\u0113t loc\u012btavu elast\u012bbu un stiprus kaulus. Piem\u0113rots su\u0146iem ar norm\u0101lu loc\u012btavu vesel\u012bbu, kuriem nepiecie\u0161ams papildu atbalsts kust\u012bbai un loc\u012btav\u0101m.<\/p>\n<p data-start=\"3108\" data-end=\"3130\"><strong data-start=\"3108\" data-end=\"3130\">Galven\u0101s \u012bpa\u0161\u012bbas:<\/strong><\/p>\n<ul data-start=\"3132\" data-end=\"3328\">\n<li data-start=\"3132\" data-end=\"3189\">\n<p data-start=\"3134\" data-end=\"3189\">veicina elast\u012bgu loc\u012btavu un stipru kaulu saglab\u0101\u0161anu<\/p>\n<\/li>\n<li data-start=\"3190\" data-end=\"3233\">\n<p data-start=\"3192\" data-end=\"3233\">pal\u012bdz su\u0146iem kust\u0113ties br\u012bvi un akt\u012bvi<\/p>\n<\/li>\n<li data-start=\"3234\" data-end=\"3328\">\n<p data-start=\"3236\" data-end=\"3328\">daudzfunkcion\u0101la formula, satur omega-3 tauksk\u0101bes, glikozam\u012bnu un za\u013co glieme\u0146u ekstraktu<\/p>\n<\/li>\n<\/ul>\n<p data-start=\"3330\" data-end=\"3576\"><strong data-start=\"3330\" data-end=\"3357\">Lieto\u0161anas instrukcija:<\/strong><br data-start=\"3357\" data-end=\"3360\" \/>Dot sunim vienu \u201ckoci\u0146u\u201d dien\u0101 k\u0101 na\u0161\u0137i vai balvu. Koci\u0146u var sadal\u012bt maz\u0101kos gabalos un dot vair\u0101k\u0101s reiz\u0113s. Sunim vienm\u0113r j\u0101b\u016bt pieejamam svaigam dzeramajam \u016bdenim. Nav piem\u0113rots su\u0146iem, kas jaun\u0101ki par 4 m\u0113ne\u0161iem.<\/p>\n<p data-start=\"3578\" data-end=\"3780\"><strong data-start=\"3578\" data-end=\"3590\">Sast\u0101vs:<\/strong> graudaugi, augu izcelsmes produkti, ga\u013ca un dz\u012bvnieku izcelsmes produkti (vista 6,02 %), m\u012bkstmie\u0161i un v\u0113\u017eveid\u012bgie (za\u013c\u0101s gliemenes 2,2 %, D-glikozam\u012bna hidrohlor\u012bds 2,2 %), e\u013c\u013cas un tauki.<\/p>\n<p data-start=\"3782\" data-end=\"3878\"><strong data-start=\"3782\" data-end=\"3807\">Anal\u012btiskais sast\u0101vs:<\/strong> prote\u012bns 9 %, tauki 5,5 %, \u0161\u0137iedra 0,2 %, pelni 1,7 %, mitrums 22,5 %.<\/p>\n<p data-start=\"3880\" data-end=\"4146\"><strong data-start=\"3880\" data-end=\"3896\">Piem\u0113rot\u012bba:<\/strong> piem\u0113rots su\u0146iem no 4 m\u0113ne\u0161u vecuma, kuru loc\u012btavu vesel\u012bbu nepiecie\u0161ams atbalst\u012bt profilaktiski vai uzturo\u0161i. Nav paredz\u0113ts su\u0146iem ar boj\u0101tu vai \u013coti v\u0101ju loc\u012btavu kust\u012bgumu, kuriem var b\u016bt nepiecie\u0161ama \u012bpa\u0161a \u0101rst\u0113\u0161ana un papildu loc\u012btavu atbalsts.<\/p>\n","protected":false},"featured_media":45697,"template":"","meta":[],"product_brand":[],"product_cat":[576,870],"product_tag":[],"class_list":{"0":"post-47590","1":"product","2":"type-product","3":"status-publish","4":"has-post-thumbnail","6":"product_cat-naski-suniem","7":"product_cat-uztura-bagatinataji-suniem","9":"first","10":"instock","11":"taxable","12":"shipping-taxable","13":"purchasable","14":"product-type-simple"},"yoast_head":"<!-- This site is optimized with the Yoast SEO plugin v27.2 - https:\/\/yoast.com\/product\/yoast-seo-wordpress\/ -->\n<title>Beaphar Flexifit\u00ae Sticks Dog 175 g - MiuMjau<\/title>\n<meta name=\"robots\" content=\"index, follow, max-snippet:-1, max-image-preview:large, max-video-preview:-1\" \/>\n<link rel=\"canonical\" href=\"https:\/\/miumjau.ee\/lv\/produkts\/beaphar-flexifit-sticks-dog-175-g\/\" \/>\n<meta property=\"og:locale\" content=\"lv_LV\" \/>\n<meta property=\"og:type\" content=\"article\" \/>\n<meta property=\"og:title\" content=\"Beaphar Flexifit\u00ae Sticks Dog 175 g - MiuMjau\" \/>\n<meta property=\"og:description\" content=\"Gards, ga\u013cas gar\u0161as k\u0101rums su\u0146iem, kas pal\u012bdz uztur\u0113t loc\u012btavu elast\u012bbu un stiprus kaulus. Piem\u0113rots su\u0146iem ar norm\u0101lu loc\u012btavu vesel\u012bbu, kuriem nepiecie\u0161ams papildu atbalsts kust\u012bbai un loc\u012btav\u0101m. Galven\u0101s \u012bpa\u0161\u012bbas:     veicina elast\u012bgu loc\u012btavu un stipru kaulu saglab\u0101\u0161anu    pal\u012bdz su\u0146iem kust\u0113ties br\u012bvi un akt\u012bvi    daudzfunkcion\u0101la formula, satur omega-3 tauksk\u0101bes, glikozam\u012bnu un za\u013co glieme\u0146u ekstraktu   Lieto\u0161anas instrukcija:Dot sunim vienu \u201ckoci\u0146u\u201d dien\u0101 k\u0101 na\u0161\u0137i vai balvu. Koci\u0146u var sadal\u012bt maz\u0101kos gabalos un dot vair\u0101k\u0101s reiz\u0113s. Sunim vienm\u0113r j\u0101b\u016bt pieejamam svaigam dzeramajam \u016bdenim. Nav piem\u0113rots su\u0146iem, kas jaun\u0101ki par 4 m\u0113ne\u0161iem. Sast\u0101vs: graudaugi, augu izcelsmes produkti, ga\u013ca un dz\u012bvnieku izcelsmes produkti (vista 6,02 %), m\u012bkstmie\u0161i un v\u0113\u017eveid\u012bgie (za\u013c\u0101s gliemenes 2,2 %, D-glikozam\u012bna hidrohlor\u012bds 2,2 %), e\u013c\u013cas un tauki. Anal\u012btiskais sast\u0101vs: prote\u012bns 9 %, tauki 5,5 %, \u0161\u0137iedra 0,2 %, pelni 1,7 %, mitrums 22,5 %. Piem\u0113rot\u012bba: piem\u0113rots su\u0146iem no 4 m\u0113ne\u0161u vecuma, kuru loc\u012btavu vesel\u012bbu nepiecie\u0161ams atbalst\u012bt profilaktiski vai uzturo\u0161i. Nav paredz\u0113ts su\u0146iem ar boj\u0101tu vai \u013coti v\u0101ju loc\u012btavu kust\u012bgumu, kuriem var b\u016bt nepiecie\u0161ama \u012bpa\u0161a \u0101rst\u0113\u0161ana un papildu loc\u012btavu atbalsts.\" \/>\n<meta property=\"og:url\" content=\"https:\/\/miumjau.ee\/lv\/produkts\/beaphar-flexifit-sticks-dog-175-g\/\" \/>\n<meta property=\"og:site_name\" content=\"MiuMjau\" \/>\n<meta property=\"article:publisher\" content=\"https:\/\/www.facebook.com\/miumjaupood\/\" \/>\n<meta property=\"article:modified_time\" content=\"2026-01-07T19:21:44+00:00\" \/>\n<meta property=\"og:image\" content=\"https:\/\/miumjau.ee\/wp-content\/uploads\/2025\/11\/beaphar-flexifit-stick-Photoroom-1.jpg\" \/>\n\t<meta property=\"og:image:width\" content=\"600\" \/>\n\t<meta property=\"og:image:height\" content=\"800\" \/>\n\t<meta property=\"og:image:type\" content=\"image\/jpeg\" \/>\n<meta name=\"twitter:card\" content=\"summary_large_image\" \/>\n<script type=\"application\/ld+json\" class=\"yoast-schema-graph\">{\"@context\":\"https:\/\/schema.org\",\"@graph\":[{\"@type\":\"WebPage\",\"@id\":\"https:\/\/miumjau.ee\/lv\/produkts\/beaphar-flexifit-sticks-dog-175-g\/\",\"url\":\"https:\/\/miumjau.ee\/lv\/produkts\/beaphar-flexifit-sticks-dog-175-g\/\",\"name\":\"Beaphar Flexifit\u00ae Sticks Dog 175 g - MiuMjau\",\"isPartOf\":{\"@id\":\"https:\/\/miumjau.ee\/#website\"},\"primaryImageOfPage\":{\"@id\":\"https:\/\/miumjau.ee\/lv\/produkts\/beaphar-flexifit-sticks-dog-175-g\/#primaryimage\"},\"image\":{\"@id\":\"https:\/\/miumjau.ee\/lv\/produkts\/beaphar-flexifit-sticks-dog-175-g\/#primaryimage\"},\"thumbnailUrl\":\"https:\/\/miumjau.ee\/wp-content\/uploads\/2025\/11\/beaphar-flexifit-stick-Photoroom-1.jpg\",\"datePublished\":\"2025-11-10T18:19:44+00:00\",\"dateModified\":\"2026-01-07T19:21:44+00:00\",\"breadcrumb\":{\"@id\":\"https:\/\/miumjau.ee\/lv\/produkts\/beaphar-flexifit-sticks-dog-175-g\/#breadcrumb\"},\"inLanguage\":\"lv-LV\",\"potentialAction\":[{\"@type\":\"ReadAction\",\"target\":[\"https:\/\/miumjau.ee\/lv\/produkts\/beaphar-flexifit-sticks-dog-175-g\/\"]}]},{\"@type\":\"ImageObject\",\"inLanguage\":\"lv-LV\",\"@id\":\"https:\/\/miumjau.ee\/lv\/produkts\/beaphar-flexifit-sticks-dog-175-g\/#primaryimage\",\"url\":\"https:\/\/miumjau.ee\/wp-content\/uploads\/2025\/11\/beaphar-flexifit-stick-Photoroom-1.jpg\",\"contentUrl\":\"https:\/\/miumjau.ee\/wp-content\/uploads\/2025\/11\/beaphar-flexifit-stick-Photoroom-1.jpg\",\"width\":600,\"height\":800,\"caption\":\"Beaphar Flexifit toidulisand koertele\"},{\"@type\":\"BreadcrumbList\",\"@id\":\"https:\/\/miumjau.ee\/lv\/produkts\/beaphar-flexifit-sticks-dog-175-g\/#breadcrumb\",\"itemListElement\":[{\"@type\":\"ListItem\",\"position\":1,\"name\":\"Home\",\"item\":\"https:\/\/miumjau.ee\/lv\/\"},{\"@type\":\"ListItem\",\"position\":2,\"name\":\"Veikals\",\"item\":\"https:\/\/miumjau.ee\/lv\/veikals\/\"},{\"@type\":\"ListItem\",\"position\":3,\"name\":\"Beaphar Flexifit\u00ae Sticks Dog 175 g\"}]},{\"@type\":\"WebSite\",\"@id\":\"https:\/\/miumjau.ee\/#website\",\"url\":\"https:\/\/miumjau.ee\/\",\"name\":\"MiuMjau\",\"description\":\"Kraapimispuud kassidele\",\"publisher\":{\"@id\":\"https:\/\/miumjau.ee\/#organization\"},\"potentialAction\":[{\"@type\":\"SearchAction\",\"target\":{\"@type\":\"EntryPoint\",\"urlTemplate\":\"https:\/\/miumjau.ee\/?s={search_term_string}\"},\"query-input\":{\"@type\":\"PropertyValueSpecification\",\"valueRequired\":true,\"valueName\":\"search_term_string\"}}],\"inLanguage\":\"lv-LV\"},{\"@type\":\"Organization\",\"@id\":\"https:\/\/miumjau.ee\/#organization\",\"name\":\"MiuMjau O\u00dc\",\"url\":\"https:\/\/miumjau.ee\/\",\"logo\":{\"@type\":\"ImageObject\",\"inLanguage\":\"lv-LV\",\"@id\":\"https:\/\/miumjau.ee\/#\/schema\/logo\/image\/\",\"url\":\"https:\/\/miumjau.ee\/wp-content\/uploads\/2022\/04\/MiuMjau-logo-kollane.png\",\"contentUrl\":\"https:\/\/miumjau.ee\/wp-content\/uploads\/2022\/04\/MiuMjau-logo-kollane.png\",\"width\":219,\"height\":100,\"caption\":\"MiuMjau O\u00dc\"},\"image\":{\"@id\":\"https:\/\/miumjau.ee\/#\/schema\/logo\/image\/\"},\"sameAs\":[\"https:\/\/www.facebook.com\/miumjaupood\/\"]}]}<\/script>\n<!-- \/ Yoast SEO plugin. -->","yoast_head_json":{"title":"Beaphar Flexifit\u00ae Sticks Dog 175 g - MiuMjau","robots":{"index":"index","follow":"follow","max-snippet":"max-snippet:-1","max-image-preview":"max-image-preview:large","max-video-preview":"max-video-preview:-1"},"canonical":"https:\/\/miumjau.ee\/lv\/produkts\/beaphar-flexifit-sticks-dog-175-g\/","og_locale":"lv_LV","og_type":"article","og_title":"Beaphar Flexifit\u00ae Sticks Dog 175 g - MiuMjau","og_description":"Gards, ga\u013cas gar\u0161as k\u0101rums su\u0146iem, kas pal\u012bdz uztur\u0113t loc\u012btavu elast\u012bbu un stiprus kaulus. Piem\u0113rots su\u0146iem ar norm\u0101lu loc\u012btavu vesel\u012bbu, kuriem nepiecie\u0161ams papildu atbalsts kust\u012bbai un loc\u012btav\u0101m. Galven\u0101s \u012bpa\u0161\u012bbas:     veicina elast\u012bgu loc\u012btavu un stipru kaulu saglab\u0101\u0161anu    pal\u012bdz su\u0146iem kust\u0113ties br\u012bvi un akt\u012bvi    daudzfunkcion\u0101la formula, satur omega-3 tauksk\u0101bes, glikozam\u012bnu un za\u013co glieme\u0146u ekstraktu   Lieto\u0161anas instrukcija:Dot sunim vienu \u201ckoci\u0146u\u201d dien\u0101 k\u0101 na\u0161\u0137i vai balvu. Koci\u0146u var sadal\u012bt maz\u0101kos gabalos un dot vair\u0101k\u0101s reiz\u0113s. Sunim vienm\u0113r j\u0101b\u016bt pieejamam svaigam dzeramajam \u016bdenim. Nav piem\u0113rots su\u0146iem, kas jaun\u0101ki par 4 m\u0113ne\u0161iem. Sast\u0101vs: graudaugi, augu izcelsmes produkti, ga\u013ca un dz\u012bvnieku izcelsmes produkti (vista 6,02 %), m\u012bkstmie\u0161i un v\u0113\u017eveid\u012bgie (za\u013c\u0101s gliemenes 2,2 %, D-glikozam\u012bna hidrohlor\u012bds 2,2 %), e\u013c\u013cas un tauki. Anal\u012btiskais sast\u0101vs: prote\u012bns 9 %, tauki 5,5 %, \u0161\u0137iedra 0,2 %, pelni 1,7 %, mitrums 22,5 %. Piem\u0113rot\u012bba: piem\u0113rots su\u0146iem no 4 m\u0113ne\u0161u vecuma, kuru loc\u012btavu vesel\u012bbu nepiecie\u0161ams atbalst\u012bt profilaktiski vai uzturo\u0161i. Nav paredz\u0113ts su\u0146iem ar boj\u0101tu vai \u013coti v\u0101ju loc\u012btavu kust\u012bgumu, kuriem var b\u016bt nepiecie\u0161ama \u012bpa\u0161a \u0101rst\u0113\u0161ana un papildu loc\u012btavu atbalsts.","og_url":"https:\/\/miumjau.ee\/lv\/produkts\/beaphar-flexifit-sticks-dog-175-g\/","og_site_name":"MiuMjau","article_publisher":"https:\/\/www.facebook.com\/miumjaupood\/","article_modified_time":"2026-01-07T19:21:44+00:00","og_image":[{"width":600,"height":800,"url":"https:\/\/miumjau.ee\/wp-content\/uploads\/2025\/11\/beaphar-flexifit-stick-Photoroom-1.jpg","type":"image\/jpeg"}],"twitter_card":"summary_large_image","schema":{"@context":"https:\/\/schema.org","@graph":[{"@type":"WebPage","@id":"https:\/\/miumjau.ee\/lv\/produkts\/beaphar-flexifit-sticks-dog-175-g\/","url":"https:\/\/miumjau.ee\/lv\/produkts\/beaphar-flexifit-sticks-dog-175-g\/","name":"Beaphar Flexifit\u00ae Sticks Dog 175 g - MiuMjau","isPartOf":{"@id":"https:\/\/miumjau.ee\/#website"},"primaryImageOfPage":{"@id":"https:\/\/miumjau.ee\/lv\/produkts\/beaphar-flexifit-sticks-dog-175-g\/#primaryimage"},"image":{"@id":"https:\/\/miumjau.ee\/lv\/produkts\/beaphar-flexifit-sticks-dog-175-g\/#primaryimage"},"thumbnailUrl":"https:\/\/miumjau.ee\/wp-content\/uploads\/2025\/11\/beaphar-flexifit-stick-Photoroom-1.jpg","datePublished":"2025-11-10T18:19:44+00:00","dateModified":"2026-01-07T19:21:44+00:00","breadcrumb":{"@id":"https:\/\/miumjau.ee\/lv\/produkts\/beaphar-flexifit-sticks-dog-175-g\/#breadcrumb"},"inLanguage":"lv-LV","potentialAction":[{"@type":"ReadAction","target":["https:\/\/miumjau.ee\/lv\/produkts\/beaphar-flexifit-sticks-dog-175-g\/"]}]},{"@type":"ImageObject","inLanguage":"lv-LV","@id":"https:\/\/miumjau.ee\/lv\/produkts\/beaphar-flexifit-sticks-dog-175-g\/#primaryimage","url":"https:\/\/miumjau.ee\/wp-content\/uploads\/2025\/11\/beaphar-flexifit-stick-Photoroom-1.jpg","contentUrl":"https:\/\/miumjau.ee\/wp-content\/uploads\/2025\/11\/beaphar-flexifit-stick-Photoroom-1.jpg","width":600,"height":800,"caption":"Beaphar Flexifit toidulisand koertele"},{"@type":"BreadcrumbList","@id":"https:\/\/miumjau.ee\/lv\/produkts\/beaphar-flexifit-sticks-dog-175-g\/#breadcrumb","itemListElement":[{"@type":"ListItem","position":1,"name":"Home","item":"https:\/\/miumjau.ee\/lv\/"},{"@type":"ListItem","position":2,"name":"Veikals","item":"https:\/\/miumjau.ee\/lv\/veikals\/"},{"@type":"ListItem","position":3,"name":"Beaphar Flexifit\u00ae Sticks Dog 175 g"}]},{"@type":"WebSite","@id":"https:\/\/miumjau.ee\/#website","url":"https:\/\/miumjau.ee\/","name":"MiuMjau","description":"Kraapimispuud kassidele","publisher":{"@id":"https:\/\/miumjau.ee\/#organization"},"potentialAction":[{"@type":"SearchAction","target":{"@type":"EntryPoint","urlTemplate":"https:\/\/miumjau.ee\/?s={search_term_string}"},"query-input":{"@type":"PropertyValueSpecification","valueRequired":true,"valueName":"search_term_string"}}],"inLanguage":"lv-LV"},{"@type":"Organization","@id":"https:\/\/miumjau.ee\/#organization","name":"MiuMjau O\u00dc","url":"https:\/\/miumjau.ee\/","logo":{"@type":"ImageObject","inLanguage":"lv-LV","@id":"https:\/\/miumjau.ee\/#\/schema\/logo\/image\/","url":"https:\/\/miumjau.ee\/wp-content\/uploads\/2022\/04\/MiuMjau-logo-kollane.png","contentUrl":"https:\/\/miumjau.ee\/wp-content\/uploads\/2022\/04\/MiuMjau-logo-kollane.png","width":219,"height":100,"caption":"MiuMjau O\u00dc"},"image":{"@id":"https:\/\/miumjau.ee\/#\/schema\/logo\/image\/"},"sameAs":["https:\/\/www.facebook.com\/miumjaupood\/"]}]}},"_links":{"self":[{"href":"https:\/\/miumjau.ee\/lv\/wp-json\/wp\/v2\/product\/47590","targetHints":{"allow":["GET"]}}],"collection":[{"href":"https:\/\/miumjau.ee\/lv\/wp-json\/wp\/v2\/product"}],"about":[{"href":"https:\/\/miumjau.ee\/lv\/wp-json\/wp\/v2\/types\/product"}],"wp:featuredmedia":[{"embeddable":true,"href":"https:\/\/miumjau.ee\/lv\/wp-json\/wp\/v2\/media\/45697"}],"wp:attachment":[{"href":"https:\/\/miumjau.ee\/lv\/wp-json\/wp\/v2\/media?parent=47590"}],"wp:term":[{"taxonomy":"product_brand","embeddable":true,"href":"https:\/\/miumjau.ee\/lv\/wp-json\/wp\/v2\/product_brand?post=47590"},{"taxonomy":"product_cat","embeddable":true,"href":"https:\/\/miumjau.ee\/lv\/wp-json\/wp\/v2\/product_cat?post=47590"},{"taxonomy":"product_tag","embeddable":true,"href":"https:\/\/miumjau.ee\/lv\/wp-json\/wp\/v2\/product_tag?post=47590"}],"curies":[{"name":"wp","href":"https:\/\/api.w.org\/{rel}","templated":true}]}}