{"id":47560,"date":"2025-12-11T09:47:21","date_gmt":"2025-12-11T07:47:21","guid":{"rendered":"https:\/\/miumjau.ee\/toode\/ibero-grainfree-adult-kakiem-ar-titaru-10-kg\/"},"modified":"2026-01-07T21:21:44","modified_gmt":"2026-01-07T19:21:44","slug":"ibero-grainfree-adult-kakiem-ar-titaru-10-kg","status":"publish","type":"product","link":"https:\/\/miumjau.ee\/lv\/produkts\/ibero-grainfree-adult-kakiem-ar-titaru-10-kg\/","title":{"rendered":"Ibero Grainfree Adult ka\u0137iem ar t\u012btaru, 10 kg"},"content":{"rendered":"","protected":false},"excerpt":{"rendered":"<p data-start=\"5699\" data-end=\"6042\">Ibero Grain-free Adult Turkey ir pilnv\u0113rt\u012bga, bezgraudu saus\u0101 bar\u012bba visu \u0161\u0137ir\u0146u pieaugu\u0161iem ka\u0137iem. Ide\u0101la izv\u0113le, ja v\u0113lies nodro\u0161in\u0101t savam ka\u0137im dab\u012bgu, gar\u0161\u012bgu un augstas kvalit\u0101tes uzturu \u2014 tie\u0161i to, kas tam vajadz\u012bgs ik dienu. T\u012brs sast\u0101vs un augsts t\u012btaru ga\u013cas saturs dab\u012bgi atbalsta ka\u0137a vesel\u012bbu un padara katru \u0113dienreizi pat\u012bkamu.<\/p>\n<p data-start=\"6044\" data-end=\"6325\"><strong data-start=\"6044\" data-end=\"6056\">SAST\u0100VS:<\/strong> Dehidrat\u0113ta t\u012btara ga\u013ca 40%, saldie kartupe\u013ci, kalt\u0113ti kartupe\u013ci, t\u012btara tauki 13%, vistas aknas 5%, kalt\u0113ts \u0137irbis, dehidrat\u0113tas vistas aknas 2%, kalt\u0113ti burk\u0101ni 1,2%, lins\u0113klas, cigori\u0146u ekstrakts, psyllium, beta-glik\u0101ni, taur\u012bns, vitam\u012bnu un miner\u0101lvielu mais\u012bjums.<\/p>\n<p data-start=\"6327\" data-end=\"6471\"><strong data-start=\"6327\" data-end=\"6352\">ANAL\u012aTISKIE R\u0100D\u012aT\u0100JI:<\/strong> Kopprote\u012bns 34%, koptauki 15%, \u0161\u0137iedrvielas 3,2%, pelni 8,5%, kalcijs 1,1%, fosfors 0,85%, n\u0101trijs 0,15%, mitrums 10%.<\/p>\n<p data-start=\"6473\" data-end=\"6909\"><strong data-start=\"6473\" data-end=\"6497\">PIELIKUMI (uz 1 kg):<\/strong> A vitam\u012bns 20 000 SV, D3 vitam\u012bns 2 000 SV, E vitam\u012bns 200 mg, B1 vitam\u012bns 6 mg, B2 vitam\u012bns 10 mg, B6 vitam\u012bns 8 mg, B12 vitam\u012bns 0,08 mg, C vitam\u012bns 200 mg, niac\u012bns 50 mg, pantot\u0113nsk\u0101be 20 mg, folijsk\u0101be 0,8 mg, biot\u012bns 0,5 mg, jods 5 mg, sel\u0113ns 0,44 mg, dzelzs 120 mg, var\u0161 15 mg, cinks 150 mg, mang\u0101ns 15 mg, taur\u012bns 5 000 mg, hol\u012bna hlor\u012bds 2 160 mg. Antioksidanti: tokoferoliem bag\u0101ti augu e\u013c\u013cu ekstrakti.<\/p>\n<p data-start=\"6911\" data-end=\"6954\"><strong data-start=\"6911\" data-end=\"6939\">Metaboliz\u0113jam\u0101 ener\u0123ija:<\/strong> 3 820 kcal\/kg.<\/p>\n<p data-start=\"6956\" data-end=\"7371\"><strong data-start=\"6956\" data-end=\"6983\">LIETO\u0160ANAS INSTRUKCIJA:<\/strong> Pasniegt sausu. P\u0101rejas perioda pirmaj\u0101s dien\u0101s dot aptuveni 80% no ieteicam\u0101s dienas devas. P\u0113c tam piel\u0101got daudzumu atbilsto\u0161i ka\u0137a svaram, izmantojot uz iepakojuma eso\u0161o baro\u0161anas tabulu. Dienas deva ir orient\u0113jo\u0161a; faktisk\u0101s vajadz\u012bbas atkar\u012bgas no ka\u0137a vecuma, aktivit\u0101tes un vides. Vienm\u0113r nodro\u0161in\u0101t piek\u013cuvi svaigam, t\u012bram dzeramajam \u016bdenim. Uzglab\u0101t v\u0113s\u0101, saus\u0101 un tum\u0161\u0101 viet\u0101.<\/p>\n","protected":false},"featured_media":49905,"template":"","meta":[],"product_brand":[],"product_cat":[569],"product_tag":[],"class_list":{"0":"post-47560","1":"product","2":"type-product","3":"status-publish","4":"has-post-thumbnail","6":"product_cat-sausa-bariba","8":"first","9":"instock","10":"sale","11":"taxable","12":"shipping-taxable","13":"purchasable","14":"product-type-simple"},"yoast_head":"<!-- This site is optimized with the Yoast SEO plugin v27.4 - https:\/\/yoast.com\/product\/yoast-seo-wordpress\/ -->\n<title>Ibero Grainfree Adult ka\u0137iem ar t\u012btaru, 10 kg - MiuMjau<\/title>\n<meta name=\"robots\" content=\"index, follow, max-snippet:-1, max-image-preview:large, max-video-preview:-1\" \/>\n<link rel=\"canonical\" href=\"https:\/\/miumjau.ee\/lv\/produkts\/ibero-grainfree-adult-kakiem-ar-titaru-10-kg\/\" \/>\n<meta property=\"og:locale\" content=\"lv_LV\" \/>\n<meta property=\"og:type\" content=\"article\" \/>\n<meta property=\"og:title\" content=\"Ibero Grainfree Adult ka\u0137iem ar t\u012btaru, 10 kg - MiuMjau\" \/>\n<meta property=\"og:description\" content=\"Ibero Grain-free Adult Turkey ir pilnv\u0113rt\u012bga, bezgraudu saus\u0101 bar\u012bba visu \u0161\u0137ir\u0146u pieaugu\u0161iem ka\u0137iem. Ide\u0101la izv\u0113le, ja v\u0113lies nodro\u0161in\u0101t savam ka\u0137im dab\u012bgu, gar\u0161\u012bgu un augstas kvalit\u0101tes uzturu \u2014 tie\u0161i to, kas tam vajadz\u012bgs ik dienu. T\u012brs sast\u0101vs un augsts t\u012btaru ga\u013cas saturs dab\u012bgi atbalsta ka\u0137a vesel\u012bbu un padara katru \u0113dienreizi pat\u012bkamu. SAST\u0100VS: Dehidrat\u0113ta t\u012btara ga\u013ca 40%, saldie kartupe\u013ci, kalt\u0113ti kartupe\u013ci, t\u012btara tauki 13%, vistas aknas 5%, kalt\u0113ts \u0137irbis, dehidrat\u0113tas vistas aknas 2%, kalt\u0113ti burk\u0101ni 1,2%, lins\u0113klas, cigori\u0146u ekstrakts, psyllium, beta-glik\u0101ni, taur\u012bns, vitam\u012bnu un miner\u0101lvielu mais\u012bjums. ANAL\u012aTISKIE R\u0100D\u012aT\u0100JI: Kopprote\u012bns 34%, koptauki 15%, \u0161\u0137iedrvielas 3,2%, pelni 8,5%, kalcijs 1,1%, fosfors 0,85%, n\u0101trijs 0,15%, mitrums 10%. PIELIKUMI (uz 1 kg): A vitam\u012bns 20 000 SV, D3 vitam\u012bns 2 000 SV, E vitam\u012bns 200 mg, B1 vitam\u012bns 6 mg, B2 vitam\u012bns 10 mg, B6 vitam\u012bns 8 mg, B12 vitam\u012bns 0,08 mg, C vitam\u012bns 200 mg, niac\u012bns 50 mg, pantot\u0113nsk\u0101be 20 mg, folijsk\u0101be 0,8 mg, biot\u012bns 0,5 mg, jods 5 mg, sel\u0113ns 0,44 mg, dzelzs 120 mg, var\u0161 15 mg, cinks 150 mg, mang\u0101ns 15 mg, taur\u012bns 5 000 mg, hol\u012bna hlor\u012bds 2 160 mg. Antioksidanti: tokoferoliem bag\u0101ti augu e\u013c\u013cu ekstrakti. Metaboliz\u0113jam\u0101 ener\u0123ija: 3 820 kcal\/kg. LIETO\u0160ANAS INSTRUKCIJA: Pasniegt sausu. P\u0101rejas perioda pirmaj\u0101s dien\u0101s dot aptuveni 80% no ieteicam\u0101s dienas devas. P\u0113c tam piel\u0101got daudzumu atbilsto\u0161i ka\u0137a svaram, izmantojot uz iepakojuma eso\u0161o baro\u0161anas tabulu. Dienas deva ir orient\u0113jo\u0161a; faktisk\u0101s vajadz\u012bbas atkar\u012bgas no ka\u0137a vecuma, aktivit\u0101tes un vides. Vienm\u0113r nodro\u0161in\u0101t piek\u013cuvi svaigam, t\u012bram dzeramajam \u016bdenim. Uzglab\u0101t v\u0113s\u0101, saus\u0101 un tum\u0161\u0101 viet\u0101.\" \/>\n<meta property=\"og:url\" content=\"https:\/\/miumjau.ee\/lv\/produkts\/ibero-grainfree-adult-kakiem-ar-titaru-10-kg\/\" \/>\n<meta property=\"og:site_name\" content=\"MiuMjau\" \/>\n<meta property=\"article:publisher\" content=\"https:\/\/www.facebook.com\/miumjaupood\/\" \/>\n<meta property=\"article:modified_time\" content=\"2026-01-07T19:21:44+00:00\" \/>\n<meta name=\"twitter:card\" content=\"summary_large_image\" \/>\n<script type=\"application\/ld+json\" class=\"yoast-schema-graph\">{\"@context\":\"https:\\\/\\\/schema.org\",\"@graph\":[{\"@type\":\"WebPage\",\"@id\":\"https:\\\/\\\/miumjau.ee\\\/lv\\\/produkts\\\/ibero-grainfree-adult-kakiem-ar-titaru-10-kg\\\/\",\"url\":\"https:\\\/\\\/miumjau.ee\\\/lv\\\/produkts\\\/ibero-grainfree-adult-kakiem-ar-titaru-10-kg\\\/\",\"name\":\"Ibero Grainfree Adult ka\u0137iem ar t\u012btaru, 10 kg - MiuMjau\",\"isPartOf\":{\"@id\":\"https:\\\/\\\/miumjau.ee\\\/#website\"},\"primaryImageOfPage\":{\"@id\":\"https:\\\/\\\/miumjau.ee\\\/lv\\\/produkts\\\/ibero-grainfree-adult-kakiem-ar-titaru-10-kg\\\/#primaryimage\"},\"image\":{\"@id\":\"https:\\\/\\\/miumjau.ee\\\/lv\\\/produkts\\\/ibero-grainfree-adult-kakiem-ar-titaru-10-kg\\\/#primaryimage\"},\"thumbnailUrl\":\"https:\\\/\\\/miumjau.ee\\\/wp-content\\\/uploads\\\/2025\\\/12\\\/Ibero_GF_cat_TURKEY_10kg.jpg\",\"datePublished\":\"2025-12-11T07:47:21+00:00\",\"dateModified\":\"2026-01-07T19:21:44+00:00\",\"breadcrumb\":{\"@id\":\"https:\\\/\\\/miumjau.ee\\\/lv\\\/produkts\\\/ibero-grainfree-adult-kakiem-ar-titaru-10-kg\\\/#breadcrumb\"},\"inLanguage\":\"lv-LV\",\"potentialAction\":[{\"@type\":\"ReadAction\",\"target\":[\"https:\\\/\\\/miumjau.ee\\\/lv\\\/produkts\\\/ibero-grainfree-adult-kakiem-ar-titaru-10-kg\\\/\"]}]},{\"@type\":\"ImageObject\",\"inLanguage\":\"lv-LV\",\"@id\":\"https:\\\/\\\/miumjau.ee\\\/lv\\\/produkts\\\/ibero-grainfree-adult-kakiem-ar-titaru-10-kg\\\/#primaryimage\",\"url\":\"https:\\\/\\\/miumjau.ee\\\/wp-content\\\/uploads\\\/2025\\\/12\\\/Ibero_GF_cat_TURKEY_10kg.jpg\",\"contentUrl\":\"https:\\\/\\\/miumjau.ee\\\/wp-content\\\/uploads\\\/2025\\\/12\\\/Ibero_GF_cat_TURKEY_10kg.jpg\",\"width\":600,\"height\":800,\"caption\":\"Ibero Grainfree Adult kassidele kalkuniga, 10kg\"},{\"@type\":\"BreadcrumbList\",\"@id\":\"https:\\\/\\\/miumjau.ee\\\/lv\\\/produkts\\\/ibero-grainfree-adult-kakiem-ar-titaru-10-kg\\\/#breadcrumb\",\"itemListElement\":[{\"@type\":\"ListItem\",\"position\":1,\"name\":\"Home\",\"item\":\"https:\\\/\\\/miumjau.ee\\\/lv\\\/\"},{\"@type\":\"ListItem\",\"position\":2,\"name\":\"Veikals\",\"item\":\"https:\\\/\\\/miumjau.ee\\\/lv\\\/veikals\\\/\"},{\"@type\":\"ListItem\",\"position\":3,\"name\":\"Ibero Grainfree Adult ka\u0137iem ar t\u012btaru, 10 kg\"}]},{\"@type\":\"WebSite\",\"@id\":\"https:\\\/\\\/miumjau.ee\\\/#website\",\"url\":\"https:\\\/\\\/miumjau.ee\\\/\",\"name\":\"MiuMjau\",\"description\":\"Kraapimispuud kassidele\",\"publisher\":{\"@id\":\"https:\\\/\\\/miumjau.ee\\\/#organization\"},\"potentialAction\":[{\"@type\":\"SearchAction\",\"target\":{\"@type\":\"EntryPoint\",\"urlTemplate\":\"https:\\\/\\\/miumjau.ee\\\/?s={search_term_string}\"},\"query-input\":{\"@type\":\"PropertyValueSpecification\",\"valueRequired\":true,\"valueName\":\"search_term_string\"}}],\"inLanguage\":\"lv-LV\"},{\"@type\":\"Organization\",\"@id\":\"https:\\\/\\\/miumjau.ee\\\/#organization\",\"name\":\"MiuMjau O\u00dc\",\"url\":\"https:\\\/\\\/miumjau.ee\\\/\",\"logo\":{\"@type\":\"ImageObject\",\"inLanguage\":\"lv-LV\",\"@id\":\"https:\\\/\\\/miumjau.ee\\\/#\\\/schema\\\/logo\\\/image\\\/\",\"url\":\"https:\\\/\\\/miumjau.ee\\\/wp-content\\\/uploads\\\/2022\\\/04\\\/MiuMjau-logo-kollane.png\",\"contentUrl\":\"https:\\\/\\\/miumjau.ee\\\/wp-content\\\/uploads\\\/2022\\\/04\\\/MiuMjau-logo-kollane.png\",\"width\":219,\"height\":100,\"caption\":\"MiuMjau O\u00dc\"},\"image\":{\"@id\":\"https:\\\/\\\/miumjau.ee\\\/#\\\/schema\\\/logo\\\/image\\\/\"},\"sameAs\":[\"https:\\\/\\\/www.facebook.com\\\/miumjaupood\\\/\"]}]}<\/script>\n<!-- \/ Yoast SEO plugin. -->","yoast_head_json":{"title":"Ibero Grainfree Adult ka\u0137iem ar t\u012btaru, 10 kg - MiuMjau","robots":{"index":"index","follow":"follow","max-snippet":"max-snippet:-1","max-image-preview":"max-image-preview:large","max-video-preview":"max-video-preview:-1"},"canonical":"https:\/\/miumjau.ee\/lv\/produkts\/ibero-grainfree-adult-kakiem-ar-titaru-10-kg\/","og_locale":"lv_LV","og_type":"article","og_title":"Ibero Grainfree Adult ka\u0137iem ar t\u012btaru, 10 kg - MiuMjau","og_description":"Ibero Grain-free Adult Turkey ir pilnv\u0113rt\u012bga, bezgraudu saus\u0101 bar\u012bba visu \u0161\u0137ir\u0146u pieaugu\u0161iem ka\u0137iem. Ide\u0101la izv\u0113le, ja v\u0113lies nodro\u0161in\u0101t savam ka\u0137im dab\u012bgu, gar\u0161\u012bgu un augstas kvalit\u0101tes uzturu \u2014 tie\u0161i to, kas tam vajadz\u012bgs ik dienu. T\u012brs sast\u0101vs un augsts t\u012btaru ga\u013cas saturs dab\u012bgi atbalsta ka\u0137a vesel\u012bbu un padara katru \u0113dienreizi pat\u012bkamu. SAST\u0100VS: Dehidrat\u0113ta t\u012btara ga\u013ca 40%, saldie kartupe\u013ci, kalt\u0113ti kartupe\u013ci, t\u012btara tauki 13%, vistas aknas 5%, kalt\u0113ts \u0137irbis, dehidrat\u0113tas vistas aknas 2%, kalt\u0113ti burk\u0101ni 1,2%, lins\u0113klas, cigori\u0146u ekstrakts, psyllium, beta-glik\u0101ni, taur\u012bns, vitam\u012bnu un miner\u0101lvielu mais\u012bjums. ANAL\u012aTISKIE R\u0100D\u012aT\u0100JI: Kopprote\u012bns 34%, koptauki 15%, \u0161\u0137iedrvielas 3,2%, pelni 8,5%, kalcijs 1,1%, fosfors 0,85%, n\u0101trijs 0,15%, mitrums 10%. PIELIKUMI (uz 1 kg): A vitam\u012bns 20 000 SV, D3 vitam\u012bns 2 000 SV, E vitam\u012bns 200 mg, B1 vitam\u012bns 6 mg, B2 vitam\u012bns 10 mg, B6 vitam\u012bns 8 mg, B12 vitam\u012bns 0,08 mg, C vitam\u012bns 200 mg, niac\u012bns 50 mg, pantot\u0113nsk\u0101be 20 mg, folijsk\u0101be 0,8 mg, biot\u012bns 0,5 mg, jods 5 mg, sel\u0113ns 0,44 mg, dzelzs 120 mg, var\u0161 15 mg, cinks 150 mg, mang\u0101ns 15 mg, taur\u012bns 5 000 mg, hol\u012bna hlor\u012bds 2 160 mg. Antioksidanti: tokoferoliem bag\u0101ti augu e\u013c\u013cu ekstrakti. Metaboliz\u0113jam\u0101 ener\u0123ija: 3 820 kcal\/kg. LIETO\u0160ANAS INSTRUKCIJA: Pasniegt sausu. P\u0101rejas perioda pirmaj\u0101s dien\u0101s dot aptuveni 80% no ieteicam\u0101s dienas devas. P\u0113c tam piel\u0101got daudzumu atbilsto\u0161i ka\u0137a svaram, izmantojot uz iepakojuma eso\u0161o baro\u0161anas tabulu. Dienas deva ir orient\u0113jo\u0161a; faktisk\u0101s vajadz\u012bbas atkar\u012bgas no ka\u0137a vecuma, aktivit\u0101tes un vides. Vienm\u0113r nodro\u0161in\u0101t piek\u013cuvi svaigam, t\u012bram dzeramajam \u016bdenim. Uzglab\u0101t v\u0113s\u0101, saus\u0101 un tum\u0161\u0101 viet\u0101.","og_url":"https:\/\/miumjau.ee\/lv\/produkts\/ibero-grainfree-adult-kakiem-ar-titaru-10-kg\/","og_site_name":"MiuMjau","article_publisher":"https:\/\/www.facebook.com\/miumjaupood\/","article_modified_time":"2026-01-07T19:21:44+00:00","twitter_card":"summary_large_image","schema":{"@context":"https:\/\/schema.org","@graph":[{"@type":"WebPage","@id":"https:\/\/miumjau.ee\/lv\/produkts\/ibero-grainfree-adult-kakiem-ar-titaru-10-kg\/","url":"https:\/\/miumjau.ee\/lv\/produkts\/ibero-grainfree-adult-kakiem-ar-titaru-10-kg\/","name":"Ibero Grainfree Adult ka\u0137iem ar t\u012btaru, 10 kg - MiuMjau","isPartOf":{"@id":"https:\/\/miumjau.ee\/#website"},"primaryImageOfPage":{"@id":"https:\/\/miumjau.ee\/lv\/produkts\/ibero-grainfree-adult-kakiem-ar-titaru-10-kg\/#primaryimage"},"image":{"@id":"https:\/\/miumjau.ee\/lv\/produkts\/ibero-grainfree-adult-kakiem-ar-titaru-10-kg\/#primaryimage"},"thumbnailUrl":"https:\/\/miumjau.ee\/wp-content\/uploads\/2025\/12\/Ibero_GF_cat_TURKEY_10kg.jpg","datePublished":"2025-12-11T07:47:21+00:00","dateModified":"2026-01-07T19:21:44+00:00","breadcrumb":{"@id":"https:\/\/miumjau.ee\/lv\/produkts\/ibero-grainfree-adult-kakiem-ar-titaru-10-kg\/#breadcrumb"},"inLanguage":"lv-LV","potentialAction":[{"@type":"ReadAction","target":["https:\/\/miumjau.ee\/lv\/produkts\/ibero-grainfree-adult-kakiem-ar-titaru-10-kg\/"]}]},{"@type":"ImageObject","inLanguage":"lv-LV","@id":"https:\/\/miumjau.ee\/lv\/produkts\/ibero-grainfree-adult-kakiem-ar-titaru-10-kg\/#primaryimage","url":"https:\/\/miumjau.ee\/wp-content\/uploads\/2025\/12\/Ibero_GF_cat_TURKEY_10kg.jpg","contentUrl":"https:\/\/miumjau.ee\/wp-content\/uploads\/2025\/12\/Ibero_GF_cat_TURKEY_10kg.jpg","width":600,"height":800,"caption":"Ibero Grainfree Adult kassidele kalkuniga, 10kg"},{"@type":"BreadcrumbList","@id":"https:\/\/miumjau.ee\/lv\/produkts\/ibero-grainfree-adult-kakiem-ar-titaru-10-kg\/#breadcrumb","itemListElement":[{"@type":"ListItem","position":1,"name":"Home","item":"https:\/\/miumjau.ee\/lv\/"},{"@type":"ListItem","position":2,"name":"Veikals","item":"https:\/\/miumjau.ee\/lv\/veikals\/"},{"@type":"ListItem","position":3,"name":"Ibero Grainfree Adult ka\u0137iem ar t\u012btaru, 10 kg"}]},{"@type":"WebSite","@id":"https:\/\/miumjau.ee\/#website","url":"https:\/\/miumjau.ee\/","name":"MiuMjau","description":"Kraapimispuud kassidele","publisher":{"@id":"https:\/\/miumjau.ee\/#organization"},"potentialAction":[{"@type":"SearchAction","target":{"@type":"EntryPoint","urlTemplate":"https:\/\/miumjau.ee\/?s={search_term_string}"},"query-input":{"@type":"PropertyValueSpecification","valueRequired":true,"valueName":"search_term_string"}}],"inLanguage":"lv-LV"},{"@type":"Organization","@id":"https:\/\/miumjau.ee\/#organization","name":"MiuMjau O\u00dc","url":"https:\/\/miumjau.ee\/","logo":{"@type":"ImageObject","inLanguage":"lv-LV","@id":"https:\/\/miumjau.ee\/#\/schema\/logo\/image\/","url":"https:\/\/miumjau.ee\/wp-content\/uploads\/2022\/04\/MiuMjau-logo-kollane.png","contentUrl":"https:\/\/miumjau.ee\/wp-content\/uploads\/2022\/04\/MiuMjau-logo-kollane.png","width":219,"height":100,"caption":"MiuMjau O\u00dc"},"image":{"@id":"https:\/\/miumjau.ee\/#\/schema\/logo\/image\/"},"sameAs":["https:\/\/www.facebook.com\/miumjaupood\/"]}]}},"_links":{"self":[{"href":"https:\/\/miumjau.ee\/lv\/wp-json\/wp\/v2\/product\/47560","targetHints":{"allow":["GET"]}}],"collection":[{"href":"https:\/\/miumjau.ee\/lv\/wp-json\/wp\/v2\/product"}],"about":[{"href":"https:\/\/miumjau.ee\/lv\/wp-json\/wp\/v2\/types\/product"}],"wp:featuredmedia":[{"embeddable":true,"href":"https:\/\/miumjau.ee\/lv\/wp-json\/wp\/v2\/media\/49905"}],"wp:attachment":[{"href":"https:\/\/miumjau.ee\/lv\/wp-json\/wp\/v2\/media?parent=47560"}],"wp:term":[{"taxonomy":"product_brand","embeddable":true,"href":"https:\/\/miumjau.ee\/lv\/wp-json\/wp\/v2\/product_brand?post=47560"},{"taxonomy":"product_cat","embeddable":true,"href":"https:\/\/miumjau.ee\/lv\/wp-json\/wp\/v2\/product_cat?post=47560"},{"taxonomy":"product_tag","embeddable":true,"href":"https:\/\/miumjau.ee\/lv\/wp-json\/wp\/v2\/product_tag?post=47560"}],"curies":[{"name":"wp","href":"https:\/\/api.w.org\/{rel}","templated":true}]}}