{"id":47308,"date":"2025-05-03T09:17:46","date_gmt":"2025-05-03T06:17:46","guid":{"rendered":"https:\/\/miumjau.ee\/toode\/ontario-vistas-titara-un-smiltserksku-pastete-pieaugusiem-kakiem-400-g\/"},"modified":"2026-01-28T16:46:05","modified_gmt":"2026-01-28T14:46:05","slug":"ontario-vistas-titara-un-smiltserksku-pastete-pieaugusiem-kakiem-400-g","status":"publish","type":"product","link":"https:\/\/miumjau.ee\/lv\/produkts\/ontario-vistas-titara-un-smiltserksku-pastete-pieaugusiem-kakiem-400-g\/","title":{"rendered":"Ontario vistas, t\u012btara un smilts\u0113rk\u0161\u0137u past\u0113te pieaugu\u0161iem ka\u0137iem 400 g"},"content":{"rendered":"","protected":false},"excerpt":{"rendered":"<p data-start=\"140\" data-end=\"250\">Bag\u0101ta vistas un t\u012btara past\u0113te ar smilts\u0113rk\u0161\u0137u gar\u0161u. Pilnv\u0113rt\u012bga bar\u012bba pieaugu\u0161iem ka\u0137iem no 1 gada vecuma.<\/p>\n<p data-start=\"252\" data-end=\"425\"><strong data-start=\"252\" data-end=\"264\">Sast\u0101vs:<\/strong> Buljons 28,175%, c\u016bkga\u013ca 26%, vistas ga\u013ca 20,5%, t\u012btara ga\u013ca 12,2%, liellopu ga\u013ca 11,3%, miner\u0101lvielas 0,9%, lasis e\u013c\u013ca 0,5%, inul\u012bns 0,4%, smilts\u0113rk\u0161\u0137i 0,025%.<\/p>\n<p data-start=\"427\" data-end=\"576\"><strong data-start=\"427\" data-end=\"452\">Anal\u012btiskie r\u0101d\u012bt\u0101ji:<\/strong> Neapstr\u0101d\u0101tas olbaltumvielas 11%, neapstr\u0101d\u0101ti tauki 6%, neapstr\u0101d\u0101ti pelni 2,5%, neapstr\u0101d\u0101tas \u0161\u0137iedras 0,5%, mitrums 80%.<\/p>\n<p data-start=\"578\" data-end=\"853\"><strong data-start=\"578\" data-end=\"626\">Piedevas \/ Uzturvielu piedevas uz kilogramu:<\/strong> D3 vitam\u012bns 160 SV, E vitam\u012bns 100 mg, cinks (cinka sulf\u0101ta monohidr\u0101ts): 10 mg, mang\u0101ns (mang\u0101na oks\u012bds): 2 mg, var\u0161 (vara sulf\u0101ta pentahidr\u0101ts): 1,2 mg, jods (bez\u016bdens kalcija jod\u0101ts): 0,2 mg, taur\u012bns 520 mg, biot\u012bns 100 \u03bcg.<\/p>\n<p data-start=\"855\" data-end=\"1469\"><strong data-start=\"855\" data-end=\"880\">Baro\u0161anas nor\u0101d\u012bjumi:<\/strong> Dienas deva ir atkar\u012bga no ka\u0137a aktivit\u0101tes, vecuma, vides un \u0161\u0137irnes. Vid\u0113ja izm\u0113ra ka\u0137im (3\u20135 kg) nepiecie\u0161ami 220\u2013310 g bar\u012bbas dien\u0101, vislab\u0101k sadalot div\u0101s \u0113dienreiz\u0113s. S\u0101kotn\u0113ji barojiet ar nor\u0101d\u012bto daudzumu un p\u0113c tam pak\u0101peniski piel\u0101gojiet, lai uztur\u0113tu ka\u0137i lab\u0101 form\u0101. Pasniegt istabas temperat\u016br\u0101. Neatv\u0113rtu konservu uzglab\u0101t v\u0113s\u0101, saus\u0101 viet\u0101, prom no tie\u0161iem saules stariem. P\u0113c atv\u0113r\u0161anas uzglab\u0101t ledusskap\u012b un izlietot 2 dienu laik\u0101. Nav paredz\u0113ts cilv\u0113ku uzturam. Nodro\u0161in\u0101t piek\u013cuvi svaigam dzeramajam \u016bdenim. Der\u012bguma termi\u0146\u0161\/partijas numurs: skat\u012bt uz burkas apak\u0161as.<\/p>\n","protected":false},"featured_media":47297,"template":"","meta":[],"product_brand":[],"product_cat":[571],"product_tag":[],"class_list":{"0":"post-47308","1":"product","2":"type-product","3":"status-publish","4":"has-post-thumbnail","6":"product_cat-mitra-bariba","8":"first","9":"instock","10":"taxable","11":"shipping-taxable","12":"purchasable","13":"product-type-simple"},"yoast_head":"<!-- This site is optimized with the Yoast SEO plugin v27.4 - https:\/\/yoast.com\/product\/yoast-seo-wordpress\/ -->\n<title>Ontario vistas, t\u012btara un smilts\u0113rk\u0161\u0137u past\u0113te pieaugu\u0161iem ka\u0137iem 400 g - MiuMjau<\/title>\n<meta name=\"robots\" content=\"index, follow, max-snippet:-1, max-image-preview:large, max-video-preview:-1\" \/>\n<link rel=\"canonical\" href=\"https:\/\/miumjau.ee\/lv\/produkts\/ontario-vistas-titara-un-smiltserksku-pastete-pieaugusiem-kakiem-400-g\/\" \/>\n<meta property=\"og:locale\" content=\"lv_LV\" \/>\n<meta property=\"og:type\" content=\"article\" \/>\n<meta property=\"og:title\" content=\"Ontario vistas, t\u012btara un smilts\u0113rk\u0161\u0137u past\u0113te pieaugu\u0161iem ka\u0137iem 400 g - MiuMjau\" \/>\n<meta property=\"og:description\" content=\"Bag\u0101ta vistas un t\u012btara past\u0113te ar smilts\u0113rk\u0161\u0137u gar\u0161u. Pilnv\u0113rt\u012bga bar\u012bba pieaugu\u0161iem ka\u0137iem no 1 gada vecuma. Sast\u0101vs: Buljons 28,175%, c\u016bkga\u013ca 26%, vistas ga\u013ca 20,5%, t\u012btara ga\u013ca 12,2%, liellopu ga\u013ca 11,3%, miner\u0101lvielas 0,9%, lasis e\u013c\u013ca 0,5%, inul\u012bns 0,4%, smilts\u0113rk\u0161\u0137i 0,025%. Anal\u012btiskie r\u0101d\u012bt\u0101ji: Neapstr\u0101d\u0101tas olbaltumvielas 11%, neapstr\u0101d\u0101ti tauki 6%, neapstr\u0101d\u0101ti pelni 2,5%, neapstr\u0101d\u0101tas \u0161\u0137iedras 0,5%, mitrums 80%. Piedevas \/ Uzturvielu piedevas uz kilogramu: D3 vitam\u012bns 160 SV, E vitam\u012bns 100 mg, cinks (cinka sulf\u0101ta monohidr\u0101ts): 10 mg, mang\u0101ns (mang\u0101na oks\u012bds): 2 mg, var\u0161 (vara sulf\u0101ta pentahidr\u0101ts): 1,2 mg, jods (bez\u016bdens kalcija jod\u0101ts): 0,2 mg, taur\u012bns 520 mg, biot\u012bns 100 \u03bcg. Baro\u0161anas nor\u0101d\u012bjumi: Dienas deva ir atkar\u012bga no ka\u0137a aktivit\u0101tes, vecuma, vides un \u0161\u0137irnes. Vid\u0113ja izm\u0113ra ka\u0137im (3\u20135 kg) nepiecie\u0161ami 220\u2013310 g bar\u012bbas dien\u0101, vislab\u0101k sadalot div\u0101s \u0113dienreiz\u0113s. S\u0101kotn\u0113ji barojiet ar nor\u0101d\u012bto daudzumu un p\u0113c tam pak\u0101peniski piel\u0101gojiet, lai uztur\u0113tu ka\u0137i lab\u0101 form\u0101. Pasniegt istabas temperat\u016br\u0101. Neatv\u0113rtu konservu uzglab\u0101t v\u0113s\u0101, saus\u0101 viet\u0101, prom no tie\u0161iem saules stariem. P\u0113c atv\u0113r\u0161anas uzglab\u0101t ledusskap\u012b un izlietot 2 dienu laik\u0101. Nav paredz\u0113ts cilv\u0113ku uzturam. Nodro\u0161in\u0101t piek\u013cuvi svaigam dzeramajam \u016bdenim. Der\u012bguma termi\u0146\u0161\/partijas numurs: skat\u012bt uz burkas apak\u0161as.\" \/>\n<meta property=\"og:url\" content=\"https:\/\/miumjau.ee\/lv\/produkts\/ontario-vistas-titara-un-smiltserksku-pastete-pieaugusiem-kakiem-400-g\/\" \/>\n<meta property=\"og:site_name\" content=\"MiuMjau\" \/>\n<meta property=\"article:publisher\" content=\"https:\/\/www.facebook.com\/miumjaupood\/\" \/>\n<meta property=\"article:modified_time\" content=\"2026-01-28T14:46:05+00:00\" \/>\n<meta property=\"og:image\" content=\"https:\/\/miumjau.ee\/wp-content\/uploads\/2025\/05\/konserv-kassidele-ontario-400g2.webp\" \/>\n\t<meta property=\"og:image:width\" content=\"1200\" \/>\n\t<meta property=\"og:image:height\" content=\"1600\" \/>\n\t<meta property=\"og:image:type\" content=\"image\/webp\" \/>\n<meta name=\"twitter:card\" content=\"summary_large_image\" \/>\n<script type=\"application\/ld+json\" class=\"yoast-schema-graph\">{\"@context\":\"https:\\\/\\\/schema.org\",\"@graph\":[{\"@type\":\"WebPage\",\"@id\":\"https:\\\/\\\/miumjau.ee\\\/lv\\\/produkts\\\/ontario-vistas-titara-un-smiltserksku-pastete-pieaugusiem-kakiem-400-g\\\/\",\"url\":\"https:\\\/\\\/miumjau.ee\\\/lv\\\/produkts\\\/ontario-vistas-titara-un-smiltserksku-pastete-pieaugusiem-kakiem-400-g\\\/\",\"name\":\"Ontario vistas, t\u012btara un smilts\u0113rk\u0161\u0137u past\u0113te pieaugu\u0161iem ka\u0137iem 400 g - MiuMjau\",\"isPartOf\":{\"@id\":\"https:\\\/\\\/miumjau.ee\\\/#website\"},\"primaryImageOfPage\":{\"@id\":\"https:\\\/\\\/miumjau.ee\\\/lv\\\/produkts\\\/ontario-vistas-titara-un-smiltserksku-pastete-pieaugusiem-kakiem-400-g\\\/#primaryimage\"},\"image\":{\"@id\":\"https:\\\/\\\/miumjau.ee\\\/lv\\\/produkts\\\/ontario-vistas-titara-un-smiltserksku-pastete-pieaugusiem-kakiem-400-g\\\/#primaryimage\"},\"thumbnailUrl\":\"https:\\\/\\\/miumjau.ee\\\/wp-content\\\/uploads\\\/2025\\\/05\\\/konserv-kassidele-ontario-400g2.webp\",\"datePublished\":\"2025-05-03T06:17:46+00:00\",\"dateModified\":\"2026-01-28T14:46:05+00:00\",\"breadcrumb\":{\"@id\":\"https:\\\/\\\/miumjau.ee\\\/lv\\\/produkts\\\/ontario-vistas-titara-un-smiltserksku-pastete-pieaugusiem-kakiem-400-g\\\/#breadcrumb\"},\"inLanguage\":\"lv-LV\",\"potentialAction\":[{\"@type\":\"ReadAction\",\"target\":[\"https:\\\/\\\/miumjau.ee\\\/lv\\\/produkts\\\/ontario-vistas-titara-un-smiltserksku-pastete-pieaugusiem-kakiem-400-g\\\/\"]}]},{\"@type\":\"ImageObject\",\"inLanguage\":\"lv-LV\",\"@id\":\"https:\\\/\\\/miumjau.ee\\\/lv\\\/produkts\\\/ontario-vistas-titara-un-smiltserksku-pastete-pieaugusiem-kakiem-400-g\\\/#primaryimage\",\"url\":\"https:\\\/\\\/miumjau.ee\\\/wp-content\\\/uploads\\\/2025\\\/05\\\/konserv-kassidele-ontario-400g2.webp\",\"contentUrl\":\"https:\\\/\\\/miumjau.ee\\\/wp-content\\\/uploads\\\/2025\\\/05\\\/konserv-kassidele-ontario-400g2.webp\",\"width\":1200,\"height\":1600},{\"@type\":\"BreadcrumbList\",\"@id\":\"https:\\\/\\\/miumjau.ee\\\/lv\\\/produkts\\\/ontario-vistas-titara-un-smiltserksku-pastete-pieaugusiem-kakiem-400-g\\\/#breadcrumb\",\"itemListElement\":[{\"@type\":\"ListItem\",\"position\":1,\"name\":\"Home\",\"item\":\"https:\\\/\\\/miumjau.ee\\\/lv\\\/\"},{\"@type\":\"ListItem\",\"position\":2,\"name\":\"Veikals\",\"item\":\"https:\\\/\\\/miumjau.ee\\\/lv\\\/veikals\\\/\"},{\"@type\":\"ListItem\",\"position\":3,\"name\":\"Ontario vistas, t\u012btara un smilts\u0113rk\u0161\u0137u past\u0113te pieaugu\u0161iem ka\u0137iem 400 g\"}]},{\"@type\":\"WebSite\",\"@id\":\"https:\\\/\\\/miumjau.ee\\\/#website\",\"url\":\"https:\\\/\\\/miumjau.ee\\\/\",\"name\":\"MiuMjau\",\"description\":\"Kraapimispuud kassidele\",\"publisher\":{\"@id\":\"https:\\\/\\\/miumjau.ee\\\/#organization\"},\"potentialAction\":[{\"@type\":\"SearchAction\",\"target\":{\"@type\":\"EntryPoint\",\"urlTemplate\":\"https:\\\/\\\/miumjau.ee\\\/?s={search_term_string}\"},\"query-input\":{\"@type\":\"PropertyValueSpecification\",\"valueRequired\":true,\"valueName\":\"search_term_string\"}}],\"inLanguage\":\"lv-LV\"},{\"@type\":\"Organization\",\"@id\":\"https:\\\/\\\/miumjau.ee\\\/#organization\",\"name\":\"MiuMjau O\u00dc\",\"url\":\"https:\\\/\\\/miumjau.ee\\\/\",\"logo\":{\"@type\":\"ImageObject\",\"inLanguage\":\"lv-LV\",\"@id\":\"https:\\\/\\\/miumjau.ee\\\/#\\\/schema\\\/logo\\\/image\\\/\",\"url\":\"https:\\\/\\\/miumjau.ee\\\/wp-content\\\/uploads\\\/2022\\\/04\\\/MiuMjau-logo-kollane.png\",\"contentUrl\":\"https:\\\/\\\/miumjau.ee\\\/wp-content\\\/uploads\\\/2022\\\/04\\\/MiuMjau-logo-kollane.png\",\"width\":219,\"height\":100,\"caption\":\"MiuMjau O\u00dc\"},\"image\":{\"@id\":\"https:\\\/\\\/miumjau.ee\\\/#\\\/schema\\\/logo\\\/image\\\/\"},\"sameAs\":[\"https:\\\/\\\/www.facebook.com\\\/miumjaupood\\\/\"]}]}<\/script>\n<!-- \/ Yoast SEO plugin. -->","yoast_head_json":{"title":"Ontario vistas, t\u012btara un smilts\u0113rk\u0161\u0137u past\u0113te pieaugu\u0161iem ka\u0137iem 400 g - MiuMjau","robots":{"index":"index","follow":"follow","max-snippet":"max-snippet:-1","max-image-preview":"max-image-preview:large","max-video-preview":"max-video-preview:-1"},"canonical":"https:\/\/miumjau.ee\/lv\/produkts\/ontario-vistas-titara-un-smiltserksku-pastete-pieaugusiem-kakiem-400-g\/","og_locale":"lv_LV","og_type":"article","og_title":"Ontario vistas, t\u012btara un smilts\u0113rk\u0161\u0137u past\u0113te pieaugu\u0161iem ka\u0137iem 400 g - MiuMjau","og_description":"Bag\u0101ta vistas un t\u012btara past\u0113te ar smilts\u0113rk\u0161\u0137u gar\u0161u. Pilnv\u0113rt\u012bga bar\u012bba pieaugu\u0161iem ka\u0137iem no 1 gada vecuma. Sast\u0101vs: Buljons 28,175%, c\u016bkga\u013ca 26%, vistas ga\u013ca 20,5%, t\u012btara ga\u013ca 12,2%, liellopu ga\u013ca 11,3%, miner\u0101lvielas 0,9%, lasis e\u013c\u013ca 0,5%, inul\u012bns 0,4%, smilts\u0113rk\u0161\u0137i 0,025%. Anal\u012btiskie r\u0101d\u012bt\u0101ji: Neapstr\u0101d\u0101tas olbaltumvielas 11%, neapstr\u0101d\u0101ti tauki 6%, neapstr\u0101d\u0101ti pelni 2,5%, neapstr\u0101d\u0101tas \u0161\u0137iedras 0,5%, mitrums 80%. Piedevas \/ Uzturvielu piedevas uz kilogramu: D3 vitam\u012bns 160 SV, E vitam\u012bns 100 mg, cinks (cinka sulf\u0101ta monohidr\u0101ts): 10 mg, mang\u0101ns (mang\u0101na oks\u012bds): 2 mg, var\u0161 (vara sulf\u0101ta pentahidr\u0101ts): 1,2 mg, jods (bez\u016bdens kalcija jod\u0101ts): 0,2 mg, taur\u012bns 520 mg, biot\u012bns 100 \u03bcg. Baro\u0161anas nor\u0101d\u012bjumi: Dienas deva ir atkar\u012bga no ka\u0137a aktivit\u0101tes, vecuma, vides un \u0161\u0137irnes. Vid\u0113ja izm\u0113ra ka\u0137im (3\u20135 kg) nepiecie\u0161ami 220\u2013310 g bar\u012bbas dien\u0101, vislab\u0101k sadalot div\u0101s \u0113dienreiz\u0113s. S\u0101kotn\u0113ji barojiet ar nor\u0101d\u012bto daudzumu un p\u0113c tam pak\u0101peniski piel\u0101gojiet, lai uztur\u0113tu ka\u0137i lab\u0101 form\u0101. Pasniegt istabas temperat\u016br\u0101. Neatv\u0113rtu konservu uzglab\u0101t v\u0113s\u0101, saus\u0101 viet\u0101, prom no tie\u0161iem saules stariem. P\u0113c atv\u0113r\u0161anas uzglab\u0101t ledusskap\u012b un izlietot 2 dienu laik\u0101. Nav paredz\u0113ts cilv\u0113ku uzturam. Nodro\u0161in\u0101t piek\u013cuvi svaigam dzeramajam \u016bdenim. Der\u012bguma termi\u0146\u0161\/partijas numurs: skat\u012bt uz burkas apak\u0161as.","og_url":"https:\/\/miumjau.ee\/lv\/produkts\/ontario-vistas-titara-un-smiltserksku-pastete-pieaugusiem-kakiem-400-g\/","og_site_name":"MiuMjau","article_publisher":"https:\/\/www.facebook.com\/miumjaupood\/","article_modified_time":"2026-01-28T14:46:05+00:00","og_image":[{"width":1200,"height":1600,"url":"https:\/\/miumjau.ee\/wp-content\/uploads\/2025\/05\/konserv-kassidele-ontario-400g2.webp","type":"image\/webp"}],"twitter_card":"summary_large_image","schema":{"@context":"https:\/\/schema.org","@graph":[{"@type":"WebPage","@id":"https:\/\/miumjau.ee\/lv\/produkts\/ontario-vistas-titara-un-smiltserksku-pastete-pieaugusiem-kakiem-400-g\/","url":"https:\/\/miumjau.ee\/lv\/produkts\/ontario-vistas-titara-un-smiltserksku-pastete-pieaugusiem-kakiem-400-g\/","name":"Ontario vistas, t\u012btara un smilts\u0113rk\u0161\u0137u past\u0113te pieaugu\u0161iem ka\u0137iem 400 g - MiuMjau","isPartOf":{"@id":"https:\/\/miumjau.ee\/#website"},"primaryImageOfPage":{"@id":"https:\/\/miumjau.ee\/lv\/produkts\/ontario-vistas-titara-un-smiltserksku-pastete-pieaugusiem-kakiem-400-g\/#primaryimage"},"image":{"@id":"https:\/\/miumjau.ee\/lv\/produkts\/ontario-vistas-titara-un-smiltserksku-pastete-pieaugusiem-kakiem-400-g\/#primaryimage"},"thumbnailUrl":"https:\/\/miumjau.ee\/wp-content\/uploads\/2025\/05\/konserv-kassidele-ontario-400g2.webp","datePublished":"2025-05-03T06:17:46+00:00","dateModified":"2026-01-28T14:46:05+00:00","breadcrumb":{"@id":"https:\/\/miumjau.ee\/lv\/produkts\/ontario-vistas-titara-un-smiltserksku-pastete-pieaugusiem-kakiem-400-g\/#breadcrumb"},"inLanguage":"lv-LV","potentialAction":[{"@type":"ReadAction","target":["https:\/\/miumjau.ee\/lv\/produkts\/ontario-vistas-titara-un-smiltserksku-pastete-pieaugusiem-kakiem-400-g\/"]}]},{"@type":"ImageObject","inLanguage":"lv-LV","@id":"https:\/\/miumjau.ee\/lv\/produkts\/ontario-vistas-titara-un-smiltserksku-pastete-pieaugusiem-kakiem-400-g\/#primaryimage","url":"https:\/\/miumjau.ee\/wp-content\/uploads\/2025\/05\/konserv-kassidele-ontario-400g2.webp","contentUrl":"https:\/\/miumjau.ee\/wp-content\/uploads\/2025\/05\/konserv-kassidele-ontario-400g2.webp","width":1200,"height":1600},{"@type":"BreadcrumbList","@id":"https:\/\/miumjau.ee\/lv\/produkts\/ontario-vistas-titara-un-smiltserksku-pastete-pieaugusiem-kakiem-400-g\/#breadcrumb","itemListElement":[{"@type":"ListItem","position":1,"name":"Home","item":"https:\/\/miumjau.ee\/lv\/"},{"@type":"ListItem","position":2,"name":"Veikals","item":"https:\/\/miumjau.ee\/lv\/veikals\/"},{"@type":"ListItem","position":3,"name":"Ontario vistas, t\u012btara un smilts\u0113rk\u0161\u0137u past\u0113te pieaugu\u0161iem ka\u0137iem 400 g"}]},{"@type":"WebSite","@id":"https:\/\/miumjau.ee\/#website","url":"https:\/\/miumjau.ee\/","name":"MiuMjau","description":"Kraapimispuud kassidele","publisher":{"@id":"https:\/\/miumjau.ee\/#organization"},"potentialAction":[{"@type":"SearchAction","target":{"@type":"EntryPoint","urlTemplate":"https:\/\/miumjau.ee\/?s={search_term_string}"},"query-input":{"@type":"PropertyValueSpecification","valueRequired":true,"valueName":"search_term_string"}}],"inLanguage":"lv-LV"},{"@type":"Organization","@id":"https:\/\/miumjau.ee\/#organization","name":"MiuMjau O\u00dc","url":"https:\/\/miumjau.ee\/","logo":{"@type":"ImageObject","inLanguage":"lv-LV","@id":"https:\/\/miumjau.ee\/#\/schema\/logo\/image\/","url":"https:\/\/miumjau.ee\/wp-content\/uploads\/2022\/04\/MiuMjau-logo-kollane.png","contentUrl":"https:\/\/miumjau.ee\/wp-content\/uploads\/2022\/04\/MiuMjau-logo-kollane.png","width":219,"height":100,"caption":"MiuMjau O\u00dc"},"image":{"@id":"https:\/\/miumjau.ee\/#\/schema\/logo\/image\/"},"sameAs":["https:\/\/www.facebook.com\/miumjaupood\/"]}]}},"_links":{"self":[{"href":"https:\/\/miumjau.ee\/lv\/wp-json\/wp\/v2\/product\/47308","targetHints":{"allow":["GET"]}}],"collection":[{"href":"https:\/\/miumjau.ee\/lv\/wp-json\/wp\/v2\/product"}],"about":[{"href":"https:\/\/miumjau.ee\/lv\/wp-json\/wp\/v2\/types\/product"}],"wp:featuredmedia":[{"embeddable":true,"href":"https:\/\/miumjau.ee\/lv\/wp-json\/wp\/v2\/media\/47297"}],"wp:attachment":[{"href":"https:\/\/miumjau.ee\/lv\/wp-json\/wp\/v2\/media?parent=47308"}],"wp:term":[{"taxonomy":"product_brand","embeddable":true,"href":"https:\/\/miumjau.ee\/lv\/wp-json\/wp\/v2\/product_brand?post=47308"},{"taxonomy":"product_cat","embeddable":true,"href":"https:\/\/miumjau.ee\/lv\/wp-json\/wp\/v2\/product_cat?post=47308"},{"taxonomy":"product_tag","embeddable":true,"href":"https:\/\/miumjau.ee\/lv\/wp-json\/wp\/v2\/product_tag?post=47308"}],"curies":[{"name":"wp","href":"https:\/\/api.w.org\/{rel}","templated":true}]}}