{"id":47305,"date":"2025-05-03T09:17:43","date_gmt":"2025-05-03T06:17:43","guid":{"rendered":"https:\/\/miumjau.ee\/toode\/ontario-galas-pastete-kakeniem-ar-vistu-un-garnelem-400-g\/"},"modified":"2026-01-07T21:21:51","modified_gmt":"2026-01-07T19:21:51","slug":"ontario-galas-pastete-kakeniem-ar-vistu-un-garnelem-400-g","status":"publish","type":"product","link":"https:\/\/miumjau.ee\/lv\/produkts\/ontario-galas-pastete-kakeniem-ar-vistu-un-garnelem-400-g\/","title":{"rendered":"Ontario ga\u013cas past\u0113te ka\u0137\u0113niem ar vistu un garnel\u0113m 400 g"},"content":{"rendered":"","protected":false},"excerpt":{"rendered":"<p data-start=\"2925\" data-end=\"3017\">Ontario bag\u0101t\u012bga vistas past\u0113te ar garnel\u0113m. Pilnv\u0113rt\u012bga bar\u012bba ka\u0137\u0113niem no 2 m\u0113ne\u0161u vecuma.<\/p>\n<p data-start=\"3019\" data-end=\"3206\"><strong data-start=\"3019\" data-end=\"3031\">Sast\u0101vs:<\/strong> buljons 28,075%, vista 25,1%, c\u016bkga\u013ca 18,2%, liellopu ga\u013ca 10,7%, aknas 8%, garneles 5%, v\u0101r\u012bti r\u012bsi 3%, miner\u0101lvielas 1%, la\u0161a e\u013c\u013ca 0,5%, inul\u012bns 0,4%, smilts\u0113rk\u0161\u0137is 0,025%.<\/p>\n<p data-start=\"3208\" data-end=\"3333\"><strong data-start=\"3208\" data-end=\"3233\">Anal\u012btiskais sast\u0101vs:<\/strong> kopprote\u012bns 11,5%, kop\u0113jie tauki 6,5%, kopelni 2,5%, \u0161\u0137iedrvielas 0,4%, mitrums 80%, kalcijs 0,27%.<\/p>\n<p data-start=\"3335\" data-end=\"3621\"><strong data-start=\"3335\" data-end=\"3376\">Piedevas \/ Uzturvielu piedevas uz kg:<\/strong> A vitam\u012bns 2500 SV, D3 vitam\u012bns 160 SV, E vitam\u012bns 100 mg, cinks (cinka sulf\u0101ta monohidr\u0101ts) 10 mg, mang\u0101ns (mang\u0101na oks\u012bds) 2,5 mg, var\u0161 (vara sulf\u0101ta pentahidr\u0101ts) 1,2 mg, jods (bez\u016bdens kalcija jod\u0101ts) 0,2 mg, taur\u012bns 520 mg, biot\u012bns 100 \u03bcg.<\/p>\n<p data-start=\"3623\" data-end=\"4206\"><strong data-start=\"3623\" data-end=\"3648\">Baro\u0161anas nor\u0101d\u012bjumi:<\/strong><br data-start=\"3648\" data-end=\"3651\" \/>Dienas deva ir atkar\u012bga no ka\u0137\u0113na aktivit\u0101tes, vecuma, vides un \u0161\u0137irnes. Ieteicam\u0101s devas ir atrodamas baro\u0161anas tabul\u0101. Barot v\u0113lams 2\u20133 reizes dien\u0101. S\u0101ciet ar ieteikto dienas devu un pak\u0101peniski piel\u0101gojiet to atbilsto\u0161i ka\u0137\u0113na vajadz\u012bb\u0101m. Pasniegt istabas temperat\u016br\u0101. Pirms atv\u0113r\u0161anas uzglab\u0101t saus\u0101, v\u0113s\u0101 viet\u0101, prom no tie\u0161iem saules stariem. P\u0113c atv\u0113r\u0161anas uzglab\u0101t ledusskap\u012b un izlietot 2 dienu laik\u0101. Nav paredz\u0113ts cilv\u0113ku uzturam. Vienm\u0113r nodro\u0161in\u0101t piek\u013cuvi svaigam dzeramajam \u016bdenim. Der\u012bguma termi\u0146\u0161 \/ partijas numurs: skat\u012bt burkas apak\u0161\u0101.<\/p>\n","protected":false},"featured_media":47298,"template":"","meta":[],"product_brand":[],"product_cat":[571],"product_tag":[],"class_list":{"0":"post-47305","1":"product","2":"type-product","3":"status-publish","4":"has-post-thumbnail","6":"product_cat-mitra-bariba","8":"first","9":"instock","10":"taxable","11":"shipping-taxable","12":"purchasable","13":"product-type-simple"},"yoast_head":"<!-- This site is optimized with the Yoast SEO plugin v27.4 - https:\/\/yoast.com\/product\/yoast-seo-wordpress\/ -->\n<title>Ontario ga\u013cas past\u0113te ka\u0137\u0113niem ar vistu un garnel\u0113m 400 g - MiuMjau<\/title>\n<meta name=\"robots\" content=\"index, follow, max-snippet:-1, max-image-preview:large, max-video-preview:-1\" \/>\n<link rel=\"canonical\" href=\"https:\/\/miumjau.ee\/lv\/produkts\/ontario-galas-pastete-kakeniem-ar-vistu-un-garnelem-400-g\/\" \/>\n<meta property=\"og:locale\" content=\"lv_LV\" \/>\n<meta property=\"og:type\" content=\"article\" \/>\n<meta property=\"og:title\" content=\"Ontario ga\u013cas past\u0113te ka\u0137\u0113niem ar vistu un garnel\u0113m 400 g - MiuMjau\" \/>\n<meta property=\"og:description\" content=\"Ontario bag\u0101t\u012bga vistas past\u0113te ar garnel\u0113m. Pilnv\u0113rt\u012bga bar\u012bba ka\u0137\u0113niem no 2 m\u0113ne\u0161u vecuma. Sast\u0101vs: buljons 28,075%, vista 25,1%, c\u016bkga\u013ca 18,2%, liellopu ga\u013ca 10,7%, aknas 8%, garneles 5%, v\u0101r\u012bti r\u012bsi 3%, miner\u0101lvielas 1%, la\u0161a e\u013c\u013ca 0,5%, inul\u012bns 0,4%, smilts\u0113rk\u0161\u0137is 0,025%. Anal\u012btiskais sast\u0101vs: kopprote\u012bns 11,5%, kop\u0113jie tauki 6,5%, kopelni 2,5%, \u0161\u0137iedrvielas 0,4%, mitrums 80%, kalcijs 0,27%. Piedevas \/ Uzturvielu piedevas uz kg: A vitam\u012bns 2500 SV, D3 vitam\u012bns 160 SV, E vitam\u012bns 100 mg, cinks (cinka sulf\u0101ta monohidr\u0101ts) 10 mg, mang\u0101ns (mang\u0101na oks\u012bds) 2,5 mg, var\u0161 (vara sulf\u0101ta pentahidr\u0101ts) 1,2 mg, jods (bez\u016bdens kalcija jod\u0101ts) 0,2 mg, taur\u012bns 520 mg, biot\u012bns 100 \u03bcg. Baro\u0161anas nor\u0101d\u012bjumi:Dienas deva ir atkar\u012bga no ka\u0137\u0113na aktivit\u0101tes, vecuma, vides un \u0161\u0137irnes. Ieteicam\u0101s devas ir atrodamas baro\u0161anas tabul\u0101. Barot v\u0113lams 2\u20133 reizes dien\u0101. S\u0101ciet ar ieteikto dienas devu un pak\u0101peniski piel\u0101gojiet to atbilsto\u0161i ka\u0137\u0113na vajadz\u012bb\u0101m. Pasniegt istabas temperat\u016br\u0101. Pirms atv\u0113r\u0161anas uzglab\u0101t saus\u0101, v\u0113s\u0101 viet\u0101, prom no tie\u0161iem saules stariem. P\u0113c atv\u0113r\u0161anas uzglab\u0101t ledusskap\u012b un izlietot 2 dienu laik\u0101. Nav paredz\u0113ts cilv\u0113ku uzturam. Vienm\u0113r nodro\u0161in\u0101t piek\u013cuvi svaigam dzeramajam \u016bdenim. Der\u012bguma termi\u0146\u0161 \/ partijas numurs: skat\u012bt burkas apak\u0161\u0101.\" \/>\n<meta property=\"og:url\" content=\"https:\/\/miumjau.ee\/lv\/produkts\/ontario-galas-pastete-kakeniem-ar-vistu-un-garnelem-400-g\/\" \/>\n<meta property=\"og:site_name\" content=\"MiuMjau\" \/>\n<meta property=\"article:publisher\" content=\"https:\/\/www.facebook.com\/miumjaupood\/\" \/>\n<meta property=\"article:modified_time\" content=\"2026-01-07T19:21:51+00:00\" \/>\n<meta property=\"og:image\" content=\"https:\/\/miumjau.ee\/wp-content\/uploads\/2025\/05\/konserv-kassidele-ontario-400g3.webp\" \/>\n\t<meta property=\"og:image:width\" content=\"1200\" \/>\n\t<meta property=\"og:image:height\" content=\"1600\" \/>\n\t<meta property=\"og:image:type\" content=\"image\/webp\" \/>\n<meta name=\"twitter:card\" content=\"summary_large_image\" \/>\n<script type=\"application\/ld+json\" class=\"yoast-schema-graph\">{\"@context\":\"https:\\\/\\\/schema.org\",\"@graph\":[{\"@type\":\"WebPage\",\"@id\":\"https:\\\/\\\/miumjau.ee\\\/lv\\\/produkts\\\/ontario-galas-pastete-kakeniem-ar-vistu-un-garnelem-400-g\\\/\",\"url\":\"https:\\\/\\\/miumjau.ee\\\/lv\\\/produkts\\\/ontario-galas-pastete-kakeniem-ar-vistu-un-garnelem-400-g\\\/\",\"name\":\"Ontario ga\u013cas past\u0113te ka\u0137\u0113niem ar vistu un garnel\u0113m 400 g - MiuMjau\",\"isPartOf\":{\"@id\":\"https:\\\/\\\/miumjau.ee\\\/#website\"},\"primaryImageOfPage\":{\"@id\":\"https:\\\/\\\/miumjau.ee\\\/lv\\\/produkts\\\/ontario-galas-pastete-kakeniem-ar-vistu-un-garnelem-400-g\\\/#primaryimage\"},\"image\":{\"@id\":\"https:\\\/\\\/miumjau.ee\\\/lv\\\/produkts\\\/ontario-galas-pastete-kakeniem-ar-vistu-un-garnelem-400-g\\\/#primaryimage\"},\"thumbnailUrl\":\"https:\\\/\\\/miumjau.ee\\\/wp-content\\\/uploads\\\/2025\\\/05\\\/konserv-kassidele-ontario-400g3.webp\",\"datePublished\":\"2025-05-03T06:17:43+00:00\",\"dateModified\":\"2026-01-07T19:21:51+00:00\",\"breadcrumb\":{\"@id\":\"https:\\\/\\\/miumjau.ee\\\/lv\\\/produkts\\\/ontario-galas-pastete-kakeniem-ar-vistu-un-garnelem-400-g\\\/#breadcrumb\"},\"inLanguage\":\"lv-LV\",\"potentialAction\":[{\"@type\":\"ReadAction\",\"target\":[\"https:\\\/\\\/miumjau.ee\\\/lv\\\/produkts\\\/ontario-galas-pastete-kakeniem-ar-vistu-un-garnelem-400-g\\\/\"]}]},{\"@type\":\"ImageObject\",\"inLanguage\":\"lv-LV\",\"@id\":\"https:\\\/\\\/miumjau.ee\\\/lv\\\/produkts\\\/ontario-galas-pastete-kakeniem-ar-vistu-un-garnelem-400-g\\\/#primaryimage\",\"url\":\"https:\\\/\\\/miumjau.ee\\\/wp-content\\\/uploads\\\/2025\\\/05\\\/konserv-kassidele-ontario-400g3.webp\",\"contentUrl\":\"https:\\\/\\\/miumjau.ee\\\/wp-content\\\/uploads\\\/2025\\\/05\\\/konserv-kassidele-ontario-400g3.webp\",\"width\":1200,\"height\":1600},{\"@type\":\"BreadcrumbList\",\"@id\":\"https:\\\/\\\/miumjau.ee\\\/lv\\\/produkts\\\/ontario-galas-pastete-kakeniem-ar-vistu-un-garnelem-400-g\\\/#breadcrumb\",\"itemListElement\":[{\"@type\":\"ListItem\",\"position\":1,\"name\":\"Home\",\"item\":\"https:\\\/\\\/miumjau.ee\\\/lv\\\/\"},{\"@type\":\"ListItem\",\"position\":2,\"name\":\"Veikals\",\"item\":\"https:\\\/\\\/miumjau.ee\\\/lv\\\/veikals\\\/\"},{\"@type\":\"ListItem\",\"position\":3,\"name\":\"Ontario ga\u013cas past\u0113te ka\u0137\u0113niem ar vistu un garnel\u0113m 400 g\"}]},{\"@type\":\"WebSite\",\"@id\":\"https:\\\/\\\/miumjau.ee\\\/#website\",\"url\":\"https:\\\/\\\/miumjau.ee\\\/\",\"name\":\"MiuMjau\",\"description\":\"Kraapimispuud kassidele\",\"publisher\":{\"@id\":\"https:\\\/\\\/miumjau.ee\\\/#organization\"},\"potentialAction\":[{\"@type\":\"SearchAction\",\"target\":{\"@type\":\"EntryPoint\",\"urlTemplate\":\"https:\\\/\\\/miumjau.ee\\\/?s={search_term_string}\"},\"query-input\":{\"@type\":\"PropertyValueSpecification\",\"valueRequired\":true,\"valueName\":\"search_term_string\"}}],\"inLanguage\":\"lv-LV\"},{\"@type\":\"Organization\",\"@id\":\"https:\\\/\\\/miumjau.ee\\\/#organization\",\"name\":\"MiuMjau O\u00dc\",\"url\":\"https:\\\/\\\/miumjau.ee\\\/\",\"logo\":{\"@type\":\"ImageObject\",\"inLanguage\":\"lv-LV\",\"@id\":\"https:\\\/\\\/miumjau.ee\\\/#\\\/schema\\\/logo\\\/image\\\/\",\"url\":\"https:\\\/\\\/miumjau.ee\\\/wp-content\\\/uploads\\\/2022\\\/04\\\/MiuMjau-logo-kollane.png\",\"contentUrl\":\"https:\\\/\\\/miumjau.ee\\\/wp-content\\\/uploads\\\/2022\\\/04\\\/MiuMjau-logo-kollane.png\",\"width\":219,\"height\":100,\"caption\":\"MiuMjau O\u00dc\"},\"image\":{\"@id\":\"https:\\\/\\\/miumjau.ee\\\/#\\\/schema\\\/logo\\\/image\\\/\"},\"sameAs\":[\"https:\\\/\\\/www.facebook.com\\\/miumjaupood\\\/\"]}]}<\/script>\n<!-- \/ Yoast SEO plugin. -->","yoast_head_json":{"title":"Ontario ga\u013cas past\u0113te ka\u0137\u0113niem ar vistu un garnel\u0113m 400 g - MiuMjau","robots":{"index":"index","follow":"follow","max-snippet":"max-snippet:-1","max-image-preview":"max-image-preview:large","max-video-preview":"max-video-preview:-1"},"canonical":"https:\/\/miumjau.ee\/lv\/produkts\/ontario-galas-pastete-kakeniem-ar-vistu-un-garnelem-400-g\/","og_locale":"lv_LV","og_type":"article","og_title":"Ontario ga\u013cas past\u0113te ka\u0137\u0113niem ar vistu un garnel\u0113m 400 g - MiuMjau","og_description":"Ontario bag\u0101t\u012bga vistas past\u0113te ar garnel\u0113m. Pilnv\u0113rt\u012bga bar\u012bba ka\u0137\u0113niem no 2 m\u0113ne\u0161u vecuma. Sast\u0101vs: buljons 28,075%, vista 25,1%, c\u016bkga\u013ca 18,2%, liellopu ga\u013ca 10,7%, aknas 8%, garneles 5%, v\u0101r\u012bti r\u012bsi 3%, miner\u0101lvielas 1%, la\u0161a e\u013c\u013ca 0,5%, inul\u012bns 0,4%, smilts\u0113rk\u0161\u0137is 0,025%. Anal\u012btiskais sast\u0101vs: kopprote\u012bns 11,5%, kop\u0113jie tauki 6,5%, kopelni 2,5%, \u0161\u0137iedrvielas 0,4%, mitrums 80%, kalcijs 0,27%. Piedevas \/ Uzturvielu piedevas uz kg: A vitam\u012bns 2500 SV, D3 vitam\u012bns 160 SV, E vitam\u012bns 100 mg, cinks (cinka sulf\u0101ta monohidr\u0101ts) 10 mg, mang\u0101ns (mang\u0101na oks\u012bds) 2,5 mg, var\u0161 (vara sulf\u0101ta pentahidr\u0101ts) 1,2 mg, jods (bez\u016bdens kalcija jod\u0101ts) 0,2 mg, taur\u012bns 520 mg, biot\u012bns 100 \u03bcg. Baro\u0161anas nor\u0101d\u012bjumi:Dienas deva ir atkar\u012bga no ka\u0137\u0113na aktivit\u0101tes, vecuma, vides un \u0161\u0137irnes. Ieteicam\u0101s devas ir atrodamas baro\u0161anas tabul\u0101. Barot v\u0113lams 2\u20133 reizes dien\u0101. S\u0101ciet ar ieteikto dienas devu un pak\u0101peniski piel\u0101gojiet to atbilsto\u0161i ka\u0137\u0113na vajadz\u012bb\u0101m. Pasniegt istabas temperat\u016br\u0101. Pirms atv\u0113r\u0161anas uzglab\u0101t saus\u0101, v\u0113s\u0101 viet\u0101, prom no tie\u0161iem saules stariem. P\u0113c atv\u0113r\u0161anas uzglab\u0101t ledusskap\u012b un izlietot 2 dienu laik\u0101. Nav paredz\u0113ts cilv\u0113ku uzturam. Vienm\u0113r nodro\u0161in\u0101t piek\u013cuvi svaigam dzeramajam \u016bdenim. Der\u012bguma termi\u0146\u0161 \/ partijas numurs: skat\u012bt burkas apak\u0161\u0101.","og_url":"https:\/\/miumjau.ee\/lv\/produkts\/ontario-galas-pastete-kakeniem-ar-vistu-un-garnelem-400-g\/","og_site_name":"MiuMjau","article_publisher":"https:\/\/www.facebook.com\/miumjaupood\/","article_modified_time":"2026-01-07T19:21:51+00:00","og_image":[{"width":1200,"height":1600,"url":"https:\/\/miumjau.ee\/wp-content\/uploads\/2025\/05\/konserv-kassidele-ontario-400g3.webp","type":"image\/webp"}],"twitter_card":"summary_large_image","schema":{"@context":"https:\/\/schema.org","@graph":[{"@type":"WebPage","@id":"https:\/\/miumjau.ee\/lv\/produkts\/ontario-galas-pastete-kakeniem-ar-vistu-un-garnelem-400-g\/","url":"https:\/\/miumjau.ee\/lv\/produkts\/ontario-galas-pastete-kakeniem-ar-vistu-un-garnelem-400-g\/","name":"Ontario ga\u013cas past\u0113te ka\u0137\u0113niem ar vistu un garnel\u0113m 400 g - MiuMjau","isPartOf":{"@id":"https:\/\/miumjau.ee\/#website"},"primaryImageOfPage":{"@id":"https:\/\/miumjau.ee\/lv\/produkts\/ontario-galas-pastete-kakeniem-ar-vistu-un-garnelem-400-g\/#primaryimage"},"image":{"@id":"https:\/\/miumjau.ee\/lv\/produkts\/ontario-galas-pastete-kakeniem-ar-vistu-un-garnelem-400-g\/#primaryimage"},"thumbnailUrl":"https:\/\/miumjau.ee\/wp-content\/uploads\/2025\/05\/konserv-kassidele-ontario-400g3.webp","datePublished":"2025-05-03T06:17:43+00:00","dateModified":"2026-01-07T19:21:51+00:00","breadcrumb":{"@id":"https:\/\/miumjau.ee\/lv\/produkts\/ontario-galas-pastete-kakeniem-ar-vistu-un-garnelem-400-g\/#breadcrumb"},"inLanguage":"lv-LV","potentialAction":[{"@type":"ReadAction","target":["https:\/\/miumjau.ee\/lv\/produkts\/ontario-galas-pastete-kakeniem-ar-vistu-un-garnelem-400-g\/"]}]},{"@type":"ImageObject","inLanguage":"lv-LV","@id":"https:\/\/miumjau.ee\/lv\/produkts\/ontario-galas-pastete-kakeniem-ar-vistu-un-garnelem-400-g\/#primaryimage","url":"https:\/\/miumjau.ee\/wp-content\/uploads\/2025\/05\/konserv-kassidele-ontario-400g3.webp","contentUrl":"https:\/\/miumjau.ee\/wp-content\/uploads\/2025\/05\/konserv-kassidele-ontario-400g3.webp","width":1200,"height":1600},{"@type":"BreadcrumbList","@id":"https:\/\/miumjau.ee\/lv\/produkts\/ontario-galas-pastete-kakeniem-ar-vistu-un-garnelem-400-g\/#breadcrumb","itemListElement":[{"@type":"ListItem","position":1,"name":"Home","item":"https:\/\/miumjau.ee\/lv\/"},{"@type":"ListItem","position":2,"name":"Veikals","item":"https:\/\/miumjau.ee\/lv\/veikals\/"},{"@type":"ListItem","position":3,"name":"Ontario ga\u013cas past\u0113te ka\u0137\u0113niem ar vistu un garnel\u0113m 400 g"}]},{"@type":"WebSite","@id":"https:\/\/miumjau.ee\/#website","url":"https:\/\/miumjau.ee\/","name":"MiuMjau","description":"Kraapimispuud kassidele","publisher":{"@id":"https:\/\/miumjau.ee\/#organization"},"potentialAction":[{"@type":"SearchAction","target":{"@type":"EntryPoint","urlTemplate":"https:\/\/miumjau.ee\/?s={search_term_string}"},"query-input":{"@type":"PropertyValueSpecification","valueRequired":true,"valueName":"search_term_string"}}],"inLanguage":"lv-LV"},{"@type":"Organization","@id":"https:\/\/miumjau.ee\/#organization","name":"MiuMjau O\u00dc","url":"https:\/\/miumjau.ee\/","logo":{"@type":"ImageObject","inLanguage":"lv-LV","@id":"https:\/\/miumjau.ee\/#\/schema\/logo\/image\/","url":"https:\/\/miumjau.ee\/wp-content\/uploads\/2022\/04\/MiuMjau-logo-kollane.png","contentUrl":"https:\/\/miumjau.ee\/wp-content\/uploads\/2022\/04\/MiuMjau-logo-kollane.png","width":219,"height":100,"caption":"MiuMjau O\u00dc"},"image":{"@id":"https:\/\/miumjau.ee\/#\/schema\/logo\/image\/"},"sameAs":["https:\/\/www.facebook.com\/miumjaupood\/"]}]}},"_links":{"self":[{"href":"https:\/\/miumjau.ee\/lv\/wp-json\/wp\/v2\/product\/47305","targetHints":{"allow":["GET"]}}],"collection":[{"href":"https:\/\/miumjau.ee\/lv\/wp-json\/wp\/v2\/product"}],"about":[{"href":"https:\/\/miumjau.ee\/lv\/wp-json\/wp\/v2\/types\/product"}],"wp:featuredmedia":[{"embeddable":true,"href":"https:\/\/miumjau.ee\/lv\/wp-json\/wp\/v2\/media\/47298"}],"wp:attachment":[{"href":"https:\/\/miumjau.ee\/lv\/wp-json\/wp\/v2\/media?parent=47305"}],"wp:term":[{"taxonomy":"product_brand","embeddable":true,"href":"https:\/\/miumjau.ee\/lv\/wp-json\/wp\/v2\/product_brand?post=47305"},{"taxonomy":"product_cat","embeddable":true,"href":"https:\/\/miumjau.ee\/lv\/wp-json\/wp\/v2\/product_cat?post=47305"},{"taxonomy":"product_tag","embeddable":true,"href":"https:\/\/miumjau.ee\/lv\/wp-json\/wp\/v2\/product_tag?post=47305"}],"curies":[{"name":"wp","href":"https:\/\/api.w.org\/{rel}","templated":true}]}}