{"id":47282,"date":"2025-06-29T15:21:37","date_gmt":"2025-06-29T12:21:37","guid":{"rendered":"https:\/\/miumjau.ee\/toode\/ontario-cheese-bits-gardumi-ar-taurinu-75-g\/"},"modified":"2026-01-07T21:21:51","modified_gmt":"2026-01-07T19:21:51","slug":"ontario-cheese-bits-gardumi-ar-taurinu-75-g","status":"publish","type":"product","link":"https:\/\/miumjau.ee\/lv\/produkts\/ontario-cheese-bits-gardumi-ar-taurinu-75-g\/","title":{"rendered":"Ontario Cheese Bits gardumi ar taur\u012bnu 75 g"},"content":{"rendered":"","protected":false},"excerpt":{"rendered":"<p data-start=\"137\" data-end=\"314\">Ontario gardumi ir viegli poraini un spilventi\u0146veida, krauk\u0161\u0137\u012bgi. Palutini savu ka\u0137i ar maigumu un uzman\u012bbu, dom\u0101jot par vi\u0146a vajadz\u012bb\u0101m. Taur\u012bns ir \u013coti svar\u012bgs ka\u0137a vesel\u012bbai!<\/p>\n<p data-start=\"316\" data-end=\"598\"><strong data-start=\"316\" data-end=\"328\">Sast\u0101vs:<\/strong> graudaugi 39,62%, ga\u013ca un dz\u012bvnieku izcelsmes produkti 17,1% (vistas ga\u013ca 8%), e\u013c\u013cas un tauki 14,6%, augu prote\u012bna ekstrakti 13%, zivis un zivju produkti 10%, piens un piena produkti 4,3% (siera pulveris 4%), miner\u0101lvielas 0,4%, satur ES apstiprin\u0101t\u0101s kr\u0101svielas 0,63%.<\/p>\n<p data-start=\"600\" data-end=\"716\"><strong data-start=\"600\" data-end=\"628\">Anal\u012btisk\u0101s sast\u0101vda\u013cas:<\/strong> kopprote\u012bns 31%, kop\u0113j\u0101s e\u013c\u013cas un tauki 20%, kop\u0161\u0137iedra 1,5%, kopelns 6%, mitrums &lt;10%.<\/p>\n<p data-start=\"718\" data-end=\"830\"><strong data-start=\"718\" data-end=\"755\">Piedevas uz kg \/ Uztura piedevas:<\/strong> A vitam\u012bns 9000 SV, D3 vitam\u012bns 630 SV, E vitam\u012bns 90 mg, taur\u012bns 1000 mg.<\/p>\n<p data-start=\"832\" data-end=\"1052\"><strong data-start=\"832\" data-end=\"859\">Lieto\u0161anas instrukcija:<\/strong><br data-start=\"859\" data-end=\"862\" \/>Dodiet ka\u0137im 5\u201315 gardumus dien\u0101. Piel\u0101gojiet daudzumu atbilsto\u0161i ka\u0137a vecumam, aktivit\u0101tei un vesel\u012bbas st\u0101voklim. Neaizmirstiet, ka ka\u0137im vienm\u0113r j\u0101b\u016bt pieejamam svaigam dzeramajam \u016bdenim.<\/p>\n<p data-start=\"1054\" data-end=\"1100\"><strong data-start=\"1054\" data-end=\"1070\">Uzglab\u0101\u0161ana:<\/strong><br data-start=\"1070\" data-end=\"1073\" \/>Glab\u0101t saus\u0101 un v\u0113s\u0101 viet\u0101.<\/p>\n<p data-start=\"1102\" data-end=\"1148\">\ud83d\udc95 Padari sava ka\u0137a dienu gar\u0161\u012bgu un vesel\u012bgu!<\/p>\n","protected":false},"featured_media":47283,"template":"","meta":[],"product_brand":[],"product_cat":[570],"product_tag":[],"class_list":{"0":"post-47282","1":"product","2":"type-product","3":"status-publish","4":"has-post-thumbnail","6":"product_cat-naski","8":"first","9":"instock","10":"taxable","11":"shipping-taxable","12":"purchasable","13":"product-type-simple"},"yoast_head":"<!-- This site is optimized with the Yoast SEO plugin v27.2 - https:\/\/yoast.com\/product\/yoast-seo-wordpress\/ -->\n<title>Ontario Cheese Bits gardumi ar taur\u012bnu 75 g - MiuMjau<\/title>\n<meta name=\"robots\" content=\"index, follow, max-snippet:-1, max-image-preview:large, max-video-preview:-1\" \/>\n<link rel=\"canonical\" href=\"https:\/\/miumjau.ee\/lv\/produkts\/ontario-cheese-bits-gardumi-ar-taurinu-75-g\/\" \/>\n<meta property=\"og:locale\" content=\"lv_LV\" \/>\n<meta property=\"og:type\" content=\"article\" \/>\n<meta property=\"og:title\" content=\"Ontario Cheese Bits gardumi ar taur\u012bnu 75 g - MiuMjau\" \/>\n<meta property=\"og:description\" content=\"Ontario gardumi ir viegli poraini un spilventi\u0146veida, krauk\u0161\u0137\u012bgi. Palutini savu ka\u0137i ar maigumu un uzman\u012bbu, dom\u0101jot par vi\u0146a vajadz\u012bb\u0101m. Taur\u012bns ir \u013coti svar\u012bgs ka\u0137a vesel\u012bbai! Sast\u0101vs: graudaugi 39,62%, ga\u013ca un dz\u012bvnieku izcelsmes produkti 17,1% (vistas ga\u013ca 8%), e\u013c\u013cas un tauki 14,6%, augu prote\u012bna ekstrakti 13%, zivis un zivju produkti 10%, piens un piena produkti 4,3% (siera pulveris 4%), miner\u0101lvielas 0,4%, satur ES apstiprin\u0101t\u0101s kr\u0101svielas 0,63%. Anal\u012btisk\u0101s sast\u0101vda\u013cas: kopprote\u012bns 31%, kop\u0113j\u0101s e\u013c\u013cas un tauki 20%, kop\u0161\u0137iedra 1,5%, kopelns 6%, mitrums &lt;10%. Piedevas uz kg \/ Uztura piedevas: A vitam\u012bns 9000 SV, D3 vitam\u012bns 630 SV, E vitam\u012bns 90 mg, taur\u012bns 1000 mg. Lieto\u0161anas instrukcija:Dodiet ka\u0137im 5\u201315 gardumus dien\u0101. Piel\u0101gojiet daudzumu atbilsto\u0161i ka\u0137a vecumam, aktivit\u0101tei un vesel\u012bbas st\u0101voklim. Neaizmirstiet, ka ka\u0137im vienm\u0113r j\u0101b\u016bt pieejamam svaigam dzeramajam \u016bdenim. Uzglab\u0101\u0161ana:Glab\u0101t saus\u0101 un v\u0113s\u0101 viet\u0101. \ud83d\udc95 Padari sava ka\u0137a dienu gar\u0161\u012bgu un vesel\u012bgu!\" \/>\n<meta property=\"og:url\" content=\"https:\/\/miumjau.ee\/lv\/produkts\/ontario-cheese-bits-gardumi-ar-taurinu-75-g\/\" \/>\n<meta property=\"og:site_name\" content=\"MiuMjau\" \/>\n<meta property=\"article:publisher\" content=\"https:\/\/www.facebook.com\/miumjaupood\/\" \/>\n<meta property=\"article:modified_time\" content=\"2026-01-07T19:21:51+00:00\" \/>\n<meta property=\"og:image\" content=\"https:\/\/miumjau.ee\/wp-content\/uploads\/2025\/06\/kassi-maius-ontario-cheese-bits.jpg\" \/>\n\t<meta property=\"og:image:width\" content=\"600\" \/>\n\t<meta property=\"og:image:height\" content=\"800\" \/>\n\t<meta property=\"og:image:type\" content=\"image\/jpeg\" \/>\n<meta name=\"twitter:card\" content=\"summary_large_image\" \/>\n<script type=\"application\/ld+json\" class=\"yoast-schema-graph\">{\"@context\":\"https:\/\/schema.org\",\"@graph\":[{\"@type\":\"WebPage\",\"@id\":\"https:\/\/miumjau.ee\/lv\/produkts\/ontario-cheese-bits-gardumi-ar-taurinu-75-g\/\",\"url\":\"https:\/\/miumjau.ee\/lv\/produkts\/ontario-cheese-bits-gardumi-ar-taurinu-75-g\/\",\"name\":\"Ontario Cheese Bits gardumi ar taur\u012bnu 75 g - MiuMjau\",\"isPartOf\":{\"@id\":\"https:\/\/miumjau.ee\/#website\"},\"primaryImageOfPage\":{\"@id\":\"https:\/\/miumjau.ee\/lv\/produkts\/ontario-cheese-bits-gardumi-ar-taurinu-75-g\/#primaryimage\"},\"image\":{\"@id\":\"https:\/\/miumjau.ee\/lv\/produkts\/ontario-cheese-bits-gardumi-ar-taurinu-75-g\/#primaryimage\"},\"thumbnailUrl\":\"https:\/\/miumjau.ee\/wp-content\/uploads\/2025\/06\/kassi-maius-ontario-cheese-bits.jpg\",\"datePublished\":\"2025-06-29T12:21:37+00:00\",\"dateModified\":\"2026-01-07T19:21:51+00:00\",\"breadcrumb\":{\"@id\":\"https:\/\/miumjau.ee\/lv\/produkts\/ontario-cheese-bits-gardumi-ar-taurinu-75-g\/#breadcrumb\"},\"inLanguage\":\"lv-LV\",\"potentialAction\":[{\"@type\":\"ReadAction\",\"target\":[\"https:\/\/miumjau.ee\/lv\/produkts\/ontario-cheese-bits-gardumi-ar-taurinu-75-g\/\"]}]},{\"@type\":\"ImageObject\",\"inLanguage\":\"lv-LV\",\"@id\":\"https:\/\/miumjau.ee\/lv\/produkts\/ontario-cheese-bits-gardumi-ar-taurinu-75-g\/#primaryimage\",\"url\":\"https:\/\/miumjau.ee\/wp-content\/uploads\/2025\/06\/kassi-maius-ontario-cheese-bits.jpg\",\"contentUrl\":\"https:\/\/miumjau.ee\/wp-content\/uploads\/2025\/06\/kassi-maius-ontario-cheese-bits.jpg\",\"width\":600,\"height\":800},{\"@type\":\"BreadcrumbList\",\"@id\":\"https:\/\/miumjau.ee\/lv\/produkts\/ontario-cheese-bits-gardumi-ar-taurinu-75-g\/#breadcrumb\",\"itemListElement\":[{\"@type\":\"ListItem\",\"position\":1,\"name\":\"Home\",\"item\":\"https:\/\/miumjau.ee\/lv\/\"},{\"@type\":\"ListItem\",\"position\":2,\"name\":\"Veikals\",\"item\":\"https:\/\/miumjau.ee\/lv\/veikals\/\"},{\"@type\":\"ListItem\",\"position\":3,\"name\":\"Ontario Cheese Bits gardumi ar taur\u012bnu 75 g\"}]},{\"@type\":\"WebSite\",\"@id\":\"https:\/\/miumjau.ee\/#website\",\"url\":\"https:\/\/miumjau.ee\/\",\"name\":\"MiuMjau\",\"description\":\"Kraapimispuud kassidele\",\"publisher\":{\"@id\":\"https:\/\/miumjau.ee\/#organization\"},\"potentialAction\":[{\"@type\":\"SearchAction\",\"target\":{\"@type\":\"EntryPoint\",\"urlTemplate\":\"https:\/\/miumjau.ee\/?s={search_term_string}\"},\"query-input\":{\"@type\":\"PropertyValueSpecification\",\"valueRequired\":true,\"valueName\":\"search_term_string\"}}],\"inLanguage\":\"lv-LV\"},{\"@type\":\"Organization\",\"@id\":\"https:\/\/miumjau.ee\/#organization\",\"name\":\"MiuMjau O\u00dc\",\"url\":\"https:\/\/miumjau.ee\/\",\"logo\":{\"@type\":\"ImageObject\",\"inLanguage\":\"lv-LV\",\"@id\":\"https:\/\/miumjau.ee\/#\/schema\/logo\/image\/\",\"url\":\"https:\/\/miumjau.ee\/wp-content\/uploads\/2022\/04\/MiuMjau-logo-kollane.png\",\"contentUrl\":\"https:\/\/miumjau.ee\/wp-content\/uploads\/2022\/04\/MiuMjau-logo-kollane.png\",\"width\":219,\"height\":100,\"caption\":\"MiuMjau O\u00dc\"},\"image\":{\"@id\":\"https:\/\/miumjau.ee\/#\/schema\/logo\/image\/\"},\"sameAs\":[\"https:\/\/www.facebook.com\/miumjaupood\/\"]}]}<\/script>\n<!-- \/ Yoast SEO plugin. -->","yoast_head_json":{"title":"Ontario Cheese Bits gardumi ar taur\u012bnu 75 g - MiuMjau","robots":{"index":"index","follow":"follow","max-snippet":"max-snippet:-1","max-image-preview":"max-image-preview:large","max-video-preview":"max-video-preview:-1"},"canonical":"https:\/\/miumjau.ee\/lv\/produkts\/ontario-cheese-bits-gardumi-ar-taurinu-75-g\/","og_locale":"lv_LV","og_type":"article","og_title":"Ontario Cheese Bits gardumi ar taur\u012bnu 75 g - MiuMjau","og_description":"Ontario gardumi ir viegli poraini un spilventi\u0146veida, krauk\u0161\u0137\u012bgi. Palutini savu ka\u0137i ar maigumu un uzman\u012bbu, dom\u0101jot par vi\u0146a vajadz\u012bb\u0101m. Taur\u012bns ir \u013coti svar\u012bgs ka\u0137a vesel\u012bbai! Sast\u0101vs: graudaugi 39,62%, ga\u013ca un dz\u012bvnieku izcelsmes produkti 17,1% (vistas ga\u013ca 8%), e\u013c\u013cas un tauki 14,6%, augu prote\u012bna ekstrakti 13%, zivis un zivju produkti 10%, piens un piena produkti 4,3% (siera pulveris 4%), miner\u0101lvielas 0,4%, satur ES apstiprin\u0101t\u0101s kr\u0101svielas 0,63%. Anal\u012btisk\u0101s sast\u0101vda\u013cas: kopprote\u012bns 31%, kop\u0113j\u0101s e\u013c\u013cas un tauki 20%, kop\u0161\u0137iedra 1,5%, kopelns 6%, mitrums &lt;10%. Piedevas uz kg \/ Uztura piedevas: A vitam\u012bns 9000 SV, D3 vitam\u012bns 630 SV, E vitam\u012bns 90 mg, taur\u012bns 1000 mg. Lieto\u0161anas instrukcija:Dodiet ka\u0137im 5\u201315 gardumus dien\u0101. Piel\u0101gojiet daudzumu atbilsto\u0161i ka\u0137a vecumam, aktivit\u0101tei un vesel\u012bbas st\u0101voklim. Neaizmirstiet, ka ka\u0137im vienm\u0113r j\u0101b\u016bt pieejamam svaigam dzeramajam \u016bdenim. Uzglab\u0101\u0161ana:Glab\u0101t saus\u0101 un v\u0113s\u0101 viet\u0101. \ud83d\udc95 Padari sava ka\u0137a dienu gar\u0161\u012bgu un vesel\u012bgu!","og_url":"https:\/\/miumjau.ee\/lv\/produkts\/ontario-cheese-bits-gardumi-ar-taurinu-75-g\/","og_site_name":"MiuMjau","article_publisher":"https:\/\/www.facebook.com\/miumjaupood\/","article_modified_time":"2026-01-07T19:21:51+00:00","og_image":[{"width":600,"height":800,"url":"https:\/\/miumjau.ee\/wp-content\/uploads\/2025\/06\/kassi-maius-ontario-cheese-bits.jpg","type":"image\/jpeg"}],"twitter_card":"summary_large_image","schema":{"@context":"https:\/\/schema.org","@graph":[{"@type":"WebPage","@id":"https:\/\/miumjau.ee\/lv\/produkts\/ontario-cheese-bits-gardumi-ar-taurinu-75-g\/","url":"https:\/\/miumjau.ee\/lv\/produkts\/ontario-cheese-bits-gardumi-ar-taurinu-75-g\/","name":"Ontario Cheese Bits gardumi ar taur\u012bnu 75 g - MiuMjau","isPartOf":{"@id":"https:\/\/miumjau.ee\/#website"},"primaryImageOfPage":{"@id":"https:\/\/miumjau.ee\/lv\/produkts\/ontario-cheese-bits-gardumi-ar-taurinu-75-g\/#primaryimage"},"image":{"@id":"https:\/\/miumjau.ee\/lv\/produkts\/ontario-cheese-bits-gardumi-ar-taurinu-75-g\/#primaryimage"},"thumbnailUrl":"https:\/\/miumjau.ee\/wp-content\/uploads\/2025\/06\/kassi-maius-ontario-cheese-bits.jpg","datePublished":"2025-06-29T12:21:37+00:00","dateModified":"2026-01-07T19:21:51+00:00","breadcrumb":{"@id":"https:\/\/miumjau.ee\/lv\/produkts\/ontario-cheese-bits-gardumi-ar-taurinu-75-g\/#breadcrumb"},"inLanguage":"lv-LV","potentialAction":[{"@type":"ReadAction","target":["https:\/\/miumjau.ee\/lv\/produkts\/ontario-cheese-bits-gardumi-ar-taurinu-75-g\/"]}]},{"@type":"ImageObject","inLanguage":"lv-LV","@id":"https:\/\/miumjau.ee\/lv\/produkts\/ontario-cheese-bits-gardumi-ar-taurinu-75-g\/#primaryimage","url":"https:\/\/miumjau.ee\/wp-content\/uploads\/2025\/06\/kassi-maius-ontario-cheese-bits.jpg","contentUrl":"https:\/\/miumjau.ee\/wp-content\/uploads\/2025\/06\/kassi-maius-ontario-cheese-bits.jpg","width":600,"height":800},{"@type":"BreadcrumbList","@id":"https:\/\/miumjau.ee\/lv\/produkts\/ontario-cheese-bits-gardumi-ar-taurinu-75-g\/#breadcrumb","itemListElement":[{"@type":"ListItem","position":1,"name":"Home","item":"https:\/\/miumjau.ee\/lv\/"},{"@type":"ListItem","position":2,"name":"Veikals","item":"https:\/\/miumjau.ee\/lv\/veikals\/"},{"@type":"ListItem","position":3,"name":"Ontario Cheese Bits gardumi ar taur\u012bnu 75 g"}]},{"@type":"WebSite","@id":"https:\/\/miumjau.ee\/#website","url":"https:\/\/miumjau.ee\/","name":"MiuMjau","description":"Kraapimispuud kassidele","publisher":{"@id":"https:\/\/miumjau.ee\/#organization"},"potentialAction":[{"@type":"SearchAction","target":{"@type":"EntryPoint","urlTemplate":"https:\/\/miumjau.ee\/?s={search_term_string}"},"query-input":{"@type":"PropertyValueSpecification","valueRequired":true,"valueName":"search_term_string"}}],"inLanguage":"lv-LV"},{"@type":"Organization","@id":"https:\/\/miumjau.ee\/#organization","name":"MiuMjau O\u00dc","url":"https:\/\/miumjau.ee\/","logo":{"@type":"ImageObject","inLanguage":"lv-LV","@id":"https:\/\/miumjau.ee\/#\/schema\/logo\/image\/","url":"https:\/\/miumjau.ee\/wp-content\/uploads\/2022\/04\/MiuMjau-logo-kollane.png","contentUrl":"https:\/\/miumjau.ee\/wp-content\/uploads\/2022\/04\/MiuMjau-logo-kollane.png","width":219,"height":100,"caption":"MiuMjau O\u00dc"},"image":{"@id":"https:\/\/miumjau.ee\/#\/schema\/logo\/image\/"},"sameAs":["https:\/\/www.facebook.com\/miumjaupood\/"]}]}},"_links":{"self":[{"href":"https:\/\/miumjau.ee\/lv\/wp-json\/wp\/v2\/product\/47282","targetHints":{"allow":["GET"]}}],"collection":[{"href":"https:\/\/miumjau.ee\/lv\/wp-json\/wp\/v2\/product"}],"about":[{"href":"https:\/\/miumjau.ee\/lv\/wp-json\/wp\/v2\/types\/product"}],"wp:featuredmedia":[{"embeddable":true,"href":"https:\/\/miumjau.ee\/lv\/wp-json\/wp\/v2\/media\/47283"}],"wp:attachment":[{"href":"https:\/\/miumjau.ee\/lv\/wp-json\/wp\/v2\/media?parent=47282"}],"wp:term":[{"taxonomy":"product_brand","embeddable":true,"href":"https:\/\/miumjau.ee\/lv\/wp-json\/wp\/v2\/product_brand?post=47282"},{"taxonomy":"product_cat","embeddable":true,"href":"https:\/\/miumjau.ee\/lv\/wp-json\/wp\/v2\/product_cat?post=47282"},{"taxonomy":"product_tag","embeddable":true,"href":"https:\/\/miumjau.ee\/lv\/wp-json\/wp\/v2\/product_tag?post=47282"}],"curies":[{"name":"wp","href":"https:\/\/api.w.org\/{rel}","templated":true}]}}