{"id":47148,"date":"2025-12-02T13:13:56","date_gmt":"2025-12-02T11:13:56","guid":{"rendered":"https:\/\/miumjau.ee\/toode\/eat-slow-live-longer-star-bloda-zila-l\/"},"modified":"2026-01-07T21:21:58","modified_gmt":"2026-01-07T19:21:58","slug":"eat-slow-live-longer-star-bloda-zila-l","status":"publish","type":"product","link":"https:\/\/miumjau.ee\/lv\/produkts\/eat-slow-live-longer-star-bloda-zila-l\/","title":{"rendered":"Eat Slow Live Longer Star B\u013coda, zila L"},"content":{"rendered":"","protected":false},"excerpt":{"rendered":"<p data-start=\"2771\" data-end=\"2861\">Ide\u0101la b\u013coda ikdienas lieto\u0161anai su\u0146iem, kas \u0113d p\u0101r\u0101k \u0101tri un nesako\u0161\u013c\u0101 p\u0101rtiku pareizi.<\/p>\n<p data-start=\"2863\" data-end=\"2883\"><strong data-start=\"2863\" data-end=\"2881\">Priek\u0161roc\u012bbas:<\/strong><\/p>\n<ul data-start=\"2884\" data-end=\"3029\">\n<li data-start=\"2884\" data-end=\"2925\">\n<p data-start=\"2886\" data-end=\"2925\">Nov\u0113r\u0161 rij\u012bbu un veicina l\u0113n\u0101ku \u0113\u0161anu<\/p>\n<\/li>\n<li data-start=\"2926\" data-end=\"2972\">\n<p data-start=\"2928\" data-end=\"2972\">Izgatavota no iztur\u012bga un dro\u0161a plastmasas<\/p>\n<\/li>\n<li data-start=\"2973\" data-end=\"3006\">\n<p data-start=\"2975\" data-end=\"3006\">Dro\u0161a trauku mazg\u0101jam\u0101 ma\u0161\u012bn\u0101<\/p>\n<\/li>\n<li data-start=\"3007\" data-end=\"3029\">\n<p data-start=\"3009\" data-end=\"3029\">Nesl\u012bdo\u0161as k\u0101ji\u0146as<\/p>\n<\/li>\n<\/ul>\n<p data-start=\"3031\" data-end=\"3297\">Eat Slow Live Longer Star pal\u0113nino\u0161\u0101 \u0113diena b\u013coda padara \u0101tru \u0113\u0161anu pag\u0101tni! Rakstain\u0101 b\u013coda apgr\u016btina piek\u013cuvi sauso bar\u012bbu, t\u0101p\u0113c suns vai ka\u0137is \u0146em maz\u0101kas kumosi\u0146us, \u0113d l\u0113n\u0101k un lab\u0101k ko\u0161\u013c\u0101. B\u013codai ir nesl\u012bdo\u0161as k\u0101ji\u0146as, un t\u0101 ir dro\u0161a trauku mazg\u0101jam\u0101 ma\u0161\u012bn\u0101.<\/p>\n<p data-start=\"3299\" data-end=\"3597\"><strong data-start=\"3299\" data-end=\"3333\">K\u0101p\u0113c l\u0113n\u0101ka \u0113\u0161ana ir svar\u012bga:<\/strong><br data-start=\"3333\" data-end=\"3336\" \/>P\u0101r\u0101k \u0101tra \u0113\u0161ana vai rij\u012bba var izrais\u012bt vair\u0101kas vesel\u012bbas probl\u0113mas, piem\u0113ram, aptauko\u0161anos (jo p\u0101rtika netiek pareizi sagremota), ku\u0146\u0123a v\u0113r\u0161anos un g\u0101zes (jo dz\u012bvnieks norij vair\u0101k gaisa). Pal\u0113nino\u0161\u0101 \u0113diena b\u013coda pal\u012bdz samazin\u0101t vai nov\u0113rst \u0161\u012bs probl\u0113mas.<\/p>\n<p data-start=\"3599\" data-end=\"3733\"><strong data-start=\"3599\" data-end=\"3613\">Materi\u0101ls:<\/strong> Eat Slow Live Longer pal\u0113nino\u0161\u0101 \u0113diena b\u013coda izgatavota no dro\u0161a plastmasas materi\u0101la. Nesl\u012bdo\u0161as k\u0101ji\u0146as ir gumijas.<\/p>\n<p data-start=\"3735\" data-end=\"3949\"><strong data-start=\"3735\" data-end=\"3756\">Lieto\u0161anas veids:<\/strong> Izmanto b\u013codu ikdienas saus\u0101s bar\u012bbas porcij\u0101m. Izvieto sauso bar\u012bbu vienm\u0113r\u012bgi b\u013codas diben\u0101. B\u013codu var izmantot ar\u012b k\u0101rumnieku do\u0161anai, t\u0101p\u0113c suns vai ka\u0137is str\u0101d\u0101, lai tiktu pie k\u0101rumiem.<\/p>\n<p data-start=\"3951\" data-end=\"3998\"><strong data-start=\"3951\" data-end=\"3962\">Izm\u0113ri:<\/strong><br data-start=\"3962\" data-end=\"3965\" \/>XS: 14 cm<br data-start=\"3974\" data-end=\"3977\" \/>S: 20,5 cm<br data-start=\"3987\" data-end=\"3990\" \/>L: 30 cm<\/p>\n","protected":false},"featured_media":46569,"template":"","meta":[],"product_brand":[],"product_cat":[578],"product_tag":[],"class_list":{"0":"post-47148","1":"product","2":"type-product","3":"status-publish","4":"has-post-thumbnail","6":"product_cat-ediena-un-dzeriena-trauki","8":"first","9":"instock","10":"taxable","11":"shipping-taxable","12":"purchasable","13":"product-type-simple"},"yoast_head":"<!-- This site is optimized with the Yoast SEO plugin v27.4 - https:\/\/yoast.com\/product\/yoast-seo-wordpress\/ -->\n<title>Eat Slow Live Longer Star B\u013coda, zila L - MiuMjau<\/title>\n<meta name=\"robots\" content=\"index, follow, max-snippet:-1, max-image-preview:large, max-video-preview:-1\" \/>\n<link rel=\"canonical\" href=\"https:\/\/miumjau.ee\/lv\/produkts\/eat-slow-live-longer-star-bloda-zila-l\/\" \/>\n<meta property=\"og:locale\" content=\"lv_LV\" \/>\n<meta property=\"og:type\" content=\"article\" \/>\n<meta property=\"og:title\" content=\"Eat Slow Live Longer Star B\u013coda, zila L - MiuMjau\" \/>\n<meta property=\"og:description\" content=\"Ide\u0101la b\u013coda ikdienas lieto\u0161anai su\u0146iem, kas \u0113d p\u0101r\u0101k \u0101tri un nesako\u0161\u013c\u0101 p\u0101rtiku pareizi. Priek\u0161roc\u012bbas:     Nov\u0113r\u0161 rij\u012bbu un veicina l\u0113n\u0101ku \u0113\u0161anu    Izgatavota no iztur\u012bga un dro\u0161a plastmasas    Dro\u0161a trauku mazg\u0101jam\u0101 ma\u0161\u012bn\u0101    Nesl\u012bdo\u0161as k\u0101ji\u0146as   Eat Slow Live Longer Star pal\u0113nino\u0161\u0101 \u0113diena b\u013coda padara \u0101tru \u0113\u0161anu pag\u0101tni! Rakstain\u0101 b\u013coda apgr\u016btina piek\u013cuvi sauso bar\u012bbu, t\u0101p\u0113c suns vai ka\u0137is \u0146em maz\u0101kas kumosi\u0146us, \u0113d l\u0113n\u0101k un lab\u0101k ko\u0161\u013c\u0101. B\u013codai ir nesl\u012bdo\u0161as k\u0101ji\u0146as, un t\u0101 ir dro\u0161a trauku mazg\u0101jam\u0101 ma\u0161\u012bn\u0101. K\u0101p\u0113c l\u0113n\u0101ka \u0113\u0161ana ir svar\u012bga:P\u0101r\u0101k \u0101tra \u0113\u0161ana vai rij\u012bba var izrais\u012bt vair\u0101kas vesel\u012bbas probl\u0113mas, piem\u0113ram, aptauko\u0161anos (jo p\u0101rtika netiek pareizi sagremota), ku\u0146\u0123a v\u0113r\u0161anos un g\u0101zes (jo dz\u012bvnieks norij vair\u0101k gaisa). Pal\u0113nino\u0161\u0101 \u0113diena b\u013coda pal\u012bdz samazin\u0101t vai nov\u0113rst \u0161\u012bs probl\u0113mas. Materi\u0101ls: Eat Slow Live Longer pal\u0113nino\u0161\u0101 \u0113diena b\u013coda izgatavota no dro\u0161a plastmasas materi\u0101la. Nesl\u012bdo\u0161as k\u0101ji\u0146as ir gumijas. Lieto\u0161anas veids: Izmanto b\u013codu ikdienas saus\u0101s bar\u012bbas porcij\u0101m. Izvieto sauso bar\u012bbu vienm\u0113r\u012bgi b\u013codas diben\u0101. B\u013codu var izmantot ar\u012b k\u0101rumnieku do\u0161anai, t\u0101p\u0113c suns vai ka\u0137is str\u0101d\u0101, lai tiktu pie k\u0101rumiem. Izm\u0113ri:XS: 14 cmS: 20,5 cmL: 30 cm\" \/>\n<meta property=\"og:url\" content=\"https:\/\/miumjau.ee\/lv\/produkts\/eat-slow-live-longer-star-bloda-zila-l\/\" \/>\n<meta property=\"og:site_name\" content=\"MiuMjau\" \/>\n<meta property=\"article:publisher\" content=\"https:\/\/www.facebook.com\/miumjaupood\/\" \/>\n<meta property=\"article:modified_time\" content=\"2026-01-07T19:21:58+00:00\" \/>\n<meta property=\"og:image\" content=\"https:\/\/miumjau.ee\/wp-content\/uploads\/2025\/12\/eat-slow-live-longer-kauss-Lsize2.jpg\" \/>\n\t<meta property=\"og:image:width\" content=\"600\" \/>\n\t<meta property=\"og:image:height\" content=\"800\" \/>\n\t<meta property=\"og:image:type\" content=\"image\/jpeg\" \/>\n<meta name=\"twitter:card\" content=\"summary_large_image\" \/>\n<script type=\"application\/ld+json\" class=\"yoast-schema-graph\">{\"@context\":\"https:\\\/\\\/schema.org\",\"@graph\":[{\"@type\":\"WebPage\",\"@id\":\"https:\\\/\\\/miumjau.ee\\\/lv\\\/produkts\\\/eat-slow-live-longer-star-bloda-zila-l\\\/\",\"url\":\"https:\\\/\\\/miumjau.ee\\\/lv\\\/produkts\\\/eat-slow-live-longer-star-bloda-zila-l\\\/\",\"name\":\"Eat Slow Live Longer Star B\u013coda, zila L - MiuMjau\",\"isPartOf\":{\"@id\":\"https:\\\/\\\/miumjau.ee\\\/#website\"},\"primaryImageOfPage\":{\"@id\":\"https:\\\/\\\/miumjau.ee\\\/lv\\\/produkts\\\/eat-slow-live-longer-star-bloda-zila-l\\\/#primaryimage\"},\"image\":{\"@id\":\"https:\\\/\\\/miumjau.ee\\\/lv\\\/produkts\\\/eat-slow-live-longer-star-bloda-zila-l\\\/#primaryimage\"},\"thumbnailUrl\":\"https:\\\/\\\/miumjau.ee\\\/wp-content\\\/uploads\\\/2025\\\/12\\\/eat-slow-live-longer-kauss-Lsize2.jpg\",\"datePublished\":\"2025-12-02T11:13:56+00:00\",\"dateModified\":\"2026-01-07T19:21:58+00:00\",\"breadcrumb\":{\"@id\":\"https:\\\/\\\/miumjau.ee\\\/lv\\\/produkts\\\/eat-slow-live-longer-star-bloda-zila-l\\\/#breadcrumb\"},\"inLanguage\":\"lv-LV\",\"potentialAction\":[{\"@type\":\"ReadAction\",\"target\":[\"https:\\\/\\\/miumjau.ee\\\/lv\\\/produkts\\\/eat-slow-live-longer-star-bloda-zila-l\\\/\"]}]},{\"@type\":\"ImageObject\",\"inLanguage\":\"lv-LV\",\"@id\":\"https:\\\/\\\/miumjau.ee\\\/lv\\\/produkts\\\/eat-slow-live-longer-star-bloda-zila-l\\\/#primaryimage\",\"url\":\"https:\\\/\\\/miumjau.ee\\\/wp-content\\\/uploads\\\/2025\\\/12\\\/eat-slow-live-longer-kauss-Lsize2.jpg\",\"contentUrl\":\"https:\\\/\\\/miumjau.ee\\\/wp-content\\\/uploads\\\/2025\\\/12\\\/eat-slow-live-longer-kauss-Lsize2.jpg\",\"width\":600,\"height\":800,\"caption\":\"Eat slow live longer Star kauss, sinine L\"},{\"@type\":\"BreadcrumbList\",\"@id\":\"https:\\\/\\\/miumjau.ee\\\/lv\\\/produkts\\\/eat-slow-live-longer-star-bloda-zila-l\\\/#breadcrumb\",\"itemListElement\":[{\"@type\":\"ListItem\",\"position\":1,\"name\":\"Home\",\"item\":\"https:\\\/\\\/miumjau.ee\\\/lv\\\/\"},{\"@type\":\"ListItem\",\"position\":2,\"name\":\"Veikals\",\"item\":\"https:\\\/\\\/miumjau.ee\\\/lv\\\/veikals\\\/\"},{\"@type\":\"ListItem\",\"position\":3,\"name\":\"Eat Slow Live Longer Star B\u013coda, zila L\"}]},{\"@type\":\"WebSite\",\"@id\":\"https:\\\/\\\/miumjau.ee\\\/#website\",\"url\":\"https:\\\/\\\/miumjau.ee\\\/\",\"name\":\"MiuMjau\",\"description\":\"Kraapimispuud kassidele\",\"publisher\":{\"@id\":\"https:\\\/\\\/miumjau.ee\\\/#organization\"},\"potentialAction\":[{\"@type\":\"SearchAction\",\"target\":{\"@type\":\"EntryPoint\",\"urlTemplate\":\"https:\\\/\\\/miumjau.ee\\\/?s={search_term_string}\"},\"query-input\":{\"@type\":\"PropertyValueSpecification\",\"valueRequired\":true,\"valueName\":\"search_term_string\"}}],\"inLanguage\":\"lv-LV\"},{\"@type\":\"Organization\",\"@id\":\"https:\\\/\\\/miumjau.ee\\\/#organization\",\"name\":\"MiuMjau O\u00dc\",\"url\":\"https:\\\/\\\/miumjau.ee\\\/\",\"logo\":{\"@type\":\"ImageObject\",\"inLanguage\":\"lv-LV\",\"@id\":\"https:\\\/\\\/miumjau.ee\\\/#\\\/schema\\\/logo\\\/image\\\/\",\"url\":\"https:\\\/\\\/miumjau.ee\\\/wp-content\\\/uploads\\\/2022\\\/04\\\/MiuMjau-logo-kollane.png\",\"contentUrl\":\"https:\\\/\\\/miumjau.ee\\\/wp-content\\\/uploads\\\/2022\\\/04\\\/MiuMjau-logo-kollane.png\",\"width\":219,\"height\":100,\"caption\":\"MiuMjau O\u00dc\"},\"image\":{\"@id\":\"https:\\\/\\\/miumjau.ee\\\/#\\\/schema\\\/logo\\\/image\\\/\"},\"sameAs\":[\"https:\\\/\\\/www.facebook.com\\\/miumjaupood\\\/\"]}]}<\/script>\n<!-- \/ Yoast SEO plugin. -->","yoast_head_json":{"title":"Eat Slow Live Longer Star B\u013coda, zila L - MiuMjau","robots":{"index":"index","follow":"follow","max-snippet":"max-snippet:-1","max-image-preview":"max-image-preview:large","max-video-preview":"max-video-preview:-1"},"canonical":"https:\/\/miumjau.ee\/lv\/produkts\/eat-slow-live-longer-star-bloda-zila-l\/","og_locale":"lv_LV","og_type":"article","og_title":"Eat Slow Live Longer Star B\u013coda, zila L - MiuMjau","og_description":"Ide\u0101la b\u013coda ikdienas lieto\u0161anai su\u0146iem, kas \u0113d p\u0101r\u0101k \u0101tri un nesako\u0161\u013c\u0101 p\u0101rtiku pareizi. Priek\u0161roc\u012bbas:     Nov\u0113r\u0161 rij\u012bbu un veicina l\u0113n\u0101ku \u0113\u0161anu    Izgatavota no iztur\u012bga un dro\u0161a plastmasas    Dro\u0161a trauku mazg\u0101jam\u0101 ma\u0161\u012bn\u0101    Nesl\u012bdo\u0161as k\u0101ji\u0146as   Eat Slow Live Longer Star pal\u0113nino\u0161\u0101 \u0113diena b\u013coda padara \u0101tru \u0113\u0161anu pag\u0101tni! Rakstain\u0101 b\u013coda apgr\u016btina piek\u013cuvi sauso bar\u012bbu, t\u0101p\u0113c suns vai ka\u0137is \u0146em maz\u0101kas kumosi\u0146us, \u0113d l\u0113n\u0101k un lab\u0101k ko\u0161\u013c\u0101. B\u013codai ir nesl\u012bdo\u0161as k\u0101ji\u0146as, un t\u0101 ir dro\u0161a trauku mazg\u0101jam\u0101 ma\u0161\u012bn\u0101. K\u0101p\u0113c l\u0113n\u0101ka \u0113\u0161ana ir svar\u012bga:P\u0101r\u0101k \u0101tra \u0113\u0161ana vai rij\u012bba var izrais\u012bt vair\u0101kas vesel\u012bbas probl\u0113mas, piem\u0113ram, aptauko\u0161anos (jo p\u0101rtika netiek pareizi sagremota), ku\u0146\u0123a v\u0113r\u0161anos un g\u0101zes (jo dz\u012bvnieks norij vair\u0101k gaisa). Pal\u0113nino\u0161\u0101 \u0113diena b\u013coda pal\u012bdz samazin\u0101t vai nov\u0113rst \u0161\u012bs probl\u0113mas. Materi\u0101ls: Eat Slow Live Longer pal\u0113nino\u0161\u0101 \u0113diena b\u013coda izgatavota no dro\u0161a plastmasas materi\u0101la. Nesl\u012bdo\u0161as k\u0101ji\u0146as ir gumijas. Lieto\u0161anas veids: Izmanto b\u013codu ikdienas saus\u0101s bar\u012bbas porcij\u0101m. Izvieto sauso bar\u012bbu vienm\u0113r\u012bgi b\u013codas diben\u0101. B\u013codu var izmantot ar\u012b k\u0101rumnieku do\u0161anai, t\u0101p\u0113c suns vai ka\u0137is str\u0101d\u0101, lai tiktu pie k\u0101rumiem. Izm\u0113ri:XS: 14 cmS: 20,5 cmL: 30 cm","og_url":"https:\/\/miumjau.ee\/lv\/produkts\/eat-slow-live-longer-star-bloda-zila-l\/","og_site_name":"MiuMjau","article_publisher":"https:\/\/www.facebook.com\/miumjaupood\/","article_modified_time":"2026-01-07T19:21:58+00:00","og_image":[{"width":600,"height":800,"url":"https:\/\/miumjau.ee\/wp-content\/uploads\/2025\/12\/eat-slow-live-longer-kauss-Lsize2.jpg","type":"image\/jpeg"}],"twitter_card":"summary_large_image","schema":{"@context":"https:\/\/schema.org","@graph":[{"@type":"WebPage","@id":"https:\/\/miumjau.ee\/lv\/produkts\/eat-slow-live-longer-star-bloda-zila-l\/","url":"https:\/\/miumjau.ee\/lv\/produkts\/eat-slow-live-longer-star-bloda-zila-l\/","name":"Eat Slow Live Longer Star B\u013coda, zila L - MiuMjau","isPartOf":{"@id":"https:\/\/miumjau.ee\/#website"},"primaryImageOfPage":{"@id":"https:\/\/miumjau.ee\/lv\/produkts\/eat-slow-live-longer-star-bloda-zila-l\/#primaryimage"},"image":{"@id":"https:\/\/miumjau.ee\/lv\/produkts\/eat-slow-live-longer-star-bloda-zila-l\/#primaryimage"},"thumbnailUrl":"https:\/\/miumjau.ee\/wp-content\/uploads\/2025\/12\/eat-slow-live-longer-kauss-Lsize2.jpg","datePublished":"2025-12-02T11:13:56+00:00","dateModified":"2026-01-07T19:21:58+00:00","breadcrumb":{"@id":"https:\/\/miumjau.ee\/lv\/produkts\/eat-slow-live-longer-star-bloda-zila-l\/#breadcrumb"},"inLanguage":"lv-LV","potentialAction":[{"@type":"ReadAction","target":["https:\/\/miumjau.ee\/lv\/produkts\/eat-slow-live-longer-star-bloda-zila-l\/"]}]},{"@type":"ImageObject","inLanguage":"lv-LV","@id":"https:\/\/miumjau.ee\/lv\/produkts\/eat-slow-live-longer-star-bloda-zila-l\/#primaryimage","url":"https:\/\/miumjau.ee\/wp-content\/uploads\/2025\/12\/eat-slow-live-longer-kauss-Lsize2.jpg","contentUrl":"https:\/\/miumjau.ee\/wp-content\/uploads\/2025\/12\/eat-slow-live-longer-kauss-Lsize2.jpg","width":600,"height":800,"caption":"Eat slow live longer Star kauss, sinine L"},{"@type":"BreadcrumbList","@id":"https:\/\/miumjau.ee\/lv\/produkts\/eat-slow-live-longer-star-bloda-zila-l\/#breadcrumb","itemListElement":[{"@type":"ListItem","position":1,"name":"Home","item":"https:\/\/miumjau.ee\/lv\/"},{"@type":"ListItem","position":2,"name":"Veikals","item":"https:\/\/miumjau.ee\/lv\/veikals\/"},{"@type":"ListItem","position":3,"name":"Eat Slow Live Longer Star B\u013coda, zila L"}]},{"@type":"WebSite","@id":"https:\/\/miumjau.ee\/#website","url":"https:\/\/miumjau.ee\/","name":"MiuMjau","description":"Kraapimispuud kassidele","publisher":{"@id":"https:\/\/miumjau.ee\/#organization"},"potentialAction":[{"@type":"SearchAction","target":{"@type":"EntryPoint","urlTemplate":"https:\/\/miumjau.ee\/?s={search_term_string}"},"query-input":{"@type":"PropertyValueSpecification","valueRequired":true,"valueName":"search_term_string"}}],"inLanguage":"lv-LV"},{"@type":"Organization","@id":"https:\/\/miumjau.ee\/#organization","name":"MiuMjau O\u00dc","url":"https:\/\/miumjau.ee\/","logo":{"@type":"ImageObject","inLanguage":"lv-LV","@id":"https:\/\/miumjau.ee\/#\/schema\/logo\/image\/","url":"https:\/\/miumjau.ee\/wp-content\/uploads\/2022\/04\/MiuMjau-logo-kollane.png","contentUrl":"https:\/\/miumjau.ee\/wp-content\/uploads\/2022\/04\/MiuMjau-logo-kollane.png","width":219,"height":100,"caption":"MiuMjau O\u00dc"},"image":{"@id":"https:\/\/miumjau.ee\/#\/schema\/logo\/image\/"},"sameAs":["https:\/\/www.facebook.com\/miumjaupood\/"]}]}},"_links":{"self":[{"href":"https:\/\/miumjau.ee\/lv\/wp-json\/wp\/v2\/product\/47148","targetHints":{"allow":["GET"]}}],"collection":[{"href":"https:\/\/miumjau.ee\/lv\/wp-json\/wp\/v2\/product"}],"about":[{"href":"https:\/\/miumjau.ee\/lv\/wp-json\/wp\/v2\/types\/product"}],"wp:featuredmedia":[{"embeddable":true,"href":"https:\/\/miumjau.ee\/lv\/wp-json\/wp\/v2\/media\/46569"}],"wp:attachment":[{"href":"https:\/\/miumjau.ee\/lv\/wp-json\/wp\/v2\/media?parent=47148"}],"wp:term":[{"taxonomy":"product_brand","embeddable":true,"href":"https:\/\/miumjau.ee\/lv\/wp-json\/wp\/v2\/product_brand?post=47148"},{"taxonomy":"product_cat","embeddable":true,"href":"https:\/\/miumjau.ee\/lv\/wp-json\/wp\/v2\/product_cat?post=47148"},{"taxonomy":"product_tag","embeddable":true,"href":"https:\/\/miumjau.ee\/lv\/wp-json\/wp\/v2\/product_tag?post=47148"}],"curies":[{"name":"wp","href":"https:\/\/api.w.org\/{rel}","templated":true}]}}