{"id":47129,"date":"2025-12-02T13:10:41","date_gmt":"2025-12-02T11:10:41","guid":{"rendered":"https:\/\/miumjau.ee\/toode\/eat-slow-live-longer-bloda-violeta-l\/"},"modified":"2026-01-07T21:21:58","modified_gmt":"2026-01-07T19:21:58","slug":"eat-slow-live-longer-bloda-violeta-l","status":"publish","type":"product","link":"https:\/\/miumjau.ee\/lv\/produkts\/eat-slow-live-longer-bloda-violeta-l\/","title":{"rendered":"Eat Slow Live Longer B\u013coda, violeta L"},"content":{"rendered":"","protected":false},"excerpt":{"rendered":"<p data-start=\"2195\" data-end=\"2469\">Eat Slow Live Longer Original pal\u0113nino\u0161\u0101 \u0113diena b\u013coda padara \u0101tru \u0113\u0161anu pag\u0101tni! Rakstain\u0101 b\u013coda apgr\u016btina piek\u013cuvi sauso bar\u012bbu, t\u0101p\u0113c suns vai ka\u0137is \u0146em maz\u0101kas mutes kumosi\u0146us, \u0113d l\u0113n\u0101k un lab\u0101k ko\u0161\u013c\u0101. B\u013codai ir nesl\u012bdo\u0161as k\u0101ji\u0146as, un t\u0101 ir dro\u0161a trauku mazg\u0101jam\u0101 ma\u0161\u012bn\u0101.<\/p>\n<p data-start=\"2471\" data-end=\"2755\"><strong data-start=\"2471\" data-end=\"2504\">K\u0101p\u0113c l\u0113n\u0101ka \u0113\u0161ana ir svar\u012bga<\/strong><br data-start=\"2504\" data-end=\"2507\" \/>P\u0101r\u0101k \u0101tra \u0113\u0161ana vai rij\u012bba var izrais\u012bt vair\u0101kas probl\u0113mas, piem\u0113ram, aptauko\u0161anos (jo \u0113diens netiek pareizi sagremots), ku\u0146\u0123a v\u0113r\u0161anos un g\u0101zes (jo dz\u012bvnieks norij vair\u0101k gaisa). Pal\u0113nino\u0161a \u0113diena b\u013coda pal\u012bdz samazin\u0101t vai nov\u0113rst \u0161\u012bs probl\u0113mas.<\/p>\n<p data-start=\"2757\" data-end=\"2874\"><strong data-start=\"2757\" data-end=\"2771\">Materi\u0101ls:<\/strong> Eat Slow Live Longer b\u013coda ir izgatavota no dro\u0161a plastmasas materi\u0101la. Nesl\u012bdo\u0161as k\u0101ji\u0146as ir gumijas.<\/p>\n<p data-start=\"2876\" data-end=\"3091\"><strong data-start=\"2876\" data-end=\"2897\">Lieto\u0161anas veids:<\/strong> Izmanto b\u013codu ikdienas saus\u0101s bar\u012bbas porcij\u0101m. Izvieto sauso bar\u012bbu vienm\u0113r\u012bgi pa b\u013codas dibenu. B\u013codu var izmantot ar\u012b k\u0101rumnieku do\u0161anai, t\u0101p\u0113c suns vai ka\u0137is str\u0101d\u0101, lai tiktu pie k\u0101rumiem.<\/p>\n<p data-start=\"3093\" data-end=\"3136\"><strong data-start=\"3093\" data-end=\"3104\">Izm\u0113ri:<\/strong><br data-start=\"3104\" data-end=\"3107\" \/>S: 20,5 x 5 cm<br data-start=\"3121\" data-end=\"3124\" \/>L: 30 x 7 cm<\/p>\n","protected":false},"featured_media":46545,"template":"","meta":[],"product_brand":[],"product_cat":[578],"product_tag":[],"class_list":{"0":"post-47129","1":"product","2":"type-product","3":"status-publish","4":"has-post-thumbnail","6":"product_cat-ediena-un-dzeriena-trauki","8":"first","9":"outofstock","10":"taxable","11":"shipping-taxable","12":"purchasable","13":"product-type-simple"},"yoast_head":"<!-- This site is optimized with the Yoast SEO plugin v27.2 - https:\/\/yoast.com\/product\/yoast-seo-wordpress\/ -->\n<title>Eat Slow Live Longer B\u013coda, violeta L - MiuMjau<\/title>\n<meta name=\"robots\" content=\"index, follow, max-snippet:-1, max-image-preview:large, max-video-preview:-1\" \/>\n<link rel=\"canonical\" href=\"https:\/\/miumjau.ee\/lv\/produkts\/eat-slow-live-longer-bloda-violeta-l\/\" \/>\n<meta property=\"og:locale\" content=\"lv_LV\" \/>\n<meta property=\"og:type\" content=\"article\" \/>\n<meta property=\"og:title\" content=\"Eat Slow Live Longer B\u013coda, violeta L - MiuMjau\" \/>\n<meta property=\"og:description\" content=\"Eat Slow Live Longer Original pal\u0113nino\u0161\u0101 \u0113diena b\u013coda padara \u0101tru \u0113\u0161anu pag\u0101tni! Rakstain\u0101 b\u013coda apgr\u016btina piek\u013cuvi sauso bar\u012bbu, t\u0101p\u0113c suns vai ka\u0137is \u0146em maz\u0101kas mutes kumosi\u0146us, \u0113d l\u0113n\u0101k un lab\u0101k ko\u0161\u013c\u0101. B\u013codai ir nesl\u012bdo\u0161as k\u0101ji\u0146as, un t\u0101 ir dro\u0161a trauku mazg\u0101jam\u0101 ma\u0161\u012bn\u0101. K\u0101p\u0113c l\u0113n\u0101ka \u0113\u0161ana ir svar\u012bgaP\u0101r\u0101k \u0101tra \u0113\u0161ana vai rij\u012bba var izrais\u012bt vair\u0101kas probl\u0113mas, piem\u0113ram, aptauko\u0161anos (jo \u0113diens netiek pareizi sagremots), ku\u0146\u0123a v\u0113r\u0161anos un g\u0101zes (jo dz\u012bvnieks norij vair\u0101k gaisa). Pal\u0113nino\u0161a \u0113diena b\u013coda pal\u012bdz samazin\u0101t vai nov\u0113rst \u0161\u012bs probl\u0113mas. Materi\u0101ls: Eat Slow Live Longer b\u013coda ir izgatavota no dro\u0161a plastmasas materi\u0101la. Nesl\u012bdo\u0161as k\u0101ji\u0146as ir gumijas. Lieto\u0161anas veids: Izmanto b\u013codu ikdienas saus\u0101s bar\u012bbas porcij\u0101m. Izvieto sauso bar\u012bbu vienm\u0113r\u012bgi pa b\u013codas dibenu. B\u013codu var izmantot ar\u012b k\u0101rumnieku do\u0161anai, t\u0101p\u0113c suns vai ka\u0137is str\u0101d\u0101, lai tiktu pie k\u0101rumiem. Izm\u0113ri:S: 20,5 x 5 cmL: 30 x 7 cm\" \/>\n<meta property=\"og:url\" content=\"https:\/\/miumjau.ee\/lv\/produkts\/eat-slow-live-longer-bloda-violeta-l\/\" \/>\n<meta property=\"og:site_name\" content=\"MiuMjau\" \/>\n<meta property=\"article:publisher\" content=\"https:\/\/www.facebook.com\/miumjaupood\/\" \/>\n<meta property=\"article:modified_time\" content=\"2026-01-07T19:21:58+00:00\" \/>\n<meta property=\"og:image\" content=\"https:\/\/miumjau.ee\/wp-content\/uploads\/2025\/12\/eat-slow-live-longer-kauss1.jpg\" \/>\n\t<meta property=\"og:image:width\" content=\"600\" \/>\n\t<meta property=\"og:image:height\" content=\"800\" \/>\n\t<meta property=\"og:image:type\" content=\"image\/jpeg\" \/>\n<meta name=\"twitter:card\" content=\"summary_large_image\" \/>\n<script type=\"application\/ld+json\" class=\"yoast-schema-graph\">{\"@context\":\"https:\/\/schema.org\",\"@graph\":[{\"@type\":\"WebPage\",\"@id\":\"https:\/\/miumjau.ee\/lv\/produkts\/eat-slow-live-longer-bloda-violeta-l\/\",\"url\":\"https:\/\/miumjau.ee\/lv\/produkts\/eat-slow-live-longer-bloda-violeta-l\/\",\"name\":\"Eat Slow Live Longer B\u013coda, violeta L - MiuMjau\",\"isPartOf\":{\"@id\":\"https:\/\/miumjau.ee\/#website\"},\"primaryImageOfPage\":{\"@id\":\"https:\/\/miumjau.ee\/lv\/produkts\/eat-slow-live-longer-bloda-violeta-l\/#primaryimage\"},\"image\":{\"@id\":\"https:\/\/miumjau.ee\/lv\/produkts\/eat-slow-live-longer-bloda-violeta-l\/#primaryimage\"},\"thumbnailUrl\":\"https:\/\/miumjau.ee\/wp-content\/uploads\/2025\/12\/eat-slow-live-longer-kauss1.jpg\",\"datePublished\":\"2025-12-02T11:10:41+00:00\",\"dateModified\":\"2026-01-07T19:21:58+00:00\",\"breadcrumb\":{\"@id\":\"https:\/\/miumjau.ee\/lv\/produkts\/eat-slow-live-longer-bloda-violeta-l\/#breadcrumb\"},\"inLanguage\":\"lv-LV\",\"potentialAction\":[{\"@type\":\"ReadAction\",\"target\":[\"https:\/\/miumjau.ee\/lv\/produkts\/eat-slow-live-longer-bloda-violeta-l\/\"]}]},{\"@type\":\"ImageObject\",\"inLanguage\":\"lv-LV\",\"@id\":\"https:\/\/miumjau.ee\/lv\/produkts\/eat-slow-live-longer-bloda-violeta-l\/#primaryimage\",\"url\":\"https:\/\/miumjau.ee\/wp-content\/uploads\/2025\/12\/eat-slow-live-longer-kauss1.jpg\",\"contentUrl\":\"https:\/\/miumjau.ee\/wp-content\/uploads\/2025\/12\/eat-slow-live-longer-kauss1.jpg\",\"width\":600,\"height\":800,\"caption\":\"Eat slow live longer kauss, lilla S\"},{\"@type\":\"BreadcrumbList\",\"@id\":\"https:\/\/miumjau.ee\/lv\/produkts\/eat-slow-live-longer-bloda-violeta-l\/#breadcrumb\",\"itemListElement\":[{\"@type\":\"ListItem\",\"position\":1,\"name\":\"Home\",\"item\":\"https:\/\/miumjau.ee\/lv\/\"},{\"@type\":\"ListItem\",\"position\":2,\"name\":\"Veikals\",\"item\":\"https:\/\/miumjau.ee\/lv\/veikals\/\"},{\"@type\":\"ListItem\",\"position\":3,\"name\":\"Eat Slow Live Longer B\u013coda, violeta L\"}]},{\"@type\":\"WebSite\",\"@id\":\"https:\/\/miumjau.ee\/#website\",\"url\":\"https:\/\/miumjau.ee\/\",\"name\":\"MiuMjau\",\"description\":\"Kraapimispuud kassidele\",\"publisher\":{\"@id\":\"https:\/\/miumjau.ee\/#organization\"},\"potentialAction\":[{\"@type\":\"SearchAction\",\"target\":{\"@type\":\"EntryPoint\",\"urlTemplate\":\"https:\/\/miumjau.ee\/?s={search_term_string}\"},\"query-input\":{\"@type\":\"PropertyValueSpecification\",\"valueRequired\":true,\"valueName\":\"search_term_string\"}}],\"inLanguage\":\"lv-LV\"},{\"@type\":\"Organization\",\"@id\":\"https:\/\/miumjau.ee\/#organization\",\"name\":\"MiuMjau O\u00dc\",\"url\":\"https:\/\/miumjau.ee\/\",\"logo\":{\"@type\":\"ImageObject\",\"inLanguage\":\"lv-LV\",\"@id\":\"https:\/\/miumjau.ee\/#\/schema\/logo\/image\/\",\"url\":\"https:\/\/miumjau.ee\/wp-content\/uploads\/2022\/04\/MiuMjau-logo-kollane.png\",\"contentUrl\":\"https:\/\/miumjau.ee\/wp-content\/uploads\/2022\/04\/MiuMjau-logo-kollane.png\",\"width\":219,\"height\":100,\"caption\":\"MiuMjau O\u00dc\"},\"image\":{\"@id\":\"https:\/\/miumjau.ee\/#\/schema\/logo\/image\/\"},\"sameAs\":[\"https:\/\/www.facebook.com\/miumjaupood\/\"]}]}<\/script>\n<!-- \/ Yoast SEO plugin. -->","yoast_head_json":{"title":"Eat Slow Live Longer B\u013coda, violeta L - MiuMjau","robots":{"index":"index","follow":"follow","max-snippet":"max-snippet:-1","max-image-preview":"max-image-preview:large","max-video-preview":"max-video-preview:-1"},"canonical":"https:\/\/miumjau.ee\/lv\/produkts\/eat-slow-live-longer-bloda-violeta-l\/","og_locale":"lv_LV","og_type":"article","og_title":"Eat Slow Live Longer B\u013coda, violeta L - MiuMjau","og_description":"Eat Slow Live Longer Original pal\u0113nino\u0161\u0101 \u0113diena b\u013coda padara \u0101tru \u0113\u0161anu pag\u0101tni! Rakstain\u0101 b\u013coda apgr\u016btina piek\u013cuvi sauso bar\u012bbu, t\u0101p\u0113c suns vai ka\u0137is \u0146em maz\u0101kas mutes kumosi\u0146us, \u0113d l\u0113n\u0101k un lab\u0101k ko\u0161\u013c\u0101. B\u013codai ir nesl\u012bdo\u0161as k\u0101ji\u0146as, un t\u0101 ir dro\u0161a trauku mazg\u0101jam\u0101 ma\u0161\u012bn\u0101. K\u0101p\u0113c l\u0113n\u0101ka \u0113\u0161ana ir svar\u012bgaP\u0101r\u0101k \u0101tra \u0113\u0161ana vai rij\u012bba var izrais\u012bt vair\u0101kas probl\u0113mas, piem\u0113ram, aptauko\u0161anos (jo \u0113diens netiek pareizi sagremots), ku\u0146\u0123a v\u0113r\u0161anos un g\u0101zes (jo dz\u012bvnieks norij vair\u0101k gaisa). Pal\u0113nino\u0161a \u0113diena b\u013coda pal\u012bdz samazin\u0101t vai nov\u0113rst \u0161\u012bs probl\u0113mas. Materi\u0101ls: Eat Slow Live Longer b\u013coda ir izgatavota no dro\u0161a plastmasas materi\u0101la. Nesl\u012bdo\u0161as k\u0101ji\u0146as ir gumijas. Lieto\u0161anas veids: Izmanto b\u013codu ikdienas saus\u0101s bar\u012bbas porcij\u0101m. Izvieto sauso bar\u012bbu vienm\u0113r\u012bgi pa b\u013codas dibenu. B\u013codu var izmantot ar\u012b k\u0101rumnieku do\u0161anai, t\u0101p\u0113c suns vai ka\u0137is str\u0101d\u0101, lai tiktu pie k\u0101rumiem. Izm\u0113ri:S: 20,5 x 5 cmL: 30 x 7 cm","og_url":"https:\/\/miumjau.ee\/lv\/produkts\/eat-slow-live-longer-bloda-violeta-l\/","og_site_name":"MiuMjau","article_publisher":"https:\/\/www.facebook.com\/miumjaupood\/","article_modified_time":"2026-01-07T19:21:58+00:00","og_image":[{"width":600,"height":800,"url":"https:\/\/miumjau.ee\/wp-content\/uploads\/2025\/12\/eat-slow-live-longer-kauss1.jpg","type":"image\/jpeg"}],"twitter_card":"summary_large_image","schema":{"@context":"https:\/\/schema.org","@graph":[{"@type":"WebPage","@id":"https:\/\/miumjau.ee\/lv\/produkts\/eat-slow-live-longer-bloda-violeta-l\/","url":"https:\/\/miumjau.ee\/lv\/produkts\/eat-slow-live-longer-bloda-violeta-l\/","name":"Eat Slow Live Longer B\u013coda, violeta L - MiuMjau","isPartOf":{"@id":"https:\/\/miumjau.ee\/#website"},"primaryImageOfPage":{"@id":"https:\/\/miumjau.ee\/lv\/produkts\/eat-slow-live-longer-bloda-violeta-l\/#primaryimage"},"image":{"@id":"https:\/\/miumjau.ee\/lv\/produkts\/eat-slow-live-longer-bloda-violeta-l\/#primaryimage"},"thumbnailUrl":"https:\/\/miumjau.ee\/wp-content\/uploads\/2025\/12\/eat-slow-live-longer-kauss1.jpg","datePublished":"2025-12-02T11:10:41+00:00","dateModified":"2026-01-07T19:21:58+00:00","breadcrumb":{"@id":"https:\/\/miumjau.ee\/lv\/produkts\/eat-slow-live-longer-bloda-violeta-l\/#breadcrumb"},"inLanguage":"lv-LV","potentialAction":[{"@type":"ReadAction","target":["https:\/\/miumjau.ee\/lv\/produkts\/eat-slow-live-longer-bloda-violeta-l\/"]}]},{"@type":"ImageObject","inLanguage":"lv-LV","@id":"https:\/\/miumjau.ee\/lv\/produkts\/eat-slow-live-longer-bloda-violeta-l\/#primaryimage","url":"https:\/\/miumjau.ee\/wp-content\/uploads\/2025\/12\/eat-slow-live-longer-kauss1.jpg","contentUrl":"https:\/\/miumjau.ee\/wp-content\/uploads\/2025\/12\/eat-slow-live-longer-kauss1.jpg","width":600,"height":800,"caption":"Eat slow live longer kauss, lilla S"},{"@type":"BreadcrumbList","@id":"https:\/\/miumjau.ee\/lv\/produkts\/eat-slow-live-longer-bloda-violeta-l\/#breadcrumb","itemListElement":[{"@type":"ListItem","position":1,"name":"Home","item":"https:\/\/miumjau.ee\/lv\/"},{"@type":"ListItem","position":2,"name":"Veikals","item":"https:\/\/miumjau.ee\/lv\/veikals\/"},{"@type":"ListItem","position":3,"name":"Eat Slow Live Longer B\u013coda, violeta L"}]},{"@type":"WebSite","@id":"https:\/\/miumjau.ee\/#website","url":"https:\/\/miumjau.ee\/","name":"MiuMjau","description":"Kraapimispuud kassidele","publisher":{"@id":"https:\/\/miumjau.ee\/#organization"},"potentialAction":[{"@type":"SearchAction","target":{"@type":"EntryPoint","urlTemplate":"https:\/\/miumjau.ee\/?s={search_term_string}"},"query-input":{"@type":"PropertyValueSpecification","valueRequired":true,"valueName":"search_term_string"}}],"inLanguage":"lv-LV"},{"@type":"Organization","@id":"https:\/\/miumjau.ee\/#organization","name":"MiuMjau O\u00dc","url":"https:\/\/miumjau.ee\/","logo":{"@type":"ImageObject","inLanguage":"lv-LV","@id":"https:\/\/miumjau.ee\/#\/schema\/logo\/image\/","url":"https:\/\/miumjau.ee\/wp-content\/uploads\/2022\/04\/MiuMjau-logo-kollane.png","contentUrl":"https:\/\/miumjau.ee\/wp-content\/uploads\/2022\/04\/MiuMjau-logo-kollane.png","width":219,"height":100,"caption":"MiuMjau O\u00dc"},"image":{"@id":"https:\/\/miumjau.ee\/#\/schema\/logo\/image\/"},"sameAs":["https:\/\/www.facebook.com\/miumjaupood\/"]}]}},"_links":{"self":[{"href":"https:\/\/miumjau.ee\/lv\/wp-json\/wp\/v2\/product\/47129","targetHints":{"allow":["GET"]}}],"collection":[{"href":"https:\/\/miumjau.ee\/lv\/wp-json\/wp\/v2\/product"}],"about":[{"href":"https:\/\/miumjau.ee\/lv\/wp-json\/wp\/v2\/types\/product"}],"wp:featuredmedia":[{"embeddable":true,"href":"https:\/\/miumjau.ee\/lv\/wp-json\/wp\/v2\/media\/46545"}],"wp:attachment":[{"href":"https:\/\/miumjau.ee\/lv\/wp-json\/wp\/v2\/media?parent=47129"}],"wp:term":[{"taxonomy":"product_brand","embeddable":true,"href":"https:\/\/miumjau.ee\/lv\/wp-json\/wp\/v2\/product_brand?post=47129"},{"taxonomy":"product_cat","embeddable":true,"href":"https:\/\/miumjau.ee\/lv\/wp-json\/wp\/v2\/product_cat?post=47129"},{"taxonomy":"product_tag","embeddable":true,"href":"https:\/\/miumjau.ee\/lv\/wp-json\/wp\/v2\/product_tag?post=47129"}],"curies":[{"name":"wp","href":"https:\/\/api.w.org\/{rel}","templated":true}]}}