{"id":47119,"date":"2025-12-02T12:53:35","date_gmt":"2025-12-02T10:53:35","guid":{"rendered":"https:\/\/miumjau.ee\/toode\/suna-gulta-bodyguard-sofa-bed-melna-s\/"},"modified":"2026-01-07T21:21:58","modified_gmt":"2026-01-07T19:21:58","slug":"suna-gulta-bodyguard-sofa-bed-melna-s","status":"publish","type":"product","link":"https:\/\/miumjau.ee\/lv\/produkts\/suna-gulta-bodyguard-sofa-bed-melna-s\/","title":{"rendered":"Su\u0146a gulta Bodyguard Sofa Bed Melna S"},"content":{"rendered":"","protected":false},"excerpt":{"rendered":"<p data-start=\"2513\" data-end=\"2889\">\u0160\u012b lielisk\u0101 su\u0146a gulta ir apr\u012bkota ar \u012bpa\u0161i stipru pild\u012bjumu, kas nodro\u0161ina optim\u0101lu komfortu un ide\u0101lu nakts miegu. Gultas aug\u0161\u0113j\u0101 da\u013ca aizsarg\u0101 j\u016bsu suni, pateicoties \u012bpa\u0161i apstr\u0101d\u0101tai INSECT BODYGUARD aizsardz\u012bbai, bet apak\u0161\u0113j\u0101 da\u013ca ir p\u0101rkl\u0101ta ar unik\u0101lu nesl\u012bdo\u0161u materi\u0101lu. Kad suns gu\u013c uz gultas, \u0113rces, utis, \u0113rc\u012btes, odi un citi kukai\u0146i, saskaroties, tiek izn\u012bcin\u0101ti.<\/p>\n<p data-start=\"2891\" data-end=\"3175\"><strong data-start=\"2891\" data-end=\"2911\">K\u0101 tas darbojas:<\/strong> INSECT BODYGUARD Sofa ir apstr\u0101d\u0101ta ar bioc\u012bdu Permithin, kas satur akt\u012bvu ekstraktu, balst\u012btu uz dabisko krizant\u0113mu sekr\u0113tu. \u0160\u012b viela ir nekait\u012bga cilv\u0113kiem un dz\u012bvniekiem, bet n\u0101v\u0113jo\u0161a kukai\u0146iem. Akt\u012bv\u0101 viela neiztek no gultas, nodro\u0161inot past\u0101v\u012bgu aizsardz\u012bbu.<\/p>\n<p data-start=\"3177\" data-end=\"3348\"><strong data-start=\"3177\" data-end=\"3190\">Iztur\u012bba:<\/strong> INSECT BODYGUARD iedarb\u012bba ilgst l\u012bdz 75 mazg\u0101\u0161anas reiz\u0113m. Optim\u0101lai aizsardz\u012bbai iesak\u0101m gultu regul\u0101ri mazg\u0101t, lai no\u0146emtu putek\u013cus, net\u012brumus un spalvas.<\/p>\n<p data-start=\"3350\" data-end=\"3509\"><strong data-start=\"3350\" data-end=\"3364\">Materi\u0101li:<\/strong><br data-start=\"3364\" data-end=\"3367\" \/>Aug\u0161\u0113jais p\u0101rvalks: 65 % poliesters, 35 % kokvilna<br data-start=\"3417\" data-end=\"3420\" \/>Apak\u0161\u0113jais p\u0101rvalks: nesl\u012bdo\u0161s, 100 % poliesters<br data-start=\"3468\" data-end=\"3471\" \/>Pild\u012bjums: 100 % poliesters (silikons)<\/p>\n<p data-start=\"3511\" data-end=\"3537\"><strong data-start=\"3511\" data-end=\"3522\">Izm\u0113rs:<\/strong> S \u2013 65 x 55 cm<\/p>\n","protected":false},"featured_media":46539,"template":"","meta":[],"product_brand":[],"product_cat":[857],"product_tag":[],"class_list":{"0":"post-47119","1":"product","2":"type-product","3":"status-publish","4":"has-post-thumbnail","6":"product_cat-gultas-paklaji-gulammaisi","8":"first","9":"instock","10":"taxable","11":"shipping-taxable","12":"purchasable","13":"product-type-simple"},"yoast_head":"<!-- This site is optimized with the Yoast SEO plugin v27.4 - https:\/\/yoast.com\/product\/yoast-seo-wordpress\/ -->\n<title>Su\u0146a gulta Bodyguard Sofa Bed Melna S - MiuMjau<\/title>\n<meta name=\"robots\" content=\"index, follow, max-snippet:-1, max-image-preview:large, max-video-preview:-1\" \/>\n<link rel=\"canonical\" href=\"https:\/\/miumjau.ee\/lv\/produkts\/suna-gulta-bodyguard-sofa-bed-melna-s\/\" \/>\n<meta property=\"og:locale\" content=\"lv_LV\" \/>\n<meta property=\"og:type\" content=\"article\" \/>\n<meta property=\"og:title\" content=\"Su\u0146a gulta Bodyguard Sofa Bed Melna S - MiuMjau\" \/>\n<meta property=\"og:description\" content=\"\u0160\u012b lielisk\u0101 su\u0146a gulta ir apr\u012bkota ar \u012bpa\u0161i stipru pild\u012bjumu, kas nodro\u0161ina optim\u0101lu komfortu un ide\u0101lu nakts miegu. Gultas aug\u0161\u0113j\u0101 da\u013ca aizsarg\u0101 j\u016bsu suni, pateicoties \u012bpa\u0161i apstr\u0101d\u0101tai INSECT BODYGUARD aizsardz\u012bbai, bet apak\u0161\u0113j\u0101 da\u013ca ir p\u0101rkl\u0101ta ar unik\u0101lu nesl\u012bdo\u0161u materi\u0101lu. Kad suns gu\u013c uz gultas, \u0113rces, utis, \u0113rc\u012btes, odi un citi kukai\u0146i, saskaroties, tiek izn\u012bcin\u0101ti. K\u0101 tas darbojas: INSECT BODYGUARD Sofa ir apstr\u0101d\u0101ta ar bioc\u012bdu Permithin, kas satur akt\u012bvu ekstraktu, balst\u012btu uz dabisko krizant\u0113mu sekr\u0113tu. \u0160\u012b viela ir nekait\u012bga cilv\u0113kiem un dz\u012bvniekiem, bet n\u0101v\u0113jo\u0161a kukai\u0146iem. Akt\u012bv\u0101 viela neiztek no gultas, nodro\u0161inot past\u0101v\u012bgu aizsardz\u012bbu. Iztur\u012bba: INSECT BODYGUARD iedarb\u012bba ilgst l\u012bdz 75 mazg\u0101\u0161anas reiz\u0113m. Optim\u0101lai aizsardz\u012bbai iesak\u0101m gultu regul\u0101ri mazg\u0101t, lai no\u0146emtu putek\u013cus, net\u012brumus un spalvas. Materi\u0101li:Aug\u0161\u0113jais p\u0101rvalks: 65 % poliesters, 35 % kokvilnaApak\u0161\u0113jais p\u0101rvalks: nesl\u012bdo\u0161s, 100 % poliestersPild\u012bjums: 100 % poliesters (silikons) Izm\u0113rs: S \u2013 65 x 55 cm\" \/>\n<meta property=\"og:url\" content=\"https:\/\/miumjau.ee\/lv\/produkts\/suna-gulta-bodyguard-sofa-bed-melna-s\/\" \/>\n<meta property=\"og:site_name\" content=\"MiuMjau\" \/>\n<meta property=\"article:publisher\" content=\"https:\/\/www.facebook.com\/miumjaupood\/\" \/>\n<meta property=\"article:modified_time\" content=\"2026-01-07T19:21:58+00:00\" \/>\n<meta property=\"og:image\" content=\"https:\/\/miumjau.ee\/wp-content\/uploads\/2025\/12\/bodyguard-sofa-bed-s-must.jpg\" \/>\n\t<meta property=\"og:image:width\" content=\"600\" \/>\n\t<meta property=\"og:image:height\" content=\"800\" \/>\n\t<meta property=\"og:image:type\" content=\"image\/jpeg\" \/>\n<meta name=\"twitter:card\" content=\"summary_large_image\" \/>\n<script type=\"application\/ld+json\" class=\"yoast-schema-graph\">{\"@context\":\"https:\\\/\\\/schema.org\",\"@graph\":[{\"@type\":\"WebPage\",\"@id\":\"https:\\\/\\\/miumjau.ee\\\/lv\\\/produkts\\\/suna-gulta-bodyguard-sofa-bed-melna-s\\\/\",\"url\":\"https:\\\/\\\/miumjau.ee\\\/lv\\\/produkts\\\/suna-gulta-bodyguard-sofa-bed-melna-s\\\/\",\"name\":\"Su\u0146a gulta Bodyguard Sofa Bed Melna S - MiuMjau\",\"isPartOf\":{\"@id\":\"https:\\\/\\\/miumjau.ee\\\/#website\"},\"primaryImageOfPage\":{\"@id\":\"https:\\\/\\\/miumjau.ee\\\/lv\\\/produkts\\\/suna-gulta-bodyguard-sofa-bed-melna-s\\\/#primaryimage\"},\"image\":{\"@id\":\"https:\\\/\\\/miumjau.ee\\\/lv\\\/produkts\\\/suna-gulta-bodyguard-sofa-bed-melna-s\\\/#primaryimage\"},\"thumbnailUrl\":\"https:\\\/\\\/miumjau.ee\\\/wp-content\\\/uploads\\\/2025\\\/12\\\/bodyguard-sofa-bed-s-must.jpg\",\"datePublished\":\"2025-12-02T10:53:35+00:00\",\"dateModified\":\"2026-01-07T19:21:58+00:00\",\"breadcrumb\":{\"@id\":\"https:\\\/\\\/miumjau.ee\\\/lv\\\/produkts\\\/suna-gulta-bodyguard-sofa-bed-melna-s\\\/#breadcrumb\"},\"inLanguage\":\"lv-LV\",\"potentialAction\":[{\"@type\":\"ReadAction\",\"target\":[\"https:\\\/\\\/miumjau.ee\\\/lv\\\/produkts\\\/suna-gulta-bodyguard-sofa-bed-melna-s\\\/\"]}]},{\"@type\":\"ImageObject\",\"inLanguage\":\"lv-LV\",\"@id\":\"https:\\\/\\\/miumjau.ee\\\/lv\\\/produkts\\\/suna-gulta-bodyguard-sofa-bed-melna-s\\\/#primaryimage\",\"url\":\"https:\\\/\\\/miumjau.ee\\\/wp-content\\\/uploads\\\/2025\\\/12\\\/bodyguard-sofa-bed-s-must.jpg\",\"contentUrl\":\"https:\\\/\\\/miumjau.ee\\\/wp-content\\\/uploads\\\/2025\\\/12\\\/bodyguard-sofa-bed-s-must.jpg\",\"width\":600,\"height\":800,\"caption\":\"Pesa koerale Bodyguard Sofa Bed Black S\"},{\"@type\":\"BreadcrumbList\",\"@id\":\"https:\\\/\\\/miumjau.ee\\\/lv\\\/produkts\\\/suna-gulta-bodyguard-sofa-bed-melna-s\\\/#breadcrumb\",\"itemListElement\":[{\"@type\":\"ListItem\",\"position\":1,\"name\":\"Home\",\"item\":\"https:\\\/\\\/miumjau.ee\\\/lv\\\/\"},{\"@type\":\"ListItem\",\"position\":2,\"name\":\"Veikals\",\"item\":\"https:\\\/\\\/miumjau.ee\\\/lv\\\/veikals\\\/\"},{\"@type\":\"ListItem\",\"position\":3,\"name\":\"Su\u0146a gulta Bodyguard Sofa Bed Melna S\"}]},{\"@type\":\"WebSite\",\"@id\":\"https:\\\/\\\/miumjau.ee\\\/#website\",\"url\":\"https:\\\/\\\/miumjau.ee\\\/\",\"name\":\"MiuMjau\",\"description\":\"Kraapimispuud kassidele\",\"publisher\":{\"@id\":\"https:\\\/\\\/miumjau.ee\\\/#organization\"},\"potentialAction\":[{\"@type\":\"SearchAction\",\"target\":{\"@type\":\"EntryPoint\",\"urlTemplate\":\"https:\\\/\\\/miumjau.ee\\\/?s={search_term_string}\"},\"query-input\":{\"@type\":\"PropertyValueSpecification\",\"valueRequired\":true,\"valueName\":\"search_term_string\"}}],\"inLanguage\":\"lv-LV\"},{\"@type\":\"Organization\",\"@id\":\"https:\\\/\\\/miumjau.ee\\\/#organization\",\"name\":\"MiuMjau O\u00dc\",\"url\":\"https:\\\/\\\/miumjau.ee\\\/\",\"logo\":{\"@type\":\"ImageObject\",\"inLanguage\":\"lv-LV\",\"@id\":\"https:\\\/\\\/miumjau.ee\\\/#\\\/schema\\\/logo\\\/image\\\/\",\"url\":\"https:\\\/\\\/miumjau.ee\\\/wp-content\\\/uploads\\\/2022\\\/04\\\/MiuMjau-logo-kollane.png\",\"contentUrl\":\"https:\\\/\\\/miumjau.ee\\\/wp-content\\\/uploads\\\/2022\\\/04\\\/MiuMjau-logo-kollane.png\",\"width\":219,\"height\":100,\"caption\":\"MiuMjau O\u00dc\"},\"image\":{\"@id\":\"https:\\\/\\\/miumjau.ee\\\/#\\\/schema\\\/logo\\\/image\\\/\"},\"sameAs\":[\"https:\\\/\\\/www.facebook.com\\\/miumjaupood\\\/\"]}]}<\/script>\n<!-- \/ Yoast SEO plugin. -->","yoast_head_json":{"title":"Su\u0146a gulta Bodyguard Sofa Bed Melna S - MiuMjau","robots":{"index":"index","follow":"follow","max-snippet":"max-snippet:-1","max-image-preview":"max-image-preview:large","max-video-preview":"max-video-preview:-1"},"canonical":"https:\/\/miumjau.ee\/lv\/produkts\/suna-gulta-bodyguard-sofa-bed-melna-s\/","og_locale":"lv_LV","og_type":"article","og_title":"Su\u0146a gulta Bodyguard Sofa Bed Melna S - MiuMjau","og_description":"\u0160\u012b lielisk\u0101 su\u0146a gulta ir apr\u012bkota ar \u012bpa\u0161i stipru pild\u012bjumu, kas nodro\u0161ina optim\u0101lu komfortu un ide\u0101lu nakts miegu. Gultas aug\u0161\u0113j\u0101 da\u013ca aizsarg\u0101 j\u016bsu suni, pateicoties \u012bpa\u0161i apstr\u0101d\u0101tai INSECT BODYGUARD aizsardz\u012bbai, bet apak\u0161\u0113j\u0101 da\u013ca ir p\u0101rkl\u0101ta ar unik\u0101lu nesl\u012bdo\u0161u materi\u0101lu. Kad suns gu\u013c uz gultas, \u0113rces, utis, \u0113rc\u012btes, odi un citi kukai\u0146i, saskaroties, tiek izn\u012bcin\u0101ti. K\u0101 tas darbojas: INSECT BODYGUARD Sofa ir apstr\u0101d\u0101ta ar bioc\u012bdu Permithin, kas satur akt\u012bvu ekstraktu, balst\u012btu uz dabisko krizant\u0113mu sekr\u0113tu. \u0160\u012b viela ir nekait\u012bga cilv\u0113kiem un dz\u012bvniekiem, bet n\u0101v\u0113jo\u0161a kukai\u0146iem. Akt\u012bv\u0101 viela neiztek no gultas, nodro\u0161inot past\u0101v\u012bgu aizsardz\u012bbu. Iztur\u012bba: INSECT BODYGUARD iedarb\u012bba ilgst l\u012bdz 75 mazg\u0101\u0161anas reiz\u0113m. Optim\u0101lai aizsardz\u012bbai iesak\u0101m gultu regul\u0101ri mazg\u0101t, lai no\u0146emtu putek\u013cus, net\u012brumus un spalvas. Materi\u0101li:Aug\u0161\u0113jais p\u0101rvalks: 65 % poliesters, 35 % kokvilnaApak\u0161\u0113jais p\u0101rvalks: nesl\u012bdo\u0161s, 100 % poliestersPild\u012bjums: 100 % poliesters (silikons) Izm\u0113rs: S \u2013 65 x 55 cm","og_url":"https:\/\/miumjau.ee\/lv\/produkts\/suna-gulta-bodyguard-sofa-bed-melna-s\/","og_site_name":"MiuMjau","article_publisher":"https:\/\/www.facebook.com\/miumjaupood\/","article_modified_time":"2026-01-07T19:21:58+00:00","og_image":[{"width":600,"height":800,"url":"https:\/\/miumjau.ee\/wp-content\/uploads\/2025\/12\/bodyguard-sofa-bed-s-must.jpg","type":"image\/jpeg"}],"twitter_card":"summary_large_image","schema":{"@context":"https:\/\/schema.org","@graph":[{"@type":"WebPage","@id":"https:\/\/miumjau.ee\/lv\/produkts\/suna-gulta-bodyguard-sofa-bed-melna-s\/","url":"https:\/\/miumjau.ee\/lv\/produkts\/suna-gulta-bodyguard-sofa-bed-melna-s\/","name":"Su\u0146a gulta Bodyguard Sofa Bed Melna S - MiuMjau","isPartOf":{"@id":"https:\/\/miumjau.ee\/#website"},"primaryImageOfPage":{"@id":"https:\/\/miumjau.ee\/lv\/produkts\/suna-gulta-bodyguard-sofa-bed-melna-s\/#primaryimage"},"image":{"@id":"https:\/\/miumjau.ee\/lv\/produkts\/suna-gulta-bodyguard-sofa-bed-melna-s\/#primaryimage"},"thumbnailUrl":"https:\/\/miumjau.ee\/wp-content\/uploads\/2025\/12\/bodyguard-sofa-bed-s-must.jpg","datePublished":"2025-12-02T10:53:35+00:00","dateModified":"2026-01-07T19:21:58+00:00","breadcrumb":{"@id":"https:\/\/miumjau.ee\/lv\/produkts\/suna-gulta-bodyguard-sofa-bed-melna-s\/#breadcrumb"},"inLanguage":"lv-LV","potentialAction":[{"@type":"ReadAction","target":["https:\/\/miumjau.ee\/lv\/produkts\/suna-gulta-bodyguard-sofa-bed-melna-s\/"]}]},{"@type":"ImageObject","inLanguage":"lv-LV","@id":"https:\/\/miumjau.ee\/lv\/produkts\/suna-gulta-bodyguard-sofa-bed-melna-s\/#primaryimage","url":"https:\/\/miumjau.ee\/wp-content\/uploads\/2025\/12\/bodyguard-sofa-bed-s-must.jpg","contentUrl":"https:\/\/miumjau.ee\/wp-content\/uploads\/2025\/12\/bodyguard-sofa-bed-s-must.jpg","width":600,"height":800,"caption":"Pesa koerale Bodyguard Sofa Bed Black S"},{"@type":"BreadcrumbList","@id":"https:\/\/miumjau.ee\/lv\/produkts\/suna-gulta-bodyguard-sofa-bed-melna-s\/#breadcrumb","itemListElement":[{"@type":"ListItem","position":1,"name":"Home","item":"https:\/\/miumjau.ee\/lv\/"},{"@type":"ListItem","position":2,"name":"Veikals","item":"https:\/\/miumjau.ee\/lv\/veikals\/"},{"@type":"ListItem","position":3,"name":"Su\u0146a gulta Bodyguard Sofa Bed Melna S"}]},{"@type":"WebSite","@id":"https:\/\/miumjau.ee\/#website","url":"https:\/\/miumjau.ee\/","name":"MiuMjau","description":"Kraapimispuud kassidele","publisher":{"@id":"https:\/\/miumjau.ee\/#organization"},"potentialAction":[{"@type":"SearchAction","target":{"@type":"EntryPoint","urlTemplate":"https:\/\/miumjau.ee\/?s={search_term_string}"},"query-input":{"@type":"PropertyValueSpecification","valueRequired":true,"valueName":"search_term_string"}}],"inLanguage":"lv-LV"},{"@type":"Organization","@id":"https:\/\/miumjau.ee\/#organization","name":"MiuMjau O\u00dc","url":"https:\/\/miumjau.ee\/","logo":{"@type":"ImageObject","inLanguage":"lv-LV","@id":"https:\/\/miumjau.ee\/#\/schema\/logo\/image\/","url":"https:\/\/miumjau.ee\/wp-content\/uploads\/2022\/04\/MiuMjau-logo-kollane.png","contentUrl":"https:\/\/miumjau.ee\/wp-content\/uploads\/2022\/04\/MiuMjau-logo-kollane.png","width":219,"height":100,"caption":"MiuMjau O\u00dc"},"image":{"@id":"https:\/\/miumjau.ee\/#\/schema\/logo\/image\/"},"sameAs":["https:\/\/www.facebook.com\/miumjaupood\/"]}]}},"_links":{"self":[{"href":"https:\/\/miumjau.ee\/lv\/wp-json\/wp\/v2\/product\/47119","targetHints":{"allow":["GET"]}}],"collection":[{"href":"https:\/\/miumjau.ee\/lv\/wp-json\/wp\/v2\/product"}],"about":[{"href":"https:\/\/miumjau.ee\/lv\/wp-json\/wp\/v2\/types\/product"}],"wp:featuredmedia":[{"embeddable":true,"href":"https:\/\/miumjau.ee\/lv\/wp-json\/wp\/v2\/media\/46539"}],"wp:attachment":[{"href":"https:\/\/miumjau.ee\/lv\/wp-json\/wp\/v2\/media?parent=47119"}],"wp:term":[{"taxonomy":"product_brand","embeddable":true,"href":"https:\/\/miumjau.ee\/lv\/wp-json\/wp\/v2\/product_brand?post=47119"},{"taxonomy":"product_cat","embeddable":true,"href":"https:\/\/miumjau.ee\/lv\/wp-json\/wp\/v2\/product_cat?post=47119"},{"taxonomy":"product_tag","embeddable":true,"href":"https:\/\/miumjau.ee\/lv\/wp-json\/wp\/v2\/product_tag?post=47119"}],"curies":[{"name":"wp","href":"https:\/\/api.w.org\/{rel}","templated":true}]}}