{"id":47105,"date":"2025-12-02T13:00:03","date_gmt":"2025-12-02T11:00:03","guid":{"rendered":"https:\/\/miumjau.ee\/toode\/rotallieta-kakim-afp-lambswool-trinisi\/"},"modified":"2026-01-19T07:13:27","modified_gmt":"2026-01-19T05:13:27","slug":"rotallieta-kakim-afp-lambswool-trinisi","status":"publish","type":"product","link":"https:\/\/miumjau.ee\/lv\/produkts\/rotallieta-kakim-afp-lambswool-trinisi\/","title":{"rendered":"Rota\u013clieta ka\u0137im AFP Lambswool \u2013 Tr\u012bn\u012b\u0161i"},"content":{"rendered":"","protected":false},"excerpt":{"rendered":"<p data-start=\"838\" data-end=\"1080\">AFP Lambswool \u2013 Tr\u012bn\u012b\u0161i ar ka\u0137um\u0113tru ir tr\u012bs pel\u012btes, kas izgatavotas no iztur\u012bgiem materi\u0101liem. T\u0101 k\u0101 pel\u012btes ir pies\u016bcin\u0101tas ar ka\u0137um\u0113tru, tavas ka\u0137a rota\u013cas k\u013c\u016bst v\u0113l jautr\u0101kas! AFP Lambswool \u2013 Tr\u012bn\u012b\u0161i ar ka\u0137um\u0113tru pieejami da\u017e\u0101d\u0101s kr\u0101s\u0101s.<\/p>\n<p data-start=\"1082\" data-end=\"1102\">Izm\u0113ri: 7 x 7 x 3 cm<\/p>\n","protected":false},"featured_media":46593,"template":"","meta":[],"product_brand":[],"product_cat":[590],"product_tag":[],"class_list":{"0":"post-47105","1":"product","2":"type-product","3":"status-publish","4":"has-post-thumbnail","6":"product_cat-kaku-rotallietas","8":"first","9":"instock","10":"sale","11":"taxable","12":"shipping-taxable","13":"purchasable","14":"product-type-simple"},"yoast_head":"<!-- This site is optimized with the Yoast SEO plugin v27.2 - https:\/\/yoast.com\/product\/yoast-seo-wordpress\/ -->\n<title>Rota\u013clieta ka\u0137im AFP Lambswool \u2013 Tr\u012bn\u012b\u0161i - MiuMjau<\/title>\n<meta name=\"robots\" content=\"index, follow, max-snippet:-1, max-image-preview:large, max-video-preview:-1\" \/>\n<link rel=\"canonical\" href=\"https:\/\/miumjau.ee\/lv\/produkts\/rotallieta-kakim-afp-lambswool-trinisi\/\" \/>\n<meta property=\"og:locale\" content=\"lv_LV\" \/>\n<meta property=\"og:type\" content=\"article\" \/>\n<meta property=\"og:title\" content=\"Rota\u013clieta ka\u0137im AFP Lambswool \u2013 Tr\u012bn\u012b\u0161i - MiuMjau\" \/>\n<meta property=\"og:description\" content=\"AFP Lambswool \u2013 Tr\u012bn\u012b\u0161i ar ka\u0137um\u0113tru ir tr\u012bs pel\u012btes, kas izgatavotas no iztur\u012bgiem materi\u0101liem. T\u0101 k\u0101 pel\u012btes ir pies\u016bcin\u0101tas ar ka\u0137um\u0113tru, tavas ka\u0137a rota\u013cas k\u013c\u016bst v\u0113l jautr\u0101kas! AFP Lambswool \u2013 Tr\u012bn\u012b\u0161i ar ka\u0137um\u0113tru pieejami da\u017e\u0101d\u0101s kr\u0101s\u0101s. Izm\u0113ri: 7 x 7 x 3 cm\" \/>\n<meta property=\"og:url\" content=\"https:\/\/miumjau.ee\/lv\/produkts\/rotallieta-kakim-afp-lambswool-trinisi\/\" \/>\n<meta property=\"og:site_name\" content=\"MiuMjau\" \/>\n<meta property=\"article:publisher\" content=\"https:\/\/www.facebook.com\/miumjaupood\/\" \/>\n<meta property=\"article:modified_time\" content=\"2026-01-19T05:13:27+00:00\" \/>\n<meta property=\"og:image\" content=\"https:\/\/miumjau.ee\/wp-content\/uploads\/2025\/12\/manguasi-kassile-triplets.jpg\" \/>\n\t<meta property=\"og:image:width\" content=\"600\" \/>\n\t<meta property=\"og:image:height\" content=\"800\" \/>\n\t<meta property=\"og:image:type\" content=\"image\/jpeg\" \/>\n<meta name=\"twitter:card\" content=\"summary_large_image\" \/>\n<script type=\"application\/ld+json\" class=\"yoast-schema-graph\">{\"@context\":\"https:\/\/schema.org\",\"@graph\":[{\"@type\":\"WebPage\",\"@id\":\"https:\/\/miumjau.ee\/lv\/produkts\/rotallieta-kakim-afp-lambswool-trinisi\/\",\"url\":\"https:\/\/miumjau.ee\/lv\/produkts\/rotallieta-kakim-afp-lambswool-trinisi\/\",\"name\":\"Rota\u013clieta ka\u0137im AFP Lambswool \u2013 Tr\u012bn\u012b\u0161i - MiuMjau\",\"isPartOf\":{\"@id\":\"https:\/\/miumjau.ee\/#website\"},\"primaryImageOfPage\":{\"@id\":\"https:\/\/miumjau.ee\/lv\/produkts\/rotallieta-kakim-afp-lambswool-trinisi\/#primaryimage\"},\"image\":{\"@id\":\"https:\/\/miumjau.ee\/lv\/produkts\/rotallieta-kakim-afp-lambswool-trinisi\/#primaryimage\"},\"thumbnailUrl\":\"https:\/\/miumjau.ee\/wp-content\/uploads\/2025\/12\/manguasi-kassile-triplets.jpg\",\"datePublished\":\"2025-12-02T11:00:03+00:00\",\"dateModified\":\"2026-01-19T05:13:27+00:00\",\"breadcrumb\":{\"@id\":\"https:\/\/miumjau.ee\/lv\/produkts\/rotallieta-kakim-afp-lambswool-trinisi\/#breadcrumb\"},\"inLanguage\":\"lv-LV\",\"potentialAction\":[{\"@type\":\"ReadAction\",\"target\":[\"https:\/\/miumjau.ee\/lv\/produkts\/rotallieta-kakim-afp-lambswool-trinisi\/\"]}]},{\"@type\":\"ImageObject\",\"inLanguage\":\"lv-LV\",\"@id\":\"https:\/\/miumjau.ee\/lv\/produkts\/rotallieta-kakim-afp-lambswool-trinisi\/#primaryimage\",\"url\":\"https:\/\/miumjau.ee\/wp-content\/uploads\/2025\/12\/manguasi-kassile-triplets.jpg\",\"contentUrl\":\"https:\/\/miumjau.ee\/wp-content\/uploads\/2025\/12\/manguasi-kassile-triplets.jpg\",\"width\":600,\"height\":800,\"caption\":\"M\u00e4nguasi kassile AFP Lambswool - The Triplets\"},{\"@type\":\"BreadcrumbList\",\"@id\":\"https:\/\/miumjau.ee\/lv\/produkts\/rotallieta-kakim-afp-lambswool-trinisi\/#breadcrumb\",\"itemListElement\":[{\"@type\":\"ListItem\",\"position\":1,\"name\":\"Home\",\"item\":\"https:\/\/miumjau.ee\/lv\/\"},{\"@type\":\"ListItem\",\"position\":2,\"name\":\"Veikals\",\"item\":\"https:\/\/miumjau.ee\/lv\/veikals\/\"},{\"@type\":\"ListItem\",\"position\":3,\"name\":\"Rota\u013clieta ka\u0137im AFP Lambswool \u2013 Tr\u012bn\u012b\u0161i\"}]},{\"@type\":\"WebSite\",\"@id\":\"https:\/\/miumjau.ee\/#website\",\"url\":\"https:\/\/miumjau.ee\/\",\"name\":\"MiuMjau\",\"description\":\"Kraapimispuud kassidele\",\"publisher\":{\"@id\":\"https:\/\/miumjau.ee\/#organization\"},\"potentialAction\":[{\"@type\":\"SearchAction\",\"target\":{\"@type\":\"EntryPoint\",\"urlTemplate\":\"https:\/\/miumjau.ee\/?s={search_term_string}\"},\"query-input\":{\"@type\":\"PropertyValueSpecification\",\"valueRequired\":true,\"valueName\":\"search_term_string\"}}],\"inLanguage\":\"lv-LV\"},{\"@type\":\"Organization\",\"@id\":\"https:\/\/miumjau.ee\/#organization\",\"name\":\"MiuMjau O\u00dc\",\"url\":\"https:\/\/miumjau.ee\/\",\"logo\":{\"@type\":\"ImageObject\",\"inLanguage\":\"lv-LV\",\"@id\":\"https:\/\/miumjau.ee\/#\/schema\/logo\/image\/\",\"url\":\"https:\/\/miumjau.ee\/wp-content\/uploads\/2022\/04\/MiuMjau-logo-kollane.png\",\"contentUrl\":\"https:\/\/miumjau.ee\/wp-content\/uploads\/2022\/04\/MiuMjau-logo-kollane.png\",\"width\":219,\"height\":100,\"caption\":\"MiuMjau O\u00dc\"},\"image\":{\"@id\":\"https:\/\/miumjau.ee\/#\/schema\/logo\/image\/\"},\"sameAs\":[\"https:\/\/www.facebook.com\/miumjaupood\/\"]}]}<\/script>\n<!-- \/ Yoast SEO plugin. -->","yoast_head_json":{"title":"Rota\u013clieta ka\u0137im AFP Lambswool \u2013 Tr\u012bn\u012b\u0161i - MiuMjau","robots":{"index":"index","follow":"follow","max-snippet":"max-snippet:-1","max-image-preview":"max-image-preview:large","max-video-preview":"max-video-preview:-1"},"canonical":"https:\/\/miumjau.ee\/lv\/produkts\/rotallieta-kakim-afp-lambswool-trinisi\/","og_locale":"lv_LV","og_type":"article","og_title":"Rota\u013clieta ka\u0137im AFP Lambswool \u2013 Tr\u012bn\u012b\u0161i - MiuMjau","og_description":"AFP Lambswool \u2013 Tr\u012bn\u012b\u0161i ar ka\u0137um\u0113tru ir tr\u012bs pel\u012btes, kas izgatavotas no iztur\u012bgiem materi\u0101liem. T\u0101 k\u0101 pel\u012btes ir pies\u016bcin\u0101tas ar ka\u0137um\u0113tru, tavas ka\u0137a rota\u013cas k\u013c\u016bst v\u0113l jautr\u0101kas! AFP Lambswool \u2013 Tr\u012bn\u012b\u0161i ar ka\u0137um\u0113tru pieejami da\u017e\u0101d\u0101s kr\u0101s\u0101s. Izm\u0113ri: 7 x 7 x 3 cm","og_url":"https:\/\/miumjau.ee\/lv\/produkts\/rotallieta-kakim-afp-lambswool-trinisi\/","og_site_name":"MiuMjau","article_publisher":"https:\/\/www.facebook.com\/miumjaupood\/","article_modified_time":"2026-01-19T05:13:27+00:00","og_image":[{"width":600,"height":800,"url":"https:\/\/miumjau.ee\/wp-content\/uploads\/2025\/12\/manguasi-kassile-triplets.jpg","type":"image\/jpeg"}],"twitter_card":"summary_large_image","schema":{"@context":"https:\/\/schema.org","@graph":[{"@type":"WebPage","@id":"https:\/\/miumjau.ee\/lv\/produkts\/rotallieta-kakim-afp-lambswool-trinisi\/","url":"https:\/\/miumjau.ee\/lv\/produkts\/rotallieta-kakim-afp-lambswool-trinisi\/","name":"Rota\u013clieta ka\u0137im AFP Lambswool \u2013 Tr\u012bn\u012b\u0161i - MiuMjau","isPartOf":{"@id":"https:\/\/miumjau.ee\/#website"},"primaryImageOfPage":{"@id":"https:\/\/miumjau.ee\/lv\/produkts\/rotallieta-kakim-afp-lambswool-trinisi\/#primaryimage"},"image":{"@id":"https:\/\/miumjau.ee\/lv\/produkts\/rotallieta-kakim-afp-lambswool-trinisi\/#primaryimage"},"thumbnailUrl":"https:\/\/miumjau.ee\/wp-content\/uploads\/2025\/12\/manguasi-kassile-triplets.jpg","datePublished":"2025-12-02T11:00:03+00:00","dateModified":"2026-01-19T05:13:27+00:00","breadcrumb":{"@id":"https:\/\/miumjau.ee\/lv\/produkts\/rotallieta-kakim-afp-lambswool-trinisi\/#breadcrumb"},"inLanguage":"lv-LV","potentialAction":[{"@type":"ReadAction","target":["https:\/\/miumjau.ee\/lv\/produkts\/rotallieta-kakim-afp-lambswool-trinisi\/"]}]},{"@type":"ImageObject","inLanguage":"lv-LV","@id":"https:\/\/miumjau.ee\/lv\/produkts\/rotallieta-kakim-afp-lambswool-trinisi\/#primaryimage","url":"https:\/\/miumjau.ee\/wp-content\/uploads\/2025\/12\/manguasi-kassile-triplets.jpg","contentUrl":"https:\/\/miumjau.ee\/wp-content\/uploads\/2025\/12\/manguasi-kassile-triplets.jpg","width":600,"height":800,"caption":"M\u00e4nguasi kassile AFP Lambswool - The Triplets"},{"@type":"BreadcrumbList","@id":"https:\/\/miumjau.ee\/lv\/produkts\/rotallieta-kakim-afp-lambswool-trinisi\/#breadcrumb","itemListElement":[{"@type":"ListItem","position":1,"name":"Home","item":"https:\/\/miumjau.ee\/lv\/"},{"@type":"ListItem","position":2,"name":"Veikals","item":"https:\/\/miumjau.ee\/lv\/veikals\/"},{"@type":"ListItem","position":3,"name":"Rota\u013clieta ka\u0137im AFP Lambswool \u2013 Tr\u012bn\u012b\u0161i"}]},{"@type":"WebSite","@id":"https:\/\/miumjau.ee\/#website","url":"https:\/\/miumjau.ee\/","name":"MiuMjau","description":"Kraapimispuud kassidele","publisher":{"@id":"https:\/\/miumjau.ee\/#organization"},"potentialAction":[{"@type":"SearchAction","target":{"@type":"EntryPoint","urlTemplate":"https:\/\/miumjau.ee\/?s={search_term_string}"},"query-input":{"@type":"PropertyValueSpecification","valueRequired":true,"valueName":"search_term_string"}}],"inLanguage":"lv-LV"},{"@type":"Organization","@id":"https:\/\/miumjau.ee\/#organization","name":"MiuMjau O\u00dc","url":"https:\/\/miumjau.ee\/","logo":{"@type":"ImageObject","inLanguage":"lv-LV","@id":"https:\/\/miumjau.ee\/#\/schema\/logo\/image\/","url":"https:\/\/miumjau.ee\/wp-content\/uploads\/2022\/04\/MiuMjau-logo-kollane.png","contentUrl":"https:\/\/miumjau.ee\/wp-content\/uploads\/2022\/04\/MiuMjau-logo-kollane.png","width":219,"height":100,"caption":"MiuMjau O\u00dc"},"image":{"@id":"https:\/\/miumjau.ee\/#\/schema\/logo\/image\/"},"sameAs":["https:\/\/www.facebook.com\/miumjaupood\/"]}]}},"_links":{"self":[{"href":"https:\/\/miumjau.ee\/lv\/wp-json\/wp\/v2\/product\/47105","targetHints":{"allow":["GET"]}}],"collection":[{"href":"https:\/\/miumjau.ee\/lv\/wp-json\/wp\/v2\/product"}],"about":[{"href":"https:\/\/miumjau.ee\/lv\/wp-json\/wp\/v2\/types\/product"}],"wp:featuredmedia":[{"embeddable":true,"href":"https:\/\/miumjau.ee\/lv\/wp-json\/wp\/v2\/media\/46593"}],"wp:attachment":[{"href":"https:\/\/miumjau.ee\/lv\/wp-json\/wp\/v2\/media?parent=47105"}],"wp:term":[{"taxonomy":"product_brand","embeddable":true,"href":"https:\/\/miumjau.ee\/lv\/wp-json\/wp\/v2\/product_brand?post=47105"},{"taxonomy":"product_cat","embeddable":true,"href":"https:\/\/miumjau.ee\/lv\/wp-json\/wp\/v2\/product_cat?post=47105"},{"taxonomy":"product_tag","embeddable":true,"href":"https:\/\/miumjau.ee\/lv\/wp-json\/wp\/v2\/product_tag?post=47105"}],"curies":[{"name":"wp","href":"https:\/\/api.w.org\/{rel}","templated":true}]}}