{"id":47095,"date":"2025-12-02T11:18:11","date_gmt":"2025-12-02T09:18:11","guid":{"rendered":"https:\/\/miumjau.ee\/toode\/nightwalk-gaisma-kakla-siksnai-zila\/"},"modified":"2026-01-07T21:22:05","modified_gmt":"2026-01-07T19:22:05","slug":"nightwalk-gaisma-kakla-siksnai-zila","status":"publish","type":"product","link":"https:\/\/miumjau.ee\/lv\/produkts\/nightwalk-gaisma-kakla-siksnai-zila\/","title":{"rendered":"Nightwalk gaisma kakla siksnai, zila"},"content":{"rendered":"","protected":false},"excerpt":{"rendered":"<p data-start=\"1259\" data-end=\"1355\">R\u016bp\u0113jies par sava su\u0146a dro\u0161\u012bbu ar\u012b tums\u0101! Gaismi\u0146a paredz\u0113ta piestiprin\u0101\u0161anai pie kakla siksnas.<\/p>\n<p data-start=\"1357\" data-end=\"1529\">Pieejami divi re\u017e\u012bmi: nep\u0101rtraukta gaisma vai mirgojo\u0161a gaisma. Komplekt\u0101 iek\u013cautas baterijas, kas darbojas l\u012bdz 100 stund\u0101m. Gaisma ir redzama l\u012bdz pat 200 metru att\u0101lum\u0101.<\/p>\n<p data-start=\"1531\" data-end=\"1650\">P\u0101rliecinies, ka suns ir labi redzams tum\u0161aj\u0101 laik\u0101 vai pel\u0113kaj\u0101s ziemas dien\u0101s. T\u0101 vari dro\u0161i pastaig\u0101ties ar\u012b kr\u0113sl\u0101!<\/p>\n","protected":false},"featured_media":46456,"template":"","meta":[],"product_brand":[],"product_cat":[560],"product_tag":[],"class_list":{"0":"post-47095","1":"product","2":"type-product","3":"status-publish","4":"has-post-thumbnail","6":"product_cat-kopsanas-lidzekli-suniem","8":"first","9":"instock","10":"taxable","11":"shipping-taxable","12":"purchasable","13":"product-type-simple"},"yoast_head":"<!-- This site is optimized with the Yoast SEO plugin v27.2 - https:\/\/yoast.com\/product\/yoast-seo-wordpress\/ -->\n<title>Nightwalk gaisma kakla siksnai, zila - MiuMjau<\/title>\n<meta name=\"robots\" content=\"index, follow, max-snippet:-1, max-image-preview:large, max-video-preview:-1\" \/>\n<link rel=\"canonical\" href=\"https:\/\/miumjau.ee\/lv\/produkts\/nightwalk-gaisma-kakla-siksnai-zila\/\" \/>\n<meta property=\"og:locale\" content=\"lv_LV\" \/>\n<meta property=\"og:type\" content=\"article\" \/>\n<meta property=\"og:title\" content=\"Nightwalk gaisma kakla siksnai, zila - MiuMjau\" \/>\n<meta property=\"og:description\" content=\"R\u016bp\u0113jies par sava su\u0146a dro\u0161\u012bbu ar\u012b tums\u0101! Gaismi\u0146a paredz\u0113ta piestiprin\u0101\u0161anai pie kakla siksnas. Pieejami divi re\u017e\u012bmi: nep\u0101rtraukta gaisma vai mirgojo\u0161a gaisma. Komplekt\u0101 iek\u013cautas baterijas, kas darbojas l\u012bdz 100 stund\u0101m. Gaisma ir redzama l\u012bdz pat 200 metru att\u0101lum\u0101. P\u0101rliecinies, ka suns ir labi redzams tum\u0161aj\u0101 laik\u0101 vai pel\u0113kaj\u0101s ziemas dien\u0101s. T\u0101 vari dro\u0161i pastaig\u0101ties ar\u012b kr\u0113sl\u0101!\" \/>\n<meta property=\"og:url\" content=\"https:\/\/miumjau.ee\/lv\/produkts\/nightwalk-gaisma-kakla-siksnai-zila\/\" \/>\n<meta property=\"og:site_name\" content=\"MiuMjau\" \/>\n<meta property=\"article:publisher\" content=\"https:\/\/www.facebook.com\/miumjaupood\/\" \/>\n<meta property=\"article:modified_time\" content=\"2026-01-07T19:22:05+00:00\" \/>\n<meta property=\"og:image\" content=\"https:\/\/miumjau.ee\/wp-content\/uploads\/2025\/12\/nightwalk-lamp-koerale3.jpg\" \/>\n\t<meta property=\"og:image:width\" content=\"600\" \/>\n\t<meta property=\"og:image:height\" content=\"800\" \/>\n\t<meta property=\"og:image:type\" content=\"image\/jpeg\" \/>\n<meta name=\"twitter:card\" content=\"summary_large_image\" \/>\n<script type=\"application\/ld+json\" class=\"yoast-schema-graph\">{\"@context\":\"https:\/\/schema.org\",\"@graph\":[{\"@type\":\"WebPage\",\"@id\":\"https:\/\/miumjau.ee\/lv\/produkts\/nightwalk-gaisma-kakla-siksnai-zila\/\",\"url\":\"https:\/\/miumjau.ee\/lv\/produkts\/nightwalk-gaisma-kakla-siksnai-zila\/\",\"name\":\"Nightwalk gaisma kakla siksnai, zila - MiuMjau\",\"isPartOf\":{\"@id\":\"https:\/\/miumjau.ee\/#website\"},\"primaryImageOfPage\":{\"@id\":\"https:\/\/miumjau.ee\/lv\/produkts\/nightwalk-gaisma-kakla-siksnai-zila\/#primaryimage\"},\"image\":{\"@id\":\"https:\/\/miumjau.ee\/lv\/produkts\/nightwalk-gaisma-kakla-siksnai-zila\/#primaryimage\"},\"thumbnailUrl\":\"https:\/\/miumjau.ee\/wp-content\/uploads\/2025\/12\/nightwalk-lamp-koerale3.jpg\",\"datePublished\":\"2025-12-02T09:18:11+00:00\",\"dateModified\":\"2026-01-07T19:22:05+00:00\",\"breadcrumb\":{\"@id\":\"https:\/\/miumjau.ee\/lv\/produkts\/nightwalk-gaisma-kakla-siksnai-zila\/#breadcrumb\"},\"inLanguage\":\"lv-LV\",\"potentialAction\":[{\"@type\":\"ReadAction\",\"target\":[\"https:\/\/miumjau.ee\/lv\/produkts\/nightwalk-gaisma-kakla-siksnai-zila\/\"]}]},{\"@type\":\"ImageObject\",\"inLanguage\":\"lv-LV\",\"@id\":\"https:\/\/miumjau.ee\/lv\/produkts\/nightwalk-gaisma-kakla-siksnai-zila\/#primaryimage\",\"url\":\"https:\/\/miumjau.ee\/wp-content\/uploads\/2025\/12\/nightwalk-lamp-koerale3.jpg\",\"contentUrl\":\"https:\/\/miumjau.ee\/wp-content\/uploads\/2025\/12\/nightwalk-lamp-koerale3.jpg\",\"width\":600,\"height\":800,\"caption\":\"Nightwalk valgustus kaelarihmale, sinine\"},{\"@type\":\"BreadcrumbList\",\"@id\":\"https:\/\/miumjau.ee\/lv\/produkts\/nightwalk-gaisma-kakla-siksnai-zila\/#breadcrumb\",\"itemListElement\":[{\"@type\":\"ListItem\",\"position\":1,\"name\":\"Home\",\"item\":\"https:\/\/miumjau.ee\/lv\/\"},{\"@type\":\"ListItem\",\"position\":2,\"name\":\"Veikals\",\"item\":\"https:\/\/miumjau.ee\/lv\/veikals\/\"},{\"@type\":\"ListItem\",\"position\":3,\"name\":\"Nightwalk gaisma kakla siksnai, zila\"}]},{\"@type\":\"WebSite\",\"@id\":\"https:\/\/miumjau.ee\/#website\",\"url\":\"https:\/\/miumjau.ee\/\",\"name\":\"MiuMjau\",\"description\":\"Kraapimispuud kassidele\",\"publisher\":{\"@id\":\"https:\/\/miumjau.ee\/#organization\"},\"potentialAction\":[{\"@type\":\"SearchAction\",\"target\":{\"@type\":\"EntryPoint\",\"urlTemplate\":\"https:\/\/miumjau.ee\/?s={search_term_string}\"},\"query-input\":{\"@type\":\"PropertyValueSpecification\",\"valueRequired\":true,\"valueName\":\"search_term_string\"}}],\"inLanguage\":\"lv-LV\"},{\"@type\":\"Organization\",\"@id\":\"https:\/\/miumjau.ee\/#organization\",\"name\":\"MiuMjau O\u00dc\",\"url\":\"https:\/\/miumjau.ee\/\",\"logo\":{\"@type\":\"ImageObject\",\"inLanguage\":\"lv-LV\",\"@id\":\"https:\/\/miumjau.ee\/#\/schema\/logo\/image\/\",\"url\":\"https:\/\/miumjau.ee\/wp-content\/uploads\/2022\/04\/MiuMjau-logo-kollane.png\",\"contentUrl\":\"https:\/\/miumjau.ee\/wp-content\/uploads\/2022\/04\/MiuMjau-logo-kollane.png\",\"width\":219,\"height\":100,\"caption\":\"MiuMjau O\u00dc\"},\"image\":{\"@id\":\"https:\/\/miumjau.ee\/#\/schema\/logo\/image\/\"},\"sameAs\":[\"https:\/\/www.facebook.com\/miumjaupood\/\"]}]}<\/script>\n<!-- \/ Yoast SEO plugin. -->","yoast_head_json":{"title":"Nightwalk gaisma kakla siksnai, zila - MiuMjau","robots":{"index":"index","follow":"follow","max-snippet":"max-snippet:-1","max-image-preview":"max-image-preview:large","max-video-preview":"max-video-preview:-1"},"canonical":"https:\/\/miumjau.ee\/lv\/produkts\/nightwalk-gaisma-kakla-siksnai-zila\/","og_locale":"lv_LV","og_type":"article","og_title":"Nightwalk gaisma kakla siksnai, zila - MiuMjau","og_description":"R\u016bp\u0113jies par sava su\u0146a dro\u0161\u012bbu ar\u012b tums\u0101! Gaismi\u0146a paredz\u0113ta piestiprin\u0101\u0161anai pie kakla siksnas. Pieejami divi re\u017e\u012bmi: nep\u0101rtraukta gaisma vai mirgojo\u0161a gaisma. Komplekt\u0101 iek\u013cautas baterijas, kas darbojas l\u012bdz 100 stund\u0101m. Gaisma ir redzama l\u012bdz pat 200 metru att\u0101lum\u0101. P\u0101rliecinies, ka suns ir labi redzams tum\u0161aj\u0101 laik\u0101 vai pel\u0113kaj\u0101s ziemas dien\u0101s. T\u0101 vari dro\u0161i pastaig\u0101ties ar\u012b kr\u0113sl\u0101!","og_url":"https:\/\/miumjau.ee\/lv\/produkts\/nightwalk-gaisma-kakla-siksnai-zila\/","og_site_name":"MiuMjau","article_publisher":"https:\/\/www.facebook.com\/miumjaupood\/","article_modified_time":"2026-01-07T19:22:05+00:00","og_image":[{"width":600,"height":800,"url":"https:\/\/miumjau.ee\/wp-content\/uploads\/2025\/12\/nightwalk-lamp-koerale3.jpg","type":"image\/jpeg"}],"twitter_card":"summary_large_image","schema":{"@context":"https:\/\/schema.org","@graph":[{"@type":"WebPage","@id":"https:\/\/miumjau.ee\/lv\/produkts\/nightwalk-gaisma-kakla-siksnai-zila\/","url":"https:\/\/miumjau.ee\/lv\/produkts\/nightwalk-gaisma-kakla-siksnai-zila\/","name":"Nightwalk gaisma kakla siksnai, zila - MiuMjau","isPartOf":{"@id":"https:\/\/miumjau.ee\/#website"},"primaryImageOfPage":{"@id":"https:\/\/miumjau.ee\/lv\/produkts\/nightwalk-gaisma-kakla-siksnai-zila\/#primaryimage"},"image":{"@id":"https:\/\/miumjau.ee\/lv\/produkts\/nightwalk-gaisma-kakla-siksnai-zila\/#primaryimage"},"thumbnailUrl":"https:\/\/miumjau.ee\/wp-content\/uploads\/2025\/12\/nightwalk-lamp-koerale3.jpg","datePublished":"2025-12-02T09:18:11+00:00","dateModified":"2026-01-07T19:22:05+00:00","breadcrumb":{"@id":"https:\/\/miumjau.ee\/lv\/produkts\/nightwalk-gaisma-kakla-siksnai-zila\/#breadcrumb"},"inLanguage":"lv-LV","potentialAction":[{"@type":"ReadAction","target":["https:\/\/miumjau.ee\/lv\/produkts\/nightwalk-gaisma-kakla-siksnai-zila\/"]}]},{"@type":"ImageObject","inLanguage":"lv-LV","@id":"https:\/\/miumjau.ee\/lv\/produkts\/nightwalk-gaisma-kakla-siksnai-zila\/#primaryimage","url":"https:\/\/miumjau.ee\/wp-content\/uploads\/2025\/12\/nightwalk-lamp-koerale3.jpg","contentUrl":"https:\/\/miumjau.ee\/wp-content\/uploads\/2025\/12\/nightwalk-lamp-koerale3.jpg","width":600,"height":800,"caption":"Nightwalk valgustus kaelarihmale, sinine"},{"@type":"BreadcrumbList","@id":"https:\/\/miumjau.ee\/lv\/produkts\/nightwalk-gaisma-kakla-siksnai-zila\/#breadcrumb","itemListElement":[{"@type":"ListItem","position":1,"name":"Home","item":"https:\/\/miumjau.ee\/lv\/"},{"@type":"ListItem","position":2,"name":"Veikals","item":"https:\/\/miumjau.ee\/lv\/veikals\/"},{"@type":"ListItem","position":3,"name":"Nightwalk gaisma kakla siksnai, zila"}]},{"@type":"WebSite","@id":"https:\/\/miumjau.ee\/#website","url":"https:\/\/miumjau.ee\/","name":"MiuMjau","description":"Kraapimispuud kassidele","publisher":{"@id":"https:\/\/miumjau.ee\/#organization"},"potentialAction":[{"@type":"SearchAction","target":{"@type":"EntryPoint","urlTemplate":"https:\/\/miumjau.ee\/?s={search_term_string}"},"query-input":{"@type":"PropertyValueSpecification","valueRequired":true,"valueName":"search_term_string"}}],"inLanguage":"lv-LV"},{"@type":"Organization","@id":"https:\/\/miumjau.ee\/#organization","name":"MiuMjau O\u00dc","url":"https:\/\/miumjau.ee\/","logo":{"@type":"ImageObject","inLanguage":"lv-LV","@id":"https:\/\/miumjau.ee\/#\/schema\/logo\/image\/","url":"https:\/\/miumjau.ee\/wp-content\/uploads\/2022\/04\/MiuMjau-logo-kollane.png","contentUrl":"https:\/\/miumjau.ee\/wp-content\/uploads\/2022\/04\/MiuMjau-logo-kollane.png","width":219,"height":100,"caption":"MiuMjau O\u00dc"},"image":{"@id":"https:\/\/miumjau.ee\/#\/schema\/logo\/image\/"},"sameAs":["https:\/\/www.facebook.com\/miumjaupood\/"]}]}},"_links":{"self":[{"href":"https:\/\/miumjau.ee\/lv\/wp-json\/wp\/v2\/product\/47095","targetHints":{"allow":["GET"]}}],"collection":[{"href":"https:\/\/miumjau.ee\/lv\/wp-json\/wp\/v2\/product"}],"about":[{"href":"https:\/\/miumjau.ee\/lv\/wp-json\/wp\/v2\/types\/product"}],"wp:featuredmedia":[{"embeddable":true,"href":"https:\/\/miumjau.ee\/lv\/wp-json\/wp\/v2\/media\/46456"}],"wp:attachment":[{"href":"https:\/\/miumjau.ee\/lv\/wp-json\/wp\/v2\/media?parent=47095"}],"wp:term":[{"taxonomy":"product_brand","embeddable":true,"href":"https:\/\/miumjau.ee\/lv\/wp-json\/wp\/v2\/product_brand?post=47095"},{"taxonomy":"product_cat","embeddable":true,"href":"https:\/\/miumjau.ee\/lv\/wp-json\/wp\/v2\/product_cat?post=47095"},{"taxonomy":"product_tag","embeddable":true,"href":"https:\/\/miumjau.ee\/lv\/wp-json\/wp\/v2\/product_tag?post=47095"}],"curies":[{"name":"wp","href":"https:\/\/api.w.org\/{rel}","templated":true}]}}