{"id":47079,"date":"2025-12-02T11:31:01","date_gmt":"2025-12-02T09:31:01","guid":{"rendered":"https:\/\/miumjau.ee\/toode\/goo-eez-lietusmetelis-ar-atstarotajiem-suniem-l\/"},"modified":"2026-01-07T21:22:05","modified_gmt":"2026-01-07T19:22:05","slug":"goo-eez-lietusmetelis-ar-atstarotajiem-suniem-l","status":"publish","type":"product","link":"https:\/\/miumjau.ee\/lv\/produkts\/goo-eez-lietusmetelis-ar-atstarotajiem-suniem-l\/","title":{"rendered":"Goo-eez lietusm\u0113telis ar atstarot\u0101jiem su\u0146iem, L"},"content":{"rendered":"","protected":false},"excerpt":{"rendered":"<p data-start=\"3044\" data-end=\"3328\">Goo-eez lietusm\u0113telis ir izstr\u0101d\u0101ts, lai nodro\u0161in\u0101tu \u0113rtu aizsardz\u012bbu tavam uzticamajam \u010detrk\u0101jainajam draugam pret v\u0113ju un laikapst\u0101k\u013ciem. M\u0113telis pasarg\u0101 no lietus, krusas un v\u0113ja, bet atstarojo\u0161\u0101s deta\u013cas pie\u0161\u0137ir stil\u012bgu izskatu un nodro\u0161ina su\u0146a redzam\u012bbu tums\u0101 un pel\u0113k\u0101s dien\u0101s.<\/p>\n<p data-start=\"3330\" data-end=\"3531\">Goo-eez izmanto materi\u0101lus, kas nodro\u0161ina ide\u0101lu piegul\u0161anu, saglab\u0101 \u0137erme\u0146a temperat\u016bru un blo\u0137\u0113 aukstu gaisu. Materi\u0101ls ir elast\u012bgs, un m\u0113telis ir viegli uzvelkams un novelkams. Audums nekairina \u0101du.<\/p>\n<p data-start=\"3533\" data-end=\"3690\"><strong data-start=\"3533\" data-end=\"3550\">Izm\u0113ru tabula<\/strong><br data-start=\"3550\" data-end=\"3553\" \/>Muguras garums tiek m\u0113r\u012bts no kakla l\u012bdz astes s\u0101kumam. Kr\u016b\u0161u apk\u0101rtm\u0113rs tiek m\u0113r\u012bts su\u0146a plat\u0101kaj\u0101 kr\u016b\u0161kurvja da\u013c\u0101 aiz priek\u0161\u0113j\u0101m k\u0101j\u0101m.<\/p>\n<p data-start=\"3692\" data-end=\"3904\">Izm\u0113rs | Muguras garums | Kr\u016b\u0161u apk\u0101rtm\u0113rs<br data-start=\"3734\" data-end=\"3737\" \/>XXS | 24 cm | 38\u201346 cm<br data-start=\"3759\" data-end=\"3762\" \/>XS | 29 cm | 43\u201351 cm<br data-start=\"3783\" data-end=\"3786\" \/>S | 40 cm | 48\u201356 cm<br data-start=\"3806\" data-end=\"3809\" \/>M | 45 cm | 53\u201364 cm<br data-start=\"3829\" data-end=\"3832\" \/>L | 52 cm | 61\u201374 cm<br data-start=\"3852\" data-end=\"3855\" \/>XL | 56 cm | 71\u201384 cm<br data-start=\"3876\" data-end=\"3879\" \/>XXL | 64 cm | 81\u2013102 cm<\/p>\n","protected":false},"featured_media":46472,"template":"","meta":[],"product_brand":[],"product_cat":[863],"product_tag":[],"class_list":{"0":"post-47079","1":"product","2":"type-product","3":"status-publish","4":"has-post-thumbnail","6":"product_cat-sunu-apgerbi-apavi","8":"first","9":"instock","10":"taxable","11":"shipping-taxable","12":"purchasable","13":"product-type-simple"},"yoast_head":"<!-- This site is optimized with the Yoast SEO plugin v27.4 - https:\/\/yoast.com\/product\/yoast-seo-wordpress\/ -->\n<title>Goo-eez lietusm\u0113telis ar atstarot\u0101jiem su\u0146iem, L - MiuMjau<\/title>\n<meta name=\"robots\" content=\"index, follow, max-snippet:-1, max-image-preview:large, max-video-preview:-1\" \/>\n<link rel=\"canonical\" href=\"https:\/\/miumjau.ee\/lv\/produkts\/goo-eez-lietusmetelis-ar-atstarotajiem-suniem-l\/\" \/>\n<meta property=\"og:locale\" content=\"lv_LV\" \/>\n<meta property=\"og:type\" content=\"article\" \/>\n<meta property=\"og:title\" content=\"Goo-eez lietusm\u0113telis ar atstarot\u0101jiem su\u0146iem, L - MiuMjau\" \/>\n<meta property=\"og:description\" content=\"Goo-eez lietusm\u0113telis ir izstr\u0101d\u0101ts, lai nodro\u0161in\u0101tu \u0113rtu aizsardz\u012bbu tavam uzticamajam \u010detrk\u0101jainajam draugam pret v\u0113ju un laikapst\u0101k\u013ciem. M\u0113telis pasarg\u0101 no lietus, krusas un v\u0113ja, bet atstarojo\u0161\u0101s deta\u013cas pie\u0161\u0137ir stil\u012bgu izskatu un nodro\u0161ina su\u0146a redzam\u012bbu tums\u0101 un pel\u0113k\u0101s dien\u0101s. Goo-eez izmanto materi\u0101lus, kas nodro\u0161ina ide\u0101lu piegul\u0161anu, saglab\u0101 \u0137erme\u0146a temperat\u016bru un blo\u0137\u0113 aukstu gaisu. Materi\u0101ls ir elast\u012bgs, un m\u0113telis ir viegli uzvelkams un novelkams. Audums nekairina \u0101du. Izm\u0113ru tabulaMuguras garums tiek m\u0113r\u012bts no kakla l\u012bdz astes s\u0101kumam. Kr\u016b\u0161u apk\u0101rtm\u0113rs tiek m\u0113r\u012bts su\u0146a plat\u0101kaj\u0101 kr\u016b\u0161kurvja da\u013c\u0101 aiz priek\u0161\u0113j\u0101m k\u0101j\u0101m. Izm\u0113rs | Muguras garums | Kr\u016b\u0161u apk\u0101rtm\u0113rsXXS | 24 cm | 38\u201346 cmXS | 29 cm | 43\u201351 cmS | 40 cm | 48\u201356 cmM | 45 cm | 53\u201364 cmL | 52 cm | 61\u201374 cmXL | 56 cm | 71\u201384 cmXXL | 64 cm | 81\u2013102 cm\" \/>\n<meta property=\"og:url\" content=\"https:\/\/miumjau.ee\/lv\/produkts\/goo-eez-lietusmetelis-ar-atstarotajiem-suniem-l\/\" \/>\n<meta property=\"og:site_name\" content=\"MiuMjau\" \/>\n<meta property=\"article:publisher\" content=\"https:\/\/www.facebook.com\/miumjaupood\/\" \/>\n<meta property=\"article:modified_time\" content=\"2026-01-07T19:22:05+00:00\" \/>\n<meta property=\"og:image\" content=\"https:\/\/miumjau.ee\/wp-content\/uploads\/2025\/12\/vihamjope-koertele-gooeez3.jpg\" \/>\n\t<meta property=\"og:image:width\" content=\"600\" \/>\n\t<meta property=\"og:image:height\" content=\"800\" \/>\n\t<meta property=\"og:image:type\" content=\"image\/jpeg\" \/>\n<meta name=\"twitter:card\" content=\"summary_large_image\" \/>\n<script type=\"application\/ld+json\" class=\"yoast-schema-graph\">{\"@context\":\"https:\\\/\\\/schema.org\",\"@graph\":[{\"@type\":\"WebPage\",\"@id\":\"https:\\\/\\\/miumjau.ee\\\/lv\\\/produkts\\\/goo-eez-lietusmetelis-ar-atstarotajiem-suniem-l\\\/\",\"url\":\"https:\\\/\\\/miumjau.ee\\\/lv\\\/produkts\\\/goo-eez-lietusmetelis-ar-atstarotajiem-suniem-l\\\/\",\"name\":\"Goo-eez lietusm\u0113telis ar atstarot\u0101jiem su\u0146iem, L - MiuMjau\",\"isPartOf\":{\"@id\":\"https:\\\/\\\/miumjau.ee\\\/#website\"},\"primaryImageOfPage\":{\"@id\":\"https:\\\/\\\/miumjau.ee\\\/lv\\\/produkts\\\/goo-eez-lietusmetelis-ar-atstarotajiem-suniem-l\\\/#primaryimage\"},\"image\":{\"@id\":\"https:\\\/\\\/miumjau.ee\\\/lv\\\/produkts\\\/goo-eez-lietusmetelis-ar-atstarotajiem-suniem-l\\\/#primaryimage\"},\"thumbnailUrl\":\"https:\\\/\\\/miumjau.ee\\\/wp-content\\\/uploads\\\/2025\\\/12\\\/vihamjope-koertele-gooeez3.jpg\",\"datePublished\":\"2025-12-02T09:31:01+00:00\",\"dateModified\":\"2026-01-07T19:22:05+00:00\",\"breadcrumb\":{\"@id\":\"https:\\\/\\\/miumjau.ee\\\/lv\\\/produkts\\\/goo-eez-lietusmetelis-ar-atstarotajiem-suniem-l\\\/#breadcrumb\"},\"inLanguage\":\"lv-LV\",\"potentialAction\":[{\"@type\":\"ReadAction\",\"target\":[\"https:\\\/\\\/miumjau.ee\\\/lv\\\/produkts\\\/goo-eez-lietusmetelis-ar-atstarotajiem-suniem-l\\\/\"]}]},{\"@type\":\"ImageObject\",\"inLanguage\":\"lv-LV\",\"@id\":\"https:\\\/\\\/miumjau.ee\\\/lv\\\/produkts\\\/goo-eez-lietusmetelis-ar-atstarotajiem-suniem-l\\\/#primaryimage\",\"url\":\"https:\\\/\\\/miumjau.ee\\\/wp-content\\\/uploads\\\/2025\\\/12\\\/vihamjope-koertele-gooeez3.jpg\",\"contentUrl\":\"https:\\\/\\\/miumjau.ee\\\/wp-content\\\/uploads\\\/2025\\\/12\\\/vihamjope-koertele-gooeez3.jpg\",\"width\":600,\"height\":800,\"caption\":\"Goo-eez helkuritega vihmajope koertele, XS\"},{\"@type\":\"BreadcrumbList\",\"@id\":\"https:\\\/\\\/miumjau.ee\\\/lv\\\/produkts\\\/goo-eez-lietusmetelis-ar-atstarotajiem-suniem-l\\\/#breadcrumb\",\"itemListElement\":[{\"@type\":\"ListItem\",\"position\":1,\"name\":\"Home\",\"item\":\"https:\\\/\\\/miumjau.ee\\\/lv\\\/\"},{\"@type\":\"ListItem\",\"position\":2,\"name\":\"Veikals\",\"item\":\"https:\\\/\\\/miumjau.ee\\\/lv\\\/veikals\\\/\"},{\"@type\":\"ListItem\",\"position\":3,\"name\":\"Goo-eez lietusm\u0113telis ar atstarot\u0101jiem su\u0146iem, L\"}]},{\"@type\":\"WebSite\",\"@id\":\"https:\\\/\\\/miumjau.ee\\\/#website\",\"url\":\"https:\\\/\\\/miumjau.ee\\\/\",\"name\":\"MiuMjau\",\"description\":\"Kraapimispuud kassidele\",\"publisher\":{\"@id\":\"https:\\\/\\\/miumjau.ee\\\/#organization\"},\"potentialAction\":[{\"@type\":\"SearchAction\",\"target\":{\"@type\":\"EntryPoint\",\"urlTemplate\":\"https:\\\/\\\/miumjau.ee\\\/?s={search_term_string}\"},\"query-input\":{\"@type\":\"PropertyValueSpecification\",\"valueRequired\":true,\"valueName\":\"search_term_string\"}}],\"inLanguage\":\"lv-LV\"},{\"@type\":\"Organization\",\"@id\":\"https:\\\/\\\/miumjau.ee\\\/#organization\",\"name\":\"MiuMjau O\u00dc\",\"url\":\"https:\\\/\\\/miumjau.ee\\\/\",\"logo\":{\"@type\":\"ImageObject\",\"inLanguage\":\"lv-LV\",\"@id\":\"https:\\\/\\\/miumjau.ee\\\/#\\\/schema\\\/logo\\\/image\\\/\",\"url\":\"https:\\\/\\\/miumjau.ee\\\/wp-content\\\/uploads\\\/2022\\\/04\\\/MiuMjau-logo-kollane.png\",\"contentUrl\":\"https:\\\/\\\/miumjau.ee\\\/wp-content\\\/uploads\\\/2022\\\/04\\\/MiuMjau-logo-kollane.png\",\"width\":219,\"height\":100,\"caption\":\"MiuMjau O\u00dc\"},\"image\":{\"@id\":\"https:\\\/\\\/miumjau.ee\\\/#\\\/schema\\\/logo\\\/image\\\/\"},\"sameAs\":[\"https:\\\/\\\/www.facebook.com\\\/miumjaupood\\\/\"]}]}<\/script>\n<!-- \/ Yoast SEO plugin. -->","yoast_head_json":{"title":"Goo-eez lietusm\u0113telis ar atstarot\u0101jiem su\u0146iem, L - MiuMjau","robots":{"index":"index","follow":"follow","max-snippet":"max-snippet:-1","max-image-preview":"max-image-preview:large","max-video-preview":"max-video-preview:-1"},"canonical":"https:\/\/miumjau.ee\/lv\/produkts\/goo-eez-lietusmetelis-ar-atstarotajiem-suniem-l\/","og_locale":"lv_LV","og_type":"article","og_title":"Goo-eez lietusm\u0113telis ar atstarot\u0101jiem su\u0146iem, L - MiuMjau","og_description":"Goo-eez lietusm\u0113telis ir izstr\u0101d\u0101ts, lai nodro\u0161in\u0101tu \u0113rtu aizsardz\u012bbu tavam uzticamajam \u010detrk\u0101jainajam draugam pret v\u0113ju un laikapst\u0101k\u013ciem. M\u0113telis pasarg\u0101 no lietus, krusas un v\u0113ja, bet atstarojo\u0161\u0101s deta\u013cas pie\u0161\u0137ir stil\u012bgu izskatu un nodro\u0161ina su\u0146a redzam\u012bbu tums\u0101 un pel\u0113k\u0101s dien\u0101s. Goo-eez izmanto materi\u0101lus, kas nodro\u0161ina ide\u0101lu piegul\u0161anu, saglab\u0101 \u0137erme\u0146a temperat\u016bru un blo\u0137\u0113 aukstu gaisu. Materi\u0101ls ir elast\u012bgs, un m\u0113telis ir viegli uzvelkams un novelkams. Audums nekairina \u0101du. Izm\u0113ru tabulaMuguras garums tiek m\u0113r\u012bts no kakla l\u012bdz astes s\u0101kumam. Kr\u016b\u0161u apk\u0101rtm\u0113rs tiek m\u0113r\u012bts su\u0146a plat\u0101kaj\u0101 kr\u016b\u0161kurvja da\u013c\u0101 aiz priek\u0161\u0113j\u0101m k\u0101j\u0101m. Izm\u0113rs | Muguras garums | Kr\u016b\u0161u apk\u0101rtm\u0113rsXXS | 24 cm | 38\u201346 cmXS | 29 cm | 43\u201351 cmS | 40 cm | 48\u201356 cmM | 45 cm | 53\u201364 cmL | 52 cm | 61\u201374 cmXL | 56 cm | 71\u201384 cmXXL | 64 cm | 81\u2013102 cm","og_url":"https:\/\/miumjau.ee\/lv\/produkts\/goo-eez-lietusmetelis-ar-atstarotajiem-suniem-l\/","og_site_name":"MiuMjau","article_publisher":"https:\/\/www.facebook.com\/miumjaupood\/","article_modified_time":"2026-01-07T19:22:05+00:00","og_image":[{"width":600,"height":800,"url":"https:\/\/miumjau.ee\/wp-content\/uploads\/2025\/12\/vihamjope-koertele-gooeez3.jpg","type":"image\/jpeg"}],"twitter_card":"summary_large_image","schema":{"@context":"https:\/\/schema.org","@graph":[{"@type":"WebPage","@id":"https:\/\/miumjau.ee\/lv\/produkts\/goo-eez-lietusmetelis-ar-atstarotajiem-suniem-l\/","url":"https:\/\/miumjau.ee\/lv\/produkts\/goo-eez-lietusmetelis-ar-atstarotajiem-suniem-l\/","name":"Goo-eez lietusm\u0113telis ar atstarot\u0101jiem su\u0146iem, L - MiuMjau","isPartOf":{"@id":"https:\/\/miumjau.ee\/#website"},"primaryImageOfPage":{"@id":"https:\/\/miumjau.ee\/lv\/produkts\/goo-eez-lietusmetelis-ar-atstarotajiem-suniem-l\/#primaryimage"},"image":{"@id":"https:\/\/miumjau.ee\/lv\/produkts\/goo-eez-lietusmetelis-ar-atstarotajiem-suniem-l\/#primaryimage"},"thumbnailUrl":"https:\/\/miumjau.ee\/wp-content\/uploads\/2025\/12\/vihamjope-koertele-gooeez3.jpg","datePublished":"2025-12-02T09:31:01+00:00","dateModified":"2026-01-07T19:22:05+00:00","breadcrumb":{"@id":"https:\/\/miumjau.ee\/lv\/produkts\/goo-eez-lietusmetelis-ar-atstarotajiem-suniem-l\/#breadcrumb"},"inLanguage":"lv-LV","potentialAction":[{"@type":"ReadAction","target":["https:\/\/miumjau.ee\/lv\/produkts\/goo-eez-lietusmetelis-ar-atstarotajiem-suniem-l\/"]}]},{"@type":"ImageObject","inLanguage":"lv-LV","@id":"https:\/\/miumjau.ee\/lv\/produkts\/goo-eez-lietusmetelis-ar-atstarotajiem-suniem-l\/#primaryimage","url":"https:\/\/miumjau.ee\/wp-content\/uploads\/2025\/12\/vihamjope-koertele-gooeez3.jpg","contentUrl":"https:\/\/miumjau.ee\/wp-content\/uploads\/2025\/12\/vihamjope-koertele-gooeez3.jpg","width":600,"height":800,"caption":"Goo-eez helkuritega vihmajope koertele, XS"},{"@type":"BreadcrumbList","@id":"https:\/\/miumjau.ee\/lv\/produkts\/goo-eez-lietusmetelis-ar-atstarotajiem-suniem-l\/#breadcrumb","itemListElement":[{"@type":"ListItem","position":1,"name":"Home","item":"https:\/\/miumjau.ee\/lv\/"},{"@type":"ListItem","position":2,"name":"Veikals","item":"https:\/\/miumjau.ee\/lv\/veikals\/"},{"@type":"ListItem","position":3,"name":"Goo-eez lietusm\u0113telis ar atstarot\u0101jiem su\u0146iem, L"}]},{"@type":"WebSite","@id":"https:\/\/miumjau.ee\/#website","url":"https:\/\/miumjau.ee\/","name":"MiuMjau","description":"Kraapimispuud kassidele","publisher":{"@id":"https:\/\/miumjau.ee\/#organization"},"potentialAction":[{"@type":"SearchAction","target":{"@type":"EntryPoint","urlTemplate":"https:\/\/miumjau.ee\/?s={search_term_string}"},"query-input":{"@type":"PropertyValueSpecification","valueRequired":true,"valueName":"search_term_string"}}],"inLanguage":"lv-LV"},{"@type":"Organization","@id":"https:\/\/miumjau.ee\/#organization","name":"MiuMjau O\u00dc","url":"https:\/\/miumjau.ee\/","logo":{"@type":"ImageObject","inLanguage":"lv-LV","@id":"https:\/\/miumjau.ee\/#\/schema\/logo\/image\/","url":"https:\/\/miumjau.ee\/wp-content\/uploads\/2022\/04\/MiuMjau-logo-kollane.png","contentUrl":"https:\/\/miumjau.ee\/wp-content\/uploads\/2022\/04\/MiuMjau-logo-kollane.png","width":219,"height":100,"caption":"MiuMjau O\u00dc"},"image":{"@id":"https:\/\/miumjau.ee\/#\/schema\/logo\/image\/"},"sameAs":["https:\/\/www.facebook.com\/miumjaupood\/"]}]}},"_links":{"self":[{"href":"https:\/\/miumjau.ee\/lv\/wp-json\/wp\/v2\/product\/47079","targetHints":{"allow":["GET"]}}],"collection":[{"href":"https:\/\/miumjau.ee\/lv\/wp-json\/wp\/v2\/product"}],"about":[{"href":"https:\/\/miumjau.ee\/lv\/wp-json\/wp\/v2\/types\/product"}],"wp:featuredmedia":[{"embeddable":true,"href":"https:\/\/miumjau.ee\/lv\/wp-json\/wp\/v2\/media\/46472"}],"wp:attachment":[{"href":"https:\/\/miumjau.ee\/lv\/wp-json\/wp\/v2\/media?parent=47079"}],"wp:term":[{"taxonomy":"product_brand","embeddable":true,"href":"https:\/\/miumjau.ee\/lv\/wp-json\/wp\/v2\/product_brand?post=47079"},{"taxonomy":"product_cat","embeddable":true,"href":"https:\/\/miumjau.ee\/lv\/wp-json\/wp\/v2\/product_cat?post=47079"},{"taxonomy":"product_tag","embeddable":true,"href":"https:\/\/miumjau.ee\/lv\/wp-json\/wp\/v2\/product_tag?post=47079"}],"curies":[{"name":"wp","href":"https:\/\/api.w.org\/{rel}","templated":true}]}}